{"id":9389,"date":"2020-12-06T12:18:50","date_gmt":"2020-12-06T11:18:50","guid":{"rendered":"https:\/\/www.xunzel.com\/store\/producto\/iscc-au-5a-12v-xunzel\/"},"modified":"2024-12-19T13:45:08","modified_gmt":"2024-12-19T12:45:08","slug":"iscc-au-5a-12v","status":"publish","type":"product","link":"https:\/\/www.xunzel.com\/store\/producto\/iscc-au-5a-12v\/","title":{"rendered":"iSCC-AU 5A 12V"},"content":{"rendered":"<p>iSCC-AU 5A-12V XUNZEL. Controlador de carga y descarga solar programables de alta eficiencia. Protege la bater\u00eda de sobrecargas y de descargas profundas. Prolonga la vida de tus bater\u00edas. Dise\u00f1ado para sistemas fotovoltaicos de 12V. Seguro y fiable.<br \/>\nApto para diferentes tecnolog\u00edas de bater\u00edas (\u00e1cido-plomo, AGM, GEL, abiertas y Calcio).<br \/>\nPara aplicaciones fotovoltaicas aisladas (Off-Grid) y Off-Shore, respaldo, UPS y backup&#8230;<\/p>\n<p>Ideal para paneles solares fotovoltaicos hasta 80W.<br \/>\nCon salida USB 5V-2100mA para carga directa de dispositivos electr\u00f3nicos.<br \/>\nLEDs para lectura clara de estado y programaci\u00f3n f\u00e1cil y r\u00e1pida.<br \/>\nModos de operaci\u00f3n programables: Modo manual y modo autom\u00e1tico (d\u00eda\/noche).<br \/>\nMuy bajo auto-consumo. Sistema de compensaci\u00f3n de temperatura integrado.<\/p>\n<p>Protecciones autom\u00e1ticas electr\u00f3nicas completas: contra polaridad inversa, cortocircuito, sobre corriente, corriente inversa, sobrevoltaje, bajo voltaje, sobre temperatura.<\/p>\n<p>Salida de 12V para la alimentaci\u00f3n de cargas DC directamente y de forma eficiente ya que no se necesita un inversor. Por ejemplo: LED NATURE Series y GALAXXI Series de XUNZEL.<\/p>\n<p>M\u00e1xima secci\u00f3n de cable admitida: 2.5mm\u00b2<\/p>\n","protected":false},"excerpt":{"rendered":"<p>Controlador de Carga y Descarga Solar Digital Avanzado 5A 12V para carga de bater\u00edas de 12V de Plomo \u00c1cido (AGM, Gel, L\u00edquido) y Calcio. Protege sus bater\u00edas contra la sobrecarga y descarga.<\/p>\n<p>Panel solar fotovoltaico hasta 80W (12V).<\/p>\n<p>Con LEDs f\u00e1ciles de interpretar. Programable: Manual o Autom\u00e1tico (Nocturno. Crepuscular).<\/p>\n<p>Muy alta eficiencia y muy bajo auto-consumo. Con algoritmo propio de compensaci\u00f3n de temperatura para una mejor carga y mayor duraci\u00f3n de la bater\u00eda.<\/p>\n<p>Salida para alimentar cargas a 12VCC y salida USB 2.1A-5V.<\/p>\n<p><span class=\"shared-files-shortcode-admin-list shared-files-shortcode-admin-list-file shared-files-shortcode-9880\" title=\"[shared_files file_id=9880]\">[shared_files file_id=9880]<\/span><\/p>\n","protected":false},"featured_media":9684,"template":"","meta":{"_acf_changed":false},"product_brand":[],"product_cat":[102],"product_tag":[],"class_list":{"0":"post-9389","1":"product","2":"type-product","3":"status-publish","4":"has-post-thumbnail","6":"product_cat-iscc-series-controladores","8":"first","9":"instock","10":"taxable","11":"shipping-taxable","12":"purchasable","13":"product-type-simple"},"acf":[],"yoast_head":"<!-- This site is optimized with the Yoast SEO plugin v25.4 - https:\/\/yoast.com\/wordpress\/plugins\/seo\/ -->\n<title>iSCC-AU 5A 12V &#8211; Xunzel<\/title>\n<meta name=\"robots\" content=\"index, follow, max-snippet:-1, max-image-preview:large, max-video-preview:-1\" \/>\n<link rel=\"canonical\" href=\"https:\/\/www.xunzel.com\/store\/producto\/iscc-au-5a-12v\/\" \/>\n<meta property=\"og:locale\" content=\"es_ES\" \/>\n<meta property=\"og:type\" content=\"article\" \/>\n<meta property=\"og:title\" content=\"iSCC-AU 5A 12V &#8211; Xunzel\" \/>\n<meta property=\"og:description\" content=\"Controlador de Carga y Descarga Solar Digital Avanzado 5A 12V para carga de bater\u00edas de 12V de Plomo \u00c1cido (AGM, Gel, L\u00edquido) y Calcio. Protege sus bater\u00edas contra la sobrecarga y descarga.  Panel solar fotovoltaico hasta 80W (12V).  Con LEDs f\u00e1ciles de interpretar. Programable: Manual o Autom\u00e1tico (Nocturno. Crepuscular).  Muy alta eficiencia y muy bajo auto-consumo. Con algoritmo propio de compensaci\u00f3n de temperatura para una mejor carga y mayor duraci\u00f3n de la bater\u00eda.  Salida para alimentar cargas a 12VCC y salida USB 2.1A-5V.\" \/>\n<meta property=\"og:url\" content=\"https:\/\/www.xunzel.com\/store\/producto\/iscc-au-5a-12v\/\" \/>\n<meta property=\"og:site_name\" content=\"Xunzel\" \/>\n<meta property=\"article:modified_time\" content=\"2024-12-19T12:45:08+00:00\" \/>\n<meta property=\"og:image\" content=\"https:\/\/www.xunzel.com\/store\/wp-content\/uploads\/2020\/12\/1-ISCC-AU_5_iso-1.jpg\" \/>\n\t<meta property=\"og:image:width\" content=\"1100\" \/>\n\t<meta property=\"og:image:height\" content=\"1110\" \/>\n\t<meta property=\"og:image:type\" content=\"image\/jpeg\" \/>\n<meta name=\"twitter:card\" content=\"summary_large_image\" \/>\n<meta name=\"twitter:label1\" content=\"Tiempo de lectura\" \/>\n\t<meta name=\"twitter:data1\" content=\"1 minuto\" \/>\n<script type=\"application\/ld+json\" class=\"yoast-schema-graph\">{\"@context\":\"https:\/\/schema.org\",\"@graph\":[{\"@type\":\"WebPage\",\"@id\":\"https:\/\/www.xunzel.com\/store\/producto\/iscc-au-5a-12v\/\",\"url\":\"https:\/\/www.xunzel.com\/store\/producto\/iscc-au-5a-12v\/\",\"name\":\"iSCC-AU 5A 12V &#8211; Xunzel\",\"isPartOf\":{\"@id\":\"https:\/\/www.xunzel.com\/store\/#website\"},\"primaryImageOfPage\":{\"@id\":\"https:\/\/www.xunzel.com\/store\/producto\/iscc-au-5a-12v\/#primaryimage\"},\"image\":{\"@id\":\"https:\/\/www.xunzel.com\/store\/producto\/iscc-au-5a-12v\/#primaryimage\"},\"thumbnailUrl\":\"https:\/\/www.xunzel.com\/store\/wp-content\/uploads\/2020\/12\/1-ISCC-AU_5_iso-1.jpg\",\"datePublished\":\"2020-12-06T11:18:50+00:00\",\"dateModified\":\"2024-12-19T12:45:08+00:00\",\"breadcrumb\":{\"@id\":\"https:\/\/www.xunzel.com\/store\/producto\/iscc-au-5a-12v\/#breadcrumb\"},\"inLanguage\":\"es\",\"potentialAction\":[{\"@type\":\"ReadAction\",\"target\":[\"https:\/\/www.xunzel.com\/store\/producto\/iscc-au-5a-12v\/\"]}]},{\"@type\":\"ImageObject\",\"inLanguage\":\"es\",\"@id\":\"https:\/\/www.xunzel.com\/store\/producto\/iscc-au-5a-12v\/#primaryimage\",\"url\":\"https:\/\/www.xunzel.com\/store\/wp-content\/uploads\/2020\/12\/1-ISCC-AU_5_iso-1.jpg\",\"contentUrl\":\"https:\/\/www.xunzel.com\/store\/wp-content\/uploads\/2020\/12\/1-ISCC-AU_5_iso-1.jpg\",\"width\":1100,\"height\":1110},{\"@type\":\"BreadcrumbList\",\"@id\":\"https:\/\/www.xunzel.com\/store\/producto\/iscc-au-5a-12v\/#breadcrumb\",\"itemListElement\":[{\"@type\":\"ListItem\",\"position\":1,\"name\":\"Portada\",\"item\":\"https:\/\/www.xunzel.com\/store\/\"},{\"@type\":\"ListItem\",\"position\":2,\"name\":\"Tienda\",\"item\":\"https:\/\/www.xunzel.com\/store\/tienda\/\"},{\"@type\":\"ListItem\",\"position\":3,\"name\":\"iSCC-AU 5A 12V\"}]},{\"@type\":\"WebSite\",\"@id\":\"https:\/\/www.xunzel.com\/store\/#website\",\"url\":\"https:\/\/www.xunzel.com\/store\/\",\"name\":\"Xunzel\",\"description\":\"Energy in a box - The Electric Revolution\",\"publisher\":{\"@id\":\"https:\/\/www.xunzel.com\/store\/#organization\"},\"potentialAction\":[{\"@type\":\"SearchAction\",\"target\":{\"@type\":\"EntryPoint\",\"urlTemplate\":\"https:\/\/www.xunzel.com\/store\/?s={search_term_string}\"},\"query-input\":{\"@type\":\"PropertyValueSpecification\",\"valueRequired\":true,\"valueName\":\"search_term_string\"}}],\"inLanguage\":\"es\"},{\"@type\":\"Organization\",\"@id\":\"https:\/\/www.xunzel.com\/store\/#organization\",\"name\":\"Xunzel\",\"url\":\"https:\/\/www.xunzel.com\/store\/\",\"logo\":{\"@type\":\"ImageObject\",\"inLanguage\":\"es\",\"@id\":\"https:\/\/www.xunzel.com\/store\/#\/schema\/logo\/image\/\",\"url\":\"https:\/\/www.xunzel.com\/store\/wp-content\/uploads\/2021\/01\/logo-xunzel-footer.png\",\"contentUrl\":\"https:\/\/www.xunzel.com\/store\/wp-content\/uploads\/2021\/01\/logo-xunzel-footer.png\",\"width\":280,\"height\":52,\"caption\":\"Xunzel\"},\"image\":{\"@id\":\"https:\/\/www.xunzel.com\/store\/#\/schema\/logo\/image\/\"}}]}<\/script>\n<!-- \/ Yoast SEO plugin. -->","yoast_head_json":{"title":"iSCC-AU 5A 12V &#8211; Xunzel","robots":{"index":"index","follow":"follow","max-snippet":"max-snippet:-1","max-image-preview":"max-image-preview:large","max-video-preview":"max-video-preview:-1"},"canonical":"https:\/\/www.xunzel.com\/store\/producto\/iscc-au-5a-12v\/","og_locale":"es_ES","og_type":"article","og_title":"iSCC-AU 5A 12V &#8211; Xunzel","og_description":"Controlador de Carga y Descarga Solar Digital Avanzado 5A 12V para carga de bater\u00edas de 12V de Plomo \u00c1cido (AGM, Gel, L\u00edquido) y Calcio. Protege sus bater\u00edas contra la sobrecarga y descarga.  Panel solar fotovoltaico hasta 80W (12V).  Con LEDs f\u00e1ciles de interpretar. Programable: Manual o Autom\u00e1tico (Nocturno. Crepuscular).  Muy alta eficiencia y muy bajo auto-consumo. Con algoritmo propio de compensaci\u00f3n de temperatura para una mejor carga y mayor duraci\u00f3n de la bater\u00eda.  Salida para alimentar cargas a 12VCC y salida USB 2.1A-5V.","og_url":"https:\/\/www.xunzel.com\/store\/producto\/iscc-au-5a-12v\/","og_site_name":"Xunzel","article_modified_time":"2024-12-19T12:45:08+00:00","og_image":[{"width":1100,"height":1110,"url":"https:\/\/www.xunzel.com\/store\/wp-content\/uploads\/2020\/12\/1-ISCC-AU_5_iso-1.jpg","type":"image\/jpeg"}],"twitter_card":"summary_large_image","twitter_misc":{"Tiempo de lectura":"1 minuto"},"schema":{"@context":"https:\/\/schema.org","@graph":[{"@type":"WebPage","@id":"https:\/\/www.xunzel.com\/store\/producto\/iscc-au-5a-12v\/","url":"https:\/\/www.xunzel.com\/store\/producto\/iscc-au-5a-12v\/","name":"iSCC-AU 5A 12V &#8211; Xunzel","isPartOf":{"@id":"https:\/\/www.xunzel.com\/store\/#website"},"primaryImageOfPage":{"@id":"https:\/\/www.xunzel.com\/store\/producto\/iscc-au-5a-12v\/#primaryimage"},"image":{"@id":"https:\/\/www.xunzel.com\/store\/producto\/iscc-au-5a-12v\/#primaryimage"},"thumbnailUrl":"https:\/\/www.xunzel.com\/store\/wp-content\/uploads\/2020\/12\/1-ISCC-AU_5_iso-1.jpg","datePublished":"2020-12-06T11:18:50+00:00","dateModified":"2024-12-19T12:45:08+00:00","breadcrumb":{"@id":"https:\/\/www.xunzel.com\/store\/producto\/iscc-au-5a-12v\/#breadcrumb"},"inLanguage":"es","potentialAction":[{"@type":"ReadAction","target":["https:\/\/www.xunzel.com\/store\/producto\/iscc-au-5a-12v\/"]}]},{"@type":"ImageObject","inLanguage":"es","@id":"https:\/\/www.xunzel.com\/store\/producto\/iscc-au-5a-12v\/#primaryimage","url":"https:\/\/www.xunzel.com\/store\/wp-content\/uploads\/2020\/12\/1-ISCC-AU_5_iso-1.jpg","contentUrl":"https:\/\/www.xunzel.com\/store\/wp-content\/uploads\/2020\/12\/1-ISCC-AU_5_iso-1.jpg","width":1100,"height":1110},{"@type":"BreadcrumbList","@id":"https:\/\/www.xunzel.com\/store\/producto\/iscc-au-5a-12v\/#breadcrumb","itemListElement":[{"@type":"ListItem","position":1,"name":"Portada","item":"https:\/\/www.xunzel.com\/store\/"},{"@type":"ListItem","position":2,"name":"Tienda","item":"https:\/\/www.xunzel.com\/store\/tienda\/"},{"@type":"ListItem","position":3,"name":"iSCC-AU 5A 12V"}]},{"@type":"WebSite","@id":"https:\/\/www.xunzel.com\/store\/#website","url":"https:\/\/www.xunzel.com\/store\/","name":"Xunzel","description":"Energy in a box - The Electric Revolution","publisher":{"@id":"https:\/\/www.xunzel.com\/store\/#organization"},"potentialAction":[{"@type":"SearchAction","target":{"@type":"EntryPoint","urlTemplate":"https:\/\/www.xunzel.com\/store\/?s={search_term_string}"},"query-input":{"@type":"PropertyValueSpecification","valueRequired":true,"valueName":"search_term_string"}}],"inLanguage":"es"},{"@type":"Organization","@id":"https:\/\/www.xunzel.com\/store\/#organization","name":"Xunzel","url":"https:\/\/www.xunzel.com\/store\/","logo":{"@type":"ImageObject","inLanguage":"es","@id":"https:\/\/www.xunzel.com\/store\/#\/schema\/logo\/image\/","url":"https:\/\/www.xunzel.com\/store\/wp-content\/uploads\/2021\/01\/logo-xunzel-footer.png","contentUrl":"https:\/\/www.xunzel.com\/store\/wp-content\/uploads\/2021\/01\/logo-xunzel-footer.png","width":280,"height":52,"caption":"Xunzel"},"image":{"@id":"https:\/\/www.xunzel.com\/store\/#\/schema\/logo\/image\/"}}]}},"_links":{"self":[{"href":"https:\/\/www.xunzel.com\/store\/wp-json\/wp\/v2\/product\/9389","targetHints":{"allow":["GET"]}}],"collection":[{"href":"https:\/\/www.xunzel.com\/store\/wp-json\/wp\/v2\/product"}],"about":[{"href":"https:\/\/www.xunzel.com\/store\/wp-json\/wp\/v2\/types\/product"}],"wp:featuredmedia":[{"embeddable":true,"href":"https:\/\/www.xunzel.com\/store\/wp-json\/wp\/v2\/media\/9684"}],"wp:attachment":[{"href":"https:\/\/www.xunzel.com\/store\/wp-json\/wp\/v2\/media?parent=9389"}],"wp:term":[{"taxonomy":"product_brand","embeddable":true,"href":"https:\/\/www.xunzel.com\/store\/wp-json\/wp\/v2\/product_brand?post=9389"},{"taxonomy":"product_cat","embeddable":true,"href":"https:\/\/www.xunzel.com\/store\/wp-json\/wp\/v2\/product_cat?post=9389"},{"taxonomy":"product_tag","embeddable":true,"href":"https:\/\/www.xunzel.com\/store\/wp-json\/wp\/v2\/product_tag?post=9389"}],"curies":[{"name":"wp","href":"https:\/\/api.w.org\/{rel}","templated":true}]}}