{"id":8619,"date":"2020-09-24T17:34:37","date_gmt":"2020-09-24T15:34:37","guid":{"rendered":"https:\/\/www.xunzel.com\/store\/producto\/xj-400w-12v-handy\/"},"modified":"2026-03-26T14:08:52","modified_gmt":"2026-03-26T13:08:52","slug":"xj-400w-12v-handy","status":"publish","type":"product","link":"https:\/\/www.xunzel.com\/store\/producto\/xj-400w-12v-handy\/","title":{"rendered":"XJ -400W-12V-HANDY"},"content":{"rendered":"<p>Inversor de onda senoidal pura de 400W (800W pico) que convierte 12V de tensi\u00f3n de bater\u00eda en alimentaci\u00f3n de muy alta calidad y fiable a 230V-50Hz. Proporciona electricidad de excelente calidad de manera permanente cuando no hay conexi\u00f3n a la red. Protege y asegura un mejor funcionamiento de los equipos conectados.<\/p>\n<p>Incluye cables y conectores. Listo para conectar y usar. Dise\u00f1o seguro. Con protecciones integradas.<br \/>\nDise\u00f1ado para uso en las condiciones m\u00e1s exigentes, tanto profesional o industrial como recreativo.<br \/>\nAlta eficiencia. Muy bajo autoconsumo. Ligero, robusto, seguro y fiable. Tecnolog\u00eda de conversi\u00f3n avanzada. Saca lo m\u00e1ximo de tu bater\u00eda.<br \/>\nCon interruptor de encendido\/apagado (ON\/OFF) y LED indicador de estado.<\/p>\n<p>PLUS: Con dos entradas de control externo. Una entrada para control remoto on\/off (accesorio opcional &#8211; c\u00f3digo: RCXJ) y con entrada para arranque autom\u00e1tico cuando arranca el motor.<\/p>\n<p>RECOMENDADO (Opcional): Compatible con el Interruptor de transferencia autom\u00e1tico TSXJ, que permite transferir la carga a otra fuente CA de manera instant\u00e1nea con un tiempo m\u00ednimo de conmutaci\u00f3n de manera que ordenadores y otros equipos electr\u00f3nicos continuar\u00e1n funcionando sin interrupci\u00f3n. Ideal para cuando se accede a lugares con red el\u00e9ctrica.<\/p>\n<p>Bater\u00eda m\u00ednima recomendada capacidad: <strong><a href=\"https:\/\/www.xunzel.com\/store\/product\/solarx-78\/\" target=\"_blank\" rel=\"noopener\">78Ah-12V<\/a><\/strong><\/p>\n","protected":false},"excerpt":{"rendered":"<p>Inversor de onda senoidal pura de 400W (800W pico) que convierte 12V de tensi\u00f3n de bater\u00eda en alimentaci\u00f3n de muy alta calidad y fiable a 230V-50Hz. Con cables y conectores incluidos. Protege y asegura un mejor funcionamiento de los equipos conectados.<br \/>\nProporciona electricidad de manera permanente cuando no hay conexi\u00f3n a la red. Listo para conectar y usar.<br \/>\nLigero, robusto, seguro y fiable. Alta eficiencia. Muy bajo autoconsumo. Saca lo m\u00e1ximo de tu bater\u00eda.<\/p>\n<p><span class=\"shared-files-shortcode-admin-list shared-files-shortcode-admin-list-file shared-files-shortcode-14351\" title=\"[shared_files file_id=14351]\">[shared_files file_id=14351]<\/span><\/p>\n","protected":false},"featured_media":18526,"template":"","meta":{"_acf_changed":false},"product_brand":[],"product_cat":[124],"product_tag":[],"class_list":{"0":"post-8619","1":"product","2":"type-product","3":"status-publish","4":"has-post-thumbnail","6":"product_cat-xj-series-inversores","8":"first","9":"instock","10":"taxable","11":"shipping-taxable","12":"purchasable","13":"product-type-simple"},"acf":[],"yoast_head":"<!-- This site is optimized with the Yoast SEO plugin v25.4 - https:\/\/yoast.com\/wordpress\/plugins\/seo\/ -->\n<title>XJ -400W-12V-HANDY &#8211; Xunzel<\/title>\n<meta name=\"robots\" content=\"index, follow, max-snippet:-1, max-image-preview:large, max-video-preview:-1\" \/>\n<link rel=\"canonical\" href=\"https:\/\/www.xunzel.com\/store\/producto\/xj-400w-12v-handy\/\" \/>\n<meta property=\"og:locale\" content=\"es_ES\" \/>\n<meta property=\"og:type\" content=\"article\" \/>\n<meta property=\"og:title\" content=\"XJ -400W-12V-HANDY &#8211; Xunzel\" \/>\n<meta property=\"og:description\" content=\"Inversor de onda senoidal pura de 400W (800W pico) que convierte 12V de tensi\u00f3n de bater\u00eda en alimentaci\u00f3n de muy alta calidad y fiable a 230V-50Hz. Con cables y conectores incluidos. Protege y asegura un mejor funcionamiento de los equipos conectados. Proporciona electricidad de manera permanente cuando no hay conexi\u00f3n a la red. Listo para conectar y usar. Ligero, robusto, seguro y fiable. Alta eficiencia. Muy bajo autoconsumo. Saca lo m\u00e1ximo de tu bater\u00eda.\" \/>\n<meta property=\"og:url\" content=\"https:\/\/www.xunzel.com\/store\/producto\/xj-400w-12v-handy\/\" \/>\n<meta property=\"og:site_name\" content=\"Xunzel\" \/>\n<meta property=\"article:modified_time\" content=\"2026-03-26T13:08:52+00:00\" \/>\n<meta property=\"og:image\" content=\"https:\/\/www.xunzel.com\/store\/wp-content\/uploads\/2023\/12\/XJ-400W_isocable.jpg\" \/>\n\t<meta property=\"og:image:width\" content=\"2500\" \/>\n\t<meta property=\"og:image:height\" content=\"2500\" \/>\n\t<meta property=\"og:image:type\" content=\"image\/jpeg\" \/>\n<meta name=\"twitter:card\" content=\"summary_large_image\" \/>\n<meta name=\"twitter:label1\" content=\"Tiempo de lectura\" \/>\n\t<meta name=\"twitter:data1\" content=\"2 minutos\" \/>\n<script type=\"application\/ld+json\" class=\"yoast-schema-graph\">{\"@context\":\"https:\/\/schema.org\",\"@graph\":[{\"@type\":\"WebPage\",\"@id\":\"https:\/\/www.xunzel.com\/store\/producto\/xj-400w-12v-handy\/\",\"url\":\"https:\/\/www.xunzel.com\/store\/producto\/xj-400w-12v-handy\/\",\"name\":\"XJ -400W-12V-HANDY &#8211; Xunzel\",\"isPartOf\":{\"@id\":\"https:\/\/www.xunzel.com\/store\/#website\"},\"primaryImageOfPage\":{\"@id\":\"https:\/\/www.xunzel.com\/store\/producto\/xj-400w-12v-handy\/#primaryimage\"},\"image\":{\"@id\":\"https:\/\/www.xunzel.com\/store\/producto\/xj-400w-12v-handy\/#primaryimage\"},\"thumbnailUrl\":\"https:\/\/www.xunzel.com\/store\/wp-content\/uploads\/2023\/12\/XJ-400W_isocable.jpg\",\"datePublished\":\"2020-09-24T15:34:37+00:00\",\"dateModified\":\"2026-03-26T13:08:52+00:00\",\"breadcrumb\":{\"@id\":\"https:\/\/www.xunzel.com\/store\/producto\/xj-400w-12v-handy\/#breadcrumb\"},\"inLanguage\":\"es\",\"potentialAction\":[{\"@type\":\"ReadAction\",\"target\":[\"https:\/\/www.xunzel.com\/store\/producto\/xj-400w-12v-handy\/\"]}]},{\"@type\":\"ImageObject\",\"inLanguage\":\"es\",\"@id\":\"https:\/\/www.xunzel.com\/store\/producto\/xj-400w-12v-handy\/#primaryimage\",\"url\":\"https:\/\/www.xunzel.com\/store\/wp-content\/uploads\/2023\/12\/XJ-400W_isocable.jpg\",\"contentUrl\":\"https:\/\/www.xunzel.com\/store\/wp-content\/uploads\/2023\/12\/XJ-400W_isocable.jpg\",\"width\":2500,\"height\":2500},{\"@type\":\"BreadcrumbList\",\"@id\":\"https:\/\/www.xunzel.com\/store\/producto\/xj-400w-12v-handy\/#breadcrumb\",\"itemListElement\":[{\"@type\":\"ListItem\",\"position\":1,\"name\":\"Portada\",\"item\":\"https:\/\/www.xunzel.com\/store\/\"},{\"@type\":\"ListItem\",\"position\":2,\"name\":\"Tienda\",\"item\":\"https:\/\/www.xunzel.com\/store\/tienda\/\"},{\"@type\":\"ListItem\",\"position\":3,\"name\":\"XJ -400W-12V-HANDY\"}]},{\"@type\":\"WebSite\",\"@id\":\"https:\/\/www.xunzel.com\/store\/#website\",\"url\":\"https:\/\/www.xunzel.com\/store\/\",\"name\":\"Xunzel\",\"description\":\"Energy in a box - The Electric Revolution\",\"publisher\":{\"@id\":\"https:\/\/www.xunzel.com\/store\/#organization\"},\"potentialAction\":[{\"@type\":\"SearchAction\",\"target\":{\"@type\":\"EntryPoint\",\"urlTemplate\":\"https:\/\/www.xunzel.com\/store\/?s={search_term_string}\"},\"query-input\":{\"@type\":\"PropertyValueSpecification\",\"valueRequired\":true,\"valueName\":\"search_term_string\"}}],\"inLanguage\":\"es\"},{\"@type\":\"Organization\",\"@id\":\"https:\/\/www.xunzel.com\/store\/#organization\",\"name\":\"Xunzel\",\"url\":\"https:\/\/www.xunzel.com\/store\/\",\"logo\":{\"@type\":\"ImageObject\",\"inLanguage\":\"es\",\"@id\":\"https:\/\/www.xunzel.com\/store\/#\/schema\/logo\/image\/\",\"url\":\"https:\/\/www.xunzel.com\/store\/wp-content\/uploads\/2021\/01\/logo-xunzel-footer.png\",\"contentUrl\":\"https:\/\/www.xunzel.com\/store\/wp-content\/uploads\/2021\/01\/logo-xunzel-footer.png\",\"width\":280,\"height\":52,\"caption\":\"Xunzel\"},\"image\":{\"@id\":\"https:\/\/www.xunzel.com\/store\/#\/schema\/logo\/image\/\"}}]}<\/script>\n<!-- \/ Yoast SEO plugin. -->","yoast_head_json":{"title":"XJ -400W-12V-HANDY &#8211; Xunzel","robots":{"index":"index","follow":"follow","max-snippet":"max-snippet:-1","max-image-preview":"max-image-preview:large","max-video-preview":"max-video-preview:-1"},"canonical":"https:\/\/www.xunzel.com\/store\/producto\/xj-400w-12v-handy\/","og_locale":"es_ES","og_type":"article","og_title":"XJ -400W-12V-HANDY &#8211; Xunzel","og_description":"Inversor de onda senoidal pura de 400W (800W pico) que convierte 12V de tensi\u00f3n de bater\u00eda en alimentaci\u00f3n de muy alta calidad y fiable a 230V-50Hz. Con cables y conectores incluidos. Protege y asegura un mejor funcionamiento de los equipos conectados. Proporciona electricidad de manera permanente cuando no hay conexi\u00f3n a la red. Listo para conectar y usar. Ligero, robusto, seguro y fiable. Alta eficiencia. Muy bajo autoconsumo. Saca lo m\u00e1ximo de tu bater\u00eda.","og_url":"https:\/\/www.xunzel.com\/store\/producto\/xj-400w-12v-handy\/","og_site_name":"Xunzel","article_modified_time":"2026-03-26T13:08:52+00:00","og_image":[{"width":2500,"height":2500,"url":"https:\/\/www.xunzel.com\/store\/wp-content\/uploads\/2023\/12\/XJ-400W_isocable.jpg","type":"image\/jpeg"}],"twitter_card":"summary_large_image","twitter_misc":{"Tiempo de lectura":"2 minutos"},"schema":{"@context":"https:\/\/schema.org","@graph":[{"@type":"WebPage","@id":"https:\/\/www.xunzel.com\/store\/producto\/xj-400w-12v-handy\/","url":"https:\/\/www.xunzel.com\/store\/producto\/xj-400w-12v-handy\/","name":"XJ -400W-12V-HANDY &#8211; Xunzel","isPartOf":{"@id":"https:\/\/www.xunzel.com\/store\/#website"},"primaryImageOfPage":{"@id":"https:\/\/www.xunzel.com\/store\/producto\/xj-400w-12v-handy\/#primaryimage"},"image":{"@id":"https:\/\/www.xunzel.com\/store\/producto\/xj-400w-12v-handy\/#primaryimage"},"thumbnailUrl":"https:\/\/www.xunzel.com\/store\/wp-content\/uploads\/2023\/12\/XJ-400W_isocable.jpg","datePublished":"2020-09-24T15:34:37+00:00","dateModified":"2026-03-26T13:08:52+00:00","breadcrumb":{"@id":"https:\/\/www.xunzel.com\/store\/producto\/xj-400w-12v-handy\/#breadcrumb"},"inLanguage":"es","potentialAction":[{"@type":"ReadAction","target":["https:\/\/www.xunzel.com\/store\/producto\/xj-400w-12v-handy\/"]}]},{"@type":"ImageObject","inLanguage":"es","@id":"https:\/\/www.xunzel.com\/store\/producto\/xj-400w-12v-handy\/#primaryimage","url":"https:\/\/www.xunzel.com\/store\/wp-content\/uploads\/2023\/12\/XJ-400W_isocable.jpg","contentUrl":"https:\/\/www.xunzel.com\/store\/wp-content\/uploads\/2023\/12\/XJ-400W_isocable.jpg","width":2500,"height":2500},{"@type":"BreadcrumbList","@id":"https:\/\/www.xunzel.com\/store\/producto\/xj-400w-12v-handy\/#breadcrumb","itemListElement":[{"@type":"ListItem","position":1,"name":"Portada","item":"https:\/\/www.xunzel.com\/store\/"},{"@type":"ListItem","position":2,"name":"Tienda","item":"https:\/\/www.xunzel.com\/store\/tienda\/"},{"@type":"ListItem","position":3,"name":"XJ -400W-12V-HANDY"}]},{"@type":"WebSite","@id":"https:\/\/www.xunzel.com\/store\/#website","url":"https:\/\/www.xunzel.com\/store\/","name":"Xunzel","description":"Energy in a box - The Electric Revolution","publisher":{"@id":"https:\/\/www.xunzel.com\/store\/#organization"},"potentialAction":[{"@type":"SearchAction","target":{"@type":"EntryPoint","urlTemplate":"https:\/\/www.xunzel.com\/store\/?s={search_term_string}"},"query-input":{"@type":"PropertyValueSpecification","valueRequired":true,"valueName":"search_term_string"}}],"inLanguage":"es"},{"@type":"Organization","@id":"https:\/\/www.xunzel.com\/store\/#organization","name":"Xunzel","url":"https:\/\/www.xunzel.com\/store\/","logo":{"@type":"ImageObject","inLanguage":"es","@id":"https:\/\/www.xunzel.com\/store\/#\/schema\/logo\/image\/","url":"https:\/\/www.xunzel.com\/store\/wp-content\/uploads\/2021\/01\/logo-xunzel-footer.png","contentUrl":"https:\/\/www.xunzel.com\/store\/wp-content\/uploads\/2021\/01\/logo-xunzel-footer.png","width":280,"height":52,"caption":"Xunzel"},"image":{"@id":"https:\/\/www.xunzel.com\/store\/#\/schema\/logo\/image\/"}}]}},"_links":{"self":[{"href":"https:\/\/www.xunzel.com\/store\/wp-json\/wp\/v2\/product\/8619","targetHints":{"allow":["GET"]}}],"collection":[{"href":"https:\/\/www.xunzel.com\/store\/wp-json\/wp\/v2\/product"}],"about":[{"href":"https:\/\/www.xunzel.com\/store\/wp-json\/wp\/v2\/types\/product"}],"wp:featuredmedia":[{"embeddable":true,"href":"https:\/\/www.xunzel.com\/store\/wp-json\/wp\/v2\/media\/18526"}],"wp:attachment":[{"href":"https:\/\/www.xunzel.com\/store\/wp-json\/wp\/v2\/media?parent=8619"}],"wp:term":[{"taxonomy":"product_brand","embeddable":true,"href":"https:\/\/www.xunzel.com\/store\/wp-json\/wp\/v2\/product_brand?post=8619"},{"taxonomy":"product_cat","embeddable":true,"href":"https:\/\/www.xunzel.com\/store\/wp-json\/wp\/v2\/product_cat?post=8619"},{"taxonomy":"product_tag","embeddable":true,"href":"https:\/\/www.xunzel.com\/store\/wp-json\/wp\/v2\/product_tag?post=8619"}],"curies":[{"name":"wp","href":"https:\/\/api.w.org\/{rel}","templated":true}]}}