{"id":8613,"date":"2020-09-24T17:25:35","date_gmt":"2020-09-24T15:25:35","guid":{"rendered":"https:\/\/www.xunzel.com\/store\/producto\/xjc-1000w-12v\/"},"modified":"2025-02-20T10:16:27","modified_gmt":"2025-02-20T09:16:27","slug":"xjc-1000w-12v-40a","status":"publish","type":"product","link":"https:\/\/www.xunzel.com\/store\/producto\/xjc-1000w-12v-40a\/","title":{"rendered":"XJC 1000W-12V-40A"},"content":{"rendered":"<p>Inversor + Cargador de onda senoidal pura de 1000W (2000W pico) que convierte 12V de tensi\u00f3n de bater\u00eda en alimentaci\u00f3n de muy alta calidad y fiable a 230V-50Hz. Proporciona electricidad de excelente calidad de manera permanente cuando no hay conexi\u00f3n a la red. Protege y asegura un mejor funcionamiento de los equipos conectados.<\/p>\n<p>Cargador de bater\u00edas integrado programable (desde 5A hasta 40A).<\/p>\n<p>Display Digital con seguimiento de tensi\u00f3n, consumo, estado y alarmas. Display extra\u00edble con 7.6m de cable incluidos.<br \/>\nTotalmente configurable. F\u00e1cil de programar:<\/p>\n<ul>\n<li>Limite de corriente m\u00e1xima de carga de punto de acometida<\/li>\n<li>Niveles de disparo de la alarma y restablecimiento por tensi\u00f3n baja de la bater\u00eda.<\/li>\n<li>Niveles de desconexi\u00f3n y reinicio por tensi\u00f3n baja de la bater\u00eda.<\/li>\n<li>Desconexi\u00f3n din\u00e1mica: nivel de desconexi\u00f3n dependiente de la carga<\/li>\n<li>Corriente de carga y tipo de bater\u00eda para cargar (AGM ,GEL, abierta,&#8230;)<\/li>\n<li>On\/off y activaci\u00f3n modo ahorro de energ\u00eda programable.<\/li>\n<li>Activaci\u00f3n\/Desactivaci\u00f3n alarma sonora<\/li>\n<\/ul>\n<p>Con Interruptor de Transferencia Autom\u00e1tica integrad, que permite transferir la carga a otra fuente CA de manera instant\u00e1nea con un tiempo m\u00ednimo de conmutaci\u00f3n de manera que ordenadores y otros equipos electr\u00f3nicos continuar\u00e1n funcionando sin interrupci\u00f3n. Ideal para cuando se accede a lugares con red el\u00e9ctrica.<\/p>\n<p>Con salida USB 5V-2.1A para alimentar dispositivos electr\u00f3nicos.<\/p>\n<p>Listo para conectar y usar. Dise\u00f1o seguro. Con protecciones integradas.<\/p>\n<p>Dise\u00f1ado para uso en las condiciones m\u00e1s exigentes, tanto profesional o industrial como recreativo.<br \/>\nAlta eficiencia. Ligero, robusto, seguro y fiable. Tecnolog\u00eda de conversi\u00f3n avanzada. Saca lo m\u00e1ximo de tu bater\u00eda.<\/p>\n<p>PLUS: Con entrada de control remoto (accesorios opcionales &#8211; c\u00f3digo: RCXJ, SMART-START,&#8230;.)<\/p>\n<p>Bater\u00eda m\u00ednima recomendada capacidad: <strong><a href=\"https:\/\/www.xunzel.com\/store\/producto\/solarx-240\/\" target=\"_blank\" rel=\"noopener\">240Ah-12V<\/a>.<\/strong><\/p>\n","protected":false},"excerpt":{"rendered":"<p>Inversor + Cargador de onda senoidal pura de 1000W (2000W pico) que convierte 12V de tensi\u00f3n de bater\u00eda en alimentaci\u00f3n de muy alta calidad y fiable a 230V-50Hz. Protege y asegura un mejor funcionamiento de los equipos conectados. Proporciona electricidad de manera permanente cuando no hay conexi\u00f3n a la red.<\/p>\n<p>Cargador de bater\u00edas integrado programable (desde 5A hasta 40A).<br \/>\nTotalmente configurable. F\u00e1cil de programar.<br \/>\nCon Interruptor de Transferencia Autom\u00e1tica integrado, que permite transferir la carga a otra fuente CA de manera instant\u00e1nea con un tiempo m\u00ednimo de conmutaci\u00f3n de manera que ordenadores y otros equipos electr\u00f3nicos continuar\u00e1n funcionando sin interrupci\u00f3n. Ideal para cuando se accede a lugares con red el\u00e9ctrica.<br \/>\nCon salida USB 5V-2.1A para alimentar dispositivos electr\u00f3nicos.<br \/>\nListo para conectar y usar.<br \/>\nLigero, robusto, seguro y fiable.<br \/>\nAlta eficiencia. Muy bajo autoconsumo. Saca lo m\u00e1ximo de tu bater\u00eda<\/p>\n<p><span class=\"shared-files-shortcode-admin-list shared-files-shortcode-admin-list-file shared-files-shortcode-10114\" title=\"[shared_files file_id=10114]\">[shared_files file_id=10114]<\/span><\/p>\n","protected":false},"featured_media":18024,"template":"","meta":{"_acf_changed":false},"product_brand":[],"product_cat":[126,124],"product_tag":[],"class_list":{"0":"post-8613","1":"product","2":"type-product","3":"status-publish","4":"has-post-thumbnail","6":"product_cat-xjc-series-inversores-cargadores","7":"product_cat-xj-series-inversores","9":"first","10":"instock","11":"taxable","12":"shipping-taxable","13":"purchasable","14":"product-type-variable"},"acf":[],"yoast_head":"<!-- This site is optimized with the Yoast SEO plugin v25.4 - https:\/\/yoast.com\/wordpress\/plugins\/seo\/ -->\n<title>XJC 1000W-12V-40A &#8211; Xunzel<\/title>\n<meta name=\"robots\" content=\"index, follow, max-snippet:-1, max-image-preview:large, max-video-preview:-1\" \/>\n<link rel=\"canonical\" href=\"https:\/\/www.xunzel.com\/store\/producto\/xjc-1000w-12v-40a\/\" \/>\n<meta property=\"og:locale\" content=\"es_ES\" \/>\n<meta property=\"og:type\" content=\"article\" \/>\n<meta property=\"og:title\" content=\"XJC 1000W-12V-40A &#8211; Xunzel\" \/>\n<meta property=\"og:description\" content=\"Inversor + Cargador de onda senoidal pura de 1000W (2000W pico) que convierte 12V de tensi\u00f3n de bater\u00eda en alimentaci\u00f3n de muy alta calidad y fiable a 230V-50Hz. Protege y asegura un mejor funcionamiento de los equipos conectados. Proporciona electricidad de manera permanente cuando no hay conexi\u00f3n a la red.  Cargador de bater\u00edas integrado programable (desde 5A hasta 40A). Totalmente configurable. F\u00e1cil de programar. Con Interruptor de Transferencia Autom\u00e1tica integrado, que permite transferir la carga a otra fuente CA de manera instant\u00e1nea con un tiempo m\u00ednimo de conmutaci\u00f3n de manera que ordenadores y otros equipos electr\u00f3nicos continuar\u00e1n funcionando sin interrupci\u00f3n. Ideal para cuando se accede a lugares con red el\u00e9ctrica. Con salida USB 5V-2.1A para alimentar dispositivos electr\u00f3nicos. Listo para conectar y usar. Ligero, robusto, seguro y fiable. Alta eficiencia. Muy bajo autoconsumo. Saca lo m\u00e1ximo de tu bater\u00eda\" \/>\n<meta property=\"og:url\" content=\"https:\/\/www.xunzel.com\/store\/producto\/xjc-1000w-12v-40a\/\" \/>\n<meta property=\"og:site_name\" content=\"Xunzel\" \/>\n<meta property=\"article:modified_time\" content=\"2025-02-20T09:16:27+00:00\" \/>\n<meta property=\"og:image\" content=\"https:\/\/www.xunzel.com\/store\/wp-content\/uploads\/2023\/11\/XJC-1000W_ISO.jpg\" \/>\n\t<meta property=\"og:image:width\" content=\"2300\" \/>\n\t<meta property=\"og:image:height\" content=\"2300\" \/>\n\t<meta property=\"og:image:type\" content=\"image\/jpeg\" \/>\n<meta name=\"twitter:card\" content=\"summary_large_image\" \/>\n<meta name=\"twitter:label1\" content=\"Tiempo de lectura\" \/>\n\t<meta name=\"twitter:data1\" content=\"2 minutos\" \/>\n<script type=\"application\/ld+json\" class=\"yoast-schema-graph\">{\"@context\":\"https:\/\/schema.org\",\"@graph\":[{\"@type\":\"WebPage\",\"@id\":\"https:\/\/www.xunzel.com\/store\/producto\/xjc-1000w-12v-40a\/\",\"url\":\"https:\/\/www.xunzel.com\/store\/producto\/xjc-1000w-12v-40a\/\",\"name\":\"XJC 1000W-12V-40A &#8211; Xunzel\",\"isPartOf\":{\"@id\":\"https:\/\/www.xunzel.com\/store\/#website\"},\"primaryImageOfPage\":{\"@id\":\"https:\/\/www.xunzel.com\/store\/producto\/xjc-1000w-12v-40a\/#primaryimage\"},\"image\":{\"@id\":\"https:\/\/www.xunzel.com\/store\/producto\/xjc-1000w-12v-40a\/#primaryimage\"},\"thumbnailUrl\":\"https:\/\/www.xunzel.com\/store\/wp-content\/uploads\/2023\/11\/XJC-1000W_ISO.jpg\",\"datePublished\":\"2020-09-24T15:25:35+00:00\",\"dateModified\":\"2025-02-20T09:16:27+00:00\",\"breadcrumb\":{\"@id\":\"https:\/\/www.xunzel.com\/store\/producto\/xjc-1000w-12v-40a\/#breadcrumb\"},\"inLanguage\":\"es\",\"potentialAction\":[{\"@type\":\"ReadAction\",\"target\":[\"https:\/\/www.xunzel.com\/store\/producto\/xjc-1000w-12v-40a\/\"]}]},{\"@type\":\"ImageObject\",\"inLanguage\":\"es\",\"@id\":\"https:\/\/www.xunzel.com\/store\/producto\/xjc-1000w-12v-40a\/#primaryimage\",\"url\":\"https:\/\/www.xunzel.com\/store\/wp-content\/uploads\/2023\/11\/XJC-1000W_ISO.jpg\",\"contentUrl\":\"https:\/\/www.xunzel.com\/store\/wp-content\/uploads\/2023\/11\/XJC-1000W_ISO.jpg\",\"width\":2300,\"height\":2300},{\"@type\":\"BreadcrumbList\",\"@id\":\"https:\/\/www.xunzel.com\/store\/producto\/xjc-1000w-12v-40a\/#breadcrumb\",\"itemListElement\":[{\"@type\":\"ListItem\",\"position\":1,\"name\":\"Portada\",\"item\":\"https:\/\/www.xunzel.com\/store\/\"},{\"@type\":\"ListItem\",\"position\":2,\"name\":\"Tienda\",\"item\":\"https:\/\/www.xunzel.com\/store\/tienda\/\"},{\"@type\":\"ListItem\",\"position\":3,\"name\":\"XJC 1000W-12V-40A\"}]},{\"@type\":\"WebSite\",\"@id\":\"https:\/\/www.xunzel.com\/store\/#website\",\"url\":\"https:\/\/www.xunzel.com\/store\/\",\"name\":\"Xunzel\",\"description\":\"Energy in a box - The Electric Revolution\",\"publisher\":{\"@id\":\"https:\/\/www.xunzel.com\/store\/#organization\"},\"potentialAction\":[{\"@type\":\"SearchAction\",\"target\":{\"@type\":\"EntryPoint\",\"urlTemplate\":\"https:\/\/www.xunzel.com\/store\/?s={search_term_string}\"},\"query-input\":{\"@type\":\"PropertyValueSpecification\",\"valueRequired\":true,\"valueName\":\"search_term_string\"}}],\"inLanguage\":\"es\"},{\"@type\":\"Organization\",\"@id\":\"https:\/\/www.xunzel.com\/store\/#organization\",\"name\":\"Xunzel\",\"url\":\"https:\/\/www.xunzel.com\/store\/\",\"logo\":{\"@type\":\"ImageObject\",\"inLanguage\":\"es\",\"@id\":\"https:\/\/www.xunzel.com\/store\/#\/schema\/logo\/image\/\",\"url\":\"https:\/\/www.xunzel.com\/store\/wp-content\/uploads\/2021\/01\/logo-xunzel-footer.png\",\"contentUrl\":\"https:\/\/www.xunzel.com\/store\/wp-content\/uploads\/2021\/01\/logo-xunzel-footer.png\",\"width\":280,\"height\":52,\"caption\":\"Xunzel\"},\"image\":{\"@id\":\"https:\/\/www.xunzel.com\/store\/#\/schema\/logo\/image\/\"}}]}<\/script>\n<!-- \/ Yoast SEO plugin. -->","yoast_head_json":{"title":"XJC 1000W-12V-40A &#8211; Xunzel","robots":{"index":"index","follow":"follow","max-snippet":"max-snippet:-1","max-image-preview":"max-image-preview:large","max-video-preview":"max-video-preview:-1"},"canonical":"https:\/\/www.xunzel.com\/store\/producto\/xjc-1000w-12v-40a\/","og_locale":"es_ES","og_type":"article","og_title":"XJC 1000W-12V-40A &#8211; Xunzel","og_description":"Inversor + Cargador de onda senoidal pura de 1000W (2000W pico) que convierte 12V de tensi\u00f3n de bater\u00eda en alimentaci\u00f3n de muy alta calidad y fiable a 230V-50Hz. Protege y asegura un mejor funcionamiento de los equipos conectados. Proporciona electricidad de manera permanente cuando no hay conexi\u00f3n a la red.  Cargador de bater\u00edas integrado programable (desde 5A hasta 40A). Totalmente configurable. F\u00e1cil de programar. Con Interruptor de Transferencia Autom\u00e1tica integrado, que permite transferir la carga a otra fuente CA de manera instant\u00e1nea con un tiempo m\u00ednimo de conmutaci\u00f3n de manera que ordenadores y otros equipos electr\u00f3nicos continuar\u00e1n funcionando sin interrupci\u00f3n. Ideal para cuando se accede a lugares con red el\u00e9ctrica. Con salida USB 5V-2.1A para alimentar dispositivos electr\u00f3nicos. Listo para conectar y usar. Ligero, robusto, seguro y fiable. Alta eficiencia. Muy bajo autoconsumo. Saca lo m\u00e1ximo de tu bater\u00eda","og_url":"https:\/\/www.xunzel.com\/store\/producto\/xjc-1000w-12v-40a\/","og_site_name":"Xunzel","article_modified_time":"2025-02-20T09:16:27+00:00","og_image":[{"width":2300,"height":2300,"url":"https:\/\/www.xunzel.com\/store\/wp-content\/uploads\/2023\/11\/XJC-1000W_ISO.jpg","type":"image\/jpeg"}],"twitter_card":"summary_large_image","twitter_misc":{"Tiempo de lectura":"2 minutos"},"schema":{"@context":"https:\/\/schema.org","@graph":[{"@type":"WebPage","@id":"https:\/\/www.xunzel.com\/store\/producto\/xjc-1000w-12v-40a\/","url":"https:\/\/www.xunzel.com\/store\/producto\/xjc-1000w-12v-40a\/","name":"XJC 1000W-12V-40A &#8211; Xunzel","isPartOf":{"@id":"https:\/\/www.xunzel.com\/store\/#website"},"primaryImageOfPage":{"@id":"https:\/\/www.xunzel.com\/store\/producto\/xjc-1000w-12v-40a\/#primaryimage"},"image":{"@id":"https:\/\/www.xunzel.com\/store\/producto\/xjc-1000w-12v-40a\/#primaryimage"},"thumbnailUrl":"https:\/\/www.xunzel.com\/store\/wp-content\/uploads\/2023\/11\/XJC-1000W_ISO.jpg","datePublished":"2020-09-24T15:25:35+00:00","dateModified":"2025-02-20T09:16:27+00:00","breadcrumb":{"@id":"https:\/\/www.xunzel.com\/store\/producto\/xjc-1000w-12v-40a\/#breadcrumb"},"inLanguage":"es","potentialAction":[{"@type":"ReadAction","target":["https:\/\/www.xunzel.com\/store\/producto\/xjc-1000w-12v-40a\/"]}]},{"@type":"ImageObject","inLanguage":"es","@id":"https:\/\/www.xunzel.com\/store\/producto\/xjc-1000w-12v-40a\/#primaryimage","url":"https:\/\/www.xunzel.com\/store\/wp-content\/uploads\/2023\/11\/XJC-1000W_ISO.jpg","contentUrl":"https:\/\/www.xunzel.com\/store\/wp-content\/uploads\/2023\/11\/XJC-1000W_ISO.jpg","width":2300,"height":2300},{"@type":"BreadcrumbList","@id":"https:\/\/www.xunzel.com\/store\/producto\/xjc-1000w-12v-40a\/#breadcrumb","itemListElement":[{"@type":"ListItem","position":1,"name":"Portada","item":"https:\/\/www.xunzel.com\/store\/"},{"@type":"ListItem","position":2,"name":"Tienda","item":"https:\/\/www.xunzel.com\/store\/tienda\/"},{"@type":"ListItem","position":3,"name":"XJC 1000W-12V-40A"}]},{"@type":"WebSite","@id":"https:\/\/www.xunzel.com\/store\/#website","url":"https:\/\/www.xunzel.com\/store\/","name":"Xunzel","description":"Energy in a box - The Electric Revolution","publisher":{"@id":"https:\/\/www.xunzel.com\/store\/#organization"},"potentialAction":[{"@type":"SearchAction","target":{"@type":"EntryPoint","urlTemplate":"https:\/\/www.xunzel.com\/store\/?s={search_term_string}"},"query-input":{"@type":"PropertyValueSpecification","valueRequired":true,"valueName":"search_term_string"}}],"inLanguage":"es"},{"@type":"Organization","@id":"https:\/\/www.xunzel.com\/store\/#organization","name":"Xunzel","url":"https:\/\/www.xunzel.com\/store\/","logo":{"@type":"ImageObject","inLanguage":"es","@id":"https:\/\/www.xunzel.com\/store\/#\/schema\/logo\/image\/","url":"https:\/\/www.xunzel.com\/store\/wp-content\/uploads\/2021\/01\/logo-xunzel-footer.png","contentUrl":"https:\/\/www.xunzel.com\/store\/wp-content\/uploads\/2021\/01\/logo-xunzel-footer.png","width":280,"height":52,"caption":"Xunzel"},"image":{"@id":"https:\/\/www.xunzel.com\/store\/#\/schema\/logo\/image\/"}}]}},"_links":{"self":[{"href":"https:\/\/www.xunzel.com\/store\/wp-json\/wp\/v2\/product\/8613","targetHints":{"allow":["GET"]}}],"collection":[{"href":"https:\/\/www.xunzel.com\/store\/wp-json\/wp\/v2\/product"}],"about":[{"href":"https:\/\/www.xunzel.com\/store\/wp-json\/wp\/v2\/types\/product"}],"wp:featuredmedia":[{"embeddable":true,"href":"https:\/\/www.xunzel.com\/store\/wp-json\/wp\/v2\/media\/18024"}],"wp:attachment":[{"href":"https:\/\/www.xunzel.com\/store\/wp-json\/wp\/v2\/media?parent=8613"}],"wp:term":[{"taxonomy":"product_brand","embeddable":true,"href":"https:\/\/www.xunzel.com\/store\/wp-json\/wp\/v2\/product_brand?post=8613"},{"taxonomy":"product_cat","embeddable":true,"href":"https:\/\/www.xunzel.com\/store\/wp-json\/wp\/v2\/product_cat?post=8613"},{"taxonomy":"product_tag","embeddable":true,"href":"https:\/\/www.xunzel.com\/store\/wp-json\/wp\/v2\/product_tag?post=8613"}],"curies":[{"name":"wp","href":"https:\/\/api.w.org\/{rel}","templated":true}]}}