{"id":8608,"date":"2020-09-24T17:22:05","date_gmt":"2020-09-24T15:22:05","guid":{"rendered":"https:\/\/www.xunzel.com\/store\/producto\/dot-sbc-12v-20a\/"},"modified":"2025-06-19T09:57:34","modified_gmt":"2025-06-19T07:57:34","slug":"dot-sbc-12v-20a","status":"publish","type":"product","link":"https:\/\/www.xunzel.com\/store\/producto\/dot-sbc-12v-20a\/","title":{"rendered":"DOT-SBC 12V-20A"},"content":{"rendered":"<p>Cargador de Bater\u00eda avanzado completamente autom\u00e1tico.<br \/>\nUniversal, para carga de bater\u00edas de 12V de todo tipo: \u00e1cido Plomo-AGM, Gel, abiertas\/&#8221;flooded&#8221; y Litio.<br \/>\nCon funci\u00f3n adicional como Fuente de Alimentaci\u00f3n estable programable 12V-20A (350W).<br \/>\nPermite cargar hasta 3 bancos bater\u00edas independientes con prioridades.<br \/>\nDise\u00f1o seguro de bornes de conexi\u00f3n a bater\u00edas.<br \/>\nTama\u00f1o compacto. Cuerpo de aluminio anodizado. Ultraligero, Robusto y compacto.<br \/>\nPantalla digital LCD. F\u00e1cilmente ampliable y programable.<br \/>\nDiferentes configuraciones de corriente de carga: 5 | 10 | 15 | 20 A.<br \/>\nEntrada de alimentaci\u00f3n CA valido para cualquier pa\u00eds (con toma IEC).<br \/>\nAmplio rango de tensiones y frecuencias de entrada (90-265VAC y 47-63Hz)<br \/>\nCable de carga (schuko) incluido.<\/p>\n<p>Se puede paralelizar con otro cargador igual para duplicar capacidad de carga. (Necesario Control Remoto <a href=\"https:\/\/www.xunzel.com\/store\/product\/remote-control-dot-sbc\/\" target=\"_blank\" rel=\"noopener\"><strong>DOT-SBC<\/strong> <\/a>adicional &#8211; no incluido).<\/p>\n","protected":false},"excerpt":{"rendered":"<p>Cargador de Bater\u00edas avanzado completamente autom\u00e1tico. Universal, para carga de bater\u00edas de 12V de todo tipo: \u00e1cido Plomo-AGM, Gel, abiertas\/&#8221;flooded&#8221; y Litio. Con funci\u00f3n adicional como Fuente de Alimentaci\u00f3n estable programable 12V-20A (350W).<br \/>\nPermite cargar hasta 3 bancos bater\u00edas independientes con prioridades.<br \/>\nDise\u00f1o seguro de bornes de conexi\u00f3n a bater\u00edas.<br \/>\nCuerpo de aluminio anodizado. Ultraligero, Robusto y compacto.<br \/>\nPantalla digital LCD. F\u00e1cilmente ampliable y programable.<br \/>\nDiferentes configuraciones de corriente de carga: 5 | 10 | 15 | 20 A.<br \/>\nCable de carga (schuko) incluido.<\/p>\n<p><span class=\"shared-files-shortcode-admin-list shared-files-shortcode-admin-list-file shared-files-shortcode-9980\" title=\"[shared_files file_id=9980]\">[shared_files file_id=9980]<\/span><\/p>\n","protected":false},"featured_media":14714,"template":"","meta":{"_acf_changed":false},"product_brand":[],"product_cat":[129],"product_tag":[],"class_list":{"0":"post-8608","1":"product","2":"type-product","3":"status-publish","4":"has-post-thumbnail","6":"product_cat-dot-sbc-series-cargadores","8":"first","9":"instock","10":"taxable","11":"shipping-taxable","12":"purchasable","13":"product-type-simple"},"acf":[],"yoast_head":"<!-- This site is optimized with the Yoast SEO plugin v25.4 - https:\/\/yoast.com\/wordpress\/plugins\/seo\/ -->\n<title>DOT-SBC 12V-20A &#8211; Xunzel<\/title>\n<meta name=\"description\" content=\"Cargador de Bater\u00edas avanzado DOT-SBC-20A-12V XUNZEL para 3 bancos independientes completamente autom\u00e1tico. Universal.\" \/>\n<meta name=\"robots\" content=\"index, follow, max-snippet:-1, max-image-preview:large, max-video-preview:-1\" \/>\n<link rel=\"canonical\" href=\"https:\/\/www.xunzel.com\/store\/producto\/dot-sbc-12v-20a\/\" \/>\n<meta property=\"og:locale\" content=\"es_ES\" \/>\n<meta property=\"og:type\" content=\"article\" \/>\n<meta property=\"og:title\" content=\"DOT-SBC 12V-20A &#8211; Xunzel\" \/>\n<meta property=\"og:description\" content=\"Cargador de Bater\u00edas avanzado DOT-SBC-20A-12V XUNZEL para 3 bancos independientes completamente autom\u00e1tico. Universal.\" \/>\n<meta property=\"og:url\" content=\"https:\/\/www.xunzel.com\/store\/producto\/dot-sbc-12v-20a\/\" \/>\n<meta property=\"og:site_name\" content=\"Xunzel\" \/>\n<meta property=\"article:modified_time\" content=\"2025-06-19T07:57:34+00:00\" \/>\n<meta property=\"og:image\" content=\"https:\/\/www.xunzel.com\/store\/wp-content\/uploads\/2023\/01\/DOT-SBC-2012_XUNZEL_100_B-scaled.jpg\" \/>\n\t<meta property=\"og:image:width\" content=\"2560\" \/>\n\t<meta property=\"og:image:height\" content=\"2560\" \/>\n\t<meta property=\"og:image:type\" content=\"image\/jpeg\" \/>\n<meta name=\"twitter:card\" content=\"summary_large_image\" \/>\n<meta name=\"twitter:label1\" content=\"Tiempo de lectura\" \/>\n\t<meta name=\"twitter:data1\" content=\"1 minuto\" \/>\n<script type=\"application\/ld+json\" class=\"yoast-schema-graph\">{\"@context\":\"https:\/\/schema.org\",\"@graph\":[{\"@type\":\"WebPage\",\"@id\":\"https:\/\/www.xunzel.com\/store\/producto\/dot-sbc-12v-20a\/\",\"url\":\"https:\/\/www.xunzel.com\/store\/producto\/dot-sbc-12v-20a\/\",\"name\":\"DOT-SBC 12V-20A &#8211; Xunzel\",\"isPartOf\":{\"@id\":\"https:\/\/www.xunzel.com\/store\/#website\"},\"primaryImageOfPage\":{\"@id\":\"https:\/\/www.xunzel.com\/store\/producto\/dot-sbc-12v-20a\/#primaryimage\"},\"image\":{\"@id\":\"https:\/\/www.xunzel.com\/store\/producto\/dot-sbc-12v-20a\/#primaryimage\"},\"thumbnailUrl\":\"https:\/\/www.xunzel.com\/store\/wp-content\/uploads\/2023\/01\/DOT-SBC-2012_XUNZEL_100_B-scaled.jpg\",\"datePublished\":\"2020-09-24T15:22:05+00:00\",\"dateModified\":\"2025-06-19T07:57:34+00:00\",\"description\":\"Cargador de Bater\u00edas avanzado DOT-SBC-20A-12V XUNZEL para 3 bancos independientes completamente autom\u00e1tico. Universal.\",\"breadcrumb\":{\"@id\":\"https:\/\/www.xunzel.com\/store\/producto\/dot-sbc-12v-20a\/#breadcrumb\"},\"inLanguage\":\"es\",\"potentialAction\":[{\"@type\":\"ReadAction\",\"target\":[\"https:\/\/www.xunzel.com\/store\/producto\/dot-sbc-12v-20a\/\"]}]},{\"@type\":\"ImageObject\",\"inLanguage\":\"es\",\"@id\":\"https:\/\/www.xunzel.com\/store\/producto\/dot-sbc-12v-20a\/#primaryimage\",\"url\":\"https:\/\/www.xunzel.com\/store\/wp-content\/uploads\/2023\/01\/DOT-SBC-2012_XUNZEL_100_B-scaled.jpg\",\"contentUrl\":\"https:\/\/www.xunzel.com\/store\/wp-content\/uploads\/2023\/01\/DOT-SBC-2012_XUNZEL_100_B-scaled.jpg\",\"width\":2560,\"height\":2560,\"caption\":\"Cargador Bater\u00edas Avanzado DOT-SBC-XUNZEL-20A-12V para 3 bancos independientes\"},{\"@type\":\"BreadcrumbList\",\"@id\":\"https:\/\/www.xunzel.com\/store\/producto\/dot-sbc-12v-20a\/#breadcrumb\",\"itemListElement\":[{\"@type\":\"ListItem\",\"position\":1,\"name\":\"Portada\",\"item\":\"https:\/\/www.xunzel.com\/store\/\"},{\"@type\":\"ListItem\",\"position\":2,\"name\":\"Tienda\",\"item\":\"https:\/\/www.xunzel.com\/store\/tienda\/\"},{\"@type\":\"ListItem\",\"position\":3,\"name\":\"DOT-SBC 12V-20A\"}]},{\"@type\":\"WebSite\",\"@id\":\"https:\/\/www.xunzel.com\/store\/#website\",\"url\":\"https:\/\/www.xunzel.com\/store\/\",\"name\":\"Xunzel\",\"description\":\"Energy in a box - The Electric Revolution\",\"publisher\":{\"@id\":\"https:\/\/www.xunzel.com\/store\/#organization\"},\"potentialAction\":[{\"@type\":\"SearchAction\",\"target\":{\"@type\":\"EntryPoint\",\"urlTemplate\":\"https:\/\/www.xunzel.com\/store\/?s={search_term_string}\"},\"query-input\":{\"@type\":\"PropertyValueSpecification\",\"valueRequired\":true,\"valueName\":\"search_term_string\"}}],\"inLanguage\":\"es\"},{\"@type\":\"Organization\",\"@id\":\"https:\/\/www.xunzel.com\/store\/#organization\",\"name\":\"Xunzel\",\"url\":\"https:\/\/www.xunzel.com\/store\/\",\"logo\":{\"@type\":\"ImageObject\",\"inLanguage\":\"es\",\"@id\":\"https:\/\/www.xunzel.com\/store\/#\/schema\/logo\/image\/\",\"url\":\"https:\/\/www.xunzel.com\/store\/wp-content\/uploads\/2021\/01\/logo-xunzel-footer.png\",\"contentUrl\":\"https:\/\/www.xunzel.com\/store\/wp-content\/uploads\/2021\/01\/logo-xunzel-footer.png\",\"width\":280,\"height\":52,\"caption\":\"Xunzel\"},\"image\":{\"@id\":\"https:\/\/www.xunzel.com\/store\/#\/schema\/logo\/image\/\"}}]}<\/script>\n<!-- \/ Yoast SEO plugin. -->","yoast_head_json":{"title":"DOT-SBC 12V-20A &#8211; Xunzel","description":"Cargador de Bater\u00edas avanzado DOT-SBC-20A-12V XUNZEL para 3 bancos independientes completamente autom\u00e1tico. Universal.","robots":{"index":"index","follow":"follow","max-snippet":"max-snippet:-1","max-image-preview":"max-image-preview:large","max-video-preview":"max-video-preview:-1"},"canonical":"https:\/\/www.xunzel.com\/store\/producto\/dot-sbc-12v-20a\/","og_locale":"es_ES","og_type":"article","og_title":"DOT-SBC 12V-20A &#8211; Xunzel","og_description":"Cargador de Bater\u00edas avanzado DOT-SBC-20A-12V XUNZEL para 3 bancos independientes completamente autom\u00e1tico. Universal.","og_url":"https:\/\/www.xunzel.com\/store\/producto\/dot-sbc-12v-20a\/","og_site_name":"Xunzel","article_modified_time":"2025-06-19T07:57:34+00:00","og_image":[{"width":2560,"height":2560,"url":"https:\/\/www.xunzel.com\/store\/wp-content\/uploads\/2023\/01\/DOT-SBC-2012_XUNZEL_100_B-scaled.jpg","type":"image\/jpeg"}],"twitter_card":"summary_large_image","twitter_misc":{"Tiempo de lectura":"1 minuto"},"schema":{"@context":"https:\/\/schema.org","@graph":[{"@type":"WebPage","@id":"https:\/\/www.xunzel.com\/store\/producto\/dot-sbc-12v-20a\/","url":"https:\/\/www.xunzel.com\/store\/producto\/dot-sbc-12v-20a\/","name":"DOT-SBC 12V-20A &#8211; Xunzel","isPartOf":{"@id":"https:\/\/www.xunzel.com\/store\/#website"},"primaryImageOfPage":{"@id":"https:\/\/www.xunzel.com\/store\/producto\/dot-sbc-12v-20a\/#primaryimage"},"image":{"@id":"https:\/\/www.xunzel.com\/store\/producto\/dot-sbc-12v-20a\/#primaryimage"},"thumbnailUrl":"https:\/\/www.xunzel.com\/store\/wp-content\/uploads\/2023\/01\/DOT-SBC-2012_XUNZEL_100_B-scaled.jpg","datePublished":"2020-09-24T15:22:05+00:00","dateModified":"2025-06-19T07:57:34+00:00","description":"Cargador de Bater\u00edas avanzado DOT-SBC-20A-12V XUNZEL para 3 bancos independientes completamente autom\u00e1tico. Universal.","breadcrumb":{"@id":"https:\/\/www.xunzel.com\/store\/producto\/dot-sbc-12v-20a\/#breadcrumb"},"inLanguage":"es","potentialAction":[{"@type":"ReadAction","target":["https:\/\/www.xunzel.com\/store\/producto\/dot-sbc-12v-20a\/"]}]},{"@type":"ImageObject","inLanguage":"es","@id":"https:\/\/www.xunzel.com\/store\/producto\/dot-sbc-12v-20a\/#primaryimage","url":"https:\/\/www.xunzel.com\/store\/wp-content\/uploads\/2023\/01\/DOT-SBC-2012_XUNZEL_100_B-scaled.jpg","contentUrl":"https:\/\/www.xunzel.com\/store\/wp-content\/uploads\/2023\/01\/DOT-SBC-2012_XUNZEL_100_B-scaled.jpg","width":2560,"height":2560,"caption":"Cargador Bater\u00edas Avanzado DOT-SBC-XUNZEL-20A-12V para 3 bancos independientes"},{"@type":"BreadcrumbList","@id":"https:\/\/www.xunzel.com\/store\/producto\/dot-sbc-12v-20a\/#breadcrumb","itemListElement":[{"@type":"ListItem","position":1,"name":"Portada","item":"https:\/\/www.xunzel.com\/store\/"},{"@type":"ListItem","position":2,"name":"Tienda","item":"https:\/\/www.xunzel.com\/store\/tienda\/"},{"@type":"ListItem","position":3,"name":"DOT-SBC 12V-20A"}]},{"@type":"WebSite","@id":"https:\/\/www.xunzel.com\/store\/#website","url":"https:\/\/www.xunzel.com\/store\/","name":"Xunzel","description":"Energy in a box - The Electric Revolution","publisher":{"@id":"https:\/\/www.xunzel.com\/store\/#organization"},"potentialAction":[{"@type":"SearchAction","target":{"@type":"EntryPoint","urlTemplate":"https:\/\/www.xunzel.com\/store\/?s={search_term_string}"},"query-input":{"@type":"PropertyValueSpecification","valueRequired":true,"valueName":"search_term_string"}}],"inLanguage":"es"},{"@type":"Organization","@id":"https:\/\/www.xunzel.com\/store\/#organization","name":"Xunzel","url":"https:\/\/www.xunzel.com\/store\/","logo":{"@type":"ImageObject","inLanguage":"es","@id":"https:\/\/www.xunzel.com\/store\/#\/schema\/logo\/image\/","url":"https:\/\/www.xunzel.com\/store\/wp-content\/uploads\/2021\/01\/logo-xunzel-footer.png","contentUrl":"https:\/\/www.xunzel.com\/store\/wp-content\/uploads\/2021\/01\/logo-xunzel-footer.png","width":280,"height":52,"caption":"Xunzel"},"image":{"@id":"https:\/\/www.xunzel.com\/store\/#\/schema\/logo\/image\/"}}]}},"_links":{"self":[{"href":"https:\/\/www.xunzel.com\/store\/wp-json\/wp\/v2\/product\/8608","targetHints":{"allow":["GET"]}}],"collection":[{"href":"https:\/\/www.xunzel.com\/store\/wp-json\/wp\/v2\/product"}],"about":[{"href":"https:\/\/www.xunzel.com\/store\/wp-json\/wp\/v2\/types\/product"}],"wp:featuredmedia":[{"embeddable":true,"href":"https:\/\/www.xunzel.com\/store\/wp-json\/wp\/v2\/media\/14714"}],"wp:attachment":[{"href":"https:\/\/www.xunzel.com\/store\/wp-json\/wp\/v2\/media?parent=8608"}],"wp:term":[{"taxonomy":"product_brand","embeddable":true,"href":"https:\/\/www.xunzel.com\/store\/wp-json\/wp\/v2\/product_brand?post=8608"},{"taxonomy":"product_cat","embeddable":true,"href":"https:\/\/www.xunzel.com\/store\/wp-json\/wp\/v2\/product_cat?post=8608"},{"taxonomy":"product_tag","embeddable":true,"href":"https:\/\/www.xunzel.com\/store\/wp-json\/wp\/v2\/product_tag?post=8608"}],"curies":[{"name":"wp","href":"https:\/\/api.w.org\/{rel}","templated":true}]}}