{"id":8589,"date":"2020-09-24T16:46:11","date_gmt":"2020-09-24T14:46:11","guid":{"rendered":"https:\/\/www.xunzel.com\/store\/producto\/solarpower-hd%c2%99-50w-12v\/"},"modified":"2024-12-19T13:35:28","modified_gmt":"2024-12-19T12:35:28","slug":"solarpower-hd-50w-12v","status":"publish","type":"product","link":"https:\/\/www.xunzel.com\/store\/producto\/solarpower-hd-50w-12v\/","title":{"rendered":"SOLARPOWER-HD 50W 12V"},"content":{"rendered":"<p>Panel solar fotovoltaico 50W de muy alta eficiencia y rendimiento. Extrafino (3mm), ligero y flexible.<br \/>\nF\u00e1cil instalaci\u00f3n. Caja de conexiones frontal y 4 ojales de acero inoxidable.<br \/>\nEspecialmente dise\u00f1ado para carga eficiente, estable y consistente de bater\u00edas de 12, 24 y 48V en sistemas aislados y de respaldo.<br \/>\nIncluye 3 metros de cable solar preinstalado listo para conectar directamente al controlador de carga. Garant\u00eda y ahorro de tiempo en la instalaci\u00f3n.<br \/>\nFabricado con materiales de muy alta calidad. Dise\u00f1o duradero y resistente a la corrosi\u00f3n y condiciones m\u00e1s extremas. IP67.<br \/>\nDimensiones reducidas y optimizadas.<br \/>\nMuy baja tensi\u00f3n. Seguro.<br \/>\nPackaging protector individual.<\/p>\n<p>XUNZEL dise\u00f1a y fabrica sus paneles solares de manera que son:<\/p>\n<ul>\n<li>\u00a0Resistentes al sombreado y el fen\u00f3meno &#8220;Hot-Spot&#8221; (gracias a sus diodos de bypass integrados) \u00de Mayor generaci\u00f3n.<\/li>\n<li>Libres de &#8220;micro-cracks&#8221;.<\/li>\n<li>Libres de &#8220;snail-trail&#8221; gracias a la excelente calidad del encapsulante y proceso de fabricaci\u00f3n libre de impurezas.<\/li>\n<li>Libres del efecto PID (Potential Induced Degradation).<\/li>\n<li>Libres de contaminaci\u00f3n interna y su posible delaminaci\u00f3n.<\/li>\n<li>Resistentes a la corrosi\u00f3n (en ambientes marinos, amonio, arena y polvo).<\/li>\n<\/ul>\n","protected":false},"excerpt":{"rendered":"<p>Panel solar fotovoltaico 50W de muy alta eficiencia y rendimiento. Extrafino (3mm), ligero y flexible.<br \/>\nF\u00e1cil instalaci\u00f3n. Caja de conexiones frontal y 4 ojales de acero inoxidable.<br \/>\nEspecialmente dise\u00f1ado para carga eficiente, estable y consistente de bater\u00edas de 12, 24 y 48V en sistemas aislados y de respaldo.<br \/>\nIncluye 3 metros de cable solar preinstalado listo para conectar directamente al controlador de carga. Garant\u00eda y ahorro de tiempo en la instalaci\u00f3n.<br \/>\nFabricado con materiales de muy alta calidad. Dise\u00f1o duradero y resistente a la corrosi\u00f3n y condiciones m\u00e1s extremas. IP67.<br \/>\nSeguro. Packaging protector individual.<\/p>\n<p><span class=\"shared-files-shortcode-admin-list shared-files-shortcode-admin-list-file shared-files-shortcode-15977\" title=\"[shared_files file_id=15977]\">[shared_files file_id=15977]<\/span><\/p>\n","protected":false},"featured_media":20877,"template":"","meta":{"_acf_changed":false},"product_brand":[],"product_cat":[96],"product_tag":[],"class_list":{"0":"post-8589","1":"product","2":"type-product","3":"status-publish","4":"has-post-thumbnail","6":"product_cat-solarpower-hd-series","8":"first","9":"instock","10":"taxable","11":"shipping-taxable","12":"purchasable","13":"product-type-simple"},"acf":[],"yoast_head":"<!-- This site is optimized with the Yoast SEO plugin v25.4 - https:\/\/yoast.com\/wordpress\/plugins\/seo\/ -->\n<title>SOLARPOWER-HD 50W 12V &#8211; Xunzel<\/title>\n<meta name=\"robots\" content=\"index, follow, max-snippet:-1, max-image-preview:large, max-video-preview:-1\" \/>\n<link rel=\"canonical\" href=\"https:\/\/www.xunzel.com\/store\/producto\/solarpower-hd-50w-12v\/\" \/>\n<meta property=\"og:locale\" content=\"es_ES\" \/>\n<meta property=\"og:type\" content=\"article\" \/>\n<meta property=\"og:title\" content=\"SOLARPOWER-HD 50W 12V &#8211; Xunzel\" \/>\n<meta property=\"og:description\" content=\"Panel solar fotovoltaico 50W de muy alta eficiencia y rendimiento. Extrafino (3mm), ligero y flexible. F\u00e1cil instalaci\u00f3n. Caja de conexiones frontal y 4 ojales de acero inoxidable. Especialmente dise\u00f1ado para carga eficiente, estable y consistente de bater\u00edas de 12, 24 y 48V en sistemas aislados y de respaldo. Incluye 3 metros de cable solar preinstalado listo para conectar directamente al controlador de carga. Garant\u00eda y ahorro de tiempo en la instalaci\u00f3n. Fabricado con materiales de muy alta calidad. Dise\u00f1o duradero y resistente a la corrosi\u00f3n y condiciones m\u00e1s extremas. IP67. Seguro. Packaging protector individual.\" \/>\n<meta property=\"og:url\" content=\"https:\/\/www.xunzel.com\/store\/producto\/solarpower-hd-50w-12v\/\" \/>\n<meta property=\"og:site_name\" content=\"Xunzel\" \/>\n<meta property=\"article:modified_time\" content=\"2024-12-19T12:35:28+00:00\" \/>\n<meta property=\"og:image\" content=\"https:\/\/www.xunzel.com\/store\/wp-content\/uploads\/2020\/09\/SOLARPOWER-HD-50W.jpg\" \/>\n\t<meta property=\"og:image:width\" content=\"2000\" \/>\n\t<meta property=\"og:image:height\" content=\"2000\" \/>\n\t<meta property=\"og:image:type\" content=\"image\/jpeg\" \/>\n<meta name=\"twitter:card\" content=\"summary_large_image\" \/>\n<meta name=\"twitter:label1\" content=\"Tiempo de lectura\" \/>\n\t<meta name=\"twitter:data1\" content=\"2 minutos\" \/>\n<script type=\"application\/ld+json\" class=\"yoast-schema-graph\">{\"@context\":\"https:\/\/schema.org\",\"@graph\":[{\"@type\":\"WebPage\",\"@id\":\"https:\/\/www.xunzel.com\/store\/producto\/solarpower-hd-50w-12v\/\",\"url\":\"https:\/\/www.xunzel.com\/store\/producto\/solarpower-hd-50w-12v\/\",\"name\":\"SOLARPOWER-HD 50W 12V &#8211; Xunzel\",\"isPartOf\":{\"@id\":\"https:\/\/www.xunzel.com\/store\/#website\"},\"primaryImageOfPage\":{\"@id\":\"https:\/\/www.xunzel.com\/store\/producto\/solarpower-hd-50w-12v\/#primaryimage\"},\"image\":{\"@id\":\"https:\/\/www.xunzel.com\/store\/producto\/solarpower-hd-50w-12v\/#primaryimage\"},\"thumbnailUrl\":\"https:\/\/www.xunzel.com\/store\/wp-content\/uploads\/2020\/09\/SOLARPOWER-HD-50W.jpg\",\"datePublished\":\"2020-09-24T14:46:11+00:00\",\"dateModified\":\"2024-12-19T12:35:28+00:00\",\"breadcrumb\":{\"@id\":\"https:\/\/www.xunzel.com\/store\/producto\/solarpower-hd-50w-12v\/#breadcrumb\"},\"inLanguage\":\"es\",\"potentialAction\":[{\"@type\":\"ReadAction\",\"target\":[\"https:\/\/www.xunzel.com\/store\/producto\/solarpower-hd-50w-12v\/\"]}]},{\"@type\":\"ImageObject\",\"inLanguage\":\"es\",\"@id\":\"https:\/\/www.xunzel.com\/store\/producto\/solarpower-hd-50w-12v\/#primaryimage\",\"url\":\"https:\/\/www.xunzel.com\/store\/wp-content\/uploads\/2020\/09\/SOLARPOWER-HD-50W.jpg\",\"contentUrl\":\"https:\/\/www.xunzel.com\/store\/wp-content\/uploads\/2020\/09\/SOLARPOWER-HD-50W.jpg\",\"width\":2000,\"height\":2000},{\"@type\":\"BreadcrumbList\",\"@id\":\"https:\/\/www.xunzel.com\/store\/producto\/solarpower-hd-50w-12v\/#breadcrumb\",\"itemListElement\":[{\"@type\":\"ListItem\",\"position\":1,\"name\":\"Portada\",\"item\":\"https:\/\/www.xunzel.com\/store\/\"},{\"@type\":\"ListItem\",\"position\":2,\"name\":\"Tienda\",\"item\":\"https:\/\/www.xunzel.com\/store\/tienda\/\"},{\"@type\":\"ListItem\",\"position\":3,\"name\":\"SOLARPOWER-HD 50W 12V\"}]},{\"@type\":\"WebSite\",\"@id\":\"https:\/\/www.xunzel.com\/store\/#website\",\"url\":\"https:\/\/www.xunzel.com\/store\/\",\"name\":\"Xunzel\",\"description\":\"Energy in a box - The Electric Revolution\",\"publisher\":{\"@id\":\"https:\/\/www.xunzel.com\/store\/#organization\"},\"potentialAction\":[{\"@type\":\"SearchAction\",\"target\":{\"@type\":\"EntryPoint\",\"urlTemplate\":\"https:\/\/www.xunzel.com\/store\/?s={search_term_string}\"},\"query-input\":{\"@type\":\"PropertyValueSpecification\",\"valueRequired\":true,\"valueName\":\"search_term_string\"}}],\"inLanguage\":\"es\"},{\"@type\":\"Organization\",\"@id\":\"https:\/\/www.xunzel.com\/store\/#organization\",\"name\":\"Xunzel\",\"url\":\"https:\/\/www.xunzel.com\/store\/\",\"logo\":{\"@type\":\"ImageObject\",\"inLanguage\":\"es\",\"@id\":\"https:\/\/www.xunzel.com\/store\/#\/schema\/logo\/image\/\",\"url\":\"https:\/\/www.xunzel.com\/store\/wp-content\/uploads\/2021\/01\/logo-xunzel-footer.png\",\"contentUrl\":\"https:\/\/www.xunzel.com\/store\/wp-content\/uploads\/2021\/01\/logo-xunzel-footer.png\",\"width\":280,\"height\":52,\"caption\":\"Xunzel\"},\"image\":{\"@id\":\"https:\/\/www.xunzel.com\/store\/#\/schema\/logo\/image\/\"}}]}<\/script>\n<!-- \/ Yoast SEO plugin. -->","yoast_head_json":{"title":"SOLARPOWER-HD 50W 12V &#8211; Xunzel","robots":{"index":"index","follow":"follow","max-snippet":"max-snippet:-1","max-image-preview":"max-image-preview:large","max-video-preview":"max-video-preview:-1"},"canonical":"https:\/\/www.xunzel.com\/store\/producto\/solarpower-hd-50w-12v\/","og_locale":"es_ES","og_type":"article","og_title":"SOLARPOWER-HD 50W 12V &#8211; Xunzel","og_description":"Panel solar fotovoltaico 50W de muy alta eficiencia y rendimiento. Extrafino (3mm), ligero y flexible. F\u00e1cil instalaci\u00f3n. Caja de conexiones frontal y 4 ojales de acero inoxidable. Especialmente dise\u00f1ado para carga eficiente, estable y consistente de bater\u00edas de 12, 24 y 48V en sistemas aislados y de respaldo. Incluye 3 metros de cable solar preinstalado listo para conectar directamente al controlador de carga. Garant\u00eda y ahorro de tiempo en la instalaci\u00f3n. Fabricado con materiales de muy alta calidad. Dise\u00f1o duradero y resistente a la corrosi\u00f3n y condiciones m\u00e1s extremas. IP67. Seguro. Packaging protector individual.","og_url":"https:\/\/www.xunzel.com\/store\/producto\/solarpower-hd-50w-12v\/","og_site_name":"Xunzel","article_modified_time":"2024-12-19T12:35:28+00:00","og_image":[{"width":2000,"height":2000,"url":"https:\/\/www.xunzel.com\/store\/wp-content\/uploads\/2020\/09\/SOLARPOWER-HD-50W.jpg","type":"image\/jpeg"}],"twitter_card":"summary_large_image","twitter_misc":{"Tiempo de lectura":"2 minutos"},"schema":{"@context":"https:\/\/schema.org","@graph":[{"@type":"WebPage","@id":"https:\/\/www.xunzel.com\/store\/producto\/solarpower-hd-50w-12v\/","url":"https:\/\/www.xunzel.com\/store\/producto\/solarpower-hd-50w-12v\/","name":"SOLARPOWER-HD 50W 12V &#8211; Xunzel","isPartOf":{"@id":"https:\/\/www.xunzel.com\/store\/#website"},"primaryImageOfPage":{"@id":"https:\/\/www.xunzel.com\/store\/producto\/solarpower-hd-50w-12v\/#primaryimage"},"image":{"@id":"https:\/\/www.xunzel.com\/store\/producto\/solarpower-hd-50w-12v\/#primaryimage"},"thumbnailUrl":"https:\/\/www.xunzel.com\/store\/wp-content\/uploads\/2020\/09\/SOLARPOWER-HD-50W.jpg","datePublished":"2020-09-24T14:46:11+00:00","dateModified":"2024-12-19T12:35:28+00:00","breadcrumb":{"@id":"https:\/\/www.xunzel.com\/store\/producto\/solarpower-hd-50w-12v\/#breadcrumb"},"inLanguage":"es","potentialAction":[{"@type":"ReadAction","target":["https:\/\/www.xunzel.com\/store\/producto\/solarpower-hd-50w-12v\/"]}]},{"@type":"ImageObject","inLanguage":"es","@id":"https:\/\/www.xunzel.com\/store\/producto\/solarpower-hd-50w-12v\/#primaryimage","url":"https:\/\/www.xunzel.com\/store\/wp-content\/uploads\/2020\/09\/SOLARPOWER-HD-50W.jpg","contentUrl":"https:\/\/www.xunzel.com\/store\/wp-content\/uploads\/2020\/09\/SOLARPOWER-HD-50W.jpg","width":2000,"height":2000},{"@type":"BreadcrumbList","@id":"https:\/\/www.xunzel.com\/store\/producto\/solarpower-hd-50w-12v\/#breadcrumb","itemListElement":[{"@type":"ListItem","position":1,"name":"Portada","item":"https:\/\/www.xunzel.com\/store\/"},{"@type":"ListItem","position":2,"name":"Tienda","item":"https:\/\/www.xunzel.com\/store\/tienda\/"},{"@type":"ListItem","position":3,"name":"SOLARPOWER-HD 50W 12V"}]},{"@type":"WebSite","@id":"https:\/\/www.xunzel.com\/store\/#website","url":"https:\/\/www.xunzel.com\/store\/","name":"Xunzel","description":"Energy in a box - The Electric Revolution","publisher":{"@id":"https:\/\/www.xunzel.com\/store\/#organization"},"potentialAction":[{"@type":"SearchAction","target":{"@type":"EntryPoint","urlTemplate":"https:\/\/www.xunzel.com\/store\/?s={search_term_string}"},"query-input":{"@type":"PropertyValueSpecification","valueRequired":true,"valueName":"search_term_string"}}],"inLanguage":"es"},{"@type":"Organization","@id":"https:\/\/www.xunzel.com\/store\/#organization","name":"Xunzel","url":"https:\/\/www.xunzel.com\/store\/","logo":{"@type":"ImageObject","inLanguage":"es","@id":"https:\/\/www.xunzel.com\/store\/#\/schema\/logo\/image\/","url":"https:\/\/www.xunzel.com\/store\/wp-content\/uploads\/2021\/01\/logo-xunzel-footer.png","contentUrl":"https:\/\/www.xunzel.com\/store\/wp-content\/uploads\/2021\/01\/logo-xunzel-footer.png","width":280,"height":52,"caption":"Xunzel"},"image":{"@id":"https:\/\/www.xunzel.com\/store\/#\/schema\/logo\/image\/"}}]}},"_links":{"self":[{"href":"https:\/\/www.xunzel.com\/store\/wp-json\/wp\/v2\/product\/8589","targetHints":{"allow":["GET"]}}],"collection":[{"href":"https:\/\/www.xunzel.com\/store\/wp-json\/wp\/v2\/product"}],"about":[{"href":"https:\/\/www.xunzel.com\/store\/wp-json\/wp\/v2\/types\/product"}],"wp:featuredmedia":[{"embeddable":true,"href":"https:\/\/www.xunzel.com\/store\/wp-json\/wp\/v2\/media\/20877"}],"wp:attachment":[{"href":"https:\/\/www.xunzel.com\/store\/wp-json\/wp\/v2\/media?parent=8589"}],"wp:term":[{"taxonomy":"product_brand","embeddable":true,"href":"https:\/\/www.xunzel.com\/store\/wp-json\/wp\/v2\/product_brand?post=8589"},{"taxonomy":"product_cat","embeddable":true,"href":"https:\/\/www.xunzel.com\/store\/wp-json\/wp\/v2\/product_cat?post=8589"},{"taxonomy":"product_tag","embeddable":true,"href":"https:\/\/www.xunzel.com\/store\/wp-json\/wp\/v2\/product_tag?post=8589"}],"curies":[{"name":"wp","href":"https:\/\/api.w.org\/{rel}","templated":true}]}}