{"id":8588,"date":"2020-09-24T16:20:49","date_gmt":"2020-09-24T14:20:49","guid":{"rendered":"https:\/\/www.xunzel.com\/store\/producto\/solarx%c2%99-240\/"},"modified":"2024-12-19T15:37:45","modified_gmt":"2024-12-19T14:37:45","slug":"solarx-240","status":"publish","type":"product","link":"https:\/\/www.xunzel.com\/store\/producto\/solarx-240\/","title":{"rendered":"SOLARX 240"},"content":{"rendered":"<p>SOLARX-240 (12V &#8211; 240Ah-C120 | 210Ah-C20). Bater\u00eda de ciclo profundo robusta y segura, espec\u00edficamente dise\u00f1ada y fabricada para aplicaciones c\u00edclicas de carga y descarga profunda repetida y continuada en instalaciones aisladas. Vida \u00fatil muy superior a las bater\u00edas dise\u00f1adas para aplicaciones de standby, flotaci\u00f3n o arranque. Con excelente capacidad de recuperaci\u00f3n de descargas profundas. Hasta 2000 ciclos.<\/p>\n<p>Sin mantenimiento. Sellada y sin riesgo de derramamientos. Bater\u00eda de plomo-acido con v\u00e1lvula regulada-VRLA y construcci\u00f3n de malla de fibra de vidrio absorbente-AGM sin fugas y con sistema de recombinaci\u00f3n de gas.<\/p>\n<p>Dise\u00f1ada para instalaci\u00f3n multi posici\u00f3n. Facilita su instalaci\u00f3n.<\/p>\n<p>Larga vida \u00fatil (hasta 12 a\u00f1os) y alta estabilidad en vida \u00fatil de ciclos. Calidad estable y Fiables. Excelente calidad de las placas, resistentes a la corrosi\u00f3n durante toda su vida \u00fatil.<\/p>\n<p>Muy baja auto descarga. Alta capacidad inicial y f\u00e1cil puesta en marcha. Mayor tiempo para almacenar sin uso. Hasta 12 meses sin recarga. Resistencia interna baja y estable. Ideales para alimentar equipos electr\u00f3nicos y cr\u00edticos.<\/p>\n<p>Especialmente apropiada para aplicaciones exigentes como solares y e\u00f3licas aisladas, de respaldo, industriales, alimentaci\u00f3n de equipos electr\u00f3nicos, IoT \/ IIoT, Sistemas de Alimentaci\u00f3n Ininterrumpida -SAI\/UPS-, telecomunicaciones y aplicaciones de alta corriente de descarga como inversores, motores y automatismos, \u2026<\/p>\n<p>Construidas con materiales especiales para no propagaci\u00f3n del fuego (Certificadas XUNZEL UL94 V-0)<\/p>\n<p>Excelente comportamiento ante temperaturas extremas: -20\u00b0 a +60\u00b0C<\/p>\n<p>Dise\u00f1o exigente garantizado con el m\u00e1ximo nivel de certificaciones.<\/p>\n<p>Seguras y conformes UN2800. V\u00e1lidas para cualquier transporte: a\u00e9reo (IATA y FAA), mar\u00edtimo (IMDG), ferroviario y terrestre (ADR\/RID)<\/p>\n","protected":false},"excerpt":{"rendered":"<p>Bater\u00eda Solar de Ciclo Profundo (Deep-Cycle) 12V con capacidad de 240Ah-C120 | 210Ah-C20.<br \/>\nIdeal para uso en sistemas fotovoltaicos y mini-e\u00f3licos, energ\u00eda de respaldo (SAI\/backup), aplicaciones industriales, IoT y de seguridad.<br \/>\nTecnolog\u00eda \u00e1cido-plomo AGM de larga duraci\u00f3n. Especialmente dise\u00f1ada para ciclos profundos.<br \/>\nSellada, 100% segura, sin mantenimiento y con muy baja auto-descarga.<br \/>\nResistencia interna muy baja, ideal para cargas electr\u00f3nicas.<br \/>\nMultiposici\u00f3n. Certificada para transporte terrestre y a\u00e9reo internacional.<\/p>\n<p><span class=\"shared-files-shortcode-admin-list shared-files-shortcode-admin-list-file shared-files-shortcode-15542\" title=\"[shared_files file_id=15542]\"><span class=\"shared-files-shortcode-admin-list shared-files-shortcode-admin-list-file shared-files-shortcode-16988\" title=\"[shared_files file_id=16988]\"><span class=\"shared-files-shortcode-admin-list shared-files-shortcode-admin-list-file shared-files-shortcode-21530\" title=\"[shared_files file_id=21530]\">[shared_files file_id=21530]<\/span><\/span><\/span><\/p>\n","protected":false},"featured_media":9856,"template":"","meta":{"_acf_changed":false},"product_brand":[],"product_cat":[118],"product_tag":[],"class_list":{"0":"post-8588","1":"product","2":"type-product","3":"status-publish","4":"has-post-thumbnail","6":"product_cat-solarx-series","8":"first","9":"instock","10":"taxable","11":"shipping-taxable","12":"purchasable","13":"product-type-simple"},"acf":[],"yoast_head":"<!-- This site is optimized with the Yoast SEO plugin v25.4 - https:\/\/yoast.com\/wordpress\/plugins\/seo\/ -->\n<title>SOLARX 240 &#8211; Xunzel<\/title>\n<meta name=\"robots\" content=\"index, follow, max-snippet:-1, max-image-preview:large, max-video-preview:-1\" \/>\n<link rel=\"canonical\" href=\"https:\/\/www.xunzel.com\/store\/producto\/solarx-240\/\" \/>\n<meta property=\"og:locale\" content=\"es_ES\" \/>\n<meta property=\"og:type\" content=\"article\" \/>\n<meta property=\"og:title\" content=\"SOLARX 240 &#8211; Xunzel\" \/>\n<meta property=\"og:description\" content=\"Bater\u00eda Solar de Ciclo Profundo (Deep-Cycle) 12V con capacidad de 240Ah-C120 | 210Ah-C20. Ideal para uso en sistemas fotovoltaicos y mini-e\u00f3licos, energ\u00eda de respaldo (SAI\/backup), aplicaciones industriales, IoT y de seguridad. Tecnolog\u00eda \u00e1cido-plomo AGM de larga duraci\u00f3n. Especialmente dise\u00f1ada para ciclos profundos. Sellada, 100% segura, sin mantenimiento y con muy baja auto-descarga. Resistencia interna muy baja, ideal para cargas electr\u00f3nicas. Multiposici\u00f3n. Certificada para transporte terrestre y a\u00e9reo internacional.\" \/>\n<meta property=\"og:url\" content=\"https:\/\/www.xunzel.com\/store\/producto\/solarx-240\/\" \/>\n<meta property=\"og:site_name\" content=\"Xunzel\" \/>\n<meta property=\"article:modified_time\" content=\"2024-12-19T14:37:45+00:00\" \/>\n<meta property=\"og:image\" content=\"https:\/\/www.xunzel.com\/store\/wp-content\/uploads\/2020\/09\/1-SOLARXcp_240.jpg\" \/>\n\t<meta property=\"og:image:width\" content=\"1100\" \/>\n\t<meta property=\"og:image:height\" content=\"1110\" \/>\n\t<meta property=\"og:image:type\" content=\"image\/jpeg\" \/>\n<meta name=\"twitter:card\" content=\"summary_large_image\" \/>\n<meta name=\"twitter:label1\" content=\"Tiempo de lectura\" \/>\n\t<meta name=\"twitter:data1\" content=\"2 minutos\" \/>\n<script type=\"application\/ld+json\" class=\"yoast-schema-graph\">{\"@context\":\"https:\/\/schema.org\",\"@graph\":[{\"@type\":\"WebPage\",\"@id\":\"https:\/\/www.xunzel.com\/store\/producto\/solarx-240\/\",\"url\":\"https:\/\/www.xunzel.com\/store\/producto\/solarx-240\/\",\"name\":\"SOLARX 240 &#8211; Xunzel\",\"isPartOf\":{\"@id\":\"https:\/\/www.xunzel.com\/store\/#website\"},\"primaryImageOfPage\":{\"@id\":\"https:\/\/www.xunzel.com\/store\/producto\/solarx-240\/#primaryimage\"},\"image\":{\"@id\":\"https:\/\/www.xunzel.com\/store\/producto\/solarx-240\/#primaryimage\"},\"thumbnailUrl\":\"https:\/\/www.xunzel.com\/store\/wp-content\/uploads\/2020\/09\/1-SOLARXcp_240.jpg\",\"datePublished\":\"2020-09-24T14:20:49+00:00\",\"dateModified\":\"2024-12-19T14:37:45+00:00\",\"breadcrumb\":{\"@id\":\"https:\/\/www.xunzel.com\/store\/producto\/solarx-240\/#breadcrumb\"},\"inLanguage\":\"es\",\"potentialAction\":[{\"@type\":\"ReadAction\",\"target\":[\"https:\/\/www.xunzel.com\/store\/producto\/solarx-240\/\"]}]},{\"@type\":\"ImageObject\",\"inLanguage\":\"es\",\"@id\":\"https:\/\/www.xunzel.com\/store\/producto\/solarx-240\/#primaryimage\",\"url\":\"https:\/\/www.xunzel.com\/store\/wp-content\/uploads\/2020\/09\/1-SOLARXcp_240.jpg\",\"contentUrl\":\"https:\/\/www.xunzel.com\/store\/wp-content\/uploads\/2020\/09\/1-SOLARXcp_240.jpg\",\"width\":1100,\"height\":1110},{\"@type\":\"BreadcrumbList\",\"@id\":\"https:\/\/www.xunzel.com\/store\/producto\/solarx-240\/#breadcrumb\",\"itemListElement\":[{\"@type\":\"ListItem\",\"position\":1,\"name\":\"Portada\",\"item\":\"https:\/\/www.xunzel.com\/store\/\"},{\"@type\":\"ListItem\",\"position\":2,\"name\":\"Tienda\",\"item\":\"https:\/\/www.xunzel.com\/store\/tienda\/\"},{\"@type\":\"ListItem\",\"position\":3,\"name\":\"SOLARX 240\"}]},{\"@type\":\"WebSite\",\"@id\":\"https:\/\/www.xunzel.com\/store\/#website\",\"url\":\"https:\/\/www.xunzel.com\/store\/\",\"name\":\"Xunzel\",\"description\":\"Energy in a box - The Electric Revolution\",\"publisher\":{\"@id\":\"https:\/\/www.xunzel.com\/store\/#organization\"},\"potentialAction\":[{\"@type\":\"SearchAction\",\"target\":{\"@type\":\"EntryPoint\",\"urlTemplate\":\"https:\/\/www.xunzel.com\/store\/?s={search_term_string}\"},\"query-input\":{\"@type\":\"PropertyValueSpecification\",\"valueRequired\":true,\"valueName\":\"search_term_string\"}}],\"inLanguage\":\"es\"},{\"@type\":\"Organization\",\"@id\":\"https:\/\/www.xunzel.com\/store\/#organization\",\"name\":\"Xunzel\",\"url\":\"https:\/\/www.xunzel.com\/store\/\",\"logo\":{\"@type\":\"ImageObject\",\"inLanguage\":\"es\",\"@id\":\"https:\/\/www.xunzel.com\/store\/#\/schema\/logo\/image\/\",\"url\":\"https:\/\/www.xunzel.com\/store\/wp-content\/uploads\/2021\/01\/logo-xunzel-footer.png\",\"contentUrl\":\"https:\/\/www.xunzel.com\/store\/wp-content\/uploads\/2021\/01\/logo-xunzel-footer.png\",\"width\":280,\"height\":52,\"caption\":\"Xunzel\"},\"image\":{\"@id\":\"https:\/\/www.xunzel.com\/store\/#\/schema\/logo\/image\/\"}}]}<\/script>\n<!-- \/ Yoast SEO plugin. -->","yoast_head_json":{"title":"SOLARX 240 &#8211; Xunzel","robots":{"index":"index","follow":"follow","max-snippet":"max-snippet:-1","max-image-preview":"max-image-preview:large","max-video-preview":"max-video-preview:-1"},"canonical":"https:\/\/www.xunzel.com\/store\/producto\/solarx-240\/","og_locale":"es_ES","og_type":"article","og_title":"SOLARX 240 &#8211; Xunzel","og_description":"Bater\u00eda Solar de Ciclo Profundo (Deep-Cycle) 12V con capacidad de 240Ah-C120 | 210Ah-C20. Ideal para uso en sistemas fotovoltaicos y mini-e\u00f3licos, energ\u00eda de respaldo (SAI\/backup), aplicaciones industriales, IoT y de seguridad. Tecnolog\u00eda \u00e1cido-plomo AGM de larga duraci\u00f3n. Especialmente dise\u00f1ada para ciclos profundos. Sellada, 100% segura, sin mantenimiento y con muy baja auto-descarga. Resistencia interna muy baja, ideal para cargas electr\u00f3nicas. Multiposici\u00f3n. Certificada para transporte terrestre y a\u00e9reo internacional.","og_url":"https:\/\/www.xunzel.com\/store\/producto\/solarx-240\/","og_site_name":"Xunzel","article_modified_time":"2024-12-19T14:37:45+00:00","og_image":[{"width":1100,"height":1110,"url":"https:\/\/www.xunzel.com\/store\/wp-content\/uploads\/2020\/09\/1-SOLARXcp_240.jpg","type":"image\/jpeg"}],"twitter_card":"summary_large_image","twitter_misc":{"Tiempo de lectura":"2 minutos"},"schema":{"@context":"https:\/\/schema.org","@graph":[{"@type":"WebPage","@id":"https:\/\/www.xunzel.com\/store\/producto\/solarx-240\/","url":"https:\/\/www.xunzel.com\/store\/producto\/solarx-240\/","name":"SOLARX 240 &#8211; Xunzel","isPartOf":{"@id":"https:\/\/www.xunzel.com\/store\/#website"},"primaryImageOfPage":{"@id":"https:\/\/www.xunzel.com\/store\/producto\/solarx-240\/#primaryimage"},"image":{"@id":"https:\/\/www.xunzel.com\/store\/producto\/solarx-240\/#primaryimage"},"thumbnailUrl":"https:\/\/www.xunzel.com\/store\/wp-content\/uploads\/2020\/09\/1-SOLARXcp_240.jpg","datePublished":"2020-09-24T14:20:49+00:00","dateModified":"2024-12-19T14:37:45+00:00","breadcrumb":{"@id":"https:\/\/www.xunzel.com\/store\/producto\/solarx-240\/#breadcrumb"},"inLanguage":"es","potentialAction":[{"@type":"ReadAction","target":["https:\/\/www.xunzel.com\/store\/producto\/solarx-240\/"]}]},{"@type":"ImageObject","inLanguage":"es","@id":"https:\/\/www.xunzel.com\/store\/producto\/solarx-240\/#primaryimage","url":"https:\/\/www.xunzel.com\/store\/wp-content\/uploads\/2020\/09\/1-SOLARXcp_240.jpg","contentUrl":"https:\/\/www.xunzel.com\/store\/wp-content\/uploads\/2020\/09\/1-SOLARXcp_240.jpg","width":1100,"height":1110},{"@type":"BreadcrumbList","@id":"https:\/\/www.xunzel.com\/store\/producto\/solarx-240\/#breadcrumb","itemListElement":[{"@type":"ListItem","position":1,"name":"Portada","item":"https:\/\/www.xunzel.com\/store\/"},{"@type":"ListItem","position":2,"name":"Tienda","item":"https:\/\/www.xunzel.com\/store\/tienda\/"},{"@type":"ListItem","position":3,"name":"SOLARX 240"}]},{"@type":"WebSite","@id":"https:\/\/www.xunzel.com\/store\/#website","url":"https:\/\/www.xunzel.com\/store\/","name":"Xunzel","description":"Energy in a box - The Electric Revolution","publisher":{"@id":"https:\/\/www.xunzel.com\/store\/#organization"},"potentialAction":[{"@type":"SearchAction","target":{"@type":"EntryPoint","urlTemplate":"https:\/\/www.xunzel.com\/store\/?s={search_term_string}"},"query-input":{"@type":"PropertyValueSpecification","valueRequired":true,"valueName":"search_term_string"}}],"inLanguage":"es"},{"@type":"Organization","@id":"https:\/\/www.xunzel.com\/store\/#organization","name":"Xunzel","url":"https:\/\/www.xunzel.com\/store\/","logo":{"@type":"ImageObject","inLanguage":"es","@id":"https:\/\/www.xunzel.com\/store\/#\/schema\/logo\/image\/","url":"https:\/\/www.xunzel.com\/store\/wp-content\/uploads\/2021\/01\/logo-xunzel-footer.png","contentUrl":"https:\/\/www.xunzel.com\/store\/wp-content\/uploads\/2021\/01\/logo-xunzel-footer.png","width":280,"height":52,"caption":"Xunzel"},"image":{"@id":"https:\/\/www.xunzel.com\/store\/#\/schema\/logo\/image\/"}}]}},"_links":{"self":[{"href":"https:\/\/www.xunzel.com\/store\/wp-json\/wp\/v2\/product\/8588","targetHints":{"allow":["GET"]}}],"collection":[{"href":"https:\/\/www.xunzel.com\/store\/wp-json\/wp\/v2\/product"}],"about":[{"href":"https:\/\/www.xunzel.com\/store\/wp-json\/wp\/v2\/types\/product"}],"wp:featuredmedia":[{"embeddable":true,"href":"https:\/\/www.xunzel.com\/store\/wp-json\/wp\/v2\/media\/9856"}],"wp:attachment":[{"href":"https:\/\/www.xunzel.com\/store\/wp-json\/wp\/v2\/media?parent=8588"}],"wp:term":[{"taxonomy":"product_brand","embeddable":true,"href":"https:\/\/www.xunzel.com\/store\/wp-json\/wp\/v2\/product_brand?post=8588"},{"taxonomy":"product_cat","embeddable":true,"href":"https:\/\/www.xunzel.com\/store\/wp-json\/wp\/v2\/product_cat?post=8588"},{"taxonomy":"product_tag","embeddable":true,"href":"https:\/\/www.xunzel.com\/store\/wp-json\/wp\/v2\/product_tag?post=8588"}],"curies":[{"name":"wp","href":"https:\/\/api.w.org\/{rel}","templated":true}]}}