{"id":8577,"date":"2020-09-24T16:07:15","date_gmt":"2020-09-24T14:07:15","guid":{"rendered":"https:\/\/www.xunzel.com\/store\/producto\/solarpro-gel%c2%99-589b24\/"},"modified":"2024-12-19T16:58:28","modified_gmt":"2024-12-19T15:58:28","slug":"solarx-pro-589b24","status":"publish","type":"product","link":"https:\/\/www.xunzel.com\/store\/producto\/solarx-pro-589b24\/","title":{"rendered":"SOLARX-PRO 589B24"},"content":{"rendered":"<p>SOLARX-PRO-589B24. Banco de Bater\u00edas Solares Completo 48V, con cables y terminales incluidos.<br \/>\nSOLARX-PRO es la soluci\u00f3n ideal para sistemas de energ\u00edas renovables y de respaldo (SAI\/UPS), tanto en el \u00e1mbito industrial como dom\u00e9stico.<br \/>\nDise\u00f1o robusto, bater\u00eda de aleaci\u00f3n de plomo resistente a la corrosi\u00f3n, con placas positivas tubulares, especialmente dise\u00f1ada para soportar ciclos profundos.<br \/>\nAlta durabilidad y larga vida \u00fatil (IEC\/EN 61427). Rendimiento excepcional incluso bajo condiciones extremas. Apto para instalaci\u00f3n en horizontal.<br \/>\nSellada, 100% Segura, Sin Mantenimiento y con muy baja auto-descarga.<br \/>\nAmplio rango de temperatura de operaci\u00f3n: -20\u00b0C a 45\u00b0C (recomendado: 10\u00b0C a 30\u00b0C)<br \/>\nAlta capacidad: 28kWh-589Ah-48V (C120) &#8211; 24kWh-506Ah-48V (C20)<br \/>\nPeso banco de bater\u00edas: 753.6kg<br \/>\nDimensiones de cada celda (2V): 126x208x535 mm<br \/>\nDIN40742\/DIN40744: 5 OPzV 350.<\/p>\n","protected":false},"excerpt":{"rendered":"<p>Banco de Bater\u00edas Solares Completo 28KWh &#8211; 589Ah &#8211; 48V, con cables y terminales incluidos. SOLARX-PRO es la soluci\u00f3n ideal para sistemas de energ\u00edas renovables y de respaldo (SAI\/UPS), tanto en el \u00e1mbito industrial como dom\u00e9stico.<br \/>\nEspecialmente dise\u00f1ada para ciclos profundos. Alta durabilidad y larga vida \u00fatil (IEC\/EN 61427). Rendimiento excepcional incluso bajo condiciones extremas. Apto para instalaci\u00f3n en horizontal.<br \/>\nSellada, 100% Segura, Sin Mantenimiento y con muy baja auto-descarga.<\/p>\n<p><span class=\"shared-files-shortcode-admin-list shared-files-shortcode-admin-list-file shared-files-shortcode-16678\" title=\"[shared_files file_id=16678]\">[shared_files file_id=16678]<\/span><\/p>\n","protected":false},"featured_media":16580,"template":"","meta":{"_acf_changed":false},"product_brand":[],"product_cat":[120],"product_tag":[],"class_list":{"0":"post-8577","1":"product","2":"type-product","3":"status-publish","4":"has-post-thumbnail","6":"product_cat-solarx-pro-series","8":"first","9":"instock","10":"taxable","11":"shipping-taxable","12":"purchasable","13":"product-type-simple"},"acf":[],"yoast_head":"<!-- This site is optimized with the Yoast SEO plugin v25.4 - https:\/\/yoast.com\/wordpress\/plugins\/seo\/ -->\n<title>SOLARX-PRO 589B24 &#8211; Xunzel<\/title>\n<meta name=\"robots\" content=\"index, follow, max-snippet:-1, max-image-preview:large, max-video-preview:-1\" \/>\n<link rel=\"canonical\" href=\"https:\/\/www.xunzel.com\/store\/producto\/solarx-pro-589b24\/\" \/>\n<meta property=\"og:locale\" content=\"es_ES\" \/>\n<meta property=\"og:type\" content=\"article\" \/>\n<meta property=\"og:title\" content=\"SOLARX-PRO 589B24 &#8211; Xunzel\" \/>\n<meta property=\"og:description\" content=\"Banco de Bater\u00edas Solares Completo 28KWh - 589Ah - 48V, con cables y terminales incluidos. SOLARX-PRO es la soluci\u00f3n ideal para sistemas de energ\u00edas renovables y de respaldo (SAI\/UPS), tanto en el \u00e1mbito industrial como dom\u00e9stico. Especialmente dise\u00f1ada para ciclos profundos. Alta durabilidad y larga vida \u00fatil (IEC\/EN 61427). Rendimiento excepcional incluso bajo condiciones extremas. Apto para instalaci\u00f3n en horizontal. Sellada, 100% Segura, Sin Mantenimiento y con muy baja auto-descarga.\" \/>\n<meta property=\"og:url\" content=\"https:\/\/www.xunzel.com\/store\/producto\/solarx-pro-589b24\/\" \/>\n<meta property=\"og:site_name\" content=\"Xunzel\" \/>\n<meta property=\"article:modified_time\" content=\"2024-12-19T15:58:28+00:00\" \/>\n<meta property=\"og:image\" content=\"https:\/\/www.xunzel.com\/store\/wp-content\/uploads\/2023\/05\/SOLARX-PRO_589B24_w.jpg\" \/>\n\t<meta property=\"og:image:width\" content=\"2500\" \/>\n\t<meta property=\"og:image:height\" content=\"2500\" \/>\n\t<meta property=\"og:image:type\" content=\"image\/jpeg\" \/>\n<meta name=\"twitter:card\" content=\"summary_large_image\" \/>\n<meta name=\"twitter:label1\" content=\"Tiempo de lectura\" \/>\n\t<meta name=\"twitter:data1\" content=\"1 minuto\" \/>\n<script type=\"application\/ld+json\" class=\"yoast-schema-graph\">{\"@context\":\"https:\/\/schema.org\",\"@graph\":[{\"@type\":\"WebPage\",\"@id\":\"https:\/\/www.xunzel.com\/store\/producto\/solarx-pro-589b24\/\",\"url\":\"https:\/\/www.xunzel.com\/store\/producto\/solarx-pro-589b24\/\",\"name\":\"SOLARX-PRO 589B24 &#8211; Xunzel\",\"isPartOf\":{\"@id\":\"https:\/\/www.xunzel.com\/store\/#website\"},\"primaryImageOfPage\":{\"@id\":\"https:\/\/www.xunzel.com\/store\/producto\/solarx-pro-589b24\/#primaryimage\"},\"image\":{\"@id\":\"https:\/\/www.xunzel.com\/store\/producto\/solarx-pro-589b24\/#primaryimage\"},\"thumbnailUrl\":\"https:\/\/www.xunzel.com\/store\/wp-content\/uploads\/2023\/05\/SOLARX-PRO_589B24_w.jpg\",\"datePublished\":\"2020-09-24T14:07:15+00:00\",\"dateModified\":\"2024-12-19T15:58:28+00:00\",\"breadcrumb\":{\"@id\":\"https:\/\/www.xunzel.com\/store\/producto\/solarx-pro-589b24\/#breadcrumb\"},\"inLanguage\":\"es\",\"potentialAction\":[{\"@type\":\"ReadAction\",\"target\":[\"https:\/\/www.xunzel.com\/store\/producto\/solarx-pro-589b24\/\"]}]},{\"@type\":\"ImageObject\",\"inLanguage\":\"es\",\"@id\":\"https:\/\/www.xunzel.com\/store\/producto\/solarx-pro-589b24\/#primaryimage\",\"url\":\"https:\/\/www.xunzel.com\/store\/wp-content\/uploads\/2023\/05\/SOLARX-PRO_589B24_w.jpg\",\"contentUrl\":\"https:\/\/www.xunzel.com\/store\/wp-content\/uploads\/2023\/05\/SOLARX-PRO_589B24_w.jpg\",\"width\":2500,\"height\":2500},{\"@type\":\"BreadcrumbList\",\"@id\":\"https:\/\/www.xunzel.com\/store\/producto\/solarx-pro-589b24\/#breadcrumb\",\"itemListElement\":[{\"@type\":\"ListItem\",\"position\":1,\"name\":\"Portada\",\"item\":\"https:\/\/www.xunzel.com\/store\/\"},{\"@type\":\"ListItem\",\"position\":2,\"name\":\"Tienda\",\"item\":\"https:\/\/www.xunzel.com\/store\/tienda\/\"},{\"@type\":\"ListItem\",\"position\":3,\"name\":\"SOLARX-PRO 589B24\"}]},{\"@type\":\"WebSite\",\"@id\":\"https:\/\/www.xunzel.com\/store\/#website\",\"url\":\"https:\/\/www.xunzel.com\/store\/\",\"name\":\"Xunzel\",\"description\":\"Energy in a box - The Electric Revolution\",\"publisher\":{\"@id\":\"https:\/\/www.xunzel.com\/store\/#organization\"},\"potentialAction\":[{\"@type\":\"SearchAction\",\"target\":{\"@type\":\"EntryPoint\",\"urlTemplate\":\"https:\/\/www.xunzel.com\/store\/?s={search_term_string}\"},\"query-input\":{\"@type\":\"PropertyValueSpecification\",\"valueRequired\":true,\"valueName\":\"search_term_string\"}}],\"inLanguage\":\"es\"},{\"@type\":\"Organization\",\"@id\":\"https:\/\/www.xunzel.com\/store\/#organization\",\"name\":\"Xunzel\",\"url\":\"https:\/\/www.xunzel.com\/store\/\",\"logo\":{\"@type\":\"ImageObject\",\"inLanguage\":\"es\",\"@id\":\"https:\/\/www.xunzel.com\/store\/#\/schema\/logo\/image\/\",\"url\":\"https:\/\/www.xunzel.com\/store\/wp-content\/uploads\/2021\/01\/logo-xunzel-footer.png\",\"contentUrl\":\"https:\/\/www.xunzel.com\/store\/wp-content\/uploads\/2021\/01\/logo-xunzel-footer.png\",\"width\":280,\"height\":52,\"caption\":\"Xunzel\"},\"image\":{\"@id\":\"https:\/\/www.xunzel.com\/store\/#\/schema\/logo\/image\/\"}}]}<\/script>\n<!-- \/ Yoast SEO plugin. -->","yoast_head_json":{"title":"SOLARX-PRO 589B24 &#8211; Xunzel","robots":{"index":"index","follow":"follow","max-snippet":"max-snippet:-1","max-image-preview":"max-image-preview:large","max-video-preview":"max-video-preview:-1"},"canonical":"https:\/\/www.xunzel.com\/store\/producto\/solarx-pro-589b24\/","og_locale":"es_ES","og_type":"article","og_title":"SOLARX-PRO 589B24 &#8211; Xunzel","og_description":"Banco de Bater\u00edas Solares Completo 28KWh - 589Ah - 48V, con cables y terminales incluidos. SOLARX-PRO es la soluci\u00f3n ideal para sistemas de energ\u00edas renovables y de respaldo (SAI\/UPS), tanto en el \u00e1mbito industrial como dom\u00e9stico. Especialmente dise\u00f1ada para ciclos profundos. Alta durabilidad y larga vida \u00fatil (IEC\/EN 61427). Rendimiento excepcional incluso bajo condiciones extremas. Apto para instalaci\u00f3n en horizontal. Sellada, 100% Segura, Sin Mantenimiento y con muy baja auto-descarga.","og_url":"https:\/\/www.xunzel.com\/store\/producto\/solarx-pro-589b24\/","og_site_name":"Xunzel","article_modified_time":"2024-12-19T15:58:28+00:00","og_image":[{"width":2500,"height":2500,"url":"https:\/\/www.xunzel.com\/store\/wp-content\/uploads\/2023\/05\/SOLARX-PRO_589B24_w.jpg","type":"image\/jpeg"}],"twitter_card":"summary_large_image","twitter_misc":{"Tiempo de lectura":"1 minuto"},"schema":{"@context":"https:\/\/schema.org","@graph":[{"@type":"WebPage","@id":"https:\/\/www.xunzel.com\/store\/producto\/solarx-pro-589b24\/","url":"https:\/\/www.xunzel.com\/store\/producto\/solarx-pro-589b24\/","name":"SOLARX-PRO 589B24 &#8211; Xunzel","isPartOf":{"@id":"https:\/\/www.xunzel.com\/store\/#website"},"primaryImageOfPage":{"@id":"https:\/\/www.xunzel.com\/store\/producto\/solarx-pro-589b24\/#primaryimage"},"image":{"@id":"https:\/\/www.xunzel.com\/store\/producto\/solarx-pro-589b24\/#primaryimage"},"thumbnailUrl":"https:\/\/www.xunzel.com\/store\/wp-content\/uploads\/2023\/05\/SOLARX-PRO_589B24_w.jpg","datePublished":"2020-09-24T14:07:15+00:00","dateModified":"2024-12-19T15:58:28+00:00","breadcrumb":{"@id":"https:\/\/www.xunzel.com\/store\/producto\/solarx-pro-589b24\/#breadcrumb"},"inLanguage":"es","potentialAction":[{"@type":"ReadAction","target":["https:\/\/www.xunzel.com\/store\/producto\/solarx-pro-589b24\/"]}]},{"@type":"ImageObject","inLanguage":"es","@id":"https:\/\/www.xunzel.com\/store\/producto\/solarx-pro-589b24\/#primaryimage","url":"https:\/\/www.xunzel.com\/store\/wp-content\/uploads\/2023\/05\/SOLARX-PRO_589B24_w.jpg","contentUrl":"https:\/\/www.xunzel.com\/store\/wp-content\/uploads\/2023\/05\/SOLARX-PRO_589B24_w.jpg","width":2500,"height":2500},{"@type":"BreadcrumbList","@id":"https:\/\/www.xunzel.com\/store\/producto\/solarx-pro-589b24\/#breadcrumb","itemListElement":[{"@type":"ListItem","position":1,"name":"Portada","item":"https:\/\/www.xunzel.com\/store\/"},{"@type":"ListItem","position":2,"name":"Tienda","item":"https:\/\/www.xunzel.com\/store\/tienda\/"},{"@type":"ListItem","position":3,"name":"SOLARX-PRO 589B24"}]},{"@type":"WebSite","@id":"https:\/\/www.xunzel.com\/store\/#website","url":"https:\/\/www.xunzel.com\/store\/","name":"Xunzel","description":"Energy in a box - The Electric Revolution","publisher":{"@id":"https:\/\/www.xunzel.com\/store\/#organization"},"potentialAction":[{"@type":"SearchAction","target":{"@type":"EntryPoint","urlTemplate":"https:\/\/www.xunzel.com\/store\/?s={search_term_string}"},"query-input":{"@type":"PropertyValueSpecification","valueRequired":true,"valueName":"search_term_string"}}],"inLanguage":"es"},{"@type":"Organization","@id":"https:\/\/www.xunzel.com\/store\/#organization","name":"Xunzel","url":"https:\/\/www.xunzel.com\/store\/","logo":{"@type":"ImageObject","inLanguage":"es","@id":"https:\/\/www.xunzel.com\/store\/#\/schema\/logo\/image\/","url":"https:\/\/www.xunzel.com\/store\/wp-content\/uploads\/2021\/01\/logo-xunzel-footer.png","contentUrl":"https:\/\/www.xunzel.com\/store\/wp-content\/uploads\/2021\/01\/logo-xunzel-footer.png","width":280,"height":52,"caption":"Xunzel"},"image":{"@id":"https:\/\/www.xunzel.com\/store\/#\/schema\/logo\/image\/"}}]}},"_links":{"self":[{"href":"https:\/\/www.xunzel.com\/store\/wp-json\/wp\/v2\/product\/8577","targetHints":{"allow":["GET"]}}],"collection":[{"href":"https:\/\/www.xunzel.com\/store\/wp-json\/wp\/v2\/product"}],"about":[{"href":"https:\/\/www.xunzel.com\/store\/wp-json\/wp\/v2\/types\/product"}],"wp:featuredmedia":[{"embeddable":true,"href":"https:\/\/www.xunzel.com\/store\/wp-json\/wp\/v2\/media\/16580"}],"wp:attachment":[{"href":"https:\/\/www.xunzel.com\/store\/wp-json\/wp\/v2\/media?parent=8577"}],"wp:term":[{"taxonomy":"product_brand","embeddable":true,"href":"https:\/\/www.xunzel.com\/store\/wp-json\/wp\/v2\/product_brand?post=8577"},{"taxonomy":"product_cat","embeddable":true,"href":"https:\/\/www.xunzel.com\/store\/wp-json\/wp\/v2\/product_cat?post=8577"},{"taxonomy":"product_tag","embeddable":true,"href":"https:\/\/www.xunzel.com\/store\/wp-json\/wp\/v2\/product_tag?post=8577"}],"curies":[{"name":"wp","href":"https:\/\/api.w.org\/{rel}","templated":true}]}}