{"id":8565,"date":"2020-09-24T15:50:38","date_gmt":"2020-09-24T13:50:38","guid":{"rendered":"https:\/\/www.xunzel.com\/store\/producto\/solarx-lithium%c2%99-240-24\/"},"modified":"2025-12-16T12:17:09","modified_gmt":"2025-12-16T11:17:09","slug":"solarx-lithium-240-24","status":"publish","type":"product","link":"https:\/\/www.xunzel.com\/store\/producto\/solarx-lithium-240-24\/","title":{"rendered":"SOLARX-Lithium -240-24"},"content":{"rendered":"<p>Bater\u00eda de Litio Recargable (LiFePO4) Segura con BMS integrado de \u00faltima generaci\u00f3n espec\u00edficamente dise\u00f1ada y fabricada para sistemas solares fotovoltaicos aislados, mini e\u00f3licos y de respaldo (SAI \/ UPS).<br \/>\nEspecialmente dise\u00f1ada para una carga \u00f3ptima y r\u00e1pida en sistemas solares aislados y para reemplazar directamente las tradicionales bater\u00edas de AGM\/GEL selladas.<\/p>\n<p>Rendimiento Superior:<\/p>\n<ul>\n<li>M\u00e1s Energ\u00eda: 2400Wh<\/li>\n<li>Eficiencia 99%<\/li>\n<li>M\u00e1s R\u00e1pidas y Potentes. Alta capacidad de descarga: hasta 100A<\/li>\n<li>M\u00e1s Ciclos y Vida \u00fatil: &gt; 2000 ciclos (1C \u2013 100%DoD) y &gt; 8000 ciclos (1C \u2013 30%DoD)<\/li>\n<li>Mayor rango de temperatura de funcionamiento: (-30\u00b0 a 60\u00b0C)<\/li>\n<li>Muy baja auto-descarga: &lt;2% en 30 d\u00edas<\/li>\n<li>Muy ligera: 20.30kg<\/li>\n<\/ul>\n<p>Seguridad Superior:<\/p>\n<ul>\n<li>Sin Mantenimiento<\/li>\n<li>Selladas. IP56. Caja envolvente segura ante incendios: UL-94-V0<\/li>\n<li>Multiposition<\/li>\n<li>BMS- Battery Management System Integrado<\/li>\n<li>Protecciones Integradas<\/li>\n<li>Respetuosas del medio ambiente<\/li>\n<\/ul>\n<p>Tipo de terminal: M8<\/p>\n","protected":false},"excerpt":{"rendered":"<p>Gran capacidad 2400Wh-25.6V y eficiencia 99% . Especialmente dise\u00f1ada para ciclos profundos.<br \/>\nBater\u00eda de litio recargable espec\u00edficamente dise\u00f1ada para sistemas solares fotovoltaicos aislados, mini e\u00f3licos y de respaldo (SAI \/ UPS) con BMS integrado.<br \/>\nPermite instalaci\u00f3n en paralelo y en serie para incrementar capacidad y tensi\u00f3n.<br \/>\nTecnolog\u00eda totalmente segura, sin riesgo. Sellada (IP56), sin mantenimiento y con muy baja auto-descarga. Multiposition. Muy ligera.<br \/>\nDe larga duraci\u00f3n. M\u00e1s de 8000 ciclos de vida \u00fatil.<br \/>\nCertificada para cualquier tipo de transporte (a\u00e9reo, terrestre y mar\u00edtimo).<\/p>\n<p><span class=\"shared-files-shortcode-admin-list shared-files-shortcode-admin-list-file shared-files-shortcode-14086\" title=\"[shared_files file_id=14086]\">[shared_files file_id=14086]<\/span><\/p>\n","protected":false},"featured_media":15199,"template":"","meta":{"_acf_changed":false},"product_brand":[],"product_cat":[119],"product_tag":[],"class_list":{"0":"post-8565","1":"product","2":"type-product","3":"status-publish","4":"has-post-thumbnail","6":"product_cat-solarx-lithium-series","8":"first","9":"instock","10":"taxable","11":"shipping-taxable","12":"purchasable","13":"product-type-simple"},"acf":[],"yoast_head":"<!-- This site is optimized with the Yoast SEO plugin v25.4 - https:\/\/yoast.com\/wordpress\/plugins\/seo\/ -->\n<title>SOLARX-Lithium -240-24 &#8211; Xunzel<\/title>\n<meta name=\"robots\" content=\"index, follow, max-snippet:-1, max-image-preview:large, max-video-preview:-1\" \/>\n<link rel=\"canonical\" href=\"https:\/\/www.xunzel.com\/store\/producto\/solarx-lithium-240-24\/\" \/>\n<meta property=\"og:locale\" content=\"es_ES\" \/>\n<meta property=\"og:type\" content=\"article\" \/>\n<meta property=\"og:title\" content=\"SOLARX-Lithium -240-24 &#8211; Xunzel\" \/>\n<meta property=\"og:description\" content=\"Gran capacidad 2400Wh-25.6V y eficiencia 99% . Especialmente dise\u00f1ada para ciclos profundos. Bater\u00eda de litio recargable espec\u00edficamente dise\u00f1ada para sistemas solares fotovoltaicos aislados, mini e\u00f3licos y de respaldo (SAI \/ UPS) con BMS integrado. Permite instalaci\u00f3n en paralelo y en serie para incrementar capacidad y tensi\u00f3n. Tecnolog\u00eda totalmente segura, sin riesgo. Sellada (IP56), sin mantenimiento y con muy baja auto-descarga. Multiposition. Muy ligera. De larga duraci\u00f3n. M\u00e1s de 8000 ciclos de vida \u00fatil. Certificada para cualquier tipo de transporte (a\u00e9reo, terrestre y mar\u00edtimo).\" \/>\n<meta property=\"og:url\" content=\"https:\/\/www.xunzel.com\/store\/producto\/solarx-lithium-240-24\/\" \/>\n<meta property=\"og:site_name\" content=\"Xunzel\" \/>\n<meta property=\"article:modified_time\" content=\"2025-12-16T11:17:09+00:00\" \/>\n<meta property=\"og:image\" content=\"https:\/\/www.xunzel.com\/store\/wp-content\/uploads\/2023\/02\/BATERIA-LITH-240W1-1.jpg\" \/>\n\t<meta property=\"og:image:width\" content=\"2300\" \/>\n\t<meta property=\"og:image:height\" content=\"2300\" \/>\n\t<meta property=\"og:image:type\" content=\"image\/jpeg\" \/>\n<meta name=\"twitter:card\" content=\"summary_large_image\" \/>\n<meta name=\"twitter:label1\" content=\"Tiempo de lectura\" \/>\n\t<meta name=\"twitter:data1\" content=\"1 minuto\" \/>\n<script type=\"application\/ld+json\" class=\"yoast-schema-graph\">{\"@context\":\"https:\/\/schema.org\",\"@graph\":[{\"@type\":\"WebPage\",\"@id\":\"https:\/\/www.xunzel.com\/store\/producto\/solarx-lithium-240-24\/\",\"url\":\"https:\/\/www.xunzel.com\/store\/producto\/solarx-lithium-240-24\/\",\"name\":\"SOLARX-Lithium -240-24 &#8211; Xunzel\",\"isPartOf\":{\"@id\":\"https:\/\/www.xunzel.com\/store\/#website\"},\"primaryImageOfPage\":{\"@id\":\"https:\/\/www.xunzel.com\/store\/producto\/solarx-lithium-240-24\/#primaryimage\"},\"image\":{\"@id\":\"https:\/\/www.xunzel.com\/store\/producto\/solarx-lithium-240-24\/#primaryimage\"},\"thumbnailUrl\":\"https:\/\/www.xunzel.com\/store\/wp-content\/uploads\/2023\/02\/BATERIA-LITH-240W1-1.jpg\",\"datePublished\":\"2020-09-24T13:50:38+00:00\",\"dateModified\":\"2025-12-16T11:17:09+00:00\",\"breadcrumb\":{\"@id\":\"https:\/\/www.xunzel.com\/store\/producto\/solarx-lithium-240-24\/#breadcrumb\"},\"inLanguage\":\"es\",\"potentialAction\":[{\"@type\":\"ReadAction\",\"target\":[\"https:\/\/www.xunzel.com\/store\/producto\/solarx-lithium-240-24\/\"]}]},{\"@type\":\"ImageObject\",\"inLanguage\":\"es\",\"@id\":\"https:\/\/www.xunzel.com\/store\/producto\/solarx-lithium-240-24\/#primaryimage\",\"url\":\"https:\/\/www.xunzel.com\/store\/wp-content\/uploads\/2023\/02\/BATERIA-LITH-240W1-1.jpg\",\"contentUrl\":\"https:\/\/www.xunzel.com\/store\/wp-content\/uploads\/2023\/02\/BATERIA-LITH-240W1-1.jpg\",\"width\":2300,\"height\":2300,\"caption\":\"Bateria Solar de Litio Gran capacidad 2400Wh-24V\"},{\"@type\":\"BreadcrumbList\",\"@id\":\"https:\/\/www.xunzel.com\/store\/producto\/solarx-lithium-240-24\/#breadcrumb\",\"itemListElement\":[{\"@type\":\"ListItem\",\"position\":1,\"name\":\"Portada\",\"item\":\"https:\/\/www.xunzel.com\/store\/\"},{\"@type\":\"ListItem\",\"position\":2,\"name\":\"Tienda\",\"item\":\"https:\/\/www.xunzel.com\/store\/tienda\/\"},{\"@type\":\"ListItem\",\"position\":3,\"name\":\"SOLARX-Lithium -240-24\"}]},{\"@type\":\"WebSite\",\"@id\":\"https:\/\/www.xunzel.com\/store\/#website\",\"url\":\"https:\/\/www.xunzel.com\/store\/\",\"name\":\"Xunzel\",\"description\":\"Energy in a box - The Electric Revolution\",\"publisher\":{\"@id\":\"https:\/\/www.xunzel.com\/store\/#organization\"},\"potentialAction\":[{\"@type\":\"SearchAction\",\"target\":{\"@type\":\"EntryPoint\",\"urlTemplate\":\"https:\/\/www.xunzel.com\/store\/?s={search_term_string}\"},\"query-input\":{\"@type\":\"PropertyValueSpecification\",\"valueRequired\":true,\"valueName\":\"search_term_string\"}}],\"inLanguage\":\"es\"},{\"@type\":\"Organization\",\"@id\":\"https:\/\/www.xunzel.com\/store\/#organization\",\"name\":\"Xunzel\",\"url\":\"https:\/\/www.xunzel.com\/store\/\",\"logo\":{\"@type\":\"ImageObject\",\"inLanguage\":\"es\",\"@id\":\"https:\/\/www.xunzel.com\/store\/#\/schema\/logo\/image\/\",\"url\":\"https:\/\/www.xunzel.com\/store\/wp-content\/uploads\/2021\/01\/logo-xunzel-footer.png\",\"contentUrl\":\"https:\/\/www.xunzel.com\/store\/wp-content\/uploads\/2021\/01\/logo-xunzel-footer.png\",\"width\":280,\"height\":52,\"caption\":\"Xunzel\"},\"image\":{\"@id\":\"https:\/\/www.xunzel.com\/store\/#\/schema\/logo\/image\/\"}}]}<\/script>\n<!-- \/ Yoast SEO plugin. -->","yoast_head_json":{"title":"SOLARX-Lithium -240-24 &#8211; Xunzel","robots":{"index":"index","follow":"follow","max-snippet":"max-snippet:-1","max-image-preview":"max-image-preview:large","max-video-preview":"max-video-preview:-1"},"canonical":"https:\/\/www.xunzel.com\/store\/producto\/solarx-lithium-240-24\/","og_locale":"es_ES","og_type":"article","og_title":"SOLARX-Lithium -240-24 &#8211; Xunzel","og_description":"Gran capacidad 2400Wh-25.6V y eficiencia 99% . Especialmente dise\u00f1ada para ciclos profundos. Bater\u00eda de litio recargable espec\u00edficamente dise\u00f1ada para sistemas solares fotovoltaicos aislados, mini e\u00f3licos y de respaldo (SAI \/ UPS) con BMS integrado. Permite instalaci\u00f3n en paralelo y en serie para incrementar capacidad y tensi\u00f3n. Tecnolog\u00eda totalmente segura, sin riesgo. Sellada (IP56), sin mantenimiento y con muy baja auto-descarga. Multiposition. Muy ligera. De larga duraci\u00f3n. M\u00e1s de 8000 ciclos de vida \u00fatil. Certificada para cualquier tipo de transporte (a\u00e9reo, terrestre y mar\u00edtimo).","og_url":"https:\/\/www.xunzel.com\/store\/producto\/solarx-lithium-240-24\/","og_site_name":"Xunzel","article_modified_time":"2025-12-16T11:17:09+00:00","og_image":[{"width":2300,"height":2300,"url":"https:\/\/www.xunzel.com\/store\/wp-content\/uploads\/2023\/02\/BATERIA-LITH-240W1-1.jpg","type":"image\/jpeg"}],"twitter_card":"summary_large_image","twitter_misc":{"Tiempo de lectura":"1 minuto"},"schema":{"@context":"https:\/\/schema.org","@graph":[{"@type":"WebPage","@id":"https:\/\/www.xunzel.com\/store\/producto\/solarx-lithium-240-24\/","url":"https:\/\/www.xunzel.com\/store\/producto\/solarx-lithium-240-24\/","name":"SOLARX-Lithium -240-24 &#8211; Xunzel","isPartOf":{"@id":"https:\/\/www.xunzel.com\/store\/#website"},"primaryImageOfPage":{"@id":"https:\/\/www.xunzel.com\/store\/producto\/solarx-lithium-240-24\/#primaryimage"},"image":{"@id":"https:\/\/www.xunzel.com\/store\/producto\/solarx-lithium-240-24\/#primaryimage"},"thumbnailUrl":"https:\/\/www.xunzel.com\/store\/wp-content\/uploads\/2023\/02\/BATERIA-LITH-240W1-1.jpg","datePublished":"2020-09-24T13:50:38+00:00","dateModified":"2025-12-16T11:17:09+00:00","breadcrumb":{"@id":"https:\/\/www.xunzel.com\/store\/producto\/solarx-lithium-240-24\/#breadcrumb"},"inLanguage":"es","potentialAction":[{"@type":"ReadAction","target":["https:\/\/www.xunzel.com\/store\/producto\/solarx-lithium-240-24\/"]}]},{"@type":"ImageObject","inLanguage":"es","@id":"https:\/\/www.xunzel.com\/store\/producto\/solarx-lithium-240-24\/#primaryimage","url":"https:\/\/www.xunzel.com\/store\/wp-content\/uploads\/2023\/02\/BATERIA-LITH-240W1-1.jpg","contentUrl":"https:\/\/www.xunzel.com\/store\/wp-content\/uploads\/2023\/02\/BATERIA-LITH-240W1-1.jpg","width":2300,"height":2300,"caption":"Bateria Solar de Litio Gran capacidad 2400Wh-24V"},{"@type":"BreadcrumbList","@id":"https:\/\/www.xunzel.com\/store\/producto\/solarx-lithium-240-24\/#breadcrumb","itemListElement":[{"@type":"ListItem","position":1,"name":"Portada","item":"https:\/\/www.xunzel.com\/store\/"},{"@type":"ListItem","position":2,"name":"Tienda","item":"https:\/\/www.xunzel.com\/store\/tienda\/"},{"@type":"ListItem","position":3,"name":"SOLARX-Lithium -240-24"}]},{"@type":"WebSite","@id":"https:\/\/www.xunzel.com\/store\/#website","url":"https:\/\/www.xunzel.com\/store\/","name":"Xunzel","description":"Energy in a box - The Electric Revolution","publisher":{"@id":"https:\/\/www.xunzel.com\/store\/#organization"},"potentialAction":[{"@type":"SearchAction","target":{"@type":"EntryPoint","urlTemplate":"https:\/\/www.xunzel.com\/store\/?s={search_term_string}"},"query-input":{"@type":"PropertyValueSpecification","valueRequired":true,"valueName":"search_term_string"}}],"inLanguage":"es"},{"@type":"Organization","@id":"https:\/\/www.xunzel.com\/store\/#organization","name":"Xunzel","url":"https:\/\/www.xunzel.com\/store\/","logo":{"@type":"ImageObject","inLanguage":"es","@id":"https:\/\/www.xunzel.com\/store\/#\/schema\/logo\/image\/","url":"https:\/\/www.xunzel.com\/store\/wp-content\/uploads\/2021\/01\/logo-xunzel-footer.png","contentUrl":"https:\/\/www.xunzel.com\/store\/wp-content\/uploads\/2021\/01\/logo-xunzel-footer.png","width":280,"height":52,"caption":"Xunzel"},"image":{"@id":"https:\/\/www.xunzel.com\/store\/#\/schema\/logo\/image\/"}}]}},"_links":{"self":[{"href":"https:\/\/www.xunzel.com\/store\/wp-json\/wp\/v2\/product\/8565","targetHints":{"allow":["GET"]}}],"collection":[{"href":"https:\/\/www.xunzel.com\/store\/wp-json\/wp\/v2\/product"}],"about":[{"href":"https:\/\/www.xunzel.com\/store\/wp-json\/wp\/v2\/types\/product"}],"wp:featuredmedia":[{"embeddable":true,"href":"https:\/\/www.xunzel.com\/store\/wp-json\/wp\/v2\/media\/15199"}],"wp:attachment":[{"href":"https:\/\/www.xunzel.com\/store\/wp-json\/wp\/v2\/media?parent=8565"}],"wp:term":[{"taxonomy":"product_brand","embeddable":true,"href":"https:\/\/www.xunzel.com\/store\/wp-json\/wp\/v2\/product_brand?post=8565"},{"taxonomy":"product_cat","embeddable":true,"href":"https:\/\/www.xunzel.com\/store\/wp-json\/wp\/v2\/product_cat?post=8565"},{"taxonomy":"product_tag","embeddable":true,"href":"https:\/\/www.xunzel.com\/store\/wp-json\/wp\/v2\/product_tag?post=8565"}],"curies":[{"name":"wp","href":"https:\/\/api.w.org\/{rel}","templated":true}]}}