{"id":7987,"date":"2020-09-15T14:25:07","date_gmt":"2020-09-15T12:25:07","guid":{"rendered":"https:\/\/www.xunzel.com\/store\/?post_type=product&#038;p=7987"},"modified":"2025-06-19T16:48:27","modified_gmt":"2025-06-19T14:48:27","slug":"solarlife-s-line-80-24","status":"publish","type":"product","link":"https:\/\/www.xunzel.com\/store\/producto\/solarlife-s-line-80-24\/","title":{"rendered":"SOLARLIFE S-LINE 80-24"},"content":{"rendered":"<div class=\"wpb-content-wrapper\"><p>[vc_row][vc_column][vc_column_text]SOLARLIFE S-LINE 80-24. Sistema de Iluminaci\u00f3n LED completo listo para usar. Ideal tanto para uso industrial, profesional, jard\u00edn, HORECA o recreativo.<br \/>\nCon encendido autom\u00e1tico incluido. Con funci\u00f3n crepuscular (encendido\/apagado autom\u00e1tico) programable o simplemente enci\u00e9ndelo y ap\u00e1galo cuando lo desees.<br \/>\nCompleto. Crea tu propio sistema de iluminaci\u00f3n en cualquier lugar. Haz tu iluminaci\u00f3n solar, interior o exterior. Ultra-seguro 12Vcc. F\u00e1cil de ampliar y muy vers\u00e1til. Zero problemas. M\u00e1xima eficiencia y seguridad.<\/p>\n<ul>\n<li>Con panel <a href=\"https:\/\/www.xunzel.com\/store\/producto\/solarpower-80w-12v\/\" target=\"_blank\" rel=\"noopener\"><strong>SOLARPOWER-80W<\/strong> <\/a>(con 4 metros de cable) de alta eficiencia,<\/li>\n<li>Bater\u00eda Solar <a href=\"https:\/\/www.xunzel.com\/store\/producto\/solarx-48\/\" target=\"_blank\" rel=\"noopener\"><strong>SOLARX-48Ah<\/strong> <\/a>de larga duraci\u00f3n (carga completa en 1 d\u00eda aprox.),<\/li>\n<li>Guirnalda 24 metros con ganchos para f\u00e1cil colocaci\u00f3n y 24 casquillos para exterior e interior, con 24x <a href=\"https:\/\/www.xunzel.com\/store\/led-nature\/\" target=\"_blank\" rel=\"noopener\"><strong>LED NATURE 1W-12V<\/strong><\/a> de alta luminosidad y eficiencia\u2502Seguros e irrompibles: 12V especiales alta resistencia contra impactos. (Con bater\u00eda 100% cargada, total= 2400lm durante 15 horas aprox.)<\/li>\n<li>Controlador Digital de Carga y Descarga <a href=\"https:\/\/www.xunzel.com\/store\/product\/iscc-au-5a-12v\/\" target=\"_blank\" rel=\"noopener\"><strong>iSCC-AU<\/strong> <\/a>con salida USB 5V-2.1A. Saca el m\u00e1ximo rendimiento y duraci\u00f3n de tu bater\u00eda.<\/li>\n<li>Cables y conectores<\/li>\n<li>Caja XUNBOX, ideal para guardar todos los componentes.<\/li>\n<\/ul>\n<p>[\/vc_column_text][\/vc_column][\/vc_row]<\/p>\n<\/div>","protected":false},"excerpt":{"rendered":"<p>Sistema Solar de Iluminaci\u00f3n LED con encendido autom\u00e1tico de alta eficiencia completo. Crea tu propio sistema de iluminaci\u00f3n en cualquier lugar. Haz tu iluminaci\u00f3n solar. Uso interior o exterior. Ultra-seguro 12Vcc.<br \/>\nCon funci\u00f3n crepuscular (encendido\/apagado autom\u00e1tico) programable.<br \/>\nCon salida USB 5V-2.1A para carga de dispositivos electr\u00f3nicos.<br \/>\nGuirnalda resistente a la intemperie con 24 x LED NATURE 1W-12V de alta luminosidad y eficiencia\u2502Seguros e irrompibles: 12V especiales alta resistencia contra impactos. Guirnalda 24 m cable. Con ganchos que ofrecen gran versatilidad de colocaci\u00f3n. Proporciona hasta 15hr x 2400 lm de luz (bater\u00eda 100% cargada).<\/p>\n[shared_files file_id=8339]\n","protected":false},"featured_media":21992,"template":"","meta":{"_acf_changed":false},"product_brand":[],"product_cat":[92],"product_tag":[],"class_list":{"0":"post-7987","1":"product","2":"type-product","3":"status-publish","4":"has-post-thumbnail","6":"product_cat-solarlife-s-line-series","8":"first","9":"instock","10":"featured","11":"taxable","12":"shipping-taxable","13":"purchasable","14":"product-type-variable"},"acf":[],"yoast_head":"<!-- This site is optimized with the Yoast SEO plugin v25.4 - https:\/\/yoast.com\/wordpress\/plugins\/seo\/ -->\n<title>SOLARLIFE S-LINE 80-24 &#8211; Xunzel<\/title>\n<meta name=\"robots\" content=\"index, follow, max-snippet:-1, max-image-preview:large, max-video-preview:-1\" \/>\n<link rel=\"canonical\" href=\"https:\/\/www.xunzel.com\/store\/producto\/solarlife-s-line-80-24\/\" \/>\n<meta property=\"og:locale\" content=\"es_ES\" \/>\n<meta property=\"og:type\" content=\"article\" \/>\n<meta property=\"og:title\" content=\"SOLARLIFE S-LINE 80-24 &#8211; Xunzel\" \/>\n<meta property=\"og:description\" content=\"Sistema Solar de Iluminaci\u00f3n LED con encendido autom\u00e1tico de alta eficiencia completo. Crea tu propio sistema de iluminaci\u00f3n en cualquier lugar. Haz tu iluminaci\u00f3n solar. Uso interior o exterior. Ultra-seguro 12Vcc. Con funci\u00f3n crepuscular (encendido\/apagado autom\u00e1tico) programable. Con salida USB 5V-2.1A para carga de dispositivos electr\u00f3nicos. Guirnalda resistente a la intemperie con 24 x LED NATURE 1W-12V de alta luminosidad y eficiencia\u2502Seguros e irrompibles: 12V especiales alta resistencia contra impactos. Guirnalda 24 m cable. Con ganchos que ofrecen gran versatilidad de colocaci\u00f3n. Proporciona hasta 15hr x 2400 lm de luz (bater\u00eda 100% cargada).\" \/>\n<meta property=\"og:url\" content=\"https:\/\/www.xunzel.com\/store\/producto\/solarlife-s-line-80-24\/\" \/>\n<meta property=\"og:site_name\" content=\"Xunzel\" \/>\n<meta property=\"article:modified_time\" content=\"2025-06-19T14:48:27+00:00\" \/>\n<meta property=\"og:image\" content=\"https:\/\/www.xunzel.com\/store\/wp-content\/uploads\/2020\/09\/SOLARLIFE-S-LINE-80-24_XUNZEL-scaled.jpg\" \/>\n\t<meta property=\"og:image:width\" content=\"2560\" \/>\n\t<meta property=\"og:image:height\" content=\"2394\" \/>\n\t<meta property=\"og:image:type\" content=\"image\/jpeg\" \/>\n<meta name=\"twitter:card\" content=\"summary_large_image\" \/>\n<meta name=\"twitter:label1\" content=\"Tiempo de lectura\" \/>\n\t<meta name=\"twitter:data1\" content=\"1 minuto\" \/>\n<script type=\"application\/ld+json\" class=\"yoast-schema-graph\">{\"@context\":\"https:\/\/schema.org\",\"@graph\":[{\"@type\":\"WebPage\",\"@id\":\"https:\/\/www.xunzel.com\/store\/producto\/solarlife-s-line-80-24\/\",\"url\":\"https:\/\/www.xunzel.com\/store\/producto\/solarlife-s-line-80-24\/\",\"name\":\"SOLARLIFE S-LINE 80-24 &#8211; Xunzel\",\"isPartOf\":{\"@id\":\"https:\/\/www.xunzel.com\/store\/#website\"},\"primaryImageOfPage\":{\"@id\":\"https:\/\/www.xunzel.com\/store\/producto\/solarlife-s-line-80-24\/#primaryimage\"},\"image\":{\"@id\":\"https:\/\/www.xunzel.com\/store\/producto\/solarlife-s-line-80-24\/#primaryimage\"},\"thumbnailUrl\":\"https:\/\/www.xunzel.com\/store\/wp-content\/uploads\/2020\/09\/SOLARLIFE-S-LINE-80-24_XUNZEL-scaled.jpg\",\"datePublished\":\"2020-09-15T12:25:07+00:00\",\"dateModified\":\"2025-06-19T14:48:27+00:00\",\"breadcrumb\":{\"@id\":\"https:\/\/www.xunzel.com\/store\/producto\/solarlife-s-line-80-24\/#breadcrumb\"},\"inLanguage\":\"es\",\"potentialAction\":[{\"@type\":\"ReadAction\",\"target\":[\"https:\/\/www.xunzel.com\/store\/producto\/solarlife-s-line-80-24\/\"]}]},{\"@type\":\"ImageObject\",\"inLanguage\":\"es\",\"@id\":\"https:\/\/www.xunzel.com\/store\/producto\/solarlife-s-line-80-24\/#primaryimage\",\"url\":\"https:\/\/www.xunzel.com\/store\/wp-content\/uploads\/2020\/09\/SOLARLIFE-S-LINE-80-24_XUNZEL-scaled.jpg\",\"contentUrl\":\"https:\/\/www.xunzel.com\/store\/wp-content\/uploads\/2020\/09\/SOLARLIFE-S-LINE-80-24_XUNZEL-scaled.jpg\",\"width\":2560,\"height\":2394},{\"@type\":\"BreadcrumbList\",\"@id\":\"https:\/\/www.xunzel.com\/store\/producto\/solarlife-s-line-80-24\/#breadcrumb\",\"itemListElement\":[{\"@type\":\"ListItem\",\"position\":1,\"name\":\"Portada\",\"item\":\"https:\/\/www.xunzel.com\/store\/\"},{\"@type\":\"ListItem\",\"position\":2,\"name\":\"Tienda\",\"item\":\"https:\/\/www.xunzel.com\/store\/tienda\/\"},{\"@type\":\"ListItem\",\"position\":3,\"name\":\"SOLARLIFE S-LINE 80-24\"}]},{\"@type\":\"WebSite\",\"@id\":\"https:\/\/www.xunzel.com\/store\/#website\",\"url\":\"https:\/\/www.xunzel.com\/store\/\",\"name\":\"Xunzel\",\"description\":\"Energy in a box - The Electric Revolution\",\"publisher\":{\"@id\":\"https:\/\/www.xunzel.com\/store\/#organization\"},\"potentialAction\":[{\"@type\":\"SearchAction\",\"target\":{\"@type\":\"EntryPoint\",\"urlTemplate\":\"https:\/\/www.xunzel.com\/store\/?s={search_term_string}\"},\"query-input\":{\"@type\":\"PropertyValueSpecification\",\"valueRequired\":true,\"valueName\":\"search_term_string\"}}],\"inLanguage\":\"es\"},{\"@type\":\"Organization\",\"@id\":\"https:\/\/www.xunzel.com\/store\/#organization\",\"name\":\"Xunzel\",\"url\":\"https:\/\/www.xunzel.com\/store\/\",\"logo\":{\"@type\":\"ImageObject\",\"inLanguage\":\"es\",\"@id\":\"https:\/\/www.xunzel.com\/store\/#\/schema\/logo\/image\/\",\"url\":\"https:\/\/www.xunzel.com\/store\/wp-content\/uploads\/2021\/01\/logo-xunzel-footer.png\",\"contentUrl\":\"https:\/\/www.xunzel.com\/store\/wp-content\/uploads\/2021\/01\/logo-xunzel-footer.png\",\"width\":280,\"height\":52,\"caption\":\"Xunzel\"},\"image\":{\"@id\":\"https:\/\/www.xunzel.com\/store\/#\/schema\/logo\/image\/\"}}]}<\/script>\n<!-- \/ Yoast SEO plugin. -->","yoast_head_json":{"title":"SOLARLIFE S-LINE 80-24 &#8211; Xunzel","robots":{"index":"index","follow":"follow","max-snippet":"max-snippet:-1","max-image-preview":"max-image-preview:large","max-video-preview":"max-video-preview:-1"},"canonical":"https:\/\/www.xunzel.com\/store\/producto\/solarlife-s-line-80-24\/","og_locale":"es_ES","og_type":"article","og_title":"SOLARLIFE S-LINE 80-24 &#8211; Xunzel","og_description":"Sistema Solar de Iluminaci\u00f3n LED con encendido autom\u00e1tico de alta eficiencia completo. Crea tu propio sistema de iluminaci\u00f3n en cualquier lugar. Haz tu iluminaci\u00f3n solar. Uso interior o exterior. Ultra-seguro 12Vcc. Con funci\u00f3n crepuscular (encendido\/apagado autom\u00e1tico) programable. Con salida USB 5V-2.1A para carga de dispositivos electr\u00f3nicos. Guirnalda resistente a la intemperie con 24 x LED NATURE 1W-12V de alta luminosidad y eficiencia\u2502Seguros e irrompibles: 12V especiales alta resistencia contra impactos. Guirnalda 24 m cable. Con ganchos que ofrecen gran versatilidad de colocaci\u00f3n. Proporciona hasta 15hr x 2400 lm de luz (bater\u00eda 100% cargada).","og_url":"https:\/\/www.xunzel.com\/store\/producto\/solarlife-s-line-80-24\/","og_site_name":"Xunzel","article_modified_time":"2025-06-19T14:48:27+00:00","og_image":[{"width":2560,"height":2394,"url":"https:\/\/www.xunzel.com\/store\/wp-content\/uploads\/2020\/09\/SOLARLIFE-S-LINE-80-24_XUNZEL-scaled.jpg","type":"image\/jpeg"}],"twitter_card":"summary_large_image","twitter_misc":{"Tiempo de lectura":"1 minuto"},"schema":{"@context":"https:\/\/schema.org","@graph":[{"@type":"WebPage","@id":"https:\/\/www.xunzel.com\/store\/producto\/solarlife-s-line-80-24\/","url":"https:\/\/www.xunzel.com\/store\/producto\/solarlife-s-line-80-24\/","name":"SOLARLIFE S-LINE 80-24 &#8211; Xunzel","isPartOf":{"@id":"https:\/\/www.xunzel.com\/store\/#website"},"primaryImageOfPage":{"@id":"https:\/\/www.xunzel.com\/store\/producto\/solarlife-s-line-80-24\/#primaryimage"},"image":{"@id":"https:\/\/www.xunzel.com\/store\/producto\/solarlife-s-line-80-24\/#primaryimage"},"thumbnailUrl":"https:\/\/www.xunzel.com\/store\/wp-content\/uploads\/2020\/09\/SOLARLIFE-S-LINE-80-24_XUNZEL-scaled.jpg","datePublished":"2020-09-15T12:25:07+00:00","dateModified":"2025-06-19T14:48:27+00:00","breadcrumb":{"@id":"https:\/\/www.xunzel.com\/store\/producto\/solarlife-s-line-80-24\/#breadcrumb"},"inLanguage":"es","potentialAction":[{"@type":"ReadAction","target":["https:\/\/www.xunzel.com\/store\/producto\/solarlife-s-line-80-24\/"]}]},{"@type":"ImageObject","inLanguage":"es","@id":"https:\/\/www.xunzel.com\/store\/producto\/solarlife-s-line-80-24\/#primaryimage","url":"https:\/\/www.xunzel.com\/store\/wp-content\/uploads\/2020\/09\/SOLARLIFE-S-LINE-80-24_XUNZEL-scaled.jpg","contentUrl":"https:\/\/www.xunzel.com\/store\/wp-content\/uploads\/2020\/09\/SOLARLIFE-S-LINE-80-24_XUNZEL-scaled.jpg","width":2560,"height":2394},{"@type":"BreadcrumbList","@id":"https:\/\/www.xunzel.com\/store\/producto\/solarlife-s-line-80-24\/#breadcrumb","itemListElement":[{"@type":"ListItem","position":1,"name":"Portada","item":"https:\/\/www.xunzel.com\/store\/"},{"@type":"ListItem","position":2,"name":"Tienda","item":"https:\/\/www.xunzel.com\/store\/tienda\/"},{"@type":"ListItem","position":3,"name":"SOLARLIFE S-LINE 80-24"}]},{"@type":"WebSite","@id":"https:\/\/www.xunzel.com\/store\/#website","url":"https:\/\/www.xunzel.com\/store\/","name":"Xunzel","description":"Energy in a box - The Electric Revolution","publisher":{"@id":"https:\/\/www.xunzel.com\/store\/#organization"},"potentialAction":[{"@type":"SearchAction","target":{"@type":"EntryPoint","urlTemplate":"https:\/\/www.xunzel.com\/store\/?s={search_term_string}"},"query-input":{"@type":"PropertyValueSpecification","valueRequired":true,"valueName":"search_term_string"}}],"inLanguage":"es"},{"@type":"Organization","@id":"https:\/\/www.xunzel.com\/store\/#organization","name":"Xunzel","url":"https:\/\/www.xunzel.com\/store\/","logo":{"@type":"ImageObject","inLanguage":"es","@id":"https:\/\/www.xunzel.com\/store\/#\/schema\/logo\/image\/","url":"https:\/\/www.xunzel.com\/store\/wp-content\/uploads\/2021\/01\/logo-xunzel-footer.png","contentUrl":"https:\/\/www.xunzel.com\/store\/wp-content\/uploads\/2021\/01\/logo-xunzel-footer.png","width":280,"height":52,"caption":"Xunzel"},"image":{"@id":"https:\/\/www.xunzel.com\/store\/#\/schema\/logo\/image\/"}}]}},"_links":{"self":[{"href":"https:\/\/www.xunzel.com\/store\/wp-json\/wp\/v2\/product\/7987","targetHints":{"allow":["GET"]}}],"collection":[{"href":"https:\/\/www.xunzel.com\/store\/wp-json\/wp\/v2\/product"}],"about":[{"href":"https:\/\/www.xunzel.com\/store\/wp-json\/wp\/v2\/types\/product"}],"wp:featuredmedia":[{"embeddable":true,"href":"https:\/\/www.xunzel.com\/store\/wp-json\/wp\/v2\/media\/21992"}],"wp:attachment":[{"href":"https:\/\/www.xunzel.com\/store\/wp-json\/wp\/v2\/media?parent=7987"}],"wp:term":[{"taxonomy":"product_brand","embeddable":true,"href":"https:\/\/www.xunzel.com\/store\/wp-json\/wp\/v2\/product_brand?post=7987"},{"taxonomy":"product_cat","embeddable":true,"href":"https:\/\/www.xunzel.com\/store\/wp-json\/wp\/v2\/product_cat?post=7987"},{"taxonomy":"product_tag","embeddable":true,"href":"https:\/\/www.xunzel.com\/store\/wp-json\/wp\/v2\/product_tag?post=7987"}],"curies":[{"name":"wp","href":"https:\/\/api.w.org\/{rel}","templated":true}]}}