{"id":7966,"date":"2020-09-15T13:58:31","date_gmt":"2020-09-15T11:58:31","guid":{"rendered":"https:\/\/www.xunzel.com\/store\/?post_type=product&#038;p=7966"},"modified":"2025-06-19T16:45:33","modified_gmt":"2025-06-19T14:45:33","slug":"solarlife-i-60","status":"publish","type":"product","link":"https:\/\/www.xunzel.com\/store\/producto\/solarlife-i-60\/","title":{"rendered":"SOLARLIFE i-60"},"content":{"rendered":"<div class=\"wpb-content-wrapper\"><p>[vc_row][vc_column][vc_column_text]SOLARLIFE i-60. Sistema de Iluminaci\u00f3n LED completo listo para usar. Ideal tanto para uso industrial, profesional, jard\u00edn, HORECA o recreativo.<br \/>\nCon encendido autom\u00e1tico incluido. Con funci\u00f3n crepuscular (encendido\/apagado autom\u00e1tico) programable o simplemente enci\u00e9ndelo y ap\u00e1galo cuando lo desees.<br \/>\nCompleto. Crea tu propio sistema de iluminaci\u00f3n en cualquier lugar. Haz tu iluminaci\u00f3n solar. UNIVERSAL. Adaptable con tu luminaria favorita, interior o exterior. Ultra-seguro 12Vcc. F\u00e1cil de ampliar y muy vers\u00e1til. Zero problemas. M\u00e1xima eficiencia y seguridad.<\/p>\n<ul>\n<li>Con panel <a href=\"https:\/\/www.xunzel.com\/store\/producto\/solarpower-60w-12v\/\" target=\"_blank\" rel=\"noopener\"><strong>SOLARPOWER-60W<\/strong> <\/a>(con 4 metros de cable) alta eficiencia,<\/li>\n<li>Bater\u00eda Solar <a href=\"https:\/\/www.xunzel.com\/store\/producto\/solarx-30\/\" target=\"_blank\" rel=\"noopener\"><strong>SOLARX-30Ah<\/strong><\/a> de larga duraci\u00f3n (carga completa en 1 d\u00eda aprox.),<\/li>\n<li>3 bombillas<a href=\"https:\/\/www.xunzel.com\/store\/producto\/led-nature-3w-12-24v\/\" target=\"_blank\" rel=\"noopener\"><strong> LED NATURE 3W-12V<\/strong><\/a> de alta luminosidad y luz blanca Solar(4000K) (Con bater\u00eda 100% cargada, total= 780lm durante 24 horas aprox.),<\/li>\n<li>Con 3 portal\u00e1mparas 2 metros cable cada una,<\/li>\n<li>Controlador Digital de Carga y Descarga<a href=\"https:\/\/www.xunzel.com\/store\/producto\/iscc-au-10a-12v\/\" target=\"_blank\" rel=\"noopener\"><strong> iSCC-AU<\/strong> <\/a>con salida USB 5V-2.1A. Saca el m\u00e1ximo rendimiento y duraci\u00f3n de tu bater\u00eda.<\/li>\n<li>Cables y conectores<\/li>\n<li>Caja XUNBOX, ideal para guardar todos los componentes.<\/li>\n<\/ul>\n<p>[\/vc_column_text][\/vc_column][\/vc_row]<\/p>\n<\/div>","protected":false},"excerpt":{"rendered":"<p>Sistema Solar de Iluminaci\u00f3n LED con encendido autom\u00e1tico de alta eficiencia completo. Crea tu propio sistema de iluminaci\u00f3n en cualquier lugar. Haz tu iluminaci\u00f3n solar. UNIVERSAL. Compatible con tu luminaria favorita, interior o exterior. Ultra-seguro 12Vcc.<br \/>\nCon funci\u00f3n crepuscular (encendido\/apagado autom\u00e1tico) programable.<br \/>\nCon salida USB 5V-2.1A para carga de dispositivos electr\u00f3nicos.<br \/>\nIncluye 3 bombillas LED NATURE 3W-12V \u2502Luz blanca Solar | 4000\u00b0K, con 3 portal\u00e1mparas con 2m de cable cada una. Proporciona hasta 24hr x 780 lm de luz (con bater\u00eda 100% cargada).<\/p>\n<p><span class=\"shared-files-shortcode-admin-list shared-files-shortcode-admin-list-file shared-files-shortcode-8338\" title=\"[shared_files file_id=8338]\">[shared_files file_id=8338]<\/span><\/p>\n","protected":false},"featured_media":17101,"template":"","meta":{"_acf_changed":false},"product_brand":[],"product_cat":[90],"product_tag":[],"class_list":{"0":"post-7966","1":"product","2":"type-product","3":"status-publish","4":"has-post-thumbnail","6":"product_cat-solarlife-i-series","8":"first","9":"instock","10":"featured","11":"taxable","12":"shipping-taxable","13":"purchasable","14":"product-type-simple"},"acf":[],"yoast_head":"<!-- This site is optimized with the Yoast SEO plugin v25.4 - https:\/\/yoast.com\/wordpress\/plugins\/seo\/ -->\n<title>SOLARLIFE i-60 &#8211; Xunzel<\/title>\n<meta name=\"robots\" content=\"index, follow, max-snippet:-1, max-image-preview:large, max-video-preview:-1\" \/>\n<link rel=\"canonical\" href=\"https:\/\/www.xunzel.com\/store\/producto\/solarlife-i-60\/\" \/>\n<meta property=\"og:locale\" content=\"es_ES\" \/>\n<meta property=\"og:type\" content=\"article\" \/>\n<meta property=\"og:title\" content=\"SOLARLIFE i-60 &#8211; Xunzel\" \/>\n<meta property=\"og:description\" content=\"Sistema Solar de Iluminaci\u00f3n LED con encendido autom\u00e1tico de alta eficiencia completo. Crea tu propio sistema de iluminaci\u00f3n en cualquier lugar. Haz tu iluminaci\u00f3n solar. UNIVERSAL. Compatible con tu luminaria favorita, interior o exterior. Ultra-seguro 12Vcc. Con funci\u00f3n crepuscular (encendido\/apagado autom\u00e1tico) programable. Con salida USB 5V-2.1A para carga de dispositivos electr\u00f3nicos. Incluye 3 bombillas LED NATURE 3W-12V \u2502Luz blanca Solar | 4000\u00b0K, con 3 portal\u00e1mparas con 2m de cable cada una. Proporciona hasta 24hr x 780 lm de luz (con bater\u00eda 100% cargada).\" \/>\n<meta property=\"og:url\" content=\"https:\/\/www.xunzel.com\/store\/producto\/solarlife-i-60\/\" \/>\n<meta property=\"og:site_name\" content=\"Xunzel\" \/>\n<meta property=\"article:modified_time\" content=\"2025-06-19T14:45:33+00:00\" \/>\n<meta property=\"og:image\" content=\"https:\/\/www.xunzel.com\/store\/wp-content\/uploads\/2023\/09\/i60-Series_SOLARLIFE-2022-e1695649542934.jpg\" \/>\n\t<meta property=\"og:image:width\" content=\"2250\" \/>\n\t<meta property=\"og:image:height\" content=\"2250\" \/>\n\t<meta property=\"og:image:type\" content=\"image\/jpeg\" \/>\n<meta name=\"twitter:card\" content=\"summary_large_image\" \/>\n<meta name=\"twitter:label1\" content=\"Tiempo de lectura\" \/>\n\t<meta name=\"twitter:data1\" content=\"1 minuto\" \/>\n<script type=\"application\/ld+json\" class=\"yoast-schema-graph\">{\"@context\":\"https:\/\/schema.org\",\"@graph\":[{\"@type\":\"WebPage\",\"@id\":\"https:\/\/www.xunzel.com\/store\/producto\/solarlife-i-60\/\",\"url\":\"https:\/\/www.xunzel.com\/store\/producto\/solarlife-i-60\/\",\"name\":\"SOLARLIFE i-60 &#8211; Xunzel\",\"isPartOf\":{\"@id\":\"https:\/\/www.xunzel.com\/store\/#website\"},\"primaryImageOfPage\":{\"@id\":\"https:\/\/www.xunzel.com\/store\/producto\/solarlife-i-60\/#primaryimage\"},\"image\":{\"@id\":\"https:\/\/www.xunzel.com\/store\/producto\/solarlife-i-60\/#primaryimage\"},\"thumbnailUrl\":\"https:\/\/www.xunzel.com\/store\/wp-content\/uploads\/2023\/09\/i60-Series_SOLARLIFE-2022-e1695649542934.jpg\",\"datePublished\":\"2020-09-15T11:58:31+00:00\",\"dateModified\":\"2025-06-19T14:45:33+00:00\",\"breadcrumb\":{\"@id\":\"https:\/\/www.xunzel.com\/store\/producto\/solarlife-i-60\/#breadcrumb\"},\"inLanguage\":\"es\",\"potentialAction\":[{\"@type\":\"ReadAction\",\"target\":[\"https:\/\/www.xunzel.com\/store\/producto\/solarlife-i-60\/\"]}]},{\"@type\":\"ImageObject\",\"inLanguage\":\"es\",\"@id\":\"https:\/\/www.xunzel.com\/store\/producto\/solarlife-i-60\/#primaryimage\",\"url\":\"https:\/\/www.xunzel.com\/store\/wp-content\/uploads\/2023\/09\/i60-Series_SOLARLIFE-2022-e1695649542934.jpg\",\"contentUrl\":\"https:\/\/www.xunzel.com\/store\/wp-content\/uploads\/2023\/09\/i60-Series_SOLARLIFE-2022-e1695649542934.jpg\",\"width\":2250,\"height\":2250},{\"@type\":\"BreadcrumbList\",\"@id\":\"https:\/\/www.xunzel.com\/store\/producto\/solarlife-i-60\/#breadcrumb\",\"itemListElement\":[{\"@type\":\"ListItem\",\"position\":1,\"name\":\"Portada\",\"item\":\"https:\/\/www.xunzel.com\/store\/\"},{\"@type\":\"ListItem\",\"position\":2,\"name\":\"Tienda\",\"item\":\"https:\/\/www.xunzel.com\/store\/tienda\/\"},{\"@type\":\"ListItem\",\"position\":3,\"name\":\"SOLARLIFE i-60\"}]},{\"@type\":\"WebSite\",\"@id\":\"https:\/\/www.xunzel.com\/store\/#website\",\"url\":\"https:\/\/www.xunzel.com\/store\/\",\"name\":\"Xunzel\",\"description\":\"Energy in a box - The Electric Revolution\",\"publisher\":{\"@id\":\"https:\/\/www.xunzel.com\/store\/#organization\"},\"potentialAction\":[{\"@type\":\"SearchAction\",\"target\":{\"@type\":\"EntryPoint\",\"urlTemplate\":\"https:\/\/www.xunzel.com\/store\/?s={search_term_string}\"},\"query-input\":{\"@type\":\"PropertyValueSpecification\",\"valueRequired\":true,\"valueName\":\"search_term_string\"}}],\"inLanguage\":\"es\"},{\"@type\":\"Organization\",\"@id\":\"https:\/\/www.xunzel.com\/store\/#organization\",\"name\":\"Xunzel\",\"url\":\"https:\/\/www.xunzel.com\/store\/\",\"logo\":{\"@type\":\"ImageObject\",\"inLanguage\":\"es\",\"@id\":\"https:\/\/www.xunzel.com\/store\/#\/schema\/logo\/image\/\",\"url\":\"https:\/\/www.xunzel.com\/store\/wp-content\/uploads\/2021\/01\/logo-xunzel-footer.png\",\"contentUrl\":\"https:\/\/www.xunzel.com\/store\/wp-content\/uploads\/2021\/01\/logo-xunzel-footer.png\",\"width\":280,\"height\":52,\"caption\":\"Xunzel\"},\"image\":{\"@id\":\"https:\/\/www.xunzel.com\/store\/#\/schema\/logo\/image\/\"}}]}<\/script>\n<!-- \/ Yoast SEO plugin. -->","yoast_head_json":{"title":"SOLARLIFE i-60 &#8211; Xunzel","robots":{"index":"index","follow":"follow","max-snippet":"max-snippet:-1","max-image-preview":"max-image-preview:large","max-video-preview":"max-video-preview:-1"},"canonical":"https:\/\/www.xunzel.com\/store\/producto\/solarlife-i-60\/","og_locale":"es_ES","og_type":"article","og_title":"SOLARLIFE i-60 &#8211; Xunzel","og_description":"Sistema Solar de Iluminaci\u00f3n LED con encendido autom\u00e1tico de alta eficiencia completo. Crea tu propio sistema de iluminaci\u00f3n en cualquier lugar. Haz tu iluminaci\u00f3n solar. UNIVERSAL. Compatible con tu luminaria favorita, interior o exterior. Ultra-seguro 12Vcc. Con funci\u00f3n crepuscular (encendido\/apagado autom\u00e1tico) programable. Con salida USB 5V-2.1A para carga de dispositivos electr\u00f3nicos. Incluye 3 bombillas LED NATURE 3W-12V \u2502Luz blanca Solar | 4000\u00b0K, con 3 portal\u00e1mparas con 2m de cable cada una. Proporciona hasta 24hr x 780 lm de luz (con bater\u00eda 100% cargada).","og_url":"https:\/\/www.xunzel.com\/store\/producto\/solarlife-i-60\/","og_site_name":"Xunzel","article_modified_time":"2025-06-19T14:45:33+00:00","og_image":[{"width":2250,"height":2250,"url":"https:\/\/www.xunzel.com\/store\/wp-content\/uploads\/2023\/09\/i60-Series_SOLARLIFE-2022-e1695649542934.jpg","type":"image\/jpeg"}],"twitter_card":"summary_large_image","twitter_misc":{"Tiempo de lectura":"1 minuto"},"schema":{"@context":"https:\/\/schema.org","@graph":[{"@type":"WebPage","@id":"https:\/\/www.xunzel.com\/store\/producto\/solarlife-i-60\/","url":"https:\/\/www.xunzel.com\/store\/producto\/solarlife-i-60\/","name":"SOLARLIFE i-60 &#8211; Xunzel","isPartOf":{"@id":"https:\/\/www.xunzel.com\/store\/#website"},"primaryImageOfPage":{"@id":"https:\/\/www.xunzel.com\/store\/producto\/solarlife-i-60\/#primaryimage"},"image":{"@id":"https:\/\/www.xunzel.com\/store\/producto\/solarlife-i-60\/#primaryimage"},"thumbnailUrl":"https:\/\/www.xunzel.com\/store\/wp-content\/uploads\/2023\/09\/i60-Series_SOLARLIFE-2022-e1695649542934.jpg","datePublished":"2020-09-15T11:58:31+00:00","dateModified":"2025-06-19T14:45:33+00:00","breadcrumb":{"@id":"https:\/\/www.xunzel.com\/store\/producto\/solarlife-i-60\/#breadcrumb"},"inLanguage":"es","potentialAction":[{"@type":"ReadAction","target":["https:\/\/www.xunzel.com\/store\/producto\/solarlife-i-60\/"]}]},{"@type":"ImageObject","inLanguage":"es","@id":"https:\/\/www.xunzel.com\/store\/producto\/solarlife-i-60\/#primaryimage","url":"https:\/\/www.xunzel.com\/store\/wp-content\/uploads\/2023\/09\/i60-Series_SOLARLIFE-2022-e1695649542934.jpg","contentUrl":"https:\/\/www.xunzel.com\/store\/wp-content\/uploads\/2023\/09\/i60-Series_SOLARLIFE-2022-e1695649542934.jpg","width":2250,"height":2250},{"@type":"BreadcrumbList","@id":"https:\/\/www.xunzel.com\/store\/producto\/solarlife-i-60\/#breadcrumb","itemListElement":[{"@type":"ListItem","position":1,"name":"Portada","item":"https:\/\/www.xunzel.com\/store\/"},{"@type":"ListItem","position":2,"name":"Tienda","item":"https:\/\/www.xunzel.com\/store\/tienda\/"},{"@type":"ListItem","position":3,"name":"SOLARLIFE i-60"}]},{"@type":"WebSite","@id":"https:\/\/www.xunzel.com\/store\/#website","url":"https:\/\/www.xunzel.com\/store\/","name":"Xunzel","description":"Energy in a box - The Electric Revolution","publisher":{"@id":"https:\/\/www.xunzel.com\/store\/#organization"},"potentialAction":[{"@type":"SearchAction","target":{"@type":"EntryPoint","urlTemplate":"https:\/\/www.xunzel.com\/store\/?s={search_term_string}"},"query-input":{"@type":"PropertyValueSpecification","valueRequired":true,"valueName":"search_term_string"}}],"inLanguage":"es"},{"@type":"Organization","@id":"https:\/\/www.xunzel.com\/store\/#organization","name":"Xunzel","url":"https:\/\/www.xunzel.com\/store\/","logo":{"@type":"ImageObject","inLanguage":"es","@id":"https:\/\/www.xunzel.com\/store\/#\/schema\/logo\/image\/","url":"https:\/\/www.xunzel.com\/store\/wp-content\/uploads\/2021\/01\/logo-xunzel-footer.png","contentUrl":"https:\/\/www.xunzel.com\/store\/wp-content\/uploads\/2021\/01\/logo-xunzel-footer.png","width":280,"height":52,"caption":"Xunzel"},"image":{"@id":"https:\/\/www.xunzel.com\/store\/#\/schema\/logo\/image\/"}}]}},"_links":{"self":[{"href":"https:\/\/www.xunzel.com\/store\/wp-json\/wp\/v2\/product\/7966","targetHints":{"allow":["GET"]}}],"collection":[{"href":"https:\/\/www.xunzel.com\/store\/wp-json\/wp\/v2\/product"}],"about":[{"href":"https:\/\/www.xunzel.com\/store\/wp-json\/wp\/v2\/types\/product"}],"wp:featuredmedia":[{"embeddable":true,"href":"https:\/\/www.xunzel.com\/store\/wp-json\/wp\/v2\/media\/17101"}],"wp:attachment":[{"href":"https:\/\/www.xunzel.com\/store\/wp-json\/wp\/v2\/media?parent=7966"}],"wp:term":[{"taxonomy":"product_brand","embeddable":true,"href":"https:\/\/www.xunzel.com\/store\/wp-json\/wp\/v2\/product_brand?post=7966"},{"taxonomy":"product_cat","embeddable":true,"href":"https:\/\/www.xunzel.com\/store\/wp-json\/wp\/v2\/product_cat?post=7966"},{"taxonomy":"product_tag","embeddable":true,"href":"https:\/\/www.xunzel.com\/store\/wp-json\/wp\/v2\/product_tag?post=7966"}],"curies":[{"name":"wp","href":"https:\/\/api.w.org\/{rel}","templated":true}]}}