{"id":7962,"date":"2020-09-14T20:14:32","date_gmt":"2020-09-14T18:14:32","guid":{"rendered":"https:\/\/www.xunzel.com\/store\/?post_type=product&#038;p=7962"},"modified":"2025-06-18T14:09:33","modified_gmt":"2025-06-18T12:09:33","slug":"solarlife-pro-aut-3024","status":"publish","type":"product","link":"https:\/\/www.xunzel.com\/store\/producto\/solarlife-pro-aut-3024\/","title":{"rendered":"SOLARLIFE-PRO AUT 3024"},"content":{"rendered":"<p>Soluci\u00f3n para automatismos de 24VDC (disponibles modelos para 12VDC, 36VDC, 48VDC y 230VAC).<br \/>\nPara todo tipo de frecuencias de uso, continuo o puntual.<br \/>\nTambi\u00e9n ideal para usar como sistema de respaldo (SAI\/Back-Up)<br \/>\nTotalmente Seguro. Muy baja tensi\u00f3n.<br \/>\nDise\u00f1o de Alto Rendimiento. M\u00e1xima eficiencia y factor de forma reducido.<br \/>\nSin mantenimiento. Robusto y dise\u00f1ado para operar en las condiciones m\u00e1s extremas: IP66 resistente al agua. IK10 resistente a impactos. Soporta amplio rango de temperaturas-20\u00b0C \u00a0+60 \u00b0C. Aislamiento Clase II. Resistente al fuego y UV.<br \/>\nIncrementa la seguridad de la instalaci\u00f3n.<br \/>\nSistema ensamblado, aumentando la seguridad y rapidez de la instalaci\u00f3n.<br \/>\nArquitectura modular. Permite integrar multitud de equipos electr\u00f3nicos adicionales.<br \/>\nFlexible, f\u00e1cilmente ampliable.<br \/>\nDise\u00f1o seguro contra vulneraciones IT.<br \/>\nProtecci\u00f3n Total: Fusible. Contra sobrecarga y sobre descarga.\u00a0 Contra Polaridad inversa. Corto-circuito. Sobrecarga. Sobrevoltaje. Baja tensi\u00f3n. Sobre temperatura.<br \/>\nSe entrega con cerradura y llave.<br \/>\nPermite instalaci\u00f3n en pared, poste, suelo. Exterior e Interior.<br \/>\nCertificado y Aprobado para transporte a\u00e9reo, ferroviario, mar\u00edtimo o carretera. ADR\/RID, IMDG, FAA e IATA Approved.<\/p>\n","protected":false},"excerpt":{"rendered":"<p>Sistema aut\u00f3nomo completo de energ\u00eda para alimentar automatismos y accesos a 24VDC.<\/p>\n<p>Dise\u00f1ados para suministrar energ\u00eda de manera segura y eficiente.<\/p>\n<p>Universal. Compatible con la mayor\u00eda de automatismos y marcas. Para todo tipo de automatismos: correderas, batientes, bolardos, seccionales, cerraduras, Puertas autom\u00e1ticas, video\/porteros, iluminaci\u00f3n auxiliar, etc.<\/p>\n<p>Gran n\u00famero de maniobras. Hasta 15~40 maniobras d\u00eda y autonom\u00eda hasta 60 d\u00edas. Dependiendo del modelo, accesorios usados y peso de la puerta.<\/p>\n<p>Plug&amp;Play. Seguro. Sin mantenimiento. Totalmente homologado y Con protecciones avanzadas.<\/p>\n<p>Panel solar fotovoltaico de alta eficiencia <a href=\"https:\/\/www.xunzel.com\/store\/producto\/solarpower-30w-24v\/\" target=\"_blank\" rel=\"noopener\"><strong>SOLARPOWER-30W<\/strong> <\/a>con soporte, cuadro completo XUNBOX con 2 bater\u00edas <a href=\"https:\/\/www.xunzel.com\/store\/product\/solarx-14\/\" target=\"_blank\" rel=\"noopener\"><strong>SOLARX-14<\/strong> <\/a>de larga vida \u00fatil, electr\u00f3nica de control, cableados, conectores universales y protecciones.<\/p>\n<p>Motor no incluido.<\/p>\n<p><span class=\"shared-files-shortcode-admin-list shared-files-shortcode-admin-list-file shared-files-shortcode-11092\" title=\"[shared_files file_id=11092]\">[shared_files file_id=11092]<\/span><\/p>\n","protected":false},"featured_media":20931,"template":"","meta":{"_acf_changed":false},"product_brand":[],"product_cat":[93],"product_tag":[],"class_list":{"0":"post-7962","1":"product","2":"type-product","3":"status-publish","4":"has-post-thumbnail","6":"product_cat-solarlife-pro-aut-series","8":"first","9":"onbackorder","10":"featured","11":"taxable","12":"shipping-taxable","13":"purchasable","14":"product-type-simple"},"acf":[],"yoast_head":"<!-- This site is optimized with the Yoast SEO plugin v25.4 - https:\/\/yoast.com\/wordpress\/plugins\/seo\/ -->\n<title>SOLARLIFE-PRO AUT 3024 &#8211; Xunzel<\/title>\n<meta name=\"robots\" content=\"index, follow, max-snippet:-1, max-image-preview:large, max-video-preview:-1\" \/>\n<link rel=\"canonical\" href=\"https:\/\/www.xunzel.com\/store\/producto\/solarlife-pro-aut-3024\/\" \/>\n<meta property=\"og:locale\" content=\"es_ES\" \/>\n<meta property=\"og:type\" content=\"article\" \/>\n<meta property=\"og:title\" content=\"SOLARLIFE-PRO AUT 3024 &#8211; Xunzel\" \/>\n<meta property=\"og:description\" content=\"Sistema aut\u00f3nomo completo de energ\u00eda para alimentar automatismos y accesos a 24VDC.  Dise\u00f1ados para suministrar energ\u00eda de manera segura y eficiente.  Universal. Compatible con la mayor\u00eda de automatismos y marcas. Para todo tipo de automatismos: correderas, batientes, bolardos, seccionales, cerraduras, Puertas autom\u00e1ticas, video\/porteros, iluminaci\u00f3n auxiliar, etc.  Gran n\u00famero de maniobras. Hasta 15~40 maniobras d\u00eda y autonom\u00eda hasta 60 d\u00edas. Dependiendo del modelo, accesorios usados y peso de la puerta.  Plug&amp;Play. Seguro. Sin mantenimiento. Totalmente homologado y Con protecciones avanzadas.  Panel solar fotovoltaico de alta eficiencia SOLARPOWER-30W con soporte, cuadro completo XUNBOX con 2 bater\u00edas SOLARX-14 de larga vida \u00fatil, electr\u00f3nica de control, cableados, conectores universales y protecciones.  Motor no incluido.\" \/>\n<meta property=\"og:url\" content=\"https:\/\/www.xunzel.com\/store\/producto\/solarlife-pro-aut-3024\/\" \/>\n<meta property=\"og:site_name\" content=\"Xunzel\" \/>\n<meta property=\"article:modified_time\" content=\"2025-06-18T12:09:33+00:00\" \/>\n<meta property=\"og:image\" content=\"https:\/\/www.xunzel.com\/store\/wp-content\/uploads\/2020\/09\/SOLARLIFE-pro-AUT-30W24V.jpg\" \/>\n\t<meta property=\"og:image:width\" content=\"2000\" \/>\n\t<meta property=\"og:image:height\" content=\"2000\" \/>\n\t<meta property=\"og:image:type\" content=\"image\/jpeg\" \/>\n<meta name=\"twitter:card\" content=\"summary_large_image\" \/>\n<meta name=\"twitter:label1\" content=\"Tiempo de lectura\" \/>\n\t<meta name=\"twitter:data1\" content=\"1 minuto\" \/>\n<script type=\"application\/ld+json\" class=\"yoast-schema-graph\">{\"@context\":\"https:\/\/schema.org\",\"@graph\":[{\"@type\":\"WebPage\",\"@id\":\"https:\/\/www.xunzel.com\/store\/producto\/solarlife-pro-aut-3024\/\",\"url\":\"https:\/\/www.xunzel.com\/store\/producto\/solarlife-pro-aut-3024\/\",\"name\":\"SOLARLIFE-PRO AUT 3024 &#8211; Xunzel\",\"isPartOf\":{\"@id\":\"https:\/\/www.xunzel.com\/store\/#website\"},\"primaryImageOfPage\":{\"@id\":\"https:\/\/www.xunzel.com\/store\/producto\/solarlife-pro-aut-3024\/#primaryimage\"},\"image\":{\"@id\":\"https:\/\/www.xunzel.com\/store\/producto\/solarlife-pro-aut-3024\/#primaryimage\"},\"thumbnailUrl\":\"https:\/\/www.xunzel.com\/store\/wp-content\/uploads\/2020\/09\/SOLARLIFE-pro-AUT-30W24V.jpg\",\"datePublished\":\"2020-09-14T18:14:32+00:00\",\"dateModified\":\"2025-06-18T12:09:33+00:00\",\"breadcrumb\":{\"@id\":\"https:\/\/www.xunzel.com\/store\/producto\/solarlife-pro-aut-3024\/#breadcrumb\"},\"inLanguage\":\"es\",\"potentialAction\":[{\"@type\":\"ReadAction\",\"target\":[\"https:\/\/www.xunzel.com\/store\/producto\/solarlife-pro-aut-3024\/\"]}]},{\"@type\":\"ImageObject\",\"inLanguage\":\"es\",\"@id\":\"https:\/\/www.xunzel.com\/store\/producto\/solarlife-pro-aut-3024\/#primaryimage\",\"url\":\"https:\/\/www.xunzel.com\/store\/wp-content\/uploads\/2020\/09\/SOLARLIFE-pro-AUT-30W24V.jpg\",\"contentUrl\":\"https:\/\/www.xunzel.com\/store\/wp-content\/uploads\/2020\/09\/SOLARLIFE-pro-AUT-30W24V.jpg\",\"width\":2000,\"height\":2000},{\"@type\":\"BreadcrumbList\",\"@id\":\"https:\/\/www.xunzel.com\/store\/producto\/solarlife-pro-aut-3024\/#breadcrumb\",\"itemListElement\":[{\"@type\":\"ListItem\",\"position\":1,\"name\":\"Portada\",\"item\":\"https:\/\/www.xunzel.com\/store\/\"},{\"@type\":\"ListItem\",\"position\":2,\"name\":\"Tienda\",\"item\":\"https:\/\/www.xunzel.com\/store\/tienda\/\"},{\"@type\":\"ListItem\",\"position\":3,\"name\":\"SOLARLIFE-PRO AUT 3024\"}]},{\"@type\":\"WebSite\",\"@id\":\"https:\/\/www.xunzel.com\/store\/#website\",\"url\":\"https:\/\/www.xunzel.com\/store\/\",\"name\":\"Xunzel\",\"description\":\"Energy in a box - The Electric Revolution\",\"publisher\":{\"@id\":\"https:\/\/www.xunzel.com\/store\/#organization\"},\"potentialAction\":[{\"@type\":\"SearchAction\",\"target\":{\"@type\":\"EntryPoint\",\"urlTemplate\":\"https:\/\/www.xunzel.com\/store\/?s={search_term_string}\"},\"query-input\":{\"@type\":\"PropertyValueSpecification\",\"valueRequired\":true,\"valueName\":\"search_term_string\"}}],\"inLanguage\":\"es\"},{\"@type\":\"Organization\",\"@id\":\"https:\/\/www.xunzel.com\/store\/#organization\",\"name\":\"Xunzel\",\"url\":\"https:\/\/www.xunzel.com\/store\/\",\"logo\":{\"@type\":\"ImageObject\",\"inLanguage\":\"es\",\"@id\":\"https:\/\/www.xunzel.com\/store\/#\/schema\/logo\/image\/\",\"url\":\"https:\/\/www.xunzel.com\/store\/wp-content\/uploads\/2021\/01\/logo-xunzel-footer.png\",\"contentUrl\":\"https:\/\/www.xunzel.com\/store\/wp-content\/uploads\/2021\/01\/logo-xunzel-footer.png\",\"width\":280,\"height\":52,\"caption\":\"Xunzel\"},\"image\":{\"@id\":\"https:\/\/www.xunzel.com\/store\/#\/schema\/logo\/image\/\"}}]}<\/script>\n<!-- \/ Yoast SEO plugin. -->","yoast_head_json":{"title":"SOLARLIFE-PRO AUT 3024 &#8211; Xunzel","robots":{"index":"index","follow":"follow","max-snippet":"max-snippet:-1","max-image-preview":"max-image-preview:large","max-video-preview":"max-video-preview:-1"},"canonical":"https:\/\/www.xunzel.com\/store\/producto\/solarlife-pro-aut-3024\/","og_locale":"es_ES","og_type":"article","og_title":"SOLARLIFE-PRO AUT 3024 &#8211; Xunzel","og_description":"Sistema aut\u00f3nomo completo de energ\u00eda para alimentar automatismos y accesos a 24VDC.  Dise\u00f1ados para suministrar energ\u00eda de manera segura y eficiente.  Universal. Compatible con la mayor\u00eda de automatismos y marcas. Para todo tipo de automatismos: correderas, batientes, bolardos, seccionales, cerraduras, Puertas autom\u00e1ticas, video\/porteros, iluminaci\u00f3n auxiliar, etc.  Gran n\u00famero de maniobras. Hasta 15~40 maniobras d\u00eda y autonom\u00eda hasta 60 d\u00edas. Dependiendo del modelo, accesorios usados y peso de la puerta.  Plug&amp;Play. Seguro. Sin mantenimiento. Totalmente homologado y Con protecciones avanzadas.  Panel solar fotovoltaico de alta eficiencia SOLARPOWER-30W con soporte, cuadro completo XUNBOX con 2 bater\u00edas SOLARX-14 de larga vida \u00fatil, electr\u00f3nica de control, cableados, conectores universales y protecciones.  Motor no incluido.","og_url":"https:\/\/www.xunzel.com\/store\/producto\/solarlife-pro-aut-3024\/","og_site_name":"Xunzel","article_modified_time":"2025-06-18T12:09:33+00:00","og_image":[{"width":2000,"height":2000,"url":"https:\/\/www.xunzel.com\/store\/wp-content\/uploads\/2020\/09\/SOLARLIFE-pro-AUT-30W24V.jpg","type":"image\/jpeg"}],"twitter_card":"summary_large_image","twitter_misc":{"Tiempo de lectura":"1 minuto"},"schema":{"@context":"https:\/\/schema.org","@graph":[{"@type":"WebPage","@id":"https:\/\/www.xunzel.com\/store\/producto\/solarlife-pro-aut-3024\/","url":"https:\/\/www.xunzel.com\/store\/producto\/solarlife-pro-aut-3024\/","name":"SOLARLIFE-PRO AUT 3024 &#8211; Xunzel","isPartOf":{"@id":"https:\/\/www.xunzel.com\/store\/#website"},"primaryImageOfPage":{"@id":"https:\/\/www.xunzel.com\/store\/producto\/solarlife-pro-aut-3024\/#primaryimage"},"image":{"@id":"https:\/\/www.xunzel.com\/store\/producto\/solarlife-pro-aut-3024\/#primaryimage"},"thumbnailUrl":"https:\/\/www.xunzel.com\/store\/wp-content\/uploads\/2020\/09\/SOLARLIFE-pro-AUT-30W24V.jpg","datePublished":"2020-09-14T18:14:32+00:00","dateModified":"2025-06-18T12:09:33+00:00","breadcrumb":{"@id":"https:\/\/www.xunzel.com\/store\/producto\/solarlife-pro-aut-3024\/#breadcrumb"},"inLanguage":"es","potentialAction":[{"@type":"ReadAction","target":["https:\/\/www.xunzel.com\/store\/producto\/solarlife-pro-aut-3024\/"]}]},{"@type":"ImageObject","inLanguage":"es","@id":"https:\/\/www.xunzel.com\/store\/producto\/solarlife-pro-aut-3024\/#primaryimage","url":"https:\/\/www.xunzel.com\/store\/wp-content\/uploads\/2020\/09\/SOLARLIFE-pro-AUT-30W24V.jpg","contentUrl":"https:\/\/www.xunzel.com\/store\/wp-content\/uploads\/2020\/09\/SOLARLIFE-pro-AUT-30W24V.jpg","width":2000,"height":2000},{"@type":"BreadcrumbList","@id":"https:\/\/www.xunzel.com\/store\/producto\/solarlife-pro-aut-3024\/#breadcrumb","itemListElement":[{"@type":"ListItem","position":1,"name":"Portada","item":"https:\/\/www.xunzel.com\/store\/"},{"@type":"ListItem","position":2,"name":"Tienda","item":"https:\/\/www.xunzel.com\/store\/tienda\/"},{"@type":"ListItem","position":3,"name":"SOLARLIFE-PRO AUT 3024"}]},{"@type":"WebSite","@id":"https:\/\/www.xunzel.com\/store\/#website","url":"https:\/\/www.xunzel.com\/store\/","name":"Xunzel","description":"Energy in a box - The Electric Revolution","publisher":{"@id":"https:\/\/www.xunzel.com\/store\/#organization"},"potentialAction":[{"@type":"SearchAction","target":{"@type":"EntryPoint","urlTemplate":"https:\/\/www.xunzel.com\/store\/?s={search_term_string}"},"query-input":{"@type":"PropertyValueSpecification","valueRequired":true,"valueName":"search_term_string"}}],"inLanguage":"es"},{"@type":"Organization","@id":"https:\/\/www.xunzel.com\/store\/#organization","name":"Xunzel","url":"https:\/\/www.xunzel.com\/store\/","logo":{"@type":"ImageObject","inLanguage":"es","@id":"https:\/\/www.xunzel.com\/store\/#\/schema\/logo\/image\/","url":"https:\/\/www.xunzel.com\/store\/wp-content\/uploads\/2021\/01\/logo-xunzel-footer.png","contentUrl":"https:\/\/www.xunzel.com\/store\/wp-content\/uploads\/2021\/01\/logo-xunzel-footer.png","width":280,"height":52,"caption":"Xunzel"},"image":{"@id":"https:\/\/www.xunzel.com\/store\/#\/schema\/logo\/image\/"}}]}},"_links":{"self":[{"href":"https:\/\/www.xunzel.com\/store\/wp-json\/wp\/v2\/product\/7962","targetHints":{"allow":["GET"]}}],"collection":[{"href":"https:\/\/www.xunzel.com\/store\/wp-json\/wp\/v2\/product"}],"about":[{"href":"https:\/\/www.xunzel.com\/store\/wp-json\/wp\/v2\/types\/product"}],"wp:featuredmedia":[{"embeddable":true,"href":"https:\/\/www.xunzel.com\/store\/wp-json\/wp\/v2\/media\/20931"}],"wp:attachment":[{"href":"https:\/\/www.xunzel.com\/store\/wp-json\/wp\/v2\/media?parent=7962"}],"wp:term":[{"taxonomy":"product_brand","embeddable":true,"href":"https:\/\/www.xunzel.com\/store\/wp-json\/wp\/v2\/product_brand?post=7962"},{"taxonomy":"product_cat","embeddable":true,"href":"https:\/\/www.xunzel.com\/store\/wp-json\/wp\/v2\/product_cat?post=7962"},{"taxonomy":"product_tag","embeddable":true,"href":"https:\/\/www.xunzel.com\/store\/wp-json\/wp\/v2\/product_tag?post=7962"}],"curies":[{"name":"wp","href":"https:\/\/api.w.org\/{rel}","templated":true}]}}