{"id":25662,"date":"2026-02-09T15:23:44","date_gmt":"2026-02-09T14:23:44","guid":{"rendered":"https:\/\/www.xunzel.com\/store\/?post_type=product&#038;p=25662"},"modified":"2026-02-16T11:00:59","modified_gmt":"2026-02-16T10:00:59","slug":"micro-solar-panel-900mw-9v","status":"publish","type":"product","link":"https:\/\/www.xunzel.com\/store\/producto\/micro-solar-panel-900mw-9v\/","title":{"rendered":"MICRO SOLAR PANEL 900mW 9V"},"content":{"rendered":"<p>Panel solar fotovoltaico uso industrial MICROSOLAR fabricado con c\u00e9lulas de muy alta eficiencia y respuesta espectral (optimizado para baja radiaci\u00f3n).<\/p>\n<p>Listo para ser utilizado en todo tipo de aplicaciones y carga de bater\u00edas recargables.<\/p>\n<ul>\n<li>Dise\u00f1o robusto, reforzado sin marco, ligero y compacto. F\u00e1cil de integrar en su aplicaci\u00f3n.<\/li>\n<li>Materiales de alta calidad. IP67, resistente a los impactos, ara\u00f1azos y a la radiaci\u00f3n UV. Dise\u00f1ado para entornos extremos.<\/li>\n<li>Ideal para carga de todo tipo de bater\u00edas recargables; litio, NiMH, super-cap, etc.<\/li>\n<li>100 % testado.\u00a0Ideal para IoT, IIoT, OoT, electr\u00f3nica, integraci\u00f3n, motores, rob\u00f3tica, etc.<\/li>\n<\/ul>\n<p>Amplia gama de modelos y accesorios. Opci\u00f3n de dise\u00f1os a medida.<\/p>\n","protected":false},"excerpt":{"rendered":"<p>Panel solar fotovoltaico MICROSOLAR 900mW 9V para electr\u00f3nica y carga de bater\u00edas.<\/p>\n<p>Voc = 11.88V | Isc = 100mA | Vmp = 9.90V | Imp = 86mA<\/p>\n<p>Tecnolog\u00eda de alta eficiencia y respuesta espectral para uso en exteriores, entornos con poca luz e incluso interiores.<\/p>\n<p>Materiales de alta calidad y sellado, IP67, resistente a productos qu\u00edmicos, polvo y radiaci\u00f3n UV. Mec\u00e1nicamente robusto, dise\u00f1ado para entornos extremos. Larga vida \u00fatil.<\/p>\n<p>Dise\u00f1ado para aplicaciones que requieren generaci\u00f3n de energ\u00eda solar en un espacio limitado.<\/p>\n<p>Con cable [opcional] preinstalado.<\/p>\n<p><span class=\"shared-files-shortcode-admin-list shared-files-shortcode-admin-list-file shared-files-shortcode-25557\" title=\"[shared_files file_id=25557]\">[shared_files file_id=25557]<\/span><\/p>\n","protected":false},"featured_media":25665,"template":"","meta":{"_acf_changed":false},"product_brand":[],"product_cat":[103],"product_tag":[],"class_list":{"0":"post-25662","1":"product","2":"type-product","3":"status-publish","4":"has-post-thumbnail","6":"product_cat-microsolar-panel-series","8":"first","9":"instock","10":"taxable","11":"shipping-taxable","12":"purchasable","13":"product-type-variable"},"acf":[],"yoast_head":"<!-- This site is optimized with the Yoast SEO plugin v25.4 - https:\/\/yoast.com\/wordpress\/plugins\/seo\/ -->\n<title>MICRO SOLAR PANEL 900mW 9V &#8211; Xunzel<\/title>\n<meta name=\"robots\" content=\"index, follow, max-snippet:-1, max-image-preview:large, max-video-preview:-1\" \/>\n<link rel=\"canonical\" href=\"https:\/\/www.xunzel.com\/store\/producto\/micro-solar-panel-900mw-9v\/\" \/>\n<meta property=\"og:locale\" content=\"es_ES\" \/>\n<meta property=\"og:type\" content=\"article\" \/>\n<meta property=\"og:title\" content=\"MICRO SOLAR PANEL 900mW 9V &#8211; Xunzel\" \/>\n<meta property=\"og:description\" content=\"Panel solar fotovoltaico MICROSOLAR 900mW 9V para electr\u00f3nica y carga de bater\u00edas.  Voc = 11.88V | Isc = 100mA | Vmp = 9.90V | Imp = 86mA  Tecnolog\u00eda de alta eficiencia y respuesta espectral para uso en exteriores, entornos con poca luz e incluso interiores.  Materiales de alta calidad y sellado, IP67, resistente a productos qu\u00edmicos, polvo y radiaci\u00f3n UV. Mec\u00e1nicamente robusto, dise\u00f1ado para entornos extremos. Larga vida \u00fatil.  Dise\u00f1ado para aplicaciones que requieren generaci\u00f3n de energ\u00eda solar en un espacio limitado.  Con cable [opcional] preinstalado.\" \/>\n<meta property=\"og:url\" content=\"https:\/\/www.xunzel.com\/store\/producto\/micro-solar-panel-900mw-9v\/\" \/>\n<meta property=\"og:site_name\" content=\"Xunzel\" \/>\n<meta property=\"article:modified_time\" content=\"2026-02-16T10:00:59+00:00\" \/>\n<meta property=\"og:image\" content=\"https:\/\/www.xunzel.com\/store\/wp-content\/uploads\/2026\/02\/MICROSOLAR-MS9V10050.jpg\" \/>\n\t<meta property=\"og:image:width\" content=\"2250\" \/>\n\t<meta property=\"og:image:height\" content=\"2250\" \/>\n\t<meta property=\"og:image:type\" content=\"image\/jpeg\" \/>\n<meta name=\"twitter:card\" content=\"summary_large_image\" \/>\n<meta name=\"twitter:label1\" content=\"Tiempo de lectura\" \/>\n\t<meta name=\"twitter:data1\" content=\"1 minuto\" \/>\n<script type=\"application\/ld+json\" class=\"yoast-schema-graph\">{\"@context\":\"https:\/\/schema.org\",\"@graph\":[{\"@type\":\"WebPage\",\"@id\":\"https:\/\/www.xunzel.com\/store\/producto\/micro-solar-panel-900mw-9v\/\",\"url\":\"https:\/\/www.xunzel.com\/store\/producto\/micro-solar-panel-900mw-9v\/\",\"name\":\"MICRO SOLAR PANEL 900mW 9V &#8211; Xunzel\",\"isPartOf\":{\"@id\":\"https:\/\/www.xunzel.com\/store\/#website\"},\"primaryImageOfPage\":{\"@id\":\"https:\/\/www.xunzel.com\/store\/producto\/micro-solar-panel-900mw-9v\/#primaryimage\"},\"image\":{\"@id\":\"https:\/\/www.xunzel.com\/store\/producto\/micro-solar-panel-900mw-9v\/#primaryimage\"},\"thumbnailUrl\":\"https:\/\/www.xunzel.com\/store\/wp-content\/uploads\/2026\/02\/MICROSOLAR-MS9V10050.jpg\",\"datePublished\":\"2026-02-09T14:23:44+00:00\",\"dateModified\":\"2026-02-16T10:00:59+00:00\",\"breadcrumb\":{\"@id\":\"https:\/\/www.xunzel.com\/store\/producto\/micro-solar-panel-900mw-9v\/#breadcrumb\"},\"inLanguage\":\"es\",\"potentialAction\":[{\"@type\":\"ReadAction\",\"target\":[\"https:\/\/www.xunzel.com\/store\/producto\/micro-solar-panel-900mw-9v\/\"]}]},{\"@type\":\"ImageObject\",\"inLanguage\":\"es\",\"@id\":\"https:\/\/www.xunzel.com\/store\/producto\/micro-solar-panel-900mw-9v\/#primaryimage\",\"url\":\"https:\/\/www.xunzel.com\/store\/wp-content\/uploads\/2026\/02\/MICROSOLAR-MS9V10050.jpg\",\"contentUrl\":\"https:\/\/www.xunzel.com\/store\/wp-content\/uploads\/2026\/02\/MICROSOLAR-MS9V10050.jpg\",\"width\":2250,\"height\":2250},{\"@type\":\"BreadcrumbList\",\"@id\":\"https:\/\/www.xunzel.com\/store\/producto\/micro-solar-panel-900mw-9v\/#breadcrumb\",\"itemListElement\":[{\"@type\":\"ListItem\",\"position\":1,\"name\":\"Portada\",\"item\":\"https:\/\/www.xunzel.com\/store\/\"},{\"@type\":\"ListItem\",\"position\":2,\"name\":\"Tienda\",\"item\":\"https:\/\/www.xunzel.com\/store\/tienda\/\"},{\"@type\":\"ListItem\",\"position\":3,\"name\":\"MICRO SOLAR PANEL 900mW 9V\"}]},{\"@type\":\"WebSite\",\"@id\":\"https:\/\/www.xunzel.com\/store\/#website\",\"url\":\"https:\/\/www.xunzel.com\/store\/\",\"name\":\"Xunzel\",\"description\":\"Energy in a box - The Electric Revolution\",\"publisher\":{\"@id\":\"https:\/\/www.xunzel.com\/store\/#organization\"},\"potentialAction\":[{\"@type\":\"SearchAction\",\"target\":{\"@type\":\"EntryPoint\",\"urlTemplate\":\"https:\/\/www.xunzel.com\/store\/?s={search_term_string}\"},\"query-input\":{\"@type\":\"PropertyValueSpecification\",\"valueRequired\":true,\"valueName\":\"search_term_string\"}}],\"inLanguage\":\"es\"},{\"@type\":\"Organization\",\"@id\":\"https:\/\/www.xunzel.com\/store\/#organization\",\"name\":\"Xunzel\",\"url\":\"https:\/\/www.xunzel.com\/store\/\",\"logo\":{\"@type\":\"ImageObject\",\"inLanguage\":\"es\",\"@id\":\"https:\/\/www.xunzel.com\/store\/#\/schema\/logo\/image\/\",\"url\":\"https:\/\/www.xunzel.com\/store\/wp-content\/uploads\/2021\/01\/logo-xunzel-footer.png\",\"contentUrl\":\"https:\/\/www.xunzel.com\/store\/wp-content\/uploads\/2021\/01\/logo-xunzel-footer.png\",\"width\":280,\"height\":52,\"caption\":\"Xunzel\"},\"image\":{\"@id\":\"https:\/\/www.xunzel.com\/store\/#\/schema\/logo\/image\/\"}}]}<\/script>\n<!-- \/ Yoast SEO plugin. -->","yoast_head_json":{"title":"MICRO SOLAR PANEL 900mW 9V &#8211; Xunzel","robots":{"index":"index","follow":"follow","max-snippet":"max-snippet:-1","max-image-preview":"max-image-preview:large","max-video-preview":"max-video-preview:-1"},"canonical":"https:\/\/www.xunzel.com\/store\/producto\/micro-solar-panel-900mw-9v\/","og_locale":"es_ES","og_type":"article","og_title":"MICRO SOLAR PANEL 900mW 9V &#8211; Xunzel","og_description":"Panel solar fotovoltaico MICROSOLAR 900mW 9V para electr\u00f3nica y carga de bater\u00edas.  Voc = 11.88V | Isc = 100mA | Vmp = 9.90V | Imp = 86mA  Tecnolog\u00eda de alta eficiencia y respuesta espectral para uso en exteriores, entornos con poca luz e incluso interiores.  Materiales de alta calidad y sellado, IP67, resistente a productos qu\u00edmicos, polvo y radiaci\u00f3n UV. Mec\u00e1nicamente robusto, dise\u00f1ado para entornos extremos. Larga vida \u00fatil.  Dise\u00f1ado para aplicaciones que requieren generaci\u00f3n de energ\u00eda solar en un espacio limitado.  Con cable [opcional] preinstalado.","og_url":"https:\/\/www.xunzel.com\/store\/producto\/micro-solar-panel-900mw-9v\/","og_site_name":"Xunzel","article_modified_time":"2026-02-16T10:00:59+00:00","og_image":[{"width":2250,"height":2250,"url":"https:\/\/www.xunzel.com\/store\/wp-content\/uploads\/2026\/02\/MICROSOLAR-MS9V10050.jpg","type":"image\/jpeg"}],"twitter_card":"summary_large_image","twitter_misc":{"Tiempo de lectura":"1 minuto"},"schema":{"@context":"https:\/\/schema.org","@graph":[{"@type":"WebPage","@id":"https:\/\/www.xunzel.com\/store\/producto\/micro-solar-panel-900mw-9v\/","url":"https:\/\/www.xunzel.com\/store\/producto\/micro-solar-panel-900mw-9v\/","name":"MICRO SOLAR PANEL 900mW 9V &#8211; Xunzel","isPartOf":{"@id":"https:\/\/www.xunzel.com\/store\/#website"},"primaryImageOfPage":{"@id":"https:\/\/www.xunzel.com\/store\/producto\/micro-solar-panel-900mw-9v\/#primaryimage"},"image":{"@id":"https:\/\/www.xunzel.com\/store\/producto\/micro-solar-panel-900mw-9v\/#primaryimage"},"thumbnailUrl":"https:\/\/www.xunzel.com\/store\/wp-content\/uploads\/2026\/02\/MICROSOLAR-MS9V10050.jpg","datePublished":"2026-02-09T14:23:44+00:00","dateModified":"2026-02-16T10:00:59+00:00","breadcrumb":{"@id":"https:\/\/www.xunzel.com\/store\/producto\/micro-solar-panel-900mw-9v\/#breadcrumb"},"inLanguage":"es","potentialAction":[{"@type":"ReadAction","target":["https:\/\/www.xunzel.com\/store\/producto\/micro-solar-panel-900mw-9v\/"]}]},{"@type":"ImageObject","inLanguage":"es","@id":"https:\/\/www.xunzel.com\/store\/producto\/micro-solar-panel-900mw-9v\/#primaryimage","url":"https:\/\/www.xunzel.com\/store\/wp-content\/uploads\/2026\/02\/MICROSOLAR-MS9V10050.jpg","contentUrl":"https:\/\/www.xunzel.com\/store\/wp-content\/uploads\/2026\/02\/MICROSOLAR-MS9V10050.jpg","width":2250,"height":2250},{"@type":"BreadcrumbList","@id":"https:\/\/www.xunzel.com\/store\/producto\/micro-solar-panel-900mw-9v\/#breadcrumb","itemListElement":[{"@type":"ListItem","position":1,"name":"Portada","item":"https:\/\/www.xunzel.com\/store\/"},{"@type":"ListItem","position":2,"name":"Tienda","item":"https:\/\/www.xunzel.com\/store\/tienda\/"},{"@type":"ListItem","position":3,"name":"MICRO SOLAR PANEL 900mW 9V"}]},{"@type":"WebSite","@id":"https:\/\/www.xunzel.com\/store\/#website","url":"https:\/\/www.xunzel.com\/store\/","name":"Xunzel","description":"Energy in a box - The Electric Revolution","publisher":{"@id":"https:\/\/www.xunzel.com\/store\/#organization"},"potentialAction":[{"@type":"SearchAction","target":{"@type":"EntryPoint","urlTemplate":"https:\/\/www.xunzel.com\/store\/?s={search_term_string}"},"query-input":{"@type":"PropertyValueSpecification","valueRequired":true,"valueName":"search_term_string"}}],"inLanguage":"es"},{"@type":"Organization","@id":"https:\/\/www.xunzel.com\/store\/#organization","name":"Xunzel","url":"https:\/\/www.xunzel.com\/store\/","logo":{"@type":"ImageObject","inLanguage":"es","@id":"https:\/\/www.xunzel.com\/store\/#\/schema\/logo\/image\/","url":"https:\/\/www.xunzel.com\/store\/wp-content\/uploads\/2021\/01\/logo-xunzel-footer.png","contentUrl":"https:\/\/www.xunzel.com\/store\/wp-content\/uploads\/2021\/01\/logo-xunzel-footer.png","width":280,"height":52,"caption":"Xunzel"},"image":{"@id":"https:\/\/www.xunzel.com\/store\/#\/schema\/logo\/image\/"}}]}},"_links":{"self":[{"href":"https:\/\/www.xunzel.com\/store\/wp-json\/wp\/v2\/product\/25662","targetHints":{"allow":["GET"]}}],"collection":[{"href":"https:\/\/www.xunzel.com\/store\/wp-json\/wp\/v2\/product"}],"about":[{"href":"https:\/\/www.xunzel.com\/store\/wp-json\/wp\/v2\/types\/product"}],"wp:featuredmedia":[{"embeddable":true,"href":"https:\/\/www.xunzel.com\/store\/wp-json\/wp\/v2\/media\/25665"}],"wp:attachment":[{"href":"https:\/\/www.xunzel.com\/store\/wp-json\/wp\/v2\/media?parent=25662"}],"wp:term":[{"taxonomy":"product_brand","embeddable":true,"href":"https:\/\/www.xunzel.com\/store\/wp-json\/wp\/v2\/product_brand?post=25662"},{"taxonomy":"product_cat","embeddable":true,"href":"https:\/\/www.xunzel.com\/store\/wp-json\/wp\/v2\/product_cat?post=25662"},{"taxonomy":"product_tag","embeddable":true,"href":"https:\/\/www.xunzel.com\/store\/wp-json\/wp\/v2\/product_tag?post=25662"}],"curies":[{"name":"wp","href":"https:\/\/api.w.org\/{rel}","templated":true}]}}