{"id":25468,"date":"2026-01-26T16:19:22","date_gmt":"2026-01-26T15:19:22","guid":{"rendered":"https:\/\/www.xunzel.com\/store\/?post_type=product&#038;p=25468"},"modified":"2026-03-06T12:23:31","modified_gmt":"2026-03-06T11:23:31","slug":"pack-zero-pz805","status":"publish","type":"product","link":"https:\/\/www.xunzel.com\/store\/producto\/pack-zero-pz805\/","title":{"rendered":"PACK ZERO+ PZ805"},"content":{"rendered":"<p>PACK ZERO+ PZ805 XUNZEL. Sistema Solar Completo listo para llevar y crear tu energ\u00eda. Soportes Incluidos.<br \/>\nIluminaci\u00f3n y electricidad donde t\u00fa quieras. Todo incluido. Listo para usar e instalar. Plug &amp; Play.<br \/>\nDise\u00f1ado para Electrificaci\u00f3n total hasta 14400W.<\/p>\n<p>Capacidad generaci\u00f3n media hasta 80kWh\/d\u00eda (30x panel <a href=\"https:\/\/www.xunzel.com\/store\/shared-files\/26009\/SOLARPOWER-ON-450W-Series_-XUNZEL_01.pdf\" target=\"_blank\" rel=\"noopener\"><strong>SOLARPOWER-ON-450W<\/strong><\/a>).<br \/>\nCapacidad de generaci\u00f3n mensual de hasta 2400kWh.<br \/>\nReducci\u00f3n emisiones CO2 media anual hasta 11,25 Tons.<br \/>\nPanel Solar de alta eficiencia. Dimensiones reducidas y optimizadas. 1757x1134x30mm.<\/p>\n<p>Capacidad bater\u00eda <strong><a href=\"https:\/\/www.xunzel.com\/store\/producto\/solarx-pro-978b24\/\" target=\"_blank\" rel=\"noopener\">SOLARX-PRO-978B24<\/a> <\/strong>hasta 47kWh.<br \/>\nBater\u00eda Solar especial grandes capacidades y demanda intensiva de energ\u00eda, sin mantenimiento, sellada y 100% segura.<br \/>\nCon potencia real permanente inversor\/cargador MPPT 2x <a href=\"https:\/\/www.xunzel.com\/store\/wp-content\/uploads\/shared-files\/IXS-ON-XUNZEL-Series-ESP.pdf\" target=\"_blank\" rel=\"noopener\"><strong>IXS-ON-7200W<\/strong> <\/a>(Pico 28,8kW) salida 230V\/50Hz.<br \/>\nCon WIFI integrado para monitorizar tu sistema desde cualquier lugar.<br \/>\nEntrada adicional para generador y\/o red el\u00e9ctrica con arranque autom\u00e1tico.<\/p>\n<p>Incluido Soporte coplanar <a href=\"https:\/\/www.xunzel.com\/store\/categoria-producto\/sistemas-montaje\/\" target=\"_blank\" rel=\"noopener\"><strong>SOLTILE<\/strong><\/a>, cables, conectores universales <a href=\"https:\/\/www.xunzel.com\/store\/categoria-producto\/solarpower\/cables-conectores\/\" target=\"_blank\" rel=\"noopener\"><strong>XUNKLIK<\/strong><\/a> y protecciones fotovoltaicas <strong>PVGUARD<\/strong> y protecciones bater\u00eda <a href=\"https:\/\/www.xunzel.com\/store\/categoria-producto\/baterias\/control-protecciones\/\" target=\"_blank\" rel=\"noopener\"><strong>BATTGUARD + SWGUARD<\/strong><\/a>.<\/p>\n<p><span data-sheets-formula-bar-text-style=\"font-size:15px;color:#000000;font-weight:normal;text-decoration:none;font-family:''Arial'';font-style:normal;text-decoration-skip-ink:none;\">Accesorios XUNZEL opcionales no incluidos:<\/span><\/p>\n<ul>\n<li><span data-sheets-formula-bar-text-style=\"font-size:15px;color:#ff0000;font-weight:normal;text-decoration:none;font-family:''Arial'';font-style:normal;text-decoration-skip-ink:none;\">10x <\/span><a href=\"https:\/\/www.xunzel.com\/store\/producto\/tr1v120025x2\/\" target=\"_blank\" rel=\"noopener\"><strong>TR1V120025X2 <\/strong><\/a><span data-sheets-formula-bar-text-style=\"font-size:15px;color:#000000;font-weight:normal;text-decoration:none;font-family:''Arial'';font-style:normal;text-decoration-skip-ink:none;\">&#8211; Set triangulos para suelo\/cubierta plana<br \/>\n<\/span><\/li>\n<li><span data-sheets-formula-bar-text-style=\"font-size:15px;color:#ff0000;font-weight:normal;text-decoration:none;font-family:''Arial'';font-style:normal;text-decoration-skip-ink:none;\">11x <\/span><a href=\"https:\/\/www.xunzel.com\/store\/producto\/soltilefixm10\/\" target=\"_blank\" rel=\"noopener\"><strong>SOLTILEFIXM10 <\/strong><\/a><span data-sheets-formula-bar-text-style=\"font-size:15px;color:#000000;font-weight:normal;text-decoration:none;font-family:''Arial'';font-style:normal;text-decoration-skip-ink:none;\">&#8211; Sistema de anclaje tejados inclinados<\/span><\/li>\n<\/ul>\n<p>Homologado. F\u00e1cilmente ampliable.<br \/>\nZERO problemas. Seguro, Fiable y sin mantenimiento.<\/p>\n","protected":false},"excerpt":{"rendered":"<p>Sistema Solar Completo con Soportes Incluidos PACK ZERO+ PZ805 XUNZEL. Dise\u00f1ado para Electrificaci\u00f3n Total hasta 14400W. Listo para conectar y usar. ZERO problemas. Seguro, Fiable y sin mantenimiento. Con inversor\/cargador MPPT 2x <a href=\"https:\/\/www.xunzel.com\/store\/wp-content\/uploads\/shared-files\/IXS-ON-XUNZEL-Series-ESP.pdf\" target=\"_blank\" rel=\"noopener\"><strong>IXS-ON-7200W<\/strong> <\/a>(Pico 28,8kW). Capacidad generaci\u00f3n media hasta 80kWh\/d\u00eda, 30x panel <a href=\"https:\/\/www.xunzel.com\/store\/wp-content\/uploads\/shared-files\/SOLARPOWER-ON-450W-Series_-XUNZEL_01.pdf\" target=\"_blank\" rel=\"noopener\"><strong>SOLARPOWER-ON-450W<\/strong> <\/a>con dimensiones optimizadas. Capacidad bater\u00eda hasta 47kWh. Bater\u00eda Solar <strong><a href=\"https:\/\/www.xunzel.com\/store\/producto\/solarx-pro-978b24\/\" target=\"_blank\" rel=\"noopener\">SOLARX-PRO-978B24<\/a>\u00a0<\/strong>especial grandes capacidades y demanda intensiva de energ\u00eda, sin mantenimiento, sellada y 100% segura. Soporte coplanar <a href=\"https:\/\/www.xunzel.com\/store\/categoria-producto\/sistemas-montaje\/\" target=\"_blank\" rel=\"noopener\"><strong>SOLTILE<\/strong><\/a>, cables, conectores universales <a href=\"https:\/\/www.xunzel.com\/store\/categoria-producto\/solarpower\/cables-conectores\/\" target=\"_blank\" rel=\"noopener\"><strong>XUNKLIK<\/strong><\/a>, protecciones fotovoltaicas <strong>PVGUARD<\/strong> y protecciones bater\u00eda <a href=\"https:\/\/www.xunzel.com\/store\/categoria-producto\/baterias\/control-protecciones\/\" target=\"_blank\" rel=\"noopener\"><strong>BATTGUARD + SWGUARD <\/strong><\/a>incluidas. Con WIFI integrado para monitorizar tu sistema desde cualquier lugar. Entrada adicional para generador y\/o red el\u00e9ctrica con arranque autom\u00e1tico. Equipos homologados. F\u00e1cilmente ampliable.<\/p>\n<p><span class=\"shared-files-shortcode-admin-list shared-files-shortcode-admin-list-file shared-files-shortcode-25415\" title=\"[shared_files file_id=25415]\">[shared_files file_id=25415]<\/span><\/p>\n","protected":false},"featured_media":25429,"template":"","meta":{"_acf_changed":false},"product_brand":[],"product_cat":[59],"product_tag":[858],"class_list":{"0":"post-25468","1":"product","2":"type-product","3":"status-publish","4":"has-post-thumbnail","6":"product_cat-pack-zero","7":"product_tag-new","9":"first","10":"onbackorder","11":"taxable","12":"shipping-taxable","13":"purchasable","14":"product-type-simple"},"acf":[],"yoast_head":"<!-- This site is optimized with the Yoast SEO plugin v25.4 - https:\/\/yoast.com\/wordpress\/plugins\/seo\/ -->\n<title>PACK ZERO+ PZ805 &#8211; Xunzel<\/title>\n<meta name=\"robots\" content=\"index, follow, max-snippet:-1, max-image-preview:large, max-video-preview:-1\" \/>\n<link rel=\"canonical\" href=\"https:\/\/www.xunzel.com\/store\/producto\/pack-zero-pz805\/\" \/>\n<meta property=\"og:locale\" content=\"es_ES\" \/>\n<meta property=\"og:type\" content=\"article\" \/>\n<meta property=\"og:title\" content=\"PACK ZERO+ PZ805 &#8211; Xunzel\" \/>\n<meta property=\"og:description\" content=\"Sistema Solar Completo con Soportes Incluidos PACK ZERO+ PZ805 XUNZEL. Dise\u00f1ado para Electrificaci\u00f3n Total hasta 14400W. Listo para conectar y usar. ZERO problemas. Seguro, Fiable y sin mantenimiento. Con inversor\/cargador MPPT 2x IXS-ON-7200W (Pico 28,8kW). Capacidad generaci\u00f3n media hasta 80kWh\/d\u00eda, 30x panel SOLARPOWER-ON-450W con dimensiones optimizadas. Capacidad bater\u00eda hasta 47kWh. Bater\u00eda Solar SOLARX-PRO-978B24\u00a0especial grandes capacidades y demanda intensiva de energ\u00eda, sin mantenimiento, sellada y 100% segura. Soporte coplanar SOLTILE, cables, conectores universales XUNKLIK, protecciones fotovoltaicas PVGUARD y protecciones bater\u00eda BATTGUARD + SWGUARD incluidas. Con WIFI integrado para monitorizar tu sistema desde cualquier lugar. Entrada adicional para generador y\/o red el\u00e9ctrica con arranque autom\u00e1tico. Equipos homologados. F\u00e1cilmente ampliable.\" \/>\n<meta property=\"og:url\" content=\"https:\/\/www.xunzel.com\/store\/producto\/pack-zero-pz805\/\" \/>\n<meta property=\"og:site_name\" content=\"Xunzel\" \/>\n<meta property=\"article:modified_time\" content=\"2026-03-06T11:23:31+00:00\" \/>\n<meta property=\"og:image\" content=\"https:\/\/www.xunzel.com\/store\/wp-content\/uploads\/2025\/12\/PACK-ZERO-PZ805.jpg\" \/>\n\t<meta property=\"og:image:width\" content=\"2000\" \/>\n\t<meta property=\"og:image:height\" content=\"2000\" \/>\n\t<meta property=\"og:image:type\" content=\"image\/jpeg\" \/>\n<meta name=\"twitter:card\" content=\"summary_large_image\" \/>\n<meta name=\"twitter:label1\" content=\"Tiempo de lectura\" \/>\n\t<meta name=\"twitter:data1\" content=\"1 minuto\" \/>\n<script type=\"application\/ld+json\" class=\"yoast-schema-graph\">{\"@context\":\"https:\/\/schema.org\",\"@graph\":[{\"@type\":\"WebPage\",\"@id\":\"https:\/\/www.xunzel.com\/store\/producto\/pack-zero-pz805\/\",\"url\":\"https:\/\/www.xunzel.com\/store\/producto\/pack-zero-pz805\/\",\"name\":\"PACK ZERO+ PZ805 &#8211; Xunzel\",\"isPartOf\":{\"@id\":\"https:\/\/www.xunzel.com\/store\/#website\"},\"primaryImageOfPage\":{\"@id\":\"https:\/\/www.xunzel.com\/store\/producto\/pack-zero-pz805\/#primaryimage\"},\"image\":{\"@id\":\"https:\/\/www.xunzel.com\/store\/producto\/pack-zero-pz805\/#primaryimage\"},\"thumbnailUrl\":\"https:\/\/www.xunzel.com\/store\/wp-content\/uploads\/2025\/12\/PACK-ZERO-PZ805.jpg\",\"datePublished\":\"2026-01-26T15:19:22+00:00\",\"dateModified\":\"2026-03-06T11:23:31+00:00\",\"breadcrumb\":{\"@id\":\"https:\/\/www.xunzel.com\/store\/producto\/pack-zero-pz805\/#breadcrumb\"},\"inLanguage\":\"es\",\"potentialAction\":[{\"@type\":\"ReadAction\",\"target\":[\"https:\/\/www.xunzel.com\/store\/producto\/pack-zero-pz805\/\"]}]},{\"@type\":\"ImageObject\",\"inLanguage\":\"es\",\"@id\":\"https:\/\/www.xunzel.com\/store\/producto\/pack-zero-pz805\/#primaryimage\",\"url\":\"https:\/\/www.xunzel.com\/store\/wp-content\/uploads\/2025\/12\/PACK-ZERO-PZ805.jpg\",\"contentUrl\":\"https:\/\/www.xunzel.com\/store\/wp-content\/uploads\/2025\/12\/PACK-ZERO-PZ805.jpg\",\"width\":2000,\"height\":2000},{\"@type\":\"BreadcrumbList\",\"@id\":\"https:\/\/www.xunzel.com\/store\/producto\/pack-zero-pz805\/#breadcrumb\",\"itemListElement\":[{\"@type\":\"ListItem\",\"position\":1,\"name\":\"Portada\",\"item\":\"https:\/\/www.xunzel.com\/store\/\"},{\"@type\":\"ListItem\",\"position\":2,\"name\":\"Tienda\",\"item\":\"https:\/\/www.xunzel.com\/store\/tienda\/\"},{\"@type\":\"ListItem\",\"position\":3,\"name\":\"PACK ZERO+ PZ805\"}]},{\"@type\":\"WebSite\",\"@id\":\"https:\/\/www.xunzel.com\/store\/#website\",\"url\":\"https:\/\/www.xunzel.com\/store\/\",\"name\":\"Xunzel\",\"description\":\"Energy in a box - The Electric Revolution\",\"publisher\":{\"@id\":\"https:\/\/www.xunzel.com\/store\/#organization\"},\"potentialAction\":[{\"@type\":\"SearchAction\",\"target\":{\"@type\":\"EntryPoint\",\"urlTemplate\":\"https:\/\/www.xunzel.com\/store\/?s={search_term_string}\"},\"query-input\":{\"@type\":\"PropertyValueSpecification\",\"valueRequired\":true,\"valueName\":\"search_term_string\"}}],\"inLanguage\":\"es\"},{\"@type\":\"Organization\",\"@id\":\"https:\/\/www.xunzel.com\/store\/#organization\",\"name\":\"Xunzel\",\"url\":\"https:\/\/www.xunzel.com\/store\/\",\"logo\":{\"@type\":\"ImageObject\",\"inLanguage\":\"es\",\"@id\":\"https:\/\/www.xunzel.com\/store\/#\/schema\/logo\/image\/\",\"url\":\"https:\/\/www.xunzel.com\/store\/wp-content\/uploads\/2021\/01\/logo-xunzel-footer.png\",\"contentUrl\":\"https:\/\/www.xunzel.com\/store\/wp-content\/uploads\/2021\/01\/logo-xunzel-footer.png\",\"width\":280,\"height\":52,\"caption\":\"Xunzel\"},\"image\":{\"@id\":\"https:\/\/www.xunzel.com\/store\/#\/schema\/logo\/image\/\"}}]}<\/script>\n<!-- \/ Yoast SEO plugin. -->","yoast_head_json":{"title":"PACK ZERO+ PZ805 &#8211; Xunzel","robots":{"index":"index","follow":"follow","max-snippet":"max-snippet:-1","max-image-preview":"max-image-preview:large","max-video-preview":"max-video-preview:-1"},"canonical":"https:\/\/www.xunzel.com\/store\/producto\/pack-zero-pz805\/","og_locale":"es_ES","og_type":"article","og_title":"PACK ZERO+ PZ805 &#8211; Xunzel","og_description":"Sistema Solar Completo con Soportes Incluidos PACK ZERO+ PZ805 XUNZEL. Dise\u00f1ado para Electrificaci\u00f3n Total hasta 14400W. Listo para conectar y usar. ZERO problemas. Seguro, Fiable y sin mantenimiento. Con inversor\/cargador MPPT 2x IXS-ON-7200W (Pico 28,8kW). Capacidad generaci\u00f3n media hasta 80kWh\/d\u00eda, 30x panel SOLARPOWER-ON-450W con dimensiones optimizadas. Capacidad bater\u00eda hasta 47kWh. Bater\u00eda Solar SOLARX-PRO-978B24\u00a0especial grandes capacidades y demanda intensiva de energ\u00eda, sin mantenimiento, sellada y 100% segura. Soporte coplanar SOLTILE, cables, conectores universales XUNKLIK, protecciones fotovoltaicas PVGUARD y protecciones bater\u00eda BATTGUARD + SWGUARD incluidas. Con WIFI integrado para monitorizar tu sistema desde cualquier lugar. Entrada adicional para generador y\/o red el\u00e9ctrica con arranque autom\u00e1tico. Equipos homologados. F\u00e1cilmente ampliable.","og_url":"https:\/\/www.xunzel.com\/store\/producto\/pack-zero-pz805\/","og_site_name":"Xunzel","article_modified_time":"2026-03-06T11:23:31+00:00","og_image":[{"width":2000,"height":2000,"url":"https:\/\/www.xunzel.com\/store\/wp-content\/uploads\/2025\/12\/PACK-ZERO-PZ805.jpg","type":"image\/jpeg"}],"twitter_card":"summary_large_image","twitter_misc":{"Tiempo de lectura":"1 minuto"},"schema":{"@context":"https:\/\/schema.org","@graph":[{"@type":"WebPage","@id":"https:\/\/www.xunzel.com\/store\/producto\/pack-zero-pz805\/","url":"https:\/\/www.xunzel.com\/store\/producto\/pack-zero-pz805\/","name":"PACK ZERO+ PZ805 &#8211; Xunzel","isPartOf":{"@id":"https:\/\/www.xunzel.com\/store\/#website"},"primaryImageOfPage":{"@id":"https:\/\/www.xunzel.com\/store\/producto\/pack-zero-pz805\/#primaryimage"},"image":{"@id":"https:\/\/www.xunzel.com\/store\/producto\/pack-zero-pz805\/#primaryimage"},"thumbnailUrl":"https:\/\/www.xunzel.com\/store\/wp-content\/uploads\/2025\/12\/PACK-ZERO-PZ805.jpg","datePublished":"2026-01-26T15:19:22+00:00","dateModified":"2026-03-06T11:23:31+00:00","breadcrumb":{"@id":"https:\/\/www.xunzel.com\/store\/producto\/pack-zero-pz805\/#breadcrumb"},"inLanguage":"es","potentialAction":[{"@type":"ReadAction","target":["https:\/\/www.xunzel.com\/store\/producto\/pack-zero-pz805\/"]}]},{"@type":"ImageObject","inLanguage":"es","@id":"https:\/\/www.xunzel.com\/store\/producto\/pack-zero-pz805\/#primaryimage","url":"https:\/\/www.xunzel.com\/store\/wp-content\/uploads\/2025\/12\/PACK-ZERO-PZ805.jpg","contentUrl":"https:\/\/www.xunzel.com\/store\/wp-content\/uploads\/2025\/12\/PACK-ZERO-PZ805.jpg","width":2000,"height":2000},{"@type":"BreadcrumbList","@id":"https:\/\/www.xunzel.com\/store\/producto\/pack-zero-pz805\/#breadcrumb","itemListElement":[{"@type":"ListItem","position":1,"name":"Portada","item":"https:\/\/www.xunzel.com\/store\/"},{"@type":"ListItem","position":2,"name":"Tienda","item":"https:\/\/www.xunzel.com\/store\/tienda\/"},{"@type":"ListItem","position":3,"name":"PACK ZERO+ PZ805"}]},{"@type":"WebSite","@id":"https:\/\/www.xunzel.com\/store\/#website","url":"https:\/\/www.xunzel.com\/store\/","name":"Xunzel","description":"Energy in a box - The Electric Revolution","publisher":{"@id":"https:\/\/www.xunzel.com\/store\/#organization"},"potentialAction":[{"@type":"SearchAction","target":{"@type":"EntryPoint","urlTemplate":"https:\/\/www.xunzel.com\/store\/?s={search_term_string}"},"query-input":{"@type":"PropertyValueSpecification","valueRequired":true,"valueName":"search_term_string"}}],"inLanguage":"es"},{"@type":"Organization","@id":"https:\/\/www.xunzel.com\/store\/#organization","name":"Xunzel","url":"https:\/\/www.xunzel.com\/store\/","logo":{"@type":"ImageObject","inLanguage":"es","@id":"https:\/\/www.xunzel.com\/store\/#\/schema\/logo\/image\/","url":"https:\/\/www.xunzel.com\/store\/wp-content\/uploads\/2021\/01\/logo-xunzel-footer.png","contentUrl":"https:\/\/www.xunzel.com\/store\/wp-content\/uploads\/2021\/01\/logo-xunzel-footer.png","width":280,"height":52,"caption":"Xunzel"},"image":{"@id":"https:\/\/www.xunzel.com\/store\/#\/schema\/logo\/image\/"}}]}},"_links":{"self":[{"href":"https:\/\/www.xunzel.com\/store\/wp-json\/wp\/v2\/product\/25468","targetHints":{"allow":["GET"]}}],"collection":[{"href":"https:\/\/www.xunzel.com\/store\/wp-json\/wp\/v2\/product"}],"about":[{"href":"https:\/\/www.xunzel.com\/store\/wp-json\/wp\/v2\/types\/product"}],"wp:featuredmedia":[{"embeddable":true,"href":"https:\/\/www.xunzel.com\/store\/wp-json\/wp\/v2\/media\/25429"}],"wp:attachment":[{"href":"https:\/\/www.xunzel.com\/store\/wp-json\/wp\/v2\/media?parent=25468"}],"wp:term":[{"taxonomy":"product_brand","embeddable":true,"href":"https:\/\/www.xunzel.com\/store\/wp-json\/wp\/v2\/product_brand?post=25468"},{"taxonomy":"product_cat","embeddable":true,"href":"https:\/\/www.xunzel.com\/store\/wp-json\/wp\/v2\/product_cat?post=25468"},{"taxonomy":"product_tag","embeddable":true,"href":"https:\/\/www.xunzel.com\/store\/wp-json\/wp\/v2\/product_tag?post=25468"}],"curies":[{"name":"wp","href":"https:\/\/api.w.org\/{rel}","templated":true}]}}