{"id":24504,"date":"2025-06-26T13:14:24","date_gmt":"2025-06-26T11:14:24","guid":{"rendered":"https:\/\/www.xunzel.com\/store\/?post_type=product&#038;p=24504"},"modified":"2025-06-26T13:14:25","modified_gmt":"2025-06-26T11:14:25","slug":"is-kontroll-4a-12v","status":"publish","type":"product","link":"https:\/\/www.xunzel.com\/store\/producto\/is-kontroll-4a-12v\/","title":{"rendered":"IS-KONTROLL 4A 12V"},"content":{"rendered":"","protected":false},"excerpt":{"rendered":"<div class=\"o-product-detail-informations__description\">\n<p>Controlador de Carga Solar Compacto IS-KONTROLL-XUNZEL-4A-12V para carga de baterias de 12V de Plomo \u00c1cido (AGM, Gel, L\u00edquido) y Calcio. Tama\u00f1o reducido. Protege sus bater\u00edas contra la sobrecarga. Especialmente dise\u00f1ado para paneles fotovoltaicos SOLARPOWER\u2122 y SOLARPOWER-HD\u2122 Series. Panel solar fotovoltaico hasta 48W (12V). LED indicador de carga. Terminales accesibles: hasta 10mm\u00b2.<\/p>\n<p><span class=\"shared-files-shortcode-admin-list shared-files-shortcode-admin-list-file shared-files-shortcode-24505\" title=\"[shared_files file_id=24505]\">[shared_files file_id=24505]<\/span><\/p>\n<\/div>\n","protected":false},"featured_media":24506,"template":"","meta":{"_acf_changed":false},"product_brand":[],"product_cat":[102],"product_tag":[],"class_list":{"0":"post-24504","1":"product","2":"type-product","3":"status-publish","4":"has-post-thumbnail","6":"product_cat-iscc-series-controladores","8":"first","9":"instock","10":"taxable","11":"shipping-taxable","12":"purchasable","13":"product-type-simple"},"acf":[],"yoast_head":"<!-- This site is optimized with the Yoast SEO plugin v25.4 - https:\/\/yoast.com\/wordpress\/plugins\/seo\/ -->\n<title>IS-KONTROLL 4A 12V &#8211; Xunzel<\/title>\n<meta name=\"robots\" content=\"index, follow, max-snippet:-1, max-image-preview:large, max-video-preview:-1\" \/>\n<link rel=\"canonical\" href=\"https:\/\/www.xunzel.com\/store\/producto\/is-kontroll-4a-12v\/\" \/>\n<meta property=\"og:locale\" content=\"es_ES\" \/>\n<meta property=\"og:type\" content=\"article\" \/>\n<meta property=\"og:title\" content=\"IS-KONTROLL 4A 12V &#8211; Xunzel\" \/>\n<meta property=\"og:description\" content=\"Controlador de Carga Solar Compacto IS-KONTROLL-XUNZEL-4A-12V para carga de baterias de 12V de Plomo \u00c1cido (AGM, Gel, L\u00edquido) y Calcio. Tama\u00f1o reducido. Protege sus bater\u00edas contra la sobrecarga. Especialmente dise\u00f1ado para paneles fotovoltaicos SOLARPOWER\u2122 y SOLARPOWER-HD\u2122 Series. Panel solar fotovoltaico hasta 48W (12V). LED indicador de carga. Terminales accesibles: hasta 10mm\u00b2.\" \/>\n<meta property=\"og:url\" content=\"https:\/\/www.xunzel.com\/store\/producto\/is-kontroll-4a-12v\/\" \/>\n<meta property=\"og:site_name\" content=\"Xunzel\" \/>\n<meta property=\"article:modified_time\" content=\"2025-06-26T11:14:25+00:00\" \/>\n<meta property=\"og:image\" content=\"https:\/\/www.xunzel.com\/store\/wp-content\/uploads\/2025\/06\/is.Kontroll412-XUNZEL-100-scaled.jpg\" \/>\n\t<meta property=\"og:image:width\" content=\"2560\" \/>\n\t<meta property=\"og:image:height\" content=\"2560\" \/>\n\t<meta property=\"og:image:type\" content=\"image\/jpeg\" \/>\n<meta name=\"twitter:card\" content=\"summary_large_image\" \/>\n<meta name=\"twitter:label1\" content=\"Tiempo de lectura\" \/>\n\t<meta name=\"twitter:data1\" content=\"1 minuto\" \/>\n<script type=\"application\/ld+json\" class=\"yoast-schema-graph\">{\"@context\":\"https:\/\/schema.org\",\"@graph\":[{\"@type\":\"WebPage\",\"@id\":\"https:\/\/www.xunzel.com\/store\/producto\/is-kontroll-4a-12v\/\",\"url\":\"https:\/\/www.xunzel.com\/store\/producto\/is-kontroll-4a-12v\/\",\"name\":\"IS-KONTROLL 4A 12V &#8211; Xunzel\",\"isPartOf\":{\"@id\":\"https:\/\/www.xunzel.com\/store\/#website\"},\"primaryImageOfPage\":{\"@id\":\"https:\/\/www.xunzel.com\/store\/producto\/is-kontroll-4a-12v\/#primaryimage\"},\"image\":{\"@id\":\"https:\/\/www.xunzel.com\/store\/producto\/is-kontroll-4a-12v\/#primaryimage\"},\"thumbnailUrl\":\"https:\/\/www.xunzel.com\/store\/wp-content\/uploads\/2025\/06\/is.Kontroll412-XUNZEL-100-scaled.jpg\",\"datePublished\":\"2025-06-26T11:14:24+00:00\",\"dateModified\":\"2025-06-26T11:14:25+00:00\",\"breadcrumb\":{\"@id\":\"https:\/\/www.xunzel.com\/store\/producto\/is-kontroll-4a-12v\/#breadcrumb\"},\"inLanguage\":\"es\",\"potentialAction\":[{\"@type\":\"ReadAction\",\"target\":[\"https:\/\/www.xunzel.com\/store\/producto\/is-kontroll-4a-12v\/\"]}]},{\"@type\":\"ImageObject\",\"inLanguage\":\"es\",\"@id\":\"https:\/\/www.xunzel.com\/store\/producto\/is-kontroll-4a-12v\/#primaryimage\",\"url\":\"https:\/\/www.xunzel.com\/store\/wp-content\/uploads\/2025\/06\/is.Kontroll412-XUNZEL-100-scaled.jpg\",\"contentUrl\":\"https:\/\/www.xunzel.com\/store\/wp-content\/uploads\/2025\/06\/is.Kontroll412-XUNZEL-100-scaled.jpg\",\"width\":2560,\"height\":2560},{\"@type\":\"BreadcrumbList\",\"@id\":\"https:\/\/www.xunzel.com\/store\/producto\/is-kontroll-4a-12v\/#breadcrumb\",\"itemListElement\":[{\"@type\":\"ListItem\",\"position\":1,\"name\":\"Portada\",\"item\":\"https:\/\/www.xunzel.com\/store\/\"},{\"@type\":\"ListItem\",\"position\":2,\"name\":\"Tienda\",\"item\":\"https:\/\/www.xunzel.com\/store\/tienda\/\"},{\"@type\":\"ListItem\",\"position\":3,\"name\":\"IS-KONTROLL 4A 12V\"}]},{\"@type\":\"WebSite\",\"@id\":\"https:\/\/www.xunzel.com\/store\/#website\",\"url\":\"https:\/\/www.xunzel.com\/store\/\",\"name\":\"Xunzel\",\"description\":\"Energy in a box - The Electric Revolution\",\"publisher\":{\"@id\":\"https:\/\/www.xunzel.com\/store\/#organization\"},\"potentialAction\":[{\"@type\":\"SearchAction\",\"target\":{\"@type\":\"EntryPoint\",\"urlTemplate\":\"https:\/\/www.xunzel.com\/store\/?s={search_term_string}\"},\"query-input\":{\"@type\":\"PropertyValueSpecification\",\"valueRequired\":true,\"valueName\":\"search_term_string\"}}],\"inLanguage\":\"es\"},{\"@type\":\"Organization\",\"@id\":\"https:\/\/www.xunzel.com\/store\/#organization\",\"name\":\"Xunzel\",\"url\":\"https:\/\/www.xunzel.com\/store\/\",\"logo\":{\"@type\":\"ImageObject\",\"inLanguage\":\"es\",\"@id\":\"https:\/\/www.xunzel.com\/store\/#\/schema\/logo\/image\/\",\"url\":\"https:\/\/www.xunzel.com\/store\/wp-content\/uploads\/2021\/01\/logo-xunzel-footer.png\",\"contentUrl\":\"https:\/\/www.xunzel.com\/store\/wp-content\/uploads\/2021\/01\/logo-xunzel-footer.png\",\"width\":280,\"height\":52,\"caption\":\"Xunzel\"},\"image\":{\"@id\":\"https:\/\/www.xunzel.com\/store\/#\/schema\/logo\/image\/\"}}]}<\/script>\n<!-- \/ Yoast SEO plugin. -->","yoast_head_json":{"title":"IS-KONTROLL 4A 12V &#8211; Xunzel","robots":{"index":"index","follow":"follow","max-snippet":"max-snippet:-1","max-image-preview":"max-image-preview:large","max-video-preview":"max-video-preview:-1"},"canonical":"https:\/\/www.xunzel.com\/store\/producto\/is-kontroll-4a-12v\/","og_locale":"es_ES","og_type":"article","og_title":"IS-KONTROLL 4A 12V &#8211; Xunzel","og_description":"Controlador de Carga Solar Compacto IS-KONTROLL-XUNZEL-4A-12V para carga de baterias de 12V de Plomo \u00c1cido (AGM, Gel, L\u00edquido) y Calcio. Tama\u00f1o reducido. Protege sus bater\u00edas contra la sobrecarga. Especialmente dise\u00f1ado para paneles fotovoltaicos SOLARPOWER\u2122 y SOLARPOWER-HD\u2122 Series. Panel solar fotovoltaico hasta 48W (12V). LED indicador de carga. Terminales accesibles: hasta 10mm\u00b2.","og_url":"https:\/\/www.xunzel.com\/store\/producto\/is-kontroll-4a-12v\/","og_site_name":"Xunzel","article_modified_time":"2025-06-26T11:14:25+00:00","og_image":[{"width":2560,"height":2560,"url":"https:\/\/www.xunzel.com\/store\/wp-content\/uploads\/2025\/06\/is.Kontroll412-XUNZEL-100-scaled.jpg","type":"image\/jpeg"}],"twitter_card":"summary_large_image","twitter_misc":{"Tiempo de lectura":"1 minuto"},"schema":{"@context":"https:\/\/schema.org","@graph":[{"@type":"WebPage","@id":"https:\/\/www.xunzel.com\/store\/producto\/is-kontroll-4a-12v\/","url":"https:\/\/www.xunzel.com\/store\/producto\/is-kontroll-4a-12v\/","name":"IS-KONTROLL 4A 12V &#8211; Xunzel","isPartOf":{"@id":"https:\/\/www.xunzel.com\/store\/#website"},"primaryImageOfPage":{"@id":"https:\/\/www.xunzel.com\/store\/producto\/is-kontroll-4a-12v\/#primaryimage"},"image":{"@id":"https:\/\/www.xunzel.com\/store\/producto\/is-kontroll-4a-12v\/#primaryimage"},"thumbnailUrl":"https:\/\/www.xunzel.com\/store\/wp-content\/uploads\/2025\/06\/is.Kontroll412-XUNZEL-100-scaled.jpg","datePublished":"2025-06-26T11:14:24+00:00","dateModified":"2025-06-26T11:14:25+00:00","breadcrumb":{"@id":"https:\/\/www.xunzel.com\/store\/producto\/is-kontroll-4a-12v\/#breadcrumb"},"inLanguage":"es","potentialAction":[{"@type":"ReadAction","target":["https:\/\/www.xunzel.com\/store\/producto\/is-kontroll-4a-12v\/"]}]},{"@type":"ImageObject","inLanguage":"es","@id":"https:\/\/www.xunzel.com\/store\/producto\/is-kontroll-4a-12v\/#primaryimage","url":"https:\/\/www.xunzel.com\/store\/wp-content\/uploads\/2025\/06\/is.Kontroll412-XUNZEL-100-scaled.jpg","contentUrl":"https:\/\/www.xunzel.com\/store\/wp-content\/uploads\/2025\/06\/is.Kontroll412-XUNZEL-100-scaled.jpg","width":2560,"height":2560},{"@type":"BreadcrumbList","@id":"https:\/\/www.xunzel.com\/store\/producto\/is-kontroll-4a-12v\/#breadcrumb","itemListElement":[{"@type":"ListItem","position":1,"name":"Portada","item":"https:\/\/www.xunzel.com\/store\/"},{"@type":"ListItem","position":2,"name":"Tienda","item":"https:\/\/www.xunzel.com\/store\/tienda\/"},{"@type":"ListItem","position":3,"name":"IS-KONTROLL 4A 12V"}]},{"@type":"WebSite","@id":"https:\/\/www.xunzel.com\/store\/#website","url":"https:\/\/www.xunzel.com\/store\/","name":"Xunzel","description":"Energy in a box - The Electric Revolution","publisher":{"@id":"https:\/\/www.xunzel.com\/store\/#organization"},"potentialAction":[{"@type":"SearchAction","target":{"@type":"EntryPoint","urlTemplate":"https:\/\/www.xunzel.com\/store\/?s={search_term_string}"},"query-input":{"@type":"PropertyValueSpecification","valueRequired":true,"valueName":"search_term_string"}}],"inLanguage":"es"},{"@type":"Organization","@id":"https:\/\/www.xunzel.com\/store\/#organization","name":"Xunzel","url":"https:\/\/www.xunzel.com\/store\/","logo":{"@type":"ImageObject","inLanguage":"es","@id":"https:\/\/www.xunzel.com\/store\/#\/schema\/logo\/image\/","url":"https:\/\/www.xunzel.com\/store\/wp-content\/uploads\/2021\/01\/logo-xunzel-footer.png","contentUrl":"https:\/\/www.xunzel.com\/store\/wp-content\/uploads\/2021\/01\/logo-xunzel-footer.png","width":280,"height":52,"caption":"Xunzel"},"image":{"@id":"https:\/\/www.xunzel.com\/store\/#\/schema\/logo\/image\/"}}]}},"_links":{"self":[{"href":"https:\/\/www.xunzel.com\/store\/wp-json\/wp\/v2\/product\/24504","targetHints":{"allow":["GET"]}}],"collection":[{"href":"https:\/\/www.xunzel.com\/store\/wp-json\/wp\/v2\/product"}],"about":[{"href":"https:\/\/www.xunzel.com\/store\/wp-json\/wp\/v2\/types\/product"}],"wp:featuredmedia":[{"embeddable":true,"href":"https:\/\/www.xunzel.com\/store\/wp-json\/wp\/v2\/media\/24506"}],"wp:attachment":[{"href":"https:\/\/www.xunzel.com\/store\/wp-json\/wp\/v2\/media?parent=24504"}],"wp:term":[{"taxonomy":"product_brand","embeddable":true,"href":"https:\/\/www.xunzel.com\/store\/wp-json\/wp\/v2\/product_brand?post=24504"},{"taxonomy":"product_cat","embeddable":true,"href":"https:\/\/www.xunzel.com\/store\/wp-json\/wp\/v2\/product_cat?post=24504"},{"taxonomy":"product_tag","embeddable":true,"href":"https:\/\/www.xunzel.com\/store\/wp-json\/wp\/v2\/product_tag?post=24504"}],"curies":[{"name":"wp","href":"https:\/\/api.w.org\/{rel}","templated":true}]}}