{"id":23929,"date":"2025-06-18T13:00:02","date_gmt":"2025-06-18T11:00:02","guid":{"rendered":"https:\/\/www.xunzel.com\/store\/?post_type=product&#038;p=23929"},"modified":"2025-08-18T09:58:16","modified_gmt":"2025-08-18T07:58:16","slug":"xj-din-150w-24v","status":"publish","type":"product","link":"https:\/\/www.xunzel.com\/store\/producto\/xj-din-150w-24v\/","title":{"rendered":"XJ-DIN-150W-24V"},"content":{"rendered":"","protected":false},"excerpt":{"rendered":"<p>Inversor Onda Pura XJ\u2122 en carril DIN, conexi\u00f3n por tornillo, entrada 24VDC s\u00f3lo bater\u00eda, 7.0ADC, salida 150W CA monof\u00e1sica, 230VAC, 50Hz, 0.65A.<br \/>\nCon &lt;modo de espera&gt; seleccionable para modo de bajo consumo y funci\u00f3n integrada de &lt;arranque autom\u00e1tico&gt;. El inversor se reinicia cuando la bater\u00eda recupera carga.<br \/>\nConvierte la tensi\u00f3n de la bater\u00eda de 24VDC en una fuente de alimentaci\u00f3n de 230VAC-50Hz de muy alta calidad y fiabilidad. Listo para conectar y utilizar. Protege y garantiza un mejor rendimiento de los equipos conectados.<br \/>\nProporciona alimentaci\u00f3n permanente cuando no hay conexi\u00f3n a la red el\u00e9ctrica. Alta eficiencia, muy bajo autoconsumo. Ligero, robusto, seguro y fiable. Tecnolog\u00eda avanzada. Saque el m\u00e1ximo partido a su bater\u00eda.<br \/>\nEl estado se indica mediante LED.<\/p>\n<p>Carril DIN no incluido.<\/p>\n<p><span class=\"shared-files-shortcode-admin-list shared-files-shortcode-admin-list-file shared-files-shortcode-24841\" title=\"[shared_files file_id=24841]\">[shared_files file_id=24841]<\/span><\/p>\n","protected":false},"featured_media":23930,"template":"","meta":{"_acf_changed":false},"product_brand":[],"product_cat":[124],"product_tag":[],"class_list":{"0":"post-23929","1":"product","2":"type-product","3":"status-publish","4":"has-post-thumbnail","6":"product_cat-xj-series-inversores","8":"first","9":"instock","10":"taxable","11":"shipping-taxable","12":"purchasable","13":"product-type-simple"},"acf":[],"yoast_head":"<!-- This site is optimized with the Yoast SEO plugin v25.4 - https:\/\/yoast.com\/wordpress\/plugins\/seo\/ -->\n<title>XJ-DIN-150W-24V &#8211; Xunzel<\/title>\n<meta name=\"robots\" content=\"index, follow, max-snippet:-1, max-image-preview:large, max-video-preview:-1\" \/>\n<link rel=\"canonical\" href=\"https:\/\/www.xunzel.com\/store\/producto\/xj-din-150w-24v\/\" \/>\n<meta property=\"og:locale\" content=\"es_ES\" \/>\n<meta property=\"og:type\" content=\"article\" \/>\n<meta property=\"og:title\" content=\"XJ-DIN-150W-24V &#8211; Xunzel\" \/>\n<meta property=\"og:description\" content=\"Inversor Onda Pura XJ\u2122 en carril DIN, conexi\u00f3n por tornillo, entrada 24VDC s\u00f3lo bater\u00eda, 7.0ADC, salida 150W CA monof\u00e1sica, 230VAC, 50Hz, 0.65A. Con &lt;modo de espera&gt; seleccionable para modo de bajo consumo y funci\u00f3n integrada de &lt;arranque autom\u00e1tico&gt;. El inversor se reinicia cuando la bater\u00eda recupera carga. Convierte la tensi\u00f3n de la bater\u00eda de 24VDC en una fuente de alimentaci\u00f3n de 230VAC-50Hz de muy alta calidad y fiabilidad. Listo para conectar y utilizar. Protege y garantiza un mejor rendimiento de los equipos conectados. Proporciona alimentaci\u00f3n permanente cuando no hay conexi\u00f3n a la red el\u00e9ctrica. Alta eficiencia, muy bajo autoconsumo. Ligero, robusto, seguro y fiable. Tecnolog\u00eda avanzada. Saque el m\u00e1ximo partido a su bater\u00eda. El estado se indica mediante LED.  Carril DIN no incluido.\" \/>\n<meta property=\"og:url\" content=\"https:\/\/www.xunzel.com\/store\/producto\/xj-din-150w-24v\/\" \/>\n<meta property=\"og:site_name\" content=\"Xunzel\" \/>\n<meta property=\"article:modified_time\" content=\"2025-08-18T07:58:16+00:00\" \/>\n<meta property=\"og:image\" content=\"https:\/\/www.xunzel.com\/store\/wp-content\/uploads\/2025\/03\/XJDIN150242_iso.jpg\" \/>\n\t<meta property=\"og:image:width\" content=\"2250\" \/>\n\t<meta property=\"og:image:height\" content=\"2250\" \/>\n\t<meta property=\"og:image:type\" content=\"image\/jpeg\" \/>\n<meta name=\"twitter:card\" content=\"summary_large_image\" \/>\n<meta name=\"twitter:label1\" content=\"Tiempo de lectura\" \/>\n\t<meta name=\"twitter:data1\" content=\"1 minuto\" \/>\n<script type=\"application\/ld+json\" class=\"yoast-schema-graph\">{\"@context\":\"https:\/\/schema.org\",\"@graph\":[{\"@type\":\"WebPage\",\"@id\":\"https:\/\/www.xunzel.com\/store\/producto\/xj-din-150w-24v\/\",\"url\":\"https:\/\/www.xunzel.com\/store\/producto\/xj-din-150w-24v\/\",\"name\":\"XJ-DIN-150W-24V &#8211; Xunzel\",\"isPartOf\":{\"@id\":\"https:\/\/www.xunzel.com\/store\/#website\"},\"primaryImageOfPage\":{\"@id\":\"https:\/\/www.xunzel.com\/store\/producto\/xj-din-150w-24v\/#primaryimage\"},\"image\":{\"@id\":\"https:\/\/www.xunzel.com\/store\/producto\/xj-din-150w-24v\/#primaryimage\"},\"thumbnailUrl\":\"https:\/\/www.xunzel.com\/store\/wp-content\/uploads\/2025\/03\/XJDIN150242_iso.jpg\",\"datePublished\":\"2025-06-18T11:00:02+00:00\",\"dateModified\":\"2025-08-18T07:58:16+00:00\",\"breadcrumb\":{\"@id\":\"https:\/\/www.xunzel.com\/store\/producto\/xj-din-150w-24v\/#breadcrumb\"},\"inLanguage\":\"es\",\"potentialAction\":[{\"@type\":\"ReadAction\",\"target\":[\"https:\/\/www.xunzel.com\/store\/producto\/xj-din-150w-24v\/\"]}]},{\"@type\":\"ImageObject\",\"inLanguage\":\"es\",\"@id\":\"https:\/\/www.xunzel.com\/store\/producto\/xj-din-150w-24v\/#primaryimage\",\"url\":\"https:\/\/www.xunzel.com\/store\/wp-content\/uploads\/2025\/03\/XJDIN150242_iso.jpg\",\"contentUrl\":\"https:\/\/www.xunzel.com\/store\/wp-content\/uploads\/2025\/03\/XJDIN150242_iso.jpg\",\"width\":2250,\"height\":2250},{\"@type\":\"BreadcrumbList\",\"@id\":\"https:\/\/www.xunzel.com\/store\/producto\/xj-din-150w-24v\/#breadcrumb\",\"itemListElement\":[{\"@type\":\"ListItem\",\"position\":1,\"name\":\"Portada\",\"item\":\"https:\/\/www.xunzel.com\/store\/\"},{\"@type\":\"ListItem\",\"position\":2,\"name\":\"Tienda\",\"item\":\"https:\/\/www.xunzel.com\/store\/tienda\/\"},{\"@type\":\"ListItem\",\"position\":3,\"name\":\"XJ-DIN-150W-24V\"}]},{\"@type\":\"WebSite\",\"@id\":\"https:\/\/www.xunzel.com\/store\/#website\",\"url\":\"https:\/\/www.xunzel.com\/store\/\",\"name\":\"Xunzel\",\"description\":\"Energy in a box - The Electric Revolution\",\"publisher\":{\"@id\":\"https:\/\/www.xunzel.com\/store\/#organization\"},\"potentialAction\":[{\"@type\":\"SearchAction\",\"target\":{\"@type\":\"EntryPoint\",\"urlTemplate\":\"https:\/\/www.xunzel.com\/store\/?s={search_term_string}\"},\"query-input\":{\"@type\":\"PropertyValueSpecification\",\"valueRequired\":true,\"valueName\":\"search_term_string\"}}],\"inLanguage\":\"es\"},{\"@type\":\"Organization\",\"@id\":\"https:\/\/www.xunzel.com\/store\/#organization\",\"name\":\"Xunzel\",\"url\":\"https:\/\/www.xunzel.com\/store\/\",\"logo\":{\"@type\":\"ImageObject\",\"inLanguage\":\"es\",\"@id\":\"https:\/\/www.xunzel.com\/store\/#\/schema\/logo\/image\/\",\"url\":\"https:\/\/www.xunzel.com\/store\/wp-content\/uploads\/2021\/01\/logo-xunzel-footer.png\",\"contentUrl\":\"https:\/\/www.xunzel.com\/store\/wp-content\/uploads\/2021\/01\/logo-xunzel-footer.png\",\"width\":280,\"height\":52,\"caption\":\"Xunzel\"},\"image\":{\"@id\":\"https:\/\/www.xunzel.com\/store\/#\/schema\/logo\/image\/\"}}]}<\/script>\n<!-- \/ Yoast SEO plugin. -->","yoast_head_json":{"title":"XJ-DIN-150W-24V &#8211; Xunzel","robots":{"index":"index","follow":"follow","max-snippet":"max-snippet:-1","max-image-preview":"max-image-preview:large","max-video-preview":"max-video-preview:-1"},"canonical":"https:\/\/www.xunzel.com\/store\/producto\/xj-din-150w-24v\/","og_locale":"es_ES","og_type":"article","og_title":"XJ-DIN-150W-24V &#8211; Xunzel","og_description":"Inversor Onda Pura XJ\u2122 en carril DIN, conexi\u00f3n por tornillo, entrada 24VDC s\u00f3lo bater\u00eda, 7.0ADC, salida 150W CA monof\u00e1sica, 230VAC, 50Hz, 0.65A. Con &lt;modo de espera&gt; seleccionable para modo de bajo consumo y funci\u00f3n integrada de &lt;arranque autom\u00e1tico&gt;. El inversor se reinicia cuando la bater\u00eda recupera carga. Convierte la tensi\u00f3n de la bater\u00eda de 24VDC en una fuente de alimentaci\u00f3n de 230VAC-50Hz de muy alta calidad y fiabilidad. Listo para conectar y utilizar. Protege y garantiza un mejor rendimiento de los equipos conectados. Proporciona alimentaci\u00f3n permanente cuando no hay conexi\u00f3n a la red el\u00e9ctrica. Alta eficiencia, muy bajo autoconsumo. Ligero, robusto, seguro y fiable. Tecnolog\u00eda avanzada. Saque el m\u00e1ximo partido a su bater\u00eda. El estado se indica mediante LED.  Carril DIN no incluido.","og_url":"https:\/\/www.xunzel.com\/store\/producto\/xj-din-150w-24v\/","og_site_name":"Xunzel","article_modified_time":"2025-08-18T07:58:16+00:00","og_image":[{"width":2250,"height":2250,"url":"https:\/\/www.xunzel.com\/store\/wp-content\/uploads\/2025\/03\/XJDIN150242_iso.jpg","type":"image\/jpeg"}],"twitter_card":"summary_large_image","twitter_misc":{"Tiempo de lectura":"1 minuto"},"schema":{"@context":"https:\/\/schema.org","@graph":[{"@type":"WebPage","@id":"https:\/\/www.xunzel.com\/store\/producto\/xj-din-150w-24v\/","url":"https:\/\/www.xunzel.com\/store\/producto\/xj-din-150w-24v\/","name":"XJ-DIN-150W-24V &#8211; Xunzel","isPartOf":{"@id":"https:\/\/www.xunzel.com\/store\/#website"},"primaryImageOfPage":{"@id":"https:\/\/www.xunzel.com\/store\/producto\/xj-din-150w-24v\/#primaryimage"},"image":{"@id":"https:\/\/www.xunzel.com\/store\/producto\/xj-din-150w-24v\/#primaryimage"},"thumbnailUrl":"https:\/\/www.xunzel.com\/store\/wp-content\/uploads\/2025\/03\/XJDIN150242_iso.jpg","datePublished":"2025-06-18T11:00:02+00:00","dateModified":"2025-08-18T07:58:16+00:00","breadcrumb":{"@id":"https:\/\/www.xunzel.com\/store\/producto\/xj-din-150w-24v\/#breadcrumb"},"inLanguage":"es","potentialAction":[{"@type":"ReadAction","target":["https:\/\/www.xunzel.com\/store\/producto\/xj-din-150w-24v\/"]}]},{"@type":"ImageObject","inLanguage":"es","@id":"https:\/\/www.xunzel.com\/store\/producto\/xj-din-150w-24v\/#primaryimage","url":"https:\/\/www.xunzel.com\/store\/wp-content\/uploads\/2025\/03\/XJDIN150242_iso.jpg","contentUrl":"https:\/\/www.xunzel.com\/store\/wp-content\/uploads\/2025\/03\/XJDIN150242_iso.jpg","width":2250,"height":2250},{"@type":"BreadcrumbList","@id":"https:\/\/www.xunzel.com\/store\/producto\/xj-din-150w-24v\/#breadcrumb","itemListElement":[{"@type":"ListItem","position":1,"name":"Portada","item":"https:\/\/www.xunzel.com\/store\/"},{"@type":"ListItem","position":2,"name":"Tienda","item":"https:\/\/www.xunzel.com\/store\/tienda\/"},{"@type":"ListItem","position":3,"name":"XJ-DIN-150W-24V"}]},{"@type":"WebSite","@id":"https:\/\/www.xunzel.com\/store\/#website","url":"https:\/\/www.xunzel.com\/store\/","name":"Xunzel","description":"Energy in a box - The Electric Revolution","publisher":{"@id":"https:\/\/www.xunzel.com\/store\/#organization"},"potentialAction":[{"@type":"SearchAction","target":{"@type":"EntryPoint","urlTemplate":"https:\/\/www.xunzel.com\/store\/?s={search_term_string}"},"query-input":{"@type":"PropertyValueSpecification","valueRequired":true,"valueName":"search_term_string"}}],"inLanguage":"es"},{"@type":"Organization","@id":"https:\/\/www.xunzel.com\/store\/#organization","name":"Xunzel","url":"https:\/\/www.xunzel.com\/store\/","logo":{"@type":"ImageObject","inLanguage":"es","@id":"https:\/\/www.xunzel.com\/store\/#\/schema\/logo\/image\/","url":"https:\/\/www.xunzel.com\/store\/wp-content\/uploads\/2021\/01\/logo-xunzel-footer.png","contentUrl":"https:\/\/www.xunzel.com\/store\/wp-content\/uploads\/2021\/01\/logo-xunzel-footer.png","width":280,"height":52,"caption":"Xunzel"},"image":{"@id":"https:\/\/www.xunzel.com\/store\/#\/schema\/logo\/image\/"}}]}},"_links":{"self":[{"href":"https:\/\/www.xunzel.com\/store\/wp-json\/wp\/v2\/product\/23929","targetHints":{"allow":["GET"]}}],"collection":[{"href":"https:\/\/www.xunzel.com\/store\/wp-json\/wp\/v2\/product"}],"about":[{"href":"https:\/\/www.xunzel.com\/store\/wp-json\/wp\/v2\/types\/product"}],"wp:featuredmedia":[{"embeddable":true,"href":"https:\/\/www.xunzel.com\/store\/wp-json\/wp\/v2\/media\/23930"}],"wp:attachment":[{"href":"https:\/\/www.xunzel.com\/store\/wp-json\/wp\/v2\/media?parent=23929"}],"wp:term":[{"taxonomy":"product_brand","embeddable":true,"href":"https:\/\/www.xunzel.com\/store\/wp-json\/wp\/v2\/product_brand?post=23929"},{"taxonomy":"product_cat","embeddable":true,"href":"https:\/\/www.xunzel.com\/store\/wp-json\/wp\/v2\/product_cat?post=23929"},{"taxonomy":"product_tag","embeddable":true,"href":"https:\/\/www.xunzel.com\/store\/wp-json\/wp\/v2\/product_tag?post=23929"}],"curies":[{"name":"wp","href":"https:\/\/api.w.org\/{rel}","templated":true}]}}