{"id":23710,"date":"2025-06-18T12:58:51","date_gmt":"2025-06-18T10:58:51","guid":{"rendered":"https:\/\/www.xunzel.com\/store\/?post_type=product&#038;p=23710"},"modified":"2025-06-18T12:58:52","modified_gmt":"2025-06-18T10:58:52","slug":"dbc-12406-lfpb-din","status":"publish","type":"product","link":"https:\/\/www.xunzel.com\/store\/producto\/dbc-12406-lfpb-din\/","title":{"rendered":"DBC-12406-LFPB-DIN"},"content":{"rendered":"","protected":false},"excerpt":{"rendered":"<p>DBC\u2122 Cargador de bater\u00eda y fuente de alimentaci\u00f3n universal, montaje en carril DIN, conexi\u00f3n por tornillo, entrada: AC monof\u00e1sica, salida 12\/24V DC \/ 6A<\/p>\n<p>Cargador de grado industrial ACDC tanto para bater\u00edas recargables de plomo \u00e1cido (AGM, GEL) 12V 6A y 24V 4A como para bater\u00edas recargables de litio (LFP) 12,8V y 25,6V. Entrada VAC amplia 100-240VAC, 50\/60Hz 1,3A m\u00e1x.<\/p>\n<p>El proceso de carga con temperatura optimizada aumenta la vida \u00fatil del m\u00f3dulo de bater\u00eda, mientras que la mayor corriente de carga reduce el tiempo de carga. Modo de alimentaci\u00f3n (12 y 24 V CC). El estado se indica mediante LED.<\/p>\n<p>Carril DIN no incluido.<\/p>\n<p><span class=\"shared-files-shortcode-admin-list shared-files-shortcode-admin-list-file shared-files-shortcode-24129\" title=\"[shared_files file_id=24129]\">[shared_files file_id=24129]<\/span><\/p>\n","protected":false},"featured_media":23715,"template":"","meta":{"_acf_changed":false},"product_brand":[],"product_cat":[130],"product_tag":[],"class_list":{"0":"post-23710","1":"product","2":"type-product","3":"status-publish","4":"has-post-thumbnail","6":"product_cat-dbc-series-cargadores","8":"first","9":"instock","10":"taxable","11":"shipping-taxable","12":"purchasable","13":"product-type-simple"},"acf":[],"yoast_head":"<!-- This site is optimized with the Yoast SEO plugin v25.4 - https:\/\/yoast.com\/wordpress\/plugins\/seo\/ -->\n<title>DBC-12406-LFPB-DIN &#8211; Xunzel<\/title>\n<meta name=\"robots\" content=\"index, follow, max-snippet:-1, max-image-preview:large, max-video-preview:-1\" \/>\n<link rel=\"canonical\" href=\"https:\/\/www.xunzel.com\/store\/producto\/dbc-12406-lfpb-din\/\" \/>\n<meta property=\"og:locale\" content=\"es_ES\" \/>\n<meta property=\"og:type\" content=\"article\" \/>\n<meta property=\"og:title\" content=\"DBC-12406-LFPB-DIN &#8211; Xunzel\" \/>\n<meta property=\"og:description\" content=\"DBC\u2122 Cargador de bater\u00eda y fuente de alimentaci\u00f3n universal, montaje en carril DIN, conexi\u00f3n por tornillo, entrada: AC monof\u00e1sica, salida 12\/24V DC \/ 6A  Cargador de grado industrial ACDC tanto para bater\u00edas recargables de plomo \u00e1cido (AGM, GEL) 12V 6A y 24V 4A como para bater\u00edas recargables de litio (LFP) 12,8V y 25,6V. Entrada VAC amplia 100-240VAC, 50\/60Hz 1,3A m\u00e1x.  El proceso de carga con temperatura optimizada aumenta la vida \u00fatil del m\u00f3dulo de bater\u00eda, mientras que la mayor corriente de carga reduce el tiempo de carga. Modo de alimentaci\u00f3n (12 y 24 V CC). El estado se indica mediante LED.  Carril DIN no incluido.\" \/>\n<meta property=\"og:url\" content=\"https:\/\/www.xunzel.com\/store\/producto\/dbc-12406-lfpb-din\/\" \/>\n<meta property=\"og:site_name\" content=\"Xunzel\" \/>\n<meta property=\"article:modified_time\" content=\"2025-06-18T10:58:52+00:00\" \/>\n<meta property=\"og:image\" content=\"https:\/\/www.xunzel.com\/store\/wp-content\/uploads\/2025\/03\/DBC12406LFPBD_iso.jpg\" \/>\n\t<meta property=\"og:image:width\" content=\"2250\" \/>\n\t<meta property=\"og:image:height\" content=\"2250\" \/>\n\t<meta property=\"og:image:type\" content=\"image\/jpeg\" \/>\n<meta name=\"twitter:card\" content=\"summary_large_image\" \/>\n<meta name=\"twitter:label1\" content=\"Tiempo de lectura\" \/>\n\t<meta name=\"twitter:data1\" content=\"1 minuto\" \/>\n<script type=\"application\/ld+json\" class=\"yoast-schema-graph\">{\"@context\":\"https:\/\/schema.org\",\"@graph\":[{\"@type\":\"WebPage\",\"@id\":\"https:\/\/www.xunzel.com\/store\/producto\/dbc-12406-lfpb-din\/\",\"url\":\"https:\/\/www.xunzel.com\/store\/producto\/dbc-12406-lfpb-din\/\",\"name\":\"DBC-12406-LFPB-DIN &#8211; Xunzel\",\"isPartOf\":{\"@id\":\"https:\/\/www.xunzel.com\/store\/#website\"},\"primaryImageOfPage\":{\"@id\":\"https:\/\/www.xunzel.com\/store\/producto\/dbc-12406-lfpb-din\/#primaryimage\"},\"image\":{\"@id\":\"https:\/\/www.xunzel.com\/store\/producto\/dbc-12406-lfpb-din\/#primaryimage\"},\"thumbnailUrl\":\"https:\/\/www.xunzel.com\/store\/wp-content\/uploads\/2025\/03\/DBC12406LFPBD_iso.jpg\",\"datePublished\":\"2025-06-18T10:58:51+00:00\",\"dateModified\":\"2025-06-18T10:58:52+00:00\",\"breadcrumb\":{\"@id\":\"https:\/\/www.xunzel.com\/store\/producto\/dbc-12406-lfpb-din\/#breadcrumb\"},\"inLanguage\":\"es\",\"potentialAction\":[{\"@type\":\"ReadAction\",\"target\":[\"https:\/\/www.xunzel.com\/store\/producto\/dbc-12406-lfpb-din\/\"]}]},{\"@type\":\"ImageObject\",\"inLanguage\":\"es\",\"@id\":\"https:\/\/www.xunzel.com\/store\/producto\/dbc-12406-lfpb-din\/#primaryimage\",\"url\":\"https:\/\/www.xunzel.com\/store\/wp-content\/uploads\/2025\/03\/DBC12406LFPBD_iso.jpg\",\"contentUrl\":\"https:\/\/www.xunzel.com\/store\/wp-content\/uploads\/2025\/03\/DBC12406LFPBD_iso.jpg\",\"width\":2250,\"height\":2250},{\"@type\":\"BreadcrumbList\",\"@id\":\"https:\/\/www.xunzel.com\/store\/producto\/dbc-12406-lfpb-din\/#breadcrumb\",\"itemListElement\":[{\"@type\":\"ListItem\",\"position\":1,\"name\":\"Portada\",\"item\":\"https:\/\/www.xunzel.com\/store\/\"},{\"@type\":\"ListItem\",\"position\":2,\"name\":\"Tienda\",\"item\":\"https:\/\/www.xunzel.com\/store\/tienda\/\"},{\"@type\":\"ListItem\",\"position\":3,\"name\":\"DBC-12406-LFPB-DIN\"}]},{\"@type\":\"WebSite\",\"@id\":\"https:\/\/www.xunzel.com\/store\/#website\",\"url\":\"https:\/\/www.xunzel.com\/store\/\",\"name\":\"Xunzel\",\"description\":\"Energy in a box - The Electric Revolution\",\"publisher\":{\"@id\":\"https:\/\/www.xunzel.com\/store\/#organization\"},\"potentialAction\":[{\"@type\":\"SearchAction\",\"target\":{\"@type\":\"EntryPoint\",\"urlTemplate\":\"https:\/\/www.xunzel.com\/store\/?s={search_term_string}\"},\"query-input\":{\"@type\":\"PropertyValueSpecification\",\"valueRequired\":true,\"valueName\":\"search_term_string\"}}],\"inLanguage\":\"es\"},{\"@type\":\"Organization\",\"@id\":\"https:\/\/www.xunzel.com\/store\/#organization\",\"name\":\"Xunzel\",\"url\":\"https:\/\/www.xunzel.com\/store\/\",\"logo\":{\"@type\":\"ImageObject\",\"inLanguage\":\"es\",\"@id\":\"https:\/\/www.xunzel.com\/store\/#\/schema\/logo\/image\/\",\"url\":\"https:\/\/www.xunzel.com\/store\/wp-content\/uploads\/2021\/01\/logo-xunzel-footer.png\",\"contentUrl\":\"https:\/\/www.xunzel.com\/store\/wp-content\/uploads\/2021\/01\/logo-xunzel-footer.png\",\"width\":280,\"height\":52,\"caption\":\"Xunzel\"},\"image\":{\"@id\":\"https:\/\/www.xunzel.com\/store\/#\/schema\/logo\/image\/\"}}]}<\/script>\n<!-- \/ Yoast SEO plugin. -->","yoast_head_json":{"title":"DBC-12406-LFPB-DIN &#8211; Xunzel","robots":{"index":"index","follow":"follow","max-snippet":"max-snippet:-1","max-image-preview":"max-image-preview:large","max-video-preview":"max-video-preview:-1"},"canonical":"https:\/\/www.xunzel.com\/store\/producto\/dbc-12406-lfpb-din\/","og_locale":"es_ES","og_type":"article","og_title":"DBC-12406-LFPB-DIN &#8211; Xunzel","og_description":"DBC\u2122 Cargador de bater\u00eda y fuente de alimentaci\u00f3n universal, montaje en carril DIN, conexi\u00f3n por tornillo, entrada: AC monof\u00e1sica, salida 12\/24V DC \/ 6A  Cargador de grado industrial ACDC tanto para bater\u00edas recargables de plomo \u00e1cido (AGM, GEL) 12V 6A y 24V 4A como para bater\u00edas recargables de litio (LFP) 12,8V y 25,6V. Entrada VAC amplia 100-240VAC, 50\/60Hz 1,3A m\u00e1x.  El proceso de carga con temperatura optimizada aumenta la vida \u00fatil del m\u00f3dulo de bater\u00eda, mientras que la mayor corriente de carga reduce el tiempo de carga. Modo de alimentaci\u00f3n (12 y 24 V CC). El estado se indica mediante LED.  Carril DIN no incluido.","og_url":"https:\/\/www.xunzel.com\/store\/producto\/dbc-12406-lfpb-din\/","og_site_name":"Xunzel","article_modified_time":"2025-06-18T10:58:52+00:00","og_image":[{"width":2250,"height":2250,"url":"https:\/\/www.xunzel.com\/store\/wp-content\/uploads\/2025\/03\/DBC12406LFPBD_iso.jpg","type":"image\/jpeg"}],"twitter_card":"summary_large_image","twitter_misc":{"Tiempo de lectura":"1 minuto"},"schema":{"@context":"https:\/\/schema.org","@graph":[{"@type":"WebPage","@id":"https:\/\/www.xunzel.com\/store\/producto\/dbc-12406-lfpb-din\/","url":"https:\/\/www.xunzel.com\/store\/producto\/dbc-12406-lfpb-din\/","name":"DBC-12406-LFPB-DIN &#8211; Xunzel","isPartOf":{"@id":"https:\/\/www.xunzel.com\/store\/#website"},"primaryImageOfPage":{"@id":"https:\/\/www.xunzel.com\/store\/producto\/dbc-12406-lfpb-din\/#primaryimage"},"image":{"@id":"https:\/\/www.xunzel.com\/store\/producto\/dbc-12406-lfpb-din\/#primaryimage"},"thumbnailUrl":"https:\/\/www.xunzel.com\/store\/wp-content\/uploads\/2025\/03\/DBC12406LFPBD_iso.jpg","datePublished":"2025-06-18T10:58:51+00:00","dateModified":"2025-06-18T10:58:52+00:00","breadcrumb":{"@id":"https:\/\/www.xunzel.com\/store\/producto\/dbc-12406-lfpb-din\/#breadcrumb"},"inLanguage":"es","potentialAction":[{"@type":"ReadAction","target":["https:\/\/www.xunzel.com\/store\/producto\/dbc-12406-lfpb-din\/"]}]},{"@type":"ImageObject","inLanguage":"es","@id":"https:\/\/www.xunzel.com\/store\/producto\/dbc-12406-lfpb-din\/#primaryimage","url":"https:\/\/www.xunzel.com\/store\/wp-content\/uploads\/2025\/03\/DBC12406LFPBD_iso.jpg","contentUrl":"https:\/\/www.xunzel.com\/store\/wp-content\/uploads\/2025\/03\/DBC12406LFPBD_iso.jpg","width":2250,"height":2250},{"@type":"BreadcrumbList","@id":"https:\/\/www.xunzel.com\/store\/producto\/dbc-12406-lfpb-din\/#breadcrumb","itemListElement":[{"@type":"ListItem","position":1,"name":"Portada","item":"https:\/\/www.xunzel.com\/store\/"},{"@type":"ListItem","position":2,"name":"Tienda","item":"https:\/\/www.xunzel.com\/store\/tienda\/"},{"@type":"ListItem","position":3,"name":"DBC-12406-LFPB-DIN"}]},{"@type":"WebSite","@id":"https:\/\/www.xunzel.com\/store\/#website","url":"https:\/\/www.xunzel.com\/store\/","name":"Xunzel","description":"Energy in a box - The Electric Revolution","publisher":{"@id":"https:\/\/www.xunzel.com\/store\/#organization"},"potentialAction":[{"@type":"SearchAction","target":{"@type":"EntryPoint","urlTemplate":"https:\/\/www.xunzel.com\/store\/?s={search_term_string}"},"query-input":{"@type":"PropertyValueSpecification","valueRequired":true,"valueName":"search_term_string"}}],"inLanguage":"es"},{"@type":"Organization","@id":"https:\/\/www.xunzel.com\/store\/#organization","name":"Xunzel","url":"https:\/\/www.xunzel.com\/store\/","logo":{"@type":"ImageObject","inLanguage":"es","@id":"https:\/\/www.xunzel.com\/store\/#\/schema\/logo\/image\/","url":"https:\/\/www.xunzel.com\/store\/wp-content\/uploads\/2021\/01\/logo-xunzel-footer.png","contentUrl":"https:\/\/www.xunzel.com\/store\/wp-content\/uploads\/2021\/01\/logo-xunzel-footer.png","width":280,"height":52,"caption":"Xunzel"},"image":{"@id":"https:\/\/www.xunzel.com\/store\/#\/schema\/logo\/image\/"}}]}},"_links":{"self":[{"href":"https:\/\/www.xunzel.com\/store\/wp-json\/wp\/v2\/product\/23710","targetHints":{"allow":["GET"]}}],"collection":[{"href":"https:\/\/www.xunzel.com\/store\/wp-json\/wp\/v2\/product"}],"about":[{"href":"https:\/\/www.xunzel.com\/store\/wp-json\/wp\/v2\/types\/product"}],"wp:featuredmedia":[{"embeddable":true,"href":"https:\/\/www.xunzel.com\/store\/wp-json\/wp\/v2\/media\/23715"}],"wp:attachment":[{"href":"https:\/\/www.xunzel.com\/store\/wp-json\/wp\/v2\/media?parent=23710"}],"wp:term":[{"taxonomy":"product_brand","embeddable":true,"href":"https:\/\/www.xunzel.com\/store\/wp-json\/wp\/v2\/product_brand?post=23710"},{"taxonomy":"product_cat","embeddable":true,"href":"https:\/\/www.xunzel.com\/store\/wp-json\/wp\/v2\/product_cat?post=23710"},{"taxonomy":"product_tag","embeddable":true,"href":"https:\/\/www.xunzel.com\/store\/wp-json\/wp\/v2\/product_tag?post=23710"}],"curies":[{"name":"wp","href":"https:\/\/api.w.org\/{rel}","templated":true}]}}