{"id":23226,"date":"2025-07-02T09:39:33","date_gmt":"2025-07-02T07:39:33","guid":{"rendered":"https:\/\/www.xunzel.com\/store\/?post_type=product&#038;p=23226"},"modified":"2025-07-02T11:56:44","modified_gmt":"2025-07-02T09:56:44","slug":"solpole-g","status":"publish","type":"product","link":"https:\/\/www.xunzel.com\/store\/producto\/solpole-g\/","title":{"rendered":"SOLPOLE-G"},"content":{"rendered":"<p>Sistema de montaje de paneles solares fotovoltaicos para poste. Con inclinaci\u00f3n regulable. Universales. Pre-montados. Facilidad y Rapidez de Montaje. Aerodin\u00e1micamente optimizados y materiales de gran calidad y robustez. Dise\u00f1ados para hacer instalaciones Seguras, con Gran Estabilidad Mec\u00e1nica y Confianza. Todos los sistemas de fijaci\u00f3n se encuentran calculados y homologados por resistencia estructural y funcionamiento mec\u00e1nico. Fabricados en Aluminio Conformado en Frio de Alta Calidad y Excelente Rigidez (EN AW-6063 T66) y Chapa con Torniller\u00eda de Acero Inoxidable (1.4301) A2-70.<\/p>\n","protected":false},"excerpt":{"rendered":"<p>Sistema de montaje de paneles solares fotovoltaicos para poste. Con inclinaci\u00f3n regulable. Universales. Pre-montados. Facilidad y Rapidez de Montaje. Aerodin\u00e1micamente optimizados y materiales de gran calidad y robustez. Dise\u00f1ados para hacer instalaciones Seguras, con Gran Estabilidad Mec\u00e1nica y Confianza. V\u00e1lido para paneles <a href=\"https:\/\/www.xunzel.com\/store\/categoria-producto\/solarpower-series\/\" target=\"_blank\" rel=\"noopener\"><strong>SOLARPOWER-185\/190W<\/strong><\/a>. Panel solar y abarc\u00f3n no incluido.<\/p>\n[shared_files file_id=10157]\n","protected":false},"featured_media":24573,"template":"","meta":{"_acf_changed":false},"product_brand":[],"product_cat":[135],"product_tag":[],"class_list":{"0":"post-23226","1":"product","2":"type-product","3":"status-publish","4":"has-post-thumbnail","6":"product_cat-sistemas-montaje","8":"first","9":"instock","10":"taxable","11":"shipping-taxable","12":"purchasable","13":"product-type-variable"},"acf":[],"yoast_head":"<!-- This site is optimized with the Yoast SEO plugin v25.4 - https:\/\/yoast.com\/wordpress\/plugins\/seo\/ -->\n<title>SOLPOLE-G &#8211; Xunzel<\/title>\n<meta name=\"robots\" content=\"index, follow, max-snippet:-1, max-image-preview:large, max-video-preview:-1\" \/>\n<link rel=\"canonical\" href=\"https:\/\/www.xunzel.com\/store\/producto\/solpole-g\/\" \/>\n<meta property=\"og:locale\" content=\"es_ES\" \/>\n<meta property=\"og:type\" content=\"article\" \/>\n<meta property=\"og:title\" content=\"SOLPOLE-G &#8211; Xunzel\" \/>\n<meta property=\"og:description\" content=\"Sistema de montaje de paneles solares fotovoltaicos para poste. Con inclinaci\u00f3n regulable. Universales. Pre-montados. Facilidad y Rapidez de Montaje. Aerodin\u00e1micamente optimizados y materiales de gran calidad y robustez. Dise\u00f1ados para hacer instalaciones Seguras, con Gran Estabilidad Mec\u00e1nica y Confianza. V\u00e1lido para paneles SOLARPOWER-185\/190W. Panel solar y abarc\u00f3n no incluido.\" \/>\n<meta property=\"og:url\" content=\"https:\/\/www.xunzel.com\/store\/producto\/solpole-g\/\" \/>\n<meta property=\"og:site_name\" content=\"Xunzel\" \/>\n<meta property=\"article:modified_time\" content=\"2025-07-02T09:56:44+00:00\" \/>\n<meta property=\"og:image\" content=\"https:\/\/www.xunzel.com\/store\/wp-content\/uploads\/2024\/12\/SOLPOLEG1-Panel-poste.jpg\" \/>\n\t<meta property=\"og:image:width\" content=\"2000\" \/>\n\t<meta property=\"og:image:height\" content=\"2000\" \/>\n\t<meta property=\"og:image:type\" content=\"image\/jpeg\" \/>\n<meta name=\"twitter:card\" content=\"summary_large_image\" \/>\n<meta name=\"twitter:label1\" content=\"Tiempo de lectura\" \/>\n\t<meta name=\"twitter:data1\" content=\"1 minuto\" \/>\n<script type=\"application\/ld+json\" class=\"yoast-schema-graph\">{\"@context\":\"https:\/\/schema.org\",\"@graph\":[{\"@type\":\"WebPage\",\"@id\":\"https:\/\/www.xunzel.com\/store\/producto\/solpole-g\/\",\"url\":\"https:\/\/www.xunzel.com\/store\/producto\/solpole-g\/\",\"name\":\"SOLPOLE-G &#8211; Xunzel\",\"isPartOf\":{\"@id\":\"https:\/\/www.xunzel.com\/store\/#website\"},\"primaryImageOfPage\":{\"@id\":\"https:\/\/www.xunzel.com\/store\/producto\/solpole-g\/#primaryimage\"},\"image\":{\"@id\":\"https:\/\/www.xunzel.com\/store\/producto\/solpole-g\/#primaryimage\"},\"thumbnailUrl\":\"https:\/\/www.xunzel.com\/store\/wp-content\/uploads\/2024\/12\/SOLPOLEG1-Panel-poste.jpg\",\"datePublished\":\"2025-07-02T07:39:33+00:00\",\"dateModified\":\"2025-07-02T09:56:44+00:00\",\"breadcrumb\":{\"@id\":\"https:\/\/www.xunzel.com\/store\/producto\/solpole-g\/#breadcrumb\"},\"inLanguage\":\"es\",\"potentialAction\":[{\"@type\":\"ReadAction\",\"target\":[\"https:\/\/www.xunzel.com\/store\/producto\/solpole-g\/\"]}]},{\"@type\":\"ImageObject\",\"inLanguage\":\"es\",\"@id\":\"https:\/\/www.xunzel.com\/store\/producto\/solpole-g\/#primaryimage\",\"url\":\"https:\/\/www.xunzel.com\/store\/wp-content\/uploads\/2024\/12\/SOLPOLEG1-Panel-poste.jpg\",\"contentUrl\":\"https:\/\/www.xunzel.com\/store\/wp-content\/uploads\/2024\/12\/SOLPOLEG1-Panel-poste.jpg\",\"width\":2000,\"height\":2000},{\"@type\":\"BreadcrumbList\",\"@id\":\"https:\/\/www.xunzel.com\/store\/producto\/solpole-g\/#breadcrumb\",\"itemListElement\":[{\"@type\":\"ListItem\",\"position\":1,\"name\":\"Portada\",\"item\":\"https:\/\/www.xunzel.com\/store\/\"},{\"@type\":\"ListItem\",\"position\":2,\"name\":\"Tienda\",\"item\":\"https:\/\/www.xunzel.com\/store\/tienda\/\"},{\"@type\":\"ListItem\",\"position\":3,\"name\":\"SOLPOLE-G\"}]},{\"@type\":\"WebSite\",\"@id\":\"https:\/\/www.xunzel.com\/store\/#website\",\"url\":\"https:\/\/www.xunzel.com\/store\/\",\"name\":\"Xunzel\",\"description\":\"Energy in a box - The Electric Revolution\",\"publisher\":{\"@id\":\"https:\/\/www.xunzel.com\/store\/#organization\"},\"potentialAction\":[{\"@type\":\"SearchAction\",\"target\":{\"@type\":\"EntryPoint\",\"urlTemplate\":\"https:\/\/www.xunzel.com\/store\/?s={search_term_string}\"},\"query-input\":{\"@type\":\"PropertyValueSpecification\",\"valueRequired\":true,\"valueName\":\"search_term_string\"}}],\"inLanguage\":\"es\"},{\"@type\":\"Organization\",\"@id\":\"https:\/\/www.xunzel.com\/store\/#organization\",\"name\":\"Xunzel\",\"url\":\"https:\/\/www.xunzel.com\/store\/\",\"logo\":{\"@type\":\"ImageObject\",\"inLanguage\":\"es\",\"@id\":\"https:\/\/www.xunzel.com\/store\/#\/schema\/logo\/image\/\",\"url\":\"https:\/\/www.xunzel.com\/store\/wp-content\/uploads\/2021\/01\/logo-xunzel-footer.png\",\"contentUrl\":\"https:\/\/www.xunzel.com\/store\/wp-content\/uploads\/2021\/01\/logo-xunzel-footer.png\",\"width\":280,\"height\":52,\"caption\":\"Xunzel\"},\"image\":{\"@id\":\"https:\/\/www.xunzel.com\/store\/#\/schema\/logo\/image\/\"}}]}<\/script>\n<!-- \/ Yoast SEO plugin. -->","yoast_head_json":{"title":"SOLPOLE-G &#8211; Xunzel","robots":{"index":"index","follow":"follow","max-snippet":"max-snippet:-1","max-image-preview":"max-image-preview:large","max-video-preview":"max-video-preview:-1"},"canonical":"https:\/\/www.xunzel.com\/store\/producto\/solpole-g\/","og_locale":"es_ES","og_type":"article","og_title":"SOLPOLE-G &#8211; Xunzel","og_description":"Sistema de montaje de paneles solares fotovoltaicos para poste. Con inclinaci\u00f3n regulable. Universales. Pre-montados. Facilidad y Rapidez de Montaje. Aerodin\u00e1micamente optimizados y materiales de gran calidad y robustez. Dise\u00f1ados para hacer instalaciones Seguras, con Gran Estabilidad Mec\u00e1nica y Confianza. V\u00e1lido para paneles SOLARPOWER-185\/190W. Panel solar y abarc\u00f3n no incluido.","og_url":"https:\/\/www.xunzel.com\/store\/producto\/solpole-g\/","og_site_name":"Xunzel","article_modified_time":"2025-07-02T09:56:44+00:00","og_image":[{"width":2000,"height":2000,"url":"https:\/\/www.xunzel.com\/store\/wp-content\/uploads\/2024\/12\/SOLPOLEG1-Panel-poste.jpg","type":"image\/jpeg"}],"twitter_card":"summary_large_image","twitter_misc":{"Tiempo de lectura":"1 minuto"},"schema":{"@context":"https:\/\/schema.org","@graph":[{"@type":"WebPage","@id":"https:\/\/www.xunzel.com\/store\/producto\/solpole-g\/","url":"https:\/\/www.xunzel.com\/store\/producto\/solpole-g\/","name":"SOLPOLE-G &#8211; Xunzel","isPartOf":{"@id":"https:\/\/www.xunzel.com\/store\/#website"},"primaryImageOfPage":{"@id":"https:\/\/www.xunzel.com\/store\/producto\/solpole-g\/#primaryimage"},"image":{"@id":"https:\/\/www.xunzel.com\/store\/producto\/solpole-g\/#primaryimage"},"thumbnailUrl":"https:\/\/www.xunzel.com\/store\/wp-content\/uploads\/2024\/12\/SOLPOLEG1-Panel-poste.jpg","datePublished":"2025-07-02T07:39:33+00:00","dateModified":"2025-07-02T09:56:44+00:00","breadcrumb":{"@id":"https:\/\/www.xunzel.com\/store\/producto\/solpole-g\/#breadcrumb"},"inLanguage":"es","potentialAction":[{"@type":"ReadAction","target":["https:\/\/www.xunzel.com\/store\/producto\/solpole-g\/"]}]},{"@type":"ImageObject","inLanguage":"es","@id":"https:\/\/www.xunzel.com\/store\/producto\/solpole-g\/#primaryimage","url":"https:\/\/www.xunzel.com\/store\/wp-content\/uploads\/2024\/12\/SOLPOLEG1-Panel-poste.jpg","contentUrl":"https:\/\/www.xunzel.com\/store\/wp-content\/uploads\/2024\/12\/SOLPOLEG1-Panel-poste.jpg","width":2000,"height":2000},{"@type":"BreadcrumbList","@id":"https:\/\/www.xunzel.com\/store\/producto\/solpole-g\/#breadcrumb","itemListElement":[{"@type":"ListItem","position":1,"name":"Portada","item":"https:\/\/www.xunzel.com\/store\/"},{"@type":"ListItem","position":2,"name":"Tienda","item":"https:\/\/www.xunzel.com\/store\/tienda\/"},{"@type":"ListItem","position":3,"name":"SOLPOLE-G"}]},{"@type":"WebSite","@id":"https:\/\/www.xunzel.com\/store\/#website","url":"https:\/\/www.xunzel.com\/store\/","name":"Xunzel","description":"Energy in a box - The Electric Revolution","publisher":{"@id":"https:\/\/www.xunzel.com\/store\/#organization"},"potentialAction":[{"@type":"SearchAction","target":{"@type":"EntryPoint","urlTemplate":"https:\/\/www.xunzel.com\/store\/?s={search_term_string}"},"query-input":{"@type":"PropertyValueSpecification","valueRequired":true,"valueName":"search_term_string"}}],"inLanguage":"es"},{"@type":"Organization","@id":"https:\/\/www.xunzel.com\/store\/#organization","name":"Xunzel","url":"https:\/\/www.xunzel.com\/store\/","logo":{"@type":"ImageObject","inLanguage":"es","@id":"https:\/\/www.xunzel.com\/store\/#\/schema\/logo\/image\/","url":"https:\/\/www.xunzel.com\/store\/wp-content\/uploads\/2021\/01\/logo-xunzel-footer.png","contentUrl":"https:\/\/www.xunzel.com\/store\/wp-content\/uploads\/2021\/01\/logo-xunzel-footer.png","width":280,"height":52,"caption":"Xunzel"},"image":{"@id":"https:\/\/www.xunzel.com\/store\/#\/schema\/logo\/image\/"}}]}},"_links":{"self":[{"href":"https:\/\/www.xunzel.com\/store\/wp-json\/wp\/v2\/product\/23226","targetHints":{"allow":["GET"]}}],"collection":[{"href":"https:\/\/www.xunzel.com\/store\/wp-json\/wp\/v2\/product"}],"about":[{"href":"https:\/\/www.xunzel.com\/store\/wp-json\/wp\/v2\/types\/product"}],"wp:featuredmedia":[{"embeddable":true,"href":"https:\/\/www.xunzel.com\/store\/wp-json\/wp\/v2\/media\/24573"}],"wp:attachment":[{"href":"https:\/\/www.xunzel.com\/store\/wp-json\/wp\/v2\/media?parent=23226"}],"wp:term":[{"taxonomy":"product_brand","embeddable":true,"href":"https:\/\/www.xunzel.com\/store\/wp-json\/wp\/v2\/product_brand?post=23226"},{"taxonomy":"product_cat","embeddable":true,"href":"https:\/\/www.xunzel.com\/store\/wp-json\/wp\/v2\/product_cat?post=23226"},{"taxonomy":"product_tag","embeddable":true,"href":"https:\/\/www.xunzel.com\/store\/wp-json\/wp\/v2\/product_tag?post=23226"}],"curies":[{"name":"wp","href":"https:\/\/api.w.org\/{rel}","templated":true}]}}