{"id":21817,"date":"2024-06-17T13:46:36","date_gmt":"2024-06-17T11:46:36","guid":{"rendered":"https:\/\/www.xunzel.com\/store\/?post_type=product&#038;p=21817"},"modified":"2026-01-28T09:27:01","modified_gmt":"2026-01-28T08:27:01","slug":"interruptor-de-transferencia-automatica","status":"publish","type":"product","link":"https:\/\/www.xunzel.com\/store\/producto\/interruptor-de-transferencia-automatica\/","title":{"rendered":"Interruptor de Transferencia Autom\u00e1tica"},"content":{"rendered":"<p>El <strong>Interruptor de Transferencia Autom\u00e1tica<\/strong> TSXJ-10 (2300 W &#8211; 10 A) conmuta de forma segura y autom\u00e1tica el suministro el\u00e9ctrico entre dos fuentes, desde la red el\u00e9ctrica principal o el generador hasta una fuente de alimentaci\u00f3n de reserva, garantizando una transici\u00f3n fluida entre fuentes de alimentaci\u00f3n.<\/p>\n<p>Garantiza que s\u00f3lo se suministre energ\u00eda de una fuente a la vez para evitar da\u00f1ar los equipos el\u00e9ctricos o crear situaciones peligrosas.<\/p>\n<p>TSXJ-10 es universal y puede utilizarse con todo tipo de inversores de onda sinusoidal pura de hasta 2000W, incluidos los inversores de onda sinusoidal pura \u00a0<a href=\"https:\/\/www.xunzel.com\/store\/categoria-producto\/inversores-cargadores\/xj-series-inversores\/\" target=\"_blank\" rel=\"noopener\"><strong>XJ\u2122 Series<\/strong><\/a> (400W, 500W, 600W, 1000W y 2000W).<\/p>\n<p>Plug&amp;Play, con sincronizaci\u00f3n de tensi\u00f3n, permite transferir la carga a otra fuente de CA al instante con un tiempo de conmutaci\u00f3n m\u00ednimo, de modo que los ordenadores y otros equipos electr\u00f3nicos seguir\u00e1n funcionando sin interrupci\u00f3n.<br \/>\nIdeal para cuando se accede a lugares alimentados por la red el\u00e9ctrica.<\/p>\n<p>F\u00e1cil de usar, el interruptor de transferencia TSXJ-10 tiene una entrada y una salida, transfiriendo autom\u00e1ticamente la corriente alterna disponible a la salida.<\/p>\n<p>Monof\u00e1sico, 2300W, 10A, 200-250Vac<\/p>\n","protected":false},"excerpt":{"rendered":"<p>El Interruptor de Transferencia TSXJ-10 (10A &#8211; 2300W) conmuta de forma segura y autom\u00e1tica el suministro el\u00e9ctrico entre dos fuentes, desde la red el\u00e9ctrica principal o el generador a una fuente de alimentaci\u00f3n de reserva.<\/p>\n<p>Con sincronizaci\u00f3n de tensi\u00f3n, garantiza que s\u00f3lo se suministre energ\u00eda de una fuente a la vez para evitar da\u00f1ar los equipos el\u00e9ctricos o crear situaciones peligrosas.<\/p>\n<p>Plug&amp;Play y universal, dise\u00f1ado y v\u00e1lido para todo tipo de inversores de onda senoidal pura de hasta 2000 W, incluidos los inversores de onda senoidal pura <a href=\"https:\/\/www.xunzel.com\/store\/categoria-producto\/inversores-cargadores\/xj-series-inversores\/\" target=\"_blank\" rel=\"noopener\"><strong>XJ\u2122 Series<\/strong><\/a>.<\/p>\n<p>&nbsp;<\/p>\n","protected":false},"featured_media":21818,"template":"","meta":{"_acf_changed":false},"product_brand":[],"product_cat":[124],"product_tag":[],"class_list":{"0":"post-21817","1":"product","2":"type-product","3":"status-publish","4":"has-post-thumbnail","6":"product_cat-xj-series-inversores","8":"first","9":"instock","10":"taxable","11":"shipping-taxable","12":"purchasable","13":"product-type-simple"},"acf":[],"yoast_head":"<!-- This site is optimized with the Yoast SEO plugin v25.4 - https:\/\/yoast.com\/wordpress\/plugins\/seo\/ -->\n<title>Interruptor de Transferencia Autom\u00e1tica &#8211; Xunzel<\/title>\n<meta name=\"robots\" content=\"index, follow, max-snippet:-1, max-image-preview:large, max-video-preview:-1\" \/>\n<link rel=\"canonical\" href=\"https:\/\/www.xunzel.com\/store\/producto\/interruptor-de-transferencia-automatica\/\" \/>\n<meta property=\"og:locale\" content=\"es_ES\" \/>\n<meta property=\"og:type\" content=\"article\" \/>\n<meta property=\"og:title\" content=\"Interruptor de Transferencia Autom\u00e1tica &#8211; Xunzel\" \/>\n<meta property=\"og:description\" content=\"El Interruptor de Transferencia TSXJ-10 (10A - 2300W) conmuta de forma segura y autom\u00e1tica el suministro el\u00e9ctrico entre dos fuentes, desde la red el\u00e9ctrica principal o el generador a una fuente de alimentaci\u00f3n de reserva.  Con sincronizaci\u00f3n de tensi\u00f3n, garantiza que s\u00f3lo se suministre energ\u00eda de una fuente a la vez para evitar da\u00f1ar los equipos el\u00e9ctricos o crear situaciones peligrosas.  Plug&amp;Play y universal, dise\u00f1ado y v\u00e1lido para todo tipo de inversores de onda senoidal pura de hasta 2000 W, incluidos los inversores de onda senoidal pura XJ\u2122 Series.  &nbsp;\" \/>\n<meta property=\"og:url\" content=\"https:\/\/www.xunzel.com\/store\/producto\/interruptor-de-transferencia-automatica\/\" \/>\n<meta property=\"og:site_name\" content=\"Xunzel\" \/>\n<meta property=\"article:modified_time\" content=\"2026-01-28T08:27:01+00:00\" \/>\n<meta property=\"og:image\" content=\"https:\/\/www.xunzel.com\/store\/wp-content\/uploads\/2024\/06\/TSXJ-10_w.jpg\" \/>\n\t<meta property=\"og:image:width\" content=\"2068\" \/>\n\t<meta property=\"og:image:height\" content=\"2068\" \/>\n\t<meta property=\"og:image:type\" content=\"image\/jpeg\" \/>\n<meta name=\"twitter:card\" content=\"summary_large_image\" \/>\n<meta name=\"twitter:label1\" content=\"Tiempo de lectura\" \/>\n\t<meta name=\"twitter:data1\" content=\"1 minuto\" \/>\n<script type=\"application\/ld+json\" class=\"yoast-schema-graph\">{\"@context\":\"https:\/\/schema.org\",\"@graph\":[{\"@type\":\"WebPage\",\"@id\":\"https:\/\/www.xunzel.com\/store\/producto\/interruptor-de-transferencia-automatica\/\",\"url\":\"https:\/\/www.xunzel.com\/store\/producto\/interruptor-de-transferencia-automatica\/\",\"name\":\"Interruptor de Transferencia Autom\u00e1tica &#8211; Xunzel\",\"isPartOf\":{\"@id\":\"https:\/\/www.xunzel.com\/store\/#website\"},\"primaryImageOfPage\":{\"@id\":\"https:\/\/www.xunzel.com\/store\/producto\/interruptor-de-transferencia-automatica\/#primaryimage\"},\"image\":{\"@id\":\"https:\/\/www.xunzel.com\/store\/producto\/interruptor-de-transferencia-automatica\/#primaryimage\"},\"thumbnailUrl\":\"https:\/\/www.xunzel.com\/store\/wp-content\/uploads\/2024\/06\/TSXJ-10_w.jpg\",\"datePublished\":\"2024-06-17T11:46:36+00:00\",\"dateModified\":\"2026-01-28T08:27:01+00:00\",\"breadcrumb\":{\"@id\":\"https:\/\/www.xunzel.com\/store\/producto\/interruptor-de-transferencia-automatica\/#breadcrumb\"},\"inLanguage\":\"es\",\"potentialAction\":[{\"@type\":\"ReadAction\",\"target\":[\"https:\/\/www.xunzel.com\/store\/producto\/interruptor-de-transferencia-automatica\/\"]}]},{\"@type\":\"ImageObject\",\"inLanguage\":\"es\",\"@id\":\"https:\/\/www.xunzel.com\/store\/producto\/interruptor-de-transferencia-automatica\/#primaryimage\",\"url\":\"https:\/\/www.xunzel.com\/store\/wp-content\/uploads\/2024\/06\/TSXJ-10_w.jpg\",\"contentUrl\":\"https:\/\/www.xunzel.com\/store\/wp-content\/uploads\/2024\/06\/TSXJ-10_w.jpg\",\"width\":2068,\"height\":2068},{\"@type\":\"BreadcrumbList\",\"@id\":\"https:\/\/www.xunzel.com\/store\/producto\/interruptor-de-transferencia-automatica\/#breadcrumb\",\"itemListElement\":[{\"@type\":\"ListItem\",\"position\":1,\"name\":\"Portada\",\"item\":\"https:\/\/www.xunzel.com\/store\/\"},{\"@type\":\"ListItem\",\"position\":2,\"name\":\"Tienda\",\"item\":\"https:\/\/www.xunzel.com\/store\/tienda\/\"},{\"@type\":\"ListItem\",\"position\":3,\"name\":\"Interruptor de Transferencia Autom\u00e1tica\"}]},{\"@type\":\"WebSite\",\"@id\":\"https:\/\/www.xunzel.com\/store\/#website\",\"url\":\"https:\/\/www.xunzel.com\/store\/\",\"name\":\"Xunzel\",\"description\":\"Energy in a box - The Electric Revolution\",\"publisher\":{\"@id\":\"https:\/\/www.xunzel.com\/store\/#organization\"},\"potentialAction\":[{\"@type\":\"SearchAction\",\"target\":{\"@type\":\"EntryPoint\",\"urlTemplate\":\"https:\/\/www.xunzel.com\/store\/?s={search_term_string}\"},\"query-input\":{\"@type\":\"PropertyValueSpecification\",\"valueRequired\":true,\"valueName\":\"search_term_string\"}}],\"inLanguage\":\"es\"},{\"@type\":\"Organization\",\"@id\":\"https:\/\/www.xunzel.com\/store\/#organization\",\"name\":\"Xunzel\",\"url\":\"https:\/\/www.xunzel.com\/store\/\",\"logo\":{\"@type\":\"ImageObject\",\"inLanguage\":\"es\",\"@id\":\"https:\/\/www.xunzel.com\/store\/#\/schema\/logo\/image\/\",\"url\":\"https:\/\/www.xunzel.com\/store\/wp-content\/uploads\/2021\/01\/logo-xunzel-footer.png\",\"contentUrl\":\"https:\/\/www.xunzel.com\/store\/wp-content\/uploads\/2021\/01\/logo-xunzel-footer.png\",\"width\":280,\"height\":52,\"caption\":\"Xunzel\"},\"image\":{\"@id\":\"https:\/\/www.xunzel.com\/store\/#\/schema\/logo\/image\/\"}}]}<\/script>\n<!-- \/ Yoast SEO plugin. -->","yoast_head_json":{"title":"Interruptor de Transferencia Autom\u00e1tica &#8211; Xunzel","robots":{"index":"index","follow":"follow","max-snippet":"max-snippet:-1","max-image-preview":"max-image-preview:large","max-video-preview":"max-video-preview:-1"},"canonical":"https:\/\/www.xunzel.com\/store\/producto\/interruptor-de-transferencia-automatica\/","og_locale":"es_ES","og_type":"article","og_title":"Interruptor de Transferencia Autom\u00e1tica &#8211; Xunzel","og_description":"El Interruptor de Transferencia TSXJ-10 (10A - 2300W) conmuta de forma segura y autom\u00e1tica el suministro el\u00e9ctrico entre dos fuentes, desde la red el\u00e9ctrica principal o el generador a una fuente de alimentaci\u00f3n de reserva.  Con sincronizaci\u00f3n de tensi\u00f3n, garantiza que s\u00f3lo se suministre energ\u00eda de una fuente a la vez para evitar da\u00f1ar los equipos el\u00e9ctricos o crear situaciones peligrosas.  Plug&amp;Play y universal, dise\u00f1ado y v\u00e1lido para todo tipo de inversores de onda senoidal pura de hasta 2000 W, incluidos los inversores de onda senoidal pura XJ\u2122 Series.  &nbsp;","og_url":"https:\/\/www.xunzel.com\/store\/producto\/interruptor-de-transferencia-automatica\/","og_site_name":"Xunzel","article_modified_time":"2026-01-28T08:27:01+00:00","og_image":[{"width":2068,"height":2068,"url":"https:\/\/www.xunzel.com\/store\/wp-content\/uploads\/2024\/06\/TSXJ-10_w.jpg","type":"image\/jpeg"}],"twitter_card":"summary_large_image","twitter_misc":{"Tiempo de lectura":"1 minuto"},"schema":{"@context":"https:\/\/schema.org","@graph":[{"@type":"WebPage","@id":"https:\/\/www.xunzel.com\/store\/producto\/interruptor-de-transferencia-automatica\/","url":"https:\/\/www.xunzel.com\/store\/producto\/interruptor-de-transferencia-automatica\/","name":"Interruptor de Transferencia Autom\u00e1tica &#8211; Xunzel","isPartOf":{"@id":"https:\/\/www.xunzel.com\/store\/#website"},"primaryImageOfPage":{"@id":"https:\/\/www.xunzel.com\/store\/producto\/interruptor-de-transferencia-automatica\/#primaryimage"},"image":{"@id":"https:\/\/www.xunzel.com\/store\/producto\/interruptor-de-transferencia-automatica\/#primaryimage"},"thumbnailUrl":"https:\/\/www.xunzel.com\/store\/wp-content\/uploads\/2024\/06\/TSXJ-10_w.jpg","datePublished":"2024-06-17T11:46:36+00:00","dateModified":"2026-01-28T08:27:01+00:00","breadcrumb":{"@id":"https:\/\/www.xunzel.com\/store\/producto\/interruptor-de-transferencia-automatica\/#breadcrumb"},"inLanguage":"es","potentialAction":[{"@type":"ReadAction","target":["https:\/\/www.xunzel.com\/store\/producto\/interruptor-de-transferencia-automatica\/"]}]},{"@type":"ImageObject","inLanguage":"es","@id":"https:\/\/www.xunzel.com\/store\/producto\/interruptor-de-transferencia-automatica\/#primaryimage","url":"https:\/\/www.xunzel.com\/store\/wp-content\/uploads\/2024\/06\/TSXJ-10_w.jpg","contentUrl":"https:\/\/www.xunzel.com\/store\/wp-content\/uploads\/2024\/06\/TSXJ-10_w.jpg","width":2068,"height":2068},{"@type":"BreadcrumbList","@id":"https:\/\/www.xunzel.com\/store\/producto\/interruptor-de-transferencia-automatica\/#breadcrumb","itemListElement":[{"@type":"ListItem","position":1,"name":"Portada","item":"https:\/\/www.xunzel.com\/store\/"},{"@type":"ListItem","position":2,"name":"Tienda","item":"https:\/\/www.xunzel.com\/store\/tienda\/"},{"@type":"ListItem","position":3,"name":"Interruptor de Transferencia Autom\u00e1tica"}]},{"@type":"WebSite","@id":"https:\/\/www.xunzel.com\/store\/#website","url":"https:\/\/www.xunzel.com\/store\/","name":"Xunzel","description":"Energy in a box - The Electric Revolution","publisher":{"@id":"https:\/\/www.xunzel.com\/store\/#organization"},"potentialAction":[{"@type":"SearchAction","target":{"@type":"EntryPoint","urlTemplate":"https:\/\/www.xunzel.com\/store\/?s={search_term_string}"},"query-input":{"@type":"PropertyValueSpecification","valueRequired":true,"valueName":"search_term_string"}}],"inLanguage":"es"},{"@type":"Organization","@id":"https:\/\/www.xunzel.com\/store\/#organization","name":"Xunzel","url":"https:\/\/www.xunzel.com\/store\/","logo":{"@type":"ImageObject","inLanguage":"es","@id":"https:\/\/www.xunzel.com\/store\/#\/schema\/logo\/image\/","url":"https:\/\/www.xunzel.com\/store\/wp-content\/uploads\/2021\/01\/logo-xunzel-footer.png","contentUrl":"https:\/\/www.xunzel.com\/store\/wp-content\/uploads\/2021\/01\/logo-xunzel-footer.png","width":280,"height":52,"caption":"Xunzel"},"image":{"@id":"https:\/\/www.xunzel.com\/store\/#\/schema\/logo\/image\/"}}]}},"_links":{"self":[{"href":"https:\/\/www.xunzel.com\/store\/wp-json\/wp\/v2\/product\/21817","targetHints":{"allow":["GET"]}}],"collection":[{"href":"https:\/\/www.xunzel.com\/store\/wp-json\/wp\/v2\/product"}],"about":[{"href":"https:\/\/www.xunzel.com\/store\/wp-json\/wp\/v2\/types\/product"}],"wp:featuredmedia":[{"embeddable":true,"href":"https:\/\/www.xunzel.com\/store\/wp-json\/wp\/v2\/media\/21818"}],"wp:attachment":[{"href":"https:\/\/www.xunzel.com\/store\/wp-json\/wp\/v2\/media?parent=21817"}],"wp:term":[{"taxonomy":"product_brand","embeddable":true,"href":"https:\/\/www.xunzel.com\/store\/wp-json\/wp\/v2\/product_brand?post=21817"},{"taxonomy":"product_cat","embeddable":true,"href":"https:\/\/www.xunzel.com\/store\/wp-json\/wp\/v2\/product_cat?post=21817"},{"taxonomy":"product_tag","embeddable":true,"href":"https:\/\/www.xunzel.com\/store\/wp-json\/wp\/v2\/product_tag?post=21817"}],"curies":[{"name":"wp","href":"https:\/\/api.w.org\/{rel}","templated":true}]}}