{"id":19433,"date":"2024-02-26T13:43:00","date_gmt":"2024-02-26T12:43:00","guid":{"rendered":"https:\/\/www.xunzel.com\/store\/?post_type=product&#038;p=19433"},"modified":"2026-03-06T12:18:55","modified_gmt":"2026-03-06T11:18:55","slug":"pack-zero-pz275","status":"publish","type":"product","link":"https:\/\/www.xunzel.com\/store\/producto\/pack-zero-pz275\/","title":{"rendered":"PACK ZERO+ PZ275"},"content":{"rendered":"<p>PACK ZERO+ PZ275 XUNZEL. Sistema Solar Completo listo para llevar y crear tu energ\u00eda. Soportes Incluidos.<br \/>\nIluminaci\u00f3n y electricidad donde t\u00fa quieras. Todo incluido. Listo para usar e instalar. Plug &amp; Play.<br \/>\nDise\u00f1ado para Electrificaci\u00f3n total hasta 5000W.<\/p>\n<p>Capacidad generaci\u00f3n media hasta 25kWh\/d\u00eda (10x panel <a href=\"https:\/\/www.xunzel.com\/store\/producto\/solarpower-on-perc-425w\/\" target=\"_blank\" rel=\"noopener\"><strong>SOLARPOWER-ON-425W<\/strong><\/a>).<br \/>\nCapacidad de generaci\u00f3n mensual de hasta 750kWh.<br \/>\nReducci\u00f3n emisiones CO2 media anual hasta 3.500kg.<br \/>\nPanel Solar de alta eficiencia. Dimensiones reducidas y optimizadas. 1754x1096x30mm.<\/p>\n<p>Capacidad bater\u00eda 4x <a href=\"https:\/\/www.xunzel.com\/store\/producto\/solarx-290\/\" target=\"_blank\" rel=\"noopener\"><strong>SOLARX-290<\/strong> <\/a>hasta 14000Wh.<br \/>\nBater\u00eda Solar de ciclo profundo, larga vida, sin mantenimiento, sellada y 100% segura.<br \/>\nCon potencia real permanente inversor\/cargador MPPT <a href=\"https:\/\/www.xunzel.com\/store\/wp-content\/uploads\/shared-files\/IXS-ON-XUNZEL-Series-ESP.pdf\" target=\"_blank\" rel=\"noopener\"><strong>IXS-ON-5000W<\/strong> <\/a>(Pico 10kW) salida 230V\/50Hz.<br \/>\nCon WIFI integrado para monitorizar tu sistema desde cualquier lugar.<br \/>\nEntrada adicional para generador y\/o red el\u00e9ctrica con arranque autom\u00e1tico.<\/p>\n<p>Incluido Soporte coplanar <a href=\"https:\/\/www.xunzel.com\/store\/categoria-producto\/sistemas-montaje\/\" target=\"_blank\" rel=\"noopener\"><strong>SOLTILE<\/strong><\/a>, cables, conectores universales <a href=\"https:\/\/www.xunzel.com\/store\/categoria-producto\/solarpower\/cables-conectores\/\" target=\"_blank\" rel=\"noopener\"><strong>XUNKLIK<\/strong><\/a>, protecciones fotovoltaicas <strong>PVGUARD<\/strong> y protecciones bater\u00eda <a href=\"https:\/\/www.xunzel.com\/store\/categoria-producto\/baterias\/control-protecciones\/\" target=\"_blank\" rel=\"noopener\"><strong>BATTGUARD + SWGUARD<\/strong><\/a>.<\/p>\n<p><span data-sheets-formula-bar-text-style=\"font-size:15px;color:#000000;font-weight:normal;text-decoration:none;font-family:''Arial'';font-style:normal;text-decoration-skip-ink:none;\">Accesorios XUNZEL opcionales no incluidos:<\/span><\/p>\n<ul>\n<li><span data-sheets-formula-bar-text-style=\"font-size:15px;color:#ff0000;font-weight:normal;text-decoration:none;font-family:''Arial'';font-style:normal;text-decoration-skip-ink:none;\">4x <\/span><a href=\"https:\/\/www.xunzel.com\/store\/producto\/tr1v120025x2\/\" target=\"_blank\" rel=\"noopener\"><strong>TR1V120025X2 <\/strong><\/a><span data-sheets-formula-bar-text-style=\"font-size:15px;color:#000000;font-weight:normal;text-decoration:none;font-family:''Arial'';font-style:normal;text-decoration-skip-ink:none;\">&#8211; Set triangulos para suelo\/cubierta plana<br \/>\n<\/span><\/li>\n<li><span data-sheets-formula-bar-text-style=\"font-size:15px;color:#ff0000;font-weight:normal;text-decoration:none;font-family:''Arial'';font-style:normal;text-decoration-skip-ink:none;\">5x <\/span><a href=\"https:\/\/www.xunzel.com\/store\/producto\/soltilefixm10\/\" target=\"_blank\" rel=\"noopener\"><strong>SOLTILEFIXM10 <\/strong><\/a><span data-sheets-formula-bar-text-style=\"font-size:15px;color:#000000;font-weight:normal;text-decoration:none;font-family:''Arial'';font-style:normal;text-decoration-skip-ink:none;\">&#8211; Sistema de anclaje tejados inclinados<br \/>\n<\/span><\/li>\n<\/ul>\n<p>Homologado. F\u00e1cilmente ampliable.<br \/>\nZERO problemas. Seguro, Fiable y sin mantenimiento.<\/p>\n","protected":false},"excerpt":{"rendered":"<p>Sistema Solar Completo con Soportes Incluidos PACK ZERO+ PZ275 XUNZEL. Dise\u00f1ado para Electrificaci\u00f3n Total hasta 5000W. Listo para conectar y usar. ZERO problemas. Seguro, Fiable y sin mantenimiento. Con inversor\/cargador MPPT <a href=\"https:\/\/www.xunzel.com\/store\/wp-content\/uploads\/shared-files\/IXS-ON-XUNZEL-Series-ESP.pdf\" target=\"_blank\" rel=\"noopener\"><strong>IXS-ON-5000W<\/strong> <\/a>(Pico 10kW). Capacidad generaci\u00f3n media hasta 25kWh\/d\u00eda, 10x panel <a href=\"https:\/\/www.xunzel.com\/store\/producto\/solarpower-on-perc-425w\/\" target=\"_blank\" rel=\"noopener\"><strong>SOLARPOWER-ON-425W<\/strong><\/a> con dimensiones optimizadas. Capacidad bater\u00eda hasta 14000Wh. Bater\u00eda Solar 4x <a href=\"https:\/\/www.xunzel.com\/store\/producto\/solarx-290\/\" target=\"_blank\" rel=\"noopener\"><strong>SOLARX-290<\/strong><\/a> de ciclo profundo, larga vida, sin mantenimiento, sellada y 100% segura. Soporte coplanar <a href=\"https:\/\/www.xunzel.com\/store\/categoria-producto\/sistemas-montaje\/\" target=\"_blank\" rel=\"noopener\"><strong>SOLTILE<\/strong><\/a>, cables, conectores universales <a href=\"https:\/\/www.xunzel.com\/store\/categoria-producto\/solarpower\/cables-conectores\/\" target=\"_blank\" rel=\"noopener\"><strong>XUNKLIK<\/strong><\/a>, protecciones fotovoltaicas <strong>PVGUARD<\/strong> y protecciones bater\u00eda <a href=\"https:\/\/www.xunzel.com\/store\/categoria-producto\/baterias\/control-protecciones\/\" target=\"_blank\" rel=\"noopener\"><strong>BATTGUARD + SWGUARD<\/strong> <\/a>incluidas. Con WIFI integrado para monitorizar tu sistema desde cualquier lugar. Entrada adicional para generador y\/o red el\u00e9ctrica con arranque autom\u00e1tico. Equipos homologados. F\u00e1cilmente ampliable.<\/p>\n<p><span class=\"shared-files-shortcode-admin-list shared-files-shortcode-admin-list-file shared-files-shortcode-19381\" title=\"[shared_files file_id=19381]\">[shared_files file_id=19381]<\/span><\/p>\n","protected":false},"featured_media":19527,"template":"","meta":{"_acf_changed":false},"product_brand":[],"product_cat":[59],"product_tag":[],"class_list":{"0":"post-19433","1":"product","2":"type-product","3":"status-publish","4":"has-post-thumbnail","6":"product_cat-pack-zero","8":"first","9":"onbackorder","10":"taxable","11":"shipping-taxable","12":"purchasable","13":"product-type-simple"},"acf":[],"yoast_head":"<!-- This site is optimized with the Yoast SEO plugin v25.4 - https:\/\/yoast.com\/wordpress\/plugins\/seo\/ -->\n<title>PACK ZERO+ PZ275 &#8211; Xunzel<\/title>\n<meta name=\"description\" content=\"Kit Solar Completo 25kWh con Soportes Incluidos. Dise\u00f1ado para Electrificaci\u00f3n Total B\u00e1sica. Todo incluido. Plug &amp; Play. Seguro y Sin mantenimiento.\" \/>\n<meta name=\"robots\" content=\"index, follow, max-snippet:-1, max-image-preview:large, max-video-preview:-1\" \/>\n<link rel=\"canonical\" href=\"https:\/\/www.xunzel.com\/store\/producto\/pack-zero-pz275\/\" \/>\n<meta property=\"og:locale\" content=\"es_ES\" \/>\n<meta property=\"og:type\" content=\"article\" \/>\n<meta property=\"og:title\" content=\"PACK ZERO+ PZ275 &#8211; Xunzel\" \/>\n<meta property=\"og:description\" content=\"Kit Solar Completo 25kWh con Soportes Incluidos. Dise\u00f1ado para Electrificaci\u00f3n Total B\u00e1sica. Todo incluido. Plug &amp; Play. Seguro y Sin mantenimiento.\" \/>\n<meta property=\"og:url\" content=\"https:\/\/www.xunzel.com\/store\/producto\/pack-zero-pz275\/\" \/>\n<meta property=\"og:site_name\" content=\"Xunzel\" \/>\n<meta property=\"article:modified_time\" content=\"2026-03-06T11:18:55+00:00\" \/>\n<meta property=\"og:image\" content=\"https:\/\/www.xunzel.com\/store\/wp-content\/uploads\/2024\/02\/PACK-ZERO-PZ275.jpg\" \/>\n\t<meta property=\"og:image:width\" content=\"2250\" \/>\n\t<meta property=\"og:image:height\" content=\"2250\" \/>\n\t<meta property=\"og:image:type\" content=\"image\/jpeg\" \/>\n<meta name=\"twitter:card\" content=\"summary_large_image\" \/>\n<meta name=\"twitter:label1\" content=\"Tiempo de lectura\" \/>\n\t<meta name=\"twitter:data1\" content=\"1 minuto\" \/>\n<script type=\"application\/ld+json\" class=\"yoast-schema-graph\">{\"@context\":\"https:\/\/schema.org\",\"@graph\":[{\"@type\":\"WebPage\",\"@id\":\"https:\/\/www.xunzel.com\/store\/producto\/pack-zero-pz275\/\",\"url\":\"https:\/\/www.xunzel.com\/store\/producto\/pack-zero-pz275\/\",\"name\":\"PACK ZERO+ PZ275 &#8211; Xunzel\",\"isPartOf\":{\"@id\":\"https:\/\/www.xunzel.com\/store\/#website\"},\"primaryImageOfPage\":{\"@id\":\"https:\/\/www.xunzel.com\/store\/producto\/pack-zero-pz275\/#primaryimage\"},\"image\":{\"@id\":\"https:\/\/www.xunzel.com\/store\/producto\/pack-zero-pz275\/#primaryimage\"},\"thumbnailUrl\":\"https:\/\/www.xunzel.com\/store\/wp-content\/uploads\/2024\/02\/PACK-ZERO-PZ275.jpg\",\"datePublished\":\"2024-02-26T12:43:00+00:00\",\"dateModified\":\"2026-03-06T11:18:55+00:00\",\"description\":\"Kit Solar Completo 25kWh con Soportes Incluidos. Dise\u00f1ado para Electrificaci\u00f3n Total B\u00e1sica. Todo incluido. Plug & Play. Seguro y Sin mantenimiento.\",\"breadcrumb\":{\"@id\":\"https:\/\/www.xunzel.com\/store\/producto\/pack-zero-pz275\/#breadcrumb\"},\"inLanguage\":\"es\",\"potentialAction\":[{\"@type\":\"ReadAction\",\"target\":[\"https:\/\/www.xunzel.com\/store\/producto\/pack-zero-pz275\/\"]}]},{\"@type\":\"ImageObject\",\"inLanguage\":\"es\",\"@id\":\"https:\/\/www.xunzel.com\/store\/producto\/pack-zero-pz275\/#primaryimage\",\"url\":\"https:\/\/www.xunzel.com\/store\/wp-content\/uploads\/2024\/02\/PACK-ZERO-PZ275.jpg\",\"contentUrl\":\"https:\/\/www.xunzel.com\/store\/wp-content\/uploads\/2024\/02\/PACK-ZERO-PZ275.jpg\",\"width\":2250,\"height\":2250},{\"@type\":\"BreadcrumbList\",\"@id\":\"https:\/\/www.xunzel.com\/store\/producto\/pack-zero-pz275\/#breadcrumb\",\"itemListElement\":[{\"@type\":\"ListItem\",\"position\":1,\"name\":\"Portada\",\"item\":\"https:\/\/www.xunzel.com\/store\/\"},{\"@type\":\"ListItem\",\"position\":2,\"name\":\"Tienda\",\"item\":\"https:\/\/www.xunzel.com\/store\/tienda\/\"},{\"@type\":\"ListItem\",\"position\":3,\"name\":\"PACK ZERO+ PZ275\"}]},{\"@type\":\"WebSite\",\"@id\":\"https:\/\/www.xunzel.com\/store\/#website\",\"url\":\"https:\/\/www.xunzel.com\/store\/\",\"name\":\"Xunzel\",\"description\":\"Energy in a box - The Electric Revolution\",\"publisher\":{\"@id\":\"https:\/\/www.xunzel.com\/store\/#organization\"},\"potentialAction\":[{\"@type\":\"SearchAction\",\"target\":{\"@type\":\"EntryPoint\",\"urlTemplate\":\"https:\/\/www.xunzel.com\/store\/?s={search_term_string}\"},\"query-input\":{\"@type\":\"PropertyValueSpecification\",\"valueRequired\":true,\"valueName\":\"search_term_string\"}}],\"inLanguage\":\"es\"},{\"@type\":\"Organization\",\"@id\":\"https:\/\/www.xunzel.com\/store\/#organization\",\"name\":\"Xunzel\",\"url\":\"https:\/\/www.xunzel.com\/store\/\",\"logo\":{\"@type\":\"ImageObject\",\"inLanguage\":\"es\",\"@id\":\"https:\/\/www.xunzel.com\/store\/#\/schema\/logo\/image\/\",\"url\":\"https:\/\/www.xunzel.com\/store\/wp-content\/uploads\/2021\/01\/logo-xunzel-footer.png\",\"contentUrl\":\"https:\/\/www.xunzel.com\/store\/wp-content\/uploads\/2021\/01\/logo-xunzel-footer.png\",\"width\":280,\"height\":52,\"caption\":\"Xunzel\"},\"image\":{\"@id\":\"https:\/\/www.xunzel.com\/store\/#\/schema\/logo\/image\/\"}}]}<\/script>\n<!-- \/ Yoast SEO plugin. -->","yoast_head_json":{"title":"PACK ZERO+ PZ275 &#8211; Xunzel","description":"Kit Solar Completo 25kWh con Soportes Incluidos. Dise\u00f1ado para Electrificaci\u00f3n Total B\u00e1sica. Todo incluido. Plug & Play. Seguro y Sin mantenimiento.","robots":{"index":"index","follow":"follow","max-snippet":"max-snippet:-1","max-image-preview":"max-image-preview:large","max-video-preview":"max-video-preview:-1"},"canonical":"https:\/\/www.xunzel.com\/store\/producto\/pack-zero-pz275\/","og_locale":"es_ES","og_type":"article","og_title":"PACK ZERO+ PZ275 &#8211; Xunzel","og_description":"Kit Solar Completo 25kWh con Soportes Incluidos. Dise\u00f1ado para Electrificaci\u00f3n Total B\u00e1sica. Todo incluido. Plug & Play. Seguro y Sin mantenimiento.","og_url":"https:\/\/www.xunzel.com\/store\/producto\/pack-zero-pz275\/","og_site_name":"Xunzel","article_modified_time":"2026-03-06T11:18:55+00:00","og_image":[{"width":2250,"height":2250,"url":"https:\/\/www.xunzel.com\/store\/wp-content\/uploads\/2024\/02\/PACK-ZERO-PZ275.jpg","type":"image\/jpeg"}],"twitter_card":"summary_large_image","twitter_misc":{"Tiempo de lectura":"1 minuto"},"schema":{"@context":"https:\/\/schema.org","@graph":[{"@type":"WebPage","@id":"https:\/\/www.xunzel.com\/store\/producto\/pack-zero-pz275\/","url":"https:\/\/www.xunzel.com\/store\/producto\/pack-zero-pz275\/","name":"PACK ZERO+ PZ275 &#8211; Xunzel","isPartOf":{"@id":"https:\/\/www.xunzel.com\/store\/#website"},"primaryImageOfPage":{"@id":"https:\/\/www.xunzel.com\/store\/producto\/pack-zero-pz275\/#primaryimage"},"image":{"@id":"https:\/\/www.xunzel.com\/store\/producto\/pack-zero-pz275\/#primaryimage"},"thumbnailUrl":"https:\/\/www.xunzel.com\/store\/wp-content\/uploads\/2024\/02\/PACK-ZERO-PZ275.jpg","datePublished":"2024-02-26T12:43:00+00:00","dateModified":"2026-03-06T11:18:55+00:00","description":"Kit Solar Completo 25kWh con Soportes Incluidos. Dise\u00f1ado para Electrificaci\u00f3n Total B\u00e1sica. Todo incluido. Plug & Play. Seguro y Sin mantenimiento.","breadcrumb":{"@id":"https:\/\/www.xunzel.com\/store\/producto\/pack-zero-pz275\/#breadcrumb"},"inLanguage":"es","potentialAction":[{"@type":"ReadAction","target":["https:\/\/www.xunzel.com\/store\/producto\/pack-zero-pz275\/"]}]},{"@type":"ImageObject","inLanguage":"es","@id":"https:\/\/www.xunzel.com\/store\/producto\/pack-zero-pz275\/#primaryimage","url":"https:\/\/www.xunzel.com\/store\/wp-content\/uploads\/2024\/02\/PACK-ZERO-PZ275.jpg","contentUrl":"https:\/\/www.xunzel.com\/store\/wp-content\/uploads\/2024\/02\/PACK-ZERO-PZ275.jpg","width":2250,"height":2250},{"@type":"BreadcrumbList","@id":"https:\/\/www.xunzel.com\/store\/producto\/pack-zero-pz275\/#breadcrumb","itemListElement":[{"@type":"ListItem","position":1,"name":"Portada","item":"https:\/\/www.xunzel.com\/store\/"},{"@type":"ListItem","position":2,"name":"Tienda","item":"https:\/\/www.xunzel.com\/store\/tienda\/"},{"@type":"ListItem","position":3,"name":"PACK ZERO+ PZ275"}]},{"@type":"WebSite","@id":"https:\/\/www.xunzel.com\/store\/#website","url":"https:\/\/www.xunzel.com\/store\/","name":"Xunzel","description":"Energy in a box - The Electric Revolution","publisher":{"@id":"https:\/\/www.xunzel.com\/store\/#organization"},"potentialAction":[{"@type":"SearchAction","target":{"@type":"EntryPoint","urlTemplate":"https:\/\/www.xunzel.com\/store\/?s={search_term_string}"},"query-input":{"@type":"PropertyValueSpecification","valueRequired":true,"valueName":"search_term_string"}}],"inLanguage":"es"},{"@type":"Organization","@id":"https:\/\/www.xunzel.com\/store\/#organization","name":"Xunzel","url":"https:\/\/www.xunzel.com\/store\/","logo":{"@type":"ImageObject","inLanguage":"es","@id":"https:\/\/www.xunzel.com\/store\/#\/schema\/logo\/image\/","url":"https:\/\/www.xunzel.com\/store\/wp-content\/uploads\/2021\/01\/logo-xunzel-footer.png","contentUrl":"https:\/\/www.xunzel.com\/store\/wp-content\/uploads\/2021\/01\/logo-xunzel-footer.png","width":280,"height":52,"caption":"Xunzel"},"image":{"@id":"https:\/\/www.xunzel.com\/store\/#\/schema\/logo\/image\/"}}]}},"_links":{"self":[{"href":"https:\/\/www.xunzel.com\/store\/wp-json\/wp\/v2\/product\/19433","targetHints":{"allow":["GET"]}}],"collection":[{"href":"https:\/\/www.xunzel.com\/store\/wp-json\/wp\/v2\/product"}],"about":[{"href":"https:\/\/www.xunzel.com\/store\/wp-json\/wp\/v2\/types\/product"}],"wp:featuredmedia":[{"embeddable":true,"href":"https:\/\/www.xunzel.com\/store\/wp-json\/wp\/v2\/media\/19527"}],"wp:attachment":[{"href":"https:\/\/www.xunzel.com\/store\/wp-json\/wp\/v2\/media?parent=19433"}],"wp:term":[{"taxonomy":"product_brand","embeddable":true,"href":"https:\/\/www.xunzel.com\/store\/wp-json\/wp\/v2\/product_brand?post=19433"},{"taxonomy":"product_cat","embeddable":true,"href":"https:\/\/www.xunzel.com\/store\/wp-json\/wp\/v2\/product_cat?post=19433"},{"taxonomy":"product_tag","embeddable":true,"href":"https:\/\/www.xunzel.com\/store\/wp-json\/wp\/v2\/product_tag?post=19433"}],"curies":[{"name":"wp","href":"https:\/\/api.w.org\/{rel}","templated":true}]}}