{"id":19373,"date":"2024-02-23T11:05:56","date_gmt":"2024-02-23T10:05:56","guid":{"rendered":"https:\/\/www.xunzel.com\/store\/?post_type=product&#038;p=19373"},"modified":"2025-11-27T13:31:38","modified_gmt":"2025-11-27T12:31:38","slug":"pack-zero-pz011l","status":"publish","type":"product","link":"https:\/\/www.xunzel.com\/store\/producto\/pack-zero-pz011l\/","title":{"rendered":"PACK ZERO+ PZ011L"},"content":{"rendered":"<p>PACK ZERO+ PZ011L XUNZEL. Sistema Solar Completo listo para llevar y crear tu energ\u00eda. Soportes Incluidos.<br \/>\nIluminaci\u00f3n y electricidad donde t\u00fa quieras. Todo incluido. Listo para instalar y usar. Plug &amp; Play.<br \/>\nDise\u00f1ado para iluminaci\u00f3n LED y uso puntual de equipos electr\u00f3nicos y el\u00e9ctricos hasta 400W.<\/p>\n<p>Capacidad generaci\u00f3n media hasta 1300Wh\/d\u00eda (2x panel <a href=\"https:\/\/www.xunzel.com\/store\/producto\/solarpower-120w-12v\/\" target=\"_blank\" rel=\"noopener\"><strong>SOLARPOWER-120W<\/strong><\/a>).<br \/>\nCapacidad de generaci\u00f3n mensual de hasta 42kWh.<br \/>\nReducci\u00f3n emisiones CO2 media anual hasta 180kg.<br \/>\nPanel Solar de alta eficiencia y dimensiones optimizadas.<\/p>\n<p>Capacidad \u00fatil real bater\u00eda de litio <a href=\"https:\/\/www.xunzel.com\/store\/producto\/solarx-lithium-48-12\/\" target=\"_blank\" rel=\"noopener\"><strong>SOLARX-Lithium-48<\/strong><\/a> 512Wh.<br \/>\nBater\u00eda Solar Litio de alta duraci\u00f3n, sin mantenimiento, sellada y 100% segura.<br \/>\nCon potencia real permanente inversor onda pura<a href=\"https:\/\/www.xunzel.com\/store\/producto\/xj-400w-12v-handy\/\" target=\"_blank\" rel=\"noopener\"><strong> XJ-400W<\/strong><\/a> (Pico 800W) salida 230V\/50Hz.<br \/>\nCon 2x Salidas USB para carga 2.1A.<\/p>\n<p>Cargador solar alta eficiencia. Incluido Soporte coplanar <a href=\"https:\/\/www.xunzel.com\/store\/categoria-producto\/sistemas-montaje\/\" target=\"_blank\" rel=\"noopener\"><strong>SOLTILE<\/strong><\/a>, cables y protecciones bater\u00eda <a href=\"https:\/\/www.xunzel.com\/store\/categoria-producto\/baterias\/control-protecciones\/\" target=\"_blank\" rel=\"noopener\"><strong>BATTGUARD<\/strong><\/a>.<\/p>\n<p><span data-sheets-formula-bar-text-style=\"font-size:15px;color:#000000;font-weight:normal;text-decoration:none;font-family:''Arial'';font-style:normal;text-decoration-skip-ink:none;\">Accesorios XUNZEL opcionales no incluidos:<\/span><\/p>\n<ul>\n<li><span data-sheets-formula-bar-text-style=\"font-size:15px;color:#ff0000;font-weight:normal;text-decoration:none;font-family:''Arial'';font-style:normal;text-decoration-skip-ink:none;\">1x <\/span><a href=\"https:\/\/www.xunzel.com\/store\/producto\/tr1v120025x2\/\" target=\"_blank\" rel=\"noopener\"><strong>TR1V120025X2 <\/strong><\/a><span data-sheets-formula-bar-text-style=\"font-size:15px;color:#000000;font-weight:normal;text-decoration:none;font-family:''Arial'';font-style:normal;text-decoration-skip-ink:none;\">&#8211; Set triangulos para suelo\/cubierta plana<br \/>\n<\/span><\/li>\n<li><span data-sheets-formula-bar-text-style=\"font-size:15px;color:#ff0000;font-weight:normal;text-decoration:none;font-family:''Arial'';font-style:normal;text-decoration-skip-ink:none;\">1x <\/span><a href=\"https:\/\/www.xunzel.com\/store\/producto\/soltilefixm10\/\" target=\"_blank\" rel=\"noopener\"><strong>SOLTILEFIXM10 <\/strong><\/a><span data-sheets-formula-bar-text-style=\"font-size:15px;color:#000000;font-weight:normal;text-decoration:none;font-family:''Arial'';font-style:normal;text-decoration-skip-ink:none;\">&#8211; Sistema de anclaje tejados inclinados<\/span><\/li>\n<\/ul>\n<p>Homologado. F\u00e1cilmente ampliable.<br \/>\nZERO problemas. Seguro, Fiable y sin mantenimiento.<\/p>\n","protected":false},"excerpt":{"rendered":"<p>Sistema Solar Litio Completo con Soportes Incluidos PACK ZERO+ PZ011L XUNZEL. Dise\u00f1ado para iluminaci\u00f3n LED y uso puntual de equipos electr\u00f3nicos y el\u00e9ctricos hasta 400W. Listo para conectar y usar. ZERO problemas. Seguro, Fiable y sin mantenimiento. Salida USB para carga 2.1A. Con inversor onda pura <a href=\"https:\/\/www.xunzel.com\/store\/producto\/xj-400w-12v-handy\/\" target=\"_blank\" rel=\"noopener\"><strong>XJ-400W<\/strong> <\/a>(Pico 800W). Capacidad generaci\u00f3n media hasta 1300Wh\/d\u00eda, 2x panel <a href=\"https:\/\/www.xunzel.com\/store\/producto\/solarpower-120w-12v\/\" target=\"_blank\" rel=\"noopener\"><strong>SOLARPOWER-120W<\/strong><\/a>. Capacidad \u00fatil real bater\u00eda de litio 512Wh. Bater\u00eda Solar <a href=\"https:\/\/www.xunzel.com\/store\/producto\/solarx-lithium-48-12\/\" target=\"_blank\" rel=\"noopener\"><strong>SOLARX-Lithium-48<\/strong><\/a> de alta duraci\u00f3n, sin mantenimiento, sellada y 100% segura. Cargador solar <a href=\"https:\/\/www.xunzel.com\/store\/categoria-producto\/solarpower\/iscc-series-controladores\/\" target=\"_blank\" rel=\"noopener\"><strong>ISCC-LX<\/strong> <\/a>alta eficiencia y ultra-r\u00e1pido. Soporte coplanar <a href=\"https:\/\/www.xunzel.com\/store\/categoria-producto\/sistemas-montaje\/\" target=\"_blank\" rel=\"noopener\"><strong>SOLTILE<\/strong><\/a>, cables y protecciones bater\u00eda <a href=\"https:\/\/www.xunzel.com\/store\/categoria-producto\/baterias\/control-protecciones\/\" target=\"_blank\" rel=\"noopener\"><strong>BATTGUARD<\/strong> <\/a>incluidas. Equipos homologados. F\u00e1cilmente ampliable.<\/p>\n<p><span class=\"shared-files-shortcode-admin-list shared-files-shortcode-admin-list-file shared-files-shortcode-19348\" title=\"[shared_files file_id=19348]\"><span class=\"shared-files-shortcode-admin-list shared-files-shortcode-admin-list-file shared-files-shortcode-19374\" title=\"[shared_files file_id=19374]\">[shared_files file_id=19374]<\/span><\/span><\/p>\n","protected":false},"featured_media":19511,"template":"","meta":{"_acf_changed":false},"product_brand":[],"product_cat":[59],"product_tag":[],"class_list":{"0":"post-19373","1":"product","2":"type-product","3":"status-publish","4":"has-post-thumbnail","6":"product_cat-pack-zero","8":"first","9":"onbackorder","10":"taxable","11":"shipping-taxable","12":"purchasable","13":"product-type-simple"},"acf":[],"yoast_head":"<!-- This site is optimized with the Yoast SEO plugin v25.4 - https:\/\/yoast.com\/wordpress\/plugins\/seo\/ -->\n<title>PACK ZERO+ PZ011L &#8211; Xunzel<\/title>\n<meta name=\"description\" content=\"Kit Solar Litio Completo 1300Wh con Soportes Incluidos. Para Iluminaci\u00f3n LED y Equipos Electr\u00f3nicos. Todo incluido. Plug &amp; Play. Seguro y Sin mantenimiento.\" \/>\n<meta name=\"robots\" content=\"index, follow, max-snippet:-1, max-image-preview:large, max-video-preview:-1\" \/>\n<link rel=\"canonical\" href=\"https:\/\/www.xunzel.com\/store\/producto\/pack-zero-pz011l\/\" \/>\n<meta property=\"og:locale\" content=\"es_ES\" \/>\n<meta property=\"og:type\" content=\"article\" \/>\n<meta property=\"og:title\" content=\"PACK ZERO+ PZ011L &#8211; Xunzel\" \/>\n<meta property=\"og:description\" content=\"Kit Solar Litio Completo 1300Wh con Soportes Incluidos. Para Iluminaci\u00f3n LED y Equipos Electr\u00f3nicos. Todo incluido. Plug &amp; Play. Seguro y Sin mantenimiento.\" \/>\n<meta property=\"og:url\" content=\"https:\/\/www.xunzel.com\/store\/producto\/pack-zero-pz011l\/\" \/>\n<meta property=\"og:site_name\" content=\"Xunzel\" \/>\n<meta property=\"article:modified_time\" content=\"2025-11-27T12:31:38+00:00\" \/>\n<meta property=\"og:image\" content=\"https:\/\/www.xunzel.com\/store\/wp-content\/uploads\/2024\/02\/PACK-ZERO-PZ011L.jpg\" \/>\n\t<meta property=\"og:image:width\" content=\"2250\" \/>\n\t<meta property=\"og:image:height\" content=\"2250\" \/>\n\t<meta property=\"og:image:type\" content=\"image\/jpeg\" \/>\n<meta name=\"twitter:card\" content=\"summary_large_image\" \/>\n<meta name=\"twitter:label1\" content=\"Tiempo de lectura\" \/>\n\t<meta name=\"twitter:data1\" content=\"1 minuto\" \/>\n<script type=\"application\/ld+json\" class=\"yoast-schema-graph\">{\"@context\":\"https:\/\/schema.org\",\"@graph\":[{\"@type\":\"WebPage\",\"@id\":\"https:\/\/www.xunzel.com\/store\/producto\/pack-zero-pz011l\/\",\"url\":\"https:\/\/www.xunzel.com\/store\/producto\/pack-zero-pz011l\/\",\"name\":\"PACK ZERO+ PZ011L &#8211; Xunzel\",\"isPartOf\":{\"@id\":\"https:\/\/www.xunzel.com\/store\/#website\"},\"primaryImageOfPage\":{\"@id\":\"https:\/\/www.xunzel.com\/store\/producto\/pack-zero-pz011l\/#primaryimage\"},\"image\":{\"@id\":\"https:\/\/www.xunzel.com\/store\/producto\/pack-zero-pz011l\/#primaryimage\"},\"thumbnailUrl\":\"https:\/\/www.xunzel.com\/store\/wp-content\/uploads\/2024\/02\/PACK-ZERO-PZ011L.jpg\",\"datePublished\":\"2024-02-23T10:05:56+00:00\",\"dateModified\":\"2025-11-27T12:31:38+00:00\",\"description\":\"Kit Solar Litio Completo 1300Wh con Soportes Incluidos. Para Iluminaci\u00f3n LED y Equipos Electr\u00f3nicos. Todo incluido. Plug & Play. Seguro y Sin mantenimiento.\",\"breadcrumb\":{\"@id\":\"https:\/\/www.xunzel.com\/store\/producto\/pack-zero-pz011l\/#breadcrumb\"},\"inLanguage\":\"es\",\"potentialAction\":[{\"@type\":\"ReadAction\",\"target\":[\"https:\/\/www.xunzel.com\/store\/producto\/pack-zero-pz011l\/\"]}]},{\"@type\":\"ImageObject\",\"inLanguage\":\"es\",\"@id\":\"https:\/\/www.xunzel.com\/store\/producto\/pack-zero-pz011l\/#primaryimage\",\"url\":\"https:\/\/www.xunzel.com\/store\/wp-content\/uploads\/2024\/02\/PACK-ZERO-PZ011L.jpg\",\"contentUrl\":\"https:\/\/www.xunzel.com\/store\/wp-content\/uploads\/2024\/02\/PACK-ZERO-PZ011L.jpg\",\"width\":2250,\"height\":2250},{\"@type\":\"BreadcrumbList\",\"@id\":\"https:\/\/www.xunzel.com\/store\/producto\/pack-zero-pz011l\/#breadcrumb\",\"itemListElement\":[{\"@type\":\"ListItem\",\"position\":1,\"name\":\"Portada\",\"item\":\"https:\/\/www.xunzel.com\/store\/\"},{\"@type\":\"ListItem\",\"position\":2,\"name\":\"Tienda\",\"item\":\"https:\/\/www.xunzel.com\/store\/tienda\/\"},{\"@type\":\"ListItem\",\"position\":3,\"name\":\"PACK ZERO+ PZ011L\"}]},{\"@type\":\"WebSite\",\"@id\":\"https:\/\/www.xunzel.com\/store\/#website\",\"url\":\"https:\/\/www.xunzel.com\/store\/\",\"name\":\"Xunzel\",\"description\":\"Energy in a box - The Electric Revolution\",\"publisher\":{\"@id\":\"https:\/\/www.xunzel.com\/store\/#organization\"},\"potentialAction\":[{\"@type\":\"SearchAction\",\"target\":{\"@type\":\"EntryPoint\",\"urlTemplate\":\"https:\/\/www.xunzel.com\/store\/?s={search_term_string}\"},\"query-input\":{\"@type\":\"PropertyValueSpecification\",\"valueRequired\":true,\"valueName\":\"search_term_string\"}}],\"inLanguage\":\"es\"},{\"@type\":\"Organization\",\"@id\":\"https:\/\/www.xunzel.com\/store\/#organization\",\"name\":\"Xunzel\",\"url\":\"https:\/\/www.xunzel.com\/store\/\",\"logo\":{\"@type\":\"ImageObject\",\"inLanguage\":\"es\",\"@id\":\"https:\/\/www.xunzel.com\/store\/#\/schema\/logo\/image\/\",\"url\":\"https:\/\/www.xunzel.com\/store\/wp-content\/uploads\/2021\/01\/logo-xunzel-footer.png\",\"contentUrl\":\"https:\/\/www.xunzel.com\/store\/wp-content\/uploads\/2021\/01\/logo-xunzel-footer.png\",\"width\":280,\"height\":52,\"caption\":\"Xunzel\"},\"image\":{\"@id\":\"https:\/\/www.xunzel.com\/store\/#\/schema\/logo\/image\/\"}}]}<\/script>\n<!-- \/ Yoast SEO plugin. -->","yoast_head_json":{"title":"PACK ZERO+ PZ011L &#8211; Xunzel","description":"Kit Solar Litio Completo 1300Wh con Soportes Incluidos. Para Iluminaci\u00f3n LED y Equipos Electr\u00f3nicos. Todo incluido. Plug & Play. Seguro y Sin mantenimiento.","robots":{"index":"index","follow":"follow","max-snippet":"max-snippet:-1","max-image-preview":"max-image-preview:large","max-video-preview":"max-video-preview:-1"},"canonical":"https:\/\/www.xunzel.com\/store\/producto\/pack-zero-pz011l\/","og_locale":"es_ES","og_type":"article","og_title":"PACK ZERO+ PZ011L &#8211; Xunzel","og_description":"Kit Solar Litio Completo 1300Wh con Soportes Incluidos. Para Iluminaci\u00f3n LED y Equipos Electr\u00f3nicos. Todo incluido. Plug & Play. Seguro y Sin mantenimiento.","og_url":"https:\/\/www.xunzel.com\/store\/producto\/pack-zero-pz011l\/","og_site_name":"Xunzel","article_modified_time":"2025-11-27T12:31:38+00:00","og_image":[{"width":2250,"height":2250,"url":"https:\/\/www.xunzel.com\/store\/wp-content\/uploads\/2024\/02\/PACK-ZERO-PZ011L.jpg","type":"image\/jpeg"}],"twitter_card":"summary_large_image","twitter_misc":{"Tiempo de lectura":"1 minuto"},"schema":{"@context":"https:\/\/schema.org","@graph":[{"@type":"WebPage","@id":"https:\/\/www.xunzel.com\/store\/producto\/pack-zero-pz011l\/","url":"https:\/\/www.xunzel.com\/store\/producto\/pack-zero-pz011l\/","name":"PACK ZERO+ PZ011L &#8211; Xunzel","isPartOf":{"@id":"https:\/\/www.xunzel.com\/store\/#website"},"primaryImageOfPage":{"@id":"https:\/\/www.xunzel.com\/store\/producto\/pack-zero-pz011l\/#primaryimage"},"image":{"@id":"https:\/\/www.xunzel.com\/store\/producto\/pack-zero-pz011l\/#primaryimage"},"thumbnailUrl":"https:\/\/www.xunzel.com\/store\/wp-content\/uploads\/2024\/02\/PACK-ZERO-PZ011L.jpg","datePublished":"2024-02-23T10:05:56+00:00","dateModified":"2025-11-27T12:31:38+00:00","description":"Kit Solar Litio Completo 1300Wh con Soportes Incluidos. Para Iluminaci\u00f3n LED y Equipos Electr\u00f3nicos. Todo incluido. Plug & Play. Seguro y Sin mantenimiento.","breadcrumb":{"@id":"https:\/\/www.xunzel.com\/store\/producto\/pack-zero-pz011l\/#breadcrumb"},"inLanguage":"es","potentialAction":[{"@type":"ReadAction","target":["https:\/\/www.xunzel.com\/store\/producto\/pack-zero-pz011l\/"]}]},{"@type":"ImageObject","inLanguage":"es","@id":"https:\/\/www.xunzel.com\/store\/producto\/pack-zero-pz011l\/#primaryimage","url":"https:\/\/www.xunzel.com\/store\/wp-content\/uploads\/2024\/02\/PACK-ZERO-PZ011L.jpg","contentUrl":"https:\/\/www.xunzel.com\/store\/wp-content\/uploads\/2024\/02\/PACK-ZERO-PZ011L.jpg","width":2250,"height":2250},{"@type":"BreadcrumbList","@id":"https:\/\/www.xunzel.com\/store\/producto\/pack-zero-pz011l\/#breadcrumb","itemListElement":[{"@type":"ListItem","position":1,"name":"Portada","item":"https:\/\/www.xunzel.com\/store\/"},{"@type":"ListItem","position":2,"name":"Tienda","item":"https:\/\/www.xunzel.com\/store\/tienda\/"},{"@type":"ListItem","position":3,"name":"PACK ZERO+ PZ011L"}]},{"@type":"WebSite","@id":"https:\/\/www.xunzel.com\/store\/#website","url":"https:\/\/www.xunzel.com\/store\/","name":"Xunzel","description":"Energy in a box - The Electric Revolution","publisher":{"@id":"https:\/\/www.xunzel.com\/store\/#organization"},"potentialAction":[{"@type":"SearchAction","target":{"@type":"EntryPoint","urlTemplate":"https:\/\/www.xunzel.com\/store\/?s={search_term_string}"},"query-input":{"@type":"PropertyValueSpecification","valueRequired":true,"valueName":"search_term_string"}}],"inLanguage":"es"},{"@type":"Organization","@id":"https:\/\/www.xunzel.com\/store\/#organization","name":"Xunzel","url":"https:\/\/www.xunzel.com\/store\/","logo":{"@type":"ImageObject","inLanguage":"es","@id":"https:\/\/www.xunzel.com\/store\/#\/schema\/logo\/image\/","url":"https:\/\/www.xunzel.com\/store\/wp-content\/uploads\/2021\/01\/logo-xunzel-footer.png","contentUrl":"https:\/\/www.xunzel.com\/store\/wp-content\/uploads\/2021\/01\/logo-xunzel-footer.png","width":280,"height":52,"caption":"Xunzel"},"image":{"@id":"https:\/\/www.xunzel.com\/store\/#\/schema\/logo\/image\/"}}]}},"_links":{"self":[{"href":"https:\/\/www.xunzel.com\/store\/wp-json\/wp\/v2\/product\/19373","targetHints":{"allow":["GET"]}}],"collection":[{"href":"https:\/\/www.xunzel.com\/store\/wp-json\/wp\/v2\/product"}],"about":[{"href":"https:\/\/www.xunzel.com\/store\/wp-json\/wp\/v2\/types\/product"}],"wp:featuredmedia":[{"embeddable":true,"href":"https:\/\/www.xunzel.com\/store\/wp-json\/wp\/v2\/media\/19511"}],"wp:attachment":[{"href":"https:\/\/www.xunzel.com\/store\/wp-json\/wp\/v2\/media?parent=19373"}],"wp:term":[{"taxonomy":"product_brand","embeddable":true,"href":"https:\/\/www.xunzel.com\/store\/wp-json\/wp\/v2\/product_brand?post=19373"},{"taxonomy":"product_cat","embeddable":true,"href":"https:\/\/www.xunzel.com\/store\/wp-json\/wp\/v2\/product_cat?post=19373"},{"taxonomy":"product_tag","embeddable":true,"href":"https:\/\/www.xunzel.com\/store\/wp-json\/wp\/v2\/product_tag?post=19373"}],"curies":[{"name":"wp","href":"https:\/\/api.w.org\/{rel}","templated":true}]}}