{"id":16428,"date":"2023-04-21T14:20:55","date_gmt":"2023-04-21T12:20:55","guid":{"rendered":"https:\/\/www.xunzel.com\/store\/?post_type=product&#038;p=16428"},"modified":"2025-06-18T14:15:33","modified_gmt":"2025-06-18T12:15:33","slug":"microsolar-pro-7w-6v","status":"publish","type":"product","link":"https:\/\/www.xunzel.com\/store\/producto\/microsolar-pro-7w-6v\/","title":{"rendered":"MICROSOLAR-PRO 7W 6V"},"content":{"rendered":"<p>Peque\u00f1o panel solar flexible XUNZEL dise\u00f1ado con materiales de la m\u00e1xima calidad para ofrecer un rendimiento fiable y duradero.<br \/>\nEl panel solar fotovoltaico MICROSOLAR est\u00e1 fabricado con c\u00e9lulas de alta eficiencia. Robustos y listos para ser utilizados en todo tipo de aplicaciones, carga de bater\u00edas y alimentaci\u00f3n de tus aparatos electr\u00f3nicos.<\/p>\n<ul>\n<li>Dise\u00f1o flexible, sin marco, ligero y compacto. F\u00e1cil de integrar en su aplicaci\u00f3n. Con cable largo extraplano (3 mm) de 1.5m de longitud preinstalado.<\/li>\n<li>Especialmente dise\u00f1ado para carga de bater\u00edas de 6V con m\u00e1xima eficiencia y \u00f3ptimo desempe\u00f1o.<\/li>\n<li>Materiales de alta calidad. Resistente a los rayos UV y prueba de estanqueidad IPX7. Para todo tipo de condiciones clim\u00e1ticas.<\/li>\n<li>Adecuado para bater\u00edas recargables de plomo-\u00e1cido Pb, Ca, NiCd, NiMH y litio.<\/li>\n<li>F\u00e1cil de instalar. Con ojales (\u00d85 mm).<\/li>\n<li>100% probado.<\/li>\n<li>Fabricados con materiales extremadamente duraderos.<\/li>\n<li>C\u00e9lulas Solares Fotovoltaicas de Silicio Monocristalino de muy alta eficiencia.<\/li>\n<li>Ideal para IoT, IIoT, OoT, integraci\u00f3n dise\u00f1os electr\u00f3nica, monitorizaci\u00f3n, rob\u00f3tica, outdoor, automoci\u00f3n, m\u00f3vil, etc.<\/li>\n<\/ul>\n","protected":false},"excerpt":{"rendered":"<p>Panel fotovoltaico flexible MICROSOLAR 7W de muy alta eficiencia y optimo desempe\u00f1o.<br \/>\nExtraplanos (3mm), flexibles, compactos, ligeros y sin marco. F\u00e1cil de integran en su instalaci\u00f3n.<br \/>\nEspecialmente dise\u00f1ado para carga eficiente, estable y consistente de bater\u00edas de 6V en sistemas aislados y de respaldo.<br \/>\nIncluye 1.5 metros de cable solar plano preinstalado listo para conectar directamente al controlador de carga.<br \/>\nFabricado con materiales de muy alta calidad para ofrecer un rendimiento fiable y duradero. Resistente a los rayos UV y condiciones extremas. IP67. C\u00e9lulas solares de Silicio Monocristalino de muy alta eficiencia.<br \/>\nDimensiones optimizadas. 300x129x3mm<\/p>\n<p><span class=\"shared-files-shortcode-admin-list shared-files-shortcode-admin-list-file shared-files-shortcode-20057\" title=\"[shared_files file_id=20057]\">[shared_files file_id=20057]<\/span><\/p>\n","protected":false},"featured_media":19020,"template":"","meta":{"_acf_changed":false},"product_brand":[],"product_cat":[103],"product_tag":[],"class_list":{"0":"post-16428","1":"product","2":"type-product","3":"status-publish","4":"has-post-thumbnail","6":"product_cat-microsolar-panel-series","8":"first","9":"instock","10":"taxable","11":"shipping-taxable","12":"purchasable","13":"product-type-simple"},"acf":[],"yoast_head":"<!-- This site is optimized with the Yoast SEO plugin v25.4 - https:\/\/yoast.com\/wordpress\/plugins\/seo\/ -->\n<title>MICROSOLAR-PRO 7W 6V &#8211; Xunzel<\/title>\n<meta name=\"robots\" content=\"index, follow, max-snippet:-1, max-image-preview:large, max-video-preview:-1\" \/>\n<link rel=\"canonical\" href=\"https:\/\/www.xunzel.com\/store\/producto\/microsolar-pro-7w-6v\/\" \/>\n<meta property=\"og:locale\" content=\"es_ES\" \/>\n<meta property=\"og:type\" content=\"article\" \/>\n<meta property=\"og:title\" content=\"MICROSOLAR-PRO 7W 6V &#8211; Xunzel\" \/>\n<meta property=\"og:description\" content=\"Panel fotovoltaico flexible MICROSOLAR 7W de muy alta eficiencia y optimo desempe\u00f1o. Extraplanos (3mm), flexibles, compactos, ligeros y sin marco. F\u00e1cil de integran en su instalaci\u00f3n. Especialmente dise\u00f1ado para carga eficiente, estable y consistente de bater\u00edas de 6V en sistemas aislados y de respaldo. Incluye 1.5 metros de cable solar plano preinstalado listo para conectar directamente al controlador de carga. Fabricado con materiales de muy alta calidad para ofrecer un rendimiento fiable y duradero. Resistente a los rayos UV y condiciones extremas. IP67. C\u00e9lulas solares de Silicio Monocristalino de muy alta eficiencia. Dimensiones optimizadas. 300x129x3mm\" \/>\n<meta property=\"og:url\" content=\"https:\/\/www.xunzel.com\/store\/producto\/microsolar-pro-7w-6v\/\" \/>\n<meta property=\"og:site_name\" content=\"Xunzel\" \/>\n<meta property=\"article:modified_time\" content=\"2025-06-18T12:15:33+00:00\" \/>\n<meta property=\"og:image\" content=\"https:\/\/www.xunzel.com\/store\/wp-content\/uploads\/2024\/01\/MICROSOLAR-7W-2.jpg\" \/>\n\t<meta property=\"og:image:width\" content=\"2200\" \/>\n\t<meta property=\"og:image:height\" content=\"2200\" \/>\n\t<meta property=\"og:image:type\" content=\"image\/jpeg\" \/>\n<meta name=\"twitter:card\" content=\"summary_large_image\" \/>\n<meta name=\"twitter:label1\" content=\"Tiempo de lectura\" \/>\n\t<meta name=\"twitter:data1\" content=\"1 minuto\" \/>\n<script type=\"application\/ld+json\" class=\"yoast-schema-graph\">{\"@context\":\"https:\/\/schema.org\",\"@graph\":[{\"@type\":\"WebPage\",\"@id\":\"https:\/\/www.xunzel.com\/store\/producto\/microsolar-pro-7w-6v\/\",\"url\":\"https:\/\/www.xunzel.com\/store\/producto\/microsolar-pro-7w-6v\/\",\"name\":\"MICROSOLAR-PRO 7W 6V &#8211; Xunzel\",\"isPartOf\":{\"@id\":\"https:\/\/www.xunzel.com\/store\/#website\"},\"primaryImageOfPage\":{\"@id\":\"https:\/\/www.xunzel.com\/store\/producto\/microsolar-pro-7w-6v\/#primaryimage\"},\"image\":{\"@id\":\"https:\/\/www.xunzel.com\/store\/producto\/microsolar-pro-7w-6v\/#primaryimage\"},\"thumbnailUrl\":\"https:\/\/www.xunzel.com\/store\/wp-content\/uploads\/2024\/01\/MICROSOLAR-7W-2.jpg\",\"datePublished\":\"2023-04-21T12:20:55+00:00\",\"dateModified\":\"2025-06-18T12:15:33+00:00\",\"breadcrumb\":{\"@id\":\"https:\/\/www.xunzel.com\/store\/producto\/microsolar-pro-7w-6v\/#breadcrumb\"},\"inLanguage\":\"es\",\"potentialAction\":[{\"@type\":\"ReadAction\",\"target\":[\"https:\/\/www.xunzel.com\/store\/producto\/microsolar-pro-7w-6v\/\"]}]},{\"@type\":\"ImageObject\",\"inLanguage\":\"es\",\"@id\":\"https:\/\/www.xunzel.com\/store\/producto\/microsolar-pro-7w-6v\/#primaryimage\",\"url\":\"https:\/\/www.xunzel.com\/store\/wp-content\/uploads\/2024\/01\/MICROSOLAR-7W-2.jpg\",\"contentUrl\":\"https:\/\/www.xunzel.com\/store\/wp-content\/uploads\/2024\/01\/MICROSOLAR-7W-2.jpg\",\"width\":2200,\"height\":2200},{\"@type\":\"BreadcrumbList\",\"@id\":\"https:\/\/www.xunzel.com\/store\/producto\/microsolar-pro-7w-6v\/#breadcrumb\",\"itemListElement\":[{\"@type\":\"ListItem\",\"position\":1,\"name\":\"Portada\",\"item\":\"https:\/\/www.xunzel.com\/store\/\"},{\"@type\":\"ListItem\",\"position\":2,\"name\":\"Tienda\",\"item\":\"https:\/\/www.xunzel.com\/store\/tienda\/\"},{\"@type\":\"ListItem\",\"position\":3,\"name\":\"MICROSOLAR-PRO 7W 6V\"}]},{\"@type\":\"WebSite\",\"@id\":\"https:\/\/www.xunzel.com\/store\/#website\",\"url\":\"https:\/\/www.xunzel.com\/store\/\",\"name\":\"Xunzel\",\"description\":\"Energy in a box - The Electric Revolution\",\"publisher\":{\"@id\":\"https:\/\/www.xunzel.com\/store\/#organization\"},\"potentialAction\":[{\"@type\":\"SearchAction\",\"target\":{\"@type\":\"EntryPoint\",\"urlTemplate\":\"https:\/\/www.xunzel.com\/store\/?s={search_term_string}\"},\"query-input\":{\"@type\":\"PropertyValueSpecification\",\"valueRequired\":true,\"valueName\":\"search_term_string\"}}],\"inLanguage\":\"es\"},{\"@type\":\"Organization\",\"@id\":\"https:\/\/www.xunzel.com\/store\/#organization\",\"name\":\"Xunzel\",\"url\":\"https:\/\/www.xunzel.com\/store\/\",\"logo\":{\"@type\":\"ImageObject\",\"inLanguage\":\"es\",\"@id\":\"https:\/\/www.xunzel.com\/store\/#\/schema\/logo\/image\/\",\"url\":\"https:\/\/www.xunzel.com\/store\/wp-content\/uploads\/2021\/01\/logo-xunzel-footer.png\",\"contentUrl\":\"https:\/\/www.xunzel.com\/store\/wp-content\/uploads\/2021\/01\/logo-xunzel-footer.png\",\"width\":280,\"height\":52,\"caption\":\"Xunzel\"},\"image\":{\"@id\":\"https:\/\/www.xunzel.com\/store\/#\/schema\/logo\/image\/\"}}]}<\/script>\n<!-- \/ Yoast SEO plugin. -->","yoast_head_json":{"title":"MICROSOLAR-PRO 7W 6V &#8211; Xunzel","robots":{"index":"index","follow":"follow","max-snippet":"max-snippet:-1","max-image-preview":"max-image-preview:large","max-video-preview":"max-video-preview:-1"},"canonical":"https:\/\/www.xunzel.com\/store\/producto\/microsolar-pro-7w-6v\/","og_locale":"es_ES","og_type":"article","og_title":"MICROSOLAR-PRO 7W 6V &#8211; Xunzel","og_description":"Panel fotovoltaico flexible MICROSOLAR 7W de muy alta eficiencia y optimo desempe\u00f1o. Extraplanos (3mm), flexibles, compactos, ligeros y sin marco. F\u00e1cil de integran en su instalaci\u00f3n. Especialmente dise\u00f1ado para carga eficiente, estable y consistente de bater\u00edas de 6V en sistemas aislados y de respaldo. Incluye 1.5 metros de cable solar plano preinstalado listo para conectar directamente al controlador de carga. Fabricado con materiales de muy alta calidad para ofrecer un rendimiento fiable y duradero. Resistente a los rayos UV y condiciones extremas. IP67. C\u00e9lulas solares de Silicio Monocristalino de muy alta eficiencia. Dimensiones optimizadas. 300x129x3mm","og_url":"https:\/\/www.xunzel.com\/store\/producto\/microsolar-pro-7w-6v\/","og_site_name":"Xunzel","article_modified_time":"2025-06-18T12:15:33+00:00","og_image":[{"width":2200,"height":2200,"url":"https:\/\/www.xunzel.com\/store\/wp-content\/uploads\/2024\/01\/MICROSOLAR-7W-2.jpg","type":"image\/jpeg"}],"twitter_card":"summary_large_image","twitter_misc":{"Tiempo de lectura":"1 minuto"},"schema":{"@context":"https:\/\/schema.org","@graph":[{"@type":"WebPage","@id":"https:\/\/www.xunzel.com\/store\/producto\/microsolar-pro-7w-6v\/","url":"https:\/\/www.xunzel.com\/store\/producto\/microsolar-pro-7w-6v\/","name":"MICROSOLAR-PRO 7W 6V &#8211; Xunzel","isPartOf":{"@id":"https:\/\/www.xunzel.com\/store\/#website"},"primaryImageOfPage":{"@id":"https:\/\/www.xunzel.com\/store\/producto\/microsolar-pro-7w-6v\/#primaryimage"},"image":{"@id":"https:\/\/www.xunzel.com\/store\/producto\/microsolar-pro-7w-6v\/#primaryimage"},"thumbnailUrl":"https:\/\/www.xunzel.com\/store\/wp-content\/uploads\/2024\/01\/MICROSOLAR-7W-2.jpg","datePublished":"2023-04-21T12:20:55+00:00","dateModified":"2025-06-18T12:15:33+00:00","breadcrumb":{"@id":"https:\/\/www.xunzel.com\/store\/producto\/microsolar-pro-7w-6v\/#breadcrumb"},"inLanguage":"es","potentialAction":[{"@type":"ReadAction","target":["https:\/\/www.xunzel.com\/store\/producto\/microsolar-pro-7w-6v\/"]}]},{"@type":"ImageObject","inLanguage":"es","@id":"https:\/\/www.xunzel.com\/store\/producto\/microsolar-pro-7w-6v\/#primaryimage","url":"https:\/\/www.xunzel.com\/store\/wp-content\/uploads\/2024\/01\/MICROSOLAR-7W-2.jpg","contentUrl":"https:\/\/www.xunzel.com\/store\/wp-content\/uploads\/2024\/01\/MICROSOLAR-7W-2.jpg","width":2200,"height":2200},{"@type":"BreadcrumbList","@id":"https:\/\/www.xunzel.com\/store\/producto\/microsolar-pro-7w-6v\/#breadcrumb","itemListElement":[{"@type":"ListItem","position":1,"name":"Portada","item":"https:\/\/www.xunzel.com\/store\/"},{"@type":"ListItem","position":2,"name":"Tienda","item":"https:\/\/www.xunzel.com\/store\/tienda\/"},{"@type":"ListItem","position":3,"name":"MICROSOLAR-PRO 7W 6V"}]},{"@type":"WebSite","@id":"https:\/\/www.xunzel.com\/store\/#website","url":"https:\/\/www.xunzel.com\/store\/","name":"Xunzel","description":"Energy in a box - The Electric Revolution","publisher":{"@id":"https:\/\/www.xunzel.com\/store\/#organization"},"potentialAction":[{"@type":"SearchAction","target":{"@type":"EntryPoint","urlTemplate":"https:\/\/www.xunzel.com\/store\/?s={search_term_string}"},"query-input":{"@type":"PropertyValueSpecification","valueRequired":true,"valueName":"search_term_string"}}],"inLanguage":"es"},{"@type":"Organization","@id":"https:\/\/www.xunzel.com\/store\/#organization","name":"Xunzel","url":"https:\/\/www.xunzel.com\/store\/","logo":{"@type":"ImageObject","inLanguage":"es","@id":"https:\/\/www.xunzel.com\/store\/#\/schema\/logo\/image\/","url":"https:\/\/www.xunzel.com\/store\/wp-content\/uploads\/2021\/01\/logo-xunzel-footer.png","contentUrl":"https:\/\/www.xunzel.com\/store\/wp-content\/uploads\/2021\/01\/logo-xunzel-footer.png","width":280,"height":52,"caption":"Xunzel"},"image":{"@id":"https:\/\/www.xunzel.com\/store\/#\/schema\/logo\/image\/"}}]}},"_links":{"self":[{"href":"https:\/\/www.xunzel.com\/store\/wp-json\/wp\/v2\/product\/16428","targetHints":{"allow":["GET"]}}],"collection":[{"href":"https:\/\/www.xunzel.com\/store\/wp-json\/wp\/v2\/product"}],"about":[{"href":"https:\/\/www.xunzel.com\/store\/wp-json\/wp\/v2\/types\/product"}],"wp:featuredmedia":[{"embeddable":true,"href":"https:\/\/www.xunzel.com\/store\/wp-json\/wp\/v2\/media\/19020"}],"wp:attachment":[{"href":"https:\/\/www.xunzel.com\/store\/wp-json\/wp\/v2\/media?parent=16428"}],"wp:term":[{"taxonomy":"product_brand","embeddable":true,"href":"https:\/\/www.xunzel.com\/store\/wp-json\/wp\/v2\/product_brand?post=16428"},{"taxonomy":"product_cat","embeddable":true,"href":"https:\/\/www.xunzel.com\/store\/wp-json\/wp\/v2\/product_cat?post=16428"},{"taxonomy":"product_tag","embeddable":true,"href":"https:\/\/www.xunzel.com\/store\/wp-json\/wp\/v2\/product_tag?post=16428"}],"curies":[{"name":"wp","href":"https:\/\/api.w.org\/{rel}","templated":true}]}}