{"id":14652,"date":"2023-02-02T13:44:45","date_gmt":"2023-02-02T12:44:45","guid":{"rendered":"https:\/\/www.xunzel.com\/store\/?post_type=product&#038;p=14652"},"modified":"2025-06-18T15:43:41","modified_gmt":"2025-06-18T13:43:41","slug":"32x-solarpower-on-425w","status":"publish","type":"product","link":"https:\/\/www.xunzel.com\/store\/producto\/32x-solarpower-on-425w\/","title":{"rendered":"32x SOLARPOWER-ON 425W"},"content":{"rendered":"<p>Panel solar fotovoltaico 425W de muy alta eficiencia y rendimiento.<br \/>\nEspecialmente dise\u00f1ado tanto para instalaciones conectadas a red como para carga eficiente de bater\u00edas recargables en sistemas aislados y de respaldo.<br \/>\nIncluye cable solar preinstalado listo para conectar directamente al controlador de carga. Garant\u00eda, seguridad y ahorro de tiempo en la instalaci\u00f3n.<br \/>\nFabricado con materiales de muy alta calidad. Dise\u00f1o duradero y resistente a la corrosi\u00f3n y condiciones m\u00e1s extremas. IP67.<br \/>\nC\u00e9lulas solares SOLARPOWER XUNZEL muy alta eficiencia (&gt;23%). Marco de aluminio anodizado y conformado en frio con muy alta resistencia mec\u00e1nica y resistente a la corrosi\u00f3n. Vidrio frontal especial solar y templado, resistente al granizo y m\u00e1xima seguridad.<br \/>\nDimensiones reducidas y optimizadas. Marco fino de 30mm.<br \/>\nMuy baja tensi\u00f3n. Seguro. Clase II.<br \/>\nPanel dise\u00f1ado para generar m\u00e1s de 25 a\u00f1os (rendimiento lineal).<\/p>\n<p>XUNZEL dise\u00f1a y fabrica sus paneles solares de manera que:<\/p>\n<ul>\n<li>Son resistentes al sombreado y el fen\u00f3meno &#8220;Hot-Spot&#8221; (gracias a sus diodos de bypass integrados). Mayor generaci\u00f3n.<\/li>\n<li>Est\u00e1n libres de &#8220;micro-cracks&#8221;. Paneles 100% verificados.<\/li>\n<li>Est\u00e1n libres de &#8220;snail-trail&#8221; gracias a la excelente calidad del encapsulante y proceso de fabricaci\u00f3n libre de impurezas.<\/li>\n<li>Est\u00e1n libres del efecto PID (Potential Induced Degradation).<\/li>\n<li>Est\u00e1n libres de contaminaci\u00f3n interna y su posible delaminaci\u00f3n.<\/li>\n<li>Son resistentes a la corrosi\u00f3n (en ambientes marinos, amonio, arena y polvo).<\/li>\n<\/ul>\n<p>Panel solar fotovoltaico fabricado de acuerdo con los est\u00e1ndares IEC 61215:2016 y IEC 61730:2016.<\/p>\n","protected":false},"excerpt":{"rendered":"<p>Pallet 32 unidades de Paneles solares fotovoltaicos 425W de muy alta eficiencia y rendimiento, m\u00e1s peque\u00f1os y ligeros.<br \/>\nC\u00e9lulas solares SOLARPOWER XUNZEL muy alta eficiencia (&gt;23%). Generaci\u00f3n estable y consistente.<br \/>\nEspecialmente dise\u00f1ado tanto para instalaciones conectadas a red como para carga eficiente de bater\u00edas recargables en sistemas aislados y de respaldo.<br \/>\nIncluye cable solar preinstalado con conectores universales listo para conectar directamente. Garant\u00eda y ahorro de tiempo en la instalaci\u00f3n.<br \/>\nDimensiones reducidas y optimizadas. 1754x1096x30mm.<\/p>\n<p><span class=\"shared-files-shortcode-admin-list shared-files-shortcode-admin-list-file shared-files-shortcode-15642\" title=\"[shared_files file_id=15642]\">[shared_files file_id=15642]<\/span><\/p>\n","protected":false},"featured_media":20307,"template":"","meta":{"_acf_changed":false},"product_brand":[],"product_cat":[94],"product_tag":[],"class_list":{"0":"post-14652","1":"product","2":"type-product","3":"status-publish","4":"has-post-thumbnail","6":"product_cat-solarpower-on-series","8":"first","9":"instock","10":"taxable","11":"shipping-taxable","12":"purchasable","13":"product-type-simple"},"acf":[],"yoast_head":"<!-- This site is optimized with the Yoast SEO plugin v25.4 - https:\/\/yoast.com\/wordpress\/plugins\/seo\/ -->\n<title>32x SOLARPOWER-ON 425W &#8211; Xunzel<\/title>\n<meta name=\"robots\" content=\"index, follow, max-snippet:-1, max-image-preview:large, max-video-preview:-1\" \/>\n<link rel=\"canonical\" href=\"https:\/\/www.xunzel.com\/store\/producto\/32x-solarpower-on-425w\/\" \/>\n<meta property=\"og:locale\" content=\"es_ES\" \/>\n<meta property=\"og:type\" content=\"article\" \/>\n<meta property=\"og:title\" content=\"32x SOLARPOWER-ON 425W &#8211; Xunzel\" \/>\n<meta property=\"og:description\" content=\"Pallet 32 unidades de Paneles solares fotovoltaicos 425W de muy alta eficiencia y rendimiento, m\u00e1s peque\u00f1os y ligeros. C\u00e9lulas solares SOLARPOWER XUNZEL muy alta eficiencia (&gt;23%). Generaci\u00f3n estable y consistente. Especialmente dise\u00f1ado tanto para instalaciones conectadas a red como para carga eficiente de bater\u00edas recargables en sistemas aislados y de respaldo. Incluye cable solar preinstalado con conectores universales listo para conectar directamente. Garant\u00eda y ahorro de tiempo en la instalaci\u00f3n. Dimensiones reducidas y optimizadas. 1754x1096x30mm.\" \/>\n<meta property=\"og:url\" content=\"https:\/\/www.xunzel.com\/store\/producto\/32x-solarpower-on-425w\/\" \/>\n<meta property=\"og:site_name\" content=\"Xunzel\" \/>\n<meta property=\"article:modified_time\" content=\"2025-06-18T13:43:41+00:00\" \/>\n<meta property=\"og:image\" content=\"https:\/\/www.xunzel.com\/store\/wp-content\/uploads\/2023\/02\/SOLARPOWER-425Wcaja-pallet.jpg\" \/>\n\t<meta property=\"og:image:width\" content=\"2000\" \/>\n\t<meta property=\"og:image:height\" content=\"2000\" \/>\n\t<meta property=\"og:image:type\" content=\"image\/jpeg\" \/>\n<meta name=\"twitter:card\" content=\"summary_large_image\" \/>\n<meta name=\"twitter:label1\" content=\"Tiempo de lectura\" \/>\n\t<meta name=\"twitter:data1\" content=\"2 minutos\" \/>\n<script type=\"application\/ld+json\" class=\"yoast-schema-graph\">{\"@context\":\"https:\/\/schema.org\",\"@graph\":[{\"@type\":\"WebPage\",\"@id\":\"https:\/\/www.xunzel.com\/store\/producto\/32x-solarpower-on-425w\/\",\"url\":\"https:\/\/www.xunzel.com\/store\/producto\/32x-solarpower-on-425w\/\",\"name\":\"32x SOLARPOWER-ON 425W &#8211; Xunzel\",\"isPartOf\":{\"@id\":\"https:\/\/www.xunzel.com\/store\/#website\"},\"primaryImageOfPage\":{\"@id\":\"https:\/\/www.xunzel.com\/store\/producto\/32x-solarpower-on-425w\/#primaryimage\"},\"image\":{\"@id\":\"https:\/\/www.xunzel.com\/store\/producto\/32x-solarpower-on-425w\/#primaryimage\"},\"thumbnailUrl\":\"https:\/\/www.xunzel.com\/store\/wp-content\/uploads\/2023\/02\/SOLARPOWER-425Wcaja-pallet.jpg\",\"datePublished\":\"2023-02-02T12:44:45+00:00\",\"dateModified\":\"2025-06-18T13:43:41+00:00\",\"breadcrumb\":{\"@id\":\"https:\/\/www.xunzel.com\/store\/producto\/32x-solarpower-on-425w\/#breadcrumb\"},\"inLanguage\":\"es\",\"potentialAction\":[{\"@type\":\"ReadAction\",\"target\":[\"https:\/\/www.xunzel.com\/store\/producto\/32x-solarpower-on-425w\/\"]}]},{\"@type\":\"ImageObject\",\"inLanguage\":\"es\",\"@id\":\"https:\/\/www.xunzel.com\/store\/producto\/32x-solarpower-on-425w\/#primaryimage\",\"url\":\"https:\/\/www.xunzel.com\/store\/wp-content\/uploads\/2023\/02\/SOLARPOWER-425Wcaja-pallet.jpg\",\"contentUrl\":\"https:\/\/www.xunzel.com\/store\/wp-content\/uploads\/2023\/02\/SOLARPOWER-425Wcaja-pallet.jpg\",\"width\":2000,\"height\":2000},{\"@type\":\"BreadcrumbList\",\"@id\":\"https:\/\/www.xunzel.com\/store\/producto\/32x-solarpower-on-425w\/#breadcrumb\",\"itemListElement\":[{\"@type\":\"ListItem\",\"position\":1,\"name\":\"Portada\",\"item\":\"https:\/\/www.xunzel.com\/store\/\"},{\"@type\":\"ListItem\",\"position\":2,\"name\":\"Tienda\",\"item\":\"https:\/\/www.xunzel.com\/store\/tienda\/\"},{\"@type\":\"ListItem\",\"position\":3,\"name\":\"32x SOLARPOWER-ON 425W\"}]},{\"@type\":\"WebSite\",\"@id\":\"https:\/\/www.xunzel.com\/store\/#website\",\"url\":\"https:\/\/www.xunzel.com\/store\/\",\"name\":\"Xunzel\",\"description\":\"Energy in a box - The Electric Revolution\",\"publisher\":{\"@id\":\"https:\/\/www.xunzel.com\/store\/#organization\"},\"potentialAction\":[{\"@type\":\"SearchAction\",\"target\":{\"@type\":\"EntryPoint\",\"urlTemplate\":\"https:\/\/www.xunzel.com\/store\/?s={search_term_string}\"},\"query-input\":{\"@type\":\"PropertyValueSpecification\",\"valueRequired\":true,\"valueName\":\"search_term_string\"}}],\"inLanguage\":\"es\"},{\"@type\":\"Organization\",\"@id\":\"https:\/\/www.xunzel.com\/store\/#organization\",\"name\":\"Xunzel\",\"url\":\"https:\/\/www.xunzel.com\/store\/\",\"logo\":{\"@type\":\"ImageObject\",\"inLanguage\":\"es\",\"@id\":\"https:\/\/www.xunzel.com\/store\/#\/schema\/logo\/image\/\",\"url\":\"https:\/\/www.xunzel.com\/store\/wp-content\/uploads\/2021\/01\/logo-xunzel-footer.png\",\"contentUrl\":\"https:\/\/www.xunzel.com\/store\/wp-content\/uploads\/2021\/01\/logo-xunzel-footer.png\",\"width\":280,\"height\":52,\"caption\":\"Xunzel\"},\"image\":{\"@id\":\"https:\/\/www.xunzel.com\/store\/#\/schema\/logo\/image\/\"}}]}<\/script>\n<!-- \/ Yoast SEO plugin. -->","yoast_head_json":{"title":"32x SOLARPOWER-ON 425W &#8211; Xunzel","robots":{"index":"index","follow":"follow","max-snippet":"max-snippet:-1","max-image-preview":"max-image-preview:large","max-video-preview":"max-video-preview:-1"},"canonical":"https:\/\/www.xunzel.com\/store\/producto\/32x-solarpower-on-425w\/","og_locale":"es_ES","og_type":"article","og_title":"32x SOLARPOWER-ON 425W &#8211; Xunzel","og_description":"Pallet 32 unidades de Paneles solares fotovoltaicos 425W de muy alta eficiencia y rendimiento, m\u00e1s peque\u00f1os y ligeros. C\u00e9lulas solares SOLARPOWER XUNZEL muy alta eficiencia (&gt;23%). Generaci\u00f3n estable y consistente. Especialmente dise\u00f1ado tanto para instalaciones conectadas a red como para carga eficiente de bater\u00edas recargables en sistemas aislados y de respaldo. Incluye cable solar preinstalado con conectores universales listo para conectar directamente. Garant\u00eda y ahorro de tiempo en la instalaci\u00f3n. Dimensiones reducidas y optimizadas. 1754x1096x30mm.","og_url":"https:\/\/www.xunzel.com\/store\/producto\/32x-solarpower-on-425w\/","og_site_name":"Xunzel","article_modified_time":"2025-06-18T13:43:41+00:00","og_image":[{"width":2000,"height":2000,"url":"https:\/\/www.xunzel.com\/store\/wp-content\/uploads\/2023\/02\/SOLARPOWER-425Wcaja-pallet.jpg","type":"image\/jpeg"}],"twitter_card":"summary_large_image","twitter_misc":{"Tiempo de lectura":"2 minutos"},"schema":{"@context":"https:\/\/schema.org","@graph":[{"@type":"WebPage","@id":"https:\/\/www.xunzel.com\/store\/producto\/32x-solarpower-on-425w\/","url":"https:\/\/www.xunzel.com\/store\/producto\/32x-solarpower-on-425w\/","name":"32x SOLARPOWER-ON 425W &#8211; Xunzel","isPartOf":{"@id":"https:\/\/www.xunzel.com\/store\/#website"},"primaryImageOfPage":{"@id":"https:\/\/www.xunzel.com\/store\/producto\/32x-solarpower-on-425w\/#primaryimage"},"image":{"@id":"https:\/\/www.xunzel.com\/store\/producto\/32x-solarpower-on-425w\/#primaryimage"},"thumbnailUrl":"https:\/\/www.xunzel.com\/store\/wp-content\/uploads\/2023\/02\/SOLARPOWER-425Wcaja-pallet.jpg","datePublished":"2023-02-02T12:44:45+00:00","dateModified":"2025-06-18T13:43:41+00:00","breadcrumb":{"@id":"https:\/\/www.xunzel.com\/store\/producto\/32x-solarpower-on-425w\/#breadcrumb"},"inLanguage":"es","potentialAction":[{"@type":"ReadAction","target":["https:\/\/www.xunzel.com\/store\/producto\/32x-solarpower-on-425w\/"]}]},{"@type":"ImageObject","inLanguage":"es","@id":"https:\/\/www.xunzel.com\/store\/producto\/32x-solarpower-on-425w\/#primaryimage","url":"https:\/\/www.xunzel.com\/store\/wp-content\/uploads\/2023\/02\/SOLARPOWER-425Wcaja-pallet.jpg","contentUrl":"https:\/\/www.xunzel.com\/store\/wp-content\/uploads\/2023\/02\/SOLARPOWER-425Wcaja-pallet.jpg","width":2000,"height":2000},{"@type":"BreadcrumbList","@id":"https:\/\/www.xunzel.com\/store\/producto\/32x-solarpower-on-425w\/#breadcrumb","itemListElement":[{"@type":"ListItem","position":1,"name":"Portada","item":"https:\/\/www.xunzel.com\/store\/"},{"@type":"ListItem","position":2,"name":"Tienda","item":"https:\/\/www.xunzel.com\/store\/tienda\/"},{"@type":"ListItem","position":3,"name":"32x SOLARPOWER-ON 425W"}]},{"@type":"WebSite","@id":"https:\/\/www.xunzel.com\/store\/#website","url":"https:\/\/www.xunzel.com\/store\/","name":"Xunzel","description":"Energy in a box - The Electric Revolution","publisher":{"@id":"https:\/\/www.xunzel.com\/store\/#organization"},"potentialAction":[{"@type":"SearchAction","target":{"@type":"EntryPoint","urlTemplate":"https:\/\/www.xunzel.com\/store\/?s={search_term_string}"},"query-input":{"@type":"PropertyValueSpecification","valueRequired":true,"valueName":"search_term_string"}}],"inLanguage":"es"},{"@type":"Organization","@id":"https:\/\/www.xunzel.com\/store\/#organization","name":"Xunzel","url":"https:\/\/www.xunzel.com\/store\/","logo":{"@type":"ImageObject","inLanguage":"es","@id":"https:\/\/www.xunzel.com\/store\/#\/schema\/logo\/image\/","url":"https:\/\/www.xunzel.com\/store\/wp-content\/uploads\/2021\/01\/logo-xunzel-footer.png","contentUrl":"https:\/\/www.xunzel.com\/store\/wp-content\/uploads\/2021\/01\/logo-xunzel-footer.png","width":280,"height":52,"caption":"Xunzel"},"image":{"@id":"https:\/\/www.xunzel.com\/store\/#\/schema\/logo\/image\/"}}]}},"_links":{"self":[{"href":"https:\/\/www.xunzel.com\/store\/wp-json\/wp\/v2\/product\/14652","targetHints":{"allow":["GET"]}}],"collection":[{"href":"https:\/\/www.xunzel.com\/store\/wp-json\/wp\/v2\/product"}],"about":[{"href":"https:\/\/www.xunzel.com\/store\/wp-json\/wp\/v2\/types\/product"}],"wp:featuredmedia":[{"embeddable":true,"href":"https:\/\/www.xunzel.com\/store\/wp-json\/wp\/v2\/media\/20307"}],"wp:attachment":[{"href":"https:\/\/www.xunzel.com\/store\/wp-json\/wp\/v2\/media?parent=14652"}],"wp:term":[{"taxonomy":"product_brand","embeddable":true,"href":"https:\/\/www.xunzel.com\/store\/wp-json\/wp\/v2\/product_brand?post=14652"},{"taxonomy":"product_cat","embeddable":true,"href":"https:\/\/www.xunzel.com\/store\/wp-json\/wp\/v2\/product_cat?post=14652"},{"taxonomy":"product_tag","embeddable":true,"href":"https:\/\/www.xunzel.com\/store\/wp-json\/wp\/v2\/product_tag?post=14652"}],"curies":[{"name":"wp","href":"https:\/\/api.w.org\/{rel}","templated":true}]}}