{"id":10119,"date":"2021-01-14T12:15:17","date_gmt":"2021-01-14T11:15:17","guid":{"rendered":"https:\/\/www.xunzel.com\/store\/producto\/cable-solar-fotovoltaico-6mm2-rojo-y-negro-xunzel\/"},"modified":"2026-04-29T11:19:09","modified_gmt":"2026-04-29T09:19:09","slug":"cable-solar-fotovoltaico","status":"publish","type":"product","link":"https:\/\/www.xunzel.com\/store\/producto\/cable-solar-fotovoltaico\/","title":{"rendered":"Cable Solar Fotovoltaico"},"content":{"rendered":"","protected":false},"excerpt":{"rendered":"<p>Cable Solar Fotovoltaico Rojo y Negro XUNZEL homologado T\u00dcV de altas prestaciones y resistencia para interconexi\u00f3n de paneles solares fotovoltaicos m\u00e1s seguras y eficientes. Adecuado tanto para instalaciones externas como internas. En color Rojo (+) y Negro (-) para evitar errores de instalaci\u00f3n. Dise\u00f1ado para instalaciones permanentes. Con doble aislamiento, robusto y dise\u00f1ado para soportar las m\u00e1s extremas condiciones de instalaci\u00f3n. Cable dise\u00f1ado y testado para una vida \u00fatil superior a los 25 a\u00f1os. Disponibles secciones 4mm\u00b2, 6mm\u00b2, 10mm\u00b2, 16mm\u00b2. Disponibles en varios formatos en bobinas y carretes (20, 50 y 100m).<\/p>\n[shared_files file_id=10118]\n","protected":false},"featured_media":13004,"template":"","meta":{"_acf_changed":false},"product_brand":[],"product_cat":[134],"product_tag":[],"class_list":{"0":"post-10119","1":"product","2":"type-product","3":"status-publish","4":"has-post-thumbnail","6":"product_cat-cables-conectores","8":"first","9":"instock","10":"taxable","11":"shipping-taxable","12":"purchasable","13":"product-type-variable"},"acf":[],"yoast_head":"<!-- This site is optimized with the Yoast SEO plugin v25.4 - https:\/\/yoast.com\/wordpress\/plugins\/seo\/ -->\n<title>Cable Solar Fotovoltaico &#8211; Xunzel<\/title>\n<meta name=\"robots\" content=\"index, follow, max-snippet:-1, max-image-preview:large, max-video-preview:-1\" \/>\n<link rel=\"canonical\" href=\"https:\/\/www.xunzel.com\/store\/producto\/cable-solar-fotovoltaico\/\" \/>\n<meta property=\"og:locale\" content=\"es_ES\" \/>\n<meta property=\"og:type\" content=\"article\" \/>\n<meta property=\"og:title\" content=\"Cable Solar Fotovoltaico &#8211; Xunzel\" \/>\n<meta property=\"og:description\" content=\"Cable Solar Fotovoltaico Rojo y Negro XUNZEL homologado T\u00dcV de altas prestaciones y resistencia para interconexi\u00f3n de paneles solares fotovoltaicos m\u00e1s seguras y eficientes. Adecuado tanto para instalaciones externas como internas. En color Rojo (+) y Negro (-) para evitar errores de instalaci\u00f3n. Dise\u00f1ado para instalaciones permanentes. Con doble aislamiento, robusto y dise\u00f1ado para soportar las m\u00e1s extremas condiciones de instalaci\u00f3n. Cable dise\u00f1ado y testado para una vida \u00fatil superior a los 25 a\u00f1os. Disponibles secciones 4mm\u00b2, 6mm\u00b2, 10mm\u00b2, 16mm\u00b2. Disponibles en varios formatos en bobinas y carretes (20, 50 y 100m).\" \/>\n<meta property=\"og:url\" content=\"https:\/\/www.xunzel.com\/store\/producto\/cable-solar-fotovoltaico\/\" \/>\n<meta property=\"og:site_name\" content=\"Xunzel\" \/>\n<meta property=\"article:modified_time\" content=\"2026-04-29T09:19:09+00:00\" \/>\n<meta property=\"og:image\" content=\"https:\/\/www.xunzel.com\/store\/wp-content\/uploads\/2021\/05\/2-SOLAR-CABLE-XUNZEL-FAMILIY1.jpg\" \/>\n\t<meta property=\"og:image:width\" content=\"1100\" \/>\n\t<meta property=\"og:image:height\" content=\"1110\" \/>\n\t<meta property=\"og:image:type\" content=\"image\/jpeg\" \/>\n<meta name=\"twitter:card\" content=\"summary_large_image\" \/>\n<meta name=\"twitter:label1\" content=\"Tiempo de lectura\" \/>\n\t<meta name=\"twitter:data1\" content=\"1 minuto\" \/>\n<script type=\"application\/ld+json\" class=\"yoast-schema-graph\">{\"@context\":\"https:\/\/schema.org\",\"@graph\":[{\"@type\":\"WebPage\",\"@id\":\"https:\/\/www.xunzel.com\/store\/producto\/cable-solar-fotovoltaico\/\",\"url\":\"https:\/\/www.xunzel.com\/store\/producto\/cable-solar-fotovoltaico\/\",\"name\":\"Cable Solar Fotovoltaico &#8211; Xunzel\",\"isPartOf\":{\"@id\":\"https:\/\/www.xunzel.com\/store\/#website\"},\"primaryImageOfPage\":{\"@id\":\"https:\/\/www.xunzel.com\/store\/producto\/cable-solar-fotovoltaico\/#primaryimage\"},\"image\":{\"@id\":\"https:\/\/www.xunzel.com\/store\/producto\/cable-solar-fotovoltaico\/#primaryimage\"},\"thumbnailUrl\":\"https:\/\/www.xunzel.com\/store\/wp-content\/uploads\/2021\/05\/2-SOLAR-CABLE-XUNZEL-FAMILIY1.jpg\",\"datePublished\":\"2021-01-14T11:15:17+00:00\",\"dateModified\":\"2026-04-29T09:19:09+00:00\",\"breadcrumb\":{\"@id\":\"https:\/\/www.xunzel.com\/store\/producto\/cable-solar-fotovoltaico\/#breadcrumb\"},\"inLanguage\":\"es\",\"potentialAction\":[{\"@type\":\"ReadAction\",\"target\":[\"https:\/\/www.xunzel.com\/store\/producto\/cable-solar-fotovoltaico\/\"]}]},{\"@type\":\"ImageObject\",\"inLanguage\":\"es\",\"@id\":\"https:\/\/www.xunzel.com\/store\/producto\/cable-solar-fotovoltaico\/#primaryimage\",\"url\":\"https:\/\/www.xunzel.com\/store\/wp-content\/uploads\/2021\/05\/2-SOLAR-CABLE-XUNZEL-FAMILIY1.jpg\",\"contentUrl\":\"https:\/\/www.xunzel.com\/store\/wp-content\/uploads\/2021\/05\/2-SOLAR-CABLE-XUNZEL-FAMILIY1.jpg\",\"width\":1100,\"height\":1110},{\"@type\":\"BreadcrumbList\",\"@id\":\"https:\/\/www.xunzel.com\/store\/producto\/cable-solar-fotovoltaico\/#breadcrumb\",\"itemListElement\":[{\"@type\":\"ListItem\",\"position\":1,\"name\":\"Portada\",\"item\":\"https:\/\/www.xunzel.com\/store\/\"},{\"@type\":\"ListItem\",\"position\":2,\"name\":\"Tienda\",\"item\":\"https:\/\/www.xunzel.com\/store\/tienda\/\"},{\"@type\":\"ListItem\",\"position\":3,\"name\":\"Cable Solar Fotovoltaico\"}]},{\"@type\":\"WebSite\",\"@id\":\"https:\/\/www.xunzel.com\/store\/#website\",\"url\":\"https:\/\/www.xunzel.com\/store\/\",\"name\":\"Xunzel\",\"description\":\"Energy in a box - The Electric Revolution\",\"publisher\":{\"@id\":\"https:\/\/www.xunzel.com\/store\/#organization\"},\"potentialAction\":[{\"@type\":\"SearchAction\",\"target\":{\"@type\":\"EntryPoint\",\"urlTemplate\":\"https:\/\/www.xunzel.com\/store\/?s={search_term_string}\"},\"query-input\":{\"@type\":\"PropertyValueSpecification\",\"valueRequired\":true,\"valueName\":\"search_term_string\"}}],\"inLanguage\":\"es\"},{\"@type\":\"Organization\",\"@id\":\"https:\/\/www.xunzel.com\/store\/#organization\",\"name\":\"Xunzel\",\"url\":\"https:\/\/www.xunzel.com\/store\/\",\"logo\":{\"@type\":\"ImageObject\",\"inLanguage\":\"es\",\"@id\":\"https:\/\/www.xunzel.com\/store\/#\/schema\/logo\/image\/\",\"url\":\"https:\/\/www.xunzel.com\/store\/wp-content\/uploads\/2021\/01\/logo-xunzel-footer.png\",\"contentUrl\":\"https:\/\/www.xunzel.com\/store\/wp-content\/uploads\/2021\/01\/logo-xunzel-footer.png\",\"width\":280,\"height\":52,\"caption\":\"Xunzel\"},\"image\":{\"@id\":\"https:\/\/www.xunzel.com\/store\/#\/schema\/logo\/image\/\"}}]}<\/script>\n<!-- \/ Yoast SEO plugin. -->","yoast_head_json":{"title":"Cable Solar Fotovoltaico &#8211; Xunzel","robots":{"index":"index","follow":"follow","max-snippet":"max-snippet:-1","max-image-preview":"max-image-preview:large","max-video-preview":"max-video-preview:-1"},"canonical":"https:\/\/www.xunzel.com\/store\/producto\/cable-solar-fotovoltaico\/","og_locale":"es_ES","og_type":"article","og_title":"Cable Solar Fotovoltaico &#8211; Xunzel","og_description":"Cable Solar Fotovoltaico Rojo y Negro XUNZEL homologado T\u00dcV de altas prestaciones y resistencia para interconexi\u00f3n de paneles solares fotovoltaicos m\u00e1s seguras y eficientes. Adecuado tanto para instalaciones externas como internas. En color Rojo (+) y Negro (-) para evitar errores de instalaci\u00f3n. Dise\u00f1ado para instalaciones permanentes. Con doble aislamiento, robusto y dise\u00f1ado para soportar las m\u00e1s extremas condiciones de instalaci\u00f3n. Cable dise\u00f1ado y testado para una vida \u00fatil superior a los 25 a\u00f1os. Disponibles secciones 4mm\u00b2, 6mm\u00b2, 10mm\u00b2, 16mm\u00b2. Disponibles en varios formatos en bobinas y carretes (20, 50 y 100m).","og_url":"https:\/\/www.xunzel.com\/store\/producto\/cable-solar-fotovoltaico\/","og_site_name":"Xunzel","article_modified_time":"2026-04-29T09:19:09+00:00","og_image":[{"width":1100,"height":1110,"url":"https:\/\/www.xunzel.com\/store\/wp-content\/uploads\/2021\/05\/2-SOLAR-CABLE-XUNZEL-FAMILIY1.jpg","type":"image\/jpeg"}],"twitter_card":"summary_large_image","twitter_misc":{"Tiempo de lectura":"1 minuto"},"schema":{"@context":"https:\/\/schema.org","@graph":[{"@type":"WebPage","@id":"https:\/\/www.xunzel.com\/store\/producto\/cable-solar-fotovoltaico\/","url":"https:\/\/www.xunzel.com\/store\/producto\/cable-solar-fotovoltaico\/","name":"Cable Solar Fotovoltaico &#8211; Xunzel","isPartOf":{"@id":"https:\/\/www.xunzel.com\/store\/#website"},"primaryImageOfPage":{"@id":"https:\/\/www.xunzel.com\/store\/producto\/cable-solar-fotovoltaico\/#primaryimage"},"image":{"@id":"https:\/\/www.xunzel.com\/store\/producto\/cable-solar-fotovoltaico\/#primaryimage"},"thumbnailUrl":"https:\/\/www.xunzel.com\/store\/wp-content\/uploads\/2021\/05\/2-SOLAR-CABLE-XUNZEL-FAMILIY1.jpg","datePublished":"2021-01-14T11:15:17+00:00","dateModified":"2026-04-29T09:19:09+00:00","breadcrumb":{"@id":"https:\/\/www.xunzel.com\/store\/producto\/cable-solar-fotovoltaico\/#breadcrumb"},"inLanguage":"es","potentialAction":[{"@type":"ReadAction","target":["https:\/\/www.xunzel.com\/store\/producto\/cable-solar-fotovoltaico\/"]}]},{"@type":"ImageObject","inLanguage":"es","@id":"https:\/\/www.xunzel.com\/store\/producto\/cable-solar-fotovoltaico\/#primaryimage","url":"https:\/\/www.xunzel.com\/store\/wp-content\/uploads\/2021\/05\/2-SOLAR-CABLE-XUNZEL-FAMILIY1.jpg","contentUrl":"https:\/\/www.xunzel.com\/store\/wp-content\/uploads\/2021\/05\/2-SOLAR-CABLE-XUNZEL-FAMILIY1.jpg","width":1100,"height":1110},{"@type":"BreadcrumbList","@id":"https:\/\/www.xunzel.com\/store\/producto\/cable-solar-fotovoltaico\/#breadcrumb","itemListElement":[{"@type":"ListItem","position":1,"name":"Portada","item":"https:\/\/www.xunzel.com\/store\/"},{"@type":"ListItem","position":2,"name":"Tienda","item":"https:\/\/www.xunzel.com\/store\/tienda\/"},{"@type":"ListItem","position":3,"name":"Cable Solar Fotovoltaico"}]},{"@type":"WebSite","@id":"https:\/\/www.xunzel.com\/store\/#website","url":"https:\/\/www.xunzel.com\/store\/","name":"Xunzel","description":"Energy in a box - The Electric Revolution","publisher":{"@id":"https:\/\/www.xunzel.com\/store\/#organization"},"potentialAction":[{"@type":"SearchAction","target":{"@type":"EntryPoint","urlTemplate":"https:\/\/www.xunzel.com\/store\/?s={search_term_string}"},"query-input":{"@type":"PropertyValueSpecification","valueRequired":true,"valueName":"search_term_string"}}],"inLanguage":"es"},{"@type":"Organization","@id":"https:\/\/www.xunzel.com\/store\/#organization","name":"Xunzel","url":"https:\/\/www.xunzel.com\/store\/","logo":{"@type":"ImageObject","inLanguage":"es","@id":"https:\/\/www.xunzel.com\/store\/#\/schema\/logo\/image\/","url":"https:\/\/www.xunzel.com\/store\/wp-content\/uploads\/2021\/01\/logo-xunzel-footer.png","contentUrl":"https:\/\/www.xunzel.com\/store\/wp-content\/uploads\/2021\/01\/logo-xunzel-footer.png","width":280,"height":52,"caption":"Xunzel"},"image":{"@id":"https:\/\/www.xunzel.com\/store\/#\/schema\/logo\/image\/"}}]}},"_links":{"self":[{"href":"https:\/\/www.xunzel.com\/store\/wp-json\/wp\/v2\/product\/10119","targetHints":{"allow":["GET"]}}],"collection":[{"href":"https:\/\/www.xunzel.com\/store\/wp-json\/wp\/v2\/product"}],"about":[{"href":"https:\/\/www.xunzel.com\/store\/wp-json\/wp\/v2\/types\/product"}],"wp:featuredmedia":[{"embeddable":true,"href":"https:\/\/www.xunzel.com\/store\/wp-json\/wp\/v2\/media\/13004"}],"wp:attachment":[{"href":"https:\/\/www.xunzel.com\/store\/wp-json\/wp\/v2\/media?parent=10119"}],"wp:term":[{"taxonomy":"product_brand","embeddable":true,"href":"https:\/\/www.xunzel.com\/store\/wp-json\/wp\/v2\/product_brand?post=10119"},{"taxonomy":"product_cat","embeddable":true,"href":"https:\/\/www.xunzel.com\/store\/wp-json\/wp\/v2\/product_cat?post=10119"},{"taxonomy":"product_tag","embeddable":true,"href":"https:\/\/www.xunzel.com\/store\/wp-json\/wp\/v2\/product_tag?post=10119"}],"curies":[{"name":"wp","href":"https:\/\/api.w.org\/{rel}","templated":true}]}}