{"id":9938,"date":"2021-01-07T15:48:49","date_gmt":"2021-01-07T14:48:49","guid":{"rendered":"https:\/\/www.xunzel.com\/store\/?page_id=9938"},"modified":"2024-04-22T11:54:18","modified_gmt":"2024-04-22T09:54:18","slug":"politica-de-cookies","status":"publish","type":"page","link":"https:\/\/www.xunzel.com\/store\/politica-de-cookies\/","title":{"rendered":"Pol\u00edtica de cookies"},"content":{"rendered":"<div class=\"wpb-content-wrapper\"><p>[vc_row][vc_column][vc_column_text]De conformidad con la normativa espa\u00f1ola que regula el uso de cookies en relaci\u00f3n a la prestaci\u00f3n de servicios de comunicaciones electr\u00f3nicas, recogida en el Real Decreto-ley 13\/2012, de 30 de marzo, le informamos sobre las cookies utilizadas en el sitio web de XUNZEL ENERGY S.L. (en adelante, el \u201cSitio Web\u201d) y el motivo de su uso. Asimismo, XUNZEL ENERGY S.L.. le informa que al navegar en el Sitio Web usted est\u00e1 prestando su consentimiento para poder utilizarlas.<\/p>\n<p>Las cookies utilizadas en nuestro Sitio Web, son propias y de terceros, y nos permiten almacenar y acceder a informaci\u00f3n relativa al idioma, el tipo de navegador utilizado, y otras caracter\u00edsticas generales predefinidas por el usuario, as\u00ed como, seguir y analizar la actividad que lleva a cabo, con el objeto de introducir mejoras y prestar nuestros servicios de una manera m\u00e1s eficiente y personalizada. XUNZEL ENERGY S.L. no utiliza cookies publicitarias o de publicidad comportamental.<\/p>\n<p>La utilizaci\u00f3n de las cookies ofrece numerosas ventajas en la prestaci\u00f3n de servicios de la sociedad de la informaci\u00f3n, puesto que, entre otras: (i) facilita al usuario la navegaci\u00f3n en el Sitio Web y el acceso a los diferentes servicios que ofrece; (ii) evita al usuario configurar las caracter\u00edsticas generales predefinidas cada vez que accede al Sitio Web; (iii) favorece la mejora del funcionamiento y de los servicios prestados a trav\u00e9s del Sitio Web, tras el correspondiente an\u00e1lisis de la informaci\u00f3n obtenida a trav\u00e9s de las cookies instaladas.<\/p>\n<p>No obstante, puedes configurar tu navegador, aceptando o rechazando todas las cookies, o bien seleccionar aqu\u00e9llas cuya instalaci\u00f3n admites y cu\u00e1les no, siguiendo uno de los siguientes procedimientos, dependiendo del navegador utilizado:<\/p>\n<p><strong>Google Chrome<\/strong>\u00a0(en el Men\u00fa Herramientas) Configuraci\u00f3n &gt; Mostrar opciones avanzadas &gt; Privacidad (Configuraci\u00f3n de Contenido) &gt; Cookies<br \/>\nM\u00e1s informaci\u00f3n:\u00a0<a href=\"https:\/\/support.google.com\/chrome\/answer\/95647?hl=es\">https:\/\/support.google.com\/chrome\/answer\/95647?hl=es<\/a><\/p>\n<p><strong>Microsoft Internet Explorer<\/strong>\u00a0(en el Men\u00fa Herramientas)<br \/>\nOpciones de Internet &gt; Privacidad &gt; Avanzada<br \/>\nM\u00e1s informaci\u00f3n:\u00a0<a href=\"http:\/\/windows.microsoft.com\/es-es\/internet-explorer\/delete-manage-cookies#ie=ie-9\">http:\/\/windows.microsoft.com\/es-es\/internet-explorer\/delete-manage-cookies#ie=ie-9<\/a><\/p>\n<p><strong>Microsoft Edge<\/strong>\u00a0(en el Men\u00fa Herramientas)<br \/>\nOpciones de Internet &gt; Configuraci\u00f3n &gt; Privacidad, b\u00fasqueda y servicios<br \/>\nM\u00e1s informaci\u00f3n: <a href=\"https:\/\/microsoftedgewelcome.microsoft.com\/es-es\/privacy?source=settings\">Microsoft Edge<\/a><\/p>\n<p><strong>Firefox<\/strong><br \/>\nOpciones &gt; Privacidad &gt; Cookies<br \/>\nM\u00e1s informaci\u00f3n:\u00a0<a href=\"http:\/\/support.mozilla.org\/es\/kb\/habilitar-y-deshabilitar-cookies-que-los-sitios-we\">http:\/\/support.mozilla.org\/es\/kb\/habilitar-y-deshabilitar-cookies-que-los-sitios-we<\/a><\/p>\n<p><strong>Safari , iPad y iPhone<\/strong><br \/>\nPreferencias &gt; Privacidad<br \/>\nM\u00e1s informaci\u00f3n:\u00a0<a href=\"http:\/\/www.apple.com\/es\/privacy\/use-of-cookies\/%20Opera\">http:\/\/www.apple.com\/es\/privacy\/use-of-cookies\/ Opera<\/a><br \/>\nConfiguraci\u00f3n &gt; Opciones &gt; Avanzado &gt; Cookies<br \/>\nM\u00e1s informaci\u00f3n:\u00a0<a href=\"http:\/\/help.opera.com\/Linux\/10.60\/es-ES\/cookies.html\">http:\/\/help.opera.com\/Linux\/10.60\/es-ES\/cookies.html<\/a><\/p>\n<p>XUNZEL ENERGY S.L. utiliza en su Sitio Web:<\/p>\n<p><strong>Cookies t\u00e9cnicas:<\/strong><\/p>\n<p>Son aqu\u00e9llas necesarias para la transmisi\u00f3n de una comunicaci\u00f3n por una red de comunicaciones electr\u00f3nicas o, las que resulten estrictamente necesarias para la prestaci\u00f3n de un servicio de la sociedad de la informaci\u00f3n expresamente solicitado. La configuraci\u00f3n del navegador de manera que impida la instalaci\u00f3n de estas cookies, puede suponer la imposibilidad de navegar por el Sitio Web o de disfrutar del servicio expresamente solicitado.<\/p>\n<table width=\"424\">\n<tbody>\n<tr>\n<td width=\"197\"><strong>Tipo<\/strong><\/td>\n<td width=\"227\"><strong>Descripci\u00f3n<\/strong><\/td>\n<\/tr>\n<tr>\n<td width=\"197\">XUNZEL ENERGY S.L.<\/td>\n<td width=\"227\">Configuraci\u00f3n regional<\/td>\n<\/tr>\n<\/tbody>\n<\/table>\n<p><strong>Cookies de personalizaci\u00f3n:<\/strong><\/p>\n<p>Son aqu\u00e9llas que permiten al usuario acceder al Sitio Web con algunas caracter\u00edsticas de car\u00e1cter general predefinidas, entre otras el idioma, el tipo de navegador o la configuraci\u00f3n regional. La configuraci\u00f3n del navegador de manera que impida la instalaci\u00f3n de estas cookies, puede generar la necesidad de configurar cada vez que se accede al mismo.<\/p>\n<table style=\"height: 85px;\" width=\"528\">\n<tbody>\n<tr>\n<td width=\"140\"><strong>Tipo<\/strong><\/td>\n<td width=\"255\"><strong>Descripci\u00f3n<\/strong><\/td>\n<\/tr>\n<tr>\n<td width=\"140\">XUNZEL ENERGY S.L.<\/td>\n<td width=\"255\">Configuraci\u00f3n regional<\/td>\n<\/tr>\n<\/tbody>\n<\/table>\n<p><strong>Cookies de an\u00e1lisis:<\/strong><\/p>\n<p>Son aquellas que permiten el seguimiento y an\u00e1lisis del comportamiento de los usuarios de los sitios web a los que est\u00e1n vinculados.<\/p>\n<table width=\"395\">\n<tbody>\n<tr>\n<td width=\"140\"><strong>Tipo<\/strong><\/td>\n<td width=\"255\"><strong>Descripci\u00f3n<\/strong><\/td>\n<\/tr>\n<tr>\n<td width=\"140\">Google analytics<\/td>\n<td width=\"255\">Estad\u00edsticas de la web.<\/td>\n<\/tr>\n<\/tbody>\n<\/table>\n<p>Pol\u00edgono Igartualdea 57, | ES-20850 Mendaro (Gipuzkoa) \u2013 Spain | T. +34 943531593\u00a0 |\u00a0 info@xunzel.com[\/vc_column_text][\/vc_column][\/vc_row]<\/p>\n<\/div>","protected":false},"excerpt":{"rendered":"<p>[vc_row][vc_column][vc_column_text]De conformidad con la normativa espa\u00f1ola que regula el uso de cookies en relaci\u00f3n a la prestaci\u00f3n de servicios de [&hellip;]<\/p>\n","protected":false},"author":1,"featured_media":0,"parent":0,"menu_order":0,"comment_status":"closed","ping_status":"closed","template":"","meta":{"_acf_changed":false,"footnotes":""},"class_list":["post-9938","page","type-page","status-publish","hentry"],"acf":[],"yoast_head":"<!-- This site is optimized with the Yoast SEO plugin v25.4 - https:\/\/yoast.com\/wordpress\/plugins\/seo\/ -->\n<title>Pol\u00edtica de cookies &#8211; Xunzel<\/title>\n<meta name=\"robots\" content=\"index, follow, max-snippet:-1, max-image-preview:large, max-video-preview:-1\" \/>\n<link rel=\"canonical\" href=\"https:\/\/www.xunzel.com\/store\/politica-de-cookies\/\" \/>\n<meta property=\"og:locale\" content=\"es_ES\" \/>\n<meta property=\"og:type\" content=\"article\" \/>\n<meta property=\"og:title\" content=\"Pol\u00edtica de cookies &#8211; Xunzel\" \/>\n<meta property=\"og:description\" content=\"[vc_row][vc_column][vc_column_text]De conformidad con la normativa espa\u00f1ola que regula el uso de cookies en relaci\u00f3n a la prestaci\u00f3n de servicios de [&hellip;]\" \/>\n<meta property=\"og:url\" content=\"https:\/\/www.xunzel.com\/store\/politica-de-cookies\/\" \/>\n<meta property=\"og:site_name\" content=\"Xunzel\" \/>\n<meta property=\"article:modified_time\" content=\"2024-04-22T09:54:18+00:00\" \/>\n<meta property=\"og:image\" content=\"https:\/\/www.xunzel.com\/store\/wp-content\/uploads\/2024\/02\/HOME-XUNZEL_W.jpg\" \/>\n\t<meta property=\"og:image:width\" content=\"2000\" \/>\n\t<meta property=\"og:image:height\" content=\"2000\" \/>\n\t<meta property=\"og:image:type\" content=\"image\/jpeg\" \/>\n<meta name=\"twitter:card\" content=\"summary_large_image\" \/>\n<meta name=\"twitter:label1\" content=\"Tiempo de lectura\" \/>\n\t<meta name=\"twitter:data1\" content=\"3 minutos\" \/>\n<script type=\"application\/ld+json\" class=\"yoast-schema-graph\">{\"@context\":\"https:\/\/schema.org\",\"@graph\":[{\"@type\":\"WebPage\",\"@id\":\"https:\/\/www.xunzel.com\/store\/politica-de-cookies\/\",\"url\":\"https:\/\/www.xunzel.com\/store\/politica-de-cookies\/\",\"name\":\"Pol\u00edtica de cookies &#8211; Xunzel\",\"isPartOf\":{\"@id\":\"https:\/\/www.xunzel.com\/store\/#website\"},\"datePublished\":\"2021-01-07T14:48:49+00:00\",\"dateModified\":\"2024-04-22T09:54:18+00:00\",\"breadcrumb\":{\"@id\":\"https:\/\/www.xunzel.com\/store\/politica-de-cookies\/#breadcrumb\"},\"inLanguage\":\"es\",\"potentialAction\":[{\"@type\":\"ReadAction\",\"target\":[\"https:\/\/www.xunzel.com\/store\/politica-de-cookies\/\"]}]},{\"@type\":\"BreadcrumbList\",\"@id\":\"https:\/\/www.xunzel.com\/store\/politica-de-cookies\/#breadcrumb\",\"itemListElement\":[{\"@type\":\"ListItem\",\"position\":1,\"name\":\"Portada\",\"item\":\"https:\/\/www.xunzel.com\/store\/\"},{\"@type\":\"ListItem\",\"position\":2,\"name\":\"Pol\u00edtica de cookies\"}]},{\"@type\":\"WebSite\",\"@id\":\"https:\/\/www.xunzel.com\/store\/#website\",\"url\":\"https:\/\/www.xunzel.com\/store\/\",\"name\":\"Xunzel\",\"description\":\"Energy in a box - The Electric Revolution\",\"publisher\":{\"@id\":\"https:\/\/www.xunzel.com\/store\/#organization\"},\"potentialAction\":[{\"@type\":\"SearchAction\",\"target\":{\"@type\":\"EntryPoint\",\"urlTemplate\":\"https:\/\/www.xunzel.com\/store\/?s={search_term_string}\"},\"query-input\":{\"@type\":\"PropertyValueSpecification\",\"valueRequired\":true,\"valueName\":\"search_term_string\"}}],\"inLanguage\":\"es\"},{\"@type\":\"Organization\",\"@id\":\"https:\/\/www.xunzel.com\/store\/#organization\",\"name\":\"Xunzel\",\"url\":\"https:\/\/www.xunzel.com\/store\/\",\"logo\":{\"@type\":\"ImageObject\",\"inLanguage\":\"es\",\"@id\":\"https:\/\/www.xunzel.com\/store\/#\/schema\/logo\/image\/\",\"url\":\"https:\/\/www.xunzel.com\/store\/wp-content\/uploads\/2021\/01\/logo-xunzel-footer.png\",\"contentUrl\":\"https:\/\/www.xunzel.com\/store\/wp-content\/uploads\/2021\/01\/logo-xunzel-footer.png\",\"width\":280,\"height\":52,\"caption\":\"Xunzel\"},\"image\":{\"@id\":\"https:\/\/www.xunzel.com\/store\/#\/schema\/logo\/image\/\"}}]}<\/script>\n<!-- \/ Yoast SEO plugin. -->","yoast_head_json":{"title":"Pol\u00edtica de cookies &#8211; Xunzel","robots":{"index":"index","follow":"follow","max-snippet":"max-snippet:-1","max-image-preview":"max-image-preview:large","max-video-preview":"max-video-preview:-1"},"canonical":"https:\/\/www.xunzel.com\/store\/politica-de-cookies\/","og_locale":"es_ES","og_type":"article","og_title":"Pol\u00edtica de cookies &#8211; Xunzel","og_description":"[vc_row][vc_column][vc_column_text]De conformidad con la normativa espa\u00f1ola que regula el uso de cookies en relaci\u00f3n a la prestaci\u00f3n de servicios de [&hellip;]","og_url":"https:\/\/www.xunzel.com\/store\/politica-de-cookies\/","og_site_name":"Xunzel","article_modified_time":"2024-04-22T09:54:18+00:00","og_image":[{"width":2000,"height":2000,"url":"https:\/\/www.xunzel.com\/store\/wp-content\/uploads\/2024\/02\/HOME-XUNZEL_W.jpg","type":"image\/jpeg"}],"twitter_card":"summary_large_image","twitter_misc":{"Tiempo de lectura":"3 minutos"},"schema":{"@context":"https:\/\/schema.org","@graph":[{"@type":"WebPage","@id":"https:\/\/www.xunzel.com\/store\/politica-de-cookies\/","url":"https:\/\/www.xunzel.com\/store\/politica-de-cookies\/","name":"Pol\u00edtica de cookies &#8211; Xunzel","isPartOf":{"@id":"https:\/\/www.xunzel.com\/store\/#website"},"datePublished":"2021-01-07T14:48:49+00:00","dateModified":"2024-04-22T09:54:18+00:00","breadcrumb":{"@id":"https:\/\/www.xunzel.com\/store\/politica-de-cookies\/#breadcrumb"},"inLanguage":"es","potentialAction":[{"@type":"ReadAction","target":["https:\/\/www.xunzel.com\/store\/politica-de-cookies\/"]}]},{"@type":"BreadcrumbList","@id":"https:\/\/www.xunzel.com\/store\/politica-de-cookies\/#breadcrumb","itemListElement":[{"@type":"ListItem","position":1,"name":"Portada","item":"https:\/\/www.xunzel.com\/store\/"},{"@type":"ListItem","position":2,"name":"Pol\u00edtica de cookies"}]},{"@type":"WebSite","@id":"https:\/\/www.xunzel.com\/store\/#website","url":"https:\/\/www.xunzel.com\/store\/","name":"Xunzel","description":"Energy in a box - The Electric Revolution","publisher":{"@id":"https:\/\/www.xunzel.com\/store\/#organization"},"potentialAction":[{"@type":"SearchAction","target":{"@type":"EntryPoint","urlTemplate":"https:\/\/www.xunzel.com\/store\/?s={search_term_string}"},"query-input":{"@type":"PropertyValueSpecification","valueRequired":true,"valueName":"search_term_string"}}],"inLanguage":"es"},{"@type":"Organization","@id":"https:\/\/www.xunzel.com\/store\/#organization","name":"Xunzel","url":"https:\/\/www.xunzel.com\/store\/","logo":{"@type":"ImageObject","inLanguage":"es","@id":"https:\/\/www.xunzel.com\/store\/#\/schema\/logo\/image\/","url":"https:\/\/www.xunzel.com\/store\/wp-content\/uploads\/2021\/01\/logo-xunzel-footer.png","contentUrl":"https:\/\/www.xunzel.com\/store\/wp-content\/uploads\/2021\/01\/logo-xunzel-footer.png","width":280,"height":52,"caption":"Xunzel"},"image":{"@id":"https:\/\/www.xunzel.com\/store\/#\/schema\/logo\/image\/"}}]}},"_links":{"self":[{"href":"https:\/\/www.xunzel.com\/store\/wp-json\/wp\/v2\/pages\/9938","targetHints":{"allow":["GET"]}}],"collection":[{"href":"https:\/\/www.xunzel.com\/store\/wp-json\/wp\/v2\/pages"}],"about":[{"href":"https:\/\/www.xunzel.com\/store\/wp-json\/wp\/v2\/types\/page"}],"author":[{"embeddable":true,"href":"https:\/\/www.xunzel.com\/store\/wp-json\/wp\/v2\/users\/1"}],"replies":[{"embeddable":true,"href":"https:\/\/www.xunzel.com\/store\/wp-json\/wp\/v2\/comments?post=9938"}],"version-history":[{"count":0,"href":"https:\/\/www.xunzel.com\/store\/wp-json\/wp\/v2\/pages\/9938\/revisions"}],"wp:attachment":[{"href":"https:\/\/www.xunzel.com\/store\/wp-json\/wp\/v2\/media?parent=9938"}],"curies":[{"name":"wp","href":"https:\/\/api.w.org\/{rel}","templated":true}]}}