{"id":9934,"date":"2021-01-07T15:46:34","date_gmt":"2021-01-07T14:46:34","guid":{"rendered":"https:\/\/www.xunzel.com\/store\/?page_id=9934"},"modified":"2021-03-09T17:35:27","modified_gmt":"2021-03-09T16:35:27","slug":"aviso-legal-y-condiciones-de-uso","status":"publish","type":"page","link":"https:\/\/www.xunzel.com\/store\/aviso-legal-y-condiciones-de-uso\/","title":{"rendered":"Aviso Legal y Condiciones de Uso"},"content":{"rendered":"<div class=\"wpb-content-wrapper\"><p>[vc_row full_width=&#8221;stretch_row_content&#8221; css=&#8221;.vc_custom_1615307654985{background-color: #000000 !important;}&#8221;][vc_column][vc_single_image image=&#8221;11385&#8243; img_size=&#8221;1920&#215;920&#8243; alignment=&#8221;center&#8221;][\/vc_column][\/vc_row][vc_row][vc_column][vc_empty_space][vc_column_text]<strong>La compa\u00f1\u00eda<\/strong><\/p>\n<p>La presente p\u00e1gina web es propiedad de la siguiente compa\u00f1\u00eda:<\/p>\n<p>XUNZEL ENERGY S.L. (en adelante XUNZEL)<\/p>\n<p>Domicilio:<\/p>\n<p>Igartualdea 57, 20850, Mendaro, Gipuzkoa, Espa\u00f1a.<\/p>\n<p>Mail de contacto: info(@)xunzel.com<\/p>\n<p>Tel\u00e9fono: +34 943531681<\/p>\n<p>Fax: +34 943030969<\/p>\n<p>(Informaci\u00f3n facilitada en cumplimiento de la Ley 34\/2002 de Servicios de la Sociedad de la Informaci\u00f3n y de Comercio Electr\u00f3nico).<\/p>\n<p><strong>Registro mercantil<\/strong><\/p>\n<p>Inscrita en el Registro Mercantil de Guip\u00fazcoa, Tomo 2359, Libro 0, Folio 120, Hoja 22-29857<\/p>\n<p><strong>N\u00famero de identificaci\u00f3n fiscal<\/strong><\/p>\n<p>N\u00famero de identificaci\u00f3n fiscal (CIF): B-20961561<\/p>\n<p><strong>Contacto<\/strong><\/p>\n<p>Mail de contacto: <a href=\"mailto:info@xunzel.com\">info(@)xunzel.com<\/a><\/p>\n<hr \/>\n<p><strong>Condiciones de acceso y utilizaci\u00f3n<\/strong><\/p>\n<p>El usuario de esta web, mediante su acceso y navegaci\u00f3n por la misma, se obliga a utilizarla conforme a la legislaci\u00f3n vigente en cada momento y a las condiciones establecidas en el presente Aviso Legal, la moral y las buenas costumbres generalmente aceptadas y el orden p\u00fablico. El usuario responder\u00e1 frente a XUNZEL y\/o frente a terceros, de cualesquiera da\u00f1os y perjuicios que pudieran causarse como consecuencia del incumplimiento de dicha obligaci\u00f3n.<\/p>\n<p>El acceso y navegaci\u00f3n por esta web implica aceptar y conocer las advertencias legales que aqu\u00ed se recogen. El mero acceso no implica el establecimiento de ning\u00fan tipo de relaci\u00f3n entre XUNZEL y el usuario.<\/p>\n<p>El usuario de este sitio web deber\u00e1 abstenerse, en todo caso, de suprimir, alterar, eludir o manipular cualquier dispositivo de protecci\u00f3n o sistema de seguridad que puedan estar instalados en el mismo.<\/p>\n<p>XUNZEL no se hace responsable de los da\u00f1os o perjuicios, directos o indirectos, derivados del uso de esta p\u00e1gina web, incluidos da\u00f1os a sistemas inform\u00e1ticos, introducci\u00f3n de virus y da\u00f1os originados por cualquier decisi\u00f3n tomada en base a la informaci\u00f3n contenida en el mismo.<\/p>\n<p>Los v\u00ednculos o enlaces con otros portales o sitios web no gestionados por XUNZEL que la presente web pudiera contener se ofrecer\u00e1n, \u00fanicamente, a modo de referencias informativas, sin ning\u00fan tipo de valoraci\u00f3n sobre los contenidos, propietarios, servicios o productos ofrecidos desde los mismos. XUNZEL no ejerce control alguno sobre dichos portales o sitios web, ni es responsable del contenido de los mismos.<\/p>\n<p>En todo caso, XUNZEL queda exonerada de toda responsabilidad en relaci\u00f3n con los servicios prestados por dichos terceros frente a cualquier reclamaci\u00f3n de cualquier naturaleza que pudiera interponerse en relaci\u00f3n con los mismos.<\/p>\n<p><strong>Propiedad Intelectual e Industrial.<\/strong><\/p>\n<p>XUNZEL es titular de derechos de propiedad industrial (patentes, dise\u00f1os y signos distintivos) y de propiedad intelectual.<\/p>\n<p>Todos los contenidos presentes en este portal, entendiendo por estos a t\u00edtulo enunciativo y no limitativo, los textos, im\u00e1genes, fotograf\u00edas, dise\u00f1os, sonidos, videos, ilustraciones, ficheros, logotipos, c\u00f3digos fuente, combinaciones de colores, o cualesquiera otros elementos, as\u00ed como su estructura y dise\u00f1o, la selecci\u00f3n y forma de presentaci\u00f3n de los materiales incluidos en la misma y los programas de ordenador necesarios para su funcionamiento, acceso y utilizaci\u00f3n se encuentran sujetos a los derechos de propiedad industrial e intelectual pertenecientes a XUNZEL o a terceros que han autorizado su inclusi\u00f3n, por lo que queda expresamente prohibida la reproducci\u00f3n total o parcial de esta web y de cualesquiera de sus contenidos sin el permiso expreso y por escrito de XUNZEL no pudiendo en ning\u00fan caso utilizarse con fines comerciales ni de explotaci\u00f3n, distribuci\u00f3n, reproducci\u00f3n, comunicaci\u00f3n p\u00fablica, utilizaci\u00f3n de t\u00e9cnica de ingenier\u00eda inversa, ni modificarlos, alterarlos o descompilarlos sin la correspondiente autorizaci\u00f3n previa del titular y por escrito salvo que se encuentre legalmente permitido. Cualquier utilizaci\u00f3n de esta web o de sus contenidos contraria a la normativa vigente podr\u00e1 ser perseguida.<\/p>\n<p>Todas las publicaciones, marcas, nombres comerciales o signos distintivos de cualquier clase, dise\u00f1os y tecnolog\u00eda que aparecen en el sitio web son propiedad de XUNZEL o de las compa\u00f1\u00edas del grupo XUNZEL, sin que pueda entenderse que el uso o acceso al sitio web atribuya al usuario derecho alguno sobre los mismos, ni sobre ninguno de los contenidos que figuran en el portal.[\/vc_column_text][\/vc_column][\/vc_row]<\/p>\n<\/div>","protected":false},"excerpt":{"rendered":"<p>[vc_row full_width=&#8221;stretch_row_content&#8221; css=&#8221;.vc_custom_1615307654985{background-color: #000000 !important;}&#8221;][vc_column][vc_single_image image=&#8221;11385&#8243; img_size=&#8221;1920&#215;920&#8243; alignment=&#8221;center&#8221;][\/vc_column][\/vc_row][vc_row][vc_column][vc_empty_space][vc_column_text]La compa\u00f1\u00eda La presente p\u00e1gina web es propiedad de la siguiente compa\u00f1\u00eda: XUNZEL [&hellip;]<\/p>\n","protected":false},"author":1,"featured_media":0,"parent":0,"menu_order":0,"comment_status":"closed","ping_status":"closed","template":"","meta":{"_acf_changed":false,"footnotes":""},"class_list":["post-9934","page","type-page","status-publish","hentry"],"acf":[],"yoast_head":"<!-- This site is optimized with the Yoast SEO plugin v25.4 - https:\/\/yoast.com\/wordpress\/plugins\/seo\/ -->\n<title>Aviso Legal y Condiciones de Uso &#8211; Xunzel<\/title>\n<meta name=\"robots\" content=\"index, follow, max-snippet:-1, max-image-preview:large, max-video-preview:-1\" \/>\n<link rel=\"canonical\" href=\"https:\/\/www.xunzel.com\/store\/aviso-legal-y-condiciones-de-uso\/\" \/>\n<meta property=\"og:locale\" content=\"es_ES\" \/>\n<meta property=\"og:type\" content=\"article\" \/>\n<meta property=\"og:title\" content=\"Aviso Legal y Condiciones de Uso &#8211; Xunzel\" \/>\n<meta property=\"og:description\" content=\"[vc_row full_width=&#8221;stretch_row_content&#8221; css=&#8221;.vc_custom_1615307654985{background-color: #000000 !important;}&#8221;][vc_column][vc_single_image image=&#8221;11385&#8243; img_size=&#8221;1920&#215;920&#8243; alignment=&#8221;center&#8221;][\/vc_column][\/vc_row][vc_row][vc_column][vc_empty_space][vc_column_text]La compa\u00f1\u00eda La presente p\u00e1gina web es propiedad de la siguiente compa\u00f1\u00eda: XUNZEL [&hellip;]\" \/>\n<meta property=\"og:url\" content=\"https:\/\/www.xunzel.com\/store\/aviso-legal-y-condiciones-de-uso\/\" \/>\n<meta property=\"og:site_name\" content=\"Xunzel\" \/>\n<meta property=\"article:modified_time\" content=\"2021-03-09T16:35:27+00:00\" \/>\n<meta property=\"og:image\" content=\"https:\/\/www.xunzel.com\/store\/wp-content\/uploads\/2024\/02\/HOME-XUNZEL_W.jpg\" \/>\n\t<meta property=\"og:image:width\" content=\"2000\" \/>\n\t<meta property=\"og:image:height\" content=\"2000\" \/>\n\t<meta property=\"og:image:type\" content=\"image\/jpeg\" \/>\n<meta name=\"twitter:card\" content=\"summary_large_image\" \/>\n<meta name=\"twitter:label1\" content=\"Tiempo de lectura\" \/>\n\t<meta name=\"twitter:data1\" content=\"4 minutos\" \/>\n<script type=\"application\/ld+json\" class=\"yoast-schema-graph\">{\"@context\":\"https:\/\/schema.org\",\"@graph\":[{\"@type\":\"WebPage\",\"@id\":\"https:\/\/www.xunzel.com\/store\/aviso-legal-y-condiciones-de-uso\/\",\"url\":\"https:\/\/www.xunzel.com\/store\/aviso-legal-y-condiciones-de-uso\/\",\"name\":\"Aviso Legal y Condiciones de Uso &#8211; Xunzel\",\"isPartOf\":{\"@id\":\"https:\/\/www.xunzel.com\/store\/#website\"},\"datePublished\":\"2021-01-07T14:46:34+00:00\",\"dateModified\":\"2021-03-09T16:35:27+00:00\",\"breadcrumb\":{\"@id\":\"https:\/\/www.xunzel.com\/store\/aviso-legal-y-condiciones-de-uso\/#breadcrumb\"},\"inLanguage\":\"es\",\"potentialAction\":[{\"@type\":\"ReadAction\",\"target\":[\"https:\/\/www.xunzel.com\/store\/aviso-legal-y-condiciones-de-uso\/\"]}]},{\"@type\":\"BreadcrumbList\",\"@id\":\"https:\/\/www.xunzel.com\/store\/aviso-legal-y-condiciones-de-uso\/#breadcrumb\",\"itemListElement\":[{\"@type\":\"ListItem\",\"position\":1,\"name\":\"Portada\",\"item\":\"https:\/\/www.xunzel.com\/store\/\"},{\"@type\":\"ListItem\",\"position\":2,\"name\":\"Aviso Legal y Condiciones de Uso\"}]},{\"@type\":\"WebSite\",\"@id\":\"https:\/\/www.xunzel.com\/store\/#website\",\"url\":\"https:\/\/www.xunzel.com\/store\/\",\"name\":\"Xunzel\",\"description\":\"Energy in a box - The Electric Revolution\",\"publisher\":{\"@id\":\"https:\/\/www.xunzel.com\/store\/#organization\"},\"potentialAction\":[{\"@type\":\"SearchAction\",\"target\":{\"@type\":\"EntryPoint\",\"urlTemplate\":\"https:\/\/www.xunzel.com\/store\/?s={search_term_string}\"},\"query-input\":{\"@type\":\"PropertyValueSpecification\",\"valueRequired\":true,\"valueName\":\"search_term_string\"}}],\"inLanguage\":\"es\"},{\"@type\":\"Organization\",\"@id\":\"https:\/\/www.xunzel.com\/store\/#organization\",\"name\":\"Xunzel\",\"url\":\"https:\/\/www.xunzel.com\/store\/\",\"logo\":{\"@type\":\"ImageObject\",\"inLanguage\":\"es\",\"@id\":\"https:\/\/www.xunzel.com\/store\/#\/schema\/logo\/image\/\",\"url\":\"https:\/\/www.xunzel.com\/store\/wp-content\/uploads\/2021\/01\/logo-xunzel-footer.png\",\"contentUrl\":\"https:\/\/www.xunzel.com\/store\/wp-content\/uploads\/2021\/01\/logo-xunzel-footer.png\",\"width\":280,\"height\":52,\"caption\":\"Xunzel\"},\"image\":{\"@id\":\"https:\/\/www.xunzel.com\/store\/#\/schema\/logo\/image\/\"}}]}<\/script>\n<!-- \/ Yoast SEO plugin. -->","yoast_head_json":{"title":"Aviso Legal y Condiciones de Uso &#8211; Xunzel","robots":{"index":"index","follow":"follow","max-snippet":"max-snippet:-1","max-image-preview":"max-image-preview:large","max-video-preview":"max-video-preview:-1"},"canonical":"https:\/\/www.xunzel.com\/store\/aviso-legal-y-condiciones-de-uso\/","og_locale":"es_ES","og_type":"article","og_title":"Aviso Legal y Condiciones de Uso &#8211; Xunzel","og_description":"[vc_row full_width=&#8221;stretch_row_content&#8221; css=&#8221;.vc_custom_1615307654985{background-color: #000000 !important;}&#8221;][vc_column][vc_single_image image=&#8221;11385&#8243; img_size=&#8221;1920&#215;920&#8243; alignment=&#8221;center&#8221;][\/vc_column][\/vc_row][vc_row][vc_column][vc_empty_space][vc_column_text]La compa\u00f1\u00eda La presente p\u00e1gina web es propiedad de la siguiente compa\u00f1\u00eda: XUNZEL [&hellip;]","og_url":"https:\/\/www.xunzel.com\/store\/aviso-legal-y-condiciones-de-uso\/","og_site_name":"Xunzel","article_modified_time":"2021-03-09T16:35:27+00:00","og_image":[{"width":2000,"height":2000,"url":"https:\/\/www.xunzel.com\/store\/wp-content\/uploads\/2024\/02\/HOME-XUNZEL_W.jpg","type":"image\/jpeg"}],"twitter_card":"summary_large_image","twitter_misc":{"Tiempo de lectura":"4 minutos"},"schema":{"@context":"https:\/\/schema.org","@graph":[{"@type":"WebPage","@id":"https:\/\/www.xunzel.com\/store\/aviso-legal-y-condiciones-de-uso\/","url":"https:\/\/www.xunzel.com\/store\/aviso-legal-y-condiciones-de-uso\/","name":"Aviso Legal y Condiciones de Uso &#8211; Xunzel","isPartOf":{"@id":"https:\/\/www.xunzel.com\/store\/#website"},"datePublished":"2021-01-07T14:46:34+00:00","dateModified":"2021-03-09T16:35:27+00:00","breadcrumb":{"@id":"https:\/\/www.xunzel.com\/store\/aviso-legal-y-condiciones-de-uso\/#breadcrumb"},"inLanguage":"es","potentialAction":[{"@type":"ReadAction","target":["https:\/\/www.xunzel.com\/store\/aviso-legal-y-condiciones-de-uso\/"]}]},{"@type":"BreadcrumbList","@id":"https:\/\/www.xunzel.com\/store\/aviso-legal-y-condiciones-de-uso\/#breadcrumb","itemListElement":[{"@type":"ListItem","position":1,"name":"Portada","item":"https:\/\/www.xunzel.com\/store\/"},{"@type":"ListItem","position":2,"name":"Aviso Legal y Condiciones de Uso"}]},{"@type":"WebSite","@id":"https:\/\/www.xunzel.com\/store\/#website","url":"https:\/\/www.xunzel.com\/store\/","name":"Xunzel","description":"Energy in a box - The Electric Revolution","publisher":{"@id":"https:\/\/www.xunzel.com\/store\/#organization"},"potentialAction":[{"@type":"SearchAction","target":{"@type":"EntryPoint","urlTemplate":"https:\/\/www.xunzel.com\/store\/?s={search_term_string}"},"query-input":{"@type":"PropertyValueSpecification","valueRequired":true,"valueName":"search_term_string"}}],"inLanguage":"es"},{"@type":"Organization","@id":"https:\/\/www.xunzel.com\/store\/#organization","name":"Xunzel","url":"https:\/\/www.xunzel.com\/store\/","logo":{"@type":"ImageObject","inLanguage":"es","@id":"https:\/\/www.xunzel.com\/store\/#\/schema\/logo\/image\/","url":"https:\/\/www.xunzel.com\/store\/wp-content\/uploads\/2021\/01\/logo-xunzel-footer.png","contentUrl":"https:\/\/www.xunzel.com\/store\/wp-content\/uploads\/2021\/01\/logo-xunzel-footer.png","width":280,"height":52,"caption":"Xunzel"},"image":{"@id":"https:\/\/www.xunzel.com\/store\/#\/schema\/logo\/image\/"}}]}},"_links":{"self":[{"href":"https:\/\/www.xunzel.com\/store\/wp-json\/wp\/v2\/pages\/9934","targetHints":{"allow":["GET"]}}],"collection":[{"href":"https:\/\/www.xunzel.com\/store\/wp-json\/wp\/v2\/pages"}],"about":[{"href":"https:\/\/www.xunzel.com\/store\/wp-json\/wp\/v2\/types\/page"}],"author":[{"embeddable":true,"href":"https:\/\/www.xunzel.com\/store\/wp-json\/wp\/v2\/users\/1"}],"replies":[{"embeddable":true,"href":"https:\/\/www.xunzel.com\/store\/wp-json\/wp\/v2\/comments?post=9934"}],"version-history":[{"count":0,"href":"https:\/\/www.xunzel.com\/store\/wp-json\/wp\/v2\/pages\/9934\/revisions"}],"wp:attachment":[{"href":"https:\/\/www.xunzel.com\/store\/wp-json\/wp\/v2\/media?parent=9934"}],"curies":[{"name":"wp","href":"https:\/\/api.w.org\/{rel}","templated":true}]}}