{"id":7637,"date":"2020-07-21T16:32:54","date_gmt":"2020-07-21T14:32:54","guid":{"rendered":"https:\/\/www.xunzel.com\/store\/?page_id=7637"},"modified":"2024-04-05T14:22:29","modified_gmt":"2024-04-05T12:22:29","slug":"solarlife-pro","status":"publish","type":"page","link":"https:\/\/www.xunzel.com\/store\/solarlife-pro\/","title":{"rendered":"SOLARLIFE-PRO\u2122"},"content":{"rendered":"<div class=\"wpb-content-wrapper\"><p>[vc_row full_width=&#8221;stretch_row&#8221; css=&#8221;.vc_custom_1613037967690{background-color: #000000 !important;}&#8221;][vc_column]<div style=\"width:100%;\" class=\"cqtooltip-wrapper \" data-opacity=\"1\" data-tooltipanimation=\"grow\" data-tooltipstyle=\"shadow\" data-trigger=\"\" data-maxwidth=\"270\" data-marginoffset=\"\" data-isdisplayall=\"off\" data-displayednum=\"1\"><img decoding=\"async\" src=\"https:\/\/www.xunzel.com\/store\/wp-content\/uploads\/2021\/03\/Solar_Life_Pro_Series-new-esp.jpg\" alt=\"\" \/><div class=\"cq-hotspots\"><div class=\"hotspot-item pulse-white \" style=\"top:35%;left:5%;\" data-top=\"35%\" data-left=\"5%\"><a href=\"#\" class=\"cq-tooltip\" style=\"background:rgba(0,0,0,0.8);\" data-tooltip=\"\n&lt;strong&gt;Paneles SOLARPOWER\u2122&lt;\/strong&gt;&lt;br \/&gt;\nde alto rendimiento\" data-arrowposition=\"\"><span style=\"background:#ffffff;\"><\/span><\/a><\/div><div class=\"hotspot-item pulse-white \" style=\"top:60%;left:25%;\" data-top=\"60%\" data-left=\"25%\"><a href=\"#\" class=\"cq-tooltip\" style=\"background:rgba(0,0,0,0.8);\" data-tooltip=\"\n&lt;strong&gt;Universales&lt;\/strong&gt;&lt;br \/&gt;\nSoluciones para Seguridad, IoT \/ IIoT,&lt;br \/&gt;\nMonitorizaci\u00f3n, Sensores,&lt;br \/&gt;\nTelecomunicaciones, Automatismos,\u2026\" data-arrowposition=\"top\"><span style=\"background:#ffffff;\"><\/span><\/a><\/div><div class=\"hotspot-item pulse-white \" style=\"top:65%;left:8%;\" data-top=\"65%\" data-left=\"8%\"><a href=\"#\" class=\"cq-tooltip\" style=\"background:rgba(0,0,0,0.8);\" data-tooltip=\"\n&lt;strong&gt;Conectar y usar&lt;\/strong&gt;&lt;br \/&gt;\nComponentes de alta calidad&lt;br \/&gt;\nSeguros, fiables y sin mantenimiento&lt;br \/&gt;\n&lt;\/p&gt;\n&lt;p&gt;\" data-arrowposition=\"top\"><span style=\"background:#ffffff;\"><\/span><\/a><\/div><\/div><\/div>[\/vc_column][\/vc_row][vc_row gap=&#8221;5&#8243; content_placement=&#8221;top&#8221; css=&#8221;.vc_custom_1610809301335{margin-top: 30px !important;}&#8221;][vc_column width=&#8221;1\/2&#8243;][vc_row_inner][vc_column_inner][vc_custom_heading text=&#8221;SOLARLIFE-PRO\u2122 IoT Series&#8221; font_container=&#8221;tag:h2|text_align:left|color:%23ee7401&#8243; google_fonts=&#8221;font_family:Raleway%3A100%2C200%2C300%2Cregular%2C500%2C600%2C700%2C800%2C900|font_style:400%20regular%3A400%3Anormal&#8221; link=&#8221;url:https%3A%2F%2Fwww.xunzel.com%2Fstore%2Fcategoria-producto%2Fsolarlife-pro%2Fsolarlife-pro-iot-series%2F&#8221;][vc_column_text]<strong>Sistemas de energ\u00eda aut\u00f3noma y de respaldo especialmente dise\u00f1ados para Puntos de Acceso, R\u00faters, Sensores, Equipos IoT \/ IIoT, Monitorizaci\u00f3n, Telemetr\u00eda, Control, Telecomunicaciones, \u2026.<\/strong><\/p>\n<p>Dise\u00f1ados y fabricados para suministras energ\u00eda fiable y eficiente.<br \/>\nUniversales. Sin Mantenimiento. Completos y Listos para usar.<\/p>\n<p><strong>F\u00e1cilmente ampliables. R\u00e1pida puesta en marcha en cualquier ubicaci\u00f3n.<\/strong>[\/vc_column_text][mvc_advanced_button btn_animation=&#8221;button&#8211;ujarak&#8221; btn_text=&#8221;SOLARLIFE-PRO\u2122 IoT Series&#8221; padding_top=&#8221;5&#8243; padding_left=&#8221;12&#8243; border_style=&#8221;solid&#8221; border_width=&#8221;1&#8243; btn_size=&#8221;14&#8243; use_theme_fonts=&#8221;yes&#8221; btn_url=&#8221;url:https%3A%2F%2Fwww.xunzel.com%2Fstore%2Fcategoria-producto%2Fsolarlife-pro%2Fsolarlife-pro-iot-series%2F|||&#8221; btn_clr=&#8221;#000000&#8243; btn_bg=&#8221;#ffffff&#8221; btn_hvrclr=&#8221;#ffffff&#8221; btn_hvrbg=&#8221;#000000&#8243; btn_border=&#8221;#000000&#8243; btn_radius=&#8221;0&#8243;][vc_empty_space height=&#8221;5px&#8221;][\/vc_column_inner][\/vc_row_inner][\/vc_column][vc_column width=&#8221;1\/2&#8243;][vc_single_image image=&#8221;10255&#8243; img_size=&#8221;515&#215;495&#8243; onclick=&#8221;link_image&#8221;][\/vc_column][\/vc_row][vc_row css=&#8221;.vc_custom_1610809292047{margin-top: 15px !important;margin-bottom: 15px !important;}&#8221;][vc_column][vc_separator][\/vc_column][\/vc_row][vc_row][vc_column width=&#8221;1\/2&#8243;][vc_custom_heading text=&#8221;SOLARLIFE-PRO\u2122 AUT Series&#8221; font_container=&#8221;tag:h2|text_align:left|color:%23ee7401&#8243; google_fonts=&#8221;font_family:Raleway%3A100%2C200%2C300%2Cregular%2C500%2C600%2C700%2C800%2C900|font_style:400%20regular%3A400%3Anormal&#8221; link=&#8221;url:https%3A%2F%2Fwww.xunzel.com%2Fstore%2Fcategoria-producto%2Fsolarlife-pro%2Fsolarlife-pro-aut-series%2F&#8221;][vc_column_text]<strong>Sistemas de energ\u00eda aut\u00f3noma y de respaldo para automatismos, motorizaciones y control de accesos.<\/strong><\/p>\n<p>Dise\u00f1ados y fabricados para suministrar energ\u00eda fiable y eficiente.<br \/>\nUniversales. Sin Mantenimiento. Completos y Listos para usar.<\/p>\n<p>Soluciones para todo tipo de automatismos (9V, 12V, 24V, 36V, 48V y 230V) <strong>F\u00e1cilmente ampliables. R\u00e1pida puesta en marcha en cualquier ubicaci\u00f3n.<\/strong>[\/vc_column_text][mvc_advanced_button btn_animation=&#8221;button&#8211;ujarak&#8221; btn_text=&#8221;SOLARLIFE-PRO \u2122 AUT Series&#8221; padding_top=&#8221;5&#8243; padding_left=&#8221;12&#8243; border_style=&#8221;solid&#8221; border_width=&#8221;1&#8243; btn_size=&#8221;14&#8243; use_theme_fonts=&#8221;yes&#8221; btn_url=&#8221;url:https%3A%2F%2Fwww.xunzel.com%2Fstore%2Fcategoria-producto%2Fsolarlife-pro%2Fsolarlife-pro-aut-series%2F|||&#8221; btn_clr=&#8221;#000000&#8243; btn_bg=&#8221;#ffffff&#8221; btn_hvrclr=&#8221;#ffffff&#8221; btn_hvrbg=&#8221;#000000&#8243; btn_border=&#8221;#000000&#8243; btn_radius=&#8221;0&#8243;][vc_empty_space height=&#8221;5px&#8221;][mvc_advanced_button btn_animation=&#8221;button&#8211;ujarak&#8221; btn_text=&#8221;SOLARLIFE-PRO \u2122 AUT Datasheet&#8221; padding_top=&#8221;5&#8243; padding_left=&#8221;12&#8243; border_style=&#8221;solid&#8221; border_width=&#8221;1&#8243; btn_size=&#8221;14&#8243; use_theme_fonts=&#8221;yes&#8221; btn_url=&#8221;url:https%3A%2F%2Fwww.xunzel.com%2Fstore%2Fwp-content%2Fuploads%2Fshared-files%2FSOLARLIFE-PRO-AUT-Series-ESP.pdf|target:_blank&#8221; btn_clr=&#8221;#000000&#8243; btn_bg=&#8221;#ffffff&#8221; btn_hvrclr=&#8221;#ffffff&#8221; btn_hvrbg=&#8221;#000000&#8243; btn_border=&#8221;#000000&#8243; btn_radius=&#8221;0&#8243;][\/vc_column][vc_column width=&#8221;1\/2&#8243;][vc_single_image image=&#8221;20962&#8243; img_size=&#8221;515&#215;495&#8243; onclick=&#8221;link_image&#8221;][\/vc_column][\/vc_row][vc_row css=&#8221;.vc_custom_1610809313617{margin-top: 15px !important;margin-bottom: 15px !important;}&#8221;][vc_column][vc_separator][\/vc_column][\/vc_row][vc_row][vc_column width=&#8221;1\/2&#8243;][vc_custom_heading text=&#8221;SOLARLIFE-PRO\u2122 VSC Series&#8221; font_container=&#8221;tag:h2|text_align:left|color:%23ee7401&#8243; google_fonts=&#8221;font_family:Raleway%3A100%2C200%2C300%2Cregular%2C500%2C600%2C700%2C800%2C900|font_style:400%20regular%3A400%3Anormal&#8221; link=&#8221;url:https%3A%2F%2Fwww.xunzel.com%2Fstore%2Fcategoria-producto%2Fsolarlife-pro%2Fsolarlife-pro-vsc-series%2F&#8221;][vc_column_text]<strong>Sistemas de energ\u00eda aut\u00f3noma y de respaldo especialmente dise\u00f1ados para sistemas de vigilancia, c\u00e1maras, monitorizaci\u00f3n, control de accesos, etc.<\/strong><\/p>\n<p>Dise\u00f1ados y fabricados para suministrar energ\u00eda fiable y eficiente.<br \/>\nUniversales. Sin Mantenimiento. Completos y Listos para usar.<\/p>\n<p><strong>F\u00e1cilmente ampliables. R\u00e1pida puesta en marcha en cualquier ubicaci\u00f3n.<\/strong>[\/vc_column_text][mvc_advanced_button btn_animation=&#8221;button&#8211;ujarak&#8221; btn_text=&#8221;SOLARLIFE-PRO\u2122 VSC Series&#8221; padding_top=&#8221;5&#8243; padding_left=&#8221;12&#8243; border_style=&#8221;solid&#8221; border_width=&#8221;1&#8243; btn_size=&#8221;14&#8243; use_theme_fonts=&#8221;yes&#8221; btn_url=&#8221;url:https%3A%2F%2Fwww.xunzel.com%2Fstore%2Fcategoria-producto%2Fsolarlife-pro%2Fsolarlife-pro-vsc-series%2F|||&#8221; btn_clr=&#8221;#000000&#8243; btn_bg=&#8221;#ffffff&#8221; btn_hvrclr=&#8221;#ffffff&#8221; btn_hvrbg=&#8221;#000000&#8243; btn_border=&#8221;#000000&#8243; btn_radius=&#8221;0&#8243;][vc_empty_space height=&#8221;5px&#8221;][\/vc_column][vc_column width=&#8221;1\/2&#8243;][vc_row_inner][vc_column_inner][vc_single_image image=&#8221;10266&#8243; img_size=&#8221;515&#215;495&#8243; onclick=&#8221;link_image&#8221;][\/vc_column_inner][\/vc_row_inner][\/vc_column][\/vc_row]<\/p>\n<\/div>","protected":false},"excerpt":{"rendered":"<p>[vc_row full_width=&#8221;stretch_row&#8221; css=&#8221;.vc_custom_1613037967690{background-color: #000000 !important;}&#8221;][vc_column][\/vc_column][\/vc_row][vc_row gap=&#8221;5&#8243; content_placement=&#8221;top&#8221; css=&#8221;.vc_custom_1610809301335{margin-top: 30px !important;}&#8221;][vc_column width=&#8221;1\/2&#8243;][vc_row_inner][vc_column_inner][vc_custom_heading text=&#8221;SOLARLIFE-PRO\u2122 IoT Series&#8221; font_container=&#8221;tag:h2|text_align:left|color:%23ee7401&#8243; google_fonts=&#8221;font_family:Raleway%3A100%2C200%2C300%2Cregular%2C500%2C600%2C700%2C800%2C900|font_style:400%20regular%3A400%3Anormal&#8221; link=&#8221;url:https%3A%2F%2Fwww.xunzel.com%2Fstore%2Fcategoria-producto%2Fsolarlife-pro%2Fsolarlife-pro-iot-series%2F&#8221;][vc_column_text]Sistemas de energ\u00eda aut\u00f3noma [&hellip;]<\/p>\n","protected":false},"author":1,"featured_media":0,"parent":0,"menu_order":0,"comment_status":"closed","ping_status":"closed","template":"","meta":{"_acf_changed":false,"footnotes":""},"class_list":["post-7637","page","type-page","status-publish","hentry"],"acf":[],"yoast_head":"<!-- This site is optimized with the Yoast SEO plugin v25.4 - https:\/\/yoast.com\/wordpress\/plugins\/seo\/ -->\n<title>SOLARLIFE-PRO\u2122 &#8211; Xunzel<\/title>\n<meta name=\"description\" content=\"Energ\u00eda Solar plug&amp;play para IoT, Seguridad, Telemetr\u00eda, Monitorizaci\u00f3n, Telecom, \u2026\" \/>\n<meta name=\"robots\" content=\"index, follow, max-snippet:-1, max-image-preview:large, max-video-preview:-1\" \/>\n<link rel=\"canonical\" href=\"https:\/\/www.xunzel.com\/store\/solarlife-pro\/\" \/>\n<meta property=\"og:locale\" content=\"es_ES\" \/>\n<meta property=\"og:type\" content=\"article\" \/>\n<meta property=\"og:title\" content=\"SOLARLIFE-PRO\u2122 &#8211; Xunzel\" \/>\n<meta property=\"og:description\" content=\"Energ\u00eda Solar plug&amp;play para IoT, Seguridad, Telemetr\u00eda, Monitorizaci\u00f3n, Telecom, \u2026\" \/>\n<meta property=\"og:url\" content=\"https:\/\/www.xunzel.com\/store\/solarlife-pro\/\" \/>\n<meta property=\"og:site_name\" content=\"Xunzel\" \/>\n<meta property=\"article:modified_time\" content=\"2024-04-05T12:22:29+00:00\" \/>\n<meta property=\"og:image\" content=\"https:\/\/www.xunzel.com\/store\/wp-content\/uploads\/2024\/02\/HOME-XUNZEL_W.jpg\" \/>\n\t<meta property=\"og:image:width\" content=\"2000\" \/>\n\t<meta property=\"og:image:height\" content=\"2000\" \/>\n\t<meta property=\"og:image:type\" content=\"image\/jpeg\" \/>\n<meta name=\"twitter:card\" content=\"summary_large_image\" \/>\n<meta name=\"twitter:label1\" content=\"Tiempo de lectura\" \/>\n\t<meta name=\"twitter:data1\" content=\"2 minutos\" \/>\n<script type=\"application\/ld+json\" class=\"yoast-schema-graph\">{\"@context\":\"https:\/\/schema.org\",\"@graph\":[{\"@type\":\"WebPage\",\"@id\":\"https:\/\/www.xunzel.com\/store\/solarlife-pro\/\",\"url\":\"https:\/\/www.xunzel.com\/store\/solarlife-pro\/\",\"name\":\"SOLARLIFE-PRO\u2122 &#8211; Xunzel\",\"isPartOf\":{\"@id\":\"https:\/\/www.xunzel.com\/store\/#website\"},\"datePublished\":\"2020-07-21T14:32:54+00:00\",\"dateModified\":\"2024-04-05T12:22:29+00:00\",\"description\":\"Energ\u00eda Solar plug&play para IoT, Seguridad, Telemetr\u00eda, Monitorizaci\u00f3n, Telecom, \u2026\",\"breadcrumb\":{\"@id\":\"https:\/\/www.xunzel.com\/store\/solarlife-pro\/#breadcrumb\"},\"inLanguage\":\"es\",\"potentialAction\":[{\"@type\":\"ReadAction\",\"target\":[\"https:\/\/www.xunzel.com\/store\/solarlife-pro\/\"]}]},{\"@type\":\"BreadcrumbList\",\"@id\":\"https:\/\/www.xunzel.com\/store\/solarlife-pro\/#breadcrumb\",\"itemListElement\":[{\"@type\":\"ListItem\",\"position\":1,\"name\":\"Portada\",\"item\":\"https:\/\/www.xunzel.com\/store\/\"},{\"@type\":\"ListItem\",\"position\":2,\"name\":\"SOLARLIFE-PRO\u2122\"}]},{\"@type\":\"WebSite\",\"@id\":\"https:\/\/www.xunzel.com\/store\/#website\",\"url\":\"https:\/\/www.xunzel.com\/store\/\",\"name\":\"Xunzel\",\"description\":\"Energy in a box - The Electric Revolution\",\"publisher\":{\"@id\":\"https:\/\/www.xunzel.com\/store\/#organization\"},\"potentialAction\":[{\"@type\":\"SearchAction\",\"target\":{\"@type\":\"EntryPoint\",\"urlTemplate\":\"https:\/\/www.xunzel.com\/store\/?s={search_term_string}\"},\"query-input\":{\"@type\":\"PropertyValueSpecification\",\"valueRequired\":true,\"valueName\":\"search_term_string\"}}],\"inLanguage\":\"es\"},{\"@type\":\"Organization\",\"@id\":\"https:\/\/www.xunzel.com\/store\/#organization\",\"name\":\"Xunzel\",\"url\":\"https:\/\/www.xunzel.com\/store\/\",\"logo\":{\"@type\":\"ImageObject\",\"inLanguage\":\"es\",\"@id\":\"https:\/\/www.xunzel.com\/store\/#\/schema\/logo\/image\/\",\"url\":\"https:\/\/www.xunzel.com\/store\/wp-content\/uploads\/2021\/01\/logo-xunzel-footer.png\",\"contentUrl\":\"https:\/\/www.xunzel.com\/store\/wp-content\/uploads\/2021\/01\/logo-xunzel-footer.png\",\"width\":280,\"height\":52,\"caption\":\"Xunzel\"},\"image\":{\"@id\":\"https:\/\/www.xunzel.com\/store\/#\/schema\/logo\/image\/\"}}]}<\/script>\n<!-- \/ Yoast SEO plugin. -->","yoast_head_json":{"title":"SOLARLIFE-PRO\u2122 &#8211; Xunzel","description":"Energ\u00eda Solar plug&play para IoT, Seguridad, Telemetr\u00eda, Monitorizaci\u00f3n, Telecom, \u2026","robots":{"index":"index","follow":"follow","max-snippet":"max-snippet:-1","max-image-preview":"max-image-preview:large","max-video-preview":"max-video-preview:-1"},"canonical":"https:\/\/www.xunzel.com\/store\/solarlife-pro\/","og_locale":"es_ES","og_type":"article","og_title":"SOLARLIFE-PRO\u2122 &#8211; Xunzel","og_description":"Energ\u00eda Solar plug&play para IoT, Seguridad, Telemetr\u00eda, Monitorizaci\u00f3n, Telecom, \u2026","og_url":"https:\/\/www.xunzel.com\/store\/solarlife-pro\/","og_site_name":"Xunzel","article_modified_time":"2024-04-05T12:22:29+00:00","og_image":[{"width":2000,"height":2000,"url":"https:\/\/www.xunzel.com\/store\/wp-content\/uploads\/2024\/02\/HOME-XUNZEL_W.jpg","type":"image\/jpeg"}],"twitter_card":"summary_large_image","twitter_misc":{"Tiempo de lectura":"2 minutos"},"schema":{"@context":"https:\/\/schema.org","@graph":[{"@type":"WebPage","@id":"https:\/\/www.xunzel.com\/store\/solarlife-pro\/","url":"https:\/\/www.xunzel.com\/store\/solarlife-pro\/","name":"SOLARLIFE-PRO\u2122 &#8211; Xunzel","isPartOf":{"@id":"https:\/\/www.xunzel.com\/store\/#website"},"datePublished":"2020-07-21T14:32:54+00:00","dateModified":"2024-04-05T12:22:29+00:00","description":"Energ\u00eda Solar plug&play para IoT, Seguridad, Telemetr\u00eda, Monitorizaci\u00f3n, Telecom, \u2026","breadcrumb":{"@id":"https:\/\/www.xunzel.com\/store\/solarlife-pro\/#breadcrumb"},"inLanguage":"es","potentialAction":[{"@type":"ReadAction","target":["https:\/\/www.xunzel.com\/store\/solarlife-pro\/"]}]},{"@type":"BreadcrumbList","@id":"https:\/\/www.xunzel.com\/store\/solarlife-pro\/#breadcrumb","itemListElement":[{"@type":"ListItem","position":1,"name":"Portada","item":"https:\/\/www.xunzel.com\/store\/"},{"@type":"ListItem","position":2,"name":"SOLARLIFE-PRO\u2122"}]},{"@type":"WebSite","@id":"https:\/\/www.xunzel.com\/store\/#website","url":"https:\/\/www.xunzel.com\/store\/","name":"Xunzel","description":"Energy in a box - The Electric Revolution","publisher":{"@id":"https:\/\/www.xunzel.com\/store\/#organization"},"potentialAction":[{"@type":"SearchAction","target":{"@type":"EntryPoint","urlTemplate":"https:\/\/www.xunzel.com\/store\/?s={search_term_string}"},"query-input":{"@type":"PropertyValueSpecification","valueRequired":true,"valueName":"search_term_string"}}],"inLanguage":"es"},{"@type":"Organization","@id":"https:\/\/www.xunzel.com\/store\/#organization","name":"Xunzel","url":"https:\/\/www.xunzel.com\/store\/","logo":{"@type":"ImageObject","inLanguage":"es","@id":"https:\/\/www.xunzel.com\/store\/#\/schema\/logo\/image\/","url":"https:\/\/www.xunzel.com\/store\/wp-content\/uploads\/2021\/01\/logo-xunzel-footer.png","contentUrl":"https:\/\/www.xunzel.com\/store\/wp-content\/uploads\/2021\/01\/logo-xunzel-footer.png","width":280,"height":52,"caption":"Xunzel"},"image":{"@id":"https:\/\/www.xunzel.com\/store\/#\/schema\/logo\/image\/"}}]}},"_links":{"self":[{"href":"https:\/\/www.xunzel.com\/store\/wp-json\/wp\/v2\/pages\/7637","targetHints":{"allow":["GET"]}}],"collection":[{"href":"https:\/\/www.xunzel.com\/store\/wp-json\/wp\/v2\/pages"}],"about":[{"href":"https:\/\/www.xunzel.com\/store\/wp-json\/wp\/v2\/types\/page"}],"author":[{"embeddable":true,"href":"https:\/\/www.xunzel.com\/store\/wp-json\/wp\/v2\/users\/1"}],"replies":[{"embeddable":true,"href":"https:\/\/www.xunzel.com\/store\/wp-json\/wp\/v2\/comments?post=7637"}],"version-history":[{"count":0,"href":"https:\/\/www.xunzel.com\/store\/wp-json\/wp\/v2\/pages\/7637\/revisions"}],"wp:attachment":[{"href":"https:\/\/www.xunzel.com\/store\/wp-json\/wp\/v2\/media?parent=7637"}],"curies":[{"name":"wp","href":"https:\/\/api.w.org\/{rel}","templated":true}]}}