{"id":7633,"date":"2020-07-21T16:30:07","date_gmt":"2020-07-21T14:30:07","guid":{"rendered":"https:\/\/www.xunzel.com\/store\/?page_id=7633"},"modified":"2025-06-23T15:41:51","modified_gmt":"2025-06-23T13:41:51","slug":"solarlife","status":"publish","type":"page","link":"https:\/\/www.xunzel.com\/store\/solarlife\/","title":{"rendered":"SOLARLIFE\u2122"},"content":{"rendered":"<div class=\"wpb-content-wrapper\"><p>[vc_row full_width=&#8221;stretch_row&#8221; content_placement=&#8221;middle&#8221; css=&#8221;.vc_custom_1613040259612{background-color: #000000 !important;}&#8221;][vc_column css=&#8221;.vc_custom_1612774072893{background-color: #000000 !important;}&#8221;]<div style=\"width:100%;\" class=\"cqtooltip-wrapper \" data-opacity=\"1\" data-tooltipanimation=\"grow\" data-tooltipstyle=\"shadow\" data-trigger=\"\" data-maxwidth=\"270\" data-marginoffset=\"\" data-isdisplayall=\"off\" data-displayednum=\"1\"><img decoding=\"async\" src=\"https:\/\/www.xunzel.com\/store\/wp-content\/uploads\/2021\/02\/Solar_Life_Series.jpg\" alt=\"\" \/><div class=\"cq-hotspots\"><div class=\"hotspot-item pulse-white \" style=\"top:36%;left:35%;\" data-top=\"36%\" data-left=\"35%\"><a href=\"#\" class=\"cq-tooltip\" style=\"background:rgba(0,0,0,0.8);\" data-tooltip=\"\n&lt;strong&gt;Embalaje seguro. Listo para&lt;br \/&gt;\ntransportar &lt;\/strong&gt;&lt;strong&gt;a cualquier lugar.&lt;\/strong&gt;&lt;br \/&gt;\nHomologado para transporte seguro&lt;br \/&gt;\nA\u00e9reo, Mar\u00edtimo, Terrestre y Ferroviario\" data-arrowposition=\"\"><span style=\"background:#ffffff;\"><\/span><\/a><\/div><div class=\"hotspot-item pulse-white \" style=\"top:66%;left:52%;\" data-top=\"66%\" data-left=\"52%\"><a href=\"#\" class=\"cq-tooltip\" style=\"background:rgba(0,0,0,0.8);\" data-tooltip=\"\n&lt;strong&gt;Conectar y usar&lt;\/strong&gt;&lt;br \/&gt;\nComponentes de alta calidad Seguros,&lt;br \/&gt;\nfiables y sin mantenimiento\" data-arrowposition=\"top\"><span style=\"background:#ffffff;\"><\/span><\/a><\/div><div class=\"hotspot-item pulse-white \" style=\"top:48%;left:65%;\" data-top=\"48%\" data-left=\"65%\"><a href=\"#\" class=\"cq-tooltip\" style=\"background:rgba(0,0,0,0.8);\" data-tooltip=\"\n&lt;strong&gt;Paneles SOLARPOWER\u2122&lt;\/strong&gt;&lt;br \/&gt;\nde alto rendimiento\" data-arrowposition=\"top\"><span style=\"background:#ffffff;\"><\/span><\/a><\/div><\/div><\/div>[\/vc_column][\/vc_row][vc_row css=&#8221;.vc_custom_1750686107201{margin-top: 30px !important;}&#8221; top_section_title=&#8221;&#8221; bottom_section_title=&#8221;&#8221;][vc_column width=&#8221;1\/2&#8243;][vc_custom_heading text=&#8221;SOLARLIFE\u2122 i Series&#8221; font_container=&#8221;tag:h2|text_align:left|color:%23ee7401&#8243; google_fonts=&#8221;font_family:Raleway%3A100%2C200%2C300%2Cregular%2C500%2C600%2C700%2C800%2C900|font_style:400%20regular%3A400%3Anormal&#8221; link=&#8221;url:https%3A%2F%2Fwww.xunzel.com%2Fstore%2Fcategoria-producto%2Fsolarlife%2Fsolarlife-i-series%2F&#8221;][vc_column_text]<strong>Haz tu iluminaci\u00f3n LED Solar. Universal, compatible con tu luminaria. M\u00e1xima eficiencia y seguridad. Rendimiento luminoso espectacular.<\/strong><\/p>\n<p>Uso Exterior e Interior. Ultra-seguros (12VCC)<br \/>\nSin Mantenimiento. Completos y Listos para usar.<\/p>\n<p><strong>F\u00e1cilmente ampliables. R\u00e1pida puesta en marcha en cualquier ubicaci\u00f3n.<\/strong>[\/vc_column_text][vc_row_inner content_placement=&#8221;middle&#8221;][vc_column_inner width=&#8221;1\/2&#8243;][mvc_advanced_button btn_animation=&#8221;button&#8211;ujarak&#8221; btn_text=&#8221;SOLARLIFE\u2122 i Series&#8221; padding_top=&#8221;5&#8243; padding_left=&#8221;12&#8243; border_style=&#8221;solid&#8221; border_width=&#8221;1&#8243; btn_size=&#8221;14&#8243; use_theme_fonts=&#8221;yes&#8221; btn_url=&#8221;url:https%3A%2F%2Fwww.xunzel.com%2Fstore%2Fcategoria-producto%2Fsolarlife%2Fsolarlife-i-series%2F|||&#8221; btn_clr=&#8221;#000000&#8243; btn_bg=&#8221;#ffffff&#8221; btn_hvrclr=&#8221;#ffffff&#8221; btn_hvrbg=&#8221;#000000&#8243; btn_border=&#8221;#000000&#8243; btn_radius=&#8221;0&#8243;][vc_empty_space height=&#8221;5px&#8221;][mvc_advanced_button btn_animation=&#8221;button&#8211;ujarak&#8221; btn_text=&#8221;SOLARLIFE\u2122 i Datasheet&#8221; padding_top=&#8221;5&#8243; padding_left=&#8221;12&#8243; border_style=&#8221;solid&#8221; border_width=&#8221;1&#8243; btn_size=&#8221;14&#8243; use_theme_fonts=&#8221;yes&#8221; btn_url=&#8221;url:https%3A%2F%2Fwww.xunzel.com%2Fstore%2Fshared-files%2F8338%2FFICHA-SOLARLIFE-i-SERIES-ESP.pdf||target:%20_blank|&#8221; btn_clr=&#8221;#000000&#8243; btn_bg=&#8221;#ffffff&#8221; btn_hvrclr=&#8221;#ffffff&#8221; btn_hvrbg=&#8221;#000000&#8243; btn_border=&#8221;#000000&#8243; btn_radius=&#8221;0&#8243;][vc_empty_space height=&#8221;5px&#8221;][mvc_advanced_button btn_animation=&#8221;button&#8211;ujarak&#8221; btn_text=&#8221;SOLARLIFE\u2122 i Video&#8221; padding_top=&#8221;5&#8243; padding_left=&#8221;12&#8243; border_style=&#8221;solid&#8221; border_width=&#8221;1&#8243; btn_size=&#8221;14&#8243; use_theme_fonts=&#8221;yes&#8221; btn_icon=&#8221;fab fa-youtube&#8221; btn_url=&#8221;url:https%3A%2F%2Fwww.youtube.com%2Fwatch%3Fv%3DKnYMQ7S5sng|target:_blank&#8221; btn_clr=&#8221;#000000&#8243; btn_bg=&#8221;#ffffff&#8221; btn_hvrclr=&#8221;#ffffff&#8221; btn_hvrbg=&#8221;#000000&#8243; btn_border=&#8221;#000000&#8243; btn_radius=&#8221;0&#8243;][\/vc_column_inner][vc_column_inner width=&#8221;1\/2&#8243;][vc_single_image image=&#8221;15467&#8243; img_size=&#8221;292&#215;280&#8243; alignment=&#8221;center&#8221; onclick=&#8221;link_image&#8221;][\/vc_column_inner][\/vc_row_inner][\/vc_column][vc_column width=&#8221;1\/2&#8243;][vc_single_image image=&#8221;10318&#8243; img_size=&#8221;515&#215;495&#8243; alignment=&#8221;center&#8221; onclick=&#8221;link_image&#8221;][\/vc_column][\/vc_row][vc_row css=&#8221;.vc_custom_1610809292047{margin-top: 15px !important;margin-bottom: 15px !important;}&#8221;][vc_column][vc_separator][\/vc_column][\/vc_row][vc_row][vc_column width=&#8221;1\/2&#8243;][vc_custom_heading text=&#8221;SOLARLIFE\u2122 G Series&#8221; font_container=&#8221;tag:h2|text_align:left|color:%23ee7401&#8243; google_fonts=&#8221;font_family:Raleway%3A100%2C200%2C300%2Cregular%2C500%2C600%2C700%2C800%2C900|font_style:400%20regular%3A400%3Anormal&#8221; link=&#8221;url:https%3A%2F%2Fwww.xunzel.com%2Fstore%2Fcategoria-producto%2Fsolarlife%2Fsolarlife-g-series%2F&#8221;][vc_column_text]<strong>Crea tu Sistema de Iluminaci\u00f3n LED Solar Aut\u00f3nomo. <\/strong><strong>M\u00e1xima eficiencia y seguridad. Rendimiento luminoso espectacular.<\/strong><\/p>\n<p>Proyector LED uso Exterior e Interior. Ultra-seguros (12VCC)<br \/>\nSin Mantenimiento. Completos y Listos para usar.<\/p>\n<p><strong>F\u00e1cilmente ampliables. R\u00e1pida puesta en marcha en cualquier ubicaci\u00f3n.<\/strong>[\/vc_column_text][vc_row_inner content_placement=&#8221;middle&#8221;][vc_column_inner width=&#8221;1\/2&#8243;][mvc_advanced_button btn_animation=&#8221;button&#8211;ujarak&#8221; btn_text=&#8221;SOLARLIFE\u2122 G Series&#8221; padding_top=&#8221;5&#8243; padding_left=&#8221;12&#8243; border_style=&#8221;solid&#8221; border_width=&#8221;1&#8243; btn_size=&#8221;14&#8243; use_theme_fonts=&#8221;yes&#8221; btn_url=&#8221;url:https%3A%2F%2Fwww.xunzel.com%2Fstore%2Fcategoria-producto%2Fsolarlife%2Fsolarlife-g-series%2F|||&#8221; btn_clr=&#8221;#000000&#8243; btn_bg=&#8221;#ffffff&#8221; btn_hvrclr=&#8221;#ffffff&#8221; btn_hvrbg=&#8221;#000000&#8243; btn_border=&#8221;#000000&#8243; btn_radius=&#8221;0&#8243;][vc_empty_space height=&#8221;5px&#8221;][mvc_advanced_button btn_animation=&#8221;button&#8211;ujarak&#8221; btn_text=&#8221;SOLARLIFE\u2122 G Datasheet&#8221; padding_top=&#8221;5&#8243; padding_left=&#8221;12&#8243; border_style=&#8221;solid&#8221; border_width=&#8221;1&#8243; btn_size=&#8221;14&#8243; use_theme_fonts=&#8221;yes&#8221; btn_url=&#8221;url:https%3A%2F%2Fwww.xunzel.com%2Fstore%2Fshared-files%2F8337%2FFICHA-SOLARLIFE-G-SERIES-ESP.pdf||target:%20_blank|&#8221; btn_clr=&#8221;#000000&#8243; btn_bg=&#8221;#ffffff&#8221; btn_hvrclr=&#8221;#ffffff&#8221; btn_hvrbg=&#8221;#000000&#8243; btn_border=&#8221;#000000&#8243; btn_radius=&#8221;0&#8243;][vc_empty_space height=&#8221;5px&#8221;][mvc_advanced_button btn_animation=&#8221;button&#8211;ujarak&#8221; btn_text=&#8221;SOLARLIFE\u2122 G Datasheet&#8221; padding_top=&#8221;5&#8243; padding_left=&#8221;12&#8243; border_style=&#8221;solid&#8221; border_width=&#8221;1&#8243; btn_size=&#8221;14&#8243; use_theme_fonts=&#8221;yes&#8221; btn_icon=&#8221;fab fa-youtube&#8221; btn_url=&#8221;url:https%3A%2F%2Fwww.youtube.com%2Fwatch%3Fv%3D5ss6I1rakpU%20|target:_blank&#8221; btn_clr=&#8221;#000000&#8243; btn_bg=&#8221;#ffffff&#8221; btn_hvrclr=&#8221;#ffffff&#8221; btn_hvrbg=&#8221;#000000&#8243; btn_border=&#8221;#000000&#8243; btn_radius=&#8221;0&#8243;][\/vc_column_inner][vc_column_inner width=&#8221;1\/2&#8243;][vc_single_image image=&#8221;15485&#8243; img_size=&#8221;292&#215;280&#8243; alignment=&#8221;center&#8221; onclick=&#8221;link_image&#8221;][\/vc_column_inner][\/vc_row_inner][\/vc_column][vc_column width=&#8221;1\/2&#8243;][vc_row_inner][vc_column_inner][vc_single_image image=&#8221;10316&#8243; img_size=&#8221;515&#215;495&#8243; alignment=&#8221;center&#8221; onclick=&#8221;link_image&#8221;][\/vc_column_inner][\/vc_row_inner][\/vc_column][\/vc_row][vc_row css=&#8221;.vc_custom_1610809313617{margin-top: 15px !important;margin-bottom: 15px !important;}&#8221;][vc_column][vc_separator][\/vc_column][\/vc_row][vc_row][vc_column width=&#8221;1\/2&#8243;][vc_custom_heading text=&#8221;SOLARLIFE\u2122 S-Line Series&#8221; font_container=&#8221;tag:h2|text_align:left|color:%23ee7401&#8243; google_fonts=&#8221;font_family:Raleway%3A100%2C200%2C300%2Cregular%2C500%2C600%2C700%2C800%2C900|font_style:400%20regular%3A400%3Anormal&#8221; link=&#8221;url:https%3A%2F%2Fwww.xunzel.com%2Fstore%2Fcategoria-producto%2Fsolarlife%2Fsolarlife-s-line-series%2F&#8221;][vc_column_text]<strong>Sistema de iluminaci\u00f3n LED Solar. Universal, f\u00e1cil de poner y quitar. M\u00e1xima eficiencia y seguridad. Rendimiento luminoso espectacular.<\/strong><\/p>\n<p>Uso Exterior e Interior. Ultra-seguros (12VCC).<br \/>\nSin Mantenimiento. Completos y Listos para usar.<\/p>\n<p><strong>F\u00e1cilmente ampliables. R\u00e1pida puesta en marcha en cualquier ubicaci\u00f3n. <\/strong>Soluciones hasta 32 metros.[\/vc_column_text][vc_row_inner content_placement=&#8221;middle&#8221;][vc_column_inner width=&#8221;1\/2&#8243;][mvc_advanced_button btn_animation=&#8221;button&#8211;ujarak&#8221; btn_text=&#8221;SOLARLIFE\u2122 S-Line Series&#8221; padding_top=&#8221;5&#8243; padding_left=&#8221;12&#8243; border_style=&#8221;solid&#8221; border_width=&#8221;1&#8243; btn_size=&#8221;14&#8243; use_theme_fonts=&#8221;yes&#8221; btn_url=&#8221;url:https%3A%2F%2Fwww.xunzel.com%2Fstore%2Fcategoria-producto%2Fsolarlife%2Fsolarlife-s-line-series%2F|||&#8221; btn_clr=&#8221;#000000&#8243; btn_bg=&#8221;#ffffff&#8221; btn_hvrclr=&#8221;#ffffff&#8221; btn_hvrbg=&#8221;#000000&#8243; btn_border=&#8221;#000000&#8243; btn_radius=&#8221;0&#8243;][vc_empty_space height=&#8221;5px&#8221;][mvc_advanced_button btn_animation=&#8221;button&#8211;ujarak&#8221; btn_text=&#8221;SOLARLIFE\u2122 S Datasheet&#8221; padding_top=&#8221;5&#8243; padding_left=&#8221;12&#8243; border_style=&#8221;solid&#8221; border_width=&#8221;1&#8243; btn_size=&#8221;14&#8243; use_theme_fonts=&#8221;yes&#8221; btn_url=&#8221;url:https%3A%2F%2Fwww.xunzel.com%2Fstore%2Fshared-files%2F8339%2FFICHA-SOLARLIFE-S-Line-SERIES-ESP.pdf||target:%20_blank|&#8221; btn_clr=&#8221;#000000&#8243; btn_bg=&#8221;#ffffff&#8221; btn_hvrclr=&#8221;#ffffff&#8221; btn_hvrbg=&#8221;#000000&#8243; btn_border=&#8221;#000000&#8243; btn_radius=&#8221;0&#8243;][vc_empty_space height=&#8221;5px&#8221;][mvc_advanced_button btn_animation=&#8221;button&#8211;ujarak&#8221; btn_text=&#8221;SOLARLIFE\u2122 S Video&#8221; padding_top=&#8221;5&#8243; padding_left=&#8221;12&#8243; border_style=&#8221;solid&#8221; border_width=&#8221;1&#8243; btn_size=&#8221;14&#8243; use_theme_fonts=&#8221;yes&#8221; btn_icon=&#8221;fab fa-youtube&#8221; btn_url=&#8221;url:https%3A%2F%2Fwww.youtube.com%2Fwatch%3Fv%3DmzHP88ZC9x8%20|target:_blank&#8221; btn_clr=&#8221;#000000&#8243; btn_bg=&#8221;#ffffff&#8221; btn_hvrclr=&#8221;#ffffff&#8221; btn_hvrbg=&#8221;#000000&#8243; btn_border=&#8221;#000000&#8243; btn_radius=&#8221;0&#8243;][\/vc_column_inner][vc_column_inner width=&#8221;1\/2&#8243;][vc_single_image image=&#8221;21988&#8243; img_size=&#8221;292&#215;280&#8243; alignment=&#8221;center&#8221; onclick=&#8221;link_image&#8221;][\/vc_column_inner][\/vc_row_inner][\/vc_column][vc_column width=&#8221;1\/2&#8243;][vc_single_image image=&#8221;10295&#8243; img_size=&#8221;515&#215;495&#8243; alignment=&#8221;center&#8221; onclick=&#8221;link_image&#8221;][\/vc_column][\/vc_row]<\/p>\n<\/div>","protected":false},"excerpt":{"rendered":"<p>[vc_row full_width=&#8221;stretch_row&#8221; content_placement=&#8221;middle&#8221; css=&#8221;.vc_custom_1613040259612{background-color: #000000 !important;}&#8221;][vc_column css=&#8221;.vc_custom_1612774072893{background-color: #000000 !important;}&#8221;][\/vc_column][\/vc_row][vc_row css=&#8221;.vc_custom_1750686107201{margin-top: 30px !important;}&#8221; top_section_title=&#8221;&#8221; bottom_section_title=&#8221;&#8221;][vc_column width=&#8221;1\/2&#8243;][vc_custom_heading text=&#8221;SOLARLIFE\u2122 i Series&#8221; font_container=&#8221;tag:h2|text_align:left|color:%23ee7401&#8243; google_fonts=&#8221;font_family:Raleway%3A100%2C200%2C300%2Cregular%2C500%2C600%2C700%2C800%2C900|font_style:400%20regular%3A400%3Anormal&#8221; [&hellip;]<\/p>\n","protected":false},"author":1,"featured_media":0,"parent":0,"menu_order":0,"comment_status":"closed","ping_status":"closed","template":"","meta":{"_acf_changed":false,"footnotes":""},"class_list":["post-7633","page","type-page","status-publish","hentry"],"acf":[],"yoast_head":"<!-- This site is optimized with the Yoast SEO plugin v25.4 - https:\/\/yoast.com\/wordpress\/plugins\/seo\/ -->\n<title>SOLARLIFE\u2122 &#8211; Xunzel<\/title>\n<meta name=\"description\" content=\"Sistemas Solares de Iluminaci\u00f3n LED altamente eficientes y larga duraci\u00f3n. Exterior e Interior\" \/>\n<meta name=\"robots\" content=\"index, follow, max-snippet:-1, max-image-preview:large, max-video-preview:-1\" \/>\n<link rel=\"canonical\" href=\"https:\/\/www.xunzel.com\/store\/solarlife\/\" \/>\n<meta property=\"og:locale\" content=\"es_ES\" \/>\n<meta property=\"og:type\" content=\"article\" \/>\n<meta property=\"og:title\" content=\"SOLARLIFE\u2122 &#8211; Xunzel\" \/>\n<meta property=\"og:description\" content=\"Sistemas Solares de Iluminaci\u00f3n LED altamente eficientes y larga duraci\u00f3n. Exterior e Interior\" \/>\n<meta property=\"og:url\" content=\"https:\/\/www.xunzel.com\/store\/solarlife\/\" \/>\n<meta property=\"og:site_name\" content=\"Xunzel\" \/>\n<meta property=\"article:modified_time\" content=\"2025-06-23T13:41:51+00:00\" \/>\n<meta property=\"og:image\" content=\"https:\/\/www.xunzel.com\/store\/wp-content\/uploads\/2024\/02\/HOME-XUNZEL_W.jpg\" \/>\n\t<meta property=\"og:image:width\" content=\"2000\" \/>\n\t<meta property=\"og:image:height\" content=\"2000\" \/>\n\t<meta property=\"og:image:type\" content=\"image\/jpeg\" \/>\n<meta name=\"twitter:card\" content=\"summary_large_image\" \/>\n<meta name=\"twitter:label1\" content=\"Tiempo de lectura\" \/>\n\t<meta name=\"twitter:data1\" content=\"2 minutos\" \/>\n<script type=\"application\/ld+json\" class=\"yoast-schema-graph\">{\"@context\":\"https:\/\/schema.org\",\"@graph\":[{\"@type\":\"WebPage\",\"@id\":\"https:\/\/www.xunzel.com\/store\/solarlife\/\",\"url\":\"https:\/\/www.xunzel.com\/store\/solarlife\/\",\"name\":\"SOLARLIFE\u2122 &#8211; Xunzel\",\"isPartOf\":{\"@id\":\"https:\/\/www.xunzel.com\/store\/#website\"},\"datePublished\":\"2020-07-21T14:30:07+00:00\",\"dateModified\":\"2025-06-23T13:41:51+00:00\",\"description\":\"Sistemas Solares de Iluminaci\u00f3n LED altamente eficientes y larga duraci\u00f3n. Exterior e Interior\",\"breadcrumb\":{\"@id\":\"https:\/\/www.xunzel.com\/store\/solarlife\/#breadcrumb\"},\"inLanguage\":\"es\",\"potentialAction\":[{\"@type\":\"ReadAction\",\"target\":[\"https:\/\/www.xunzel.com\/store\/solarlife\/\"]}]},{\"@type\":\"BreadcrumbList\",\"@id\":\"https:\/\/www.xunzel.com\/store\/solarlife\/#breadcrumb\",\"itemListElement\":[{\"@type\":\"ListItem\",\"position\":1,\"name\":\"Portada\",\"item\":\"https:\/\/www.xunzel.com\/store\/\"},{\"@type\":\"ListItem\",\"position\":2,\"name\":\"SOLARLIFE\u2122\"}]},{\"@type\":\"WebSite\",\"@id\":\"https:\/\/www.xunzel.com\/store\/#website\",\"url\":\"https:\/\/www.xunzel.com\/store\/\",\"name\":\"Xunzel\",\"description\":\"Energy in a box - The Electric Revolution\",\"publisher\":{\"@id\":\"https:\/\/www.xunzel.com\/store\/#organization\"},\"potentialAction\":[{\"@type\":\"SearchAction\",\"target\":{\"@type\":\"EntryPoint\",\"urlTemplate\":\"https:\/\/www.xunzel.com\/store\/?s={search_term_string}\"},\"query-input\":{\"@type\":\"PropertyValueSpecification\",\"valueRequired\":true,\"valueName\":\"search_term_string\"}}],\"inLanguage\":\"es\"},{\"@type\":\"Organization\",\"@id\":\"https:\/\/www.xunzel.com\/store\/#organization\",\"name\":\"Xunzel\",\"url\":\"https:\/\/www.xunzel.com\/store\/\",\"logo\":{\"@type\":\"ImageObject\",\"inLanguage\":\"es\",\"@id\":\"https:\/\/www.xunzel.com\/store\/#\/schema\/logo\/image\/\",\"url\":\"https:\/\/www.xunzel.com\/store\/wp-content\/uploads\/2021\/01\/logo-xunzel-footer.png\",\"contentUrl\":\"https:\/\/www.xunzel.com\/store\/wp-content\/uploads\/2021\/01\/logo-xunzel-footer.png\",\"width\":280,\"height\":52,\"caption\":\"Xunzel\"},\"image\":{\"@id\":\"https:\/\/www.xunzel.com\/store\/#\/schema\/logo\/image\/\"}}]}<\/script>\n<!-- \/ Yoast SEO plugin. -->","yoast_head_json":{"title":"SOLARLIFE\u2122 &#8211; Xunzel","description":"Sistemas Solares de Iluminaci\u00f3n LED altamente eficientes y larga duraci\u00f3n. Exterior e Interior","robots":{"index":"index","follow":"follow","max-snippet":"max-snippet:-1","max-image-preview":"max-image-preview:large","max-video-preview":"max-video-preview:-1"},"canonical":"https:\/\/www.xunzel.com\/store\/solarlife\/","og_locale":"es_ES","og_type":"article","og_title":"SOLARLIFE\u2122 &#8211; Xunzel","og_description":"Sistemas Solares de Iluminaci\u00f3n LED altamente eficientes y larga duraci\u00f3n. Exterior e Interior","og_url":"https:\/\/www.xunzel.com\/store\/solarlife\/","og_site_name":"Xunzel","article_modified_time":"2025-06-23T13:41:51+00:00","og_image":[{"width":2000,"height":2000,"url":"https:\/\/www.xunzel.com\/store\/wp-content\/uploads\/2024\/02\/HOME-XUNZEL_W.jpg","type":"image\/jpeg"}],"twitter_card":"summary_large_image","twitter_misc":{"Tiempo de lectura":"2 minutos"},"schema":{"@context":"https:\/\/schema.org","@graph":[{"@type":"WebPage","@id":"https:\/\/www.xunzel.com\/store\/solarlife\/","url":"https:\/\/www.xunzel.com\/store\/solarlife\/","name":"SOLARLIFE\u2122 &#8211; Xunzel","isPartOf":{"@id":"https:\/\/www.xunzel.com\/store\/#website"},"datePublished":"2020-07-21T14:30:07+00:00","dateModified":"2025-06-23T13:41:51+00:00","description":"Sistemas Solares de Iluminaci\u00f3n LED altamente eficientes y larga duraci\u00f3n. Exterior e Interior","breadcrumb":{"@id":"https:\/\/www.xunzel.com\/store\/solarlife\/#breadcrumb"},"inLanguage":"es","potentialAction":[{"@type":"ReadAction","target":["https:\/\/www.xunzel.com\/store\/solarlife\/"]}]},{"@type":"BreadcrumbList","@id":"https:\/\/www.xunzel.com\/store\/solarlife\/#breadcrumb","itemListElement":[{"@type":"ListItem","position":1,"name":"Portada","item":"https:\/\/www.xunzel.com\/store\/"},{"@type":"ListItem","position":2,"name":"SOLARLIFE\u2122"}]},{"@type":"WebSite","@id":"https:\/\/www.xunzel.com\/store\/#website","url":"https:\/\/www.xunzel.com\/store\/","name":"Xunzel","description":"Energy in a box - The Electric Revolution","publisher":{"@id":"https:\/\/www.xunzel.com\/store\/#organization"},"potentialAction":[{"@type":"SearchAction","target":{"@type":"EntryPoint","urlTemplate":"https:\/\/www.xunzel.com\/store\/?s={search_term_string}"},"query-input":{"@type":"PropertyValueSpecification","valueRequired":true,"valueName":"search_term_string"}}],"inLanguage":"es"},{"@type":"Organization","@id":"https:\/\/www.xunzel.com\/store\/#organization","name":"Xunzel","url":"https:\/\/www.xunzel.com\/store\/","logo":{"@type":"ImageObject","inLanguage":"es","@id":"https:\/\/www.xunzel.com\/store\/#\/schema\/logo\/image\/","url":"https:\/\/www.xunzel.com\/store\/wp-content\/uploads\/2021\/01\/logo-xunzel-footer.png","contentUrl":"https:\/\/www.xunzel.com\/store\/wp-content\/uploads\/2021\/01\/logo-xunzel-footer.png","width":280,"height":52,"caption":"Xunzel"},"image":{"@id":"https:\/\/www.xunzel.com\/store\/#\/schema\/logo\/image\/"}}]}},"_links":{"self":[{"href":"https:\/\/www.xunzel.com\/store\/wp-json\/wp\/v2\/pages\/7633","targetHints":{"allow":["GET"]}}],"collection":[{"href":"https:\/\/www.xunzel.com\/store\/wp-json\/wp\/v2\/pages"}],"about":[{"href":"https:\/\/www.xunzel.com\/store\/wp-json\/wp\/v2\/types\/page"}],"author":[{"embeddable":true,"href":"https:\/\/www.xunzel.com\/store\/wp-json\/wp\/v2\/users\/1"}],"replies":[{"embeddable":true,"href":"https:\/\/www.xunzel.com\/store\/wp-json\/wp\/v2\/comments?post=7633"}],"version-history":[{"count":3,"href":"https:\/\/www.xunzel.com\/store\/wp-json\/wp\/v2\/pages\/7633\/revisions"}],"predecessor-version":[{"id":24475,"href":"https:\/\/www.xunzel.com\/store\/wp-json\/wp\/v2\/pages\/7633\/revisions\/24475"}],"wp:attachment":[{"href":"https:\/\/www.xunzel.com\/store\/wp-json\/wp\/v2\/media?parent=7633"}],"curies":[{"name":"wp","href":"https:\/\/api.w.org\/{rel}","templated":true}]}}