{"id":21052,"date":"2024-04-10T15:57:21","date_gmt":"2024-04-10T13:57:21","guid":{"rendered":"https:\/\/www.xunzel.com\/store\/?page_id=21052"},"modified":"2024-04-24T17:09:41","modified_gmt":"2024-04-24T15:09:41","slug":"envios","status":"publish","type":"page","link":"https:\/\/www.xunzel.com\/store\/envios\/","title":{"rendered":"Env\u00edos"},"content":{"rendered":"<div class=\"wpb-content-wrapper\"><p>[vc_row][vc_column width=&#8221;1\/4&#8243;][vc_wp_custommenu nav_menu=&#8221;799&#8243;][\/vc_column][vc_column width=&#8221;3\/4&#8243;][vc_column_text]<strong>\u00bfD\u00f3nde realizamos env\u00edos?<\/strong><\/p>\n<p><strong>EUROPA: <\/strong>Espa\u00f1a y Portugal.<\/p>\n<p><strong>Tipos de env\u00edo y coste<\/strong><\/p>\n<table width=\"800\">\n<tbody>\n<tr>\n<td style=\"text-align: center;\" width=\"161\"><strong>DESTINO<\/strong><\/td>\n<td style=\"text-align: center;\" width=\"85\"><strong>M\u00c9TODO DE ENV\u00cdO<\/strong><\/td>\n<td style=\"text-align: center;\" width=\"94\"><strong>ENTREGA ESTIMADA<br \/>\n<\/strong><\/td>\n<td style=\"text-align: center;\" width=\"113\"><strong>ENVI\u00d3 GRATIS A PARTIR DE<br \/>\n<\/strong><\/td>\n<td style=\"text-align: center;\" width=\"113\"><strong>GASTOS DE ENV\u00cdO<br \/>\n<\/strong><\/td>\n<\/tr>\n<tr>\n<td width=\"161\">ESPA\u00d1A Peninsular<\/td>\n<td style=\"text-align: center;\" width=\"85\">Standard<\/td>\n<td style=\"text-align: center;\" width=\"94\">5 \u2013 7 D\u00edas Laborables<\/td>\n<td style=\"text-align: center;\" width=\"113\">200\u20ac<\/td>\n<td style=\"text-align: center;\" width=\"113\">9,99\u20ac<\/td>\n<\/tr>\n<tr>\n<td width=\"161\">ESPA\u00d1A (Baleares)<\/td>\n<td style=\"text-align: center;\" width=\"85\">Standard<\/td>\n<td style=\"text-align: center;\" width=\"94\">7 \u2013 10 D\u00edas Laborables<\/td>\n<td style=\"text-align: center;\" width=\"113\">200\u20ac<\/td>\n<td style=\"text-align: center;\" width=\"113\">9,99\u20ac<\/td>\n<\/tr>\n<tr>\n<td width=\"161\">PORTUGAL Continental<\/td>\n<td style=\"text-align: center;\" width=\"85\">Standard<\/td>\n<td style=\"text-align: center;\" width=\"94\">5 \u2013 7 D\u00edas Laborables<\/td>\n<td style=\"text-align: center;\" width=\"113\">200\u20ac<\/td>\n<td style=\"text-align: center;\" width=\"113\">9,99\u20ac<\/td>\n<\/tr>\n<\/tbody>\n<\/table>\n<p>Para realizar cualquier compra desde Canarias, Ceuta y Melilla, Azores y Madeira env\u00eda email a <a href=\"mailto:online.eu@xunzel.com\">online.eu@xunzel.com<\/a> o rellena el\u00a0<strong><a href=\"https:\/\/www.xunzel.com\/store\/contacto\/\" target=\"_blank\" rel=\"noopener\">formulario de contacto<\/a><\/strong>.<\/p>\n<p>Los pedidos de productos voluminosos y\/o pesados, se entregar\u00e1n a pie de calle y\/o veh\u00edculo.[\/vc_column_text][\/vc_column][\/vc_row]<\/p>\n<\/div>","protected":false},"excerpt":{"rendered":"<p>[vc_row][vc_column width=&#8221;1\/4&#8243;][vc_wp_custommenu nav_menu=&#8221;799&#8243;][\/vc_column][vc_column width=&#8221;3\/4&#8243;][vc_column_text]\u00bfD\u00f3nde realizamos env\u00edos? EUROPA: Espa\u00f1a y Portugal. Tipos de env\u00edo y coste DESTINO M\u00c9TODO DE ENV\u00cdO ENTREGA [&hellip;]<\/p>\n","protected":false},"author":1,"featured_media":0,"parent":0,"menu_order":0,"comment_status":"closed","ping_status":"closed","template":"","meta":{"_acf_changed":false,"footnotes":""},"class_list":["post-21052","page","type-page","status-publish","hentry"],"acf":[],"yoast_head":"<!-- This site is optimized with the Yoast SEO plugin v25.4 - https:\/\/yoast.com\/wordpress\/plugins\/seo\/ -->\n<title>Env\u00edos &#8211; Xunzel<\/title>\n<meta name=\"robots\" content=\"index, follow, max-snippet:-1, max-image-preview:large, max-video-preview:-1\" \/>\n<link rel=\"canonical\" href=\"https:\/\/www.xunzel.com\/store\/envios\/\" \/>\n<meta property=\"og:locale\" content=\"es_ES\" \/>\n<meta property=\"og:type\" content=\"article\" \/>\n<meta property=\"og:title\" content=\"Env\u00edos &#8211; Xunzel\" \/>\n<meta property=\"og:description\" content=\"[vc_row][vc_column width=&#8221;1\/4&#8243;][vc_wp_custommenu nav_menu=&#8221;799&#8243;][\/vc_column][vc_column width=&#8221;3\/4&#8243;][vc_column_text]\u00bfD\u00f3nde realizamos env\u00edos? EUROPA: Espa\u00f1a y Portugal. Tipos de env\u00edo y coste DESTINO M\u00c9TODO DE ENV\u00cdO ENTREGA [&hellip;]\" \/>\n<meta property=\"og:url\" content=\"https:\/\/www.xunzel.com\/store\/envios\/\" \/>\n<meta property=\"og:site_name\" content=\"Xunzel\" \/>\n<meta property=\"article:modified_time\" content=\"2024-04-24T15:09:41+00:00\" \/>\n<meta property=\"og:image\" content=\"https:\/\/www.xunzel.com\/store\/wp-content\/uploads\/2024\/02\/HOME-XUNZEL_W.jpg\" \/>\n\t<meta property=\"og:image:width\" content=\"2000\" \/>\n\t<meta property=\"og:image:height\" content=\"2000\" \/>\n\t<meta property=\"og:image:type\" content=\"image\/jpeg\" \/>\n<meta name=\"twitter:card\" content=\"summary_large_image\" \/>\n<meta name=\"twitter:label1\" content=\"Tiempo de lectura\" \/>\n\t<meta name=\"twitter:data1\" content=\"1 minuto\" \/>\n<script type=\"application\/ld+json\" class=\"yoast-schema-graph\">{\"@context\":\"https:\/\/schema.org\",\"@graph\":[{\"@type\":\"WebPage\",\"@id\":\"https:\/\/www.xunzel.com\/store\/envios\/\",\"url\":\"https:\/\/www.xunzel.com\/store\/envios\/\",\"name\":\"Env\u00edos &#8211; Xunzel\",\"isPartOf\":{\"@id\":\"https:\/\/www.xunzel.com\/store\/#website\"},\"datePublished\":\"2024-04-10T13:57:21+00:00\",\"dateModified\":\"2024-04-24T15:09:41+00:00\",\"breadcrumb\":{\"@id\":\"https:\/\/www.xunzel.com\/store\/envios\/#breadcrumb\"},\"inLanguage\":\"es\",\"potentialAction\":[{\"@type\":\"ReadAction\",\"target\":[\"https:\/\/www.xunzel.com\/store\/envios\/\"]}]},{\"@type\":\"BreadcrumbList\",\"@id\":\"https:\/\/www.xunzel.com\/store\/envios\/#breadcrumb\",\"itemListElement\":[{\"@type\":\"ListItem\",\"position\":1,\"name\":\"Portada\",\"item\":\"https:\/\/www.xunzel.com\/store\/\"},{\"@type\":\"ListItem\",\"position\":2,\"name\":\"Env\u00edos\"}]},{\"@type\":\"WebSite\",\"@id\":\"https:\/\/www.xunzel.com\/store\/#website\",\"url\":\"https:\/\/www.xunzel.com\/store\/\",\"name\":\"Xunzel\",\"description\":\"Energy in a box - The Electric Revolution\",\"publisher\":{\"@id\":\"https:\/\/www.xunzel.com\/store\/#organization\"},\"potentialAction\":[{\"@type\":\"SearchAction\",\"target\":{\"@type\":\"EntryPoint\",\"urlTemplate\":\"https:\/\/www.xunzel.com\/store\/?s={search_term_string}\"},\"query-input\":{\"@type\":\"PropertyValueSpecification\",\"valueRequired\":true,\"valueName\":\"search_term_string\"}}],\"inLanguage\":\"es\"},{\"@type\":\"Organization\",\"@id\":\"https:\/\/www.xunzel.com\/store\/#organization\",\"name\":\"Xunzel\",\"url\":\"https:\/\/www.xunzel.com\/store\/\",\"logo\":{\"@type\":\"ImageObject\",\"inLanguage\":\"es\",\"@id\":\"https:\/\/www.xunzel.com\/store\/#\/schema\/logo\/image\/\",\"url\":\"https:\/\/www.xunzel.com\/store\/wp-content\/uploads\/2021\/01\/logo-xunzel-footer.png\",\"contentUrl\":\"https:\/\/www.xunzel.com\/store\/wp-content\/uploads\/2021\/01\/logo-xunzel-footer.png\",\"width\":280,\"height\":52,\"caption\":\"Xunzel\"},\"image\":{\"@id\":\"https:\/\/www.xunzel.com\/store\/#\/schema\/logo\/image\/\"}}]}<\/script>\n<!-- \/ Yoast SEO plugin. -->","yoast_head_json":{"title":"Env\u00edos &#8211; Xunzel","robots":{"index":"index","follow":"follow","max-snippet":"max-snippet:-1","max-image-preview":"max-image-preview:large","max-video-preview":"max-video-preview:-1"},"canonical":"https:\/\/www.xunzel.com\/store\/envios\/","og_locale":"es_ES","og_type":"article","og_title":"Env\u00edos &#8211; Xunzel","og_description":"[vc_row][vc_column width=&#8221;1\/4&#8243;][vc_wp_custommenu nav_menu=&#8221;799&#8243;][\/vc_column][vc_column width=&#8221;3\/4&#8243;][vc_column_text]\u00bfD\u00f3nde realizamos env\u00edos? EUROPA: Espa\u00f1a y Portugal. Tipos de env\u00edo y coste DESTINO M\u00c9TODO DE ENV\u00cdO ENTREGA [&hellip;]","og_url":"https:\/\/www.xunzel.com\/store\/envios\/","og_site_name":"Xunzel","article_modified_time":"2024-04-24T15:09:41+00:00","og_image":[{"width":2000,"height":2000,"url":"https:\/\/www.xunzel.com\/store\/wp-content\/uploads\/2024\/02\/HOME-XUNZEL_W.jpg","type":"image\/jpeg"}],"twitter_card":"summary_large_image","twitter_misc":{"Tiempo de lectura":"1 minuto"},"schema":{"@context":"https:\/\/schema.org","@graph":[{"@type":"WebPage","@id":"https:\/\/www.xunzel.com\/store\/envios\/","url":"https:\/\/www.xunzel.com\/store\/envios\/","name":"Env\u00edos &#8211; Xunzel","isPartOf":{"@id":"https:\/\/www.xunzel.com\/store\/#website"},"datePublished":"2024-04-10T13:57:21+00:00","dateModified":"2024-04-24T15:09:41+00:00","breadcrumb":{"@id":"https:\/\/www.xunzel.com\/store\/envios\/#breadcrumb"},"inLanguage":"es","potentialAction":[{"@type":"ReadAction","target":["https:\/\/www.xunzel.com\/store\/envios\/"]}]},{"@type":"BreadcrumbList","@id":"https:\/\/www.xunzel.com\/store\/envios\/#breadcrumb","itemListElement":[{"@type":"ListItem","position":1,"name":"Portada","item":"https:\/\/www.xunzel.com\/store\/"},{"@type":"ListItem","position":2,"name":"Env\u00edos"}]},{"@type":"WebSite","@id":"https:\/\/www.xunzel.com\/store\/#website","url":"https:\/\/www.xunzel.com\/store\/","name":"Xunzel","description":"Energy in a box - The Electric Revolution","publisher":{"@id":"https:\/\/www.xunzel.com\/store\/#organization"},"potentialAction":[{"@type":"SearchAction","target":{"@type":"EntryPoint","urlTemplate":"https:\/\/www.xunzel.com\/store\/?s={search_term_string}"},"query-input":{"@type":"PropertyValueSpecification","valueRequired":true,"valueName":"search_term_string"}}],"inLanguage":"es"},{"@type":"Organization","@id":"https:\/\/www.xunzel.com\/store\/#organization","name":"Xunzel","url":"https:\/\/www.xunzel.com\/store\/","logo":{"@type":"ImageObject","inLanguage":"es","@id":"https:\/\/www.xunzel.com\/store\/#\/schema\/logo\/image\/","url":"https:\/\/www.xunzel.com\/store\/wp-content\/uploads\/2021\/01\/logo-xunzel-footer.png","contentUrl":"https:\/\/www.xunzel.com\/store\/wp-content\/uploads\/2021\/01\/logo-xunzel-footer.png","width":280,"height":52,"caption":"Xunzel"},"image":{"@id":"https:\/\/www.xunzel.com\/store\/#\/schema\/logo\/image\/"}}]}},"_links":{"self":[{"href":"https:\/\/www.xunzel.com\/store\/wp-json\/wp\/v2\/pages\/21052","targetHints":{"allow":["GET"]}}],"collection":[{"href":"https:\/\/www.xunzel.com\/store\/wp-json\/wp\/v2\/pages"}],"about":[{"href":"https:\/\/www.xunzel.com\/store\/wp-json\/wp\/v2\/types\/page"}],"author":[{"embeddable":true,"href":"https:\/\/www.xunzel.com\/store\/wp-json\/wp\/v2\/users\/1"}],"replies":[{"embeddable":true,"href":"https:\/\/www.xunzel.com\/store\/wp-json\/wp\/v2\/comments?post=21052"}],"version-history":[{"count":0,"href":"https:\/\/www.xunzel.com\/store\/wp-json\/wp\/v2\/pages\/21052\/revisions"}],"wp:attachment":[{"href":"https:\/\/www.xunzel.com\/store\/wp-json\/wp\/v2\/media?parent=21052"}],"curies":[{"name":"wp","href":"https:\/\/api.w.org\/{rel}","templated":true}]}}