{"id":25802,"date":"2026-02-09T15:23:44","date_gmt":"2026-02-09T15:44:41","guid":{"rendered":"https:\/\/www.xunzel.com\/store\/?post_type=product&#038;p=25802"},"modified":"2026-02-16T11:04:39","modified_gmt":"2026-02-16T10:04:39","slug":"micro-solar-panel-900mw-9v","status":"publish","type":"product","link":"https:\/\/www.xunzel.com\/store\/pt-pt\/producto\/micro-solar-panel-900mw-9v\/","title":{"rendered":"MICRO SOLAR PANEL 900mW 9V"},"content":{"rendered":"<p>Painel solar fotovoltaico MICROSOLAR para uso industrial fabricado com c\u00e9lulas de alta efici\u00eancia e resposta espectral (otimizado para baixa radia\u00e7\u00e3o).<\/p>\n<p>Pronto para ser utilizado em todo o tipo de aplica\u00e7\u00f5es e carregamento de baterias recarreg\u00e1veis.<\/p>\n<ul>\n<li>Design robusto, refor\u00e7ado sem moldura, ligeiro e compacto. F\u00e1cil de integrar na sua aplica\u00e7\u00e3o.<\/li>\n<li>Materiais de alta qualidade. IP67, resistente a impactos, riscos e radia\u00e7\u00e3o UV. Concebido para ambientes extremos.<\/li>\n<li>Ideal para carregar todos os tipos de baterias recarreg\u00e1veis; l\u00edtio, NiMH, super-cap, etc.<\/li>\n<li>100% testado. Ideal para IoT, IIoT, OoT, eletr\u00f3nica, integra\u00e7\u00e3o, motores, rob\u00f3tica, etc.<\/li>\n<\/ul>\n<p>Ampla gama de modelos e acess\u00f3rios. Op\u00e7\u00e3o de designs personalizados.<\/p>\n","protected":false},"excerpt":{"rendered":"<p>Painel solar fotovoltaico MICROSOLAR 900mW 9V para eletr\u00f3nica e carregamento de baterias.<\/p>\n<p>Voc = 11.88V | Isc = 100mA | Vmp = 9.90V | Imp = 86mA<\/p>\n<p>Tecnologia de alta efici\u00eancia e resposta espectral para uso em exteriores, ambientes com pouca luz e interiores.<\/p>\n<p>Materiais de alta qualidade e selada, IP67, resistente a produtos qu\u00edmicos, poeira e radia\u00e7\u00e3o UV. Mecanicamente robusto, concebido para ambientes extremos. Longa vida \u00fatil.<\/p>\n<p>Concebido para aplica\u00e7\u00f5es que requerem gera\u00e7\u00e3o de energia solar em um espa\u00e7o limitado.<\/p>\n<p>Com cabo [opcional] pr\u00e9-instalado.<\/p>\n<p><span class=\"shared-files-shortcode-admin-list shared-files-shortcode-admin-list-file shared-files-shortcode-25557\" title=\"[shared_files file_id=25557]\">[shared_files file_id=25557]<\/span><\/p>\n","protected":false},"featured_media":25668,"template":"","meta":{"_acf_changed":false},"product_brand":[],"product_cat":[263],"product_tag":[],"class_list":{"0":"post-25802","1":"product","2":"type-product","3":"status-publish","4":"has-post-thumbnail","6":"product_cat-microsolar-painel-series","8":"first","9":"instock","10":"taxable","11":"shipping-taxable","12":"purchasable","13":"product-type-variable"},"acf":[],"yoast_head":"<!-- This site is optimized with the Yoast SEO plugin v25.4 - https:\/\/yoast.com\/wordpress\/plugins\/seo\/ -->\n<title>MICRO SOLAR PANEL 900mW 9V &#8211; Xunzel<\/title>\n<meta name=\"robots\" content=\"index, follow, max-snippet:-1, max-image-preview:large, max-video-preview:-1\" \/>\n<link rel=\"canonical\" href=\"https:\/\/www.xunzel.com\/store\/pt-pt\/producto\/micro-solar-panel-900mw-9v\/\" \/>\n<meta property=\"og:locale\" content=\"pt_PT\" \/>\n<meta property=\"og:type\" content=\"article\" \/>\n<meta property=\"og:title\" content=\"MICRO SOLAR PANEL 900mW 9V &#8211; Xunzel\" \/>\n<meta property=\"og:description\" content=\"Painel solar fotovoltaico MICROSOLAR 900mW 9V para eletr\u00f3nica e carregamento de baterias.  Voc = 11.88V | Isc = 100mA | Vmp = 9.90V | Imp = 86mA  Tecnologia de alta efici\u00eancia e resposta espectral para uso em exteriores, ambientes com pouca luz e interiores.  Materiais de alta qualidade e selada, IP67, resistente a produtos qu\u00edmicos, poeira e radia\u00e7\u00e3o UV. Mecanicamente robusto, concebido para ambientes extremos. Longa vida \u00fatil.  Concebido para aplica\u00e7\u00f5es que requerem gera\u00e7\u00e3o de energia solar em um espa\u00e7o limitado.  Com cabo [opcional] pr\u00e9-instalado.\" \/>\n<meta property=\"og:url\" content=\"https:\/\/www.xunzel.com\/store\/pt-pt\/producto\/micro-solar-panel-900mw-9v\/\" \/>\n<meta property=\"og:site_name\" content=\"Xunzel\" \/>\n<meta property=\"article:modified_time\" content=\"2026-02-16T10:04:39+00:00\" \/>\n<meta property=\"og:image\" content=\"https:\/\/www.xunzel.com\/store\/wp-content\/uploads\/2026\/02\/MICROSOLAR-MS9V10050.jpg\" \/>\n\t<meta property=\"og:image:width\" content=\"2250\" \/>\n\t<meta property=\"og:image:height\" content=\"2250\" \/>\n\t<meta property=\"og:image:type\" content=\"image\/jpeg\" \/>\n<meta name=\"twitter:card\" content=\"summary_large_image\" \/>\n<meta name=\"twitter:label1\" content=\"Tempo estimado de leitura\" \/>\n\t<meta name=\"twitter:data1\" content=\"1 minuto\" \/>\n<script type=\"application\/ld+json\" class=\"yoast-schema-graph\">{\"@context\":\"https:\/\/schema.org\",\"@graph\":[{\"@type\":\"WebPage\",\"@id\":\"https:\/\/www.xunzel.com\/store\/pt-pt\/producto\/micro-solar-panel-900mw-9v\/\",\"url\":\"https:\/\/www.xunzel.com\/store\/pt-pt\/producto\/micro-solar-panel-900mw-9v\/\",\"name\":\"MICRO SOLAR PANEL 900mW 9V &#8211; Xunzel\",\"isPartOf\":{\"@id\":\"https:\/\/www.xunzel.com\/store\/pt-pt\/#website\"},\"primaryImageOfPage\":{\"@id\":\"https:\/\/www.xunzel.com\/store\/pt-pt\/producto\/micro-solar-panel-900mw-9v\/#primaryimage\"},\"image\":{\"@id\":\"https:\/\/www.xunzel.com\/store\/pt-pt\/producto\/micro-solar-panel-900mw-9v\/#primaryimage\"},\"thumbnailUrl\":\"https:\/\/www.xunzel.com\/store\/wp-content\/uploads\/2026\/02\/MICROSOLAR-MS9V10050.jpg\",\"datePublished\":\"2026-02-09T15:44:41+00:00\",\"dateModified\":\"2026-02-16T10:04:39+00:00\",\"breadcrumb\":{\"@id\":\"https:\/\/www.xunzel.com\/store\/pt-pt\/producto\/micro-solar-panel-900mw-9v\/#breadcrumb\"},\"inLanguage\":\"pt-PT\",\"potentialAction\":[{\"@type\":\"ReadAction\",\"target\":[\"https:\/\/www.xunzel.com\/store\/pt-pt\/producto\/micro-solar-panel-900mw-9v\/\"]}]},{\"@type\":\"ImageObject\",\"inLanguage\":\"pt-PT\",\"@id\":\"https:\/\/www.xunzel.com\/store\/pt-pt\/producto\/micro-solar-panel-900mw-9v\/#primaryimage\",\"url\":\"https:\/\/www.xunzel.com\/store\/wp-content\/uploads\/2026\/02\/MICROSOLAR-MS9V10050.jpg\",\"contentUrl\":\"https:\/\/www.xunzel.com\/store\/wp-content\/uploads\/2026\/02\/MICROSOLAR-MS9V10050.jpg\",\"width\":2250,\"height\":2250},{\"@type\":\"BreadcrumbList\",\"@id\":\"https:\/\/www.xunzel.com\/store\/pt-pt\/producto\/micro-solar-panel-900mw-9v\/#breadcrumb\",\"itemListElement\":[{\"@type\":\"ListItem\",\"position\":1,\"name\":\"Portada\",\"item\":\"https:\/\/www.xunzel.com\/store\/pt-pt\/\"},{\"@type\":\"ListItem\",\"position\":2,\"name\":\"Loja\",\"item\":\"https:\/\/www.xunzel.com\/store\/tienda\/\"},{\"@type\":\"ListItem\",\"position\":3,\"name\":\"MICRO SOLAR PANEL 900mW 9V\"}]},{\"@type\":\"WebSite\",\"@id\":\"https:\/\/www.xunzel.com\/store\/pt-pt\/#website\",\"url\":\"https:\/\/www.xunzel.com\/store\/pt-pt\/\",\"name\":\"Xunzel\",\"description\":\"Energy in a box - The Electric Revolution\",\"publisher\":{\"@id\":\"https:\/\/www.xunzel.com\/store\/pt-pt\/#organization\"},\"potentialAction\":[{\"@type\":\"SearchAction\",\"target\":{\"@type\":\"EntryPoint\",\"urlTemplate\":\"https:\/\/www.xunzel.com\/store\/pt-pt\/?s={search_term_string}\"},\"query-input\":{\"@type\":\"PropertyValueSpecification\",\"valueRequired\":true,\"valueName\":\"search_term_string\"}}],\"inLanguage\":\"pt-PT\"},{\"@type\":\"Organization\",\"@id\":\"https:\/\/www.xunzel.com\/store\/pt-pt\/#organization\",\"name\":\"Xunzel\",\"url\":\"https:\/\/www.xunzel.com\/store\/pt-pt\/\",\"logo\":{\"@type\":\"ImageObject\",\"inLanguage\":\"pt-PT\",\"@id\":\"https:\/\/www.xunzel.com\/store\/pt-pt\/#\/schema\/logo\/image\/\",\"url\":\"https:\/\/www.xunzel.com\/store\/wp-content\/uploads\/2021\/01\/logo-xunzel-footer.png\",\"contentUrl\":\"https:\/\/www.xunzel.com\/store\/wp-content\/uploads\/2021\/01\/logo-xunzel-footer.png\",\"width\":280,\"height\":52,\"caption\":\"Xunzel\"},\"image\":{\"@id\":\"https:\/\/www.xunzel.com\/store\/pt-pt\/#\/schema\/logo\/image\/\"}}]}<\/script>\n<!-- \/ Yoast SEO plugin. -->","yoast_head_json":{"title":"MICRO SOLAR PANEL 900mW 9V &#8211; Xunzel","robots":{"index":"index","follow":"follow","max-snippet":"max-snippet:-1","max-image-preview":"max-image-preview:large","max-video-preview":"max-video-preview:-1"},"canonical":"https:\/\/www.xunzel.com\/store\/pt-pt\/producto\/micro-solar-panel-900mw-9v\/","og_locale":"pt_PT","og_type":"article","og_title":"MICRO SOLAR PANEL 900mW 9V &#8211; Xunzel","og_description":"Painel solar fotovoltaico MICROSOLAR 900mW 9V para eletr\u00f3nica e carregamento de baterias.  Voc = 11.88V | Isc = 100mA | Vmp = 9.90V | Imp = 86mA  Tecnologia de alta efici\u00eancia e resposta espectral para uso em exteriores, ambientes com pouca luz e interiores.  Materiais de alta qualidade e selada, IP67, resistente a produtos qu\u00edmicos, poeira e radia\u00e7\u00e3o UV. Mecanicamente robusto, concebido para ambientes extremos. Longa vida \u00fatil.  Concebido para aplica\u00e7\u00f5es que requerem gera\u00e7\u00e3o de energia solar em um espa\u00e7o limitado.  Com cabo [opcional] pr\u00e9-instalado.","og_url":"https:\/\/www.xunzel.com\/store\/pt-pt\/producto\/micro-solar-panel-900mw-9v\/","og_site_name":"Xunzel","article_modified_time":"2026-02-16T10:04:39+00:00","og_image":[{"width":2250,"height":2250,"url":"https:\/\/www.xunzel.com\/store\/wp-content\/uploads\/2026\/02\/MICROSOLAR-MS9V10050.jpg","type":"image\/jpeg"}],"twitter_card":"summary_large_image","twitter_misc":{"Tempo estimado de leitura":"1 minuto"},"schema":{"@context":"https:\/\/schema.org","@graph":[{"@type":"WebPage","@id":"https:\/\/www.xunzel.com\/store\/pt-pt\/producto\/micro-solar-panel-900mw-9v\/","url":"https:\/\/www.xunzel.com\/store\/pt-pt\/producto\/micro-solar-panel-900mw-9v\/","name":"MICRO SOLAR PANEL 900mW 9V &#8211; Xunzel","isPartOf":{"@id":"https:\/\/www.xunzel.com\/store\/pt-pt\/#website"},"primaryImageOfPage":{"@id":"https:\/\/www.xunzel.com\/store\/pt-pt\/producto\/micro-solar-panel-900mw-9v\/#primaryimage"},"image":{"@id":"https:\/\/www.xunzel.com\/store\/pt-pt\/producto\/micro-solar-panel-900mw-9v\/#primaryimage"},"thumbnailUrl":"https:\/\/www.xunzel.com\/store\/wp-content\/uploads\/2026\/02\/MICROSOLAR-MS9V10050.jpg","datePublished":"2026-02-09T15:44:41+00:00","dateModified":"2026-02-16T10:04:39+00:00","breadcrumb":{"@id":"https:\/\/www.xunzel.com\/store\/pt-pt\/producto\/micro-solar-panel-900mw-9v\/#breadcrumb"},"inLanguage":"pt-PT","potentialAction":[{"@type":"ReadAction","target":["https:\/\/www.xunzel.com\/store\/pt-pt\/producto\/micro-solar-panel-900mw-9v\/"]}]},{"@type":"ImageObject","inLanguage":"pt-PT","@id":"https:\/\/www.xunzel.com\/store\/pt-pt\/producto\/micro-solar-panel-900mw-9v\/#primaryimage","url":"https:\/\/www.xunzel.com\/store\/wp-content\/uploads\/2026\/02\/MICROSOLAR-MS9V10050.jpg","contentUrl":"https:\/\/www.xunzel.com\/store\/wp-content\/uploads\/2026\/02\/MICROSOLAR-MS9V10050.jpg","width":2250,"height":2250},{"@type":"BreadcrumbList","@id":"https:\/\/www.xunzel.com\/store\/pt-pt\/producto\/micro-solar-panel-900mw-9v\/#breadcrumb","itemListElement":[{"@type":"ListItem","position":1,"name":"Portada","item":"https:\/\/www.xunzel.com\/store\/pt-pt\/"},{"@type":"ListItem","position":2,"name":"Loja","item":"https:\/\/www.xunzel.com\/store\/tienda\/"},{"@type":"ListItem","position":3,"name":"MICRO SOLAR PANEL 900mW 9V"}]},{"@type":"WebSite","@id":"https:\/\/www.xunzel.com\/store\/pt-pt\/#website","url":"https:\/\/www.xunzel.com\/store\/pt-pt\/","name":"Xunzel","description":"Energy in a box - The Electric Revolution","publisher":{"@id":"https:\/\/www.xunzel.com\/store\/pt-pt\/#organization"},"potentialAction":[{"@type":"SearchAction","target":{"@type":"EntryPoint","urlTemplate":"https:\/\/www.xunzel.com\/store\/pt-pt\/?s={search_term_string}"},"query-input":{"@type":"PropertyValueSpecification","valueRequired":true,"valueName":"search_term_string"}}],"inLanguage":"pt-PT"},{"@type":"Organization","@id":"https:\/\/www.xunzel.com\/store\/pt-pt\/#organization","name":"Xunzel","url":"https:\/\/www.xunzel.com\/store\/pt-pt\/","logo":{"@type":"ImageObject","inLanguage":"pt-PT","@id":"https:\/\/www.xunzel.com\/store\/pt-pt\/#\/schema\/logo\/image\/","url":"https:\/\/www.xunzel.com\/store\/wp-content\/uploads\/2021\/01\/logo-xunzel-footer.png","contentUrl":"https:\/\/www.xunzel.com\/store\/wp-content\/uploads\/2021\/01\/logo-xunzel-footer.png","width":280,"height":52,"caption":"Xunzel"},"image":{"@id":"https:\/\/www.xunzel.com\/store\/pt-pt\/#\/schema\/logo\/image\/"}}]}},"_links":{"self":[{"href":"https:\/\/www.xunzel.com\/store\/pt-pt\/wp-json\/wp\/v2\/product\/25802","targetHints":{"allow":["GET"]}}],"collection":[{"href":"https:\/\/www.xunzel.com\/store\/pt-pt\/wp-json\/wp\/v2\/product"}],"about":[{"href":"https:\/\/www.xunzel.com\/store\/pt-pt\/wp-json\/wp\/v2\/types\/product"}],"wp:featuredmedia":[{"embeddable":true,"href":"https:\/\/www.xunzel.com\/store\/pt-pt\/wp-json\/wp\/v2\/media\/25668"}],"wp:attachment":[{"href":"https:\/\/www.xunzel.com\/store\/pt-pt\/wp-json\/wp\/v2\/media?parent=25802"}],"wp:term":[{"taxonomy":"product_brand","embeddable":true,"href":"https:\/\/www.xunzel.com\/store\/pt-pt\/wp-json\/wp\/v2\/product_brand?post=25802"},{"taxonomy":"product_cat","embeddable":true,"href":"https:\/\/www.xunzel.com\/store\/pt-pt\/wp-json\/wp\/v2\/product_cat?post=25802"},{"taxonomy":"product_tag","embeddable":true,"href":"https:\/\/www.xunzel.com\/store\/pt-pt\/wp-json\/wp\/v2\/product_tag?post=25802"}],"curies":[{"name":"wp","href":"https:\/\/api.w.org\/{rel}","templated":true}]}}