{"id":25438,"date":"2026-01-26T16:15:03","date_gmt":"2026-01-26T15:22:01","guid":{"rendered":"https:\/\/www.xunzel.com\/store\/?post_type=product&#038;p=25438"},"modified":"2026-02-24T10:09:54","modified_gmt":"2026-02-24T09:09:54","slug":"pack-zero-pz375l","status":"publish","type":"product","link":"https:\/\/www.xunzel.com\/store\/pt-pt\/producto\/pack-zero-pz375l\/","title":{"rendered":"PACK ZERO+ PZ375L"},"content":{"rendered":"<p>PACK ZERO+ PZ375L XUNZEL. Sistema Solar Completo pronto a funcionar e a criar a sua energia. Suportes inclu\u00eddos.<br \/>\nIlumina\u00e7\u00e3o e eletricidade onde quiseres. Tudo inclu\u00eddo. Pronto para instalar e utilizar. Plug &amp; Play.<br \/>\nConcebido para Eletrifica\u00e7\u00e3o total at\u00e9 5000W.<\/p>\n<p>Capacidade m\u00e9dia de produ\u00e7\u00e3o at\u00e9 27kWh\/dia (10x painel <a href=\"https:\/\/www.xunzel.com\/store\/shared-files\/26009\/SOLARPOWER-ON-450W-Series_-XUNZEL_01.pdf\" target=\"_blank\" rel=\"noopener\"><strong>SOLARPOWER-ON-450W<\/strong><\/a>).<br \/>\nCapacidade de produ\u00e7\u00e3o mensal at\u00e9 810kWh.<br \/>\nRedu\u00e7\u00e3o m\u00e9dia anual de emiss\u00f5es de CO2 at\u00e9 3.780kg.<br \/>\nPainel solar de alta efici\u00eancia. Dimens\u00f5es reduzidas e optimizadas. 1757x1134x30mm.<\/p>\n<p>Capacidade \u00fatil real bateria de l\u00edtio <a href=\"https:\/\/www.xunzel.com\/store\/wp-content\/uploads\/shared-files\/SOLARX-Lithium-WALL.2_XUNZEL_nPT1.pdf\" target=\"_blank\" rel=\"noopener\"><strong>SOLARX-Lithium-WALL.2-10K<\/strong> <\/a>10kWh.<br \/>\nBateria Solar de l\u00edtio de muito alto desempenho e longa dura\u00e7\u00e3o, especialmente concebida para aplica\u00e7\u00f5es fotovoltaicas de alta pot\u00eancia. Expans\u00edvel at\u00e9 6 unidades em paralelo.<br \/>\nCom pot\u00eancia real permanente inversor\/cargador MPPT <a href=\"https:\/\/www.xunzel.com\/store\/wp-content\/uploads\/shared-files\/IXS-ON-XUNZEL-Series-PT1.pdf\" target=\"_blank\" rel=\"noopener\"><strong>IXS-ON-5000W<\/strong> <\/a>(Pico 10kW) sa\u00edda 230V\/50Hz.<br \/>\nCom WIFI integrado para monitorizar o sistema a partir de qualquer lugar.<br \/>\nEntrada adicional para gerador e\/ou rede el\u00e9ctrica com arranque autom\u00e1tico.<\/p>\n<p>Suporte coplanar <a href=\"https:\/\/www.xunzel.com\/store\/pt-pt\/categoria-produto\/solarpower\/suportes-paineis-solares\/\" target=\"_blank\" rel=\"noopener\"><strong>SOLTILE<\/strong><\/a>, cabos, conectores universais <a href=\"https:\/\/www.xunzel.com\/store\/pt-pt\/categoria-produto\/solarpower\/cabos-conectores\/\" target=\"_blank\" rel=\"noopener\"><strong>XUNKLIK<\/strong><\/a>, protec\u00e7\u00f5es fotovoltaicas <strong>PVGUARD <\/strong>inclu\u00eddas e protec\u00e7\u00f5es bateria <a href=\"https:\/\/www.xunzel.com\/store\/pt-pt\/categoria-produto\/baterias\/controlo-proteccoes\/\" target=\"_blank\" rel=\"noopener\"><strong>BATTGUARD + SWGUARD<\/strong><\/a> integradas.<\/p>\n<p><span data-sheets-formula-bar-text-style=\"font-size:15px;color:#000000;font-weight:normal;text-decoration:none;font-family:''Arial'';font-style:normal;text-decoration-skip-ink:none;\">Acess\u00f3rios XUNZEL opcionais n\u00e3o inclu\u00eddos:<\/span><\/p>\n<ul>\n<li><span data-sheets-formula-bar-text-style=\"font-size:15px;color:#ff0000;font-weight:normal;text-decoration:none;font-family:''Arial'';font-style:normal;text-decoration-skip-ink:none;\">4x <\/span><a href=\"https:\/\/www.xunzel.com\/store\/pt-pt\/producto\/tr1v120025x2\/\" target=\"_blank\" rel=\"noopener\"><strong>TR1V120025X2 <\/strong><\/a><span data-sheets-formula-bar-text-style=\"font-size:15px;color:#000000;font-weight:normal;text-decoration:none;font-family:''Arial'';font-style:normal;text-decoration-skip-ink:none;\">&#8211; Set tri\u00e2ngulos para ch\u00e3o\/telhado plano<br \/>\n<\/span><\/li>\n<li><span data-sheets-formula-bar-text-style=\"font-size:15px;color:#ff0000;font-weight:normal;text-decoration:none;font-family:''Arial'';font-style:normal;text-decoration-skip-ink:none;\">5x <\/span><a href=\"https:\/\/www.xunzel.com\/store\/pt-pt\/producto\/soltilefixm10\/\" target=\"_blank\" rel=\"noopener\"><strong>SOLTILEFIXM10 <\/strong><\/a><span data-sheets-formula-bar-text-style=\"font-size:15px;color:#000000;font-weight:normal;text-decoration:none;font-family:''Arial'';font-style:normal;text-decoration-skip-ink:none;\">&#8211; Sistema de ancoragem para telhados inclinados<\/span><\/li>\n<\/ul>\n<p>Homologado. Facilmente expans\u00edvel.<br \/>\nZERO problemas. Seguro, Fi\u00e1vel e sem manuten\u00e7\u00e3o.<\/p>\n","protected":false},"excerpt":{"rendered":"<p>Sistema Solar L\u00edtio Completo com Suportes Inclu\u00eddos PACK ZERO+ PZ375L XUNZEL. Concebido para Eletrifica\u00e7\u00e3o Total at\u00e9 5000W. Pronto a ligar e utilizar. ZERO problemas. Seguro, Fi\u00e1vel e sem manuten\u00e7\u00e3o. Com inversor\/carregador MPPT <a href=\"https:\/\/www.xunzel.com\/store\/wp-content\/uploads\/shared-files\/IXS-ON-XUNZEL-Series-PT1.pdf\" target=\"_blank\" rel=\"noopener\"><strong>IXS-ON-5000W<\/strong> <\/a>(Pico 10kW). Capacidade m\u00e9dia de gera\u00e7\u00e3o at\u00e9 27kWh\/dia, 10x painel <strong><a href=\"https:\/\/www.xunzel.com\/store\/wp-content\/uploads\/shared-files\/SOLARPOWER-ON-450W-Series_-XUNZEL_01.pdf\" target=\"_blank\" rel=\"noopener\">SOLARPOWER-ON-450W<\/a>, <\/strong>com dimens\u00f5es optimizadas. Capacidade \u00fatil real bateria de l\u00edtio 10kWh. Bateria Solar <strong><a href=\"https:\/\/www.xunzel.com\/store\/wp-content\/uploads\/shared-files\/SOLARX-Lithium-WALL.2_XUNZEL_nPT1.pdf\" target=\"_blank\" rel=\"noopener\">SOLARX-Lithium-WALL.2-10K<\/a> <\/strong>de muito alto desempenho e longa dura\u00e7\u00e3o, especialmente concebida para aplica\u00e7\u00f5es fotovoltaicas de alta pot\u00eancia. Suporte coplanar <a href=\"https:\/\/www.xunzel.com\/store\/pt-pt\/categoria-produto\/solarpower\/suportes-paineis-solares\/\" target=\"_blank\" rel=\"noopener\"><strong>SOLTILE<\/strong><\/a>, cabos, conectores universais <a href=\"https:\/\/www.xunzel.com\/store\/pt-pt\/categoria-produto\/solarpower\/cabos-conectores\/\" target=\"_blank\" rel=\"noopener\"><strong>XUNKLIK<\/strong><\/a>, protec\u00e7\u00f5es fotovoltaicas <strong>PVGUARD<\/strong> inclu\u00eddas e protec\u00e7\u00f5es de bateria <a href=\"https:\/\/www.xunzel.com\/store\/pt-pt\/categoria-produto\/baterias\/controlo-proteccoes\/\" target=\"_blank\" rel=\"noopener\"><strong>BATTGUARD + SWGUARD <\/strong><\/a>integradas. Com WIFI integrado para monitorizar o sistema a partir de qualquer lugar. Entrada adicional para gerador e\/ou rede el\u00e9ctrica com arranque autom\u00e1tico. Equipamento homologado. Facilmente expans\u00edvel.<\/p>\n<p><span class=\"shared-files-shortcode-admin-list shared-files-shortcode-admin-list-file shared-files-shortcode-25412\" title=\"[shared_files file_id=25412]\">[shared_files file_id=25412]<\/span><\/p>\n","protected":false},"featured_media":25428,"template":"","meta":{"_acf_changed":false},"product_brand":[],"product_cat":[283],"product_tag":[861],"class_list":{"0":"post-25438","1":"product","2":"type-product","3":"status-publish","4":"has-post-thumbnail","6":"product_cat-pack-zero","7":"product_tag-new-pt-pt","9":"first","10":"onbackorder","11":"taxable","12":"shipping-taxable","13":"purchasable","14":"product-type-simple"},"acf":[],"yoast_head":"<!-- This site is optimized with the Yoast SEO plugin v25.4 - https:\/\/yoast.com\/wordpress\/plugins\/seo\/ -->\n<title>PACK ZERO+ PZ375L &#8211; Xunzel<\/title>\n<meta name=\"robots\" content=\"index, follow, max-snippet:-1, max-image-preview:large, max-video-preview:-1\" \/>\n<link rel=\"canonical\" href=\"https:\/\/www.xunzel.com\/store\/pt-pt\/producto\/pack-zero-pz375l\/\" \/>\n<meta property=\"og:locale\" content=\"pt_PT\" \/>\n<meta property=\"og:type\" content=\"article\" \/>\n<meta property=\"og:title\" content=\"PACK ZERO+ PZ375L &#8211; Xunzel\" \/>\n<meta property=\"og:description\" content=\"Sistema Solar L\u00edtio Completo com Suportes Inclu\u00eddos PACK ZERO+ PZ375L XUNZEL. Concebido para Eletrifica\u00e7\u00e3o Total at\u00e9 5000W. Pronto a ligar e utilizar. ZERO problemas. Seguro, Fi\u00e1vel e sem manuten\u00e7\u00e3o. Com inversor\/carregador MPPT IXS-ON-5000W (Pico 10kW). Capacidade m\u00e9dia de gera\u00e7\u00e3o at\u00e9 27kWh\/dia, 10x painel SOLARPOWER-ON-450W, com dimens\u00f5es optimizadas. Capacidade \u00fatil real bateria de l\u00edtio 10kWh. Bateria Solar SOLARX-Lithium-WALL.2-10K de muito alto desempenho e longa dura\u00e7\u00e3o, especialmente concebida para aplica\u00e7\u00f5es fotovoltaicas de alta pot\u00eancia. Suporte coplanar SOLTILE, cabos, conectores universais XUNKLIK, protec\u00e7\u00f5es fotovoltaicas PVGUARD inclu\u00eddas e protec\u00e7\u00f5es de bateria BATTGUARD + SWGUARD integradas. Com WIFI integrado para monitorizar o sistema a partir de qualquer lugar. Entrada adicional para gerador e\/ou rede el\u00e9ctrica com arranque autom\u00e1tico. Equipamento homologado. Facilmente expans\u00edvel.\" \/>\n<meta property=\"og:url\" content=\"https:\/\/www.xunzel.com\/store\/pt-pt\/producto\/pack-zero-pz375l\/\" \/>\n<meta property=\"og:site_name\" content=\"Xunzel\" \/>\n<meta property=\"article:modified_time\" content=\"2026-02-24T09:09:54+00:00\" \/>\n<meta property=\"og:image\" content=\"https:\/\/www.xunzel.com\/store\/wp-content\/uploads\/2025\/12\/PACK-ZERO-PZ375L.jpg\" \/>\n\t<meta property=\"og:image:width\" content=\"2000\" \/>\n\t<meta property=\"og:image:height\" content=\"2000\" \/>\n\t<meta property=\"og:image:type\" content=\"image\/jpeg\" \/>\n<meta name=\"twitter:card\" content=\"summary_large_image\" \/>\n<meta name=\"twitter:label1\" content=\"Tempo estimado de leitura\" \/>\n\t<meta name=\"twitter:data1\" content=\"2 minutos\" \/>\n<script type=\"application\/ld+json\" class=\"yoast-schema-graph\">{\"@context\":\"https:\/\/schema.org\",\"@graph\":[{\"@type\":\"WebPage\",\"@id\":\"https:\/\/www.xunzel.com\/store\/pt-pt\/producto\/pack-zero-pz375l\/\",\"url\":\"https:\/\/www.xunzel.com\/store\/pt-pt\/producto\/pack-zero-pz375l\/\",\"name\":\"PACK ZERO+ PZ375L &#8211; Xunzel\",\"isPartOf\":{\"@id\":\"https:\/\/www.xunzel.com\/store\/pt-pt\/#website\"},\"primaryImageOfPage\":{\"@id\":\"https:\/\/www.xunzel.com\/store\/pt-pt\/producto\/pack-zero-pz375l\/#primaryimage\"},\"image\":{\"@id\":\"https:\/\/www.xunzel.com\/store\/pt-pt\/producto\/pack-zero-pz375l\/#primaryimage\"},\"thumbnailUrl\":\"https:\/\/www.xunzel.com\/store\/wp-content\/uploads\/2025\/12\/PACK-ZERO-PZ375L.jpg\",\"datePublished\":\"2026-01-26T15:22:01+00:00\",\"dateModified\":\"2026-02-24T09:09:54+00:00\",\"breadcrumb\":{\"@id\":\"https:\/\/www.xunzel.com\/store\/pt-pt\/producto\/pack-zero-pz375l\/#breadcrumb\"},\"inLanguage\":\"pt-PT\",\"potentialAction\":[{\"@type\":\"ReadAction\",\"target\":[\"https:\/\/www.xunzel.com\/store\/pt-pt\/producto\/pack-zero-pz375l\/\"]}]},{\"@type\":\"ImageObject\",\"inLanguage\":\"pt-PT\",\"@id\":\"https:\/\/www.xunzel.com\/store\/pt-pt\/producto\/pack-zero-pz375l\/#primaryimage\",\"url\":\"https:\/\/www.xunzel.com\/store\/wp-content\/uploads\/2025\/12\/PACK-ZERO-PZ375L.jpg\",\"contentUrl\":\"https:\/\/www.xunzel.com\/store\/wp-content\/uploads\/2025\/12\/PACK-ZERO-PZ375L.jpg\",\"width\":2000,\"height\":2000},{\"@type\":\"BreadcrumbList\",\"@id\":\"https:\/\/www.xunzel.com\/store\/pt-pt\/producto\/pack-zero-pz375l\/#breadcrumb\",\"itemListElement\":[{\"@type\":\"ListItem\",\"position\":1,\"name\":\"Portada\",\"item\":\"https:\/\/www.xunzel.com\/store\/pt-pt\/\"},{\"@type\":\"ListItem\",\"position\":2,\"name\":\"Loja\",\"item\":\"https:\/\/www.xunzel.com\/store\/tienda\/\"},{\"@type\":\"ListItem\",\"position\":3,\"name\":\"PACK ZERO+ PZ375L\"}]},{\"@type\":\"WebSite\",\"@id\":\"https:\/\/www.xunzel.com\/store\/pt-pt\/#website\",\"url\":\"https:\/\/www.xunzel.com\/store\/pt-pt\/\",\"name\":\"Xunzel\",\"description\":\"Energy in a box - The Electric Revolution\",\"publisher\":{\"@id\":\"https:\/\/www.xunzel.com\/store\/pt-pt\/#organization\"},\"potentialAction\":[{\"@type\":\"SearchAction\",\"target\":{\"@type\":\"EntryPoint\",\"urlTemplate\":\"https:\/\/www.xunzel.com\/store\/pt-pt\/?s={search_term_string}\"},\"query-input\":{\"@type\":\"PropertyValueSpecification\",\"valueRequired\":true,\"valueName\":\"search_term_string\"}}],\"inLanguage\":\"pt-PT\"},{\"@type\":\"Organization\",\"@id\":\"https:\/\/www.xunzel.com\/store\/pt-pt\/#organization\",\"name\":\"Xunzel\",\"url\":\"https:\/\/www.xunzel.com\/store\/pt-pt\/\",\"logo\":{\"@type\":\"ImageObject\",\"inLanguage\":\"pt-PT\",\"@id\":\"https:\/\/www.xunzel.com\/store\/pt-pt\/#\/schema\/logo\/image\/\",\"url\":\"https:\/\/www.xunzel.com\/store\/wp-content\/uploads\/2021\/01\/logo-xunzel-footer.png\",\"contentUrl\":\"https:\/\/www.xunzel.com\/store\/wp-content\/uploads\/2021\/01\/logo-xunzel-footer.png\",\"width\":280,\"height\":52,\"caption\":\"Xunzel\"},\"image\":{\"@id\":\"https:\/\/www.xunzel.com\/store\/pt-pt\/#\/schema\/logo\/image\/\"}}]}<\/script>\n<!-- \/ Yoast SEO plugin. -->","yoast_head_json":{"title":"PACK ZERO+ PZ375L &#8211; Xunzel","robots":{"index":"index","follow":"follow","max-snippet":"max-snippet:-1","max-image-preview":"max-image-preview:large","max-video-preview":"max-video-preview:-1"},"canonical":"https:\/\/www.xunzel.com\/store\/pt-pt\/producto\/pack-zero-pz375l\/","og_locale":"pt_PT","og_type":"article","og_title":"PACK ZERO+ PZ375L &#8211; Xunzel","og_description":"Sistema Solar L\u00edtio Completo com Suportes Inclu\u00eddos PACK ZERO+ PZ375L XUNZEL. Concebido para Eletrifica\u00e7\u00e3o Total at\u00e9 5000W. Pronto a ligar e utilizar. ZERO problemas. Seguro, Fi\u00e1vel e sem manuten\u00e7\u00e3o. Com inversor\/carregador MPPT IXS-ON-5000W (Pico 10kW). Capacidade m\u00e9dia de gera\u00e7\u00e3o at\u00e9 27kWh\/dia, 10x painel SOLARPOWER-ON-450W, com dimens\u00f5es optimizadas. Capacidade \u00fatil real bateria de l\u00edtio 10kWh. Bateria Solar SOLARX-Lithium-WALL.2-10K de muito alto desempenho e longa dura\u00e7\u00e3o, especialmente concebida para aplica\u00e7\u00f5es fotovoltaicas de alta pot\u00eancia. Suporte coplanar SOLTILE, cabos, conectores universais XUNKLIK, protec\u00e7\u00f5es fotovoltaicas PVGUARD inclu\u00eddas e protec\u00e7\u00f5es de bateria BATTGUARD + SWGUARD integradas. Com WIFI integrado para monitorizar o sistema a partir de qualquer lugar. Entrada adicional para gerador e\/ou rede el\u00e9ctrica com arranque autom\u00e1tico. Equipamento homologado. Facilmente expans\u00edvel.","og_url":"https:\/\/www.xunzel.com\/store\/pt-pt\/producto\/pack-zero-pz375l\/","og_site_name":"Xunzel","article_modified_time":"2026-02-24T09:09:54+00:00","og_image":[{"width":2000,"height":2000,"url":"https:\/\/www.xunzel.com\/store\/wp-content\/uploads\/2025\/12\/PACK-ZERO-PZ375L.jpg","type":"image\/jpeg"}],"twitter_card":"summary_large_image","twitter_misc":{"Tempo estimado de leitura":"2 minutos"},"schema":{"@context":"https:\/\/schema.org","@graph":[{"@type":"WebPage","@id":"https:\/\/www.xunzel.com\/store\/pt-pt\/producto\/pack-zero-pz375l\/","url":"https:\/\/www.xunzel.com\/store\/pt-pt\/producto\/pack-zero-pz375l\/","name":"PACK ZERO+ PZ375L &#8211; Xunzel","isPartOf":{"@id":"https:\/\/www.xunzel.com\/store\/pt-pt\/#website"},"primaryImageOfPage":{"@id":"https:\/\/www.xunzel.com\/store\/pt-pt\/producto\/pack-zero-pz375l\/#primaryimage"},"image":{"@id":"https:\/\/www.xunzel.com\/store\/pt-pt\/producto\/pack-zero-pz375l\/#primaryimage"},"thumbnailUrl":"https:\/\/www.xunzel.com\/store\/wp-content\/uploads\/2025\/12\/PACK-ZERO-PZ375L.jpg","datePublished":"2026-01-26T15:22:01+00:00","dateModified":"2026-02-24T09:09:54+00:00","breadcrumb":{"@id":"https:\/\/www.xunzel.com\/store\/pt-pt\/producto\/pack-zero-pz375l\/#breadcrumb"},"inLanguage":"pt-PT","potentialAction":[{"@type":"ReadAction","target":["https:\/\/www.xunzel.com\/store\/pt-pt\/producto\/pack-zero-pz375l\/"]}]},{"@type":"ImageObject","inLanguage":"pt-PT","@id":"https:\/\/www.xunzel.com\/store\/pt-pt\/producto\/pack-zero-pz375l\/#primaryimage","url":"https:\/\/www.xunzel.com\/store\/wp-content\/uploads\/2025\/12\/PACK-ZERO-PZ375L.jpg","contentUrl":"https:\/\/www.xunzel.com\/store\/wp-content\/uploads\/2025\/12\/PACK-ZERO-PZ375L.jpg","width":2000,"height":2000},{"@type":"BreadcrumbList","@id":"https:\/\/www.xunzel.com\/store\/pt-pt\/producto\/pack-zero-pz375l\/#breadcrumb","itemListElement":[{"@type":"ListItem","position":1,"name":"Portada","item":"https:\/\/www.xunzel.com\/store\/pt-pt\/"},{"@type":"ListItem","position":2,"name":"Loja","item":"https:\/\/www.xunzel.com\/store\/tienda\/"},{"@type":"ListItem","position":3,"name":"PACK ZERO+ PZ375L"}]},{"@type":"WebSite","@id":"https:\/\/www.xunzel.com\/store\/pt-pt\/#website","url":"https:\/\/www.xunzel.com\/store\/pt-pt\/","name":"Xunzel","description":"Energy in a box - The Electric Revolution","publisher":{"@id":"https:\/\/www.xunzel.com\/store\/pt-pt\/#organization"},"potentialAction":[{"@type":"SearchAction","target":{"@type":"EntryPoint","urlTemplate":"https:\/\/www.xunzel.com\/store\/pt-pt\/?s={search_term_string}"},"query-input":{"@type":"PropertyValueSpecification","valueRequired":true,"valueName":"search_term_string"}}],"inLanguage":"pt-PT"},{"@type":"Organization","@id":"https:\/\/www.xunzel.com\/store\/pt-pt\/#organization","name":"Xunzel","url":"https:\/\/www.xunzel.com\/store\/pt-pt\/","logo":{"@type":"ImageObject","inLanguage":"pt-PT","@id":"https:\/\/www.xunzel.com\/store\/pt-pt\/#\/schema\/logo\/image\/","url":"https:\/\/www.xunzel.com\/store\/wp-content\/uploads\/2021\/01\/logo-xunzel-footer.png","contentUrl":"https:\/\/www.xunzel.com\/store\/wp-content\/uploads\/2021\/01\/logo-xunzel-footer.png","width":280,"height":52,"caption":"Xunzel"},"image":{"@id":"https:\/\/www.xunzel.com\/store\/pt-pt\/#\/schema\/logo\/image\/"}}]}},"_links":{"self":[{"href":"https:\/\/www.xunzel.com\/store\/pt-pt\/wp-json\/wp\/v2\/product\/25438","targetHints":{"allow":["GET"]}}],"collection":[{"href":"https:\/\/www.xunzel.com\/store\/pt-pt\/wp-json\/wp\/v2\/product"}],"about":[{"href":"https:\/\/www.xunzel.com\/store\/pt-pt\/wp-json\/wp\/v2\/types\/product"}],"wp:featuredmedia":[{"embeddable":true,"href":"https:\/\/www.xunzel.com\/store\/pt-pt\/wp-json\/wp\/v2\/media\/25428"}],"wp:attachment":[{"href":"https:\/\/www.xunzel.com\/store\/pt-pt\/wp-json\/wp\/v2\/media?parent=25438"}],"wp:term":[{"taxonomy":"product_brand","embeddable":true,"href":"https:\/\/www.xunzel.com\/store\/pt-pt\/wp-json\/wp\/v2\/product_brand?post=25438"},{"taxonomy":"product_cat","embeddable":true,"href":"https:\/\/www.xunzel.com\/store\/pt-pt\/wp-json\/wp\/v2\/product_cat?post=25438"},{"taxonomy":"product_tag","embeddable":true,"href":"https:\/\/www.xunzel.com\/store\/pt-pt\/wp-json\/wp\/v2\/product_tag?post=25438"}],"curies":[{"name":"wp","href":"https:\/\/api.w.org\/{rel}","templated":true}]}}