{"id":23945,"date":"2025-06-18T13:00:02","date_gmt":"2025-06-23T08:09:14","guid":{"rendered":"https:\/\/www.xunzel.com\/store\/?post_type=product&#038;p=23945"},"modified":"2025-08-18T10:00:23","modified_gmt":"2025-08-18T08:00:23","slug":"xj-din-150w-24v","status":"publish","type":"product","link":"https:\/\/www.xunzel.com\/store\/pt-pt\/producto\/xj-din-150w-24v\/","title":{"rendered":"XJ-DIN-150W-24V"},"content":{"rendered":"","protected":false},"excerpt":{"rendered":"<p>Inversor Pure Wave XJ\u2122 em calha DIN, liga\u00e7\u00e3o de parafuso, entrada 24VDC apenas bateria, 7.0ADC, sa\u00edda 150W AC monof\u00e1sica, 230VAC, 50Hz, 0.65A.<br \/>\nCom &lt;modo stand-by&gt; selecion\u00e1vel para modo de baixo consumo e fun\u00e7\u00e3o &lt;automatic-start&gt; integrada. O inversor reinicia quando a bateria recupera a carga.<br \/>\nConverte a tens\u00e3o da bateria de 24VDC numa fonte de alimenta\u00e7\u00e3o de 230VAC-50Hz de alta qualidade e fi\u00e1vel. Pronto a ligar e a utilizar. Protege e assegura um melhor desempenho do equipamento ligado.<br \/>\nFornece uma fonte de alimenta\u00e7\u00e3o permanente quando n\u00e3o h\u00e1 liga\u00e7\u00e3o \u00e0 rede el\u00e9ctrica. Elevada efici\u00eancia, consumo pr\u00f3prio muito baixo. Leve, robusto, seguro e fi\u00e1vel. Tecnologia avan\u00e7ada. Tire o m\u00e1ximo partido da sua bateria.<br \/>\nO estado \u00e9 indicado por LED.<br \/>\nCalha DIN n\u00e3o inclu\u00edda.<\/p>\n<p><span class=\"shared-files-shortcode-admin-list shared-files-shortcode-admin-list-file shared-files-shortcode-24841\" title=\"[shared_files file_id=24841]\">[shared_files file_id=24841]<\/span><\/p>\n<p>&nbsp;<\/p>\n","protected":false},"featured_media":23933,"template":"","meta":{"_acf_changed":false},"product_brand":[],"product_cat":[258],"product_tag":[],"class_list":{"0":"post-23945","1":"product","2":"type-product","3":"status-publish","4":"has-post-thumbnail","6":"product_cat-xj-series-inversores","8":"first","9":"instock","10":"taxable","11":"shipping-taxable","12":"purchasable","13":"product-type-simple"},"acf":[],"yoast_head":"<!-- This site is optimized with the Yoast SEO plugin v25.4 - https:\/\/yoast.com\/wordpress\/plugins\/seo\/ -->\n<title>XJ-DIN-150W-24V &#8211; Xunzel<\/title>\n<meta name=\"robots\" content=\"index, follow, max-snippet:-1, max-image-preview:large, max-video-preview:-1\" \/>\n<link rel=\"canonical\" href=\"https:\/\/www.xunzel.com\/store\/pt-pt\/producto\/xj-din-150w-24v\/\" \/>\n<meta property=\"og:locale\" content=\"pt_PT\" \/>\n<meta property=\"og:type\" content=\"article\" \/>\n<meta property=\"og:title\" content=\"XJ-DIN-150W-24V &#8211; Xunzel\" \/>\n<meta property=\"og:description\" content=\"Inversor Pure Wave XJ\u2122 em calha DIN, liga\u00e7\u00e3o de parafuso, entrada 24VDC apenas bateria, 7.0ADC, sa\u00edda 150W AC monof\u00e1sica, 230VAC, 50Hz, 0.65A. Com &lt;modo stand-by&gt; selecion\u00e1vel para modo de baixo consumo e fun\u00e7\u00e3o &lt;automatic-start&gt; integrada. O inversor reinicia quando a bateria recupera a carga. Converte a tens\u00e3o da bateria de 24VDC numa fonte de alimenta\u00e7\u00e3o de 230VAC-50Hz de alta qualidade e fi\u00e1vel. Pronto a ligar e a utilizar. Protege e assegura um melhor desempenho do equipamento ligado. Fornece uma fonte de alimenta\u00e7\u00e3o permanente quando n\u00e3o h\u00e1 liga\u00e7\u00e3o \u00e0 rede el\u00e9ctrica. Elevada efici\u00eancia, consumo pr\u00f3prio muito baixo. Leve, robusto, seguro e fi\u00e1vel. Tecnologia avan\u00e7ada. Tire o m\u00e1ximo partido da sua bateria. O estado \u00e9 indicado por LED. Calha DIN n\u00e3o inclu\u00edda.    &nbsp;\" \/>\n<meta property=\"og:url\" content=\"https:\/\/www.xunzel.com\/store\/pt-pt\/producto\/xj-din-150w-24v\/\" \/>\n<meta property=\"og:site_name\" content=\"Xunzel\" \/>\n<meta property=\"article:modified_time\" content=\"2025-08-18T08:00:23+00:00\" \/>\n<meta property=\"og:image\" content=\"https:\/\/www.xunzel.com\/store\/wp-content\/uploads\/2025\/03\/XJDIN150242_iso.jpg\" \/>\n\t<meta property=\"og:image:width\" content=\"2250\" \/>\n\t<meta property=\"og:image:height\" content=\"2250\" \/>\n\t<meta property=\"og:image:type\" content=\"image\/jpeg\" \/>\n<meta name=\"twitter:card\" content=\"summary_large_image\" \/>\n<meta name=\"twitter:label1\" content=\"Tempo estimado de leitura\" \/>\n\t<meta name=\"twitter:data1\" content=\"1 minuto\" \/>\n<script type=\"application\/ld+json\" class=\"yoast-schema-graph\">{\"@context\":\"https:\/\/schema.org\",\"@graph\":[{\"@type\":\"WebPage\",\"@id\":\"https:\/\/www.xunzel.com\/store\/pt-pt\/producto\/xj-din-150w-24v\/\",\"url\":\"https:\/\/www.xunzel.com\/store\/pt-pt\/producto\/xj-din-150w-24v\/\",\"name\":\"XJ-DIN-150W-24V &#8211; Xunzel\",\"isPartOf\":{\"@id\":\"https:\/\/www.xunzel.com\/store\/pt-pt\/#website\"},\"primaryImageOfPage\":{\"@id\":\"https:\/\/www.xunzel.com\/store\/pt-pt\/producto\/xj-din-150w-24v\/#primaryimage\"},\"image\":{\"@id\":\"https:\/\/www.xunzel.com\/store\/pt-pt\/producto\/xj-din-150w-24v\/#primaryimage\"},\"thumbnailUrl\":\"https:\/\/www.xunzel.com\/store\/wp-content\/uploads\/2025\/03\/XJDIN150242_iso.jpg\",\"datePublished\":\"2025-06-23T08:09:14+00:00\",\"dateModified\":\"2025-08-18T08:00:23+00:00\",\"breadcrumb\":{\"@id\":\"https:\/\/www.xunzel.com\/store\/pt-pt\/producto\/xj-din-150w-24v\/#breadcrumb\"},\"inLanguage\":\"pt-PT\",\"potentialAction\":[{\"@type\":\"ReadAction\",\"target\":[\"https:\/\/www.xunzel.com\/store\/pt-pt\/producto\/xj-din-150w-24v\/\"]}]},{\"@type\":\"ImageObject\",\"inLanguage\":\"pt-PT\",\"@id\":\"https:\/\/www.xunzel.com\/store\/pt-pt\/producto\/xj-din-150w-24v\/#primaryimage\",\"url\":\"https:\/\/www.xunzel.com\/store\/wp-content\/uploads\/2025\/03\/XJDIN150242_iso.jpg\",\"contentUrl\":\"https:\/\/www.xunzel.com\/store\/wp-content\/uploads\/2025\/03\/XJDIN150242_iso.jpg\",\"width\":2250,\"height\":2250},{\"@type\":\"BreadcrumbList\",\"@id\":\"https:\/\/www.xunzel.com\/store\/pt-pt\/producto\/xj-din-150w-24v\/#breadcrumb\",\"itemListElement\":[{\"@type\":\"ListItem\",\"position\":1,\"name\":\"Portada\",\"item\":\"https:\/\/www.xunzel.com\/store\/pt-pt\/\"},{\"@type\":\"ListItem\",\"position\":2,\"name\":\"Loja\",\"item\":\"https:\/\/www.xunzel.com\/store\/tienda\/\"},{\"@type\":\"ListItem\",\"position\":3,\"name\":\"XJ-DIN-150W-24V\"}]},{\"@type\":\"WebSite\",\"@id\":\"https:\/\/www.xunzel.com\/store\/pt-pt\/#website\",\"url\":\"https:\/\/www.xunzel.com\/store\/pt-pt\/\",\"name\":\"Xunzel\",\"description\":\"Energy in a box - The Electric Revolution\",\"publisher\":{\"@id\":\"https:\/\/www.xunzel.com\/store\/pt-pt\/#organization\"},\"potentialAction\":[{\"@type\":\"SearchAction\",\"target\":{\"@type\":\"EntryPoint\",\"urlTemplate\":\"https:\/\/www.xunzel.com\/store\/pt-pt\/?s={search_term_string}\"},\"query-input\":{\"@type\":\"PropertyValueSpecification\",\"valueRequired\":true,\"valueName\":\"search_term_string\"}}],\"inLanguage\":\"pt-PT\"},{\"@type\":\"Organization\",\"@id\":\"https:\/\/www.xunzel.com\/store\/pt-pt\/#organization\",\"name\":\"Xunzel\",\"url\":\"https:\/\/www.xunzel.com\/store\/pt-pt\/\",\"logo\":{\"@type\":\"ImageObject\",\"inLanguage\":\"pt-PT\",\"@id\":\"https:\/\/www.xunzel.com\/store\/pt-pt\/#\/schema\/logo\/image\/\",\"url\":\"https:\/\/www.xunzel.com\/store\/wp-content\/uploads\/2021\/01\/logo-xunzel-footer.png\",\"contentUrl\":\"https:\/\/www.xunzel.com\/store\/wp-content\/uploads\/2021\/01\/logo-xunzel-footer.png\",\"width\":280,\"height\":52,\"caption\":\"Xunzel\"},\"image\":{\"@id\":\"https:\/\/www.xunzel.com\/store\/pt-pt\/#\/schema\/logo\/image\/\"}}]}<\/script>\n<!-- \/ Yoast SEO plugin. -->","yoast_head_json":{"title":"XJ-DIN-150W-24V &#8211; Xunzel","robots":{"index":"index","follow":"follow","max-snippet":"max-snippet:-1","max-image-preview":"max-image-preview:large","max-video-preview":"max-video-preview:-1"},"canonical":"https:\/\/www.xunzel.com\/store\/pt-pt\/producto\/xj-din-150w-24v\/","og_locale":"pt_PT","og_type":"article","og_title":"XJ-DIN-150W-24V &#8211; Xunzel","og_description":"Inversor Pure Wave XJ\u2122 em calha DIN, liga\u00e7\u00e3o de parafuso, entrada 24VDC apenas bateria, 7.0ADC, sa\u00edda 150W AC monof\u00e1sica, 230VAC, 50Hz, 0.65A. Com &lt;modo stand-by&gt; selecion\u00e1vel para modo de baixo consumo e fun\u00e7\u00e3o &lt;automatic-start&gt; integrada. O inversor reinicia quando a bateria recupera a carga. Converte a tens\u00e3o da bateria de 24VDC numa fonte de alimenta\u00e7\u00e3o de 230VAC-50Hz de alta qualidade e fi\u00e1vel. Pronto a ligar e a utilizar. Protege e assegura um melhor desempenho do equipamento ligado. Fornece uma fonte de alimenta\u00e7\u00e3o permanente quando n\u00e3o h\u00e1 liga\u00e7\u00e3o \u00e0 rede el\u00e9ctrica. Elevada efici\u00eancia, consumo pr\u00f3prio muito baixo. Leve, robusto, seguro e fi\u00e1vel. Tecnologia avan\u00e7ada. Tire o m\u00e1ximo partido da sua bateria. O estado \u00e9 indicado por LED. Calha DIN n\u00e3o inclu\u00edda.    &nbsp;","og_url":"https:\/\/www.xunzel.com\/store\/pt-pt\/producto\/xj-din-150w-24v\/","og_site_name":"Xunzel","article_modified_time":"2025-08-18T08:00:23+00:00","og_image":[{"width":2250,"height":2250,"url":"https:\/\/www.xunzel.com\/store\/wp-content\/uploads\/2025\/03\/XJDIN150242_iso.jpg","type":"image\/jpeg"}],"twitter_card":"summary_large_image","twitter_misc":{"Tempo estimado de leitura":"1 minuto"},"schema":{"@context":"https:\/\/schema.org","@graph":[{"@type":"WebPage","@id":"https:\/\/www.xunzel.com\/store\/pt-pt\/producto\/xj-din-150w-24v\/","url":"https:\/\/www.xunzel.com\/store\/pt-pt\/producto\/xj-din-150w-24v\/","name":"XJ-DIN-150W-24V &#8211; Xunzel","isPartOf":{"@id":"https:\/\/www.xunzel.com\/store\/pt-pt\/#website"},"primaryImageOfPage":{"@id":"https:\/\/www.xunzel.com\/store\/pt-pt\/producto\/xj-din-150w-24v\/#primaryimage"},"image":{"@id":"https:\/\/www.xunzel.com\/store\/pt-pt\/producto\/xj-din-150w-24v\/#primaryimage"},"thumbnailUrl":"https:\/\/www.xunzel.com\/store\/wp-content\/uploads\/2025\/03\/XJDIN150242_iso.jpg","datePublished":"2025-06-23T08:09:14+00:00","dateModified":"2025-08-18T08:00:23+00:00","breadcrumb":{"@id":"https:\/\/www.xunzel.com\/store\/pt-pt\/producto\/xj-din-150w-24v\/#breadcrumb"},"inLanguage":"pt-PT","potentialAction":[{"@type":"ReadAction","target":["https:\/\/www.xunzel.com\/store\/pt-pt\/producto\/xj-din-150w-24v\/"]}]},{"@type":"ImageObject","inLanguage":"pt-PT","@id":"https:\/\/www.xunzel.com\/store\/pt-pt\/producto\/xj-din-150w-24v\/#primaryimage","url":"https:\/\/www.xunzel.com\/store\/wp-content\/uploads\/2025\/03\/XJDIN150242_iso.jpg","contentUrl":"https:\/\/www.xunzel.com\/store\/wp-content\/uploads\/2025\/03\/XJDIN150242_iso.jpg","width":2250,"height":2250},{"@type":"BreadcrumbList","@id":"https:\/\/www.xunzel.com\/store\/pt-pt\/producto\/xj-din-150w-24v\/#breadcrumb","itemListElement":[{"@type":"ListItem","position":1,"name":"Portada","item":"https:\/\/www.xunzel.com\/store\/pt-pt\/"},{"@type":"ListItem","position":2,"name":"Loja","item":"https:\/\/www.xunzel.com\/store\/tienda\/"},{"@type":"ListItem","position":3,"name":"XJ-DIN-150W-24V"}]},{"@type":"WebSite","@id":"https:\/\/www.xunzel.com\/store\/pt-pt\/#website","url":"https:\/\/www.xunzel.com\/store\/pt-pt\/","name":"Xunzel","description":"Energy in a box - The Electric Revolution","publisher":{"@id":"https:\/\/www.xunzel.com\/store\/pt-pt\/#organization"},"potentialAction":[{"@type":"SearchAction","target":{"@type":"EntryPoint","urlTemplate":"https:\/\/www.xunzel.com\/store\/pt-pt\/?s={search_term_string}"},"query-input":{"@type":"PropertyValueSpecification","valueRequired":true,"valueName":"search_term_string"}}],"inLanguage":"pt-PT"},{"@type":"Organization","@id":"https:\/\/www.xunzel.com\/store\/pt-pt\/#organization","name":"Xunzel","url":"https:\/\/www.xunzel.com\/store\/pt-pt\/","logo":{"@type":"ImageObject","inLanguage":"pt-PT","@id":"https:\/\/www.xunzel.com\/store\/pt-pt\/#\/schema\/logo\/image\/","url":"https:\/\/www.xunzel.com\/store\/wp-content\/uploads\/2021\/01\/logo-xunzel-footer.png","contentUrl":"https:\/\/www.xunzel.com\/store\/wp-content\/uploads\/2021\/01\/logo-xunzel-footer.png","width":280,"height":52,"caption":"Xunzel"},"image":{"@id":"https:\/\/www.xunzel.com\/store\/pt-pt\/#\/schema\/logo\/image\/"}}]}},"_links":{"self":[{"href":"https:\/\/www.xunzel.com\/store\/pt-pt\/wp-json\/wp\/v2\/product\/23945","targetHints":{"allow":["GET"]}}],"collection":[{"href":"https:\/\/www.xunzel.com\/store\/pt-pt\/wp-json\/wp\/v2\/product"}],"about":[{"href":"https:\/\/www.xunzel.com\/store\/pt-pt\/wp-json\/wp\/v2\/types\/product"}],"wp:featuredmedia":[{"embeddable":true,"href":"https:\/\/www.xunzel.com\/store\/pt-pt\/wp-json\/wp\/v2\/media\/23933"}],"wp:attachment":[{"href":"https:\/\/www.xunzel.com\/store\/pt-pt\/wp-json\/wp\/v2\/media?parent=23945"}],"wp:term":[{"taxonomy":"product_brand","embeddable":true,"href":"https:\/\/www.xunzel.com\/store\/pt-pt\/wp-json\/wp\/v2\/product_brand?post=23945"},{"taxonomy":"product_cat","embeddable":true,"href":"https:\/\/www.xunzel.com\/store\/pt-pt\/wp-json\/wp\/v2\/product_cat?post=23945"},{"taxonomy":"product_tag","embeddable":true,"href":"https:\/\/www.xunzel.com\/store\/pt-pt\/wp-json\/wp\/v2\/product_tag?post=23945"}],"curies":[{"name":"wp","href":"https:\/\/api.w.org\/{rel}","templated":true}]}}