{"id":23928,"date":"2025-06-18T12:58:51","date_gmt":"2025-06-23T08:09:16","guid":{"rendered":"https:\/\/www.xunzel.com\/store\/?post_type=product&#038;p=23928"},"modified":"2025-06-23T10:09:17","modified_gmt":"2025-06-23T08:09:17","slug":"dbc-12406-lfpb-din","status":"publish","type":"product","link":"https:\/\/www.xunzel.com\/store\/pt-pt\/producto\/dbc-12406-lfpb-din\/","title":{"rendered":"DBC-12406-LFPB-DIN"},"content":{"rendered":"","protected":false},"excerpt":{"rendered":"<p>DBC\u2122 Carregador de bateria universal e fonte de alimenta\u00e7\u00e3o, montagem em carril DIN, liga\u00e7\u00e3o de parafuso, entrada: AC monof\u00e1sica, sa\u00edda 12\/24V DC \/ 6A<\/p>\n<p>Carregador ACDC de n\u00edvel industrial para baterias recarreg\u00e1veis de \u00e1cido-chumbo (AGM, GEL) de 12V 6A e 24V 4A e baterias recarreg\u00e1veis de l\u00edtio (LFP) de 12,8V e 25,6V. Entrada VAC ampla 100-240VAC, 50\/60Hz 1,3A m\u00e1x.<\/p>\n<p>O processo de carregamento com temperatura optimizada aumenta a vida \u00fatil do m\u00f3dulo da bateria, enquanto a corrente de carregamento mais elevada reduz o tempo de carregamento. Modo de alimenta\u00e7\u00e3o (12 e 24V DC). O estado \u00e9 indicado por LED.<\/p>\n<p>Carril DIN n\u00e3o inclu\u00eddo.<\/p>\n<p><span class=\"shared-files-shortcode-admin-list shared-files-shortcode-admin-list-file shared-files-shortcode-24129\" title=\"[shared_files file_id=24129]\">[shared_files file_id=24129]<\/span><\/p>\n","protected":false},"featured_media":23718,"template":"","meta":{"_acf_changed":false},"product_brand":[],"product_cat":[252],"product_tag":[],"class_list":{"0":"post-23928","1":"product","2":"type-product","3":"status-publish","4":"has-post-thumbnail","6":"product_cat-dbc-series-carregadores","8":"first","9":"instock","10":"taxable","11":"shipping-taxable","12":"purchasable","13":"product-type-simple"},"acf":[],"yoast_head":"<!-- This site is optimized with the Yoast SEO plugin v25.4 - https:\/\/yoast.com\/wordpress\/plugins\/seo\/ -->\n<title>DBC-12406-LFPB-DIN &#8211; Xunzel<\/title>\n<meta name=\"robots\" content=\"index, follow, max-snippet:-1, max-image-preview:large, max-video-preview:-1\" \/>\n<link rel=\"canonical\" href=\"https:\/\/www.xunzel.com\/store\/pt-pt\/producto\/dbc-12406-lfpb-din\/\" \/>\n<meta property=\"og:locale\" content=\"pt_PT\" \/>\n<meta property=\"og:type\" content=\"article\" \/>\n<meta property=\"og:title\" content=\"DBC-12406-LFPB-DIN &#8211; Xunzel\" \/>\n<meta property=\"og:description\" content=\"DBC\u2122 Carregador de bateria universal e fonte de alimenta\u00e7\u00e3o, montagem em carril DIN, liga\u00e7\u00e3o de parafuso, entrada: AC monof\u00e1sica, sa\u00edda 12\/24V DC \/ 6A  Carregador ACDC de n\u00edvel industrial para baterias recarreg\u00e1veis de \u00e1cido-chumbo (AGM, GEL) de 12V 6A e 24V 4A e baterias recarreg\u00e1veis de l\u00edtio (LFP) de 12,8V e 25,6V. Entrada VAC ampla 100-240VAC, 50\/60Hz 1,3A m\u00e1x.  O processo de carregamento com temperatura optimizada aumenta a vida \u00fatil do m\u00f3dulo da bateria, enquanto a corrente de carregamento mais elevada reduz o tempo de carregamento. Modo de alimenta\u00e7\u00e3o (12 e 24V DC). O estado \u00e9 indicado por LED.  Carril DIN n\u00e3o inclu\u00eddo.\" \/>\n<meta property=\"og:url\" content=\"https:\/\/www.xunzel.com\/store\/pt-pt\/producto\/dbc-12406-lfpb-din\/\" \/>\n<meta property=\"og:site_name\" content=\"Xunzel\" \/>\n<meta property=\"article:modified_time\" content=\"2025-06-23T08:09:17+00:00\" \/>\n<meta property=\"og:image\" content=\"https:\/\/www.xunzel.com\/store\/wp-content\/uploads\/2025\/03\/DBC12406LFPBD_iso.jpg\" \/>\n\t<meta property=\"og:image:width\" content=\"2250\" \/>\n\t<meta property=\"og:image:height\" content=\"2250\" \/>\n\t<meta property=\"og:image:type\" content=\"image\/jpeg\" \/>\n<meta name=\"twitter:card\" content=\"summary_large_image\" \/>\n<meta name=\"twitter:label1\" content=\"Tempo estimado de leitura\" \/>\n\t<meta name=\"twitter:data1\" content=\"1 minuto\" \/>\n<script type=\"application\/ld+json\" class=\"yoast-schema-graph\">{\"@context\":\"https:\/\/schema.org\",\"@graph\":[{\"@type\":\"WebPage\",\"@id\":\"https:\/\/www.xunzel.com\/store\/pt-pt\/producto\/dbc-12406-lfpb-din\/\",\"url\":\"https:\/\/www.xunzel.com\/store\/pt-pt\/producto\/dbc-12406-lfpb-din\/\",\"name\":\"DBC-12406-LFPB-DIN &#8211; Xunzel\",\"isPartOf\":{\"@id\":\"https:\/\/www.xunzel.com\/store\/pt-pt\/#website\"},\"primaryImageOfPage\":{\"@id\":\"https:\/\/www.xunzel.com\/store\/pt-pt\/producto\/dbc-12406-lfpb-din\/#primaryimage\"},\"image\":{\"@id\":\"https:\/\/www.xunzel.com\/store\/pt-pt\/producto\/dbc-12406-lfpb-din\/#primaryimage\"},\"thumbnailUrl\":\"https:\/\/www.xunzel.com\/store\/wp-content\/uploads\/2025\/03\/DBC12406LFPBD_iso.jpg\",\"datePublished\":\"2025-06-23T08:09:16+00:00\",\"dateModified\":\"2025-06-23T08:09:17+00:00\",\"breadcrumb\":{\"@id\":\"https:\/\/www.xunzel.com\/store\/pt-pt\/producto\/dbc-12406-lfpb-din\/#breadcrumb\"},\"inLanguage\":\"pt-PT\",\"potentialAction\":[{\"@type\":\"ReadAction\",\"target\":[\"https:\/\/www.xunzel.com\/store\/pt-pt\/producto\/dbc-12406-lfpb-din\/\"]}]},{\"@type\":\"ImageObject\",\"inLanguage\":\"pt-PT\",\"@id\":\"https:\/\/www.xunzel.com\/store\/pt-pt\/producto\/dbc-12406-lfpb-din\/#primaryimage\",\"url\":\"https:\/\/www.xunzel.com\/store\/wp-content\/uploads\/2025\/03\/DBC12406LFPBD_iso.jpg\",\"contentUrl\":\"https:\/\/www.xunzel.com\/store\/wp-content\/uploads\/2025\/03\/DBC12406LFPBD_iso.jpg\",\"width\":2250,\"height\":2250},{\"@type\":\"BreadcrumbList\",\"@id\":\"https:\/\/www.xunzel.com\/store\/pt-pt\/producto\/dbc-12406-lfpb-din\/#breadcrumb\",\"itemListElement\":[{\"@type\":\"ListItem\",\"position\":1,\"name\":\"Portada\",\"item\":\"https:\/\/www.xunzel.com\/store\/pt-pt\/\"},{\"@type\":\"ListItem\",\"position\":2,\"name\":\"Loja\",\"item\":\"https:\/\/www.xunzel.com\/store\/tienda\/\"},{\"@type\":\"ListItem\",\"position\":3,\"name\":\"DBC-12406-LFPB-DIN\"}]},{\"@type\":\"WebSite\",\"@id\":\"https:\/\/www.xunzel.com\/store\/pt-pt\/#website\",\"url\":\"https:\/\/www.xunzel.com\/store\/pt-pt\/\",\"name\":\"Xunzel\",\"description\":\"Energy in a box - The Electric Revolution\",\"publisher\":{\"@id\":\"https:\/\/www.xunzel.com\/store\/pt-pt\/#organization\"},\"potentialAction\":[{\"@type\":\"SearchAction\",\"target\":{\"@type\":\"EntryPoint\",\"urlTemplate\":\"https:\/\/www.xunzel.com\/store\/pt-pt\/?s={search_term_string}\"},\"query-input\":{\"@type\":\"PropertyValueSpecification\",\"valueRequired\":true,\"valueName\":\"search_term_string\"}}],\"inLanguage\":\"pt-PT\"},{\"@type\":\"Organization\",\"@id\":\"https:\/\/www.xunzel.com\/store\/pt-pt\/#organization\",\"name\":\"Xunzel\",\"url\":\"https:\/\/www.xunzel.com\/store\/pt-pt\/\",\"logo\":{\"@type\":\"ImageObject\",\"inLanguage\":\"pt-PT\",\"@id\":\"https:\/\/www.xunzel.com\/store\/pt-pt\/#\/schema\/logo\/image\/\",\"url\":\"https:\/\/www.xunzel.com\/store\/wp-content\/uploads\/2021\/01\/logo-xunzel-footer.png\",\"contentUrl\":\"https:\/\/www.xunzel.com\/store\/wp-content\/uploads\/2021\/01\/logo-xunzel-footer.png\",\"width\":280,\"height\":52,\"caption\":\"Xunzel\"},\"image\":{\"@id\":\"https:\/\/www.xunzel.com\/store\/pt-pt\/#\/schema\/logo\/image\/\"}}]}<\/script>\n<!-- \/ Yoast SEO plugin. -->","yoast_head_json":{"title":"DBC-12406-LFPB-DIN &#8211; Xunzel","robots":{"index":"index","follow":"follow","max-snippet":"max-snippet:-1","max-image-preview":"max-image-preview:large","max-video-preview":"max-video-preview:-1"},"canonical":"https:\/\/www.xunzel.com\/store\/pt-pt\/producto\/dbc-12406-lfpb-din\/","og_locale":"pt_PT","og_type":"article","og_title":"DBC-12406-LFPB-DIN &#8211; Xunzel","og_description":"DBC\u2122 Carregador de bateria universal e fonte de alimenta\u00e7\u00e3o, montagem em carril DIN, liga\u00e7\u00e3o de parafuso, entrada: AC monof\u00e1sica, sa\u00edda 12\/24V DC \/ 6A  Carregador ACDC de n\u00edvel industrial para baterias recarreg\u00e1veis de \u00e1cido-chumbo (AGM, GEL) de 12V 6A e 24V 4A e baterias recarreg\u00e1veis de l\u00edtio (LFP) de 12,8V e 25,6V. Entrada VAC ampla 100-240VAC, 50\/60Hz 1,3A m\u00e1x.  O processo de carregamento com temperatura optimizada aumenta a vida \u00fatil do m\u00f3dulo da bateria, enquanto a corrente de carregamento mais elevada reduz o tempo de carregamento. Modo de alimenta\u00e7\u00e3o (12 e 24V DC). O estado \u00e9 indicado por LED.  Carril DIN n\u00e3o inclu\u00eddo.","og_url":"https:\/\/www.xunzel.com\/store\/pt-pt\/producto\/dbc-12406-lfpb-din\/","og_site_name":"Xunzel","article_modified_time":"2025-06-23T08:09:17+00:00","og_image":[{"width":2250,"height":2250,"url":"https:\/\/www.xunzel.com\/store\/wp-content\/uploads\/2025\/03\/DBC12406LFPBD_iso.jpg","type":"image\/jpeg"}],"twitter_card":"summary_large_image","twitter_misc":{"Tempo estimado de leitura":"1 minuto"},"schema":{"@context":"https:\/\/schema.org","@graph":[{"@type":"WebPage","@id":"https:\/\/www.xunzel.com\/store\/pt-pt\/producto\/dbc-12406-lfpb-din\/","url":"https:\/\/www.xunzel.com\/store\/pt-pt\/producto\/dbc-12406-lfpb-din\/","name":"DBC-12406-LFPB-DIN &#8211; Xunzel","isPartOf":{"@id":"https:\/\/www.xunzel.com\/store\/pt-pt\/#website"},"primaryImageOfPage":{"@id":"https:\/\/www.xunzel.com\/store\/pt-pt\/producto\/dbc-12406-lfpb-din\/#primaryimage"},"image":{"@id":"https:\/\/www.xunzel.com\/store\/pt-pt\/producto\/dbc-12406-lfpb-din\/#primaryimage"},"thumbnailUrl":"https:\/\/www.xunzel.com\/store\/wp-content\/uploads\/2025\/03\/DBC12406LFPBD_iso.jpg","datePublished":"2025-06-23T08:09:16+00:00","dateModified":"2025-06-23T08:09:17+00:00","breadcrumb":{"@id":"https:\/\/www.xunzel.com\/store\/pt-pt\/producto\/dbc-12406-lfpb-din\/#breadcrumb"},"inLanguage":"pt-PT","potentialAction":[{"@type":"ReadAction","target":["https:\/\/www.xunzel.com\/store\/pt-pt\/producto\/dbc-12406-lfpb-din\/"]}]},{"@type":"ImageObject","inLanguage":"pt-PT","@id":"https:\/\/www.xunzel.com\/store\/pt-pt\/producto\/dbc-12406-lfpb-din\/#primaryimage","url":"https:\/\/www.xunzel.com\/store\/wp-content\/uploads\/2025\/03\/DBC12406LFPBD_iso.jpg","contentUrl":"https:\/\/www.xunzel.com\/store\/wp-content\/uploads\/2025\/03\/DBC12406LFPBD_iso.jpg","width":2250,"height":2250},{"@type":"BreadcrumbList","@id":"https:\/\/www.xunzel.com\/store\/pt-pt\/producto\/dbc-12406-lfpb-din\/#breadcrumb","itemListElement":[{"@type":"ListItem","position":1,"name":"Portada","item":"https:\/\/www.xunzel.com\/store\/pt-pt\/"},{"@type":"ListItem","position":2,"name":"Loja","item":"https:\/\/www.xunzel.com\/store\/tienda\/"},{"@type":"ListItem","position":3,"name":"DBC-12406-LFPB-DIN"}]},{"@type":"WebSite","@id":"https:\/\/www.xunzel.com\/store\/pt-pt\/#website","url":"https:\/\/www.xunzel.com\/store\/pt-pt\/","name":"Xunzel","description":"Energy in a box - The Electric Revolution","publisher":{"@id":"https:\/\/www.xunzel.com\/store\/pt-pt\/#organization"},"potentialAction":[{"@type":"SearchAction","target":{"@type":"EntryPoint","urlTemplate":"https:\/\/www.xunzel.com\/store\/pt-pt\/?s={search_term_string}"},"query-input":{"@type":"PropertyValueSpecification","valueRequired":true,"valueName":"search_term_string"}}],"inLanguage":"pt-PT"},{"@type":"Organization","@id":"https:\/\/www.xunzel.com\/store\/pt-pt\/#organization","name":"Xunzel","url":"https:\/\/www.xunzel.com\/store\/pt-pt\/","logo":{"@type":"ImageObject","inLanguage":"pt-PT","@id":"https:\/\/www.xunzel.com\/store\/pt-pt\/#\/schema\/logo\/image\/","url":"https:\/\/www.xunzel.com\/store\/wp-content\/uploads\/2021\/01\/logo-xunzel-footer.png","contentUrl":"https:\/\/www.xunzel.com\/store\/wp-content\/uploads\/2021\/01\/logo-xunzel-footer.png","width":280,"height":52,"caption":"Xunzel"},"image":{"@id":"https:\/\/www.xunzel.com\/store\/pt-pt\/#\/schema\/logo\/image\/"}}]}},"_links":{"self":[{"href":"https:\/\/www.xunzel.com\/store\/pt-pt\/wp-json\/wp\/v2\/product\/23928","targetHints":{"allow":["GET"]}}],"collection":[{"href":"https:\/\/www.xunzel.com\/store\/pt-pt\/wp-json\/wp\/v2\/product"}],"about":[{"href":"https:\/\/www.xunzel.com\/store\/pt-pt\/wp-json\/wp\/v2\/types\/product"}],"wp:featuredmedia":[{"embeddable":true,"href":"https:\/\/www.xunzel.com\/store\/pt-pt\/wp-json\/wp\/v2\/media\/23718"}],"wp:attachment":[{"href":"https:\/\/www.xunzel.com\/store\/pt-pt\/wp-json\/wp\/v2\/media?parent=23928"}],"wp:term":[{"taxonomy":"product_brand","embeddable":true,"href":"https:\/\/www.xunzel.com\/store\/pt-pt\/wp-json\/wp\/v2\/product_brand?post=23928"},{"taxonomy":"product_cat","embeddable":true,"href":"https:\/\/www.xunzel.com\/store\/pt-pt\/wp-json\/wp\/v2\/product_cat?post=23928"},{"taxonomy":"product_tag","embeddable":true,"href":"https:\/\/www.xunzel.com\/store\/pt-pt\/wp-json\/wp\/v2\/product_tag?post=23928"}],"curies":[{"name":"wp","href":"https:\/\/api.w.org\/{rel}","templated":true}]}}