{"id":22907,"date":"2024-10-22T10:11:36","date_gmt":"2024-10-22T08:12:32","guid":{"rendered":"https:\/\/www.xunzel.com\/store\/?post_type=product&#038;p=22907"},"modified":"2025-03-28T14:07:20","modified_gmt":"2025-03-28T13:07:20","slug":"controlo-remoto-rcxj","status":"publish","type":"product","link":"https:\/\/www.xunzel.com\/store\/pt-pt\/producto\/controlo-remoto-rcxj\/","title":{"rendered":"Controlo Remoto RCXJ"},"content":{"rendered":"","protected":false},"excerpt":{"rendered":"<p>Controlo Remoto ON\/OFF RCXJ com cabo de 6,1 metros compat\u00edvel com os inversores <a href=\"https:\/\/www.xunzel.com\/store\/pt-pt\/categoria-produto\/inversores-carregadores\/xj-series-inversores\/\" target=\"_blank\" rel=\"noopener\"><strong>XJ\u2122 Series, XJTS<\/strong><strong>\u2122 Series <\/strong><\/a>e inversores + carregadores <a href=\"https:\/\/www.xunzel.com\/store\/pt-pt\/categoria-produto\/inversores-carregadores\/xjc-series-inversores-carregadores\/\" target=\"_blank\" rel=\"noopener\"><strong>XJC\u2122 Series<\/strong><\/a>.<\/p>\n<p>Permite que os inversores sejam ligados, desligados e programados \u00e0 dist\u00e2ncia. F\u00e1cil de instalar e utilizar.<\/p>\n<p>NOTA IMPORTANTE: Para utiliza\u00e7\u00e3o com os carregadores-inversores XJC Series e os inversores XJTS-3000W Series, \u00e9 necess\u00e1rio o acess\u00f3rio ISXJCTS (n\u00e3o inclu\u00eddo).<\/p>\n<p>&nbsp;<\/p>\n","protected":false},"featured_media":22875,"template":"","meta":{"_acf_changed":false},"product_brand":[],"product_cat":[294,258],"product_tag":[],"class_list":{"0":"post-22907","1":"product","2":"type-product","3":"status-publish","4":"has-post-thumbnail","6":"product_cat-xjc-series-inversores-carregadores","7":"product_cat-xj-series-inversores","9":"first","10":"instock","11":"taxable","12":"shipping-taxable","13":"purchasable","14":"product-type-simple"},"acf":[],"yoast_head":"<!-- This site is optimized with the Yoast SEO plugin v25.4 - https:\/\/yoast.com\/wordpress\/plugins\/seo\/ -->\n<title>Controlo Remoto RCXJ &#8211; Xunzel<\/title>\n<meta name=\"robots\" content=\"index, follow, max-snippet:-1, max-image-preview:large, max-video-preview:-1\" \/>\n<link rel=\"canonical\" href=\"https:\/\/www.xunzel.com\/store\/pt-pt\/producto\/controlo-remoto-rcxj\/\" \/>\n<meta property=\"og:locale\" content=\"pt_PT\" \/>\n<meta property=\"og:type\" content=\"article\" \/>\n<meta property=\"og:title\" content=\"Controlo Remoto RCXJ &#8211; Xunzel\" \/>\n<meta property=\"og:description\" content=\"Controlo Remoto ON\/OFF RCXJ com cabo de 6,1 metros compat\u00edvel com os inversores XJ\u2122 Series, XJTS\u2122 Series e inversores + carregadores XJC\u2122 Series.  Permite que os inversores sejam ligados, desligados e programados \u00e0 dist\u00e2ncia. F\u00e1cil de instalar e utilizar.  NOTA IMPORTANTE: Para utiliza\u00e7\u00e3o com os carregadores-inversores XJC Series e os inversores XJTS-3000W Series, \u00e9 necess\u00e1rio o acess\u00f3rio ISXJCTS (n\u00e3o inclu\u00eddo).  &nbsp;\" \/>\n<meta property=\"og:url\" content=\"https:\/\/www.xunzel.com\/store\/pt-pt\/producto\/controlo-remoto-rcxj\/\" \/>\n<meta property=\"og:site_name\" content=\"Xunzel\" \/>\n<meta property=\"article:modified_time\" content=\"2025-03-28T13:07:20+00:00\" \/>\n<meta property=\"og:image\" content=\"https:\/\/www.xunzel.com\/store\/wp-content\/uploads\/2024\/10\/RCXJ-XUNZEL-100-scaled.jpg\" \/>\n\t<meta property=\"og:image:width\" content=\"2560\" \/>\n\t<meta property=\"og:image:height\" content=\"2560\" \/>\n\t<meta property=\"og:image:type\" content=\"image\/jpeg\" \/>\n<meta name=\"twitter:card\" content=\"summary_large_image\" \/>\n<meta name=\"twitter:label1\" content=\"Tempo estimado de leitura\" \/>\n\t<meta name=\"twitter:data1\" content=\"1 minuto\" \/>\n<script type=\"application\/ld+json\" class=\"yoast-schema-graph\">{\"@context\":\"https:\/\/schema.org\",\"@graph\":[{\"@type\":\"WebPage\",\"@id\":\"https:\/\/www.xunzel.com\/store\/pt-pt\/producto\/controlo-remoto-rcxj\/\",\"url\":\"https:\/\/www.xunzel.com\/store\/pt-pt\/producto\/controlo-remoto-rcxj\/\",\"name\":\"Controlo Remoto RCXJ &#8211; Xunzel\",\"isPartOf\":{\"@id\":\"https:\/\/www.xunzel.com\/store\/pt-pt\/#website\"},\"primaryImageOfPage\":{\"@id\":\"https:\/\/www.xunzel.com\/store\/pt-pt\/producto\/controlo-remoto-rcxj\/#primaryimage\"},\"image\":{\"@id\":\"https:\/\/www.xunzel.com\/store\/pt-pt\/producto\/controlo-remoto-rcxj\/#primaryimage\"},\"thumbnailUrl\":\"https:\/\/www.xunzel.com\/store\/wp-content\/uploads\/2024\/10\/RCXJ-XUNZEL-100-scaled.jpg\",\"datePublished\":\"2024-10-22T08:12:32+00:00\",\"dateModified\":\"2025-03-28T13:07:20+00:00\",\"breadcrumb\":{\"@id\":\"https:\/\/www.xunzel.com\/store\/pt-pt\/producto\/controlo-remoto-rcxj\/#breadcrumb\"},\"inLanguage\":\"pt-PT\",\"potentialAction\":[{\"@type\":\"ReadAction\",\"target\":[\"https:\/\/www.xunzel.com\/store\/pt-pt\/producto\/controlo-remoto-rcxj\/\"]}]},{\"@type\":\"ImageObject\",\"inLanguage\":\"pt-PT\",\"@id\":\"https:\/\/www.xunzel.com\/store\/pt-pt\/producto\/controlo-remoto-rcxj\/#primaryimage\",\"url\":\"https:\/\/www.xunzel.com\/store\/wp-content\/uploads\/2024\/10\/RCXJ-XUNZEL-100-scaled.jpg\",\"contentUrl\":\"https:\/\/www.xunzel.com\/store\/wp-content\/uploads\/2024\/10\/RCXJ-XUNZEL-100-scaled.jpg\",\"width\":2560,\"height\":2560},{\"@type\":\"BreadcrumbList\",\"@id\":\"https:\/\/www.xunzel.com\/store\/pt-pt\/producto\/controlo-remoto-rcxj\/#breadcrumb\",\"itemListElement\":[{\"@type\":\"ListItem\",\"position\":1,\"name\":\"Portada\",\"item\":\"https:\/\/www.xunzel.com\/store\/pt-pt\/\"},{\"@type\":\"ListItem\",\"position\":2,\"name\":\"Loja\",\"item\":\"https:\/\/www.xunzel.com\/store\/tienda\/\"},{\"@type\":\"ListItem\",\"position\":3,\"name\":\"Controlo Remoto RCXJ\"}]},{\"@type\":\"WebSite\",\"@id\":\"https:\/\/www.xunzel.com\/store\/pt-pt\/#website\",\"url\":\"https:\/\/www.xunzel.com\/store\/pt-pt\/\",\"name\":\"Xunzel\",\"description\":\"Energy in a box - The Electric Revolution\",\"publisher\":{\"@id\":\"https:\/\/www.xunzel.com\/store\/pt-pt\/#organization\"},\"potentialAction\":[{\"@type\":\"SearchAction\",\"target\":{\"@type\":\"EntryPoint\",\"urlTemplate\":\"https:\/\/www.xunzel.com\/store\/pt-pt\/?s={search_term_string}\"},\"query-input\":{\"@type\":\"PropertyValueSpecification\",\"valueRequired\":true,\"valueName\":\"search_term_string\"}}],\"inLanguage\":\"pt-PT\"},{\"@type\":\"Organization\",\"@id\":\"https:\/\/www.xunzel.com\/store\/pt-pt\/#organization\",\"name\":\"Xunzel\",\"url\":\"https:\/\/www.xunzel.com\/store\/pt-pt\/\",\"logo\":{\"@type\":\"ImageObject\",\"inLanguage\":\"pt-PT\",\"@id\":\"https:\/\/www.xunzel.com\/store\/pt-pt\/#\/schema\/logo\/image\/\",\"url\":\"https:\/\/www.xunzel.com\/store\/wp-content\/uploads\/2021\/01\/logo-xunzel-footer.png\",\"contentUrl\":\"https:\/\/www.xunzel.com\/store\/wp-content\/uploads\/2021\/01\/logo-xunzel-footer.png\",\"width\":280,\"height\":52,\"caption\":\"Xunzel\"},\"image\":{\"@id\":\"https:\/\/www.xunzel.com\/store\/pt-pt\/#\/schema\/logo\/image\/\"}}]}<\/script>\n<!-- \/ Yoast SEO plugin. -->","yoast_head_json":{"title":"Controlo Remoto RCXJ &#8211; Xunzel","robots":{"index":"index","follow":"follow","max-snippet":"max-snippet:-1","max-image-preview":"max-image-preview:large","max-video-preview":"max-video-preview:-1"},"canonical":"https:\/\/www.xunzel.com\/store\/pt-pt\/producto\/controlo-remoto-rcxj\/","og_locale":"pt_PT","og_type":"article","og_title":"Controlo Remoto RCXJ &#8211; Xunzel","og_description":"Controlo Remoto ON\/OFF RCXJ com cabo de 6,1 metros compat\u00edvel com os inversores XJ\u2122 Series, XJTS\u2122 Series e inversores + carregadores XJC\u2122 Series.  Permite que os inversores sejam ligados, desligados e programados \u00e0 dist\u00e2ncia. F\u00e1cil de instalar e utilizar.  NOTA IMPORTANTE: Para utiliza\u00e7\u00e3o com os carregadores-inversores XJC Series e os inversores XJTS-3000W Series, \u00e9 necess\u00e1rio o acess\u00f3rio ISXJCTS (n\u00e3o inclu\u00eddo).  &nbsp;","og_url":"https:\/\/www.xunzel.com\/store\/pt-pt\/producto\/controlo-remoto-rcxj\/","og_site_name":"Xunzel","article_modified_time":"2025-03-28T13:07:20+00:00","og_image":[{"width":2560,"height":2560,"url":"https:\/\/www.xunzel.com\/store\/wp-content\/uploads\/2024\/10\/RCXJ-XUNZEL-100-scaled.jpg","type":"image\/jpeg"}],"twitter_card":"summary_large_image","twitter_misc":{"Tempo estimado de leitura":"1 minuto"},"schema":{"@context":"https:\/\/schema.org","@graph":[{"@type":"WebPage","@id":"https:\/\/www.xunzel.com\/store\/pt-pt\/producto\/controlo-remoto-rcxj\/","url":"https:\/\/www.xunzel.com\/store\/pt-pt\/producto\/controlo-remoto-rcxj\/","name":"Controlo Remoto RCXJ &#8211; Xunzel","isPartOf":{"@id":"https:\/\/www.xunzel.com\/store\/pt-pt\/#website"},"primaryImageOfPage":{"@id":"https:\/\/www.xunzel.com\/store\/pt-pt\/producto\/controlo-remoto-rcxj\/#primaryimage"},"image":{"@id":"https:\/\/www.xunzel.com\/store\/pt-pt\/producto\/controlo-remoto-rcxj\/#primaryimage"},"thumbnailUrl":"https:\/\/www.xunzel.com\/store\/wp-content\/uploads\/2024\/10\/RCXJ-XUNZEL-100-scaled.jpg","datePublished":"2024-10-22T08:12:32+00:00","dateModified":"2025-03-28T13:07:20+00:00","breadcrumb":{"@id":"https:\/\/www.xunzel.com\/store\/pt-pt\/producto\/controlo-remoto-rcxj\/#breadcrumb"},"inLanguage":"pt-PT","potentialAction":[{"@type":"ReadAction","target":["https:\/\/www.xunzel.com\/store\/pt-pt\/producto\/controlo-remoto-rcxj\/"]}]},{"@type":"ImageObject","inLanguage":"pt-PT","@id":"https:\/\/www.xunzel.com\/store\/pt-pt\/producto\/controlo-remoto-rcxj\/#primaryimage","url":"https:\/\/www.xunzel.com\/store\/wp-content\/uploads\/2024\/10\/RCXJ-XUNZEL-100-scaled.jpg","contentUrl":"https:\/\/www.xunzel.com\/store\/wp-content\/uploads\/2024\/10\/RCXJ-XUNZEL-100-scaled.jpg","width":2560,"height":2560},{"@type":"BreadcrumbList","@id":"https:\/\/www.xunzel.com\/store\/pt-pt\/producto\/controlo-remoto-rcxj\/#breadcrumb","itemListElement":[{"@type":"ListItem","position":1,"name":"Portada","item":"https:\/\/www.xunzel.com\/store\/pt-pt\/"},{"@type":"ListItem","position":2,"name":"Loja","item":"https:\/\/www.xunzel.com\/store\/tienda\/"},{"@type":"ListItem","position":3,"name":"Controlo Remoto RCXJ"}]},{"@type":"WebSite","@id":"https:\/\/www.xunzel.com\/store\/pt-pt\/#website","url":"https:\/\/www.xunzel.com\/store\/pt-pt\/","name":"Xunzel","description":"Energy in a box - The Electric Revolution","publisher":{"@id":"https:\/\/www.xunzel.com\/store\/pt-pt\/#organization"},"potentialAction":[{"@type":"SearchAction","target":{"@type":"EntryPoint","urlTemplate":"https:\/\/www.xunzel.com\/store\/pt-pt\/?s={search_term_string}"},"query-input":{"@type":"PropertyValueSpecification","valueRequired":true,"valueName":"search_term_string"}}],"inLanguage":"pt-PT"},{"@type":"Organization","@id":"https:\/\/www.xunzel.com\/store\/pt-pt\/#organization","name":"Xunzel","url":"https:\/\/www.xunzel.com\/store\/pt-pt\/","logo":{"@type":"ImageObject","inLanguage":"pt-PT","@id":"https:\/\/www.xunzel.com\/store\/pt-pt\/#\/schema\/logo\/image\/","url":"https:\/\/www.xunzel.com\/store\/wp-content\/uploads\/2021\/01\/logo-xunzel-footer.png","contentUrl":"https:\/\/www.xunzel.com\/store\/wp-content\/uploads\/2021\/01\/logo-xunzel-footer.png","width":280,"height":52,"caption":"Xunzel"},"image":{"@id":"https:\/\/www.xunzel.com\/store\/pt-pt\/#\/schema\/logo\/image\/"}}]}},"_links":{"self":[{"href":"https:\/\/www.xunzel.com\/store\/pt-pt\/wp-json\/wp\/v2\/product\/22907","targetHints":{"allow":["GET"]}}],"collection":[{"href":"https:\/\/www.xunzel.com\/store\/pt-pt\/wp-json\/wp\/v2\/product"}],"about":[{"href":"https:\/\/www.xunzel.com\/store\/pt-pt\/wp-json\/wp\/v2\/types\/product"}],"wp:featuredmedia":[{"embeddable":true,"href":"https:\/\/www.xunzel.com\/store\/pt-pt\/wp-json\/wp\/v2\/media\/22875"}],"wp:attachment":[{"href":"https:\/\/www.xunzel.com\/store\/pt-pt\/wp-json\/wp\/v2\/media?parent=22907"}],"wp:term":[{"taxonomy":"product_brand","embeddable":true,"href":"https:\/\/www.xunzel.com\/store\/pt-pt\/wp-json\/wp\/v2\/product_brand?post=22907"},{"taxonomy":"product_cat","embeddable":true,"href":"https:\/\/www.xunzel.com\/store\/pt-pt\/wp-json\/wp\/v2\/product_cat?post=22907"},{"taxonomy":"product_tag","embeddable":true,"href":"https:\/\/www.xunzel.com\/store\/pt-pt\/wp-json\/wp\/v2\/product_tag?post=22907"}],"curies":[{"name":"wp","href":"https:\/\/api.w.org\/{rel}","templated":true}]}}