{"id":21829,"date":"2024-06-17T13:46:36","date_gmt":"2024-06-17T11:46:36","guid":{"rendered":"https:\/\/www.xunzel.com\/store\/?post_type=product&#038;p=21829"},"modified":"2025-03-28T14:09:09","modified_gmt":"2025-03-28T13:09:09","slug":"automatic-transfer-switch","status":"publish","type":"product","link":"https:\/\/www.xunzel.com\/store\/pt-pt\/producto\/automatic-transfer-switch\/","title":{"rendered":"Automatic Transfer Switch"},"content":{"rendered":"<p>O <strong>Automatic Transfer Switch<\/strong> TSXJ-10 (2300 W &#8211; 10 A) comuta de forma segura e autom\u00e1tica o fornecimento de energia entre duas fontes, da rede el\u00e9ctrica ou do gerador para uma fonte de energia de reserva, assegurando uma transi\u00e7\u00e3o suave entre fontes de energia.<\/p>\n<p>Garante que a energia \u00e9 fornecida apenas por uma fonte de cada vez, para evitar danificar o equipamento el\u00e9trico ou criar situa\u00e7\u00f5es perigosas.<\/p>\n<p>O TSXJ-10 \u00e9 universal e pode ser utilizado com todos os tipos de inversores de onda sinusoidal pura at\u00e9 2000W, incluindo os inversores de onda sinusoidal pura <a href=\"https:\/\/www.xunzel.com\/store\/pt-pt\/categoria-producto\/inversores-carregadores\/xj-series-inversores\/\" target=\"_blank\" rel=\"noopener\"><strong>XJ\u2122 Series<\/strong> <\/a>(400W, 500W, 600W, 1000W e 2000W).<\/p>\n<p>O Plug&amp;Play, com sincroniza\u00e7\u00e3o de tens\u00e3o, permite que a carga seja transferida para outra fonte de CA instantaneamente com um tempo de comuta\u00e7\u00e3o m\u00ednimo, para que os computadores e outros equipamentos electr\u00f3nicos continuem a funcionar sem interrup\u00e7\u00f5es.<\/p>\n<p>Ideal para aceder a locais alimentados pela rede el\u00e9ctrica.<\/p>\n<p>F\u00e1cil de utilizar, o automatic transfer switch TSXJ-10 tem uma entrada e uma sa\u00edda, transferindo automaticamente a energia CA dispon\u00edvel para a sa\u00edda.<\/p>\n<p>Monof\u00e1sico, 2300W, 10A, 200-250Vac<\/p>\n","protected":false},"excerpt":{"rendered":"<p>O TSXJ-10 Automatic Transfer Switch (10A &#8211; 2300W) comuta de forma segura e autom\u00e1tica a alimenta\u00e7\u00e3o el\u00e9trica entre duas fontes, desde a rede el\u00e9ctrica ou gerador at\u00e9 uma fonte de energia de reserva.<\/p>\n<p>Com a sincroniza\u00e7\u00e3o da tens\u00e3o, garante que a energia \u00e9 fornecida apenas por uma fonte de cada vez para evitar danificar o equipamento el\u00e9trico ou criar situa\u00e7\u00f5es perigosas.<\/p>\n<p>Plug&amp;Play e universal, concebido e v\u00e1lido para todos os tipos de inversores de onda sinusoidal pura at\u00e9 2000 W, incluindo os inversores de onda sinusoidal <a href=\"https:\/\/www.xunzel.com\/store\/pt-pt\/categoria-producto\/inversores-carregadores\/xj-series-inversores\/\" target=\"_blank\" rel=\"noopener\"><strong>XJ\u2122 Series<\/strong> <\/a>.<\/p>\n<p>&nbsp;<\/p>\n","protected":false},"featured_media":21821,"template":"","meta":{"_acf_changed":false},"product_brand":[],"product_cat":[258],"product_tag":[],"class_list":{"0":"post-21829","1":"product","2":"type-product","3":"status-publish","4":"has-post-thumbnail","6":"product_cat-xj-series-inversores","8":"first","9":"instock","10":"taxable","11":"shipping-taxable","12":"purchasable","13":"product-type-simple"},"acf":[],"yoast_head":"<!-- This site is optimized with the Yoast SEO plugin v25.4 - https:\/\/yoast.com\/wordpress\/plugins\/seo\/ -->\n<title>Automatic Transfer Switch &#8211; Xunzel<\/title>\n<meta name=\"robots\" content=\"index, follow, max-snippet:-1, max-image-preview:large, max-video-preview:-1\" \/>\n<link rel=\"canonical\" href=\"https:\/\/www.xunzel.com\/store\/pt-pt\/producto\/automatic-transfer-switch\/\" \/>\n<meta property=\"og:locale\" content=\"pt_PT\" \/>\n<meta property=\"og:type\" content=\"article\" \/>\n<meta property=\"og:title\" content=\"Automatic Transfer Switch &#8211; Xunzel\" \/>\n<meta property=\"og:description\" content=\"O TSXJ-10 Automatic Transfer Switch (10A - 2300W) comuta de forma segura e autom\u00e1tica a alimenta\u00e7\u00e3o el\u00e9trica entre duas fontes, desde a rede el\u00e9ctrica ou gerador at\u00e9 uma fonte de energia de reserva.  Com a sincroniza\u00e7\u00e3o da tens\u00e3o, garante que a energia \u00e9 fornecida apenas por uma fonte de cada vez para evitar danificar o equipamento el\u00e9trico ou criar situa\u00e7\u00f5es perigosas.  Plug&amp;Play e universal, concebido e v\u00e1lido para todos os tipos de inversores de onda sinusoidal pura at\u00e9 2000 W, incluindo os inversores de onda sinusoidal XJ\u2122 Series .  &nbsp;\" \/>\n<meta property=\"og:url\" content=\"https:\/\/www.xunzel.com\/store\/pt-pt\/producto\/automatic-transfer-switch\/\" \/>\n<meta property=\"og:site_name\" content=\"Xunzel\" \/>\n<meta property=\"article:modified_time\" content=\"2025-03-28T13:09:09+00:00\" \/>\n<meta property=\"og:image\" content=\"https:\/\/www.xunzel.com\/store\/wp-content\/uploads\/2024\/06\/TSXJ-10_w.jpg\" \/>\n\t<meta property=\"og:image:width\" content=\"2068\" \/>\n\t<meta property=\"og:image:height\" content=\"2068\" \/>\n\t<meta property=\"og:image:type\" content=\"image\/jpeg\" \/>\n<meta name=\"twitter:card\" content=\"summary_large_image\" \/>\n<meta name=\"twitter:label1\" content=\"Tempo estimado de leitura\" \/>\n\t<meta name=\"twitter:data1\" content=\"1 minuto\" \/>\n<script type=\"application\/ld+json\" class=\"yoast-schema-graph\">{\"@context\":\"https:\/\/schema.org\",\"@graph\":[{\"@type\":\"WebPage\",\"@id\":\"https:\/\/www.xunzel.com\/store\/pt-pt\/producto\/automatic-transfer-switch\/\",\"url\":\"https:\/\/www.xunzel.com\/store\/pt-pt\/producto\/automatic-transfer-switch\/\",\"name\":\"Automatic Transfer Switch &#8211; Xunzel\",\"isPartOf\":{\"@id\":\"https:\/\/www.xunzel.com\/store\/pt-pt\/#website\"},\"primaryImageOfPage\":{\"@id\":\"https:\/\/www.xunzel.com\/store\/pt-pt\/producto\/automatic-transfer-switch\/#primaryimage\"},\"image\":{\"@id\":\"https:\/\/www.xunzel.com\/store\/pt-pt\/producto\/automatic-transfer-switch\/#primaryimage\"},\"thumbnailUrl\":\"https:\/\/www.xunzel.com\/store\/wp-content\/uploads\/2024\/06\/TSXJ-10_w.jpg\",\"datePublished\":\"2024-06-17T11:46:36+00:00\",\"dateModified\":\"2025-03-28T13:09:09+00:00\",\"breadcrumb\":{\"@id\":\"https:\/\/www.xunzel.com\/store\/pt-pt\/producto\/automatic-transfer-switch\/#breadcrumb\"},\"inLanguage\":\"pt-PT\",\"potentialAction\":[{\"@type\":\"ReadAction\",\"target\":[\"https:\/\/www.xunzel.com\/store\/pt-pt\/producto\/automatic-transfer-switch\/\"]}]},{\"@type\":\"ImageObject\",\"inLanguage\":\"pt-PT\",\"@id\":\"https:\/\/www.xunzel.com\/store\/pt-pt\/producto\/automatic-transfer-switch\/#primaryimage\",\"url\":\"https:\/\/www.xunzel.com\/store\/wp-content\/uploads\/2024\/06\/TSXJ-10_w.jpg\",\"contentUrl\":\"https:\/\/www.xunzel.com\/store\/wp-content\/uploads\/2024\/06\/TSXJ-10_w.jpg\",\"width\":2068,\"height\":2068},{\"@type\":\"BreadcrumbList\",\"@id\":\"https:\/\/www.xunzel.com\/store\/pt-pt\/producto\/automatic-transfer-switch\/#breadcrumb\",\"itemListElement\":[{\"@type\":\"ListItem\",\"position\":1,\"name\":\"Portada\",\"item\":\"https:\/\/www.xunzel.com\/store\/pt-pt\/\"},{\"@type\":\"ListItem\",\"position\":2,\"name\":\"Loja\",\"item\":\"https:\/\/www.xunzel.com\/store\/tienda\/\"},{\"@type\":\"ListItem\",\"position\":3,\"name\":\"Automatic Transfer Switch\"}]},{\"@type\":\"WebSite\",\"@id\":\"https:\/\/www.xunzel.com\/store\/pt-pt\/#website\",\"url\":\"https:\/\/www.xunzel.com\/store\/pt-pt\/\",\"name\":\"Xunzel\",\"description\":\"Energy in a box - The Electric Revolution\",\"publisher\":{\"@id\":\"https:\/\/www.xunzel.com\/store\/pt-pt\/#organization\"},\"potentialAction\":[{\"@type\":\"SearchAction\",\"target\":{\"@type\":\"EntryPoint\",\"urlTemplate\":\"https:\/\/www.xunzel.com\/store\/pt-pt\/?s={search_term_string}\"},\"query-input\":{\"@type\":\"PropertyValueSpecification\",\"valueRequired\":true,\"valueName\":\"search_term_string\"}}],\"inLanguage\":\"pt-PT\"},{\"@type\":\"Organization\",\"@id\":\"https:\/\/www.xunzel.com\/store\/pt-pt\/#organization\",\"name\":\"Xunzel\",\"url\":\"https:\/\/www.xunzel.com\/store\/pt-pt\/\",\"logo\":{\"@type\":\"ImageObject\",\"inLanguage\":\"pt-PT\",\"@id\":\"https:\/\/www.xunzel.com\/store\/pt-pt\/#\/schema\/logo\/image\/\",\"url\":\"https:\/\/www.xunzel.com\/store\/wp-content\/uploads\/2021\/01\/logo-xunzel-footer.png\",\"contentUrl\":\"https:\/\/www.xunzel.com\/store\/wp-content\/uploads\/2021\/01\/logo-xunzel-footer.png\",\"width\":280,\"height\":52,\"caption\":\"Xunzel\"},\"image\":{\"@id\":\"https:\/\/www.xunzel.com\/store\/pt-pt\/#\/schema\/logo\/image\/\"}}]}<\/script>\n<!-- \/ Yoast SEO plugin. -->","yoast_head_json":{"title":"Automatic Transfer Switch &#8211; Xunzel","robots":{"index":"index","follow":"follow","max-snippet":"max-snippet:-1","max-image-preview":"max-image-preview:large","max-video-preview":"max-video-preview:-1"},"canonical":"https:\/\/www.xunzel.com\/store\/pt-pt\/producto\/automatic-transfer-switch\/","og_locale":"pt_PT","og_type":"article","og_title":"Automatic Transfer Switch &#8211; Xunzel","og_description":"O TSXJ-10 Automatic Transfer Switch (10A - 2300W) comuta de forma segura e autom\u00e1tica a alimenta\u00e7\u00e3o el\u00e9trica entre duas fontes, desde a rede el\u00e9ctrica ou gerador at\u00e9 uma fonte de energia de reserva.  Com a sincroniza\u00e7\u00e3o da tens\u00e3o, garante que a energia \u00e9 fornecida apenas por uma fonte de cada vez para evitar danificar o equipamento el\u00e9trico ou criar situa\u00e7\u00f5es perigosas.  Plug&amp;Play e universal, concebido e v\u00e1lido para todos os tipos de inversores de onda sinusoidal pura at\u00e9 2000 W, incluindo os inversores de onda sinusoidal XJ\u2122 Series .  &nbsp;","og_url":"https:\/\/www.xunzel.com\/store\/pt-pt\/producto\/automatic-transfer-switch\/","og_site_name":"Xunzel","article_modified_time":"2025-03-28T13:09:09+00:00","og_image":[{"width":2068,"height":2068,"url":"https:\/\/www.xunzel.com\/store\/wp-content\/uploads\/2024\/06\/TSXJ-10_w.jpg","type":"image\/jpeg"}],"twitter_card":"summary_large_image","twitter_misc":{"Tempo estimado de leitura":"1 minuto"},"schema":{"@context":"https:\/\/schema.org","@graph":[{"@type":"WebPage","@id":"https:\/\/www.xunzel.com\/store\/pt-pt\/producto\/automatic-transfer-switch\/","url":"https:\/\/www.xunzel.com\/store\/pt-pt\/producto\/automatic-transfer-switch\/","name":"Automatic Transfer Switch &#8211; Xunzel","isPartOf":{"@id":"https:\/\/www.xunzel.com\/store\/pt-pt\/#website"},"primaryImageOfPage":{"@id":"https:\/\/www.xunzel.com\/store\/pt-pt\/producto\/automatic-transfer-switch\/#primaryimage"},"image":{"@id":"https:\/\/www.xunzel.com\/store\/pt-pt\/producto\/automatic-transfer-switch\/#primaryimage"},"thumbnailUrl":"https:\/\/www.xunzel.com\/store\/wp-content\/uploads\/2024\/06\/TSXJ-10_w.jpg","datePublished":"2024-06-17T11:46:36+00:00","dateModified":"2025-03-28T13:09:09+00:00","breadcrumb":{"@id":"https:\/\/www.xunzel.com\/store\/pt-pt\/producto\/automatic-transfer-switch\/#breadcrumb"},"inLanguage":"pt-PT","potentialAction":[{"@type":"ReadAction","target":["https:\/\/www.xunzel.com\/store\/pt-pt\/producto\/automatic-transfer-switch\/"]}]},{"@type":"ImageObject","inLanguage":"pt-PT","@id":"https:\/\/www.xunzel.com\/store\/pt-pt\/producto\/automatic-transfer-switch\/#primaryimage","url":"https:\/\/www.xunzel.com\/store\/wp-content\/uploads\/2024\/06\/TSXJ-10_w.jpg","contentUrl":"https:\/\/www.xunzel.com\/store\/wp-content\/uploads\/2024\/06\/TSXJ-10_w.jpg","width":2068,"height":2068},{"@type":"BreadcrumbList","@id":"https:\/\/www.xunzel.com\/store\/pt-pt\/producto\/automatic-transfer-switch\/#breadcrumb","itemListElement":[{"@type":"ListItem","position":1,"name":"Portada","item":"https:\/\/www.xunzel.com\/store\/pt-pt\/"},{"@type":"ListItem","position":2,"name":"Loja","item":"https:\/\/www.xunzel.com\/store\/tienda\/"},{"@type":"ListItem","position":3,"name":"Automatic Transfer Switch"}]},{"@type":"WebSite","@id":"https:\/\/www.xunzel.com\/store\/pt-pt\/#website","url":"https:\/\/www.xunzel.com\/store\/pt-pt\/","name":"Xunzel","description":"Energy in a box - The Electric Revolution","publisher":{"@id":"https:\/\/www.xunzel.com\/store\/pt-pt\/#organization"},"potentialAction":[{"@type":"SearchAction","target":{"@type":"EntryPoint","urlTemplate":"https:\/\/www.xunzel.com\/store\/pt-pt\/?s={search_term_string}"},"query-input":{"@type":"PropertyValueSpecification","valueRequired":true,"valueName":"search_term_string"}}],"inLanguage":"pt-PT"},{"@type":"Organization","@id":"https:\/\/www.xunzel.com\/store\/pt-pt\/#organization","name":"Xunzel","url":"https:\/\/www.xunzel.com\/store\/pt-pt\/","logo":{"@type":"ImageObject","inLanguage":"pt-PT","@id":"https:\/\/www.xunzel.com\/store\/pt-pt\/#\/schema\/logo\/image\/","url":"https:\/\/www.xunzel.com\/store\/wp-content\/uploads\/2021\/01\/logo-xunzel-footer.png","contentUrl":"https:\/\/www.xunzel.com\/store\/wp-content\/uploads\/2021\/01\/logo-xunzel-footer.png","width":280,"height":52,"caption":"Xunzel"},"image":{"@id":"https:\/\/www.xunzel.com\/store\/pt-pt\/#\/schema\/logo\/image\/"}}]}},"_links":{"self":[{"href":"https:\/\/www.xunzel.com\/store\/pt-pt\/wp-json\/wp\/v2\/product\/21829","targetHints":{"allow":["GET"]}}],"collection":[{"href":"https:\/\/www.xunzel.com\/store\/pt-pt\/wp-json\/wp\/v2\/product"}],"about":[{"href":"https:\/\/www.xunzel.com\/store\/pt-pt\/wp-json\/wp\/v2\/types\/product"}],"wp:featuredmedia":[{"embeddable":true,"href":"https:\/\/www.xunzel.com\/store\/pt-pt\/wp-json\/wp\/v2\/media\/21821"}],"wp:attachment":[{"href":"https:\/\/www.xunzel.com\/store\/pt-pt\/wp-json\/wp\/v2\/media?parent=21829"}],"wp:term":[{"taxonomy":"product_brand","embeddable":true,"href":"https:\/\/www.xunzel.com\/store\/pt-pt\/wp-json\/wp\/v2\/product_brand?post=21829"},{"taxonomy":"product_cat","embeddable":true,"href":"https:\/\/www.xunzel.com\/store\/pt-pt\/wp-json\/wp\/v2\/product_cat?post=21829"},{"taxonomy":"product_tag","embeddable":true,"href":"https:\/\/www.xunzel.com\/store\/pt-pt\/wp-json\/wp\/v2\/product_tag?post=21829"}],"curies":[{"name":"wp","href":"https:\/\/api.w.org\/{rel}","templated":true}]}}