{"id":19404,"date":"2024-02-23T11:06:19","date_gmt":"2024-02-23T10:06:19","guid":{"rendered":"https:\/\/www.xunzel.com\/store\/producto\/pack-zero-pz035\/"},"modified":"2025-06-23T10:12:41","modified_gmt":"2025-06-23T08:12:41","slug":"pack-zero-pz035","status":"publish","type":"product","link":"https:\/\/www.xunzel.com\/store\/pt-pt\/producto\/pack-zero-pz035\/","title":{"rendered":"PACK ZERO+ PZ035"},"content":{"rendered":"<p>PACK ZERO+ PZ035 XUNZEL. Sistema Solar Completo pronto a funcionar e a criar a sua energia. Suportes inclu\u00eddos.<br \/>\nIlumina\u00e7\u00e3o e eletricidade onde quiseres. Tudo inclu\u00eddo. Pronto para instalar e utilizar. Plug &amp; Play.<br \/>\nConcebido para ilumina\u00e7\u00e3o LED e eletrifica\u00e7\u00e3o b\u00e1sica at\u00e9 1000W.<\/p>\n<p>Capacidade m\u00e9dia de produ\u00e7\u00e3o at\u00e9 4800Wh\/dia (2x painel <a href=\"https:\/\/www.xunzel.com\/store\/pt-pt\/producto\/solarpower-on-perc-425w-n30\/\" target=\"_blank\" rel=\"noopener\"><strong>SOLARPOWER-ON-425W<\/strong><\/a>).<br \/>\nCapacidade de produ\u00e7\u00e3o mensal at\u00e9 145kWh.<br \/>\nRedu\u00e7\u00e3o m\u00e9dia anual de emiss\u00f5es de CO2 at\u00e9 700kg.<br \/>\nPainel solar de alta efici\u00eancia. Dimens\u00f5es reduzidas e optimizadas. 1754x1096x30mm.<\/p>\n<p>Capacidade bateria <a href=\"https:\/\/www.xunzel.com\/store\/pt-pt\/producto\/solarx-240\/\" target=\"_blank\" rel=\"noopener\"><strong>SOLARX-240<\/strong> <\/a>at\u00e9 2800Wh.<br \/>\nBateria Solar de ciclo profundo, longa vida, sem manuten\u00e7\u00e3o, selada e 100% segura.<br \/>\nCom pot\u00eancia real permanente inversor de onda pura <a href=\"https:\/\/www.xunzel.com\/store\/pt-pt\/producto\/xj-1000w-12v\/\" target=\"_blank\" rel=\"noopener\"><strong>XJ-1000W<\/strong> <\/a>(Pico 2000W) sa\u00edda 230V\/50Hz.<br \/>\nCom Sa\u00edda USB para carregamento de 2.1A.<\/p>\n<p>Carregador solar de alta efici\u00eancia. Inclui suporte coplanar <a href=\"https:\/\/www.xunzel.com\/store\/pt-pt\/categoria-produto\/solarpower\/suportes-paineis-solares\/\" target=\"_blank\" rel=\"noopener\"><strong>SOLTILE<\/strong><\/a>, cabos, conectores universais <a href=\"https:\/\/www.xunzel.com\/store\/pt-pt\/categoria-produto\/solarpower\/cabos-conectores\/\" target=\"_blank\" rel=\"noopener\"><strong>XUNKLIK<\/strong> <\/a>e protec\u00e7\u00f5es de bateria <a href=\"https:\/\/www.xunzel.com\/store\/pt-pt\/categoria-produto\/baterias\/controlo-proteccoes\/\" target=\"_blank\" rel=\"noopener\"><strong>BATTGUARD + SWGUARD<\/strong><\/a>.<\/p>\n<p><span data-sheets-formula-bar-text-style=\"font-size:15px;color:#000000;font-weight:normal;text-decoration:none;font-family:''Arial'';font-style:normal;text-decoration-skip-ink:none;\">Acess\u00f3rios XUNZEL opcionais n\u00e3o inclu\u00eddos:<\/span><\/p>\n<ul>\n<li><span data-sheets-formula-bar-text-style=\"font-size:15px;color:#ff0000;font-weight:normal;text-decoration:none;font-family:''Arial'';font-style:normal;text-decoration-skip-ink:none;\">1x <\/span><a href=\"https:\/\/www.xunzel.com\/store\/pt-pt\/producto\/tr1v120025x2\/\" target=\"_blank\" rel=\"noopener\"><strong>TR1V120025X2 <\/strong><\/a><span data-sheets-formula-bar-text-style=\"font-size:15px;color:#000000;font-weight:normal;text-decoration:none;font-family:''Arial'';font-style:normal;text-decoration-skip-ink:none;\">&#8211; Set tri\u00e2ngulos para ch\u00e3o\/telhado plano<br \/>\n<\/span><\/li>\n<li><span data-sheets-formula-bar-text-style=\"font-size:15px;color:#ff0000;font-weight:normal;text-decoration:none;font-family:''Arial'';font-style:normal;text-decoration-skip-ink:none;\">1x <\/span><a href=\"https:\/\/www.xunzel.com\/store\/pt-pt\/producto\/soltilefixm10\/\" target=\"_blank\" rel=\"noopener\"><strong>SOLTILEFIXM10 <\/strong><\/a><span data-sheets-formula-bar-text-style=\"font-size:15px;color:#000000;font-weight:normal;text-decoration:none;font-family:''Arial'';font-style:normal;text-decoration-skip-ink:none;\">&#8211; Sistema de ancoragem para telhados inclinados<\/span><\/li>\n<\/ul>\n<p>Homologado. Facilmente expans\u00edvel.<br \/>\nZERO problemas. Seguro, Fi\u00e1vel e sem manuten\u00e7\u00e3o.<\/p>\n","protected":false},"excerpt":{"rendered":"<p>Sistema Solar Completo com Suportes Inclu\u00eddos PACK ZERO+ PZ035 XUNZEL. Concebido para ilumina\u00e7\u00e3o LED e Eletrifica\u00e7\u00e3o B\u00e1sica at\u00e9 1000W. Pronto a ligar e utilizar. ZERO problemas. Seguro, Fi\u00e1vel e sem manuten\u00e7\u00e3o. Sa\u00edda USB para carregamento de 2.1A. Com inversor onda pura <strong><a href=\"https:\/\/www.xunzel.com\/store\/pt-pt\/producto\/xj-1000w-12v\/\" target=\"_blank\" rel=\"noopener\">XJ-1000W<\/a><\/strong> (Pico 2000W). Capacidade m\u00e9dia de gera\u00e7\u00e3o at\u00e9 4800Wh\/dia, 2x painel\u00a0<strong><a href=\"https:\/\/www.xunzel.com\/store\/pt-pt\/producto\/solarpower-on-perc-425w-n30\/\" target=\"_blank\" rel=\"noopener\">SOLARPOWER-ON-425W, <\/a><\/strong>com dimens\u00f5es optimizadas. Capacidade da bateria at\u00e9 2800Wh. Bateria Solar <strong><a href=\"https:\/\/www.xunzel.com\/store\/pt-pt\/producto\/solarx-240\/\" target=\"_blank\" rel=\"noopener\">SOLARX-240<\/a><\/strong> de ciclo profundo, de longa vida, sem manuten\u00e7\u00e3o, selada e 100% segura. Carregador solar <a href=\"https:\/\/www.xunzel.com\/store\/pt-pt\/categoria-produto\/solarpower\/iscc-series-controladores\/\" target=\"_blank\" rel=\"noopener\"><strong>ISCC-LXM<\/strong> <\/a>de alta efici\u00eancia e ultrarr\u00e1pido. Suporte coplanar <a href=\"https:\/\/www.xunzel.com\/store\/pt-pt\/categoria-produto\/solarpower\/suportes-paineis-solares\/\" target=\"_blank\" rel=\"noopener\"><strong>SOLTILE<\/strong><\/a>, cabos, conectores universais\u00a0<a href=\"https:\/\/www.xunzel.com\/store\/pt-pt\/categoria-produto\/solarpower\/cabos-conectores\/\" target=\"_blank\" rel=\"noopener\"><strong>XUNKLIK<\/strong><\/a> e protec\u00e7\u00f5es de bateria <a href=\"https:\/\/www.xunzel.com\/store\/pt-pt\/categoria-produto\/baterias\/controlo-proteccoes\/\" target=\"_blank\" rel=\"noopener\"><strong>BATTGUARD + SWGUARD<\/strong><\/a> inclu\u00eddos. Equipamento homologado. Facilmente expans\u00edvel.<\/p>\n<p><span class=\"shared-files-shortcode-admin-list shared-files-shortcode-admin-list-file shared-files-shortcode-19348\" title=\"[shared_files file_id=19348]\"><span class=\"shared-files-shortcode-admin-list shared-files-shortcode-admin-list-file shared-files-shortcode-19374\" title=\"[shared_files file_id=19374]\"><span class=\"shared-files-shortcode-admin-list shared-files-shortcode-admin-list-file shared-files-shortcode-19375\" title=\"[shared_files file_id=19375]\"><span class=\"shared-files-shortcode-admin-list shared-files-shortcode-admin-list-file shared-files-shortcode-19377\" title=\"[shared_files file_id=19377]\">[shared_files file_id=19377]<\/span><\/span><\/span><\/span><\/p>\n","protected":false},"featured_media":19526,"template":"","meta":{"_acf_changed":false},"product_brand":[],"product_cat":[283],"product_tag":[],"class_list":{"0":"post-19404","1":"product","2":"type-product","3":"status-publish","4":"has-post-thumbnail","6":"product_cat-pack-zero","8":"first","9":"onbackorder","10":"taxable","11":"shipping-taxable","12":"purchasable","13":"product-type-simple"},"acf":[],"yoast_head":"<!-- This site is optimized with the Yoast SEO plugin v25.4 - https:\/\/yoast.com\/wordpress\/plugins\/seo\/ -->\n<title>PACK ZERO+ PZ035 &#8211; Xunzel<\/title>\n<meta name=\"robots\" content=\"index, follow, max-snippet:-1, max-image-preview:large, max-video-preview:-1\" \/>\n<link rel=\"canonical\" href=\"https:\/\/www.xunzel.com\/store\/pt-pt\/producto\/pack-zero-pz035\/\" \/>\n<meta property=\"og:locale\" content=\"pt_PT\" \/>\n<meta property=\"og:type\" content=\"article\" \/>\n<meta property=\"og:title\" content=\"PACK ZERO+ PZ035 &#8211; Xunzel\" \/>\n<meta property=\"og:description\" content=\"Sistema Solar Completo com Suportes Inclu\u00eddos PACK ZERO+ PZ035 XUNZEL. Concebido para ilumina\u00e7\u00e3o LED e Eletrifica\u00e7\u00e3o B\u00e1sica at\u00e9 1000W. Pronto a ligar e utilizar. ZERO problemas. Seguro, Fi\u00e1vel e sem manuten\u00e7\u00e3o. Sa\u00edda USB para carregamento de 2.1A. Com inversor onda pura XJ-1000W (Pico 2000W). Capacidade m\u00e9dia de gera\u00e7\u00e3o at\u00e9 4800Wh\/dia, 2x painel\u00a0SOLARPOWER-ON-425W, com dimens\u00f5es optimizadas. Capacidade da bateria at\u00e9 2800Wh. Bateria Solar SOLARX-240 de ciclo profundo, de longa vida, sem manuten\u00e7\u00e3o, selada e 100% segura. Carregador solar ISCC-LXM de alta efici\u00eancia e ultrarr\u00e1pido. Suporte coplanar SOLTILE, cabos, conectores universais\u00a0XUNKLIK e protec\u00e7\u00f5es de bateria BATTGUARD + SWGUARD inclu\u00eddos. Equipamento homologado. Facilmente expans\u00edvel.\" \/>\n<meta property=\"og:url\" content=\"https:\/\/www.xunzel.com\/store\/pt-pt\/producto\/pack-zero-pz035\/\" \/>\n<meta property=\"og:site_name\" content=\"Xunzel\" \/>\n<meta property=\"article:modified_time\" content=\"2025-06-23T08:12:41+00:00\" \/>\n<meta property=\"og:image\" content=\"https:\/\/www.xunzel.com\/store\/wp-content\/uploads\/2024\/02\/PACK-ZERO-PZ035.jpg\" \/>\n\t<meta property=\"og:image:width\" content=\"2500\" \/>\n\t<meta property=\"og:image:height\" content=\"2500\" \/>\n\t<meta property=\"og:image:type\" content=\"image\/jpeg\" \/>\n<meta name=\"twitter:card\" content=\"summary_large_image\" \/>\n<meta name=\"twitter:label1\" content=\"Tempo estimado de leitura\" \/>\n\t<meta name=\"twitter:data1\" content=\"1 minuto\" \/>\n<script type=\"application\/ld+json\" class=\"yoast-schema-graph\">{\"@context\":\"https:\/\/schema.org\",\"@graph\":[{\"@type\":\"WebPage\",\"@id\":\"https:\/\/www.xunzel.com\/store\/pt-pt\/producto\/pack-zero-pz035\/\",\"url\":\"https:\/\/www.xunzel.com\/store\/pt-pt\/producto\/pack-zero-pz035\/\",\"name\":\"PACK ZERO+ PZ035 &#8211; Xunzel\",\"isPartOf\":{\"@id\":\"https:\/\/www.xunzel.com\/store\/pt-pt\/#website\"},\"primaryImageOfPage\":{\"@id\":\"https:\/\/www.xunzel.com\/store\/pt-pt\/producto\/pack-zero-pz035\/#primaryimage\"},\"image\":{\"@id\":\"https:\/\/www.xunzel.com\/store\/pt-pt\/producto\/pack-zero-pz035\/#primaryimage\"},\"thumbnailUrl\":\"https:\/\/www.xunzel.com\/store\/wp-content\/uploads\/2024\/02\/PACK-ZERO-PZ035.jpg\",\"datePublished\":\"2024-02-23T10:06:19+00:00\",\"dateModified\":\"2025-06-23T08:12:41+00:00\",\"breadcrumb\":{\"@id\":\"https:\/\/www.xunzel.com\/store\/pt-pt\/producto\/pack-zero-pz035\/#breadcrumb\"},\"inLanguage\":\"pt-PT\",\"potentialAction\":[{\"@type\":\"ReadAction\",\"target\":[\"https:\/\/www.xunzel.com\/store\/pt-pt\/producto\/pack-zero-pz035\/\"]}]},{\"@type\":\"ImageObject\",\"inLanguage\":\"pt-PT\",\"@id\":\"https:\/\/www.xunzel.com\/store\/pt-pt\/producto\/pack-zero-pz035\/#primaryimage\",\"url\":\"https:\/\/www.xunzel.com\/store\/wp-content\/uploads\/2024\/02\/PACK-ZERO-PZ035.jpg\",\"contentUrl\":\"https:\/\/www.xunzel.com\/store\/wp-content\/uploads\/2024\/02\/PACK-ZERO-PZ035.jpg\",\"width\":2500,\"height\":2500},{\"@type\":\"BreadcrumbList\",\"@id\":\"https:\/\/www.xunzel.com\/store\/pt-pt\/producto\/pack-zero-pz035\/#breadcrumb\",\"itemListElement\":[{\"@type\":\"ListItem\",\"position\":1,\"name\":\"Portada\",\"item\":\"https:\/\/www.xunzel.com\/store\/pt-pt\/\"},{\"@type\":\"ListItem\",\"position\":2,\"name\":\"Loja\",\"item\":\"https:\/\/www.xunzel.com\/store\/tienda\/\"},{\"@type\":\"ListItem\",\"position\":3,\"name\":\"PACK ZERO+ PZ035\"}]},{\"@type\":\"WebSite\",\"@id\":\"https:\/\/www.xunzel.com\/store\/pt-pt\/#website\",\"url\":\"https:\/\/www.xunzel.com\/store\/pt-pt\/\",\"name\":\"Xunzel\",\"description\":\"Energy in a box - The Electric Revolution\",\"publisher\":{\"@id\":\"https:\/\/www.xunzel.com\/store\/pt-pt\/#organization\"},\"potentialAction\":[{\"@type\":\"SearchAction\",\"target\":{\"@type\":\"EntryPoint\",\"urlTemplate\":\"https:\/\/www.xunzel.com\/store\/pt-pt\/?s={search_term_string}\"},\"query-input\":{\"@type\":\"PropertyValueSpecification\",\"valueRequired\":true,\"valueName\":\"search_term_string\"}}],\"inLanguage\":\"pt-PT\"},{\"@type\":\"Organization\",\"@id\":\"https:\/\/www.xunzel.com\/store\/pt-pt\/#organization\",\"name\":\"Xunzel\",\"url\":\"https:\/\/www.xunzel.com\/store\/pt-pt\/\",\"logo\":{\"@type\":\"ImageObject\",\"inLanguage\":\"pt-PT\",\"@id\":\"https:\/\/www.xunzel.com\/store\/pt-pt\/#\/schema\/logo\/image\/\",\"url\":\"https:\/\/www.xunzel.com\/store\/wp-content\/uploads\/2021\/01\/logo-xunzel-footer.png\",\"contentUrl\":\"https:\/\/www.xunzel.com\/store\/wp-content\/uploads\/2021\/01\/logo-xunzel-footer.png\",\"width\":280,\"height\":52,\"caption\":\"Xunzel\"},\"image\":{\"@id\":\"https:\/\/www.xunzel.com\/store\/pt-pt\/#\/schema\/logo\/image\/\"}}]}<\/script>\n<!-- \/ Yoast SEO plugin. -->","yoast_head_json":{"title":"PACK ZERO+ PZ035 &#8211; Xunzel","robots":{"index":"index","follow":"follow","max-snippet":"max-snippet:-1","max-image-preview":"max-image-preview:large","max-video-preview":"max-video-preview:-1"},"canonical":"https:\/\/www.xunzel.com\/store\/pt-pt\/producto\/pack-zero-pz035\/","og_locale":"pt_PT","og_type":"article","og_title":"PACK ZERO+ PZ035 &#8211; Xunzel","og_description":"Sistema Solar Completo com Suportes Inclu\u00eddos PACK ZERO+ PZ035 XUNZEL. Concebido para ilumina\u00e7\u00e3o LED e Eletrifica\u00e7\u00e3o B\u00e1sica at\u00e9 1000W. Pronto a ligar e utilizar. ZERO problemas. Seguro, Fi\u00e1vel e sem manuten\u00e7\u00e3o. Sa\u00edda USB para carregamento de 2.1A. Com inversor onda pura XJ-1000W (Pico 2000W). Capacidade m\u00e9dia de gera\u00e7\u00e3o at\u00e9 4800Wh\/dia, 2x painel\u00a0SOLARPOWER-ON-425W, com dimens\u00f5es optimizadas. Capacidade da bateria at\u00e9 2800Wh. Bateria Solar SOLARX-240 de ciclo profundo, de longa vida, sem manuten\u00e7\u00e3o, selada e 100% segura. Carregador solar ISCC-LXM de alta efici\u00eancia e ultrarr\u00e1pido. Suporte coplanar SOLTILE, cabos, conectores universais\u00a0XUNKLIK e protec\u00e7\u00f5es de bateria BATTGUARD + SWGUARD inclu\u00eddos. Equipamento homologado. Facilmente expans\u00edvel.","og_url":"https:\/\/www.xunzel.com\/store\/pt-pt\/producto\/pack-zero-pz035\/","og_site_name":"Xunzel","article_modified_time":"2025-06-23T08:12:41+00:00","og_image":[{"width":2500,"height":2500,"url":"https:\/\/www.xunzel.com\/store\/wp-content\/uploads\/2024\/02\/PACK-ZERO-PZ035.jpg","type":"image\/jpeg"}],"twitter_card":"summary_large_image","twitter_misc":{"Tempo estimado de leitura":"1 minuto"},"schema":{"@context":"https:\/\/schema.org","@graph":[{"@type":"WebPage","@id":"https:\/\/www.xunzel.com\/store\/pt-pt\/producto\/pack-zero-pz035\/","url":"https:\/\/www.xunzel.com\/store\/pt-pt\/producto\/pack-zero-pz035\/","name":"PACK ZERO+ PZ035 &#8211; Xunzel","isPartOf":{"@id":"https:\/\/www.xunzel.com\/store\/pt-pt\/#website"},"primaryImageOfPage":{"@id":"https:\/\/www.xunzel.com\/store\/pt-pt\/producto\/pack-zero-pz035\/#primaryimage"},"image":{"@id":"https:\/\/www.xunzel.com\/store\/pt-pt\/producto\/pack-zero-pz035\/#primaryimage"},"thumbnailUrl":"https:\/\/www.xunzel.com\/store\/wp-content\/uploads\/2024\/02\/PACK-ZERO-PZ035.jpg","datePublished":"2024-02-23T10:06:19+00:00","dateModified":"2025-06-23T08:12:41+00:00","breadcrumb":{"@id":"https:\/\/www.xunzel.com\/store\/pt-pt\/producto\/pack-zero-pz035\/#breadcrumb"},"inLanguage":"pt-PT","potentialAction":[{"@type":"ReadAction","target":["https:\/\/www.xunzel.com\/store\/pt-pt\/producto\/pack-zero-pz035\/"]}]},{"@type":"ImageObject","inLanguage":"pt-PT","@id":"https:\/\/www.xunzel.com\/store\/pt-pt\/producto\/pack-zero-pz035\/#primaryimage","url":"https:\/\/www.xunzel.com\/store\/wp-content\/uploads\/2024\/02\/PACK-ZERO-PZ035.jpg","contentUrl":"https:\/\/www.xunzel.com\/store\/wp-content\/uploads\/2024\/02\/PACK-ZERO-PZ035.jpg","width":2500,"height":2500},{"@type":"BreadcrumbList","@id":"https:\/\/www.xunzel.com\/store\/pt-pt\/producto\/pack-zero-pz035\/#breadcrumb","itemListElement":[{"@type":"ListItem","position":1,"name":"Portada","item":"https:\/\/www.xunzel.com\/store\/pt-pt\/"},{"@type":"ListItem","position":2,"name":"Loja","item":"https:\/\/www.xunzel.com\/store\/tienda\/"},{"@type":"ListItem","position":3,"name":"PACK ZERO+ PZ035"}]},{"@type":"WebSite","@id":"https:\/\/www.xunzel.com\/store\/pt-pt\/#website","url":"https:\/\/www.xunzel.com\/store\/pt-pt\/","name":"Xunzel","description":"Energy in a box - The Electric Revolution","publisher":{"@id":"https:\/\/www.xunzel.com\/store\/pt-pt\/#organization"},"potentialAction":[{"@type":"SearchAction","target":{"@type":"EntryPoint","urlTemplate":"https:\/\/www.xunzel.com\/store\/pt-pt\/?s={search_term_string}"},"query-input":{"@type":"PropertyValueSpecification","valueRequired":true,"valueName":"search_term_string"}}],"inLanguage":"pt-PT"},{"@type":"Organization","@id":"https:\/\/www.xunzel.com\/store\/pt-pt\/#organization","name":"Xunzel","url":"https:\/\/www.xunzel.com\/store\/pt-pt\/","logo":{"@type":"ImageObject","inLanguage":"pt-PT","@id":"https:\/\/www.xunzel.com\/store\/pt-pt\/#\/schema\/logo\/image\/","url":"https:\/\/www.xunzel.com\/store\/wp-content\/uploads\/2021\/01\/logo-xunzel-footer.png","contentUrl":"https:\/\/www.xunzel.com\/store\/wp-content\/uploads\/2021\/01\/logo-xunzel-footer.png","width":280,"height":52,"caption":"Xunzel"},"image":{"@id":"https:\/\/www.xunzel.com\/store\/pt-pt\/#\/schema\/logo\/image\/"}}]}},"_links":{"self":[{"href":"https:\/\/www.xunzel.com\/store\/pt-pt\/wp-json\/wp\/v2\/product\/19404","targetHints":{"allow":["GET"]}}],"collection":[{"href":"https:\/\/www.xunzel.com\/store\/pt-pt\/wp-json\/wp\/v2\/product"}],"about":[{"href":"https:\/\/www.xunzel.com\/store\/pt-pt\/wp-json\/wp\/v2\/types\/product"}],"wp:featuredmedia":[{"embeddable":true,"href":"https:\/\/www.xunzel.com\/store\/pt-pt\/wp-json\/wp\/v2\/media\/19526"}],"wp:attachment":[{"href":"https:\/\/www.xunzel.com\/store\/pt-pt\/wp-json\/wp\/v2\/media?parent=19404"}],"wp:term":[{"taxonomy":"product_brand","embeddable":true,"href":"https:\/\/www.xunzel.com\/store\/pt-pt\/wp-json\/wp\/v2\/product_brand?post=19404"},{"taxonomy":"product_cat","embeddable":true,"href":"https:\/\/www.xunzel.com\/store\/pt-pt\/wp-json\/wp\/v2\/product_cat?post=19404"},{"taxonomy":"product_tag","embeddable":true,"href":"https:\/\/www.xunzel.com\/store\/pt-pt\/wp-json\/wp\/v2\/product_tag?post=19404"}],"curies":[{"name":"wp","href":"https:\/\/api.w.org\/{rel}","templated":true}]}}