{"id":17932,"date":"2023-11-07T12:06:33","date_gmt":"2023-11-07T11:06:33","guid":{"rendered":"https:\/\/www.xunzel.com\/store\/inicio\/conjunto-conector-solar-xunklik410\/"},"modified":"2024-07-08T13:40:11","modified_gmt":"2024-07-08T11:40:11","slug":"conector-solar-xunklik410","status":"publish","type":"product","link":"https:\/\/www.xunzel.com\/store\/pt-pt\/producto\/conector-solar-xunklik410\/","title":{"rendered":"Conector Solar XUNKLIK410"},"content":{"rendered":"<ul>\n<li>Liga\u00e7\u00e3o r\u00e1pida e f\u00e1cil do condutor no local.<\/li>\n<li>Cablagem simples: os conectores solares podem ser montados sem a necessidade de ferramentas especiais.<\/li>\n<li>Liga\u00e7\u00e3o permanentemente fi\u00e1vel por meio de componentes testados T\u00dcV.<\/li>\n<li>Vasta gama de solu\u00e7\u00f5es de liga\u00e7\u00e3o. Flexibilidade de instala\u00e7\u00e3o. De 10mm2.<\/li>\n<li>Compat\u00edvel com qualquer conector universal.<\/li>\n<li>Gama de temperaturas elevadas: -40\u00b0C a +90\u00b0C.<\/li>\n<li>M\u00e1xima Seguran\u00e7a. Duplo isolamento com protec\u00e7\u00e3o de Classe II.<\/li>\n<li>Sem halog\u00e9neo (EN50267, IEC 60754).<\/li>\n<li>Resistente \u00e0 chama com retardador de chama (UL-94V-0).<\/li>\n<li>Em conformidade com a Directiva Europeia.<\/li>\n<\/ul>\n<p><strong>Acess\u00f3rio recomendado:<\/strong> Ferramenta de montagem para conectores solares <a href=\"https:\/\/www.xunzel.com\/store\/pt-pt\/producto\/ferramenta-de-conectores-toolkit\/\" target=\"_blank\" rel=\"noopener\"><strong>TOOLKIT<\/strong><\/a>.<\/p>\n","protected":false},"excerpt":{"rendered":"<p>Conjunto de conectores solares universais tipo 4 Macho+F\u00eamea XUNKLIK-4 XUNZEL para cabo 10mm2. Grau de prote\u00e7\u00e3o IP68. 60A. Homologado e seguro. Compat\u00edvel tipo 4.<\/p>\n<p>Os conectores solares fotovoltaicos universais XUNKLIK XUNZEL s\u00e3o ideais para cablagem e liga\u00e7\u00e3o de sistemas fotovoltaicos. Instala\u00e7\u00e3o r\u00e1pida e segura [1500Vdc]. Adequado para instala\u00e7\u00f5es externas e internas. Robustos e concebidos para suportar as condi\u00e7\u00f5es de instala\u00e7\u00e3o mais extremas, com elevada resist\u00eancia mec\u00e2nica, suportam condi\u00e7\u00f5es ambientais extremas.<\/p>\n<p><span class=\"shared-files-shortcode-admin-list shared-files-shortcode-admin-list-file shared-files-shortcode-17026\" title=\"[shared_files file_id=17026]\"><span class=\"shared-files-shortcode-admin-list shared-files-shortcode-admin-list-file shared-files-shortcode-17273\" title=\"[shared_files file_id=17273]\"><span class=\"shared-files-shortcode-admin-list shared-files-shortcode-admin-list-file shared-files-shortcode-17151\" title=\"[shared_files file_id=17151]\"><span class=\"shared-files-shortcode-admin-list shared-files-shortcode-admin-list-file shared-files-shortcode-17952\" title=\"[shared_files file_id=17952]\">[shared_files file_id=17952]<\/span><\/span><\/span><\/span><\/p>\n","protected":false},"featured_media":17903,"template":"","meta":{"_acf_changed":false},"product_brand":[],"product_cat":[275],"product_tag":[],"class_list":{"0":"post-17932","1":"product","2":"type-product","3":"status-publish","4":"has-post-thumbnail","6":"product_cat-cabos-conectores","8":"first","9":"instock","10":"taxable","11":"shipping-taxable","12":"purchasable","13":"product-type-simple"},"acf":[],"yoast_head":"<!-- This site is optimized with the Yoast SEO plugin v25.4 - https:\/\/yoast.com\/wordpress\/plugins\/seo\/ -->\n<title>Conector Solar XUNKLIK410 &#8211; Xunzel<\/title>\n<meta name=\"robots\" content=\"index, follow, max-snippet:-1, max-image-preview:large, max-video-preview:-1\" \/>\n<link rel=\"canonical\" href=\"https:\/\/www.xunzel.com\/store\/pt-pt\/producto\/conector-solar-xunklik410\/\" \/>\n<meta property=\"og:locale\" content=\"pt_PT\" \/>\n<meta property=\"og:type\" content=\"article\" \/>\n<meta property=\"og:title\" content=\"Conector Solar XUNKLIK410 &#8211; Xunzel\" \/>\n<meta property=\"og:description\" content=\"Conjunto de conectores solares universais tipo 4 Macho+F\u00eamea XUNKLIK-4 XUNZEL para cabo 10mm2. Grau de prote\u00e7\u00e3o IP68. 60A. Homologado e seguro. Compat\u00edvel tipo 4.  Os conectores solares fotovoltaicos universais XUNKLIK XUNZEL s\u00e3o ideais para cablagem e liga\u00e7\u00e3o de sistemas fotovoltaicos. Instala\u00e7\u00e3o r\u00e1pida e segura [1500Vdc]. Adequado para instala\u00e7\u00f5es externas e internas. Robustos e concebidos para suportar as condi\u00e7\u00f5es de instala\u00e7\u00e3o mais extremas, com elevada resist\u00eancia mec\u00e2nica, suportam condi\u00e7\u00f5es ambientais extremas.\" \/>\n<meta property=\"og:url\" content=\"https:\/\/www.xunzel.com\/store\/pt-pt\/producto\/conector-solar-xunklik410\/\" \/>\n<meta property=\"og:site_name\" content=\"Xunzel\" \/>\n<meta property=\"article:modified_time\" content=\"2024-07-08T11:40:11+00:00\" \/>\n<meta property=\"og:image\" content=\"https:\/\/www.xunzel.com\/store\/wp-content\/uploads\/2023\/11\/XUNKLIK-410-new_final1.jpg\" \/>\n\t<meta property=\"og:image:width\" content=\"2500\" \/>\n\t<meta property=\"og:image:height\" content=\"2500\" \/>\n\t<meta property=\"og:image:type\" content=\"image\/jpeg\" \/>\n<meta name=\"twitter:card\" content=\"summary_large_image\" \/>\n<meta name=\"twitter:label1\" content=\"Tempo estimado de leitura\" \/>\n\t<meta name=\"twitter:data1\" content=\"1 minuto\" \/>\n<script type=\"application\/ld+json\" class=\"yoast-schema-graph\">{\"@context\":\"https:\/\/schema.org\",\"@graph\":[{\"@type\":\"WebPage\",\"@id\":\"https:\/\/www.xunzel.com\/store\/pt-pt\/producto\/conector-solar-xunklik410\/\",\"url\":\"https:\/\/www.xunzel.com\/store\/pt-pt\/producto\/conector-solar-xunklik410\/\",\"name\":\"Conector Solar XUNKLIK410 &#8211; Xunzel\",\"isPartOf\":{\"@id\":\"https:\/\/www.xunzel.com\/store\/pt-pt\/#website\"},\"primaryImageOfPage\":{\"@id\":\"https:\/\/www.xunzel.com\/store\/pt-pt\/producto\/conector-solar-xunklik410\/#primaryimage\"},\"image\":{\"@id\":\"https:\/\/www.xunzel.com\/store\/pt-pt\/producto\/conector-solar-xunklik410\/#primaryimage\"},\"thumbnailUrl\":\"https:\/\/www.xunzel.com\/store\/wp-content\/uploads\/2023\/11\/XUNKLIK-410-new_final1.jpg\",\"datePublished\":\"2023-11-07T11:06:33+00:00\",\"dateModified\":\"2024-07-08T11:40:11+00:00\",\"breadcrumb\":{\"@id\":\"https:\/\/www.xunzel.com\/store\/pt-pt\/producto\/conector-solar-xunklik410\/#breadcrumb\"},\"inLanguage\":\"pt-PT\",\"potentialAction\":[{\"@type\":\"ReadAction\",\"target\":[\"https:\/\/www.xunzel.com\/store\/pt-pt\/producto\/conector-solar-xunklik410\/\"]}]},{\"@type\":\"ImageObject\",\"inLanguage\":\"pt-PT\",\"@id\":\"https:\/\/www.xunzel.com\/store\/pt-pt\/producto\/conector-solar-xunklik410\/#primaryimage\",\"url\":\"https:\/\/www.xunzel.com\/store\/wp-content\/uploads\/2023\/11\/XUNKLIK-410-new_final1.jpg\",\"contentUrl\":\"https:\/\/www.xunzel.com\/store\/wp-content\/uploads\/2023\/11\/XUNKLIK-410-new_final1.jpg\",\"width\":2500,\"height\":2500},{\"@type\":\"BreadcrumbList\",\"@id\":\"https:\/\/www.xunzel.com\/store\/pt-pt\/producto\/conector-solar-xunklik410\/#breadcrumb\",\"itemListElement\":[{\"@type\":\"ListItem\",\"position\":1,\"name\":\"Portada\",\"item\":\"https:\/\/www.xunzel.com\/store\/pt-pt\/\"},{\"@type\":\"ListItem\",\"position\":2,\"name\":\"Loja\",\"item\":\"https:\/\/www.xunzel.com\/store\/tienda\/\"},{\"@type\":\"ListItem\",\"position\":3,\"name\":\"Conector Solar XUNKLIK410\"}]},{\"@type\":\"WebSite\",\"@id\":\"https:\/\/www.xunzel.com\/store\/pt-pt\/#website\",\"url\":\"https:\/\/www.xunzel.com\/store\/pt-pt\/\",\"name\":\"Xunzel\",\"description\":\"Energy in a box - The Electric Revolution\",\"publisher\":{\"@id\":\"https:\/\/www.xunzel.com\/store\/pt-pt\/#organization\"},\"potentialAction\":[{\"@type\":\"SearchAction\",\"target\":{\"@type\":\"EntryPoint\",\"urlTemplate\":\"https:\/\/www.xunzel.com\/store\/pt-pt\/?s={search_term_string}\"},\"query-input\":{\"@type\":\"PropertyValueSpecification\",\"valueRequired\":true,\"valueName\":\"search_term_string\"}}],\"inLanguage\":\"pt-PT\"},{\"@type\":\"Organization\",\"@id\":\"https:\/\/www.xunzel.com\/store\/pt-pt\/#organization\",\"name\":\"Xunzel\",\"url\":\"https:\/\/www.xunzel.com\/store\/pt-pt\/\",\"logo\":{\"@type\":\"ImageObject\",\"inLanguage\":\"pt-PT\",\"@id\":\"https:\/\/www.xunzel.com\/store\/pt-pt\/#\/schema\/logo\/image\/\",\"url\":\"https:\/\/www.xunzel.com\/store\/wp-content\/uploads\/2021\/01\/logo-xunzel-footer.png\",\"contentUrl\":\"https:\/\/www.xunzel.com\/store\/wp-content\/uploads\/2021\/01\/logo-xunzel-footer.png\",\"width\":280,\"height\":52,\"caption\":\"Xunzel\"},\"image\":{\"@id\":\"https:\/\/www.xunzel.com\/store\/pt-pt\/#\/schema\/logo\/image\/\"}}]}<\/script>\n<!-- \/ Yoast SEO plugin. -->","yoast_head_json":{"title":"Conector Solar XUNKLIK410 &#8211; Xunzel","robots":{"index":"index","follow":"follow","max-snippet":"max-snippet:-1","max-image-preview":"max-image-preview:large","max-video-preview":"max-video-preview:-1"},"canonical":"https:\/\/www.xunzel.com\/store\/pt-pt\/producto\/conector-solar-xunklik410\/","og_locale":"pt_PT","og_type":"article","og_title":"Conector Solar XUNKLIK410 &#8211; Xunzel","og_description":"Conjunto de conectores solares universais tipo 4 Macho+F\u00eamea XUNKLIK-4 XUNZEL para cabo 10mm2. Grau de prote\u00e7\u00e3o IP68. 60A. Homologado e seguro. Compat\u00edvel tipo 4.  Os conectores solares fotovoltaicos universais XUNKLIK XUNZEL s\u00e3o ideais para cablagem e liga\u00e7\u00e3o de sistemas fotovoltaicos. Instala\u00e7\u00e3o r\u00e1pida e segura [1500Vdc]. Adequado para instala\u00e7\u00f5es externas e internas. Robustos e concebidos para suportar as condi\u00e7\u00f5es de instala\u00e7\u00e3o mais extremas, com elevada resist\u00eancia mec\u00e2nica, suportam condi\u00e7\u00f5es ambientais extremas.","og_url":"https:\/\/www.xunzel.com\/store\/pt-pt\/producto\/conector-solar-xunklik410\/","og_site_name":"Xunzel","article_modified_time":"2024-07-08T11:40:11+00:00","og_image":[{"width":2500,"height":2500,"url":"https:\/\/www.xunzel.com\/store\/wp-content\/uploads\/2023\/11\/XUNKLIK-410-new_final1.jpg","type":"image\/jpeg"}],"twitter_card":"summary_large_image","twitter_misc":{"Tempo estimado de leitura":"1 minuto"},"schema":{"@context":"https:\/\/schema.org","@graph":[{"@type":"WebPage","@id":"https:\/\/www.xunzel.com\/store\/pt-pt\/producto\/conector-solar-xunklik410\/","url":"https:\/\/www.xunzel.com\/store\/pt-pt\/producto\/conector-solar-xunklik410\/","name":"Conector Solar XUNKLIK410 &#8211; Xunzel","isPartOf":{"@id":"https:\/\/www.xunzel.com\/store\/pt-pt\/#website"},"primaryImageOfPage":{"@id":"https:\/\/www.xunzel.com\/store\/pt-pt\/producto\/conector-solar-xunklik410\/#primaryimage"},"image":{"@id":"https:\/\/www.xunzel.com\/store\/pt-pt\/producto\/conector-solar-xunklik410\/#primaryimage"},"thumbnailUrl":"https:\/\/www.xunzel.com\/store\/wp-content\/uploads\/2023\/11\/XUNKLIK-410-new_final1.jpg","datePublished":"2023-11-07T11:06:33+00:00","dateModified":"2024-07-08T11:40:11+00:00","breadcrumb":{"@id":"https:\/\/www.xunzel.com\/store\/pt-pt\/producto\/conector-solar-xunklik410\/#breadcrumb"},"inLanguage":"pt-PT","potentialAction":[{"@type":"ReadAction","target":["https:\/\/www.xunzel.com\/store\/pt-pt\/producto\/conector-solar-xunklik410\/"]}]},{"@type":"ImageObject","inLanguage":"pt-PT","@id":"https:\/\/www.xunzel.com\/store\/pt-pt\/producto\/conector-solar-xunklik410\/#primaryimage","url":"https:\/\/www.xunzel.com\/store\/wp-content\/uploads\/2023\/11\/XUNKLIK-410-new_final1.jpg","contentUrl":"https:\/\/www.xunzel.com\/store\/wp-content\/uploads\/2023\/11\/XUNKLIK-410-new_final1.jpg","width":2500,"height":2500},{"@type":"BreadcrumbList","@id":"https:\/\/www.xunzel.com\/store\/pt-pt\/producto\/conector-solar-xunklik410\/#breadcrumb","itemListElement":[{"@type":"ListItem","position":1,"name":"Portada","item":"https:\/\/www.xunzel.com\/store\/pt-pt\/"},{"@type":"ListItem","position":2,"name":"Loja","item":"https:\/\/www.xunzel.com\/store\/tienda\/"},{"@type":"ListItem","position":3,"name":"Conector Solar XUNKLIK410"}]},{"@type":"WebSite","@id":"https:\/\/www.xunzel.com\/store\/pt-pt\/#website","url":"https:\/\/www.xunzel.com\/store\/pt-pt\/","name":"Xunzel","description":"Energy in a box - The Electric Revolution","publisher":{"@id":"https:\/\/www.xunzel.com\/store\/pt-pt\/#organization"},"potentialAction":[{"@type":"SearchAction","target":{"@type":"EntryPoint","urlTemplate":"https:\/\/www.xunzel.com\/store\/pt-pt\/?s={search_term_string}"},"query-input":{"@type":"PropertyValueSpecification","valueRequired":true,"valueName":"search_term_string"}}],"inLanguage":"pt-PT"},{"@type":"Organization","@id":"https:\/\/www.xunzel.com\/store\/pt-pt\/#organization","name":"Xunzel","url":"https:\/\/www.xunzel.com\/store\/pt-pt\/","logo":{"@type":"ImageObject","inLanguage":"pt-PT","@id":"https:\/\/www.xunzel.com\/store\/pt-pt\/#\/schema\/logo\/image\/","url":"https:\/\/www.xunzel.com\/store\/wp-content\/uploads\/2021\/01\/logo-xunzel-footer.png","contentUrl":"https:\/\/www.xunzel.com\/store\/wp-content\/uploads\/2021\/01\/logo-xunzel-footer.png","width":280,"height":52,"caption":"Xunzel"},"image":{"@id":"https:\/\/www.xunzel.com\/store\/pt-pt\/#\/schema\/logo\/image\/"}}]}},"_links":{"self":[{"href":"https:\/\/www.xunzel.com\/store\/pt-pt\/wp-json\/wp\/v2\/product\/17932","targetHints":{"allow":["GET"]}}],"collection":[{"href":"https:\/\/www.xunzel.com\/store\/pt-pt\/wp-json\/wp\/v2\/product"}],"about":[{"href":"https:\/\/www.xunzel.com\/store\/pt-pt\/wp-json\/wp\/v2\/types\/product"}],"wp:featuredmedia":[{"embeddable":true,"href":"https:\/\/www.xunzel.com\/store\/pt-pt\/wp-json\/wp\/v2\/media\/17903"}],"wp:attachment":[{"href":"https:\/\/www.xunzel.com\/store\/pt-pt\/wp-json\/wp\/v2\/media?parent=17932"}],"wp:term":[{"taxonomy":"product_brand","embeddable":true,"href":"https:\/\/www.xunzel.com\/store\/pt-pt\/wp-json\/wp\/v2\/product_brand?post=17932"},{"taxonomy":"product_cat","embeddable":true,"href":"https:\/\/www.xunzel.com\/store\/pt-pt\/wp-json\/wp\/v2\/product_cat?post=17932"},{"taxonomy":"product_tag","embeddable":true,"href":"https:\/\/www.xunzel.com\/store\/pt-pt\/wp-json\/wp\/v2\/product_tag?post=17932"}],"curies":[{"name":"wp","href":"https:\/\/api.w.org\/{rel}","templated":true}]}}