{"id":16470,"date":"2023-04-24T17:06:47","date_gmt":"2023-04-24T15:06:47","guid":{"rendered":"https:\/\/www.xunzel.com\/store\/inicio\/microsolar-pro-5w-6v\/"},"modified":"2024-03-20T09:21:40","modified_gmt":"2024-03-20T08:21:40","slug":"microsolar-pro-5w-6v","status":"publish","type":"product","link":"https:\/\/www.xunzel.com\/store\/pt-pt\/producto\/microsolar-pro-5w-6v\/","title":{"rendered":"MICROSOLAR-PRO 4.7W 6V"},"content":{"rendered":"<p>Pequeno painel solar XUNZEL concebido com materiais da mais alta qualidade para um desempenho fi\u00e1vel e duradouro.<br \/>\nO painel solar fotovoltaico MICROSOLAR \u00e9 fabricado com c\u00e9lulas de elevada efici\u00eancia. Robusto e pronto a ser utilizado em todo o tipo de aplica\u00e7\u00f5es, carregando baterias e alimentando os seus aparelhos electr\u00f3nicos.<\/p>\n<ul>\n<li>Design sem moldura, leve e compacto. F\u00e1cil de integrar na sua aplica\u00e7\u00e3o. Com cabo de 1,5m pr\u00e9-instalado.<\/li>\n<li>Especialmente concebido para carregar baterias de 6V com a m\u00e1xima efici\u00eancia e um desempenho \u00f3ptimo.<\/li>\n<li>Materiais de alta qualidade. Resistente aos raios UV e \u00e0 prova de \u00e1gua IPX7. Para todas as condi\u00e7\u00f5es climat\u00e9ricas.<\/li>\n<li>Adequado para baterias recarreg\u00e1veis de chumbo-\u00e1cido Pb, Ca, NiCd, NiMH e l\u00edtio.<\/li>\n<li>F\u00e1cil de instalar. Com ilh\u00f3s (\u00d85 mm).<\/li>\n<li>100% testado.<\/li>\n<li>Fabricado com materiais extremamente resistentes.<\/li>\n<li>C\u00e9lulas solares fotovoltaicas de sil\u00edcio monocristalino de efici\u00eancia muito elevada.<\/li>\n<li>Ideal para IoT, IIoT, OoT, integra\u00e7\u00e3o de designs electr\u00f3nicos, monitoriza\u00e7\u00e3o, rob\u00f3tica, exterior, autom\u00f3vel, m\u00f3vel, etc.<\/li>\n<\/ul>\n","protected":false},"excerpt":{"rendered":"<p>Painel fotovoltaico MICROSOLAR de 4,7W com uma efici\u00eancia muito elevada e um desempenho \u00f3ptimo.<br \/>\nExtra fino (2,2mm), compacto, leve e sem moldura. F\u00e1cil de integrar na sua instala\u00e7\u00e3o.<br \/>\nEspecialmente concebido para o carregamento eficiente, est\u00e1vel e consistente de baterias de 6V em sistemas aut\u00f3nomos e de reserva.<br \/>\nInclui 1,5 metros de cabo solar pr\u00e9-instalado pronto a ligar directamente ao controlador de carga.<br \/>\nFabricado com materiais de alta qualidade para um desempenho fi\u00e1vel e duradouro. Resistente aos raios UV e a condi\u00e7\u00f5es extremas. IP67. C\u00e9lulas solares de sil\u00edcio monocristalino de efici\u00eancia muito elevada.<br \/>\nDimens\u00f5es optimizadas. 240x150x2,2mm<\/p>\n<p><span class=\"shared-files-shortcode-admin-list shared-files-shortcode-admin-list-file shared-files-shortcode-16436\" title=\"[shared_files file_id=16436]\"><span class=\"shared-files-shortcode-admin-list shared-files-shortcode-admin-list-file shared-files-shortcode-17988\" title=\"[shared_files file_id=17988]\">[shared_files file_id=17988]<\/span><\/span><\/p>\n","protected":false},"featured_media":20876,"template":"","meta":{"_acf_changed":false},"product_brand":[],"product_cat":[263],"product_tag":[],"class_list":{"0":"post-16470","1":"product","2":"type-product","3":"status-publish","4":"has-post-thumbnail","6":"product_cat-microsolar-painel-series","8":"first","9":"instock","10":"taxable","11":"shipping-taxable","12":"purchasable","13":"product-type-simple"},"acf":[],"yoast_head":"<!-- This site is optimized with the Yoast SEO plugin v25.4 - https:\/\/yoast.com\/wordpress\/plugins\/seo\/ -->\n<title>MICROSOLAR-PRO 4.7W 6V &#8211; Xunzel<\/title>\n<meta name=\"robots\" content=\"index, follow, max-snippet:-1, max-image-preview:large, max-video-preview:-1\" \/>\n<link rel=\"canonical\" href=\"https:\/\/www.xunzel.com\/store\/pt-pt\/producto\/microsolar-pro-5w-6v\/\" \/>\n<meta property=\"og:locale\" content=\"pt_PT\" \/>\n<meta property=\"og:type\" content=\"article\" \/>\n<meta property=\"og:title\" content=\"MICROSOLAR-PRO 4.7W 6V &#8211; Xunzel\" \/>\n<meta property=\"og:description\" content=\"Painel fotovoltaico MICROSOLAR de 4,7W com uma efici\u00eancia muito elevada e um desempenho \u00f3ptimo. Extra fino (2,2mm), compacto, leve e sem moldura. F\u00e1cil de integrar na sua instala\u00e7\u00e3o. Especialmente concebido para o carregamento eficiente, est\u00e1vel e consistente de baterias de 6V em sistemas aut\u00f3nomos e de reserva. Inclui 1,5 metros de cabo solar pr\u00e9-instalado pronto a ligar directamente ao controlador de carga. Fabricado com materiais de alta qualidade para um desempenho fi\u00e1vel e duradouro. Resistente aos raios UV e a condi\u00e7\u00f5es extremas. IP67. C\u00e9lulas solares de sil\u00edcio monocristalino de efici\u00eancia muito elevada. Dimens\u00f5es optimizadas. 240x150x2,2mm\" \/>\n<meta property=\"og:url\" content=\"https:\/\/www.xunzel.com\/store\/pt-pt\/producto\/microsolar-pro-5w-6v\/\" \/>\n<meta property=\"og:site_name\" content=\"Xunzel\" \/>\n<meta property=\"article:modified_time\" content=\"2024-03-20T08:21:40+00:00\" \/>\n<meta property=\"og:image\" content=\"https:\/\/www.xunzel.com\/store\/wp-content\/uploads\/2023\/04\/MICROSOLAR-4.7W-6V-1.jpg\" \/>\n\t<meta property=\"og:image:width\" content=\"2400\" \/>\n\t<meta property=\"og:image:height\" content=\"2400\" \/>\n\t<meta property=\"og:image:type\" content=\"image\/jpeg\" \/>\n<meta name=\"twitter:card\" content=\"summary_large_image\" \/>\n<meta name=\"twitter:label1\" content=\"Tempo estimado de leitura\" \/>\n\t<meta name=\"twitter:data1\" content=\"1 minuto\" \/>\n<script type=\"application\/ld+json\" class=\"yoast-schema-graph\">{\"@context\":\"https:\/\/schema.org\",\"@graph\":[{\"@type\":\"WebPage\",\"@id\":\"https:\/\/www.xunzel.com\/store\/pt-pt\/producto\/microsolar-pro-5w-6v\/\",\"url\":\"https:\/\/www.xunzel.com\/store\/pt-pt\/producto\/microsolar-pro-5w-6v\/\",\"name\":\"MICROSOLAR-PRO 4.7W 6V &#8211; Xunzel\",\"isPartOf\":{\"@id\":\"https:\/\/www.xunzel.com\/store\/pt-pt\/#website\"},\"primaryImageOfPage\":{\"@id\":\"https:\/\/www.xunzel.com\/store\/pt-pt\/producto\/microsolar-pro-5w-6v\/#primaryimage\"},\"image\":{\"@id\":\"https:\/\/www.xunzel.com\/store\/pt-pt\/producto\/microsolar-pro-5w-6v\/#primaryimage\"},\"thumbnailUrl\":\"https:\/\/www.xunzel.com\/store\/wp-content\/uploads\/2023\/04\/MICROSOLAR-4.7W-6V-1.jpg\",\"datePublished\":\"2023-04-24T15:06:47+00:00\",\"dateModified\":\"2024-03-20T08:21:40+00:00\",\"breadcrumb\":{\"@id\":\"https:\/\/www.xunzel.com\/store\/pt-pt\/producto\/microsolar-pro-5w-6v\/#breadcrumb\"},\"inLanguage\":\"pt-PT\",\"potentialAction\":[{\"@type\":\"ReadAction\",\"target\":[\"https:\/\/www.xunzel.com\/store\/pt-pt\/producto\/microsolar-pro-5w-6v\/\"]}]},{\"@type\":\"ImageObject\",\"inLanguage\":\"pt-PT\",\"@id\":\"https:\/\/www.xunzel.com\/store\/pt-pt\/producto\/microsolar-pro-5w-6v\/#primaryimage\",\"url\":\"https:\/\/www.xunzel.com\/store\/wp-content\/uploads\/2023\/04\/MICROSOLAR-4.7W-6V-1.jpg\",\"contentUrl\":\"https:\/\/www.xunzel.com\/store\/wp-content\/uploads\/2023\/04\/MICROSOLAR-4.7W-6V-1.jpg\",\"width\":2400,\"height\":2400},{\"@type\":\"BreadcrumbList\",\"@id\":\"https:\/\/www.xunzel.com\/store\/pt-pt\/producto\/microsolar-pro-5w-6v\/#breadcrumb\",\"itemListElement\":[{\"@type\":\"ListItem\",\"position\":1,\"name\":\"Portada\",\"item\":\"https:\/\/www.xunzel.com\/store\/pt-pt\/\"},{\"@type\":\"ListItem\",\"position\":2,\"name\":\"Loja\",\"item\":\"https:\/\/www.xunzel.com\/store\/tienda\/\"},{\"@type\":\"ListItem\",\"position\":3,\"name\":\"MICROSOLAR-PRO 4.7W 6V\"}]},{\"@type\":\"WebSite\",\"@id\":\"https:\/\/www.xunzel.com\/store\/pt-pt\/#website\",\"url\":\"https:\/\/www.xunzel.com\/store\/pt-pt\/\",\"name\":\"Xunzel\",\"description\":\"Energy in a box - The Electric Revolution\",\"publisher\":{\"@id\":\"https:\/\/www.xunzel.com\/store\/pt-pt\/#organization\"},\"potentialAction\":[{\"@type\":\"SearchAction\",\"target\":{\"@type\":\"EntryPoint\",\"urlTemplate\":\"https:\/\/www.xunzel.com\/store\/pt-pt\/?s={search_term_string}\"},\"query-input\":{\"@type\":\"PropertyValueSpecification\",\"valueRequired\":true,\"valueName\":\"search_term_string\"}}],\"inLanguage\":\"pt-PT\"},{\"@type\":\"Organization\",\"@id\":\"https:\/\/www.xunzel.com\/store\/pt-pt\/#organization\",\"name\":\"Xunzel\",\"url\":\"https:\/\/www.xunzel.com\/store\/pt-pt\/\",\"logo\":{\"@type\":\"ImageObject\",\"inLanguage\":\"pt-PT\",\"@id\":\"https:\/\/www.xunzel.com\/store\/pt-pt\/#\/schema\/logo\/image\/\",\"url\":\"https:\/\/www.xunzel.com\/store\/wp-content\/uploads\/2021\/01\/logo-xunzel-footer.png\",\"contentUrl\":\"https:\/\/www.xunzel.com\/store\/wp-content\/uploads\/2021\/01\/logo-xunzel-footer.png\",\"width\":280,\"height\":52,\"caption\":\"Xunzel\"},\"image\":{\"@id\":\"https:\/\/www.xunzel.com\/store\/pt-pt\/#\/schema\/logo\/image\/\"}}]}<\/script>\n<!-- \/ Yoast SEO plugin. -->","yoast_head_json":{"title":"MICROSOLAR-PRO 4.7W 6V &#8211; Xunzel","robots":{"index":"index","follow":"follow","max-snippet":"max-snippet:-1","max-image-preview":"max-image-preview:large","max-video-preview":"max-video-preview:-1"},"canonical":"https:\/\/www.xunzel.com\/store\/pt-pt\/producto\/microsolar-pro-5w-6v\/","og_locale":"pt_PT","og_type":"article","og_title":"MICROSOLAR-PRO 4.7W 6V &#8211; Xunzel","og_description":"Painel fotovoltaico MICROSOLAR de 4,7W com uma efici\u00eancia muito elevada e um desempenho \u00f3ptimo. Extra fino (2,2mm), compacto, leve e sem moldura. F\u00e1cil de integrar na sua instala\u00e7\u00e3o. Especialmente concebido para o carregamento eficiente, est\u00e1vel e consistente de baterias de 6V em sistemas aut\u00f3nomos e de reserva. Inclui 1,5 metros de cabo solar pr\u00e9-instalado pronto a ligar directamente ao controlador de carga. Fabricado com materiais de alta qualidade para um desempenho fi\u00e1vel e duradouro. Resistente aos raios UV e a condi\u00e7\u00f5es extremas. IP67. C\u00e9lulas solares de sil\u00edcio monocristalino de efici\u00eancia muito elevada. Dimens\u00f5es optimizadas. 240x150x2,2mm","og_url":"https:\/\/www.xunzel.com\/store\/pt-pt\/producto\/microsolar-pro-5w-6v\/","og_site_name":"Xunzel","article_modified_time":"2024-03-20T08:21:40+00:00","og_image":[{"width":2400,"height":2400,"url":"https:\/\/www.xunzel.com\/store\/wp-content\/uploads\/2023\/04\/MICROSOLAR-4.7W-6V-1.jpg","type":"image\/jpeg"}],"twitter_card":"summary_large_image","twitter_misc":{"Tempo estimado de leitura":"1 minuto"},"schema":{"@context":"https:\/\/schema.org","@graph":[{"@type":"WebPage","@id":"https:\/\/www.xunzel.com\/store\/pt-pt\/producto\/microsolar-pro-5w-6v\/","url":"https:\/\/www.xunzel.com\/store\/pt-pt\/producto\/microsolar-pro-5w-6v\/","name":"MICROSOLAR-PRO 4.7W 6V &#8211; Xunzel","isPartOf":{"@id":"https:\/\/www.xunzel.com\/store\/pt-pt\/#website"},"primaryImageOfPage":{"@id":"https:\/\/www.xunzel.com\/store\/pt-pt\/producto\/microsolar-pro-5w-6v\/#primaryimage"},"image":{"@id":"https:\/\/www.xunzel.com\/store\/pt-pt\/producto\/microsolar-pro-5w-6v\/#primaryimage"},"thumbnailUrl":"https:\/\/www.xunzel.com\/store\/wp-content\/uploads\/2023\/04\/MICROSOLAR-4.7W-6V-1.jpg","datePublished":"2023-04-24T15:06:47+00:00","dateModified":"2024-03-20T08:21:40+00:00","breadcrumb":{"@id":"https:\/\/www.xunzel.com\/store\/pt-pt\/producto\/microsolar-pro-5w-6v\/#breadcrumb"},"inLanguage":"pt-PT","potentialAction":[{"@type":"ReadAction","target":["https:\/\/www.xunzel.com\/store\/pt-pt\/producto\/microsolar-pro-5w-6v\/"]}]},{"@type":"ImageObject","inLanguage":"pt-PT","@id":"https:\/\/www.xunzel.com\/store\/pt-pt\/producto\/microsolar-pro-5w-6v\/#primaryimage","url":"https:\/\/www.xunzel.com\/store\/wp-content\/uploads\/2023\/04\/MICROSOLAR-4.7W-6V-1.jpg","contentUrl":"https:\/\/www.xunzel.com\/store\/wp-content\/uploads\/2023\/04\/MICROSOLAR-4.7W-6V-1.jpg","width":2400,"height":2400},{"@type":"BreadcrumbList","@id":"https:\/\/www.xunzel.com\/store\/pt-pt\/producto\/microsolar-pro-5w-6v\/#breadcrumb","itemListElement":[{"@type":"ListItem","position":1,"name":"Portada","item":"https:\/\/www.xunzel.com\/store\/pt-pt\/"},{"@type":"ListItem","position":2,"name":"Loja","item":"https:\/\/www.xunzel.com\/store\/tienda\/"},{"@type":"ListItem","position":3,"name":"MICROSOLAR-PRO 4.7W 6V"}]},{"@type":"WebSite","@id":"https:\/\/www.xunzel.com\/store\/pt-pt\/#website","url":"https:\/\/www.xunzel.com\/store\/pt-pt\/","name":"Xunzel","description":"Energy in a box - The Electric Revolution","publisher":{"@id":"https:\/\/www.xunzel.com\/store\/pt-pt\/#organization"},"potentialAction":[{"@type":"SearchAction","target":{"@type":"EntryPoint","urlTemplate":"https:\/\/www.xunzel.com\/store\/pt-pt\/?s={search_term_string}"},"query-input":{"@type":"PropertyValueSpecification","valueRequired":true,"valueName":"search_term_string"}}],"inLanguage":"pt-PT"},{"@type":"Organization","@id":"https:\/\/www.xunzel.com\/store\/pt-pt\/#organization","name":"Xunzel","url":"https:\/\/www.xunzel.com\/store\/pt-pt\/","logo":{"@type":"ImageObject","inLanguage":"pt-PT","@id":"https:\/\/www.xunzel.com\/store\/pt-pt\/#\/schema\/logo\/image\/","url":"https:\/\/www.xunzel.com\/store\/wp-content\/uploads\/2021\/01\/logo-xunzel-footer.png","contentUrl":"https:\/\/www.xunzel.com\/store\/wp-content\/uploads\/2021\/01\/logo-xunzel-footer.png","width":280,"height":52,"caption":"Xunzel"},"image":{"@id":"https:\/\/www.xunzel.com\/store\/pt-pt\/#\/schema\/logo\/image\/"}}]}},"_links":{"self":[{"href":"https:\/\/www.xunzel.com\/store\/pt-pt\/wp-json\/wp\/v2\/product\/16470","targetHints":{"allow":["GET"]}}],"collection":[{"href":"https:\/\/www.xunzel.com\/store\/pt-pt\/wp-json\/wp\/v2\/product"}],"about":[{"href":"https:\/\/www.xunzel.com\/store\/pt-pt\/wp-json\/wp\/v2\/types\/product"}],"wp:featuredmedia":[{"embeddable":true,"href":"https:\/\/www.xunzel.com\/store\/pt-pt\/wp-json\/wp\/v2\/media\/20876"}],"wp:attachment":[{"href":"https:\/\/www.xunzel.com\/store\/pt-pt\/wp-json\/wp\/v2\/media?parent=16470"}],"wp:term":[{"taxonomy":"product_brand","embeddable":true,"href":"https:\/\/www.xunzel.com\/store\/pt-pt\/wp-json\/wp\/v2\/product_brand?post=16470"},{"taxonomy":"product_cat","embeddable":true,"href":"https:\/\/www.xunzel.com\/store\/pt-pt\/wp-json\/wp\/v2\/product_cat?post=16470"},{"taxonomy":"product_tag","embeddable":true,"href":"https:\/\/www.xunzel.com\/store\/pt-pt\/wp-json\/wp\/v2\/product_tag?post=16470"}],"curies":[{"name":"wp","href":"https:\/\/api.w.org\/{rel}","templated":true}]}}