{"id":16458,"date":"2020-09-14T20:14:32","date_gmt":"2020-09-14T18:14:32","guid":{"rendered":"https:\/\/www.xunzel.com\/store\/inicio\/solarlife-pro-aut-3024\/"},"modified":"2024-04-24T16:33:18","modified_gmt":"2024-04-24T14:33:18","slug":"solarlife-pro-aut-3024","status":"publish","type":"product","link":"https:\/\/www.xunzel.com\/store\/pt-pt\/producto\/solarlife-pro-aut-3024\/","title":{"rendered":"SOLARLIFE-PRO AUT 3024"},"content":{"rendered":"<div class=\"wpb-content-wrapper\"><p>[vc_row][vc_column][vc_column_text]Solu\u00e7\u00e3o para automa\u00e7\u00e3o de 24VDC (modelos de 12VDC, 36VDC, 48VDC e 230VAC dispon\u00edveis).<br \/>\nPara todas as frequ\u00eancias de utiliza\u00e7\u00e3o, cont\u00ednua ou ocasional.<br \/>\nIdeal tamb\u00e9m para utiliza\u00e7\u00e3o como sistema de backup (UPS\/Back-Up).<br \/>\nTotalmente seguro. Tens\u00e3o muito baixa.<br \/>\nDesign de alto desempenho. M\u00e1xima efici\u00eancia e factor de forma reduzido.<br \/>\nSem manuten\u00e7\u00e3o. Robusto e concebido para funcionar nas condi\u00e7\u00f5es mais extremas: IP66 \u00e0 prova de \u00e1gua. Resistente ao impacto IK10. Suporta uma vasta gama de temperaturas &#8211; 20\u00b0C +60\u00b0C. Isolamento de classe II. Resistente ao fogo e aos raios UV.<br \/>\nAumenta a seguran\u00e7a da instala\u00e7\u00e3o.<br \/>\nSistema montado, aumentando a seguran\u00e7a e a rapidez de instala\u00e7\u00e3o.<br \/>\nArquitectura modular. Permite a integra\u00e7\u00e3o de uma multiplicidade de equipamentos electr\u00f3nicos adicionais.<br \/>\nFlex\u00edvel, facilmente expans\u00edvel.<br \/>\nConcep\u00e7\u00e3o segura contra a vulnerabilidade inform\u00e1tica.<br \/>\nProtec\u00e7\u00e3o total: Fus\u00edvel. Contra sobrecarga e descarga excessiva. Contra invers\u00e3o de polaridade. Curto-circuito. Sobrecarga. Sobretens\u00e3o. Baixa tens\u00e3o. Sobretemperatura.<br \/>\nFornecido com fechadura e chave.<br \/>\nPode ser instalado na parede, num poste ou no ch\u00e3o. No exterior e no interior.<br \/>\nCertificado e aprovado para o transporte a\u00e9reo, ferrovi\u00e1rio, mar\u00edtimo ou rodovi\u00e1rio. Aprova\u00e7\u00e3o ADR\/RID, IMDG, FAA e IATA.[\/vc_column_text][\/vc_column][\/vc_row]<\/p>\n<\/div>","protected":false},"excerpt":{"rendered":"<p>Sistema de alimenta\u00e7\u00e3o aut\u00f3nomo completo para alimentar automatismos e acessos de 24 VDC.<br \/>\nConcebidos para fornecer energia de forma segura e eficiente.<br \/>\nUniversal. Compat\u00edvel com a maioria dos automatismos e marcas. Para todos os tipos de automatismos: de corredi\u00e7a, de batente, de pilaretes, seccionais, fechaduras, portas autom\u00e1ticas, v\u00eddeo porteiro, ilumina\u00e7\u00e3o auxiliar, etc.<br \/>\nGrande n\u00famero de manobras. At\u00e9 15~40 manobras por dia e autonomia at\u00e9 60 dias. Dependendo do modelo, dos acess\u00f3rios utilizados e do peso da porta.<br \/>\nPlug&amp;Play. Seguro. Sem manuten\u00e7\u00e3o. Totalmente homologado e com protec\u00e7\u00f5es avan\u00e7adas.<br \/>\nPainel solar fotovoltaico de alta efici\u00eancia <a href=\"https:\/\/www.xunzel.com\/store\/pt-pt\/product\/solarpower-30w-24v\/\" target=\"_blank\" rel=\"noopener\"><strong>SOLARPOWER-30W<\/strong> <\/a>com suporte, XUNBOX com 2 baterias de longa dura\u00e7\u00e3o <a href=\"https:\/\/www.xunzel.com\/store\/pt-pt\/product\/solarx-14\/\" target=\"_blank\" rel=\"noopener\"><strong>SOLARX-14<\/strong><\/a>, electr\u00f3nica de controlo, cablagem, conectores universais e protec\u00e7\u00f5es.<\/p>\n<p>Motor n\u00e3o inclu\u00eddo.<\/p>\n<p><span class=\"shared-files-shortcode-admin-list shared-files-shortcode-admin-list-file shared-files-shortcode-11092\" title=\"[shared_files file_id=11092]\"><span class=\"shared-files-shortcode-admin-list shared-files-shortcode-admin-list-file shared-files-shortcode-16852\" title=\"[shared_files file_id=16852]\">[shared_files file_id=16852]<\/span><\/span><\/p>\n","protected":false},"featured_media":20934,"template":"","meta":{"_acf_changed":false},"product_brand":[],"product_cat":[267],"product_tag":[],"class_list":{"0":"post-16458","1":"product","2":"type-product","3":"status-publish","4":"has-post-thumbnail","6":"product_cat-solarlife-pro-aut-series","8":"first","9":"onbackorder","10":"featured","11":"taxable","12":"shipping-taxable","13":"purchasable","14":"product-type-simple"},"acf":[],"yoast_head":"<!-- This site is optimized with the Yoast SEO plugin v25.4 - https:\/\/yoast.com\/wordpress\/plugins\/seo\/ -->\n<title>SOLARLIFE-PRO AUT 3024 &#8211; Xunzel<\/title>\n<meta name=\"robots\" content=\"index, follow, max-snippet:-1, max-image-preview:large, max-video-preview:-1\" \/>\n<link rel=\"canonical\" href=\"https:\/\/www.xunzel.com\/store\/pt-pt\/producto\/solarlife-pro-aut-3024\/\" \/>\n<meta property=\"og:locale\" content=\"pt_PT\" \/>\n<meta property=\"og:type\" content=\"article\" \/>\n<meta property=\"og:title\" content=\"SOLARLIFE-PRO AUT 3024 &#8211; Xunzel\" \/>\n<meta property=\"og:description\" content=\"Sistema de alimenta\u00e7\u00e3o aut\u00f3nomo completo para alimentar automatismos e acessos de 24 VDC. Concebidos para fornecer energia de forma segura e eficiente. Universal. Compat\u00edvel com a maioria dos automatismos e marcas. Para todos os tipos de automatismos: de corredi\u00e7a, de batente, de pilaretes, seccionais, fechaduras, portas autom\u00e1ticas, v\u00eddeo porteiro, ilumina\u00e7\u00e3o auxiliar, etc. Grande n\u00famero de manobras. At\u00e9 15~40 manobras por dia e autonomia at\u00e9 60 dias. Dependendo do modelo, dos acess\u00f3rios utilizados e do peso da porta. Plug&amp;Play. Seguro. Sem manuten\u00e7\u00e3o. Totalmente homologado e com protec\u00e7\u00f5es avan\u00e7adas. Painel solar fotovoltaico de alta efici\u00eancia SOLARPOWER-30W com suporte, XUNBOX com 2 baterias de longa dura\u00e7\u00e3o SOLARX-14, electr\u00f3nica de controlo, cablagem, conectores universais e protec\u00e7\u00f5es.  Motor n\u00e3o inclu\u00eddo.\" \/>\n<meta property=\"og:url\" content=\"https:\/\/www.xunzel.com\/store\/pt-pt\/producto\/solarlife-pro-aut-3024\/\" \/>\n<meta property=\"og:site_name\" content=\"Xunzel\" \/>\n<meta property=\"article:modified_time\" content=\"2024-04-24T14:33:18+00:00\" \/>\n<meta property=\"og:image\" content=\"https:\/\/www.xunzel.com\/store\/wp-content\/uploads\/2020\/09\/SOLARLIFE-pro-AUT-30W24V.jpg\" \/>\n\t<meta property=\"og:image:width\" content=\"2000\" \/>\n\t<meta property=\"og:image:height\" content=\"2000\" \/>\n\t<meta property=\"og:image:type\" content=\"image\/jpeg\" \/>\n<meta name=\"twitter:card\" content=\"summary_large_image\" \/>\n<meta name=\"twitter:label1\" content=\"Tempo estimado de leitura\" \/>\n\t<meta name=\"twitter:data1\" content=\"2 minutos\" \/>\n<script type=\"application\/ld+json\" class=\"yoast-schema-graph\">{\"@context\":\"https:\/\/schema.org\",\"@graph\":[{\"@type\":\"WebPage\",\"@id\":\"https:\/\/www.xunzel.com\/store\/pt-pt\/producto\/solarlife-pro-aut-3024\/\",\"url\":\"https:\/\/www.xunzel.com\/store\/pt-pt\/producto\/solarlife-pro-aut-3024\/\",\"name\":\"SOLARLIFE-PRO AUT 3024 &#8211; Xunzel\",\"isPartOf\":{\"@id\":\"https:\/\/www.xunzel.com\/store\/pt-pt\/#website\"},\"primaryImageOfPage\":{\"@id\":\"https:\/\/www.xunzel.com\/store\/pt-pt\/producto\/solarlife-pro-aut-3024\/#primaryimage\"},\"image\":{\"@id\":\"https:\/\/www.xunzel.com\/store\/pt-pt\/producto\/solarlife-pro-aut-3024\/#primaryimage\"},\"thumbnailUrl\":\"https:\/\/www.xunzel.com\/store\/wp-content\/uploads\/2020\/09\/SOLARLIFE-pro-AUT-30W24V.jpg\",\"datePublished\":\"2020-09-14T18:14:32+00:00\",\"dateModified\":\"2024-04-24T14:33:18+00:00\",\"breadcrumb\":{\"@id\":\"https:\/\/www.xunzel.com\/store\/pt-pt\/producto\/solarlife-pro-aut-3024\/#breadcrumb\"},\"inLanguage\":\"pt-PT\",\"potentialAction\":[{\"@type\":\"ReadAction\",\"target\":[\"https:\/\/www.xunzel.com\/store\/pt-pt\/producto\/solarlife-pro-aut-3024\/\"]}]},{\"@type\":\"ImageObject\",\"inLanguage\":\"pt-PT\",\"@id\":\"https:\/\/www.xunzel.com\/store\/pt-pt\/producto\/solarlife-pro-aut-3024\/#primaryimage\",\"url\":\"https:\/\/www.xunzel.com\/store\/wp-content\/uploads\/2020\/09\/SOLARLIFE-pro-AUT-30W24V.jpg\",\"contentUrl\":\"https:\/\/www.xunzel.com\/store\/wp-content\/uploads\/2020\/09\/SOLARLIFE-pro-AUT-30W24V.jpg\",\"width\":2000,\"height\":2000},{\"@type\":\"BreadcrumbList\",\"@id\":\"https:\/\/www.xunzel.com\/store\/pt-pt\/producto\/solarlife-pro-aut-3024\/#breadcrumb\",\"itemListElement\":[{\"@type\":\"ListItem\",\"position\":1,\"name\":\"Portada\",\"item\":\"https:\/\/www.xunzel.com\/store\/pt-pt\/\"},{\"@type\":\"ListItem\",\"position\":2,\"name\":\"Loja\",\"item\":\"https:\/\/www.xunzel.com\/store\/tienda\/\"},{\"@type\":\"ListItem\",\"position\":3,\"name\":\"SOLARLIFE-PRO AUT 3024\"}]},{\"@type\":\"WebSite\",\"@id\":\"https:\/\/www.xunzel.com\/store\/pt-pt\/#website\",\"url\":\"https:\/\/www.xunzel.com\/store\/pt-pt\/\",\"name\":\"Xunzel\",\"description\":\"Energy in a box - The Electric Revolution\",\"publisher\":{\"@id\":\"https:\/\/www.xunzel.com\/store\/pt-pt\/#organization\"},\"potentialAction\":[{\"@type\":\"SearchAction\",\"target\":{\"@type\":\"EntryPoint\",\"urlTemplate\":\"https:\/\/www.xunzel.com\/store\/pt-pt\/?s={search_term_string}\"},\"query-input\":{\"@type\":\"PropertyValueSpecification\",\"valueRequired\":true,\"valueName\":\"search_term_string\"}}],\"inLanguage\":\"pt-PT\"},{\"@type\":\"Organization\",\"@id\":\"https:\/\/www.xunzel.com\/store\/pt-pt\/#organization\",\"name\":\"Xunzel\",\"url\":\"https:\/\/www.xunzel.com\/store\/pt-pt\/\",\"logo\":{\"@type\":\"ImageObject\",\"inLanguage\":\"pt-PT\",\"@id\":\"https:\/\/www.xunzel.com\/store\/pt-pt\/#\/schema\/logo\/image\/\",\"url\":\"https:\/\/www.xunzel.com\/store\/wp-content\/uploads\/2021\/01\/logo-xunzel-footer.png\",\"contentUrl\":\"https:\/\/www.xunzel.com\/store\/wp-content\/uploads\/2021\/01\/logo-xunzel-footer.png\",\"width\":280,\"height\":52,\"caption\":\"Xunzel\"},\"image\":{\"@id\":\"https:\/\/www.xunzel.com\/store\/pt-pt\/#\/schema\/logo\/image\/\"}}]}<\/script>\n<!-- \/ Yoast SEO plugin. -->","yoast_head_json":{"title":"SOLARLIFE-PRO AUT 3024 &#8211; Xunzel","robots":{"index":"index","follow":"follow","max-snippet":"max-snippet:-1","max-image-preview":"max-image-preview:large","max-video-preview":"max-video-preview:-1"},"canonical":"https:\/\/www.xunzel.com\/store\/pt-pt\/producto\/solarlife-pro-aut-3024\/","og_locale":"pt_PT","og_type":"article","og_title":"SOLARLIFE-PRO AUT 3024 &#8211; Xunzel","og_description":"Sistema de alimenta\u00e7\u00e3o aut\u00f3nomo completo para alimentar automatismos e acessos de 24 VDC. Concebidos para fornecer energia de forma segura e eficiente. Universal. Compat\u00edvel com a maioria dos automatismos e marcas. Para todos os tipos de automatismos: de corredi\u00e7a, de batente, de pilaretes, seccionais, fechaduras, portas autom\u00e1ticas, v\u00eddeo porteiro, ilumina\u00e7\u00e3o auxiliar, etc. Grande n\u00famero de manobras. At\u00e9 15~40 manobras por dia e autonomia at\u00e9 60 dias. Dependendo do modelo, dos acess\u00f3rios utilizados e do peso da porta. Plug&amp;Play. Seguro. Sem manuten\u00e7\u00e3o. Totalmente homologado e com protec\u00e7\u00f5es avan\u00e7adas. Painel solar fotovoltaico de alta efici\u00eancia SOLARPOWER-30W com suporte, XUNBOX com 2 baterias de longa dura\u00e7\u00e3o SOLARX-14, electr\u00f3nica de controlo, cablagem, conectores universais e protec\u00e7\u00f5es.  Motor n\u00e3o inclu\u00eddo.","og_url":"https:\/\/www.xunzel.com\/store\/pt-pt\/producto\/solarlife-pro-aut-3024\/","og_site_name":"Xunzel","article_modified_time":"2024-04-24T14:33:18+00:00","og_image":[{"width":2000,"height":2000,"url":"https:\/\/www.xunzel.com\/store\/wp-content\/uploads\/2020\/09\/SOLARLIFE-pro-AUT-30W24V.jpg","type":"image\/jpeg"}],"twitter_card":"summary_large_image","twitter_misc":{"Tempo estimado de leitura":"2 minutos"},"schema":{"@context":"https:\/\/schema.org","@graph":[{"@type":"WebPage","@id":"https:\/\/www.xunzel.com\/store\/pt-pt\/producto\/solarlife-pro-aut-3024\/","url":"https:\/\/www.xunzel.com\/store\/pt-pt\/producto\/solarlife-pro-aut-3024\/","name":"SOLARLIFE-PRO AUT 3024 &#8211; Xunzel","isPartOf":{"@id":"https:\/\/www.xunzel.com\/store\/pt-pt\/#website"},"primaryImageOfPage":{"@id":"https:\/\/www.xunzel.com\/store\/pt-pt\/producto\/solarlife-pro-aut-3024\/#primaryimage"},"image":{"@id":"https:\/\/www.xunzel.com\/store\/pt-pt\/producto\/solarlife-pro-aut-3024\/#primaryimage"},"thumbnailUrl":"https:\/\/www.xunzel.com\/store\/wp-content\/uploads\/2020\/09\/SOLARLIFE-pro-AUT-30W24V.jpg","datePublished":"2020-09-14T18:14:32+00:00","dateModified":"2024-04-24T14:33:18+00:00","breadcrumb":{"@id":"https:\/\/www.xunzel.com\/store\/pt-pt\/producto\/solarlife-pro-aut-3024\/#breadcrumb"},"inLanguage":"pt-PT","potentialAction":[{"@type":"ReadAction","target":["https:\/\/www.xunzel.com\/store\/pt-pt\/producto\/solarlife-pro-aut-3024\/"]}]},{"@type":"ImageObject","inLanguage":"pt-PT","@id":"https:\/\/www.xunzel.com\/store\/pt-pt\/producto\/solarlife-pro-aut-3024\/#primaryimage","url":"https:\/\/www.xunzel.com\/store\/wp-content\/uploads\/2020\/09\/SOLARLIFE-pro-AUT-30W24V.jpg","contentUrl":"https:\/\/www.xunzel.com\/store\/wp-content\/uploads\/2020\/09\/SOLARLIFE-pro-AUT-30W24V.jpg","width":2000,"height":2000},{"@type":"BreadcrumbList","@id":"https:\/\/www.xunzel.com\/store\/pt-pt\/producto\/solarlife-pro-aut-3024\/#breadcrumb","itemListElement":[{"@type":"ListItem","position":1,"name":"Portada","item":"https:\/\/www.xunzel.com\/store\/pt-pt\/"},{"@type":"ListItem","position":2,"name":"Loja","item":"https:\/\/www.xunzel.com\/store\/tienda\/"},{"@type":"ListItem","position":3,"name":"SOLARLIFE-PRO AUT 3024"}]},{"@type":"WebSite","@id":"https:\/\/www.xunzel.com\/store\/pt-pt\/#website","url":"https:\/\/www.xunzel.com\/store\/pt-pt\/","name":"Xunzel","description":"Energy in a box - The Electric Revolution","publisher":{"@id":"https:\/\/www.xunzel.com\/store\/pt-pt\/#organization"},"potentialAction":[{"@type":"SearchAction","target":{"@type":"EntryPoint","urlTemplate":"https:\/\/www.xunzel.com\/store\/pt-pt\/?s={search_term_string}"},"query-input":{"@type":"PropertyValueSpecification","valueRequired":true,"valueName":"search_term_string"}}],"inLanguage":"pt-PT"},{"@type":"Organization","@id":"https:\/\/www.xunzel.com\/store\/pt-pt\/#organization","name":"Xunzel","url":"https:\/\/www.xunzel.com\/store\/pt-pt\/","logo":{"@type":"ImageObject","inLanguage":"pt-PT","@id":"https:\/\/www.xunzel.com\/store\/pt-pt\/#\/schema\/logo\/image\/","url":"https:\/\/www.xunzel.com\/store\/wp-content\/uploads\/2021\/01\/logo-xunzel-footer.png","contentUrl":"https:\/\/www.xunzel.com\/store\/wp-content\/uploads\/2021\/01\/logo-xunzel-footer.png","width":280,"height":52,"caption":"Xunzel"},"image":{"@id":"https:\/\/www.xunzel.com\/store\/pt-pt\/#\/schema\/logo\/image\/"}}]}},"_links":{"self":[{"href":"https:\/\/www.xunzel.com\/store\/pt-pt\/wp-json\/wp\/v2\/product\/16458","targetHints":{"allow":["GET"]}}],"collection":[{"href":"https:\/\/www.xunzel.com\/store\/pt-pt\/wp-json\/wp\/v2\/product"}],"about":[{"href":"https:\/\/www.xunzel.com\/store\/pt-pt\/wp-json\/wp\/v2\/types\/product"}],"wp:featuredmedia":[{"embeddable":true,"href":"https:\/\/www.xunzel.com\/store\/pt-pt\/wp-json\/wp\/v2\/media\/20934"}],"wp:attachment":[{"href":"https:\/\/www.xunzel.com\/store\/pt-pt\/wp-json\/wp\/v2\/media?parent=16458"}],"wp:term":[{"taxonomy":"product_brand","embeddable":true,"href":"https:\/\/www.xunzel.com\/store\/pt-pt\/wp-json\/wp\/v2\/product_brand?post=16458"},{"taxonomy":"product_cat","embeddable":true,"href":"https:\/\/www.xunzel.com\/store\/pt-pt\/wp-json\/wp\/v2\/product_cat?post=16458"},{"taxonomy":"product_tag","embeddable":true,"href":"https:\/\/www.xunzel.com\/store\/pt-pt\/wp-json\/wp\/v2\/product_tag?post=16458"}],"curies":[{"name":"wp","href":"https:\/\/api.w.org\/{rel}","templated":true}]}}