{"id":16089,"date":"2021-01-14T14:40:44","date_gmt":"2021-01-14T13:40:44","guid":{"rendered":"https:\/\/www.xunzel.com\/store\/inicio\/solstand-xunzel\/"},"modified":"2024-03-27T16:10:57","modified_gmt":"2024-03-27T15:10:57","slug":"solstand","status":"publish","type":"product","link":"https:\/\/www.xunzel.com\/store\/pt-pt\/producto\/solstand\/","title":{"rendered":"SOLSTAND"},"content":{"rendered":"<p>Sistema de montagem de pain\u00e9is solares fotovoltaicos para ch\u00e3o e telhados planos, 25\u00b0 inclinados. Universal. Pr\u00e9-montados. R\u00e1pido e f\u00e1cil de montar. Aerodinamicamente optimizados e materiais robustos e de alta qualidade. Concebidos para instala\u00e7\u00f5es seguras, com grande estabilidade mec\u00e2nica e fiabilidade. Todos os sistemas de fixa\u00e7\u00e3o s\u00e3o calculados e aprovados para resist\u00eancia estrutural e desempenho mec\u00e2nico. Fabricados em Alum\u00ednio Formado a Frio de Alta Qualidade com Excelente Rigidez (EN AW-6063 T66) e Parafusos de A\u00e7o Inoxid\u00e1vel (1.4301) A2-70. Facilmente expans\u00edvel com o KIT SOLUNION12.<\/p>\n","protected":false},"excerpt":{"rendered":"<p>Sistema de montagem de pain\u00e9is solares fotovoltaicos para telhados terrestres e planos, 25\u00b0 inclinados. Universal. Pr\u00e9-montados. R\u00e1pido e f\u00e1cil de montar. Aerodinamicamente optimizados e materiais robustos e de alta qualidade. Concebidos para instala\u00e7\u00f5es seguras, com grande estabilidade mec\u00e2nica e fiabilidade. V\u00e1lido para pain\u00e9is <a href=\"https:\/\/www.xunzel.com\/store\/pt-pt\/categoria-produto\/solarpower\/solarpower-on-perc-series\/\" target=\"_blank\" rel=\"noopener\"><strong>SOLARPOWER-ON-PERC-425WN30<\/strong> <\/a>(1754 x 1096 x 30mm). Painel solar n\u00e3o inclu\u00eddo.<\/p>\n<p><span class=\"shared-files-shortcode-admin-list shared-files-shortcode-admin-list-file shared-files-shortcode-10157\" title=\"[shared_files file_id=10157]\"><span class=\"shared-files-shortcode-admin-list shared-files-shortcode-admin-list-file shared-files-shortcode-12755\" title=\"[shared_files file_id=12755]\">[shared_files file_id=12755]<\/span><\/span><\/p>\n","protected":false},"featured_media":16091,"template":"","meta":{"_acf_changed":false},"product_brand":[],"product_cat":[277],"product_tag":[],"class_list":{"0":"post-16089","1":"product","2":"type-product","3":"status-publish","4":"has-post-thumbnail","6":"product_cat-suportes-paineis-solares","8":"first","9":"instock","10":"taxable","11":"shipping-taxable","12":"purchasable","13":"product-type-variable"},"acf":[],"yoast_head":"<!-- This site is optimized with the Yoast SEO plugin v25.4 - https:\/\/yoast.com\/wordpress\/plugins\/seo\/ -->\n<title>SOLSTAND &#8211; Xunzel<\/title>\n<meta name=\"robots\" content=\"index, follow, max-snippet:-1, max-image-preview:large, max-video-preview:-1\" \/>\n<link rel=\"canonical\" href=\"https:\/\/www.xunzel.com\/store\/pt-pt\/producto\/solstand\/\" \/>\n<meta property=\"og:locale\" content=\"pt_PT\" \/>\n<meta property=\"og:type\" content=\"article\" \/>\n<meta property=\"og:title\" content=\"SOLSTAND &#8211; Xunzel\" \/>\n<meta property=\"og:description\" content=\"Sistema de montagem de pain\u00e9is solares fotovoltaicos para telhados terrestres e planos, 25\u00b0 inclinados. Universal. Pr\u00e9-montados. R\u00e1pido e f\u00e1cil de montar. Aerodinamicamente optimizados e materiais robustos e de alta qualidade. Concebidos para instala\u00e7\u00f5es seguras, com grande estabilidade mec\u00e2nica e fiabilidade. V\u00e1lido para pain\u00e9is SOLARPOWER-ON-PERC-425WN30 (1754 x 1096 x 30mm). Painel solar n\u00e3o inclu\u00eddo.\" \/>\n<meta property=\"og:url\" content=\"https:\/\/www.xunzel.com\/store\/pt-pt\/producto\/solstand\/\" \/>\n<meta property=\"og:site_name\" content=\"Xunzel\" \/>\n<meta property=\"article:modified_time\" content=\"2024-03-27T15:10:57+00:00\" \/>\n<meta property=\"og:image\" content=\"https:\/\/www.xunzel.com\/store\/wp-content\/uploads\/2021\/01\/2-SOLSTAND_2.jpg\" \/>\n\t<meta property=\"og:image:width\" content=\"1100\" \/>\n\t<meta property=\"og:image:height\" content=\"1110\" \/>\n\t<meta property=\"og:image:type\" content=\"image\/jpeg\" \/>\n<meta name=\"twitter:card\" content=\"summary_large_image\" \/>\n<meta name=\"twitter:label1\" content=\"Tempo estimado de leitura\" \/>\n\t<meta name=\"twitter:data1\" content=\"1 minuto\" \/>\n<script type=\"application\/ld+json\" class=\"yoast-schema-graph\">{\"@context\":\"https:\/\/schema.org\",\"@graph\":[{\"@type\":\"WebPage\",\"@id\":\"https:\/\/www.xunzel.com\/store\/pt-pt\/producto\/solstand\/\",\"url\":\"https:\/\/www.xunzel.com\/store\/pt-pt\/producto\/solstand\/\",\"name\":\"SOLSTAND &#8211; Xunzel\",\"isPartOf\":{\"@id\":\"https:\/\/www.xunzel.com\/store\/pt-pt\/#website\"},\"primaryImageOfPage\":{\"@id\":\"https:\/\/www.xunzel.com\/store\/pt-pt\/producto\/solstand\/#primaryimage\"},\"image\":{\"@id\":\"https:\/\/www.xunzel.com\/store\/pt-pt\/producto\/solstand\/#primaryimage\"},\"thumbnailUrl\":\"https:\/\/www.xunzel.com\/store\/wp-content\/uploads\/2021\/01\/2-SOLSTAND_2.jpg\",\"datePublished\":\"2021-01-14T13:40:44+00:00\",\"dateModified\":\"2024-03-27T15:10:57+00:00\",\"breadcrumb\":{\"@id\":\"https:\/\/www.xunzel.com\/store\/pt-pt\/producto\/solstand\/#breadcrumb\"},\"inLanguage\":\"pt-PT\",\"potentialAction\":[{\"@type\":\"ReadAction\",\"target\":[\"https:\/\/www.xunzel.com\/store\/pt-pt\/producto\/solstand\/\"]}]},{\"@type\":\"ImageObject\",\"inLanguage\":\"pt-PT\",\"@id\":\"https:\/\/www.xunzel.com\/store\/pt-pt\/producto\/solstand\/#primaryimage\",\"url\":\"https:\/\/www.xunzel.com\/store\/wp-content\/uploads\/2021\/01\/2-SOLSTAND_2.jpg\",\"contentUrl\":\"https:\/\/www.xunzel.com\/store\/wp-content\/uploads\/2021\/01\/2-SOLSTAND_2.jpg\",\"width\":1100,\"height\":1110},{\"@type\":\"BreadcrumbList\",\"@id\":\"https:\/\/www.xunzel.com\/store\/pt-pt\/producto\/solstand\/#breadcrumb\",\"itemListElement\":[{\"@type\":\"ListItem\",\"position\":1,\"name\":\"Portada\",\"item\":\"https:\/\/www.xunzel.com\/store\/pt-pt\/\"},{\"@type\":\"ListItem\",\"position\":2,\"name\":\"Loja\",\"item\":\"https:\/\/www.xunzel.com\/store\/tienda\/\"},{\"@type\":\"ListItem\",\"position\":3,\"name\":\"SOLSTAND\"}]},{\"@type\":\"WebSite\",\"@id\":\"https:\/\/www.xunzel.com\/store\/pt-pt\/#website\",\"url\":\"https:\/\/www.xunzel.com\/store\/pt-pt\/\",\"name\":\"Xunzel\",\"description\":\"Energy in a box - The Electric Revolution\",\"publisher\":{\"@id\":\"https:\/\/www.xunzel.com\/store\/pt-pt\/#organization\"},\"potentialAction\":[{\"@type\":\"SearchAction\",\"target\":{\"@type\":\"EntryPoint\",\"urlTemplate\":\"https:\/\/www.xunzel.com\/store\/pt-pt\/?s={search_term_string}\"},\"query-input\":{\"@type\":\"PropertyValueSpecification\",\"valueRequired\":true,\"valueName\":\"search_term_string\"}}],\"inLanguage\":\"pt-PT\"},{\"@type\":\"Organization\",\"@id\":\"https:\/\/www.xunzel.com\/store\/pt-pt\/#organization\",\"name\":\"Xunzel\",\"url\":\"https:\/\/www.xunzel.com\/store\/pt-pt\/\",\"logo\":{\"@type\":\"ImageObject\",\"inLanguage\":\"pt-PT\",\"@id\":\"https:\/\/www.xunzel.com\/store\/pt-pt\/#\/schema\/logo\/image\/\",\"url\":\"https:\/\/www.xunzel.com\/store\/wp-content\/uploads\/2021\/01\/logo-xunzel-footer.png\",\"contentUrl\":\"https:\/\/www.xunzel.com\/store\/wp-content\/uploads\/2021\/01\/logo-xunzel-footer.png\",\"width\":280,\"height\":52,\"caption\":\"Xunzel\"},\"image\":{\"@id\":\"https:\/\/www.xunzel.com\/store\/pt-pt\/#\/schema\/logo\/image\/\"}}]}<\/script>\n<!-- \/ Yoast SEO plugin. -->","yoast_head_json":{"title":"SOLSTAND &#8211; Xunzel","robots":{"index":"index","follow":"follow","max-snippet":"max-snippet:-1","max-image-preview":"max-image-preview:large","max-video-preview":"max-video-preview:-1"},"canonical":"https:\/\/www.xunzel.com\/store\/pt-pt\/producto\/solstand\/","og_locale":"pt_PT","og_type":"article","og_title":"SOLSTAND &#8211; Xunzel","og_description":"Sistema de montagem de pain\u00e9is solares fotovoltaicos para telhados terrestres e planos, 25\u00b0 inclinados. Universal. Pr\u00e9-montados. R\u00e1pido e f\u00e1cil de montar. Aerodinamicamente optimizados e materiais robustos e de alta qualidade. Concebidos para instala\u00e7\u00f5es seguras, com grande estabilidade mec\u00e2nica e fiabilidade. V\u00e1lido para pain\u00e9is SOLARPOWER-ON-PERC-425WN30 (1754 x 1096 x 30mm). Painel solar n\u00e3o inclu\u00eddo.","og_url":"https:\/\/www.xunzel.com\/store\/pt-pt\/producto\/solstand\/","og_site_name":"Xunzel","article_modified_time":"2024-03-27T15:10:57+00:00","og_image":[{"width":1100,"height":1110,"url":"https:\/\/www.xunzel.com\/store\/wp-content\/uploads\/2021\/01\/2-SOLSTAND_2.jpg","type":"image\/jpeg"}],"twitter_card":"summary_large_image","twitter_misc":{"Tempo estimado de leitura":"1 minuto"},"schema":{"@context":"https:\/\/schema.org","@graph":[{"@type":"WebPage","@id":"https:\/\/www.xunzel.com\/store\/pt-pt\/producto\/solstand\/","url":"https:\/\/www.xunzel.com\/store\/pt-pt\/producto\/solstand\/","name":"SOLSTAND &#8211; Xunzel","isPartOf":{"@id":"https:\/\/www.xunzel.com\/store\/pt-pt\/#website"},"primaryImageOfPage":{"@id":"https:\/\/www.xunzel.com\/store\/pt-pt\/producto\/solstand\/#primaryimage"},"image":{"@id":"https:\/\/www.xunzel.com\/store\/pt-pt\/producto\/solstand\/#primaryimage"},"thumbnailUrl":"https:\/\/www.xunzel.com\/store\/wp-content\/uploads\/2021\/01\/2-SOLSTAND_2.jpg","datePublished":"2021-01-14T13:40:44+00:00","dateModified":"2024-03-27T15:10:57+00:00","breadcrumb":{"@id":"https:\/\/www.xunzel.com\/store\/pt-pt\/producto\/solstand\/#breadcrumb"},"inLanguage":"pt-PT","potentialAction":[{"@type":"ReadAction","target":["https:\/\/www.xunzel.com\/store\/pt-pt\/producto\/solstand\/"]}]},{"@type":"ImageObject","inLanguage":"pt-PT","@id":"https:\/\/www.xunzel.com\/store\/pt-pt\/producto\/solstand\/#primaryimage","url":"https:\/\/www.xunzel.com\/store\/wp-content\/uploads\/2021\/01\/2-SOLSTAND_2.jpg","contentUrl":"https:\/\/www.xunzel.com\/store\/wp-content\/uploads\/2021\/01\/2-SOLSTAND_2.jpg","width":1100,"height":1110},{"@type":"BreadcrumbList","@id":"https:\/\/www.xunzel.com\/store\/pt-pt\/producto\/solstand\/#breadcrumb","itemListElement":[{"@type":"ListItem","position":1,"name":"Portada","item":"https:\/\/www.xunzel.com\/store\/pt-pt\/"},{"@type":"ListItem","position":2,"name":"Loja","item":"https:\/\/www.xunzel.com\/store\/tienda\/"},{"@type":"ListItem","position":3,"name":"SOLSTAND"}]},{"@type":"WebSite","@id":"https:\/\/www.xunzel.com\/store\/pt-pt\/#website","url":"https:\/\/www.xunzel.com\/store\/pt-pt\/","name":"Xunzel","description":"Energy in a box - The Electric Revolution","publisher":{"@id":"https:\/\/www.xunzel.com\/store\/pt-pt\/#organization"},"potentialAction":[{"@type":"SearchAction","target":{"@type":"EntryPoint","urlTemplate":"https:\/\/www.xunzel.com\/store\/pt-pt\/?s={search_term_string}"},"query-input":{"@type":"PropertyValueSpecification","valueRequired":true,"valueName":"search_term_string"}}],"inLanguage":"pt-PT"},{"@type":"Organization","@id":"https:\/\/www.xunzel.com\/store\/pt-pt\/#organization","name":"Xunzel","url":"https:\/\/www.xunzel.com\/store\/pt-pt\/","logo":{"@type":"ImageObject","inLanguage":"pt-PT","@id":"https:\/\/www.xunzel.com\/store\/pt-pt\/#\/schema\/logo\/image\/","url":"https:\/\/www.xunzel.com\/store\/wp-content\/uploads\/2021\/01\/logo-xunzel-footer.png","contentUrl":"https:\/\/www.xunzel.com\/store\/wp-content\/uploads\/2021\/01\/logo-xunzel-footer.png","width":280,"height":52,"caption":"Xunzel"},"image":{"@id":"https:\/\/www.xunzel.com\/store\/pt-pt\/#\/schema\/logo\/image\/"}}]}},"_links":{"self":[{"href":"https:\/\/www.xunzel.com\/store\/pt-pt\/wp-json\/wp\/v2\/product\/16089","targetHints":{"allow":["GET"]}}],"collection":[{"href":"https:\/\/www.xunzel.com\/store\/pt-pt\/wp-json\/wp\/v2\/product"}],"about":[{"href":"https:\/\/www.xunzel.com\/store\/pt-pt\/wp-json\/wp\/v2\/types\/product"}],"wp:featuredmedia":[{"embeddable":true,"href":"https:\/\/www.xunzel.com\/store\/pt-pt\/wp-json\/wp\/v2\/media\/16091"}],"wp:attachment":[{"href":"https:\/\/www.xunzel.com\/store\/pt-pt\/wp-json\/wp\/v2\/media?parent=16089"}],"wp:term":[{"taxonomy":"product_brand","embeddable":true,"href":"https:\/\/www.xunzel.com\/store\/pt-pt\/wp-json\/wp\/v2\/product_brand?post=16089"},{"taxonomy":"product_cat","embeddable":true,"href":"https:\/\/www.xunzel.com\/store\/pt-pt\/wp-json\/wp\/v2\/product_cat?post=16089"},{"taxonomy":"product_tag","embeddable":true,"href":"https:\/\/www.xunzel.com\/store\/pt-pt\/wp-json\/wp\/v2\/product_tag?post=16089"}],"curies":[{"name":"wp","href":"https:\/\/api.w.org\/{rel}","templated":true}]}}