{"id":15004,"date":"2023-02-09T16:35:22","date_gmt":"2023-02-08T09:01:46","guid":{"rendered":"https:\/\/www.xunzel.com\/store\/?post_type=product&#038;p=15004"},"modified":"2024-04-24T17:01:05","modified_gmt":"2024-04-24T15:01:05","slug":"xj-onboard-500w-24v","status":"publish","type":"product","link":"https:\/\/www.xunzel.com\/store\/pt-pt\/producto\/xj-onboard-500w-24v\/","title":{"rendered":"XJ-OnBoard 500W 24V"},"content":{"rendered":"<ul>\n<li>Ideal para todos os tipos de aplica\u00e7\u00f5es industriais e recreativas m\u00f3veis e estacion\u00e1rias, aut\u00f3nomas ou ligadas \u00e0 rede. Para ve\u00edculos profissionais de telecomunica\u00e7\u00f5es, energia, g\u00e1s, \u00e1gua, ve\u00edculos de emerg\u00eancia, autocarros, ve\u00edculos recreativos, caravanas, reboques de campismo, barcos, plataformas mar\u00edtimas, etc.<\/li>\n<li>Sa\u00edda de onda senoidal pura AC (True Sine Wave), com distor\u00e7\u00e3o harm\u00f3nica muito baixa (THD). Assegura o bom funcionamento dos motores e do equipamento electr\u00f3nico.<\/li>\n<li>Converte a energia da bateria em energia CA em qualquer lugar com alta efici\u00eancia.<\/li>\n<li>Muito baixo autoconsumo. Modo de poupan\u00e7a de energia. Tire o m\u00e1ximo partido das suas baterias. Concebido para estar &#8220;sempre ligado&#8221;. Desenho de arrefecimento de alta efici\u00eancia.<\/li>\n<li>Opera\u00e7\u00e3o silenciosa. Leve e robusto. Caixa de alum\u00ednio anodizado.<\/li>\n<li>Elevada pot\u00eancia real constante e capacidade de sobrecarga (2x nominal).<\/li>\n<li>Com LED para uma leitura e programa\u00e7\u00e3o f\u00e1cil e r\u00e1pida do estado.<\/li>\n<li>Alarme de bateria fraca e protec\u00e7\u00e3o de desligamento para evitar que a bateria descarregue em excesso. Prolonga a vida \u00fatil das suas baterias.<\/li>\n<li>C\u00f3digos de alarme e aviso sonoro para um diagn\u00f3stico f\u00e1cil. Protec\u00e7\u00f5es integradas de desligamento autom\u00e1tico: sobre temperatura, curto-circuito, sobrecarga e condi\u00e7\u00f5es de bateria baixa\/alta.<\/li>\n<li>F\u00e1cil de instalar e utilizar. Suportes de montagem para instala\u00e7\u00e3o permanente.<\/li>\n<li>Seguro e fi\u00e1vel.<\/li>\n<li>Sa\u00edda USB 5V-2100mA &#8220;sempre ligada&#8221; para alimenta\u00e7\u00e3o e carregamento de dispositivos electr\u00f3nicos.<\/li>\n<li>Isolamento entre a entrada DC e a sa\u00edda AC para seguran\u00e7a.<\/li>\n<li>Terminais de entrada DC de alta resist\u00eancia para liga\u00e7\u00e3o directa, simples e segura da bateria.<\/li>\n<li>E-marca certificada para instala\u00e7\u00e3o aprovada em ve\u00edculos e barcos.<\/li>\n<li>Gama completa de acess\u00f3rios opcionais dispon\u00edveis: cabo de bateria e kits de liga\u00e7\u00e3o de fus\u00edveis e suporte em linha &#8211; Controlo remoto ON\/OFF com cabo de 6 metros (c\u00f3digo: RCXJ) &#8211; Automatic-Start-XJ (c\u00f3digo: ASXJ) &#8211; Smart-Start-XJ: 3 posi\u00e7\u00f5es ON\/OFF\/sinal remoto (c\u00f3digo: SM2XJ)<\/li>\n<\/ul>\n<p>Capacidade m\u00ednima recomendada da bateria: <strong><a href=\"https:\/\/www.xunzel.com\/store\/pt-pt\/product\/solarx-78\/\" target=\"_blank\" rel=\"noopener\">78Ah-24V<\/a><\/strong><\/p>\n","protected":false},"excerpt":{"rendered":"<p>XJ-OnBoard \u00e9 um sistema completo de energia integrado e seguro &#8220;Pronto a Usar&#8221;.<\/p>\n<p>Inversor de onda sinusoidal pura de 500W (1000W de pico) que converte a tens\u00e3o da bateria de 24V em energia de 230V-50Hz, de muito alta qualidade e fi\u00e1vel. Com cabos e conectores inclu\u00eddos. Fornece energia permanente quando n\u00e3o h\u00e1 liga\u00e7\u00e3o \u00e0 rede el\u00e9ctrica. Com sa\u00edda USB 5V-2.1A para alimenta\u00e7\u00e3o de dispositivos electr\u00f3nicos.<\/p>\n<p>Totalmente protegido. Inclui protec\u00e7\u00e3o diferencial e de sobrecorrente (RCBO). Assegura a seguran\u00e7a no local de trabalho. Desenho avan\u00e7ado e f\u00e1cil de usar, oferece um servi\u00e7o fi\u00e1vel para fornecer energia CA e CC a partir da bateria.<\/p>\n<p><span class=\"shared-files-shortcode-admin-list shared-files-shortcode-admin-list-file shared-files-shortcode-14674\" title=\"[shared_files file_id=14674]\"><span class=\"shared-files-shortcode-admin-list shared-files-shortcode-admin-list-file shared-files-shortcode-16864\" title=\"[shared_files file_id=16864]\">[shared_files file_id=16864]<\/span><\/span><\/p>\n","protected":false},"featured_media":15374,"template":"","meta":{"_acf_changed":false},"product_brand":[],"product_cat":[511],"product_tag":[],"class_list":{"0":"post-15004","1":"product","2":"type-product","3":"status-publish","4":"has-post-thumbnail","6":"product_cat-xj-onboard-series","8":"first","9":"onbackorder","10":"taxable","11":"shipping-taxable","12":"purchasable","13":"product-type-simple"},"acf":[],"yoast_head":"<!-- This site is optimized with the Yoast SEO plugin v25.4 - https:\/\/yoast.com\/wordpress\/plugins\/seo\/ -->\n<title>XJ-OnBoard 500W 24V &#8211; Xunzel<\/title>\n<meta name=\"robots\" content=\"index, follow, max-snippet:-1, max-image-preview:large, max-video-preview:-1\" \/>\n<link rel=\"canonical\" href=\"https:\/\/www.xunzel.com\/store\/pt-pt\/producto\/xj-onboard-500w-24v\/\" \/>\n<meta property=\"og:locale\" content=\"pt_PT\" \/>\n<meta property=\"og:type\" content=\"article\" \/>\n<meta property=\"og:title\" content=\"XJ-OnBoard 500W 24V &#8211; Xunzel\" \/>\n<meta property=\"og:description\" content=\"XJ-OnBoard \u00e9 um sistema completo de energia integrado e seguro &quot;Pronto a Usar&quot;.  Inversor de onda sinusoidal pura de 500W (1000W de pico) que converte a tens\u00e3o da bateria de 24V em energia de 230V-50Hz, de muito alta qualidade e fi\u00e1vel. Com cabos e conectores inclu\u00eddos. Fornece energia permanente quando n\u00e3o h\u00e1 liga\u00e7\u00e3o \u00e0 rede el\u00e9ctrica. Com sa\u00edda USB 5V-2.1A para alimenta\u00e7\u00e3o de dispositivos electr\u00f3nicos.  Totalmente protegido. Inclui protec\u00e7\u00e3o diferencial e de sobrecorrente (RCBO). Assegura a seguran\u00e7a no local de trabalho. Desenho avan\u00e7ado e f\u00e1cil de usar, oferece um servi\u00e7o fi\u00e1vel para fornecer energia CA e CC a partir da bateria.\" \/>\n<meta property=\"og:url\" content=\"https:\/\/www.xunzel.com\/store\/pt-pt\/producto\/xj-onboard-500w-24v\/\" \/>\n<meta property=\"og:site_name\" content=\"Xunzel\" \/>\n<meta property=\"article:modified_time\" content=\"2024-04-24T15:01:05+00:00\" \/>\n<meta property=\"og:image\" content=\"https:\/\/www.xunzel.com\/store\/wp-content\/uploads\/2023\/02\/XJ-500onBoard_ISO-PERSP-1.jpg\" \/>\n\t<meta property=\"og:image:width\" content=\"2300\" \/>\n\t<meta property=\"og:image:height\" content=\"2300\" \/>\n\t<meta property=\"og:image:type\" content=\"image\/jpeg\" \/>\n<meta name=\"twitter:card\" content=\"summary_large_image\" \/>\n<meta name=\"twitter:label1\" content=\"Tempo estimado de leitura\" \/>\n\t<meta name=\"twitter:data1\" content=\"2 minutos\" \/>\n<script type=\"application\/ld+json\" class=\"yoast-schema-graph\">{\"@context\":\"https:\/\/schema.org\",\"@graph\":[{\"@type\":\"WebPage\",\"@id\":\"https:\/\/www.xunzel.com\/store\/pt-pt\/producto\/xj-onboard-500w-24v\/\",\"url\":\"https:\/\/www.xunzel.com\/store\/pt-pt\/producto\/xj-onboard-500w-24v\/\",\"name\":\"XJ-OnBoard 500W 24V &#8211; Xunzel\",\"isPartOf\":{\"@id\":\"https:\/\/www.xunzel.com\/store\/pt-pt\/#website\"},\"primaryImageOfPage\":{\"@id\":\"https:\/\/www.xunzel.com\/store\/pt-pt\/producto\/xj-onboard-500w-24v\/#primaryimage\"},\"image\":{\"@id\":\"https:\/\/www.xunzel.com\/store\/pt-pt\/producto\/xj-onboard-500w-24v\/#primaryimage\"},\"thumbnailUrl\":\"https:\/\/www.xunzel.com\/store\/wp-content\/uploads\/2023\/02\/XJ-500onBoard_ISO-PERSP-1.jpg\",\"datePublished\":\"2023-02-08T09:01:46+00:00\",\"dateModified\":\"2024-04-24T15:01:05+00:00\",\"breadcrumb\":{\"@id\":\"https:\/\/www.xunzel.com\/store\/pt-pt\/producto\/xj-onboard-500w-24v\/#breadcrumb\"},\"inLanguage\":\"pt-PT\",\"potentialAction\":[{\"@type\":\"ReadAction\",\"target\":[\"https:\/\/www.xunzel.com\/store\/pt-pt\/producto\/xj-onboard-500w-24v\/\"]}]},{\"@type\":\"ImageObject\",\"inLanguage\":\"pt-PT\",\"@id\":\"https:\/\/www.xunzel.com\/store\/pt-pt\/producto\/xj-onboard-500w-24v\/#primaryimage\",\"url\":\"https:\/\/www.xunzel.com\/store\/wp-content\/uploads\/2023\/02\/XJ-500onBoard_ISO-PERSP-1.jpg\",\"contentUrl\":\"https:\/\/www.xunzel.com\/store\/wp-content\/uploads\/2023\/02\/XJ-500onBoard_ISO-PERSP-1.jpg\",\"width\":2300,\"height\":2300},{\"@type\":\"BreadcrumbList\",\"@id\":\"https:\/\/www.xunzel.com\/store\/pt-pt\/producto\/xj-onboard-500w-24v\/#breadcrumb\",\"itemListElement\":[{\"@type\":\"ListItem\",\"position\":1,\"name\":\"Portada\",\"item\":\"https:\/\/www.xunzel.com\/store\/pt-pt\/\"},{\"@type\":\"ListItem\",\"position\":2,\"name\":\"Loja\",\"item\":\"https:\/\/www.xunzel.com\/store\/tienda\/\"},{\"@type\":\"ListItem\",\"position\":3,\"name\":\"XJ-OnBoard 500W 24V\"}]},{\"@type\":\"WebSite\",\"@id\":\"https:\/\/www.xunzel.com\/store\/pt-pt\/#website\",\"url\":\"https:\/\/www.xunzel.com\/store\/pt-pt\/\",\"name\":\"Xunzel\",\"description\":\"Energy in a box - The Electric Revolution\",\"publisher\":{\"@id\":\"https:\/\/www.xunzel.com\/store\/pt-pt\/#organization\"},\"potentialAction\":[{\"@type\":\"SearchAction\",\"target\":{\"@type\":\"EntryPoint\",\"urlTemplate\":\"https:\/\/www.xunzel.com\/store\/pt-pt\/?s={search_term_string}\"},\"query-input\":{\"@type\":\"PropertyValueSpecification\",\"valueRequired\":true,\"valueName\":\"search_term_string\"}}],\"inLanguage\":\"pt-PT\"},{\"@type\":\"Organization\",\"@id\":\"https:\/\/www.xunzel.com\/store\/pt-pt\/#organization\",\"name\":\"Xunzel\",\"url\":\"https:\/\/www.xunzel.com\/store\/pt-pt\/\",\"logo\":{\"@type\":\"ImageObject\",\"inLanguage\":\"pt-PT\",\"@id\":\"https:\/\/www.xunzel.com\/store\/pt-pt\/#\/schema\/logo\/image\/\",\"url\":\"https:\/\/www.xunzel.com\/store\/wp-content\/uploads\/2021\/01\/logo-xunzel-footer.png\",\"contentUrl\":\"https:\/\/www.xunzel.com\/store\/wp-content\/uploads\/2021\/01\/logo-xunzel-footer.png\",\"width\":280,\"height\":52,\"caption\":\"Xunzel\"},\"image\":{\"@id\":\"https:\/\/www.xunzel.com\/store\/pt-pt\/#\/schema\/logo\/image\/\"}}]}<\/script>\n<!-- \/ Yoast SEO plugin. -->","yoast_head_json":{"title":"XJ-OnBoard 500W 24V &#8211; Xunzel","robots":{"index":"index","follow":"follow","max-snippet":"max-snippet:-1","max-image-preview":"max-image-preview:large","max-video-preview":"max-video-preview:-1"},"canonical":"https:\/\/www.xunzel.com\/store\/pt-pt\/producto\/xj-onboard-500w-24v\/","og_locale":"pt_PT","og_type":"article","og_title":"XJ-OnBoard 500W 24V &#8211; Xunzel","og_description":"XJ-OnBoard \u00e9 um sistema completo de energia integrado e seguro \"Pronto a Usar\".  Inversor de onda sinusoidal pura de 500W (1000W de pico) que converte a tens\u00e3o da bateria de 24V em energia de 230V-50Hz, de muito alta qualidade e fi\u00e1vel. Com cabos e conectores inclu\u00eddos. Fornece energia permanente quando n\u00e3o h\u00e1 liga\u00e7\u00e3o \u00e0 rede el\u00e9ctrica. Com sa\u00edda USB 5V-2.1A para alimenta\u00e7\u00e3o de dispositivos electr\u00f3nicos.  Totalmente protegido. Inclui protec\u00e7\u00e3o diferencial e de sobrecorrente (RCBO). Assegura a seguran\u00e7a no local de trabalho. Desenho avan\u00e7ado e f\u00e1cil de usar, oferece um servi\u00e7o fi\u00e1vel para fornecer energia CA e CC a partir da bateria.","og_url":"https:\/\/www.xunzel.com\/store\/pt-pt\/producto\/xj-onboard-500w-24v\/","og_site_name":"Xunzel","article_modified_time":"2024-04-24T15:01:05+00:00","og_image":[{"width":2300,"height":2300,"url":"https:\/\/www.xunzel.com\/store\/wp-content\/uploads\/2023\/02\/XJ-500onBoard_ISO-PERSP-1.jpg","type":"image\/jpeg"}],"twitter_card":"summary_large_image","twitter_misc":{"Tempo estimado de leitura":"2 minutos"},"schema":{"@context":"https:\/\/schema.org","@graph":[{"@type":"WebPage","@id":"https:\/\/www.xunzel.com\/store\/pt-pt\/producto\/xj-onboard-500w-24v\/","url":"https:\/\/www.xunzel.com\/store\/pt-pt\/producto\/xj-onboard-500w-24v\/","name":"XJ-OnBoard 500W 24V &#8211; Xunzel","isPartOf":{"@id":"https:\/\/www.xunzel.com\/store\/pt-pt\/#website"},"primaryImageOfPage":{"@id":"https:\/\/www.xunzel.com\/store\/pt-pt\/producto\/xj-onboard-500w-24v\/#primaryimage"},"image":{"@id":"https:\/\/www.xunzel.com\/store\/pt-pt\/producto\/xj-onboard-500w-24v\/#primaryimage"},"thumbnailUrl":"https:\/\/www.xunzel.com\/store\/wp-content\/uploads\/2023\/02\/XJ-500onBoard_ISO-PERSP-1.jpg","datePublished":"2023-02-08T09:01:46+00:00","dateModified":"2024-04-24T15:01:05+00:00","breadcrumb":{"@id":"https:\/\/www.xunzel.com\/store\/pt-pt\/producto\/xj-onboard-500w-24v\/#breadcrumb"},"inLanguage":"pt-PT","potentialAction":[{"@type":"ReadAction","target":["https:\/\/www.xunzel.com\/store\/pt-pt\/producto\/xj-onboard-500w-24v\/"]}]},{"@type":"ImageObject","inLanguage":"pt-PT","@id":"https:\/\/www.xunzel.com\/store\/pt-pt\/producto\/xj-onboard-500w-24v\/#primaryimage","url":"https:\/\/www.xunzel.com\/store\/wp-content\/uploads\/2023\/02\/XJ-500onBoard_ISO-PERSP-1.jpg","contentUrl":"https:\/\/www.xunzel.com\/store\/wp-content\/uploads\/2023\/02\/XJ-500onBoard_ISO-PERSP-1.jpg","width":2300,"height":2300},{"@type":"BreadcrumbList","@id":"https:\/\/www.xunzel.com\/store\/pt-pt\/producto\/xj-onboard-500w-24v\/#breadcrumb","itemListElement":[{"@type":"ListItem","position":1,"name":"Portada","item":"https:\/\/www.xunzel.com\/store\/pt-pt\/"},{"@type":"ListItem","position":2,"name":"Loja","item":"https:\/\/www.xunzel.com\/store\/tienda\/"},{"@type":"ListItem","position":3,"name":"XJ-OnBoard 500W 24V"}]},{"@type":"WebSite","@id":"https:\/\/www.xunzel.com\/store\/pt-pt\/#website","url":"https:\/\/www.xunzel.com\/store\/pt-pt\/","name":"Xunzel","description":"Energy in a box - The Electric Revolution","publisher":{"@id":"https:\/\/www.xunzel.com\/store\/pt-pt\/#organization"},"potentialAction":[{"@type":"SearchAction","target":{"@type":"EntryPoint","urlTemplate":"https:\/\/www.xunzel.com\/store\/pt-pt\/?s={search_term_string}"},"query-input":{"@type":"PropertyValueSpecification","valueRequired":true,"valueName":"search_term_string"}}],"inLanguage":"pt-PT"},{"@type":"Organization","@id":"https:\/\/www.xunzel.com\/store\/pt-pt\/#organization","name":"Xunzel","url":"https:\/\/www.xunzel.com\/store\/pt-pt\/","logo":{"@type":"ImageObject","inLanguage":"pt-PT","@id":"https:\/\/www.xunzel.com\/store\/pt-pt\/#\/schema\/logo\/image\/","url":"https:\/\/www.xunzel.com\/store\/wp-content\/uploads\/2021\/01\/logo-xunzel-footer.png","contentUrl":"https:\/\/www.xunzel.com\/store\/wp-content\/uploads\/2021\/01\/logo-xunzel-footer.png","width":280,"height":52,"caption":"Xunzel"},"image":{"@id":"https:\/\/www.xunzel.com\/store\/pt-pt\/#\/schema\/logo\/image\/"}}]}},"_links":{"self":[{"href":"https:\/\/www.xunzel.com\/store\/pt-pt\/wp-json\/wp\/v2\/product\/15004","targetHints":{"allow":["GET"]}}],"collection":[{"href":"https:\/\/www.xunzel.com\/store\/pt-pt\/wp-json\/wp\/v2\/product"}],"about":[{"href":"https:\/\/www.xunzel.com\/store\/pt-pt\/wp-json\/wp\/v2\/types\/product"}],"wp:featuredmedia":[{"embeddable":true,"href":"https:\/\/www.xunzel.com\/store\/pt-pt\/wp-json\/wp\/v2\/media\/15374"}],"wp:attachment":[{"href":"https:\/\/www.xunzel.com\/store\/pt-pt\/wp-json\/wp\/v2\/media?parent=15004"}],"wp:term":[{"taxonomy":"product_brand","embeddable":true,"href":"https:\/\/www.xunzel.com\/store\/pt-pt\/wp-json\/wp\/v2\/product_brand?post=15004"},{"taxonomy":"product_cat","embeddable":true,"href":"https:\/\/www.xunzel.com\/store\/pt-pt\/wp-json\/wp\/v2\/product_cat?post=15004"},{"taxonomy":"product_tag","embeddable":true,"href":"https:\/\/www.xunzel.com\/store\/pt-pt\/wp-json\/wp\/v2\/product_tag?post=15004"}],"curies":[{"name":"wp","href":"https:\/\/api.w.org\/{rel}","templated":true}]}}