{"id":12545,"date":"2020-09-24T16:07:15","date_gmt":"2021-04-21T06:57:52","guid":{"rendered":"https:\/\/www.xunzel.com\/store\/?post_type=product&#038;p=12545"},"modified":"2025-03-25T08:48:06","modified_gmt":"2025-03-25T07:48:06","slug":"solarx-pro-589b6","status":"publish","type":"product","link":"https:\/\/www.xunzel.com\/store\/pt-pt\/producto\/solarx-pro-589b6\/","title":{"rendered":"SOLARX-PRO 589B6"},"content":{"rendered":"<p>SOLARX-PRO-589B6. Banco de baterias solar completo de 12V, com cabos e terminais inclu\u00eddos.<br \/>\nSOLARX-PRO \u00e9 a solu\u00e7\u00e3o ideal para sistemas de energia renov\u00e1vel e de reserva (UPS), tanto industriais como dom\u00e9sticos.<br \/>\nDesign robusto, bateria de liga de chumbo resistente \u00e0 corros\u00e3o com placas tubulares positivas, especialmente concebida para resistir ao ciclo profundo.<br \/>\nElevada durabilidade e longa vida \u00fatil (IEC\/EN 61427). Desempenho excepcional, mesmo em condi\u00e7\u00f5es extremas. Adequado para instala\u00e7\u00e3o horizontal.<br \/>\nSelado, 100% seguro, livre de manuten\u00e7\u00e3o e com muito baixa auto-descarga.<br \/>\nAmpla gama de temperaturas de funcionamento: -20\u00b0C a 45\u00b0C (recomendado: 10\u00b0C a 30\u00b0C).<br \/>\nAlta capacidade: 7kWh-589Ah-12V (C120) &#8211; 6kWh-506Ah-12V (C20)<br \/>\nPeso do banco de baterias: 188.4kg<br \/>\nDimens\u00f5es de cada c\u00e9lula (2V): 126x208x535 mm<br \/>\nDIN40742\/DIN40744: 5 OPzV 350.<\/p>\n","protected":false},"excerpt":{"rendered":"<p>Banco de baterias solar completo 7KWh \u2013 589Ah \u2013 12V, com cabos e terminais inclu\u00eddos. SOLARX-PRO \u00e9 a solu\u00e7\u00e3o ideal para sistemas de energias renov\u00e1veis e de reserva (UPS), tanto industriais como dom\u00e9sticos.<br \/>\nEspecialmente concebida para ciclos profundos. Elevada durabilidade e longa vida \u00fatil (IEC\/EN 61427). Desempenho excepcional, mesmo em condi\u00e7\u00f5es extremas. Adequado para instala\u00e7\u00e3o horizontal.<br \/>\nSelado, 100% seguro, livre de manuten\u00e7\u00e3o e com muito baixa auto-descarga.<\/p>\n<p><span class=\"shared-files-shortcode-admin-list shared-files-shortcode-admin-list-file shared-files-shortcode-12767\" title=\"[shared_files file_id=12767]\">[shared_files file_id=12767]<\/span><\/p>\n","protected":false},"featured_media":16604,"template":"","meta":{"_acf_changed":false},"product_brand":[],"product_cat":[247],"product_tag":[],"class_list":{"0":"post-12545","1":"product","2":"type-product","3":"status-publish","4":"has-post-thumbnail","6":"product_cat-solarx-pro-series","8":"first","9":"onbackorder","10":"taxable","11":"shipping-taxable","12":"purchasable","13":"product-type-simple"},"acf":[],"yoast_head":"<!-- This site is optimized with the Yoast SEO plugin v25.4 - https:\/\/yoast.com\/wordpress\/plugins\/seo\/ -->\n<title>SOLARX-PRO 589B6 &#8211; Xunzel<\/title>\n<meta name=\"robots\" content=\"index, follow, max-snippet:-1, max-image-preview:large, max-video-preview:-1\" \/>\n<link rel=\"canonical\" href=\"https:\/\/www.xunzel.com\/store\/pt-pt\/producto\/solarx-pro-589b6\/\" \/>\n<meta property=\"og:locale\" content=\"pt_PT\" \/>\n<meta property=\"og:type\" content=\"article\" \/>\n<meta property=\"og:title\" content=\"SOLARX-PRO 589B6 &#8211; Xunzel\" \/>\n<meta property=\"og:description\" content=\"Banco de baterias solar completo 7KWh \u2013 589Ah \u2013 12V, com cabos e terminais inclu\u00eddos. SOLARX-PRO \u00e9 a solu\u00e7\u00e3o ideal para sistemas de energias renov\u00e1veis e de reserva (UPS), tanto industriais como dom\u00e9sticos. Especialmente concebida para ciclos profundos. Elevada durabilidade e longa vida \u00fatil (IEC\/EN 61427). Desempenho excepcional, mesmo em condi\u00e7\u00f5es extremas. Adequado para instala\u00e7\u00e3o horizontal. Selado, 100% seguro, livre de manuten\u00e7\u00e3o e com muito baixa auto-descarga.\" \/>\n<meta property=\"og:url\" content=\"https:\/\/www.xunzel.com\/store\/pt-pt\/producto\/solarx-pro-589b6\/\" \/>\n<meta property=\"og:site_name\" content=\"Xunzel\" \/>\n<meta property=\"article:modified_time\" content=\"2025-03-25T07:48:06+00:00\" \/>\n<meta property=\"og:image\" content=\"https:\/\/www.xunzel.com\/store\/wp-content\/uploads\/2023\/05\/SOLARX-PRO_589B6_w.jpg\" \/>\n\t<meta property=\"og:image:width\" content=\"2500\" \/>\n\t<meta property=\"og:image:height\" content=\"2500\" \/>\n\t<meta property=\"og:image:type\" content=\"image\/jpeg\" \/>\n<meta name=\"twitter:card\" content=\"summary_large_image\" \/>\n<meta name=\"twitter:label1\" content=\"Tempo estimado de leitura\" \/>\n\t<meta name=\"twitter:data1\" content=\"1 minuto\" \/>\n<script type=\"application\/ld+json\" class=\"yoast-schema-graph\">{\"@context\":\"https:\/\/schema.org\",\"@graph\":[{\"@type\":\"WebPage\",\"@id\":\"https:\/\/www.xunzel.com\/store\/pt-pt\/producto\/solarx-pro-589b6\/\",\"url\":\"https:\/\/www.xunzel.com\/store\/pt-pt\/producto\/solarx-pro-589b6\/\",\"name\":\"SOLARX-PRO 589B6 &#8211; Xunzel\",\"isPartOf\":{\"@id\":\"https:\/\/www.xunzel.com\/store\/pt-pt\/#website\"},\"primaryImageOfPage\":{\"@id\":\"https:\/\/www.xunzel.com\/store\/pt-pt\/producto\/solarx-pro-589b6\/#primaryimage\"},\"image\":{\"@id\":\"https:\/\/www.xunzel.com\/store\/pt-pt\/producto\/solarx-pro-589b6\/#primaryimage\"},\"thumbnailUrl\":\"https:\/\/www.xunzel.com\/store\/wp-content\/uploads\/2023\/05\/SOLARX-PRO_589B6_w.jpg\",\"datePublished\":\"2021-04-21T06:57:52+00:00\",\"dateModified\":\"2025-03-25T07:48:06+00:00\",\"breadcrumb\":{\"@id\":\"https:\/\/www.xunzel.com\/store\/pt-pt\/producto\/solarx-pro-589b6\/#breadcrumb\"},\"inLanguage\":\"pt-PT\",\"potentialAction\":[{\"@type\":\"ReadAction\",\"target\":[\"https:\/\/www.xunzel.com\/store\/pt-pt\/producto\/solarx-pro-589b6\/\"]}]},{\"@type\":\"ImageObject\",\"inLanguage\":\"pt-PT\",\"@id\":\"https:\/\/www.xunzel.com\/store\/pt-pt\/producto\/solarx-pro-589b6\/#primaryimage\",\"url\":\"https:\/\/www.xunzel.com\/store\/wp-content\/uploads\/2023\/05\/SOLARX-PRO_589B6_w.jpg\",\"contentUrl\":\"https:\/\/www.xunzel.com\/store\/wp-content\/uploads\/2023\/05\/SOLARX-PRO_589B6_w.jpg\",\"width\":2500,\"height\":2500},{\"@type\":\"BreadcrumbList\",\"@id\":\"https:\/\/www.xunzel.com\/store\/pt-pt\/producto\/solarx-pro-589b6\/#breadcrumb\",\"itemListElement\":[{\"@type\":\"ListItem\",\"position\":1,\"name\":\"Portada\",\"item\":\"https:\/\/www.xunzel.com\/store\/pt-pt\/\"},{\"@type\":\"ListItem\",\"position\":2,\"name\":\"Loja\",\"item\":\"https:\/\/www.xunzel.com\/store\/tienda\/\"},{\"@type\":\"ListItem\",\"position\":3,\"name\":\"SOLARX-PRO 589B6\"}]},{\"@type\":\"WebSite\",\"@id\":\"https:\/\/www.xunzel.com\/store\/pt-pt\/#website\",\"url\":\"https:\/\/www.xunzel.com\/store\/pt-pt\/\",\"name\":\"Xunzel\",\"description\":\"Energy in a box - The Electric Revolution\",\"publisher\":{\"@id\":\"https:\/\/www.xunzel.com\/store\/pt-pt\/#organization\"},\"potentialAction\":[{\"@type\":\"SearchAction\",\"target\":{\"@type\":\"EntryPoint\",\"urlTemplate\":\"https:\/\/www.xunzel.com\/store\/pt-pt\/?s={search_term_string}\"},\"query-input\":{\"@type\":\"PropertyValueSpecification\",\"valueRequired\":true,\"valueName\":\"search_term_string\"}}],\"inLanguage\":\"pt-PT\"},{\"@type\":\"Organization\",\"@id\":\"https:\/\/www.xunzel.com\/store\/pt-pt\/#organization\",\"name\":\"Xunzel\",\"url\":\"https:\/\/www.xunzel.com\/store\/pt-pt\/\",\"logo\":{\"@type\":\"ImageObject\",\"inLanguage\":\"pt-PT\",\"@id\":\"https:\/\/www.xunzel.com\/store\/pt-pt\/#\/schema\/logo\/image\/\",\"url\":\"https:\/\/www.xunzel.com\/store\/wp-content\/uploads\/2021\/01\/logo-xunzel-footer.png\",\"contentUrl\":\"https:\/\/www.xunzel.com\/store\/wp-content\/uploads\/2021\/01\/logo-xunzel-footer.png\",\"width\":280,\"height\":52,\"caption\":\"Xunzel\"},\"image\":{\"@id\":\"https:\/\/www.xunzel.com\/store\/pt-pt\/#\/schema\/logo\/image\/\"}}]}<\/script>\n<!-- \/ Yoast SEO plugin. -->","yoast_head_json":{"title":"SOLARX-PRO 589B6 &#8211; Xunzel","robots":{"index":"index","follow":"follow","max-snippet":"max-snippet:-1","max-image-preview":"max-image-preview:large","max-video-preview":"max-video-preview:-1"},"canonical":"https:\/\/www.xunzel.com\/store\/pt-pt\/producto\/solarx-pro-589b6\/","og_locale":"pt_PT","og_type":"article","og_title":"SOLARX-PRO 589B6 &#8211; Xunzel","og_description":"Banco de baterias solar completo 7KWh \u2013 589Ah \u2013 12V, com cabos e terminais inclu\u00eddos. SOLARX-PRO \u00e9 a solu\u00e7\u00e3o ideal para sistemas de energias renov\u00e1veis e de reserva (UPS), tanto industriais como dom\u00e9sticos. Especialmente concebida para ciclos profundos. Elevada durabilidade e longa vida \u00fatil (IEC\/EN 61427). Desempenho excepcional, mesmo em condi\u00e7\u00f5es extremas. Adequado para instala\u00e7\u00e3o horizontal. Selado, 100% seguro, livre de manuten\u00e7\u00e3o e com muito baixa auto-descarga.","og_url":"https:\/\/www.xunzel.com\/store\/pt-pt\/producto\/solarx-pro-589b6\/","og_site_name":"Xunzel","article_modified_time":"2025-03-25T07:48:06+00:00","og_image":[{"width":2500,"height":2500,"url":"https:\/\/www.xunzel.com\/store\/wp-content\/uploads\/2023\/05\/SOLARX-PRO_589B6_w.jpg","type":"image\/jpeg"}],"twitter_card":"summary_large_image","twitter_misc":{"Tempo estimado de leitura":"1 minuto"},"schema":{"@context":"https:\/\/schema.org","@graph":[{"@type":"WebPage","@id":"https:\/\/www.xunzel.com\/store\/pt-pt\/producto\/solarx-pro-589b6\/","url":"https:\/\/www.xunzel.com\/store\/pt-pt\/producto\/solarx-pro-589b6\/","name":"SOLARX-PRO 589B6 &#8211; Xunzel","isPartOf":{"@id":"https:\/\/www.xunzel.com\/store\/pt-pt\/#website"},"primaryImageOfPage":{"@id":"https:\/\/www.xunzel.com\/store\/pt-pt\/producto\/solarx-pro-589b6\/#primaryimage"},"image":{"@id":"https:\/\/www.xunzel.com\/store\/pt-pt\/producto\/solarx-pro-589b6\/#primaryimage"},"thumbnailUrl":"https:\/\/www.xunzel.com\/store\/wp-content\/uploads\/2023\/05\/SOLARX-PRO_589B6_w.jpg","datePublished":"2021-04-21T06:57:52+00:00","dateModified":"2025-03-25T07:48:06+00:00","breadcrumb":{"@id":"https:\/\/www.xunzel.com\/store\/pt-pt\/producto\/solarx-pro-589b6\/#breadcrumb"},"inLanguage":"pt-PT","potentialAction":[{"@type":"ReadAction","target":["https:\/\/www.xunzel.com\/store\/pt-pt\/producto\/solarx-pro-589b6\/"]}]},{"@type":"ImageObject","inLanguage":"pt-PT","@id":"https:\/\/www.xunzel.com\/store\/pt-pt\/producto\/solarx-pro-589b6\/#primaryimage","url":"https:\/\/www.xunzel.com\/store\/wp-content\/uploads\/2023\/05\/SOLARX-PRO_589B6_w.jpg","contentUrl":"https:\/\/www.xunzel.com\/store\/wp-content\/uploads\/2023\/05\/SOLARX-PRO_589B6_w.jpg","width":2500,"height":2500},{"@type":"BreadcrumbList","@id":"https:\/\/www.xunzel.com\/store\/pt-pt\/producto\/solarx-pro-589b6\/#breadcrumb","itemListElement":[{"@type":"ListItem","position":1,"name":"Portada","item":"https:\/\/www.xunzel.com\/store\/pt-pt\/"},{"@type":"ListItem","position":2,"name":"Loja","item":"https:\/\/www.xunzel.com\/store\/tienda\/"},{"@type":"ListItem","position":3,"name":"SOLARX-PRO 589B6"}]},{"@type":"WebSite","@id":"https:\/\/www.xunzel.com\/store\/pt-pt\/#website","url":"https:\/\/www.xunzel.com\/store\/pt-pt\/","name":"Xunzel","description":"Energy in a box - The Electric Revolution","publisher":{"@id":"https:\/\/www.xunzel.com\/store\/pt-pt\/#organization"},"potentialAction":[{"@type":"SearchAction","target":{"@type":"EntryPoint","urlTemplate":"https:\/\/www.xunzel.com\/store\/pt-pt\/?s={search_term_string}"},"query-input":{"@type":"PropertyValueSpecification","valueRequired":true,"valueName":"search_term_string"}}],"inLanguage":"pt-PT"},{"@type":"Organization","@id":"https:\/\/www.xunzel.com\/store\/pt-pt\/#organization","name":"Xunzel","url":"https:\/\/www.xunzel.com\/store\/pt-pt\/","logo":{"@type":"ImageObject","inLanguage":"pt-PT","@id":"https:\/\/www.xunzel.com\/store\/pt-pt\/#\/schema\/logo\/image\/","url":"https:\/\/www.xunzel.com\/store\/wp-content\/uploads\/2021\/01\/logo-xunzel-footer.png","contentUrl":"https:\/\/www.xunzel.com\/store\/wp-content\/uploads\/2021\/01\/logo-xunzel-footer.png","width":280,"height":52,"caption":"Xunzel"},"image":{"@id":"https:\/\/www.xunzel.com\/store\/pt-pt\/#\/schema\/logo\/image\/"}}]}},"_links":{"self":[{"href":"https:\/\/www.xunzel.com\/store\/pt-pt\/wp-json\/wp\/v2\/product\/12545","targetHints":{"allow":["GET"]}}],"collection":[{"href":"https:\/\/www.xunzel.com\/store\/pt-pt\/wp-json\/wp\/v2\/product"}],"about":[{"href":"https:\/\/www.xunzel.com\/store\/pt-pt\/wp-json\/wp\/v2\/types\/product"}],"wp:featuredmedia":[{"embeddable":true,"href":"https:\/\/www.xunzel.com\/store\/pt-pt\/wp-json\/wp\/v2\/media\/16604"}],"wp:attachment":[{"href":"https:\/\/www.xunzel.com\/store\/pt-pt\/wp-json\/wp\/v2\/media?parent=12545"}],"wp:term":[{"taxonomy":"product_brand","embeddable":true,"href":"https:\/\/www.xunzel.com\/store\/pt-pt\/wp-json\/wp\/v2\/product_brand?post=12545"},{"taxonomy":"product_cat","embeddable":true,"href":"https:\/\/www.xunzel.com\/store\/pt-pt\/wp-json\/wp\/v2\/product_cat?post=12545"},{"taxonomy":"product_tag","embeddable":true,"href":"https:\/\/www.xunzel.com\/store\/pt-pt\/wp-json\/wp\/v2\/product_tag?post=12545"}],"curies":[{"name":"wp","href":"https:\/\/api.w.org\/{rel}","templated":true}]}}