{"id":12535,"date":"2020-09-24T15:50:38","date_gmt":"2021-04-21T06:58:02","guid":{"rendered":"https:\/\/www.xunzel.com\/store\/?post_type=product&#038;p=12535"},"modified":"2025-12-16T12:18:32","modified_gmt":"2025-12-16T11:18:32","slug":"solarx-lithium-240-24","status":"publish","type":"product","link":"https:\/\/www.xunzel.com\/store\/pt-pt\/producto\/solarx-lithium-240-24\/","title":{"rendered":"SOLARX-Lithium -240-24"},"content":{"rendered":"<p>Baterias de l\u00edtio recarreg\u00e1veis seguras (LiFePO4) com BMS integrado de \u00faltima gera\u00e7\u00e3o especificamente concebido e fabricado para sistemas fotovoltaicos solares isolados, mini e\u00f3lica e sistemas de reserva (UPS).<br \/>\nEspecialmente concebido para um carregamento \u00f3ptimo e r\u00e1pido em sistemas solares fora da rede e para substituir directamente as baterias tradicionais seladas AGM\/GEL.<\/p>\n<p>Desempenho superior:<\/p>\n<ul>\n<li>Mais Energia: 2400Wh<\/li>\n<li>99% Efici\u00eancia<\/li>\n<li>Mais r\u00e1pido e mais potente. Alta Capacidade de Descarga: at\u00e9 100A<\/li>\n<li>Ciclos mais longos e tempo de vida: &gt; 2000 ciclos (1C &#8211; 100%DoD) e &gt; 8000 ciclos (1C &#8211; 30%DoD)<\/li>\n<li>Maior gama de temperaturas de funcionamento: (-30\u00b0 a 60\u00b0C)<\/li>\n<li>Auto-descarga muito baixa: &lt;2% em 30 dias<\/li>\n<li>Peso muito leve: 20,30kg<\/li>\n<\/ul>\n<p>Seguran\u00e7a superior:<\/p>\n<ul>\n<li>Sem manuten\u00e7\u00e3o<\/li>\n<li>Selado. IP56. Cofre de inc\u00eandio: UL-94-V0<\/li>\n<li>Multiposi\u00e7\u00e3o<\/li>\n<li>BMS- Battery Management System Integrado<\/li>\n<li>Protec\u00e7\u00f5es Integradas<\/li>\n<li>Respeituosas com o meio ambiente.<\/li>\n<\/ul>\n<p>Tipo de Terminal: M8<\/p>\n","protected":false},"excerpt":{"rendered":"<p>Elevada capacidade 2400Wh-25.6V e 99% de efici\u00eancia. Especialmente concebido para ciclos profundos.<br \/>\nBateria de l\u00edtio recarreg\u00e1vel especificamente concebida para sistemas solares fotovoltaicos fora da rede, mini e\u00f3licos e sistemas de reserva (UPS) com BMS integrado.<br \/>\nPermite a instala\u00e7\u00e3o paralela e em s\u00e9rie para aumentar a capacidade e a tens\u00e3o.<br \/>\nTecnologia totalmente segura, sem riscos. Selado (IP56), livre de manuten\u00e7\u00e3o e com muito baixa auto-descarga. Multiposi\u00e7\u00e3o. Muito leve.<br \/>\nLonga dura\u00e7\u00e3o. Mais de 8000 ciclos de vida \u00fatil.<br \/>\nCertificado para qualquer tipo de transporte (a\u00e9reo, terrestre e mar\u00edtimo).<\/p>\n<p><span class=\"shared-files-shortcode-admin-list shared-files-shortcode-admin-list-file shared-files-shortcode-14087\" title=\"[shared_files file_id=14087]\">[shared_files file_id=14086]<\/span><\/p>\n","protected":false},"featured_media":12538,"template":"","meta":{"_acf_changed":false},"product_brand":[],"product_cat":[248],"product_tag":[],"class_list":{"0":"post-12535","1":"product","2":"type-product","3":"status-publish","4":"has-post-thumbnail","6":"product_cat-solarx-lithium-series","8":"first","9":"instock","10":"taxable","11":"shipping-taxable","12":"purchasable","13":"product-type-simple"},"acf":[],"yoast_head":"<!-- This site is optimized with the Yoast SEO plugin v25.4 - https:\/\/yoast.com\/wordpress\/plugins\/seo\/ -->\n<title>SOLARX-Lithium -240-24 &#8211; Xunzel<\/title>\n<meta name=\"robots\" content=\"index, follow, max-snippet:-1, max-image-preview:large, max-video-preview:-1\" \/>\n<link rel=\"canonical\" href=\"https:\/\/www.xunzel.com\/store\/pt-pt\/producto\/solarx-lithium-240-24\/\" \/>\n<meta property=\"og:locale\" content=\"pt_PT\" \/>\n<meta property=\"og:type\" content=\"article\" \/>\n<meta property=\"og:title\" content=\"SOLARX-Lithium -240-24 &#8211; Xunzel\" \/>\n<meta property=\"og:description\" content=\"Elevada capacidade 2400Wh-25.6V e 99% de efici\u00eancia. Especialmente concebido para ciclos profundos. Bateria de l\u00edtio recarreg\u00e1vel especificamente concebida para sistemas solares fotovoltaicos fora da rede, mini e\u00f3licos e sistemas de reserva (UPS) com BMS integrado. Permite a instala\u00e7\u00e3o paralela e em s\u00e9rie para aumentar a capacidade e a tens\u00e3o. Tecnologia totalmente segura, sem riscos. Selado (IP56), livre de manuten\u00e7\u00e3o e com muito baixa auto-descarga. Multiposi\u00e7\u00e3o. Muito leve. Longa dura\u00e7\u00e3o. Mais de 8000 ciclos de vida \u00fatil. Certificado para qualquer tipo de transporte (a\u00e9reo, terrestre e mar\u00edtimo).\" \/>\n<meta property=\"og:url\" content=\"https:\/\/www.xunzel.com\/store\/pt-pt\/producto\/solarx-lithium-240-24\/\" \/>\n<meta property=\"og:site_name\" content=\"Xunzel\" \/>\n<meta property=\"article:modified_time\" content=\"2025-12-16T11:18:32+00:00\" \/>\n<meta property=\"og:image\" content=\"https:\/\/www.xunzel.com\/store\/wp-content\/uploads\/2020\/09\/1-SOLARX-Lithium-240-24.jpg\" \/>\n\t<meta property=\"og:image:width\" content=\"1100\" \/>\n\t<meta property=\"og:image:height\" content=\"1110\" \/>\n\t<meta property=\"og:image:type\" content=\"image\/jpeg\" \/>\n<meta name=\"twitter:card\" content=\"summary_large_image\" \/>\n<meta name=\"twitter:label1\" content=\"Tempo estimado de leitura\" \/>\n\t<meta name=\"twitter:data1\" content=\"1 minuto\" \/>\n<script type=\"application\/ld+json\" class=\"yoast-schema-graph\">{\"@context\":\"https:\/\/schema.org\",\"@graph\":[{\"@type\":\"WebPage\",\"@id\":\"https:\/\/www.xunzel.com\/store\/pt-pt\/producto\/solarx-lithium-240-24\/\",\"url\":\"https:\/\/www.xunzel.com\/store\/pt-pt\/producto\/solarx-lithium-240-24\/\",\"name\":\"SOLARX-Lithium -240-24 &#8211; Xunzel\",\"isPartOf\":{\"@id\":\"https:\/\/www.xunzel.com\/store\/pt-pt\/#website\"},\"primaryImageOfPage\":{\"@id\":\"https:\/\/www.xunzel.com\/store\/pt-pt\/producto\/solarx-lithium-240-24\/#primaryimage\"},\"image\":{\"@id\":\"https:\/\/www.xunzel.com\/store\/pt-pt\/producto\/solarx-lithium-240-24\/#primaryimage\"},\"thumbnailUrl\":\"https:\/\/www.xunzel.com\/store\/wp-content\/uploads\/2020\/09\/1-SOLARX-Lithium-240-24.jpg\",\"datePublished\":\"2021-04-21T06:58:02+00:00\",\"dateModified\":\"2025-12-16T11:18:32+00:00\",\"breadcrumb\":{\"@id\":\"https:\/\/www.xunzel.com\/store\/pt-pt\/producto\/solarx-lithium-240-24\/#breadcrumb\"},\"inLanguage\":\"pt-PT\",\"potentialAction\":[{\"@type\":\"ReadAction\",\"target\":[\"https:\/\/www.xunzel.com\/store\/pt-pt\/producto\/solarx-lithium-240-24\/\"]}]},{\"@type\":\"ImageObject\",\"inLanguage\":\"pt-PT\",\"@id\":\"https:\/\/www.xunzel.com\/store\/pt-pt\/producto\/solarx-lithium-240-24\/#primaryimage\",\"url\":\"https:\/\/www.xunzel.com\/store\/wp-content\/uploads\/2020\/09\/1-SOLARX-Lithium-240-24.jpg\",\"contentUrl\":\"https:\/\/www.xunzel.com\/store\/wp-content\/uploads\/2020\/09\/1-SOLARX-Lithium-240-24.jpg\",\"width\":1100,\"height\":1110},{\"@type\":\"BreadcrumbList\",\"@id\":\"https:\/\/www.xunzel.com\/store\/pt-pt\/producto\/solarx-lithium-240-24\/#breadcrumb\",\"itemListElement\":[{\"@type\":\"ListItem\",\"position\":1,\"name\":\"Portada\",\"item\":\"https:\/\/www.xunzel.com\/store\/pt-pt\/\"},{\"@type\":\"ListItem\",\"position\":2,\"name\":\"Loja\",\"item\":\"https:\/\/www.xunzel.com\/store\/tienda\/\"},{\"@type\":\"ListItem\",\"position\":3,\"name\":\"SOLARX-Lithium -240-24\"}]},{\"@type\":\"WebSite\",\"@id\":\"https:\/\/www.xunzel.com\/store\/pt-pt\/#website\",\"url\":\"https:\/\/www.xunzel.com\/store\/pt-pt\/\",\"name\":\"Xunzel\",\"description\":\"Energy in a box - The Electric Revolution\",\"publisher\":{\"@id\":\"https:\/\/www.xunzel.com\/store\/pt-pt\/#organization\"},\"potentialAction\":[{\"@type\":\"SearchAction\",\"target\":{\"@type\":\"EntryPoint\",\"urlTemplate\":\"https:\/\/www.xunzel.com\/store\/pt-pt\/?s={search_term_string}\"},\"query-input\":{\"@type\":\"PropertyValueSpecification\",\"valueRequired\":true,\"valueName\":\"search_term_string\"}}],\"inLanguage\":\"pt-PT\"},{\"@type\":\"Organization\",\"@id\":\"https:\/\/www.xunzel.com\/store\/pt-pt\/#organization\",\"name\":\"Xunzel\",\"url\":\"https:\/\/www.xunzel.com\/store\/pt-pt\/\",\"logo\":{\"@type\":\"ImageObject\",\"inLanguage\":\"pt-PT\",\"@id\":\"https:\/\/www.xunzel.com\/store\/pt-pt\/#\/schema\/logo\/image\/\",\"url\":\"https:\/\/www.xunzel.com\/store\/wp-content\/uploads\/2021\/01\/logo-xunzel-footer.png\",\"contentUrl\":\"https:\/\/www.xunzel.com\/store\/wp-content\/uploads\/2021\/01\/logo-xunzel-footer.png\",\"width\":280,\"height\":52,\"caption\":\"Xunzel\"},\"image\":{\"@id\":\"https:\/\/www.xunzel.com\/store\/pt-pt\/#\/schema\/logo\/image\/\"}}]}<\/script>\n<!-- \/ Yoast SEO plugin. -->","yoast_head_json":{"title":"SOLARX-Lithium -240-24 &#8211; Xunzel","robots":{"index":"index","follow":"follow","max-snippet":"max-snippet:-1","max-image-preview":"max-image-preview:large","max-video-preview":"max-video-preview:-1"},"canonical":"https:\/\/www.xunzel.com\/store\/pt-pt\/producto\/solarx-lithium-240-24\/","og_locale":"pt_PT","og_type":"article","og_title":"SOLARX-Lithium -240-24 &#8211; Xunzel","og_description":"Elevada capacidade 2400Wh-25.6V e 99% de efici\u00eancia. Especialmente concebido para ciclos profundos. Bateria de l\u00edtio recarreg\u00e1vel especificamente concebida para sistemas solares fotovoltaicos fora da rede, mini e\u00f3licos e sistemas de reserva (UPS) com BMS integrado. Permite a instala\u00e7\u00e3o paralela e em s\u00e9rie para aumentar a capacidade e a tens\u00e3o. Tecnologia totalmente segura, sem riscos. Selado (IP56), livre de manuten\u00e7\u00e3o e com muito baixa auto-descarga. Multiposi\u00e7\u00e3o. Muito leve. Longa dura\u00e7\u00e3o. Mais de 8000 ciclos de vida \u00fatil. Certificado para qualquer tipo de transporte (a\u00e9reo, terrestre e mar\u00edtimo).","og_url":"https:\/\/www.xunzel.com\/store\/pt-pt\/producto\/solarx-lithium-240-24\/","og_site_name":"Xunzel","article_modified_time":"2025-12-16T11:18:32+00:00","og_image":[{"width":1100,"height":1110,"url":"https:\/\/www.xunzel.com\/store\/wp-content\/uploads\/2020\/09\/1-SOLARX-Lithium-240-24.jpg","type":"image\/jpeg"}],"twitter_card":"summary_large_image","twitter_misc":{"Tempo estimado de leitura":"1 minuto"},"schema":{"@context":"https:\/\/schema.org","@graph":[{"@type":"WebPage","@id":"https:\/\/www.xunzel.com\/store\/pt-pt\/producto\/solarx-lithium-240-24\/","url":"https:\/\/www.xunzel.com\/store\/pt-pt\/producto\/solarx-lithium-240-24\/","name":"SOLARX-Lithium -240-24 &#8211; Xunzel","isPartOf":{"@id":"https:\/\/www.xunzel.com\/store\/pt-pt\/#website"},"primaryImageOfPage":{"@id":"https:\/\/www.xunzel.com\/store\/pt-pt\/producto\/solarx-lithium-240-24\/#primaryimage"},"image":{"@id":"https:\/\/www.xunzel.com\/store\/pt-pt\/producto\/solarx-lithium-240-24\/#primaryimage"},"thumbnailUrl":"https:\/\/www.xunzel.com\/store\/wp-content\/uploads\/2020\/09\/1-SOLARX-Lithium-240-24.jpg","datePublished":"2021-04-21T06:58:02+00:00","dateModified":"2025-12-16T11:18:32+00:00","breadcrumb":{"@id":"https:\/\/www.xunzel.com\/store\/pt-pt\/producto\/solarx-lithium-240-24\/#breadcrumb"},"inLanguage":"pt-PT","potentialAction":[{"@type":"ReadAction","target":["https:\/\/www.xunzel.com\/store\/pt-pt\/producto\/solarx-lithium-240-24\/"]}]},{"@type":"ImageObject","inLanguage":"pt-PT","@id":"https:\/\/www.xunzel.com\/store\/pt-pt\/producto\/solarx-lithium-240-24\/#primaryimage","url":"https:\/\/www.xunzel.com\/store\/wp-content\/uploads\/2020\/09\/1-SOLARX-Lithium-240-24.jpg","contentUrl":"https:\/\/www.xunzel.com\/store\/wp-content\/uploads\/2020\/09\/1-SOLARX-Lithium-240-24.jpg","width":1100,"height":1110},{"@type":"BreadcrumbList","@id":"https:\/\/www.xunzel.com\/store\/pt-pt\/producto\/solarx-lithium-240-24\/#breadcrumb","itemListElement":[{"@type":"ListItem","position":1,"name":"Portada","item":"https:\/\/www.xunzel.com\/store\/pt-pt\/"},{"@type":"ListItem","position":2,"name":"Loja","item":"https:\/\/www.xunzel.com\/store\/tienda\/"},{"@type":"ListItem","position":3,"name":"SOLARX-Lithium -240-24"}]},{"@type":"WebSite","@id":"https:\/\/www.xunzel.com\/store\/pt-pt\/#website","url":"https:\/\/www.xunzel.com\/store\/pt-pt\/","name":"Xunzel","description":"Energy in a box - The Electric Revolution","publisher":{"@id":"https:\/\/www.xunzel.com\/store\/pt-pt\/#organization"},"potentialAction":[{"@type":"SearchAction","target":{"@type":"EntryPoint","urlTemplate":"https:\/\/www.xunzel.com\/store\/pt-pt\/?s={search_term_string}"},"query-input":{"@type":"PropertyValueSpecification","valueRequired":true,"valueName":"search_term_string"}}],"inLanguage":"pt-PT"},{"@type":"Organization","@id":"https:\/\/www.xunzel.com\/store\/pt-pt\/#organization","name":"Xunzel","url":"https:\/\/www.xunzel.com\/store\/pt-pt\/","logo":{"@type":"ImageObject","inLanguage":"pt-PT","@id":"https:\/\/www.xunzel.com\/store\/pt-pt\/#\/schema\/logo\/image\/","url":"https:\/\/www.xunzel.com\/store\/wp-content\/uploads\/2021\/01\/logo-xunzel-footer.png","contentUrl":"https:\/\/www.xunzel.com\/store\/wp-content\/uploads\/2021\/01\/logo-xunzel-footer.png","width":280,"height":52,"caption":"Xunzel"},"image":{"@id":"https:\/\/www.xunzel.com\/store\/pt-pt\/#\/schema\/logo\/image\/"}}]}},"_links":{"self":[{"href":"https:\/\/www.xunzel.com\/store\/pt-pt\/wp-json\/wp\/v2\/product\/12535","targetHints":{"allow":["GET"]}}],"collection":[{"href":"https:\/\/www.xunzel.com\/store\/pt-pt\/wp-json\/wp\/v2\/product"}],"about":[{"href":"https:\/\/www.xunzel.com\/store\/pt-pt\/wp-json\/wp\/v2\/types\/product"}],"wp:featuredmedia":[{"embeddable":true,"href":"https:\/\/www.xunzel.com\/store\/pt-pt\/wp-json\/wp\/v2\/media\/12538"}],"wp:attachment":[{"href":"https:\/\/www.xunzel.com\/store\/pt-pt\/wp-json\/wp\/v2\/media?parent=12535"}],"wp:term":[{"taxonomy":"product_brand","embeddable":true,"href":"https:\/\/www.xunzel.com\/store\/pt-pt\/wp-json\/wp\/v2\/product_brand?post=12535"},{"taxonomy":"product_cat","embeddable":true,"href":"https:\/\/www.xunzel.com\/store\/pt-pt\/wp-json\/wp\/v2\/product_cat?post=12535"},{"taxonomy":"product_tag","embeddable":true,"href":"https:\/\/www.xunzel.com\/store\/pt-pt\/wp-json\/wp\/v2\/product_tag?post=12535"}],"curies":[{"name":"wp","href":"https:\/\/api.w.org\/{rel}","templated":true}]}}