{"id":12489,"date":"2020-09-24T16:20:49","date_gmt":"2021-04-21T06:57:45","guid":{"rendered":"https:\/\/www.xunzel.com\/store\/?post_type=product&#038;p=12489"},"modified":"2025-03-24T13:35:01","modified_gmt":"2025-03-24T12:35:01","slug":"solarx-3","status":"publish","type":"product","link":"https:\/\/www.xunzel.com\/store\/pt-pt\/producto\/solarx-3\/","title":{"rendered":"SOLARX 3"},"content":{"rendered":"<p>SOLARX-3 (12V &#8211; 3Ah-C120 | 2.45Ah-C20). Bateria robusta e segura de ciclo profundo, especificamente concebida e fabricada para aplica\u00e7\u00f5es c\u00edclicas de carga e descarga profundas repetidas e cont\u00ednuas em instala\u00e7\u00f5es isoladas. Vida \u00fatil muito superior \u00e0s baterias concebidas para aplica\u00e7\u00f5es em standby, flutua\u00e7\u00e3o ou arranque. Excelente capacidade de recupera\u00e7\u00e3o de descargas profundas. At\u00e9 2000 ciclos.<\/p>\n<p>Livre de manuten\u00e7\u00e3o. Selado e sem risco de fuga. Bateria de chumbo-\u00e1cido com v\u00e1lvula regulada -VRLA e constru\u00e7\u00e3o de malha de fibra de vidro absorvente &#8211; AGM sem fugas e sistema de recombina\u00e7\u00e3o de g\u00e1s.<\/p>\n<p>Concebido para instala\u00e7\u00e3o multi-posi\u00e7\u00f5es. F\u00e1cil instala\u00e7\u00e3o.<\/p>\n<p>Longa vida \u00fatil (at\u00e9 12 anos) e elevada estabilidade de ciclo de vida. Qualidade est\u00e1vel e fi\u00e1vel. Excelente qualidade da placa, resistente \u00e0 corros\u00e3o durante toda a sua vida \u00fatil.<\/p>\n<p>Auto-descarga muito baixa. Elevada capacidade inicial e f\u00e1cil arranque. Maior tempo de armazenamento n\u00e3o utilizado. At\u00e9 12 meses sem recarregamento. Resist\u00eancia interna baixa e est\u00e1vel. Ideal para a alimenta\u00e7\u00e3o de equipamentos cr\u00edticos e electr\u00f3nicos.<\/p>\n<p>Especialmente adequado para aplica\u00e7\u00f5es exigentes, tais como solar e e\u00f3lica isoladas, backup, industrial, equipamentos electr\u00f3nicos de alimenta\u00e7\u00e3o, IoT \/ IIoT, Sistemas de Alimenta\u00e7\u00e3o Ininterrupta -SAI\/UPS-, telecomunica\u00e7\u00f5es e aplica\u00e7\u00f5es de alta corrente de descarga, tais como inversores, motores e automa\u00e7\u00e3o, &#8230;<\/p>\n<p>Constru\u00eddo com materiais especiais para propaga\u00e7\u00e3o sem fogo (certificado XUNZEL UL94 V-0).<\/p>\n<p>Excelente desempenho em temperaturas extremas: -20\u00b0 a +60\u00b0C<\/p>\n<p>Design exigente garantido com o mais alto n\u00edvel de certifica\u00e7\u00f5es.<\/p>\n<p>Seguro e em conformidade com as normas UN2800. V\u00e1lido para qualquer transporte: a\u00e9reo (IATA e FAA), mar\u00edtimo (IMDG), ferrovi\u00e1rio e terrestre (ADR\/RID).<\/p>\n","protected":false},"excerpt":{"rendered":"<p>Bateria Solar de Ciclo Profundo (Deep-Cycle) 12V com capacidade 3Ah-C120 | 2.45Ah-C20.<br \/>\nIdeal para utiliza\u00e7\u00e3o em sistemas fotovoltaicos e mini-e\u00f3licos, energia de reserva (UPS\/backup), aplica\u00e7\u00f5es industriais, IoT e de seguran\u00e7a.<br \/>\nTecnologia de chumbo-\u00e1cido AGM de longa dura\u00e7\u00e3o. Especialmente concebido para o ciclo profundo.<br \/>\nSelada, 100% seguro, livre de manuten\u00e7\u00e3o e muito baixa auto-descarga.<br \/>\nResist\u00eancia interna muito baixa, ideal para cargas electr\u00f3nicas.<br \/>\nMulti-posi\u00e7\u00f5es. Certificada para o transporte internacional terrestre e a\u00e9reo.<\/p>\n<p><span class=\"shared-files-shortcode-admin-list shared-files-shortcode-admin-list-file shared-files-shortcode-15542\" title=\"[shared_files file_id=15542]\"><span class=\"shared-files-shortcode-admin-list shared-files-shortcode-admin-list-file shared-files-shortcode-16986\" title=\"[shared_files file_id=16986]\">[shared_files file_id=16986]<\/span><\/span><\/p>\n","protected":false},"featured_media":12495,"template":"","meta":{"_acf_changed":false},"product_brand":[],"product_cat":[249],"product_tag":[],"class_list":{"0":"post-12489","1":"product","2":"type-product","3":"status-publish","4":"has-post-thumbnail","6":"product_cat-solarx-series","8":"first","9":"instock","10":"taxable","11":"shipping-taxable","12":"purchasable","13":"product-type-simple"},"acf":[],"yoast_head":"<!-- This site is optimized with the Yoast SEO plugin v25.4 - https:\/\/yoast.com\/wordpress\/plugins\/seo\/ -->\n<title>SOLARX 3 &#8211; Xunzel<\/title>\n<meta name=\"robots\" content=\"index, follow, max-snippet:-1, max-image-preview:large, max-video-preview:-1\" \/>\n<link rel=\"canonical\" href=\"https:\/\/www.xunzel.com\/store\/pt-pt\/producto\/solarx-3\/\" \/>\n<meta property=\"og:locale\" content=\"pt_PT\" \/>\n<meta property=\"og:type\" content=\"article\" \/>\n<meta property=\"og:title\" content=\"SOLARX 3 &#8211; Xunzel\" \/>\n<meta property=\"og:description\" content=\"Bateria Solar de Ciclo Profundo (Deep-Cycle) 12V com capacidade 3Ah-C120 | 2.45Ah-C20. Ideal para utiliza\u00e7\u00e3o em sistemas fotovoltaicos e mini-e\u00f3licos, energia de reserva (UPS\/backup), aplica\u00e7\u00f5es industriais, IoT e de seguran\u00e7a. Tecnologia de chumbo-\u00e1cido AGM de longa dura\u00e7\u00e3o. Especialmente concebido para o ciclo profundo. Selada, 100% seguro, livre de manuten\u00e7\u00e3o e muito baixa auto-descarga. Resist\u00eancia interna muito baixa, ideal para cargas electr\u00f3nicas. Multi-posi\u00e7\u00f5es. Certificada para o transporte internacional terrestre e a\u00e9reo.\" \/>\n<meta property=\"og:url\" content=\"https:\/\/www.xunzel.com\/store\/pt-pt\/producto\/solarx-3\/\" \/>\n<meta property=\"og:site_name\" content=\"Xunzel\" \/>\n<meta property=\"article:modified_time\" content=\"2025-03-24T12:35:01+00:00\" \/>\n<meta property=\"og:image\" content=\"https:\/\/www.xunzel.com\/store\/wp-content\/uploads\/2020\/09\/1-SOLARX_3W_iso.jpg\" \/>\n\t<meta property=\"og:image:width\" content=\"1100\" \/>\n\t<meta property=\"og:image:height\" content=\"1110\" \/>\n\t<meta property=\"og:image:type\" content=\"image\/jpeg\" \/>\n<meta name=\"twitter:card\" content=\"summary_large_image\" \/>\n<meta name=\"twitter:label1\" content=\"Tempo estimado de leitura\" \/>\n\t<meta name=\"twitter:data1\" content=\"2 minutos\" \/>\n<script type=\"application\/ld+json\" class=\"yoast-schema-graph\">{\"@context\":\"https:\/\/schema.org\",\"@graph\":[{\"@type\":\"WebPage\",\"@id\":\"https:\/\/www.xunzel.com\/store\/pt-pt\/producto\/solarx-3\/\",\"url\":\"https:\/\/www.xunzel.com\/store\/pt-pt\/producto\/solarx-3\/\",\"name\":\"SOLARX 3 &#8211; Xunzel\",\"isPartOf\":{\"@id\":\"https:\/\/www.xunzel.com\/store\/pt-pt\/#website\"},\"primaryImageOfPage\":{\"@id\":\"https:\/\/www.xunzel.com\/store\/pt-pt\/producto\/solarx-3\/#primaryimage\"},\"image\":{\"@id\":\"https:\/\/www.xunzel.com\/store\/pt-pt\/producto\/solarx-3\/#primaryimage\"},\"thumbnailUrl\":\"https:\/\/www.xunzel.com\/store\/wp-content\/uploads\/2020\/09\/1-SOLARX_3W_iso.jpg\",\"datePublished\":\"2021-04-21T06:57:45+00:00\",\"dateModified\":\"2025-03-24T12:35:01+00:00\",\"breadcrumb\":{\"@id\":\"https:\/\/www.xunzel.com\/store\/pt-pt\/producto\/solarx-3\/#breadcrumb\"},\"inLanguage\":\"pt-PT\",\"potentialAction\":[{\"@type\":\"ReadAction\",\"target\":[\"https:\/\/www.xunzel.com\/store\/pt-pt\/producto\/solarx-3\/\"]}]},{\"@type\":\"ImageObject\",\"inLanguage\":\"pt-PT\",\"@id\":\"https:\/\/www.xunzel.com\/store\/pt-pt\/producto\/solarx-3\/#primaryimage\",\"url\":\"https:\/\/www.xunzel.com\/store\/wp-content\/uploads\/2020\/09\/1-SOLARX_3W_iso.jpg\",\"contentUrl\":\"https:\/\/www.xunzel.com\/store\/wp-content\/uploads\/2020\/09\/1-SOLARX_3W_iso.jpg\",\"width\":1100,\"height\":1110},{\"@type\":\"BreadcrumbList\",\"@id\":\"https:\/\/www.xunzel.com\/store\/pt-pt\/producto\/solarx-3\/#breadcrumb\",\"itemListElement\":[{\"@type\":\"ListItem\",\"position\":1,\"name\":\"Portada\",\"item\":\"https:\/\/www.xunzel.com\/store\/pt-pt\/\"},{\"@type\":\"ListItem\",\"position\":2,\"name\":\"Loja\",\"item\":\"https:\/\/www.xunzel.com\/store\/tienda\/\"},{\"@type\":\"ListItem\",\"position\":3,\"name\":\"SOLARX 3\"}]},{\"@type\":\"WebSite\",\"@id\":\"https:\/\/www.xunzel.com\/store\/pt-pt\/#website\",\"url\":\"https:\/\/www.xunzel.com\/store\/pt-pt\/\",\"name\":\"Xunzel\",\"description\":\"Energy in a box - The Electric Revolution\",\"publisher\":{\"@id\":\"https:\/\/www.xunzel.com\/store\/pt-pt\/#organization\"},\"potentialAction\":[{\"@type\":\"SearchAction\",\"target\":{\"@type\":\"EntryPoint\",\"urlTemplate\":\"https:\/\/www.xunzel.com\/store\/pt-pt\/?s={search_term_string}\"},\"query-input\":{\"@type\":\"PropertyValueSpecification\",\"valueRequired\":true,\"valueName\":\"search_term_string\"}}],\"inLanguage\":\"pt-PT\"},{\"@type\":\"Organization\",\"@id\":\"https:\/\/www.xunzel.com\/store\/pt-pt\/#organization\",\"name\":\"Xunzel\",\"url\":\"https:\/\/www.xunzel.com\/store\/pt-pt\/\",\"logo\":{\"@type\":\"ImageObject\",\"inLanguage\":\"pt-PT\",\"@id\":\"https:\/\/www.xunzel.com\/store\/pt-pt\/#\/schema\/logo\/image\/\",\"url\":\"https:\/\/www.xunzel.com\/store\/wp-content\/uploads\/2021\/01\/logo-xunzel-footer.png\",\"contentUrl\":\"https:\/\/www.xunzel.com\/store\/wp-content\/uploads\/2021\/01\/logo-xunzel-footer.png\",\"width\":280,\"height\":52,\"caption\":\"Xunzel\"},\"image\":{\"@id\":\"https:\/\/www.xunzel.com\/store\/pt-pt\/#\/schema\/logo\/image\/\"}}]}<\/script>\n<!-- \/ Yoast SEO plugin. -->","yoast_head_json":{"title":"SOLARX 3 &#8211; Xunzel","robots":{"index":"index","follow":"follow","max-snippet":"max-snippet:-1","max-image-preview":"max-image-preview:large","max-video-preview":"max-video-preview:-1"},"canonical":"https:\/\/www.xunzel.com\/store\/pt-pt\/producto\/solarx-3\/","og_locale":"pt_PT","og_type":"article","og_title":"SOLARX 3 &#8211; Xunzel","og_description":"Bateria Solar de Ciclo Profundo (Deep-Cycle) 12V com capacidade 3Ah-C120 | 2.45Ah-C20. Ideal para utiliza\u00e7\u00e3o em sistemas fotovoltaicos e mini-e\u00f3licos, energia de reserva (UPS\/backup), aplica\u00e7\u00f5es industriais, IoT e de seguran\u00e7a. Tecnologia de chumbo-\u00e1cido AGM de longa dura\u00e7\u00e3o. Especialmente concebido para o ciclo profundo. Selada, 100% seguro, livre de manuten\u00e7\u00e3o e muito baixa auto-descarga. Resist\u00eancia interna muito baixa, ideal para cargas electr\u00f3nicas. Multi-posi\u00e7\u00f5es. Certificada para o transporte internacional terrestre e a\u00e9reo.","og_url":"https:\/\/www.xunzel.com\/store\/pt-pt\/producto\/solarx-3\/","og_site_name":"Xunzel","article_modified_time":"2025-03-24T12:35:01+00:00","og_image":[{"width":1100,"height":1110,"url":"https:\/\/www.xunzel.com\/store\/wp-content\/uploads\/2020\/09\/1-SOLARX_3W_iso.jpg","type":"image\/jpeg"}],"twitter_card":"summary_large_image","twitter_misc":{"Tempo estimado de leitura":"2 minutos"},"schema":{"@context":"https:\/\/schema.org","@graph":[{"@type":"WebPage","@id":"https:\/\/www.xunzel.com\/store\/pt-pt\/producto\/solarx-3\/","url":"https:\/\/www.xunzel.com\/store\/pt-pt\/producto\/solarx-3\/","name":"SOLARX 3 &#8211; Xunzel","isPartOf":{"@id":"https:\/\/www.xunzel.com\/store\/pt-pt\/#website"},"primaryImageOfPage":{"@id":"https:\/\/www.xunzel.com\/store\/pt-pt\/producto\/solarx-3\/#primaryimage"},"image":{"@id":"https:\/\/www.xunzel.com\/store\/pt-pt\/producto\/solarx-3\/#primaryimage"},"thumbnailUrl":"https:\/\/www.xunzel.com\/store\/wp-content\/uploads\/2020\/09\/1-SOLARX_3W_iso.jpg","datePublished":"2021-04-21T06:57:45+00:00","dateModified":"2025-03-24T12:35:01+00:00","breadcrumb":{"@id":"https:\/\/www.xunzel.com\/store\/pt-pt\/producto\/solarx-3\/#breadcrumb"},"inLanguage":"pt-PT","potentialAction":[{"@type":"ReadAction","target":["https:\/\/www.xunzel.com\/store\/pt-pt\/producto\/solarx-3\/"]}]},{"@type":"ImageObject","inLanguage":"pt-PT","@id":"https:\/\/www.xunzel.com\/store\/pt-pt\/producto\/solarx-3\/#primaryimage","url":"https:\/\/www.xunzel.com\/store\/wp-content\/uploads\/2020\/09\/1-SOLARX_3W_iso.jpg","contentUrl":"https:\/\/www.xunzel.com\/store\/wp-content\/uploads\/2020\/09\/1-SOLARX_3W_iso.jpg","width":1100,"height":1110},{"@type":"BreadcrumbList","@id":"https:\/\/www.xunzel.com\/store\/pt-pt\/producto\/solarx-3\/#breadcrumb","itemListElement":[{"@type":"ListItem","position":1,"name":"Portada","item":"https:\/\/www.xunzel.com\/store\/pt-pt\/"},{"@type":"ListItem","position":2,"name":"Loja","item":"https:\/\/www.xunzel.com\/store\/tienda\/"},{"@type":"ListItem","position":3,"name":"SOLARX 3"}]},{"@type":"WebSite","@id":"https:\/\/www.xunzel.com\/store\/pt-pt\/#website","url":"https:\/\/www.xunzel.com\/store\/pt-pt\/","name":"Xunzel","description":"Energy in a box - The Electric Revolution","publisher":{"@id":"https:\/\/www.xunzel.com\/store\/pt-pt\/#organization"},"potentialAction":[{"@type":"SearchAction","target":{"@type":"EntryPoint","urlTemplate":"https:\/\/www.xunzel.com\/store\/pt-pt\/?s={search_term_string}"},"query-input":{"@type":"PropertyValueSpecification","valueRequired":true,"valueName":"search_term_string"}}],"inLanguage":"pt-PT"},{"@type":"Organization","@id":"https:\/\/www.xunzel.com\/store\/pt-pt\/#organization","name":"Xunzel","url":"https:\/\/www.xunzel.com\/store\/pt-pt\/","logo":{"@type":"ImageObject","inLanguage":"pt-PT","@id":"https:\/\/www.xunzel.com\/store\/pt-pt\/#\/schema\/logo\/image\/","url":"https:\/\/www.xunzel.com\/store\/wp-content\/uploads\/2021\/01\/logo-xunzel-footer.png","contentUrl":"https:\/\/www.xunzel.com\/store\/wp-content\/uploads\/2021\/01\/logo-xunzel-footer.png","width":280,"height":52,"caption":"Xunzel"},"image":{"@id":"https:\/\/www.xunzel.com\/store\/pt-pt\/#\/schema\/logo\/image\/"}}]}},"_links":{"self":[{"href":"https:\/\/www.xunzel.com\/store\/pt-pt\/wp-json\/wp\/v2\/product\/12489","targetHints":{"allow":["GET"]}}],"collection":[{"href":"https:\/\/www.xunzel.com\/store\/pt-pt\/wp-json\/wp\/v2\/product"}],"about":[{"href":"https:\/\/www.xunzel.com\/store\/pt-pt\/wp-json\/wp\/v2\/types\/product"}],"wp:featuredmedia":[{"embeddable":true,"href":"https:\/\/www.xunzel.com\/store\/pt-pt\/wp-json\/wp\/v2\/media\/12495"}],"wp:attachment":[{"href":"https:\/\/www.xunzel.com\/store\/pt-pt\/wp-json\/wp\/v2\/media?parent=12489"}],"wp:term":[{"taxonomy":"product_brand","embeddable":true,"href":"https:\/\/www.xunzel.com\/store\/pt-pt\/wp-json\/wp\/v2\/product_brand?post=12489"},{"taxonomy":"product_cat","embeddable":true,"href":"https:\/\/www.xunzel.com\/store\/pt-pt\/wp-json\/wp\/v2\/product_cat?post=12489"},{"taxonomy":"product_tag","embeddable":true,"href":"https:\/\/www.xunzel.com\/store\/pt-pt\/wp-json\/wp\/v2\/product_tag?post=12489"}],"curies":[{"name":"wp","href":"https:\/\/api.w.org\/{rel}","templated":true}]}}