{"id":12349,"date":"2020-09-24T17:22:05","date_gmt":"2021-04-21T06:56:37","guid":{"rendered":"https:\/\/www.xunzel.com\/store\/?post_type=product&#038;p=12349"},"modified":"2025-03-25T09:12:36","modified_gmt":"2025-03-25T08:12:36","slug":"dot-sbc-24v-30a","status":"publish","type":"product","link":"https:\/\/www.xunzel.com\/store\/pt-pt\/producto\/dot-sbc-24v-30a\/","title":{"rendered":"DOT-SBC 24V-30A"},"content":{"rendered":"<p>Carregador de bateria avan\u00e7ado totalmente autom\u00e1tico. Universal, para carregar baterias de 12V de todos os tipos: chumbo-\u00e1cido AGM, gel, aberto\/flu\u00eddo e l\u00edtio. Com fun\u00e7\u00e3o adicional como fonte de alimenta\u00e7\u00e3o est\u00e1vel program\u00e1vel de 24V-30A (1050W).<br \/>\nPermite carregar at\u00e9 3 bancos de baterias independentes com prioridades.<br \/>\nConcep\u00e7\u00e3o segura de terminais de liga\u00e7\u00e3o da bateria.<br \/>\nCorpo em alum\u00ednio anodizado. Ultraleves, robustos e compactos.<br \/>\nVisor digital LCD. Facilmente expans\u00edvel e program\u00e1vel.<br \/>\nDiferentes configura\u00e7\u00f5es de corrente de carga: 5 | 10 | 15 | 20 A.<br \/>\nEntrada de energia CA v\u00e1lida para qualquer pa\u00eds (com tomada IEC). Grande variedade de tens\u00f5es e frequ\u00eancias de entrada (90-265VAC e 47-63Hz).<br \/>\nCabo de carregamento (schuko) inclu\u00eddo.<\/p>\n<p>Pode ser paralelizado com outro carregador do mesmo tipo para duplicar a capacidade de carga. (Controlo remoto adicional <a href=\"https:\/\/www.xunzel.com\/store\/pt-pt\/product\/remote-control-dot-sbc\/\" target=\"_blank\" rel=\"noopener\"><strong>DOT-SBC<\/strong> <\/a>necess\u00e1rio &#8211; n\u00e3o inclu\u00eddo).<\/p>\n","protected":false},"excerpt":{"rendered":"<p>Carregador de bateria avan\u00e7ado totalmente autom\u00e1tico. Universal, para carregar baterias de 12V de todos os tipos: chumbo-\u00e1cido AGM, gel, aberto\/flu\u00eddo e l\u00edtio. Com fun\u00e7\u00e3o adicional como fonte de alimenta\u00e7\u00e3o est\u00e1vel program\u00e1vel de 24V-30A (1050W).<br \/>\nPermite carregar at\u00e9 3 bancos de baterias independentes com prioridades.<br \/>\nConcep\u00e7\u00e3o segura de terminais de liga\u00e7\u00e3o da bateria.<br \/>\nCorpo em alum\u00ednio anodizado. Ultraleves, robustos e compactos.<br \/>\nVisor digital LCD. Facilmente expans\u00edvel e program\u00e1vel.<br \/>\nDiferentes configura\u00e7\u00f5es de corrente de carga: 5 | 10 | 15 | 20 A.<br \/>\nCabo de carregamento (schuko) inclu\u00eddo.<\/p>\n<p><span class=\"shared-files-shortcode-admin-list shared-files-shortcode-admin-list-file shared-files-shortcode-11203\" title=\"[shared_files file_id=11203]\"><span class=\"shared-files-shortcode-admin-list shared-files-shortcode-admin-list-file shared-files-shortcode-16848\" title=\"[shared_files file_id=16848]\">[shared_files file_id=16848]<\/span><\/span><\/p>\n","protected":false},"featured_media":14741,"template":"","meta":{"_acf_changed":false},"product_brand":[],"product_cat":[254],"product_tag":[],"class_list":{"0":"post-12349","1":"product","2":"type-product","3":"status-publish","4":"has-post-thumbnail","6":"product_cat-dot-sbc-series-carregadores","8":"first","9":"instock","10":"taxable","11":"shipping-taxable","12":"purchasable","13":"product-type-simple"},"acf":[],"yoast_head":"<!-- This site is optimized with the Yoast SEO plugin v25.4 - https:\/\/yoast.com\/wordpress\/plugins\/seo\/ -->\n<title>DOT-SBC 24V-30A &#8211; Xunzel<\/title>\n<meta name=\"robots\" content=\"index, follow, max-snippet:-1, max-image-preview:large, max-video-preview:-1\" \/>\n<link rel=\"canonical\" href=\"https:\/\/www.xunzel.com\/store\/pt-pt\/producto\/dot-sbc-24v-30a\/\" \/>\n<meta property=\"og:locale\" content=\"pt_PT\" \/>\n<meta property=\"og:type\" content=\"article\" \/>\n<meta property=\"og:title\" content=\"DOT-SBC 24V-30A &#8211; Xunzel\" \/>\n<meta property=\"og:description\" content=\"Carregador de bateria avan\u00e7ado totalmente autom\u00e1tico. Universal, para carregar baterias de 12V de todos os tipos: chumbo-\u00e1cido AGM, gel, aberto\/flu\u00eddo e l\u00edtio. Com fun\u00e7\u00e3o adicional como fonte de alimenta\u00e7\u00e3o est\u00e1vel program\u00e1vel de 24V-30A (1050W). Permite carregar at\u00e9 3 bancos de baterias independentes com prioridades. Concep\u00e7\u00e3o segura de terminais de liga\u00e7\u00e3o da bateria. Corpo em alum\u00ednio anodizado. Ultraleves, robustos e compactos. Visor digital LCD. Facilmente expans\u00edvel e program\u00e1vel. Diferentes configura\u00e7\u00f5es de corrente de carga: 5 | 10 | 15 | 20 A. Cabo de carregamento (schuko) inclu\u00eddo.\" \/>\n<meta property=\"og:url\" content=\"https:\/\/www.xunzel.com\/store\/pt-pt\/producto\/dot-sbc-24v-30a\/\" \/>\n<meta property=\"og:site_name\" content=\"Xunzel\" \/>\n<meta property=\"article:modified_time\" content=\"2025-03-25T08:12:36+00:00\" \/>\n<meta property=\"og:image\" content=\"https:\/\/www.xunzel.com\/store\/wp-content\/uploads\/2023\/01\/DOT-SBC-3024_XUNZEL_100-scaled.jpg\" \/>\n\t<meta property=\"og:image:width\" content=\"2465\" \/>\n\t<meta property=\"og:image:height\" content=\"2560\" \/>\n\t<meta property=\"og:image:type\" content=\"image\/jpeg\" \/>\n<meta name=\"twitter:card\" content=\"summary_large_image\" \/>\n<meta name=\"twitter:label1\" content=\"Tempo estimado de leitura\" \/>\n\t<meta name=\"twitter:data1\" content=\"1 minuto\" \/>\n<script type=\"application\/ld+json\" class=\"yoast-schema-graph\">{\"@context\":\"https:\/\/schema.org\",\"@graph\":[{\"@type\":\"WebPage\",\"@id\":\"https:\/\/www.xunzel.com\/store\/pt-pt\/producto\/dot-sbc-24v-30a\/\",\"url\":\"https:\/\/www.xunzel.com\/store\/pt-pt\/producto\/dot-sbc-24v-30a\/\",\"name\":\"DOT-SBC 24V-30A &#8211; Xunzel\",\"isPartOf\":{\"@id\":\"https:\/\/www.xunzel.com\/store\/pt-pt\/#website\"},\"primaryImageOfPage\":{\"@id\":\"https:\/\/www.xunzel.com\/store\/pt-pt\/producto\/dot-sbc-24v-30a\/#primaryimage\"},\"image\":{\"@id\":\"https:\/\/www.xunzel.com\/store\/pt-pt\/producto\/dot-sbc-24v-30a\/#primaryimage\"},\"thumbnailUrl\":\"https:\/\/www.xunzel.com\/store\/wp-content\/uploads\/2023\/01\/DOT-SBC-3024_XUNZEL_100-scaled.jpg\",\"datePublished\":\"2021-04-21T06:56:37+00:00\",\"dateModified\":\"2025-03-25T08:12:36+00:00\",\"breadcrumb\":{\"@id\":\"https:\/\/www.xunzel.com\/store\/pt-pt\/producto\/dot-sbc-24v-30a\/#breadcrumb\"},\"inLanguage\":\"pt-PT\",\"potentialAction\":[{\"@type\":\"ReadAction\",\"target\":[\"https:\/\/www.xunzel.com\/store\/pt-pt\/producto\/dot-sbc-24v-30a\/\"]}]},{\"@type\":\"ImageObject\",\"inLanguage\":\"pt-PT\",\"@id\":\"https:\/\/www.xunzel.com\/store\/pt-pt\/producto\/dot-sbc-24v-30a\/#primaryimage\",\"url\":\"https:\/\/www.xunzel.com\/store\/wp-content\/uploads\/2023\/01\/DOT-SBC-3024_XUNZEL_100-scaled.jpg\",\"contentUrl\":\"https:\/\/www.xunzel.com\/store\/wp-content\/uploads\/2023\/01\/DOT-SBC-3024_XUNZEL_100-scaled.jpg\",\"width\":2465,\"height\":2560,\"caption\":\"Cargador Bater\u00edas Avanzado DOT-SBC-XUNZEL-30A-24V para 3 bancos independientes\"},{\"@type\":\"BreadcrumbList\",\"@id\":\"https:\/\/www.xunzel.com\/store\/pt-pt\/producto\/dot-sbc-24v-30a\/#breadcrumb\",\"itemListElement\":[{\"@type\":\"ListItem\",\"position\":1,\"name\":\"Portada\",\"item\":\"https:\/\/www.xunzel.com\/store\/pt-pt\/\"},{\"@type\":\"ListItem\",\"position\":2,\"name\":\"Loja\",\"item\":\"https:\/\/www.xunzel.com\/store\/tienda\/\"},{\"@type\":\"ListItem\",\"position\":3,\"name\":\"DOT-SBC 24V-30A\"}]},{\"@type\":\"WebSite\",\"@id\":\"https:\/\/www.xunzel.com\/store\/pt-pt\/#website\",\"url\":\"https:\/\/www.xunzel.com\/store\/pt-pt\/\",\"name\":\"Xunzel\",\"description\":\"Energy in a box - The Electric Revolution\",\"publisher\":{\"@id\":\"https:\/\/www.xunzel.com\/store\/pt-pt\/#organization\"},\"potentialAction\":[{\"@type\":\"SearchAction\",\"target\":{\"@type\":\"EntryPoint\",\"urlTemplate\":\"https:\/\/www.xunzel.com\/store\/pt-pt\/?s={search_term_string}\"},\"query-input\":{\"@type\":\"PropertyValueSpecification\",\"valueRequired\":true,\"valueName\":\"search_term_string\"}}],\"inLanguage\":\"pt-PT\"},{\"@type\":\"Organization\",\"@id\":\"https:\/\/www.xunzel.com\/store\/pt-pt\/#organization\",\"name\":\"Xunzel\",\"url\":\"https:\/\/www.xunzel.com\/store\/pt-pt\/\",\"logo\":{\"@type\":\"ImageObject\",\"inLanguage\":\"pt-PT\",\"@id\":\"https:\/\/www.xunzel.com\/store\/pt-pt\/#\/schema\/logo\/image\/\",\"url\":\"https:\/\/www.xunzel.com\/store\/wp-content\/uploads\/2021\/01\/logo-xunzel-footer.png\",\"contentUrl\":\"https:\/\/www.xunzel.com\/store\/wp-content\/uploads\/2021\/01\/logo-xunzel-footer.png\",\"width\":280,\"height\":52,\"caption\":\"Xunzel\"},\"image\":{\"@id\":\"https:\/\/www.xunzel.com\/store\/pt-pt\/#\/schema\/logo\/image\/\"}}]}<\/script>\n<!-- \/ Yoast SEO plugin. -->","yoast_head_json":{"title":"DOT-SBC 24V-30A &#8211; Xunzel","robots":{"index":"index","follow":"follow","max-snippet":"max-snippet:-1","max-image-preview":"max-image-preview:large","max-video-preview":"max-video-preview:-1"},"canonical":"https:\/\/www.xunzel.com\/store\/pt-pt\/producto\/dot-sbc-24v-30a\/","og_locale":"pt_PT","og_type":"article","og_title":"DOT-SBC 24V-30A &#8211; Xunzel","og_description":"Carregador de bateria avan\u00e7ado totalmente autom\u00e1tico. Universal, para carregar baterias de 12V de todos os tipos: chumbo-\u00e1cido AGM, gel, aberto\/flu\u00eddo e l\u00edtio. Com fun\u00e7\u00e3o adicional como fonte de alimenta\u00e7\u00e3o est\u00e1vel program\u00e1vel de 24V-30A (1050W). Permite carregar at\u00e9 3 bancos de baterias independentes com prioridades. Concep\u00e7\u00e3o segura de terminais de liga\u00e7\u00e3o da bateria. Corpo em alum\u00ednio anodizado. Ultraleves, robustos e compactos. Visor digital LCD. Facilmente expans\u00edvel e program\u00e1vel. Diferentes configura\u00e7\u00f5es de corrente de carga: 5 | 10 | 15 | 20 A. Cabo de carregamento (schuko) inclu\u00eddo.","og_url":"https:\/\/www.xunzel.com\/store\/pt-pt\/producto\/dot-sbc-24v-30a\/","og_site_name":"Xunzel","article_modified_time":"2025-03-25T08:12:36+00:00","og_image":[{"width":2465,"height":2560,"url":"https:\/\/www.xunzel.com\/store\/wp-content\/uploads\/2023\/01\/DOT-SBC-3024_XUNZEL_100-scaled.jpg","type":"image\/jpeg"}],"twitter_card":"summary_large_image","twitter_misc":{"Tempo estimado de leitura":"1 minuto"},"schema":{"@context":"https:\/\/schema.org","@graph":[{"@type":"WebPage","@id":"https:\/\/www.xunzel.com\/store\/pt-pt\/producto\/dot-sbc-24v-30a\/","url":"https:\/\/www.xunzel.com\/store\/pt-pt\/producto\/dot-sbc-24v-30a\/","name":"DOT-SBC 24V-30A &#8211; Xunzel","isPartOf":{"@id":"https:\/\/www.xunzel.com\/store\/pt-pt\/#website"},"primaryImageOfPage":{"@id":"https:\/\/www.xunzel.com\/store\/pt-pt\/producto\/dot-sbc-24v-30a\/#primaryimage"},"image":{"@id":"https:\/\/www.xunzel.com\/store\/pt-pt\/producto\/dot-sbc-24v-30a\/#primaryimage"},"thumbnailUrl":"https:\/\/www.xunzel.com\/store\/wp-content\/uploads\/2023\/01\/DOT-SBC-3024_XUNZEL_100-scaled.jpg","datePublished":"2021-04-21T06:56:37+00:00","dateModified":"2025-03-25T08:12:36+00:00","breadcrumb":{"@id":"https:\/\/www.xunzel.com\/store\/pt-pt\/producto\/dot-sbc-24v-30a\/#breadcrumb"},"inLanguage":"pt-PT","potentialAction":[{"@type":"ReadAction","target":["https:\/\/www.xunzel.com\/store\/pt-pt\/producto\/dot-sbc-24v-30a\/"]}]},{"@type":"ImageObject","inLanguage":"pt-PT","@id":"https:\/\/www.xunzel.com\/store\/pt-pt\/producto\/dot-sbc-24v-30a\/#primaryimage","url":"https:\/\/www.xunzel.com\/store\/wp-content\/uploads\/2023\/01\/DOT-SBC-3024_XUNZEL_100-scaled.jpg","contentUrl":"https:\/\/www.xunzel.com\/store\/wp-content\/uploads\/2023\/01\/DOT-SBC-3024_XUNZEL_100-scaled.jpg","width":2465,"height":2560,"caption":"Cargador Bater\u00edas Avanzado DOT-SBC-XUNZEL-30A-24V para 3 bancos independientes"},{"@type":"BreadcrumbList","@id":"https:\/\/www.xunzel.com\/store\/pt-pt\/producto\/dot-sbc-24v-30a\/#breadcrumb","itemListElement":[{"@type":"ListItem","position":1,"name":"Portada","item":"https:\/\/www.xunzel.com\/store\/pt-pt\/"},{"@type":"ListItem","position":2,"name":"Loja","item":"https:\/\/www.xunzel.com\/store\/tienda\/"},{"@type":"ListItem","position":3,"name":"DOT-SBC 24V-30A"}]},{"@type":"WebSite","@id":"https:\/\/www.xunzel.com\/store\/pt-pt\/#website","url":"https:\/\/www.xunzel.com\/store\/pt-pt\/","name":"Xunzel","description":"Energy in a box - The Electric Revolution","publisher":{"@id":"https:\/\/www.xunzel.com\/store\/pt-pt\/#organization"},"potentialAction":[{"@type":"SearchAction","target":{"@type":"EntryPoint","urlTemplate":"https:\/\/www.xunzel.com\/store\/pt-pt\/?s={search_term_string}"},"query-input":{"@type":"PropertyValueSpecification","valueRequired":true,"valueName":"search_term_string"}}],"inLanguage":"pt-PT"},{"@type":"Organization","@id":"https:\/\/www.xunzel.com\/store\/pt-pt\/#organization","name":"Xunzel","url":"https:\/\/www.xunzel.com\/store\/pt-pt\/","logo":{"@type":"ImageObject","inLanguage":"pt-PT","@id":"https:\/\/www.xunzel.com\/store\/pt-pt\/#\/schema\/logo\/image\/","url":"https:\/\/www.xunzel.com\/store\/wp-content\/uploads\/2021\/01\/logo-xunzel-footer.png","contentUrl":"https:\/\/www.xunzel.com\/store\/wp-content\/uploads\/2021\/01\/logo-xunzel-footer.png","width":280,"height":52,"caption":"Xunzel"},"image":{"@id":"https:\/\/www.xunzel.com\/store\/pt-pt\/#\/schema\/logo\/image\/"}}]}},"_links":{"self":[{"href":"https:\/\/www.xunzel.com\/store\/pt-pt\/wp-json\/wp\/v2\/product\/12349","targetHints":{"allow":["GET"]}}],"collection":[{"href":"https:\/\/www.xunzel.com\/store\/pt-pt\/wp-json\/wp\/v2\/product"}],"about":[{"href":"https:\/\/www.xunzel.com\/store\/pt-pt\/wp-json\/wp\/v2\/types\/product"}],"wp:featuredmedia":[{"embeddable":true,"href":"https:\/\/www.xunzel.com\/store\/pt-pt\/wp-json\/wp\/v2\/media\/14741"}],"wp:attachment":[{"href":"https:\/\/www.xunzel.com\/store\/pt-pt\/wp-json\/wp\/v2\/media?parent=12349"}],"wp:term":[{"taxonomy":"product_brand","embeddable":true,"href":"https:\/\/www.xunzel.com\/store\/pt-pt\/wp-json\/wp\/v2\/product_brand?post=12349"},{"taxonomy":"product_cat","embeddable":true,"href":"https:\/\/www.xunzel.com\/store\/pt-pt\/wp-json\/wp\/v2\/product_cat?post=12349"},{"taxonomy":"product_tag","embeddable":true,"href":"https:\/\/www.xunzel.com\/store\/pt-pt\/wp-json\/wp\/v2\/product_tag?post=12349"}],"curies":[{"name":"wp","href":"https:\/\/api.w.org\/{rel}","templated":true}]}}