{"id":12300,"date":"2020-09-24T17:25:35","date_gmt":"2021-04-21T06:56:35","guid":{"rendered":"https:\/\/www.xunzel.com\/store\/?post_type=product&#038;p=12300"},"modified":"2025-03-24T14:21:44","modified_gmt":"2025-03-24T13:21:44","slug":"xjc-1000w-12v-40a","status":"publish","type":"product","link":"https:\/\/www.xunzel.com\/store\/pt-pt\/producto\/xjc-1000w-12v-40a\/","title":{"rendered":"XJC 1000W-12V-40A"},"content":{"rendered":"<p>Inversor + carregador de onda sinusoidal pura de 1000W (2000W de pico) que converte a tens\u00e3o da bateria de 12V numa fonte de alimenta\u00e7\u00e3o de 230V-50Hz de alt\u00edssima qualidade e fiabilidade. Fornece permanentemente electricidade de excelente qualidade quando n\u00e3o h\u00e1 conex\u00e3o \u00e0 rede el\u00e9ctrica. Protege e assegura um melhor funcionamento do equipamento conectado.<\/p>\n<p>Carregador de bateria program\u00e1vel integrado (de 5A a 40A).<\/p>\n<p>Visor digital com monitoriza\u00e7\u00e3o de tens\u00e3o, consumo, estado e alarmes. Visor remov\u00edvel com 7,6m de cabo inclu\u00eddo.<br \/>\nTotalmente configur\u00e1vel. F\u00e1cil de programar:<\/p>\n<ul>\n<li>Limite m\u00e1ximo de corrente de carga do ponto de abastecimento.<\/li>\n<li>N\u00edveis de disparo do alarme e reposi\u00e7\u00e3o da voltagem baixa da bateria.<\/li>\n<li>Niveis de desconex\u00e3o e reinicio por voltagem baixa da bateria<\/li>\n<li>Desconex\u00e3o din\u00e2mica: n\u00edvel de desconex\u00e3o dependente da carga.<\/li>\n<li>Corrente de carga e tipo de bateria a carregar (AGM ,GEL, aberta,&#8230;)<\/li>\n<li>Ligar\/desligar e activa\u00e7\u00e3o do modo de poupan\u00e7a de energia program\u00e1vel.<\/li>\n<li>Activa\u00e7\u00e3o\/desactiva\u00e7\u00e3o do alarme sonoro<\/li>\n<\/ul>\n<p>Com interruptor de transfer\u00eancia autom\u00e1tica integrado, que lhe permite transferir a carga para outra fonte CA imediatamente com um tempo m\u00ednimo de comuta\u00e7\u00e3o, de modo a que os computadores e outros equipamentos electr\u00f3nicos continuem a funcionar sem interrup\u00e7\u00e3o. Ideal para quando se acede a locais com corrente el\u00e9ctrica.<\/p>\n<p>Com sa\u00edda USB 5V-2.1A para alimenta\u00e7\u00e3o de dispositivos electr\u00f3nicos.<\/p>\n<p>Inclui cabos e conectores. Pronto para ligar e usar. Desenho seguro. Com protec\u00e7\u00f5es integradas.<\/p>\n<p>Concebido para ser utilizado nas condi\u00e7\u00f5es mais exigentes, tanto profissionais ou industriais como recreativas.<br \/>\nAlta efici\u00eancia. Leve, robusto, seguro e fi\u00e1vel. Tecnologia avan\u00e7ada de convers\u00e3o. Tire o m\u00e1ximo partido da sua bateria.<\/p>\n<p>PLUS: Com entrada de controlo remoto (acess\u00f3rios opcionais &#8211; c\u00f3digo: RCXJ, SMART-START,&#8230;.)<\/p>\n<p>Capacidade m\u00ednima recomendada da bateria: <strong><a href=\"https:\/\/www.xunzel.com\/store\/pt-pt\/product\/solarx-240\/\" target=\"_blank\" rel=\"noopener\">240Ah-12V.<\/a><\/strong><\/p>\n","protected":false},"excerpt":{"rendered":"<p>Inversor + Carregador onda sinusoidal pura 1000W (pico 2000W) que converte a tens\u00e3o da bateria de 12V em energia de muito alta qualidade e fi\u00e1vel a 230V-50Hz. Protege e assegura um melhor funcionamento do equipamento conectado. Fornece energia permanente quando n\u00e3o h\u00e1 conex\u00e3o \u00e0 rede el\u00e9ctrica.<br \/>\nCarregador de bateria program\u00e1vel integrado (de 5A a 40A).<br \/>\nTotalmente configur\u00e1vel. F\u00e1cil de programar. Com cabos e conectores inclu\u00eddos.<br \/>\nCom interruptor de transfer\u00eancia autom\u00e1tica integrado, que permite que a carga seja transferida imediatamente para outra fonte CA com um tempo m\u00ednimo de comuta\u00e7\u00e3o, de modo a que os computadores e outros equipamentos electr\u00f4nicos continuem a funcionar sem interrup\u00e7\u00e3o. Ideal para quando se acede a locais com corrente el\u00e9ctrica.<br \/>\nCom sa\u00edda USB 5V-2.1A para alimentar dispositivos electr\u00f3nicos.<br \/>\nPronto para ligar e usar.<br \/>\nLeve, robusto, seguro e fi\u00e1vel.<br \/>\nAlta efici\u00eancia. Muito baixo autoconsumo. Tire o m\u00e1ximo partido da sua bateria.<\/p>\n<p><span class=\"shared-files-shortcode-admin-list shared-files-shortcode-admin-list-file shared-files-shortcode-11207\" title=\"[shared_files file_id=11207]\"><span class=\"shared-files-shortcode-admin-list shared-files-shortcode-admin-list-file shared-files-shortcode-16985\" title=\"[shared_files file_id=16985]\">[shared_files file_id=16985]<\/span><\/span><\/p>\n","protected":false},"featured_media":18027,"template":"","meta":{"_acf_changed":false},"product_brand":[],"product_cat":[294,258],"product_tag":[],"class_list":{"0":"post-12300","1":"product","2":"type-product","3":"status-publish","4":"has-post-thumbnail","6":"product_cat-xjc-series-inversores-carregadores","7":"product_cat-xj-series-inversores","9":"first","10":"instock","11":"taxable","12":"shipping-taxable","13":"purchasable","14":"product-type-variable"},"acf":[],"yoast_head":"<!-- This site is optimized with the Yoast SEO plugin v25.4 - https:\/\/yoast.com\/wordpress\/plugins\/seo\/ -->\n<title>XJC 1000W-12V-40A &#8211; Xunzel<\/title>\n<meta name=\"robots\" content=\"index, follow, max-snippet:-1, max-image-preview:large, max-video-preview:-1\" \/>\n<link rel=\"canonical\" href=\"https:\/\/www.xunzel.com\/store\/pt-pt\/producto\/xjc-1000w-12v-40a\/\" \/>\n<meta property=\"og:locale\" content=\"pt_PT\" \/>\n<meta property=\"og:type\" content=\"article\" \/>\n<meta property=\"og:title\" content=\"XJC 1000W-12V-40A &#8211; Xunzel\" \/>\n<meta property=\"og:description\" content=\"Inversor + Carregador onda sinusoidal pura 1000W (pico 2000W) que converte a tens\u00e3o da bateria de 12V em energia de muito alta qualidade e fi\u00e1vel a 230V-50Hz. Protege e assegura um melhor funcionamento do equipamento conectado. Fornece energia permanente quando n\u00e3o h\u00e1 conex\u00e3o \u00e0 rede el\u00e9ctrica. Carregador de bateria program\u00e1vel integrado (de 5A a 40A). Totalmente configur\u00e1vel. F\u00e1cil de programar. Com cabos e conectores inclu\u00eddos. Com interruptor de transfer\u00eancia autom\u00e1tica integrado, que permite que a carga seja transferida imediatamente para outra fonte CA com um tempo m\u00ednimo de comuta\u00e7\u00e3o, de modo a que os computadores e outros equipamentos electr\u00f4nicos continuem a funcionar sem interrup\u00e7\u00e3o. Ideal para quando se acede a locais com corrente el\u00e9ctrica. Com sa\u00edda USB 5V-2.1A para alimentar dispositivos electr\u00f3nicos. Pronto para ligar e usar. Leve, robusto, seguro e fi\u00e1vel. Alta efici\u00eancia. Muito baixo autoconsumo. Tire o m\u00e1ximo partido da sua bateria.\" \/>\n<meta property=\"og:url\" content=\"https:\/\/www.xunzel.com\/store\/pt-pt\/producto\/xjc-1000w-12v-40a\/\" \/>\n<meta property=\"og:site_name\" content=\"Xunzel\" \/>\n<meta property=\"article:modified_time\" content=\"2025-03-24T13:21:44+00:00\" \/>\n<meta property=\"og:image\" content=\"https:\/\/www.xunzel.com\/store\/wp-content\/uploads\/2023\/11\/XJC-1000W_ISO.jpg\" \/>\n\t<meta property=\"og:image:width\" content=\"2300\" \/>\n\t<meta property=\"og:image:height\" content=\"2300\" \/>\n\t<meta property=\"og:image:type\" content=\"image\/jpeg\" \/>\n<meta name=\"twitter:card\" content=\"summary_large_image\" \/>\n<meta name=\"twitter:label1\" content=\"Tempo estimado de leitura\" \/>\n\t<meta name=\"twitter:data1\" content=\"2 minutos\" \/>\n<script type=\"application\/ld+json\" class=\"yoast-schema-graph\">{\"@context\":\"https:\/\/schema.org\",\"@graph\":[{\"@type\":\"WebPage\",\"@id\":\"https:\/\/www.xunzel.com\/store\/pt-pt\/producto\/xjc-1000w-12v-40a\/\",\"url\":\"https:\/\/www.xunzel.com\/store\/pt-pt\/producto\/xjc-1000w-12v-40a\/\",\"name\":\"XJC 1000W-12V-40A &#8211; Xunzel\",\"isPartOf\":{\"@id\":\"https:\/\/www.xunzel.com\/store\/pt-pt\/#website\"},\"primaryImageOfPage\":{\"@id\":\"https:\/\/www.xunzel.com\/store\/pt-pt\/producto\/xjc-1000w-12v-40a\/#primaryimage\"},\"image\":{\"@id\":\"https:\/\/www.xunzel.com\/store\/pt-pt\/producto\/xjc-1000w-12v-40a\/#primaryimage\"},\"thumbnailUrl\":\"https:\/\/www.xunzel.com\/store\/wp-content\/uploads\/2023\/11\/XJC-1000W_ISO.jpg\",\"datePublished\":\"2021-04-21T06:56:35+00:00\",\"dateModified\":\"2025-03-24T13:21:44+00:00\",\"breadcrumb\":{\"@id\":\"https:\/\/www.xunzel.com\/store\/pt-pt\/producto\/xjc-1000w-12v-40a\/#breadcrumb\"},\"inLanguage\":\"pt-PT\",\"potentialAction\":[{\"@type\":\"ReadAction\",\"target\":[\"https:\/\/www.xunzel.com\/store\/pt-pt\/producto\/xjc-1000w-12v-40a\/\"]}]},{\"@type\":\"ImageObject\",\"inLanguage\":\"pt-PT\",\"@id\":\"https:\/\/www.xunzel.com\/store\/pt-pt\/producto\/xjc-1000w-12v-40a\/#primaryimage\",\"url\":\"https:\/\/www.xunzel.com\/store\/wp-content\/uploads\/2023\/11\/XJC-1000W_ISO.jpg\",\"contentUrl\":\"https:\/\/www.xunzel.com\/store\/wp-content\/uploads\/2023\/11\/XJC-1000W_ISO.jpg\",\"width\":2300,\"height\":2300},{\"@type\":\"BreadcrumbList\",\"@id\":\"https:\/\/www.xunzel.com\/store\/pt-pt\/producto\/xjc-1000w-12v-40a\/#breadcrumb\",\"itemListElement\":[{\"@type\":\"ListItem\",\"position\":1,\"name\":\"Portada\",\"item\":\"https:\/\/www.xunzel.com\/store\/pt-pt\/\"},{\"@type\":\"ListItem\",\"position\":2,\"name\":\"Loja\",\"item\":\"https:\/\/www.xunzel.com\/store\/tienda\/\"},{\"@type\":\"ListItem\",\"position\":3,\"name\":\"XJC 1000W-12V-40A\"}]},{\"@type\":\"WebSite\",\"@id\":\"https:\/\/www.xunzel.com\/store\/pt-pt\/#website\",\"url\":\"https:\/\/www.xunzel.com\/store\/pt-pt\/\",\"name\":\"Xunzel\",\"description\":\"Energy in a box - The Electric Revolution\",\"publisher\":{\"@id\":\"https:\/\/www.xunzel.com\/store\/pt-pt\/#organization\"},\"potentialAction\":[{\"@type\":\"SearchAction\",\"target\":{\"@type\":\"EntryPoint\",\"urlTemplate\":\"https:\/\/www.xunzel.com\/store\/pt-pt\/?s={search_term_string}\"},\"query-input\":{\"@type\":\"PropertyValueSpecification\",\"valueRequired\":true,\"valueName\":\"search_term_string\"}}],\"inLanguage\":\"pt-PT\"},{\"@type\":\"Organization\",\"@id\":\"https:\/\/www.xunzel.com\/store\/pt-pt\/#organization\",\"name\":\"Xunzel\",\"url\":\"https:\/\/www.xunzel.com\/store\/pt-pt\/\",\"logo\":{\"@type\":\"ImageObject\",\"inLanguage\":\"pt-PT\",\"@id\":\"https:\/\/www.xunzel.com\/store\/pt-pt\/#\/schema\/logo\/image\/\",\"url\":\"https:\/\/www.xunzel.com\/store\/wp-content\/uploads\/2021\/01\/logo-xunzel-footer.png\",\"contentUrl\":\"https:\/\/www.xunzel.com\/store\/wp-content\/uploads\/2021\/01\/logo-xunzel-footer.png\",\"width\":280,\"height\":52,\"caption\":\"Xunzel\"},\"image\":{\"@id\":\"https:\/\/www.xunzel.com\/store\/pt-pt\/#\/schema\/logo\/image\/\"}}]}<\/script>\n<!-- \/ Yoast SEO plugin. -->","yoast_head_json":{"title":"XJC 1000W-12V-40A &#8211; Xunzel","robots":{"index":"index","follow":"follow","max-snippet":"max-snippet:-1","max-image-preview":"max-image-preview:large","max-video-preview":"max-video-preview:-1"},"canonical":"https:\/\/www.xunzel.com\/store\/pt-pt\/producto\/xjc-1000w-12v-40a\/","og_locale":"pt_PT","og_type":"article","og_title":"XJC 1000W-12V-40A &#8211; Xunzel","og_description":"Inversor + Carregador onda sinusoidal pura 1000W (pico 2000W) que converte a tens\u00e3o da bateria de 12V em energia de muito alta qualidade e fi\u00e1vel a 230V-50Hz. Protege e assegura um melhor funcionamento do equipamento conectado. Fornece energia permanente quando n\u00e3o h\u00e1 conex\u00e3o \u00e0 rede el\u00e9ctrica. Carregador de bateria program\u00e1vel integrado (de 5A a 40A). Totalmente configur\u00e1vel. F\u00e1cil de programar. Com cabos e conectores inclu\u00eddos. Com interruptor de transfer\u00eancia autom\u00e1tica integrado, que permite que a carga seja transferida imediatamente para outra fonte CA com um tempo m\u00ednimo de comuta\u00e7\u00e3o, de modo a que os computadores e outros equipamentos electr\u00f4nicos continuem a funcionar sem interrup\u00e7\u00e3o. Ideal para quando se acede a locais com corrente el\u00e9ctrica. Com sa\u00edda USB 5V-2.1A para alimentar dispositivos electr\u00f3nicos. Pronto para ligar e usar. Leve, robusto, seguro e fi\u00e1vel. Alta efici\u00eancia. Muito baixo autoconsumo. Tire o m\u00e1ximo partido da sua bateria.","og_url":"https:\/\/www.xunzel.com\/store\/pt-pt\/producto\/xjc-1000w-12v-40a\/","og_site_name":"Xunzel","article_modified_time":"2025-03-24T13:21:44+00:00","og_image":[{"width":2300,"height":2300,"url":"https:\/\/www.xunzel.com\/store\/wp-content\/uploads\/2023\/11\/XJC-1000W_ISO.jpg","type":"image\/jpeg"}],"twitter_card":"summary_large_image","twitter_misc":{"Tempo estimado de leitura":"2 minutos"},"schema":{"@context":"https:\/\/schema.org","@graph":[{"@type":"WebPage","@id":"https:\/\/www.xunzel.com\/store\/pt-pt\/producto\/xjc-1000w-12v-40a\/","url":"https:\/\/www.xunzel.com\/store\/pt-pt\/producto\/xjc-1000w-12v-40a\/","name":"XJC 1000W-12V-40A &#8211; Xunzel","isPartOf":{"@id":"https:\/\/www.xunzel.com\/store\/pt-pt\/#website"},"primaryImageOfPage":{"@id":"https:\/\/www.xunzel.com\/store\/pt-pt\/producto\/xjc-1000w-12v-40a\/#primaryimage"},"image":{"@id":"https:\/\/www.xunzel.com\/store\/pt-pt\/producto\/xjc-1000w-12v-40a\/#primaryimage"},"thumbnailUrl":"https:\/\/www.xunzel.com\/store\/wp-content\/uploads\/2023\/11\/XJC-1000W_ISO.jpg","datePublished":"2021-04-21T06:56:35+00:00","dateModified":"2025-03-24T13:21:44+00:00","breadcrumb":{"@id":"https:\/\/www.xunzel.com\/store\/pt-pt\/producto\/xjc-1000w-12v-40a\/#breadcrumb"},"inLanguage":"pt-PT","potentialAction":[{"@type":"ReadAction","target":["https:\/\/www.xunzel.com\/store\/pt-pt\/producto\/xjc-1000w-12v-40a\/"]}]},{"@type":"ImageObject","inLanguage":"pt-PT","@id":"https:\/\/www.xunzel.com\/store\/pt-pt\/producto\/xjc-1000w-12v-40a\/#primaryimage","url":"https:\/\/www.xunzel.com\/store\/wp-content\/uploads\/2023\/11\/XJC-1000W_ISO.jpg","contentUrl":"https:\/\/www.xunzel.com\/store\/wp-content\/uploads\/2023\/11\/XJC-1000W_ISO.jpg","width":2300,"height":2300},{"@type":"BreadcrumbList","@id":"https:\/\/www.xunzel.com\/store\/pt-pt\/producto\/xjc-1000w-12v-40a\/#breadcrumb","itemListElement":[{"@type":"ListItem","position":1,"name":"Portada","item":"https:\/\/www.xunzel.com\/store\/pt-pt\/"},{"@type":"ListItem","position":2,"name":"Loja","item":"https:\/\/www.xunzel.com\/store\/tienda\/"},{"@type":"ListItem","position":3,"name":"XJC 1000W-12V-40A"}]},{"@type":"WebSite","@id":"https:\/\/www.xunzel.com\/store\/pt-pt\/#website","url":"https:\/\/www.xunzel.com\/store\/pt-pt\/","name":"Xunzel","description":"Energy in a box - The Electric Revolution","publisher":{"@id":"https:\/\/www.xunzel.com\/store\/pt-pt\/#organization"},"potentialAction":[{"@type":"SearchAction","target":{"@type":"EntryPoint","urlTemplate":"https:\/\/www.xunzel.com\/store\/pt-pt\/?s={search_term_string}"},"query-input":{"@type":"PropertyValueSpecification","valueRequired":true,"valueName":"search_term_string"}}],"inLanguage":"pt-PT"},{"@type":"Organization","@id":"https:\/\/www.xunzel.com\/store\/pt-pt\/#organization","name":"Xunzel","url":"https:\/\/www.xunzel.com\/store\/pt-pt\/","logo":{"@type":"ImageObject","inLanguage":"pt-PT","@id":"https:\/\/www.xunzel.com\/store\/pt-pt\/#\/schema\/logo\/image\/","url":"https:\/\/www.xunzel.com\/store\/wp-content\/uploads\/2021\/01\/logo-xunzel-footer.png","contentUrl":"https:\/\/www.xunzel.com\/store\/wp-content\/uploads\/2021\/01\/logo-xunzel-footer.png","width":280,"height":52,"caption":"Xunzel"},"image":{"@id":"https:\/\/www.xunzel.com\/store\/pt-pt\/#\/schema\/logo\/image\/"}}]}},"_links":{"self":[{"href":"https:\/\/www.xunzel.com\/store\/pt-pt\/wp-json\/wp\/v2\/product\/12300","targetHints":{"allow":["GET"]}}],"collection":[{"href":"https:\/\/www.xunzel.com\/store\/pt-pt\/wp-json\/wp\/v2\/product"}],"about":[{"href":"https:\/\/www.xunzel.com\/store\/pt-pt\/wp-json\/wp\/v2\/types\/product"}],"wp:featuredmedia":[{"embeddable":true,"href":"https:\/\/www.xunzel.com\/store\/pt-pt\/wp-json\/wp\/v2\/media\/18027"}],"wp:attachment":[{"href":"https:\/\/www.xunzel.com\/store\/pt-pt\/wp-json\/wp\/v2\/media?parent=12300"}],"wp:term":[{"taxonomy":"product_brand","embeddable":true,"href":"https:\/\/www.xunzel.com\/store\/pt-pt\/wp-json\/wp\/v2\/product_brand?post=12300"},{"taxonomy":"product_cat","embeddable":true,"href":"https:\/\/www.xunzel.com\/store\/pt-pt\/wp-json\/wp\/v2\/product_cat?post=12300"},{"taxonomy":"product_tag","embeddable":true,"href":"https:\/\/www.xunzel.com\/store\/pt-pt\/wp-json\/wp\/v2\/product_tag?post=12300"}],"curies":[{"name":"wp","href":"https:\/\/api.w.org\/{rel}","templated":true}]}}