{"id":12292,"date":"2020-09-24T17:30:06","date_gmt":"2021-04-21T06:56:35","guid":{"rendered":"https:\/\/www.xunzel.com\/store\/?post_type=product&#038;p=12292"},"modified":"2026-03-26T14:15:39","modified_gmt":"2026-03-26T13:15:39","slug":"xjts-3000w-24v","status":"publish","type":"product","link":"https:\/\/www.xunzel.com\/store\/pt-pt\/producto\/xjts-3000w-24v\/","title":{"rendered":"XJTS -3000W-24V"},"content":{"rendered":"<p>Inversor de onda sinusoidal pura de 3000W (6000W de pico) que converte a tens\u00e3o da bateria de 24V numa fonte de alimenta\u00e7\u00e3o de 230V-50Hz de muito alta qualidade e fiabilidade. Fornece permanentemente electricidade de excelente qualidade quando n\u00e3o h\u00e1 conex\u00e3o \u00e0 rede. Protege e assegura um melhor desempenho do equipamento conectado.<\/p>\n<p>Visor digital com monitoriza\u00e7\u00e3o de tens\u00e3o, consumo, estado e alarmes. Visor remov\u00edvel com cabo de 7,6m inclu\u00eddo.<br \/>\nTotalmente configur\u00e1vel. F\u00e1cil de programar:<\/p>\n<ul>\n<li>N\u00edveis de disparo do alarme e reposi\u00e7\u00e3o da voltagem baixa da bateria.<\/li>\n<li>Baixa voltagem da bateria e n\u00edveis de reset.<\/li>\n<li>Desconex\u00e3o din\u00e2mica: n\u00edvel de desconex\u00e3o dependente da carga.<\/li>\n<li>Ligar\/desligar e activa\u00e7\u00e3o do modo de poupan\u00e7a de energia program\u00e1vel.<\/li>\n<li>Activa\u00e7\u00e3o\/desactiva\u00e7\u00e3o do alarme sonoro<\/li>\n<\/ul>\n<p>Com interruptor de transfer\u00eancia autom\u00e1tica integrado, que permite que a carga seja transferida imediatamente para outra fonte CA com um tempo m\u00ednimo de comuta\u00e7\u00e3o, de modo a que os computadores e outros equipamentos electr\u00f3nicos continuem a funcionar sem interrup\u00e7\u00e3o. Ideal para quando se acede a locais com corrente el\u00e9ctrica.<\/p>\n<p>Com sa\u00edda USB 5V-2.1A para alimenta\u00e7\u00e3o de dispositivos electr\u00f3nicos.<br \/>\nPronto para ligar e usar. Desenho seguro. Com protec\u00e7\u00f5es integradas.<br \/>\nConcebido para ser utilizado nas condi\u00e7\u00f5es mais exigentes, tanto profissionais ou industriais como recreativas.<br \/>\nAlta efici\u00eancia. Leve, robusto, seguro e fi\u00e1vel. Tecnologia de convers\u00e3o avan\u00e7ada. Tire o m\u00e1ximo partido da sua bateria.<\/p>\n<p>PLUS: Com entrada de controlo remoto (acess\u00f3rios opcionais &#8211; c\u00f3digo: RCXJ, SMART-START,&#8230;.)<\/p>\n<p>Capacidade m\u00ednima recomendada da bateria: <a href=\"https:\/\/www.xunzel.com\/store\/pt-pt\/product\/solarx-lithium-240-24\/\" target=\"_blank\" rel=\"noopener\"><strong>480Ah-24V<\/strong><\/a>.<\/p>\n","protected":false},"excerpt":{"rendered":"<p>Inversor de onda sinusoidal pura de 3000W (6000W de pico) que converte a tens\u00e3o da bateria de 24V numa fonte de alimenta\u00e7\u00e3o de muito alta qualidade e fi\u00e1vel a 230V-50Hz. Protege e assegura um melhor desempenho do equipamento conectado. Fornece energia permanente quando n\u00e3o h\u00e1 conex\u00e3o \u00e0 rede el\u00e9ctrica.<br \/>\nTotalmente configur\u00e1vel. F\u00e1cil de programar.<br \/>\nCom interruptor de transfer\u00eancia autom\u00e1tica incorporado, que permite que a carga seja transferida imediatamente para outra fonte CA com um tempo m\u00ednimo de comuta\u00e7\u00e3o, de modo a que os computadores e outros equipamentos electr\u00f4nicos continuem a funcionar sem interrup\u00e7\u00e3o. Ideal para quando se acede a locais com corrente el\u00e9ctrica.<br \/>\nCom sa\u00edda USB 5V-2.1A para alimentar dispositivos electr\u00f3nicos.<br \/>\nPronto para ligar e usar.<br \/>\nLeve, robusto, seguro e fi\u00e1vel.<br \/>\nAlta efici\u00eancia. Muito baixo autoconsumo. Tire o m\u00e1ximo partido da sua bateria.<\/p>\n<p><span class=\"shared-files-shortcode-admin-list shared-files-shortcode-admin-list-file shared-files-shortcode-14351\" title=\"[shared_files file_id=14351]\">[shared_files file_id=14351]<\/span><\/p>\n","protected":false},"featured_media":15218,"template":"","meta":{"_acf_changed":false},"product_brand":[],"product_cat":[258],"product_tag":[],"class_list":{"0":"post-12292","1":"product","2":"type-product","3":"status-publish","4":"has-post-thumbnail","6":"product_cat-xj-series-inversores","8":"first","9":"instock","10":"taxable","11":"shipping-taxable","12":"purchasable","13":"product-type-variable"},"acf":[],"yoast_head":"<!-- This site is optimized with the Yoast SEO plugin v25.4 - https:\/\/yoast.com\/wordpress\/plugins\/seo\/ -->\n<title>XJTS -3000W-24V &#8211; Xunzel<\/title>\n<meta name=\"robots\" content=\"index, follow, max-snippet:-1, max-image-preview:large, max-video-preview:-1\" \/>\n<link rel=\"canonical\" href=\"https:\/\/www.xunzel.com\/store\/pt-pt\/producto\/xjts-3000w-24v\/\" \/>\n<meta property=\"og:locale\" content=\"pt_PT\" \/>\n<meta property=\"og:type\" content=\"article\" \/>\n<meta property=\"og:title\" content=\"XJTS -3000W-24V &#8211; Xunzel\" \/>\n<meta property=\"og:description\" content=\"Inversor de onda sinusoidal pura de 3000W (6000W de pico) que converte a tens\u00e3o da bateria de 24V numa fonte de alimenta\u00e7\u00e3o de muito alta qualidade e fi\u00e1vel a 230V-50Hz. Protege e assegura um melhor desempenho do equipamento conectado. Fornece energia permanente quando n\u00e3o h\u00e1 conex\u00e3o \u00e0 rede el\u00e9ctrica. Totalmente configur\u00e1vel. F\u00e1cil de programar. Com interruptor de transfer\u00eancia autom\u00e1tica incorporado, que permite que a carga seja transferida imediatamente para outra fonte CA com um tempo m\u00ednimo de comuta\u00e7\u00e3o, de modo a que os computadores e outros equipamentos electr\u00f4nicos continuem a funcionar sem interrup\u00e7\u00e3o. Ideal para quando se acede a locais com corrente el\u00e9ctrica. Com sa\u00edda USB 5V-2.1A para alimentar dispositivos electr\u00f3nicos. Pronto para ligar e usar. Leve, robusto, seguro e fi\u00e1vel. Alta efici\u00eancia. Muito baixo autoconsumo. Tire o m\u00e1ximo partido da sua bateria.\" \/>\n<meta property=\"og:url\" content=\"https:\/\/www.xunzel.com\/store\/pt-pt\/producto\/xjts-3000w-24v\/\" \/>\n<meta property=\"og:site_name\" content=\"Xunzel\" \/>\n<meta property=\"article:modified_time\" content=\"2026-03-26T13:15:39+00:00\" \/>\n<meta property=\"og:image\" content=\"https:\/\/www.xunzel.com\/store\/wp-content\/uploads\/2023\/02\/XJTS-3000-24-XUNZEL-100-e1676282001679.jpg\" \/>\n\t<meta property=\"og:image:width\" content=\"2001\" \/>\n\t<meta property=\"og:image:height\" content=\"2001\" \/>\n\t<meta property=\"og:image:type\" content=\"image\/jpeg\" \/>\n<meta name=\"twitter:card\" content=\"summary_large_image\" \/>\n<meta name=\"twitter:label1\" content=\"Tempo estimado de leitura\" \/>\n\t<meta name=\"twitter:data1\" content=\"2 minutos\" \/>\n<script type=\"application\/ld+json\" class=\"yoast-schema-graph\">{\"@context\":\"https:\/\/schema.org\",\"@graph\":[{\"@type\":\"WebPage\",\"@id\":\"https:\/\/www.xunzel.com\/store\/pt-pt\/producto\/xjts-3000w-24v\/\",\"url\":\"https:\/\/www.xunzel.com\/store\/pt-pt\/producto\/xjts-3000w-24v\/\",\"name\":\"XJTS -3000W-24V &#8211; Xunzel\",\"isPartOf\":{\"@id\":\"https:\/\/www.xunzel.com\/store\/pt-pt\/#website\"},\"primaryImageOfPage\":{\"@id\":\"https:\/\/www.xunzel.com\/store\/pt-pt\/producto\/xjts-3000w-24v\/#primaryimage\"},\"image\":{\"@id\":\"https:\/\/www.xunzel.com\/store\/pt-pt\/producto\/xjts-3000w-24v\/#primaryimage\"},\"thumbnailUrl\":\"https:\/\/www.xunzel.com\/store\/wp-content\/uploads\/2023\/02\/XJTS-3000-24-XUNZEL-100-e1676282001679.jpg\",\"datePublished\":\"2021-04-21T06:56:35+00:00\",\"dateModified\":\"2026-03-26T13:15:39+00:00\",\"breadcrumb\":{\"@id\":\"https:\/\/www.xunzel.com\/store\/pt-pt\/producto\/xjts-3000w-24v\/#breadcrumb\"},\"inLanguage\":\"pt-PT\",\"potentialAction\":[{\"@type\":\"ReadAction\",\"target\":[\"https:\/\/www.xunzel.com\/store\/pt-pt\/producto\/xjts-3000w-24v\/\"]}]},{\"@type\":\"ImageObject\",\"inLanguage\":\"pt-PT\",\"@id\":\"https:\/\/www.xunzel.com\/store\/pt-pt\/producto\/xjts-3000w-24v\/#primaryimage\",\"url\":\"https:\/\/www.xunzel.com\/store\/wp-content\/uploads\/2023\/02\/XJTS-3000-24-XUNZEL-100-e1676282001679.jpg\",\"contentUrl\":\"https:\/\/www.xunzel.com\/store\/wp-content\/uploads\/2023\/02\/XJTS-3000-24-XUNZEL-100-e1676282001679.jpg\",\"width\":2001,\"height\":2001,\"caption\":\"Inversor de onda pura XJTS-3000-XUNZEL\"},{\"@type\":\"BreadcrumbList\",\"@id\":\"https:\/\/www.xunzel.com\/store\/pt-pt\/producto\/xjts-3000w-24v\/#breadcrumb\",\"itemListElement\":[{\"@type\":\"ListItem\",\"position\":1,\"name\":\"Portada\",\"item\":\"https:\/\/www.xunzel.com\/store\/pt-pt\/\"},{\"@type\":\"ListItem\",\"position\":2,\"name\":\"Loja\",\"item\":\"https:\/\/www.xunzel.com\/store\/tienda\/\"},{\"@type\":\"ListItem\",\"position\":3,\"name\":\"XJTS -3000W-24V\"}]},{\"@type\":\"WebSite\",\"@id\":\"https:\/\/www.xunzel.com\/store\/pt-pt\/#website\",\"url\":\"https:\/\/www.xunzel.com\/store\/pt-pt\/\",\"name\":\"Xunzel\",\"description\":\"Energy in a box - The Electric Revolution\",\"publisher\":{\"@id\":\"https:\/\/www.xunzel.com\/store\/pt-pt\/#organization\"},\"potentialAction\":[{\"@type\":\"SearchAction\",\"target\":{\"@type\":\"EntryPoint\",\"urlTemplate\":\"https:\/\/www.xunzel.com\/store\/pt-pt\/?s={search_term_string}\"},\"query-input\":{\"@type\":\"PropertyValueSpecification\",\"valueRequired\":true,\"valueName\":\"search_term_string\"}}],\"inLanguage\":\"pt-PT\"},{\"@type\":\"Organization\",\"@id\":\"https:\/\/www.xunzel.com\/store\/pt-pt\/#organization\",\"name\":\"Xunzel\",\"url\":\"https:\/\/www.xunzel.com\/store\/pt-pt\/\",\"logo\":{\"@type\":\"ImageObject\",\"inLanguage\":\"pt-PT\",\"@id\":\"https:\/\/www.xunzel.com\/store\/pt-pt\/#\/schema\/logo\/image\/\",\"url\":\"https:\/\/www.xunzel.com\/store\/wp-content\/uploads\/2021\/01\/logo-xunzel-footer.png\",\"contentUrl\":\"https:\/\/www.xunzel.com\/store\/wp-content\/uploads\/2021\/01\/logo-xunzel-footer.png\",\"width\":280,\"height\":52,\"caption\":\"Xunzel\"},\"image\":{\"@id\":\"https:\/\/www.xunzel.com\/store\/pt-pt\/#\/schema\/logo\/image\/\"}}]}<\/script>\n<!-- \/ Yoast SEO plugin. -->","yoast_head_json":{"title":"XJTS -3000W-24V &#8211; Xunzel","robots":{"index":"index","follow":"follow","max-snippet":"max-snippet:-1","max-image-preview":"max-image-preview:large","max-video-preview":"max-video-preview:-1"},"canonical":"https:\/\/www.xunzel.com\/store\/pt-pt\/producto\/xjts-3000w-24v\/","og_locale":"pt_PT","og_type":"article","og_title":"XJTS -3000W-24V &#8211; Xunzel","og_description":"Inversor de onda sinusoidal pura de 3000W (6000W de pico) que converte a tens\u00e3o da bateria de 24V numa fonte de alimenta\u00e7\u00e3o de muito alta qualidade e fi\u00e1vel a 230V-50Hz. Protege e assegura um melhor desempenho do equipamento conectado. Fornece energia permanente quando n\u00e3o h\u00e1 conex\u00e3o \u00e0 rede el\u00e9ctrica. Totalmente configur\u00e1vel. F\u00e1cil de programar. Com interruptor de transfer\u00eancia autom\u00e1tica incorporado, que permite que a carga seja transferida imediatamente para outra fonte CA com um tempo m\u00ednimo de comuta\u00e7\u00e3o, de modo a que os computadores e outros equipamentos electr\u00f4nicos continuem a funcionar sem interrup\u00e7\u00e3o. Ideal para quando se acede a locais com corrente el\u00e9ctrica. Com sa\u00edda USB 5V-2.1A para alimentar dispositivos electr\u00f3nicos. Pronto para ligar e usar. Leve, robusto, seguro e fi\u00e1vel. Alta efici\u00eancia. Muito baixo autoconsumo. Tire o m\u00e1ximo partido da sua bateria.","og_url":"https:\/\/www.xunzel.com\/store\/pt-pt\/producto\/xjts-3000w-24v\/","og_site_name":"Xunzel","article_modified_time":"2026-03-26T13:15:39+00:00","og_image":[{"width":2001,"height":2001,"url":"https:\/\/www.xunzel.com\/store\/wp-content\/uploads\/2023\/02\/XJTS-3000-24-XUNZEL-100-e1676282001679.jpg","type":"image\/jpeg"}],"twitter_card":"summary_large_image","twitter_misc":{"Tempo estimado de leitura":"2 minutos"},"schema":{"@context":"https:\/\/schema.org","@graph":[{"@type":"WebPage","@id":"https:\/\/www.xunzel.com\/store\/pt-pt\/producto\/xjts-3000w-24v\/","url":"https:\/\/www.xunzel.com\/store\/pt-pt\/producto\/xjts-3000w-24v\/","name":"XJTS -3000W-24V &#8211; Xunzel","isPartOf":{"@id":"https:\/\/www.xunzel.com\/store\/pt-pt\/#website"},"primaryImageOfPage":{"@id":"https:\/\/www.xunzel.com\/store\/pt-pt\/producto\/xjts-3000w-24v\/#primaryimage"},"image":{"@id":"https:\/\/www.xunzel.com\/store\/pt-pt\/producto\/xjts-3000w-24v\/#primaryimage"},"thumbnailUrl":"https:\/\/www.xunzel.com\/store\/wp-content\/uploads\/2023\/02\/XJTS-3000-24-XUNZEL-100-e1676282001679.jpg","datePublished":"2021-04-21T06:56:35+00:00","dateModified":"2026-03-26T13:15:39+00:00","breadcrumb":{"@id":"https:\/\/www.xunzel.com\/store\/pt-pt\/producto\/xjts-3000w-24v\/#breadcrumb"},"inLanguage":"pt-PT","potentialAction":[{"@type":"ReadAction","target":["https:\/\/www.xunzel.com\/store\/pt-pt\/producto\/xjts-3000w-24v\/"]}]},{"@type":"ImageObject","inLanguage":"pt-PT","@id":"https:\/\/www.xunzel.com\/store\/pt-pt\/producto\/xjts-3000w-24v\/#primaryimage","url":"https:\/\/www.xunzel.com\/store\/wp-content\/uploads\/2023\/02\/XJTS-3000-24-XUNZEL-100-e1676282001679.jpg","contentUrl":"https:\/\/www.xunzel.com\/store\/wp-content\/uploads\/2023\/02\/XJTS-3000-24-XUNZEL-100-e1676282001679.jpg","width":2001,"height":2001,"caption":"Inversor de onda pura XJTS-3000-XUNZEL"},{"@type":"BreadcrumbList","@id":"https:\/\/www.xunzel.com\/store\/pt-pt\/producto\/xjts-3000w-24v\/#breadcrumb","itemListElement":[{"@type":"ListItem","position":1,"name":"Portada","item":"https:\/\/www.xunzel.com\/store\/pt-pt\/"},{"@type":"ListItem","position":2,"name":"Loja","item":"https:\/\/www.xunzel.com\/store\/tienda\/"},{"@type":"ListItem","position":3,"name":"XJTS -3000W-24V"}]},{"@type":"WebSite","@id":"https:\/\/www.xunzel.com\/store\/pt-pt\/#website","url":"https:\/\/www.xunzel.com\/store\/pt-pt\/","name":"Xunzel","description":"Energy in a box - The Electric Revolution","publisher":{"@id":"https:\/\/www.xunzel.com\/store\/pt-pt\/#organization"},"potentialAction":[{"@type":"SearchAction","target":{"@type":"EntryPoint","urlTemplate":"https:\/\/www.xunzel.com\/store\/pt-pt\/?s={search_term_string}"},"query-input":{"@type":"PropertyValueSpecification","valueRequired":true,"valueName":"search_term_string"}}],"inLanguage":"pt-PT"},{"@type":"Organization","@id":"https:\/\/www.xunzel.com\/store\/pt-pt\/#organization","name":"Xunzel","url":"https:\/\/www.xunzel.com\/store\/pt-pt\/","logo":{"@type":"ImageObject","inLanguage":"pt-PT","@id":"https:\/\/www.xunzel.com\/store\/pt-pt\/#\/schema\/logo\/image\/","url":"https:\/\/www.xunzel.com\/store\/wp-content\/uploads\/2021\/01\/logo-xunzel-footer.png","contentUrl":"https:\/\/www.xunzel.com\/store\/wp-content\/uploads\/2021\/01\/logo-xunzel-footer.png","width":280,"height":52,"caption":"Xunzel"},"image":{"@id":"https:\/\/www.xunzel.com\/store\/pt-pt\/#\/schema\/logo\/image\/"}}]}},"_links":{"self":[{"href":"https:\/\/www.xunzel.com\/store\/pt-pt\/wp-json\/wp\/v2\/product\/12292","targetHints":{"allow":["GET"]}}],"collection":[{"href":"https:\/\/www.xunzel.com\/store\/pt-pt\/wp-json\/wp\/v2\/product"}],"about":[{"href":"https:\/\/www.xunzel.com\/store\/pt-pt\/wp-json\/wp\/v2\/types\/product"}],"wp:featuredmedia":[{"embeddable":true,"href":"https:\/\/www.xunzel.com\/store\/pt-pt\/wp-json\/wp\/v2\/media\/15218"}],"wp:attachment":[{"href":"https:\/\/www.xunzel.com\/store\/pt-pt\/wp-json\/wp\/v2\/media?parent=12292"}],"wp:term":[{"taxonomy":"product_brand","embeddable":true,"href":"https:\/\/www.xunzel.com\/store\/pt-pt\/wp-json\/wp\/v2\/product_brand?post=12292"},{"taxonomy":"product_cat","embeddable":true,"href":"https:\/\/www.xunzel.com\/store\/pt-pt\/wp-json\/wp\/v2\/product_cat?post=12292"},{"taxonomy":"product_tag","embeddable":true,"href":"https:\/\/www.xunzel.com\/store\/pt-pt\/wp-json\/wp\/v2\/product_tag?post=12292"}],"curies":[{"name":"wp","href":"https:\/\/api.w.org\/{rel}","templated":true}]}}