{"id":12276,"date":"2020-09-24T17:34:37","date_gmt":"2021-04-21T06:56:33","guid":{"rendered":"https:\/\/www.xunzel.com\/store\/?post_type=product&#038;p=12276"},"modified":"2026-03-26T14:13:37","modified_gmt":"2026-03-26T13:13:37","slug":"xj-1000w-12v","status":"publish","type":"product","link":"https:\/\/www.xunzel.com\/store\/pt-pt\/producto\/xj-1000w-12v\/","title":{"rendered":"XJ -1000W-12V"},"content":{"rendered":"<p>Inversor de onda sinusoidal pura de 1000W (pico de 2000W) que converte a tens\u00e3o da bateria de 12V em fonte de alimenta\u00e7\u00e3o de 230V-50Hz de muito alta qualidade e fiabilidade. Fornece permanentemente electricidade de excelente qualidade quando n\u00e3o h\u00e1 conex\u00e3o \u00e0 rede el\u00e9ctrica. Protege e assegura um melhor desempenho do equipamento ligado.<\/p>\n<p>Com sa\u00edda USB 5V-2.1A para alimenta\u00e7\u00e3o de dispositivos electr\u00f3nicos.<br \/>\nPronto para ligar e usar. Desenho seguro. Com protec\u00e7\u00f5es inclu\u00eddas.<br \/>\nConcebido para ser utilizado nas condi\u00e7\u00f5es mais exigentes, tanto profissionais ou industriais como recreativas.<br \/>\nAlta efici\u00eancia. Leve, robusto, seguro e fi\u00e1vel. Tecnologia avan\u00e7ada de convers\u00e3o. Tire o m\u00e1ximo partido da sua bateria.<br \/>\nModo de baixo autoconsumo. Com interruptor de ligar\/desligar\/modo economia e LED indicador de estado.<\/p>\n<p>PLUS: Com duas entradas de controlo externo. Uma entrada para controlo remoto on\/off (acess\u00f3rio opcional &#8211; c\u00f3digo: RCXJ e SMART-START)<\/p>\n<p>RECOMENDADO (Opcional): Compat\u00edvel com TSXJ Automatic Transfer Switch, que permite que a carga seja transferida imediatamente para outra fonte CA com um tempo m\u00ednimo de comuta\u00e7\u00e3o, de modo a que os computadores e outros equipamentos electr\u00f3nicos continuem a funcionar sem interrup\u00e7\u00e3o. Ideal para quando se acede a locais com corrente el\u00e9ctrica.<\/p>\n<p>Capacidade m\u00ednima recomendada da bateria: <strong><a href=\"https:\/\/www.xunzel.com\/store\/pt-pt\/product\/solarx-240\/\" target=\"_blank\" rel=\"noopener\">240Ah-12V<\/a><\/strong>.<\/p>\n","protected":false},"excerpt":{"rendered":"<p>Inversor de onda sinusoidal pura de 1000W (pico de 2000W) que converte a tens\u00e3o da bateria de 12V numa fonte de alimenta\u00e7\u00e3o de 230V-50Hz de muito alta qualidade e fiabilidade. Protege e assegura um melhor desempenho do equipamento conectado.<br \/>\nFornece energia permanente quando n\u00e3o h\u00e1 conex\u00e3o \u00e0 rede el\u00e9ctrica.<br \/>\nCom sa\u00edda USB 5V-2.1A para alimentar dispositivos electr\u00f4nicos. Pronto para ligar e utilizar.<br \/>\nLeve, robusto, seguro e fi\u00e1vel. Alta efici\u00eancia. Muito baixo autoconsumo. Tire o m\u00e1ximo partido da sua bateria.<\/p>\n<p><span class=\"shared-files-shortcode-admin-list shared-files-shortcode-admin-list-file shared-files-shortcode-14351\" title=\"[shared_files file_id=14351]\">[shared_files file_id=14351]<\/span><\/p>\n","protected":false},"featured_media":18023,"template":"","meta":{"_acf_changed":false},"product_brand":[],"product_cat":[258],"product_tag":[],"class_list":{"0":"post-12276","1":"product","2":"type-product","3":"status-publish","4":"has-post-thumbnail","6":"product_cat-xj-series-inversores","8":"first","9":"instock","10":"taxable","11":"shipping-taxable","12":"purchasable","13":"product-type-variable"},"acf":[],"yoast_head":"<!-- This site is optimized with the Yoast SEO plugin v25.4 - https:\/\/yoast.com\/wordpress\/plugins\/seo\/ -->\n<title>XJ -1000W-12V &#8211; Xunzel<\/title>\n<meta name=\"robots\" content=\"index, follow, max-snippet:-1, max-image-preview:large, max-video-preview:-1\" \/>\n<link rel=\"canonical\" href=\"https:\/\/www.xunzel.com\/store\/pt-pt\/producto\/xj-1000w-12v\/\" \/>\n<meta property=\"og:locale\" content=\"pt_PT\" \/>\n<meta property=\"og:type\" content=\"article\" \/>\n<meta property=\"og:title\" content=\"XJ -1000W-12V &#8211; Xunzel\" \/>\n<meta property=\"og:description\" content=\"Inversor de onda sinusoidal pura de 1000W (pico de 2000W) que converte a tens\u00e3o da bateria de 12V numa fonte de alimenta\u00e7\u00e3o de 230V-50Hz de muito alta qualidade e fiabilidade. Protege e assegura um melhor desempenho do equipamento conectado. Fornece energia permanente quando n\u00e3o h\u00e1 conex\u00e3o \u00e0 rede el\u00e9ctrica. Com sa\u00edda USB 5V-2.1A para alimentar dispositivos electr\u00f4nicos. Pronto para ligar e utilizar. Leve, robusto, seguro e fi\u00e1vel. Alta efici\u00eancia. Muito baixo autoconsumo. Tire o m\u00e1ximo partido da sua bateria.\" \/>\n<meta property=\"og:url\" content=\"https:\/\/www.xunzel.com\/store\/pt-pt\/producto\/xj-1000w-12v\/\" \/>\n<meta property=\"og:site_name\" content=\"Xunzel\" \/>\n<meta property=\"article:modified_time\" content=\"2026-03-26T13:13:37+00:00\" \/>\n<meta property=\"og:image\" content=\"https:\/\/www.xunzel.com\/store\/wp-content\/uploads\/2023\/11\/XJ-1000W_ISO_12V-scaled.jpg\" \/>\n\t<meta property=\"og:image:width\" content=\"2560\" \/>\n\t<meta property=\"og:image:height\" content=\"2560\" \/>\n\t<meta property=\"og:image:type\" content=\"image\/jpeg\" \/>\n<meta name=\"twitter:card\" content=\"summary_large_image\" \/>\n<meta name=\"twitter:label1\" content=\"Tempo estimado de leitura\" \/>\n\t<meta name=\"twitter:data1\" content=\"2 minutos\" \/>\n<script type=\"application\/ld+json\" class=\"yoast-schema-graph\">{\"@context\":\"https:\/\/schema.org\",\"@graph\":[{\"@type\":\"WebPage\",\"@id\":\"https:\/\/www.xunzel.com\/store\/pt-pt\/producto\/xj-1000w-12v\/\",\"url\":\"https:\/\/www.xunzel.com\/store\/pt-pt\/producto\/xj-1000w-12v\/\",\"name\":\"XJ -1000W-12V &#8211; Xunzel\",\"isPartOf\":{\"@id\":\"https:\/\/www.xunzel.com\/store\/pt-pt\/#website\"},\"primaryImageOfPage\":{\"@id\":\"https:\/\/www.xunzel.com\/store\/pt-pt\/producto\/xj-1000w-12v\/#primaryimage\"},\"image\":{\"@id\":\"https:\/\/www.xunzel.com\/store\/pt-pt\/producto\/xj-1000w-12v\/#primaryimage\"},\"thumbnailUrl\":\"https:\/\/www.xunzel.com\/store\/wp-content\/uploads\/2023\/11\/XJ-1000W_ISO_12V-scaled.jpg\",\"datePublished\":\"2021-04-21T06:56:33+00:00\",\"dateModified\":\"2026-03-26T13:13:37+00:00\",\"breadcrumb\":{\"@id\":\"https:\/\/www.xunzel.com\/store\/pt-pt\/producto\/xj-1000w-12v\/#breadcrumb\"},\"inLanguage\":\"pt-PT\",\"potentialAction\":[{\"@type\":\"ReadAction\",\"target\":[\"https:\/\/www.xunzel.com\/store\/pt-pt\/producto\/xj-1000w-12v\/\"]}]},{\"@type\":\"ImageObject\",\"inLanguage\":\"pt-PT\",\"@id\":\"https:\/\/www.xunzel.com\/store\/pt-pt\/producto\/xj-1000w-12v\/#primaryimage\",\"url\":\"https:\/\/www.xunzel.com\/store\/wp-content\/uploads\/2023\/11\/XJ-1000W_ISO_12V-scaled.jpg\",\"contentUrl\":\"https:\/\/www.xunzel.com\/store\/wp-content\/uploads\/2023\/11\/XJ-1000W_ISO_12V-scaled.jpg\",\"width\":2560,\"height\":2560},{\"@type\":\"BreadcrumbList\",\"@id\":\"https:\/\/www.xunzel.com\/store\/pt-pt\/producto\/xj-1000w-12v\/#breadcrumb\",\"itemListElement\":[{\"@type\":\"ListItem\",\"position\":1,\"name\":\"Portada\",\"item\":\"https:\/\/www.xunzel.com\/store\/pt-pt\/\"},{\"@type\":\"ListItem\",\"position\":2,\"name\":\"Loja\",\"item\":\"https:\/\/www.xunzel.com\/store\/tienda\/\"},{\"@type\":\"ListItem\",\"position\":3,\"name\":\"XJ -1000W-12V\"}]},{\"@type\":\"WebSite\",\"@id\":\"https:\/\/www.xunzel.com\/store\/pt-pt\/#website\",\"url\":\"https:\/\/www.xunzel.com\/store\/pt-pt\/\",\"name\":\"Xunzel\",\"description\":\"Energy in a box - The Electric Revolution\",\"publisher\":{\"@id\":\"https:\/\/www.xunzel.com\/store\/pt-pt\/#organization\"},\"potentialAction\":[{\"@type\":\"SearchAction\",\"target\":{\"@type\":\"EntryPoint\",\"urlTemplate\":\"https:\/\/www.xunzel.com\/store\/pt-pt\/?s={search_term_string}\"},\"query-input\":{\"@type\":\"PropertyValueSpecification\",\"valueRequired\":true,\"valueName\":\"search_term_string\"}}],\"inLanguage\":\"pt-PT\"},{\"@type\":\"Organization\",\"@id\":\"https:\/\/www.xunzel.com\/store\/pt-pt\/#organization\",\"name\":\"Xunzel\",\"url\":\"https:\/\/www.xunzel.com\/store\/pt-pt\/\",\"logo\":{\"@type\":\"ImageObject\",\"inLanguage\":\"pt-PT\",\"@id\":\"https:\/\/www.xunzel.com\/store\/pt-pt\/#\/schema\/logo\/image\/\",\"url\":\"https:\/\/www.xunzel.com\/store\/wp-content\/uploads\/2021\/01\/logo-xunzel-footer.png\",\"contentUrl\":\"https:\/\/www.xunzel.com\/store\/wp-content\/uploads\/2021\/01\/logo-xunzel-footer.png\",\"width\":280,\"height\":52,\"caption\":\"Xunzel\"},\"image\":{\"@id\":\"https:\/\/www.xunzel.com\/store\/pt-pt\/#\/schema\/logo\/image\/\"}}]}<\/script>\n<!-- \/ Yoast SEO plugin. -->","yoast_head_json":{"title":"XJ -1000W-12V &#8211; Xunzel","robots":{"index":"index","follow":"follow","max-snippet":"max-snippet:-1","max-image-preview":"max-image-preview:large","max-video-preview":"max-video-preview:-1"},"canonical":"https:\/\/www.xunzel.com\/store\/pt-pt\/producto\/xj-1000w-12v\/","og_locale":"pt_PT","og_type":"article","og_title":"XJ -1000W-12V &#8211; Xunzel","og_description":"Inversor de onda sinusoidal pura de 1000W (pico de 2000W) que converte a tens\u00e3o da bateria de 12V numa fonte de alimenta\u00e7\u00e3o de 230V-50Hz de muito alta qualidade e fiabilidade. Protege e assegura um melhor desempenho do equipamento conectado. Fornece energia permanente quando n\u00e3o h\u00e1 conex\u00e3o \u00e0 rede el\u00e9ctrica. Com sa\u00edda USB 5V-2.1A para alimentar dispositivos electr\u00f4nicos. Pronto para ligar e utilizar. Leve, robusto, seguro e fi\u00e1vel. Alta efici\u00eancia. Muito baixo autoconsumo. Tire o m\u00e1ximo partido da sua bateria.","og_url":"https:\/\/www.xunzel.com\/store\/pt-pt\/producto\/xj-1000w-12v\/","og_site_name":"Xunzel","article_modified_time":"2026-03-26T13:13:37+00:00","og_image":[{"width":2560,"height":2560,"url":"https:\/\/www.xunzel.com\/store\/wp-content\/uploads\/2023\/11\/XJ-1000W_ISO_12V-scaled.jpg","type":"image\/jpeg"}],"twitter_card":"summary_large_image","twitter_misc":{"Tempo estimado de leitura":"2 minutos"},"schema":{"@context":"https:\/\/schema.org","@graph":[{"@type":"WebPage","@id":"https:\/\/www.xunzel.com\/store\/pt-pt\/producto\/xj-1000w-12v\/","url":"https:\/\/www.xunzel.com\/store\/pt-pt\/producto\/xj-1000w-12v\/","name":"XJ -1000W-12V &#8211; Xunzel","isPartOf":{"@id":"https:\/\/www.xunzel.com\/store\/pt-pt\/#website"},"primaryImageOfPage":{"@id":"https:\/\/www.xunzel.com\/store\/pt-pt\/producto\/xj-1000w-12v\/#primaryimage"},"image":{"@id":"https:\/\/www.xunzel.com\/store\/pt-pt\/producto\/xj-1000w-12v\/#primaryimage"},"thumbnailUrl":"https:\/\/www.xunzel.com\/store\/wp-content\/uploads\/2023\/11\/XJ-1000W_ISO_12V-scaled.jpg","datePublished":"2021-04-21T06:56:33+00:00","dateModified":"2026-03-26T13:13:37+00:00","breadcrumb":{"@id":"https:\/\/www.xunzel.com\/store\/pt-pt\/producto\/xj-1000w-12v\/#breadcrumb"},"inLanguage":"pt-PT","potentialAction":[{"@type":"ReadAction","target":["https:\/\/www.xunzel.com\/store\/pt-pt\/producto\/xj-1000w-12v\/"]}]},{"@type":"ImageObject","inLanguage":"pt-PT","@id":"https:\/\/www.xunzel.com\/store\/pt-pt\/producto\/xj-1000w-12v\/#primaryimage","url":"https:\/\/www.xunzel.com\/store\/wp-content\/uploads\/2023\/11\/XJ-1000W_ISO_12V-scaled.jpg","contentUrl":"https:\/\/www.xunzel.com\/store\/wp-content\/uploads\/2023\/11\/XJ-1000W_ISO_12V-scaled.jpg","width":2560,"height":2560},{"@type":"BreadcrumbList","@id":"https:\/\/www.xunzel.com\/store\/pt-pt\/producto\/xj-1000w-12v\/#breadcrumb","itemListElement":[{"@type":"ListItem","position":1,"name":"Portada","item":"https:\/\/www.xunzel.com\/store\/pt-pt\/"},{"@type":"ListItem","position":2,"name":"Loja","item":"https:\/\/www.xunzel.com\/store\/tienda\/"},{"@type":"ListItem","position":3,"name":"XJ -1000W-12V"}]},{"@type":"WebSite","@id":"https:\/\/www.xunzel.com\/store\/pt-pt\/#website","url":"https:\/\/www.xunzel.com\/store\/pt-pt\/","name":"Xunzel","description":"Energy in a box - The Electric Revolution","publisher":{"@id":"https:\/\/www.xunzel.com\/store\/pt-pt\/#organization"},"potentialAction":[{"@type":"SearchAction","target":{"@type":"EntryPoint","urlTemplate":"https:\/\/www.xunzel.com\/store\/pt-pt\/?s={search_term_string}"},"query-input":{"@type":"PropertyValueSpecification","valueRequired":true,"valueName":"search_term_string"}}],"inLanguage":"pt-PT"},{"@type":"Organization","@id":"https:\/\/www.xunzel.com\/store\/pt-pt\/#organization","name":"Xunzel","url":"https:\/\/www.xunzel.com\/store\/pt-pt\/","logo":{"@type":"ImageObject","inLanguage":"pt-PT","@id":"https:\/\/www.xunzel.com\/store\/pt-pt\/#\/schema\/logo\/image\/","url":"https:\/\/www.xunzel.com\/store\/wp-content\/uploads\/2021\/01\/logo-xunzel-footer.png","contentUrl":"https:\/\/www.xunzel.com\/store\/wp-content\/uploads\/2021\/01\/logo-xunzel-footer.png","width":280,"height":52,"caption":"Xunzel"},"image":{"@id":"https:\/\/www.xunzel.com\/store\/pt-pt\/#\/schema\/logo\/image\/"}}]}},"_links":{"self":[{"href":"https:\/\/www.xunzel.com\/store\/pt-pt\/wp-json\/wp\/v2\/product\/12276","targetHints":{"allow":["GET"]}}],"collection":[{"href":"https:\/\/www.xunzel.com\/store\/pt-pt\/wp-json\/wp\/v2\/product"}],"about":[{"href":"https:\/\/www.xunzel.com\/store\/pt-pt\/wp-json\/wp\/v2\/types\/product"}],"wp:featuredmedia":[{"embeddable":true,"href":"https:\/\/www.xunzel.com\/store\/pt-pt\/wp-json\/wp\/v2\/media\/18023"}],"wp:attachment":[{"href":"https:\/\/www.xunzel.com\/store\/pt-pt\/wp-json\/wp\/v2\/media?parent=12276"}],"wp:term":[{"taxonomy":"product_brand","embeddable":true,"href":"https:\/\/www.xunzel.com\/store\/pt-pt\/wp-json\/wp\/v2\/product_brand?post=12276"},{"taxonomy":"product_cat","embeddable":true,"href":"https:\/\/www.xunzel.com\/store\/pt-pt\/wp-json\/wp\/v2\/product_cat?post=12276"},{"taxonomy":"product_tag","embeddable":true,"href":"https:\/\/www.xunzel.com\/store\/pt-pt\/wp-json\/wp\/v2\/product_tag?post=12276"}],"curies":[{"name":"wp","href":"https:\/\/api.w.org\/{rel}","templated":true}]}}