{"id":12228,"date":"2020-12-06T12:18:50","date_gmt":"2021-04-21T06:56:24","guid":{"rendered":"https:\/\/www.xunzel.com\/store\/?post_type=product&#038;p=12228"},"modified":"2025-03-24T13:57:35","modified_gmt":"2025-03-24T12:57:35","slug":"iscc-au-10a-12v","status":"publish","type":"product","link":"https:\/\/www.xunzel.com\/store\/pt-pt\/producto\/iscc-au-10a-12v\/","title":{"rendered":"iSCC-AU 10A 12V"},"content":{"rendered":"<p>iSCC-AU 10A-12V XUNZEL. Controlador de carga e descarga solar program\u00e1vel de alta efici\u00eancia. Protege a bateria contra sobrecargas e descargas profundas. Prolonga a vida \u00fatil das suas baterias. Concebido para sistemas fotovoltaicos de 12V. Seguro e fi\u00e1vel.<br \/>\nAdequado para diferentes tecnologias de bateria (chumbo-\u00e1cido, AGM, GEL, aberta e C\u00e1lcio).<br \/>\nPara aplica\u00e7\u00f5es fotovoltaicas off-grid e off-shore, backup, UPS e backup&#8230;<\/p>\n<p>Ideal para pain\u00e9is solares fotovoltaicos at\u00e9 150W.<br \/>\nCom sa\u00edda USB 5V-2100mA para carregamento directo de dispositivos electr\u00f3nicos.<br \/>\nLEDs para uma leitura clara do estado e uma programa\u00e7\u00e3o r\u00e1pida e f\u00e1cil.<br \/>\nModos de opera\u00e7\u00e3o program\u00e1veis: Modo manual e modo autom\u00e1tico (dia\/noite).<br \/>\nMuito baixo autoconsumo. Sistema integrado de compensa\u00e7\u00e3o de temperatura.<\/p>\n<p>Protec\u00e7\u00f5es autom\u00e1ticas electr\u00f3nicas completas: contra polaridade inversa, curto-circuito, sobre corrente, corrente inversa, sobre tens\u00e3o, subtens\u00e3o, sobre temperatura.<\/p>\n<p>Sa\u00edda de 12V para alimenta\u00e7\u00e3o directa e eficiente de cargas DC, sem a necessidade de um inversor. Por exemplo: LED NATURE Series e GALAXXI Series XUNZEL.<\/p>\n<p>Sec\u00e7\u00e3o m\u00e1xima de cabos admitida: 4mm\u00b2<\/p>\n","protected":false},"excerpt":{"rendered":"<p>Controlador de Carga e Descarga Solar Digital Avan\u00e7ado 10A 12V para carregar baterias de 12V de chumbo-\u00e1cido (AGM, Gel, L\u00edquido) e C\u00e1lcio. Proteger as suas baterias contra sobrecargas e descargas.<br \/>\nPainel solar fotovoltaico at\u00e9 150W.<br \/>\nCom LEDs intuitivos. Program\u00e1vel: Manual ou Autom\u00e1tico (Nocturno. Crep\u00fasculo).<br \/>\nMuito alta efici\u00eancia e muito baixo autoconsumo. Com o seu pr\u00f3prio algoritmo de compensa\u00e7\u00e3o de temperatura para melhor carregamento e maior dura\u00e7\u00e3o da bateria.<br \/>\nSa\u00edda para alimentar cargas de 12VDC e sa\u00edda USB 2.1A-5V.<\/p>\n<p><span class=\"shared-files-shortcode-admin-list shared-files-shortcode-admin-list-file shared-files-shortcode-12759\" title=\"[shared_files file_id=12759]\">[shared_files file_id=12759]<\/span><\/p>\n","protected":false},"featured_media":12232,"template":"","meta":{"_acf_changed":false},"product_brand":[],"product_cat":[279],"product_tag":[],"class_list":{"0":"post-12228","1":"product","2":"type-product","3":"status-publish","4":"has-post-thumbnail","6":"product_cat-iscc-series-controladores","8":"first","9":"instock","10":"taxable","11":"shipping-taxable","12":"purchasable","13":"product-type-simple"},"acf":[],"yoast_head":"<!-- This site is optimized with the Yoast SEO plugin v25.4 - https:\/\/yoast.com\/wordpress\/plugins\/seo\/ -->\n<title>iSCC-AU 10A 12V &#8211; Xunzel<\/title>\n<meta name=\"robots\" content=\"index, follow, max-snippet:-1, max-image-preview:large, max-video-preview:-1\" \/>\n<link rel=\"canonical\" href=\"https:\/\/www.xunzel.com\/store\/pt-pt\/producto\/iscc-au-10a-12v\/\" \/>\n<meta property=\"og:locale\" content=\"pt_PT\" \/>\n<meta property=\"og:type\" content=\"article\" \/>\n<meta property=\"og:title\" content=\"iSCC-AU 10A 12V &#8211; Xunzel\" \/>\n<meta property=\"og:description\" content=\"Controlador de Carga e Descarga Solar Digital Avan\u00e7ado 10A 12V para carregar baterias de 12V de chumbo-\u00e1cido (AGM, Gel, L\u00edquido) e C\u00e1lcio. Proteger as suas baterias contra sobrecargas e descargas. Painel solar fotovoltaico at\u00e9 150W. Com LEDs intuitivos. Program\u00e1vel: Manual ou Autom\u00e1tico (Nocturno. Crep\u00fasculo). Muito alta efici\u00eancia e muito baixo autoconsumo. Com o seu pr\u00f3prio algoritmo de compensa\u00e7\u00e3o de temperatura para melhor carregamento e maior dura\u00e7\u00e3o da bateria. Sa\u00edda para alimentar cargas de 12VDC e sa\u00edda USB 2.1A-5V.\" \/>\n<meta property=\"og:url\" content=\"https:\/\/www.xunzel.com\/store\/pt-pt\/producto\/iscc-au-10a-12v\/\" \/>\n<meta property=\"og:site_name\" content=\"Xunzel\" \/>\n<meta property=\"article:modified_time\" content=\"2025-03-24T12:57:35+00:00\" \/>\n<meta property=\"og:image\" content=\"https:\/\/www.xunzel.com\/store\/wp-content\/uploads\/2020\/12\/1-ISCC-AU_10_iso.jpg\" \/>\n\t<meta property=\"og:image:width\" content=\"1100\" \/>\n\t<meta property=\"og:image:height\" content=\"1110\" \/>\n\t<meta property=\"og:image:type\" content=\"image\/jpeg\" \/>\n<meta name=\"twitter:card\" content=\"summary_large_image\" \/>\n<meta name=\"twitter:label1\" content=\"Tempo estimado de leitura\" \/>\n\t<meta name=\"twitter:data1\" content=\"1 minuto\" \/>\n<script type=\"application\/ld+json\" class=\"yoast-schema-graph\">{\"@context\":\"https:\/\/schema.org\",\"@graph\":[{\"@type\":\"WebPage\",\"@id\":\"https:\/\/www.xunzel.com\/store\/pt-pt\/producto\/iscc-au-10a-12v\/\",\"url\":\"https:\/\/www.xunzel.com\/store\/pt-pt\/producto\/iscc-au-10a-12v\/\",\"name\":\"iSCC-AU 10A 12V &#8211; Xunzel\",\"isPartOf\":{\"@id\":\"https:\/\/www.xunzel.com\/store\/pt-pt\/#website\"},\"primaryImageOfPage\":{\"@id\":\"https:\/\/www.xunzel.com\/store\/pt-pt\/producto\/iscc-au-10a-12v\/#primaryimage\"},\"image\":{\"@id\":\"https:\/\/www.xunzel.com\/store\/pt-pt\/producto\/iscc-au-10a-12v\/#primaryimage\"},\"thumbnailUrl\":\"https:\/\/www.xunzel.com\/store\/wp-content\/uploads\/2020\/12\/1-ISCC-AU_10_iso.jpg\",\"datePublished\":\"2021-04-21T06:56:24+00:00\",\"dateModified\":\"2025-03-24T12:57:35+00:00\",\"breadcrumb\":{\"@id\":\"https:\/\/www.xunzel.com\/store\/pt-pt\/producto\/iscc-au-10a-12v\/#breadcrumb\"},\"inLanguage\":\"pt-PT\",\"potentialAction\":[{\"@type\":\"ReadAction\",\"target\":[\"https:\/\/www.xunzel.com\/store\/pt-pt\/producto\/iscc-au-10a-12v\/\"]}]},{\"@type\":\"ImageObject\",\"inLanguage\":\"pt-PT\",\"@id\":\"https:\/\/www.xunzel.com\/store\/pt-pt\/producto\/iscc-au-10a-12v\/#primaryimage\",\"url\":\"https:\/\/www.xunzel.com\/store\/wp-content\/uploads\/2020\/12\/1-ISCC-AU_10_iso.jpg\",\"contentUrl\":\"https:\/\/www.xunzel.com\/store\/wp-content\/uploads\/2020\/12\/1-ISCC-AU_10_iso.jpg\",\"width\":1100,\"height\":1110},{\"@type\":\"BreadcrumbList\",\"@id\":\"https:\/\/www.xunzel.com\/store\/pt-pt\/producto\/iscc-au-10a-12v\/#breadcrumb\",\"itemListElement\":[{\"@type\":\"ListItem\",\"position\":1,\"name\":\"Portada\",\"item\":\"https:\/\/www.xunzel.com\/store\/pt-pt\/\"},{\"@type\":\"ListItem\",\"position\":2,\"name\":\"Loja\",\"item\":\"https:\/\/www.xunzel.com\/store\/tienda\/\"},{\"@type\":\"ListItem\",\"position\":3,\"name\":\"iSCC-AU 10A 12V\"}]},{\"@type\":\"WebSite\",\"@id\":\"https:\/\/www.xunzel.com\/store\/pt-pt\/#website\",\"url\":\"https:\/\/www.xunzel.com\/store\/pt-pt\/\",\"name\":\"Xunzel\",\"description\":\"Energy in a box - The Electric Revolution\",\"publisher\":{\"@id\":\"https:\/\/www.xunzel.com\/store\/pt-pt\/#organization\"},\"potentialAction\":[{\"@type\":\"SearchAction\",\"target\":{\"@type\":\"EntryPoint\",\"urlTemplate\":\"https:\/\/www.xunzel.com\/store\/pt-pt\/?s={search_term_string}\"},\"query-input\":{\"@type\":\"PropertyValueSpecification\",\"valueRequired\":true,\"valueName\":\"search_term_string\"}}],\"inLanguage\":\"pt-PT\"},{\"@type\":\"Organization\",\"@id\":\"https:\/\/www.xunzel.com\/store\/pt-pt\/#organization\",\"name\":\"Xunzel\",\"url\":\"https:\/\/www.xunzel.com\/store\/pt-pt\/\",\"logo\":{\"@type\":\"ImageObject\",\"inLanguage\":\"pt-PT\",\"@id\":\"https:\/\/www.xunzel.com\/store\/pt-pt\/#\/schema\/logo\/image\/\",\"url\":\"https:\/\/www.xunzel.com\/store\/wp-content\/uploads\/2021\/01\/logo-xunzel-footer.png\",\"contentUrl\":\"https:\/\/www.xunzel.com\/store\/wp-content\/uploads\/2021\/01\/logo-xunzel-footer.png\",\"width\":280,\"height\":52,\"caption\":\"Xunzel\"},\"image\":{\"@id\":\"https:\/\/www.xunzel.com\/store\/pt-pt\/#\/schema\/logo\/image\/\"}}]}<\/script>\n<!-- \/ Yoast SEO plugin. -->","yoast_head_json":{"title":"iSCC-AU 10A 12V &#8211; Xunzel","robots":{"index":"index","follow":"follow","max-snippet":"max-snippet:-1","max-image-preview":"max-image-preview:large","max-video-preview":"max-video-preview:-1"},"canonical":"https:\/\/www.xunzel.com\/store\/pt-pt\/producto\/iscc-au-10a-12v\/","og_locale":"pt_PT","og_type":"article","og_title":"iSCC-AU 10A 12V &#8211; Xunzel","og_description":"Controlador de Carga e Descarga Solar Digital Avan\u00e7ado 10A 12V para carregar baterias de 12V de chumbo-\u00e1cido (AGM, Gel, L\u00edquido) e C\u00e1lcio. Proteger as suas baterias contra sobrecargas e descargas. Painel solar fotovoltaico at\u00e9 150W. Com LEDs intuitivos. Program\u00e1vel: Manual ou Autom\u00e1tico (Nocturno. Crep\u00fasculo). Muito alta efici\u00eancia e muito baixo autoconsumo. Com o seu pr\u00f3prio algoritmo de compensa\u00e7\u00e3o de temperatura para melhor carregamento e maior dura\u00e7\u00e3o da bateria. Sa\u00edda para alimentar cargas de 12VDC e sa\u00edda USB 2.1A-5V.","og_url":"https:\/\/www.xunzel.com\/store\/pt-pt\/producto\/iscc-au-10a-12v\/","og_site_name":"Xunzel","article_modified_time":"2025-03-24T12:57:35+00:00","og_image":[{"width":1100,"height":1110,"url":"https:\/\/www.xunzel.com\/store\/wp-content\/uploads\/2020\/12\/1-ISCC-AU_10_iso.jpg","type":"image\/jpeg"}],"twitter_card":"summary_large_image","twitter_misc":{"Tempo estimado de leitura":"1 minuto"},"schema":{"@context":"https:\/\/schema.org","@graph":[{"@type":"WebPage","@id":"https:\/\/www.xunzel.com\/store\/pt-pt\/producto\/iscc-au-10a-12v\/","url":"https:\/\/www.xunzel.com\/store\/pt-pt\/producto\/iscc-au-10a-12v\/","name":"iSCC-AU 10A 12V &#8211; Xunzel","isPartOf":{"@id":"https:\/\/www.xunzel.com\/store\/pt-pt\/#website"},"primaryImageOfPage":{"@id":"https:\/\/www.xunzel.com\/store\/pt-pt\/producto\/iscc-au-10a-12v\/#primaryimage"},"image":{"@id":"https:\/\/www.xunzel.com\/store\/pt-pt\/producto\/iscc-au-10a-12v\/#primaryimage"},"thumbnailUrl":"https:\/\/www.xunzel.com\/store\/wp-content\/uploads\/2020\/12\/1-ISCC-AU_10_iso.jpg","datePublished":"2021-04-21T06:56:24+00:00","dateModified":"2025-03-24T12:57:35+00:00","breadcrumb":{"@id":"https:\/\/www.xunzel.com\/store\/pt-pt\/producto\/iscc-au-10a-12v\/#breadcrumb"},"inLanguage":"pt-PT","potentialAction":[{"@type":"ReadAction","target":["https:\/\/www.xunzel.com\/store\/pt-pt\/producto\/iscc-au-10a-12v\/"]}]},{"@type":"ImageObject","inLanguage":"pt-PT","@id":"https:\/\/www.xunzel.com\/store\/pt-pt\/producto\/iscc-au-10a-12v\/#primaryimage","url":"https:\/\/www.xunzel.com\/store\/wp-content\/uploads\/2020\/12\/1-ISCC-AU_10_iso.jpg","contentUrl":"https:\/\/www.xunzel.com\/store\/wp-content\/uploads\/2020\/12\/1-ISCC-AU_10_iso.jpg","width":1100,"height":1110},{"@type":"BreadcrumbList","@id":"https:\/\/www.xunzel.com\/store\/pt-pt\/producto\/iscc-au-10a-12v\/#breadcrumb","itemListElement":[{"@type":"ListItem","position":1,"name":"Portada","item":"https:\/\/www.xunzel.com\/store\/pt-pt\/"},{"@type":"ListItem","position":2,"name":"Loja","item":"https:\/\/www.xunzel.com\/store\/tienda\/"},{"@type":"ListItem","position":3,"name":"iSCC-AU 10A 12V"}]},{"@type":"WebSite","@id":"https:\/\/www.xunzel.com\/store\/pt-pt\/#website","url":"https:\/\/www.xunzel.com\/store\/pt-pt\/","name":"Xunzel","description":"Energy in a box - The Electric Revolution","publisher":{"@id":"https:\/\/www.xunzel.com\/store\/pt-pt\/#organization"},"potentialAction":[{"@type":"SearchAction","target":{"@type":"EntryPoint","urlTemplate":"https:\/\/www.xunzel.com\/store\/pt-pt\/?s={search_term_string}"},"query-input":{"@type":"PropertyValueSpecification","valueRequired":true,"valueName":"search_term_string"}}],"inLanguage":"pt-PT"},{"@type":"Organization","@id":"https:\/\/www.xunzel.com\/store\/pt-pt\/#organization","name":"Xunzel","url":"https:\/\/www.xunzel.com\/store\/pt-pt\/","logo":{"@type":"ImageObject","inLanguage":"pt-PT","@id":"https:\/\/www.xunzel.com\/store\/pt-pt\/#\/schema\/logo\/image\/","url":"https:\/\/www.xunzel.com\/store\/wp-content\/uploads\/2021\/01\/logo-xunzel-footer.png","contentUrl":"https:\/\/www.xunzel.com\/store\/wp-content\/uploads\/2021\/01\/logo-xunzel-footer.png","width":280,"height":52,"caption":"Xunzel"},"image":{"@id":"https:\/\/www.xunzel.com\/store\/pt-pt\/#\/schema\/logo\/image\/"}}]}},"_links":{"self":[{"href":"https:\/\/www.xunzel.com\/store\/pt-pt\/wp-json\/wp\/v2\/product\/12228","targetHints":{"allow":["GET"]}}],"collection":[{"href":"https:\/\/www.xunzel.com\/store\/pt-pt\/wp-json\/wp\/v2\/product"}],"about":[{"href":"https:\/\/www.xunzel.com\/store\/pt-pt\/wp-json\/wp\/v2\/types\/product"}],"wp:featuredmedia":[{"embeddable":true,"href":"https:\/\/www.xunzel.com\/store\/pt-pt\/wp-json\/wp\/v2\/media\/12232"}],"wp:attachment":[{"href":"https:\/\/www.xunzel.com\/store\/pt-pt\/wp-json\/wp\/v2\/media?parent=12228"}],"wp:term":[{"taxonomy":"product_brand","embeddable":true,"href":"https:\/\/www.xunzel.com\/store\/pt-pt\/wp-json\/wp\/v2\/product_brand?post=12228"},{"taxonomy":"product_cat","embeddable":true,"href":"https:\/\/www.xunzel.com\/store\/pt-pt\/wp-json\/wp\/v2\/product_cat?post=12228"},{"taxonomy":"product_tag","embeddable":true,"href":"https:\/\/www.xunzel.com\/store\/pt-pt\/wp-json\/wp\/v2\/product_tag?post=12228"}],"curies":[{"name":"wp","href":"https:\/\/api.w.org\/{rel}","templated":true}]}}