{"id":12157,"date":"2020-09-24T16:56:05","date_gmt":"2021-04-21T06:56:40","guid":{"rendered":"https:\/\/www.xunzel.com\/store\/?post_type=product&#038;p=12157"},"modified":"2025-08-18T09:49:58","modified_gmt":"2025-08-18T07:49:58","slug":"solarpower-10w-12v","status":"publish","type":"product","link":"https:\/\/www.xunzel.com\/store\/pt-pt\/producto\/solarpower-10w-12v\/","title":{"rendered":"SOLARPOWER 10W 12V"},"content":{"rendered":"<p>Panel solar fotovoltaico 10W de muy alta eficiencia y rendimiento.Painel solar fotovoltaico 10W de efici\u00eancia e desempenho muito elevados.<br \/>\nEspecialmente concebido para uma carga eficiente, est\u00e1vel e consistente de baterias de 12, 24 e 48V em sistemas isolados e de reserva.<br \/>\nInclui 2 metros de cabo pr\u00e9-instalado pronto a ser ligado directamente ao controlador de carga. Instala\u00e7\u00e3o garantida, segura e que poupa tempo.<br \/>\nFabricado com materiais de alta qualidade. Design dur\u00e1vel e resistente \u00e0 corros\u00e3o e \u00e0s condi\u00e7\u00f5es mais extremas. IP67.<br \/>\nSOLARPOWER XUNZEL c\u00e9lulas solares. Estrutura de alum\u00ednio anodizado e moldado a frio com muito alta resist\u00eancia mec\u00e2nica e resistente \u00e0 corros\u00e3o. Vidro frontal especial solar e temperado, resistente ao granizo e de m\u00e1xima seguran\u00e7a.<br \/>\nDimens\u00f5es optimizadas. Moldura fina de 25mm.<br \/>\nTens\u00e3o muito baixa. Seguro. Classe II.<br \/>\nEmbalagem de protec\u00e7\u00e3o individual.<br \/>\nPainel concebido para gerar mais de 25 anos (desempenho linear).<\/p>\n<p>A XUNZEL projecta e fabrica os seus pain\u00e9is solares de tal forma que:<\/p>\n<ul>\n<li>S\u00e3o resistentes ao sombreamento e ao fen\u00f3meno &#8220;Hot-Spot&#8221; (gra\u00e7as aos seus d\u00edodos de desvio integrados) \u00de gera\u00e7\u00e3o superior.<\/li>\n<li>Est\u00e3o livres de &#8220;micro-fendas&#8221;. Os pain\u00e9is s\u00e3o 100% verificados.<\/li>\n<li>Est\u00e3o livres de &#8220;snail-trail&#8221; devido \u00e0 excelente qualidade do encapsulante e processo de fabrica\u00e7\u00e3o livre de impurezas.<\/li>\n<li>Est\u00e3o livres de efeito PID (Potential Induced Degradation).<\/li>\n<li>Est\u00e3o livres de contamina\u00e7\u00e3o interna e poss\u00edvel delamina\u00e7\u00e3o.<\/li>\n<li>S\u00e3o resistentes \u00e0 corros\u00e3o (em ambientes marinhos, am\u00f3nio, areia e p\u00f3).<\/li>\n<\/ul>\n<p>Painel solar fotovoltaico fabricado em conformidade com as normas IEC 61215:2016 e IEC 61730:2016.<\/p>\n","protected":false},"excerpt":{"rendered":"<p>Painel solar fotovoltaico 10W de efici\u00eancia e desempenho muito elevados.<br \/>\nEspecialmente concebido para uma carga eficiente, est\u00e1vel e consistente de baterias de 12, 24 e 48V em sistemas isolados e de reserva.<br \/>\nInclui 2 metros de cabo solar pr\u00e9-instalado pronto a ligar-se directamente ao controlador de carga. Instala\u00e7\u00e3o com economia de tempo garantida.<br \/>\nFabricado com materiais de alta qualidade. Design dur\u00e1vel e resistente \u00e0 corros\u00e3o e \u00e0s condi\u00e7\u00f5es mais extremas. IP67. C\u00e9lulas Solares SOLARPOWER XUNZEL. Estrutura de alum\u00ednio anodizado e conformado em frio resistente \u00e0 corros\u00e3o . Vidro frontal especial solar e temperado, resistente ao granizo e m\u00e1xima seguran\u00e7a.<br \/>\nDimens\u00f5es optimizadas. 240x340x25mm.<\/p>\n<p><span class=\"shared-files-shortcode-admin-list shared-files-shortcode-admin-list-file shared-files-shortcode-15085\" title=\"[shared_files file_id=15085]\">[shared_files file_id=15085]<\/span><\/p>\n","protected":false},"featured_media":12170,"template":"","meta":{"_acf_changed":false},"product_brand":[],"product_cat":[282],"product_tag":[],"class_list":{"0":"post-12157","1":"product","2":"type-product","3":"status-publish","4":"has-post-thumbnail","6":"product_cat-solarpower-series","8":"first","9":"instock","10":"taxable","11":"shipping-taxable","12":"purchasable","13":"product-type-simple"},"acf":[],"yoast_head":"<!-- This site is optimized with the Yoast SEO plugin v25.4 - https:\/\/yoast.com\/wordpress\/plugins\/seo\/ -->\n<title>SOLARPOWER 10W 12V &#8211; Xunzel<\/title>\n<meta name=\"robots\" content=\"index, follow, max-snippet:-1, max-image-preview:large, max-video-preview:-1\" \/>\n<link rel=\"canonical\" href=\"https:\/\/www.xunzel.com\/store\/pt-pt\/producto\/solarpower-10w-12v\/\" \/>\n<meta property=\"og:locale\" content=\"pt_PT\" \/>\n<meta property=\"og:type\" content=\"article\" \/>\n<meta property=\"og:title\" content=\"SOLARPOWER 10W 12V &#8211; Xunzel\" \/>\n<meta property=\"og:description\" content=\"Painel solar fotovoltaico 10W de efici\u00eancia e desempenho muito elevados. Especialmente concebido para uma carga eficiente, est\u00e1vel e consistente de baterias de 12, 24 e 48V em sistemas isolados e de reserva. Inclui 2 metros de cabo solar pr\u00e9-instalado pronto a ligar-se directamente ao controlador de carga. Instala\u00e7\u00e3o com economia de tempo garantida. Fabricado com materiais de alta qualidade. Design dur\u00e1vel e resistente \u00e0 corros\u00e3o e \u00e0s condi\u00e7\u00f5es mais extremas. IP67. C\u00e9lulas Solares SOLARPOWER XUNZEL. Estrutura de alum\u00ednio anodizado e conformado em frio resistente \u00e0 corros\u00e3o . Vidro frontal especial solar e temperado, resistente ao granizo e m\u00e1xima seguran\u00e7a. Dimens\u00f5es optimizadas. 240x340x25mm.\" \/>\n<meta property=\"og:url\" content=\"https:\/\/www.xunzel.com\/store\/pt-pt\/producto\/solarpower-10w-12v\/\" \/>\n<meta property=\"og:site_name\" content=\"Xunzel\" \/>\n<meta property=\"article:modified_time\" content=\"2025-08-18T07:49:58+00:00\" \/>\n<meta property=\"og:image\" content=\"https:\/\/www.xunzel.com\/store\/wp-content\/uploads\/2020\/09\/1-SOLARPOWER_ISO-10W.jpg\" \/>\n\t<meta property=\"og:image:width\" content=\"1100\" \/>\n\t<meta property=\"og:image:height\" content=\"1110\" \/>\n\t<meta property=\"og:image:type\" content=\"image\/jpeg\" \/>\n<meta name=\"twitter:card\" content=\"summary_large_image\" \/>\n<meta name=\"twitter:label1\" content=\"Tempo estimado de leitura\" \/>\n\t<meta name=\"twitter:data1\" content=\"2 minutos\" \/>\n<script type=\"application\/ld+json\" class=\"yoast-schema-graph\">{\"@context\":\"https:\/\/schema.org\",\"@graph\":[{\"@type\":\"WebPage\",\"@id\":\"https:\/\/www.xunzel.com\/store\/pt-pt\/producto\/solarpower-10w-12v\/\",\"url\":\"https:\/\/www.xunzel.com\/store\/pt-pt\/producto\/solarpower-10w-12v\/\",\"name\":\"SOLARPOWER 10W 12V &#8211; Xunzel\",\"isPartOf\":{\"@id\":\"https:\/\/www.xunzel.com\/store\/pt-pt\/#website\"},\"primaryImageOfPage\":{\"@id\":\"https:\/\/www.xunzel.com\/store\/pt-pt\/producto\/solarpower-10w-12v\/#primaryimage\"},\"image\":{\"@id\":\"https:\/\/www.xunzel.com\/store\/pt-pt\/producto\/solarpower-10w-12v\/#primaryimage\"},\"thumbnailUrl\":\"https:\/\/www.xunzel.com\/store\/wp-content\/uploads\/2020\/09\/1-SOLARPOWER_ISO-10W.jpg\",\"datePublished\":\"2021-04-21T06:56:40+00:00\",\"dateModified\":\"2025-08-18T07:49:58+00:00\",\"breadcrumb\":{\"@id\":\"https:\/\/www.xunzel.com\/store\/pt-pt\/producto\/solarpower-10w-12v\/#breadcrumb\"},\"inLanguage\":\"pt-PT\",\"potentialAction\":[{\"@type\":\"ReadAction\",\"target\":[\"https:\/\/www.xunzel.com\/store\/pt-pt\/producto\/solarpower-10w-12v\/\"]}]},{\"@type\":\"ImageObject\",\"inLanguage\":\"pt-PT\",\"@id\":\"https:\/\/www.xunzel.com\/store\/pt-pt\/producto\/solarpower-10w-12v\/#primaryimage\",\"url\":\"https:\/\/www.xunzel.com\/store\/wp-content\/uploads\/2020\/09\/1-SOLARPOWER_ISO-10W.jpg\",\"contentUrl\":\"https:\/\/www.xunzel.com\/store\/wp-content\/uploads\/2020\/09\/1-SOLARPOWER_ISO-10W.jpg\",\"width\":1100,\"height\":1110},{\"@type\":\"BreadcrumbList\",\"@id\":\"https:\/\/www.xunzel.com\/store\/pt-pt\/producto\/solarpower-10w-12v\/#breadcrumb\",\"itemListElement\":[{\"@type\":\"ListItem\",\"position\":1,\"name\":\"Portada\",\"item\":\"https:\/\/www.xunzel.com\/store\/pt-pt\/\"},{\"@type\":\"ListItem\",\"position\":2,\"name\":\"Loja\",\"item\":\"https:\/\/www.xunzel.com\/store\/tienda\/\"},{\"@type\":\"ListItem\",\"position\":3,\"name\":\"SOLARPOWER 10W 12V\"}]},{\"@type\":\"WebSite\",\"@id\":\"https:\/\/www.xunzel.com\/store\/pt-pt\/#website\",\"url\":\"https:\/\/www.xunzel.com\/store\/pt-pt\/\",\"name\":\"Xunzel\",\"description\":\"Energy in a box - The Electric Revolution\",\"publisher\":{\"@id\":\"https:\/\/www.xunzel.com\/store\/pt-pt\/#organization\"},\"potentialAction\":[{\"@type\":\"SearchAction\",\"target\":{\"@type\":\"EntryPoint\",\"urlTemplate\":\"https:\/\/www.xunzel.com\/store\/pt-pt\/?s={search_term_string}\"},\"query-input\":{\"@type\":\"PropertyValueSpecification\",\"valueRequired\":true,\"valueName\":\"search_term_string\"}}],\"inLanguage\":\"pt-PT\"},{\"@type\":\"Organization\",\"@id\":\"https:\/\/www.xunzel.com\/store\/pt-pt\/#organization\",\"name\":\"Xunzel\",\"url\":\"https:\/\/www.xunzel.com\/store\/pt-pt\/\",\"logo\":{\"@type\":\"ImageObject\",\"inLanguage\":\"pt-PT\",\"@id\":\"https:\/\/www.xunzel.com\/store\/pt-pt\/#\/schema\/logo\/image\/\",\"url\":\"https:\/\/www.xunzel.com\/store\/wp-content\/uploads\/2021\/01\/logo-xunzel-footer.png\",\"contentUrl\":\"https:\/\/www.xunzel.com\/store\/wp-content\/uploads\/2021\/01\/logo-xunzel-footer.png\",\"width\":280,\"height\":52,\"caption\":\"Xunzel\"},\"image\":{\"@id\":\"https:\/\/www.xunzel.com\/store\/pt-pt\/#\/schema\/logo\/image\/\"}}]}<\/script>\n<!-- \/ Yoast SEO plugin. -->","yoast_head_json":{"title":"SOLARPOWER 10W 12V &#8211; Xunzel","robots":{"index":"index","follow":"follow","max-snippet":"max-snippet:-1","max-image-preview":"max-image-preview:large","max-video-preview":"max-video-preview:-1"},"canonical":"https:\/\/www.xunzel.com\/store\/pt-pt\/producto\/solarpower-10w-12v\/","og_locale":"pt_PT","og_type":"article","og_title":"SOLARPOWER 10W 12V &#8211; Xunzel","og_description":"Painel solar fotovoltaico 10W de efici\u00eancia e desempenho muito elevados. Especialmente concebido para uma carga eficiente, est\u00e1vel e consistente de baterias de 12, 24 e 48V em sistemas isolados e de reserva. Inclui 2 metros de cabo solar pr\u00e9-instalado pronto a ligar-se directamente ao controlador de carga. Instala\u00e7\u00e3o com economia de tempo garantida. Fabricado com materiais de alta qualidade. Design dur\u00e1vel e resistente \u00e0 corros\u00e3o e \u00e0s condi\u00e7\u00f5es mais extremas. IP67. C\u00e9lulas Solares SOLARPOWER XUNZEL. Estrutura de alum\u00ednio anodizado e conformado em frio resistente \u00e0 corros\u00e3o . Vidro frontal especial solar e temperado, resistente ao granizo e m\u00e1xima seguran\u00e7a. Dimens\u00f5es optimizadas. 240x340x25mm.","og_url":"https:\/\/www.xunzel.com\/store\/pt-pt\/producto\/solarpower-10w-12v\/","og_site_name":"Xunzel","article_modified_time":"2025-08-18T07:49:58+00:00","og_image":[{"width":1100,"height":1110,"url":"https:\/\/www.xunzel.com\/store\/wp-content\/uploads\/2020\/09\/1-SOLARPOWER_ISO-10W.jpg","type":"image\/jpeg"}],"twitter_card":"summary_large_image","twitter_misc":{"Tempo estimado de leitura":"2 minutos"},"schema":{"@context":"https:\/\/schema.org","@graph":[{"@type":"WebPage","@id":"https:\/\/www.xunzel.com\/store\/pt-pt\/producto\/solarpower-10w-12v\/","url":"https:\/\/www.xunzel.com\/store\/pt-pt\/producto\/solarpower-10w-12v\/","name":"SOLARPOWER 10W 12V &#8211; Xunzel","isPartOf":{"@id":"https:\/\/www.xunzel.com\/store\/pt-pt\/#website"},"primaryImageOfPage":{"@id":"https:\/\/www.xunzel.com\/store\/pt-pt\/producto\/solarpower-10w-12v\/#primaryimage"},"image":{"@id":"https:\/\/www.xunzel.com\/store\/pt-pt\/producto\/solarpower-10w-12v\/#primaryimage"},"thumbnailUrl":"https:\/\/www.xunzel.com\/store\/wp-content\/uploads\/2020\/09\/1-SOLARPOWER_ISO-10W.jpg","datePublished":"2021-04-21T06:56:40+00:00","dateModified":"2025-08-18T07:49:58+00:00","breadcrumb":{"@id":"https:\/\/www.xunzel.com\/store\/pt-pt\/producto\/solarpower-10w-12v\/#breadcrumb"},"inLanguage":"pt-PT","potentialAction":[{"@type":"ReadAction","target":["https:\/\/www.xunzel.com\/store\/pt-pt\/producto\/solarpower-10w-12v\/"]}]},{"@type":"ImageObject","inLanguage":"pt-PT","@id":"https:\/\/www.xunzel.com\/store\/pt-pt\/producto\/solarpower-10w-12v\/#primaryimage","url":"https:\/\/www.xunzel.com\/store\/wp-content\/uploads\/2020\/09\/1-SOLARPOWER_ISO-10W.jpg","contentUrl":"https:\/\/www.xunzel.com\/store\/wp-content\/uploads\/2020\/09\/1-SOLARPOWER_ISO-10W.jpg","width":1100,"height":1110},{"@type":"BreadcrumbList","@id":"https:\/\/www.xunzel.com\/store\/pt-pt\/producto\/solarpower-10w-12v\/#breadcrumb","itemListElement":[{"@type":"ListItem","position":1,"name":"Portada","item":"https:\/\/www.xunzel.com\/store\/pt-pt\/"},{"@type":"ListItem","position":2,"name":"Loja","item":"https:\/\/www.xunzel.com\/store\/tienda\/"},{"@type":"ListItem","position":3,"name":"SOLARPOWER 10W 12V"}]},{"@type":"WebSite","@id":"https:\/\/www.xunzel.com\/store\/pt-pt\/#website","url":"https:\/\/www.xunzel.com\/store\/pt-pt\/","name":"Xunzel","description":"Energy in a box - The Electric Revolution","publisher":{"@id":"https:\/\/www.xunzel.com\/store\/pt-pt\/#organization"},"potentialAction":[{"@type":"SearchAction","target":{"@type":"EntryPoint","urlTemplate":"https:\/\/www.xunzel.com\/store\/pt-pt\/?s={search_term_string}"},"query-input":{"@type":"PropertyValueSpecification","valueRequired":true,"valueName":"search_term_string"}}],"inLanguage":"pt-PT"},{"@type":"Organization","@id":"https:\/\/www.xunzel.com\/store\/pt-pt\/#organization","name":"Xunzel","url":"https:\/\/www.xunzel.com\/store\/pt-pt\/","logo":{"@type":"ImageObject","inLanguage":"pt-PT","@id":"https:\/\/www.xunzel.com\/store\/pt-pt\/#\/schema\/logo\/image\/","url":"https:\/\/www.xunzel.com\/store\/wp-content\/uploads\/2021\/01\/logo-xunzel-footer.png","contentUrl":"https:\/\/www.xunzel.com\/store\/wp-content\/uploads\/2021\/01\/logo-xunzel-footer.png","width":280,"height":52,"caption":"Xunzel"},"image":{"@id":"https:\/\/www.xunzel.com\/store\/pt-pt\/#\/schema\/logo\/image\/"}}]}},"_links":{"self":[{"href":"https:\/\/www.xunzel.com\/store\/pt-pt\/wp-json\/wp\/v2\/product\/12157","targetHints":{"allow":["GET"]}}],"collection":[{"href":"https:\/\/www.xunzel.com\/store\/pt-pt\/wp-json\/wp\/v2\/product"}],"about":[{"href":"https:\/\/www.xunzel.com\/store\/pt-pt\/wp-json\/wp\/v2\/types\/product"}],"wp:featuredmedia":[{"embeddable":true,"href":"https:\/\/www.xunzel.com\/store\/pt-pt\/wp-json\/wp\/v2\/media\/12170"}],"wp:attachment":[{"href":"https:\/\/www.xunzel.com\/store\/pt-pt\/wp-json\/wp\/v2\/media?parent=12157"}],"wp:term":[{"taxonomy":"product_brand","embeddable":true,"href":"https:\/\/www.xunzel.com\/store\/pt-pt\/wp-json\/wp\/v2\/product_brand?post=12157"},{"taxonomy":"product_cat","embeddable":true,"href":"https:\/\/www.xunzel.com\/store\/pt-pt\/wp-json\/wp\/v2\/product_cat?post=12157"},{"taxonomy":"product_tag","embeddable":true,"href":"https:\/\/www.xunzel.com\/store\/pt-pt\/wp-json\/wp\/v2\/product_tag?post=12157"}],"curies":[{"name":"wp","href":"https:\/\/api.w.org\/{rel}","templated":true}]}}