{"id":12132,"date":"2020-09-15T14:27:12","date_gmt":"2021-04-21T06:58:05","guid":{"rendered":"https:\/\/www.xunzel.com\/store\/?post_type=product&#038;p=12132"},"modified":"2025-06-23T10:49:12","modified_gmt":"2025-06-23T08:49:12","slug":"solarlife-s-line-120-32","status":"publish","type":"product","link":"https:\/\/www.xunzel.com\/store\/pt-pt\/producto\/solarlife-s-line-120-32\/","title":{"rendered":"SOLARLIFE S-LINE 120-32"},"content":{"rendered":"<p>SOLARLIFE S-LINE 120-32. Sistema completo de ilumina\u00e7\u00e3o LED pronto para usar. Ideal para uso industrial, profissional, jardim, HORECA ou recreativo.<br \/>\nCom liga\u00e7\u00e3o autom\u00e1tica inclu\u00edda. Com fun\u00e7\u00e3o crep\u00fasculo (ligar\/desligar autom\u00e1tico) program\u00e1vel ou simplesmente lig\u00e1-lo e deslig\u00e1-lo quando se quiser.<br \/>\nCompleto. Crie o seu pr\u00f3prio sistema de ilumina\u00e7\u00e3o em qualquer lugar. Fa\u00e7a a sua ilumina\u00e7\u00e3o solar, interior ou exterior. Ultra seguro 12Vdc. F\u00e1cil de expandir e muito vers\u00e1til. Zero problemas. M\u00e1xima efici\u00eancia e seguran\u00e7a.<\/p>\n<ul>\n<li>Com painel <a href=\"https:\/\/www.xunzel.com\/store\/pt-pt\/product\/solarpower-120w-12v\/\" target=\"_blank\" rel=\"noopener\"><strong>SOLARPOWER-120W<\/strong> <\/a>(com 4 metros de cabo) de alta efici\u00eancia,<\/li>\n<li>Bateria Solar <a href=\"https:\/\/www.xunzel.com\/store\/pt-pt\/product\/solarx-48\/\" target=\"_blank\" rel=\"noopener\"><strong>SOLARX-48Ah<\/strong><\/a> de longa dura\u00e7\u00e3o (carga completa em aprox. 1 dia),<\/li>\n<li>Grinalda 32 metros com ganchos para f\u00e1cil coloca\u00e7\u00e3o e 32 tomadas para exterior e interior, com 32x <a href=\"https:\/\/www.xunzel.com\/store\/pt-pt\/led-nature\/\" target=\"_blank\" rel=\"noopener\"><strong>LED NATURE 1W-12V<\/strong> <\/a>de alto brilho e efici\u00eancia\u2502Safe e inquebr\u00e1vel: especial 12V de alta resist\u00eancia contra impactos. (Com bateria 100% carregada, total= 3200lm durante aproximadamente 12 horas).<\/li>\n<li><a href=\"https:\/\/www.xunzel.com\/store\/pt-pt\/product\/iscc-au-10a-12v\/\" target=\"_blank\" rel=\"noopener\"><strong>iSCC-AU<\/strong> <\/a>Digital Charge &amp; Discharge Controller com sa\u00edda USB 5V-2.1A. Obtenha o m\u00e1ximo desempenho e vida \u00fatil da sua bateria.<\/li>\n<li>Cabos e conectores<\/li>\n<li>Caixa XUNBOX, ideal para o armazenamento de todos os componentes.<\/li>\n<\/ul>\n","protected":false},"excerpt":{"rendered":"<p>Sistema de Ilumina\u00e7\u00e3o Solar LED com liga\u00e7\u00e3o autom\u00e1tica de alta efici\u00eancia completo. Crie o seu pr\u00f3prio sistema de ilumina\u00e7\u00e3o em qualquer lugar. Fa\u00e7a a sua ilumina\u00e7\u00e3o solar. Utiliza\u00e7\u00e3o no interior ou no exterior. Ultra seguro 12Vdc.<br \/>\nCom fun\u00e7\u00e3o de crep\u00fasculo program\u00e1vel (auto on\/off).<br \/>\nCom sa\u00edda USB 5V-2.1A para carregar dispositivos electr\u00f3nicos.<br \/>\nGrinalda resistente \u00e0 intemp\u00e9ries com 32 x LED NATURE 1W-12V de alto brilho e efici\u00eancia\u2502Safe e inquebr\u00e1vel: especial 12V de alta resist\u00eancia ao impacto. Grinalda 32 m de cabo. Com ganchos que oferecem uma grande versatilidade de coloca\u00e7\u00e3o. Fornece at\u00e9 12 horas x 3200 lm de luz (bateria 100% carregada).<\/p>\n<p><span class=\"shared-files-shortcode-admin-list shared-files-shortcode-admin-list-file shared-files-shortcode-12753\" title=\"[shared_files file_id=12753]\">[shared_files file_id=12753]<\/span><\/p>\n","protected":false},"featured_media":18722,"template":"","meta":{"_acf_changed":false},"product_brand":[],"product_cat":[273],"product_tag":[],"class_list":{"0":"post-12132","1":"product","2":"type-product","3":"status-publish","4":"has-post-thumbnail","6":"product_cat-solarlife-s-line-series","8":"first","9":"instock","10":"featured","11":"taxable","12":"shipping-taxable","13":"purchasable","14":"product-type-variable"},"acf":[],"yoast_head":"<!-- This site is optimized with the Yoast SEO plugin v25.4 - https:\/\/yoast.com\/wordpress\/plugins\/seo\/ -->\n<title>SOLARLIFE S-LINE 120-32 &#8211; Xunzel<\/title>\n<meta name=\"robots\" content=\"index, follow, max-snippet:-1, max-image-preview:large, max-video-preview:-1\" \/>\n<link rel=\"canonical\" href=\"https:\/\/www.xunzel.com\/store\/pt-pt\/producto\/solarlife-s-line-120-32\/\" \/>\n<meta property=\"og:locale\" content=\"pt_PT\" \/>\n<meta property=\"og:type\" content=\"article\" \/>\n<meta property=\"og:title\" content=\"SOLARLIFE S-LINE 120-32 &#8211; Xunzel\" \/>\n<meta property=\"og:description\" content=\"Sistema de Ilumina\u00e7\u00e3o Solar LED com liga\u00e7\u00e3o autom\u00e1tica de alta efici\u00eancia completo. Crie o seu pr\u00f3prio sistema de ilumina\u00e7\u00e3o em qualquer lugar. Fa\u00e7a a sua ilumina\u00e7\u00e3o solar. Utiliza\u00e7\u00e3o no interior ou no exterior. Ultra seguro 12Vdc. Com fun\u00e7\u00e3o de crep\u00fasculo program\u00e1vel (auto on\/off). Com sa\u00edda USB 5V-2.1A para carregar dispositivos electr\u00f3nicos. Grinalda resistente \u00e0 intemp\u00e9ries com 32 x LED NATURE 1W-12V de alto brilho e efici\u00eancia\u2502Safe e inquebr\u00e1vel: especial 12V de alta resist\u00eancia ao impacto. Grinalda 32 m de cabo. Com ganchos que oferecem uma grande versatilidade de coloca\u00e7\u00e3o. Fornece at\u00e9 12 horas x 3200 lm de luz (bateria 100% carregada).\" \/>\n<meta property=\"og:url\" content=\"https:\/\/www.xunzel.com\/store\/pt-pt\/producto\/solarlife-s-line-120-32\/\" \/>\n<meta property=\"og:site_name\" content=\"Xunzel\" \/>\n<meta property=\"article:modified_time\" content=\"2025-06-23T08:49:12+00:00\" \/>\n<meta property=\"og:image\" content=\"https:\/\/www.xunzel.com\/store\/wp-content\/uploads\/2023\/12\/S-LINE-120-32caja.jpg\" \/>\n\t<meta property=\"og:image:width\" content=\"2250\" \/>\n\t<meta property=\"og:image:height\" content=\"2250\" \/>\n\t<meta property=\"og:image:type\" content=\"image\/jpeg\" \/>\n<meta name=\"twitter:card\" content=\"summary_large_image\" \/>\n<meta name=\"twitter:label1\" content=\"Tempo estimado de leitura\" \/>\n\t<meta name=\"twitter:data1\" content=\"1 minuto\" \/>\n<script type=\"application\/ld+json\" class=\"yoast-schema-graph\">{\"@context\":\"https:\/\/schema.org\",\"@graph\":[{\"@type\":\"WebPage\",\"@id\":\"https:\/\/www.xunzel.com\/store\/pt-pt\/producto\/solarlife-s-line-120-32\/\",\"url\":\"https:\/\/www.xunzel.com\/store\/pt-pt\/producto\/solarlife-s-line-120-32\/\",\"name\":\"SOLARLIFE S-LINE 120-32 &#8211; Xunzel\",\"isPartOf\":{\"@id\":\"https:\/\/www.xunzel.com\/store\/pt-pt\/#website\"},\"primaryImageOfPage\":{\"@id\":\"https:\/\/www.xunzel.com\/store\/pt-pt\/producto\/solarlife-s-line-120-32\/#primaryimage\"},\"image\":{\"@id\":\"https:\/\/www.xunzel.com\/store\/pt-pt\/producto\/solarlife-s-line-120-32\/#primaryimage\"},\"thumbnailUrl\":\"https:\/\/www.xunzel.com\/store\/wp-content\/uploads\/2023\/12\/S-LINE-120-32caja.jpg\",\"datePublished\":\"2021-04-21T06:58:05+00:00\",\"dateModified\":\"2025-06-23T08:49:12+00:00\",\"breadcrumb\":{\"@id\":\"https:\/\/www.xunzel.com\/store\/pt-pt\/producto\/solarlife-s-line-120-32\/#breadcrumb\"},\"inLanguage\":\"pt-PT\",\"potentialAction\":[{\"@type\":\"ReadAction\",\"target\":[\"https:\/\/www.xunzel.com\/store\/pt-pt\/producto\/solarlife-s-line-120-32\/\"]}]},{\"@type\":\"ImageObject\",\"inLanguage\":\"pt-PT\",\"@id\":\"https:\/\/www.xunzel.com\/store\/pt-pt\/producto\/solarlife-s-line-120-32\/#primaryimage\",\"url\":\"https:\/\/www.xunzel.com\/store\/wp-content\/uploads\/2023\/12\/S-LINE-120-32caja.jpg\",\"contentUrl\":\"https:\/\/www.xunzel.com\/store\/wp-content\/uploads\/2023\/12\/S-LINE-120-32caja.jpg\",\"width\":2250,\"height\":2250},{\"@type\":\"BreadcrumbList\",\"@id\":\"https:\/\/www.xunzel.com\/store\/pt-pt\/producto\/solarlife-s-line-120-32\/#breadcrumb\",\"itemListElement\":[{\"@type\":\"ListItem\",\"position\":1,\"name\":\"Portada\",\"item\":\"https:\/\/www.xunzel.com\/store\/pt-pt\/\"},{\"@type\":\"ListItem\",\"position\":2,\"name\":\"Loja\",\"item\":\"https:\/\/www.xunzel.com\/store\/tienda\/\"},{\"@type\":\"ListItem\",\"position\":3,\"name\":\"SOLARLIFE S-LINE 120-32\"}]},{\"@type\":\"WebSite\",\"@id\":\"https:\/\/www.xunzel.com\/store\/pt-pt\/#website\",\"url\":\"https:\/\/www.xunzel.com\/store\/pt-pt\/\",\"name\":\"Xunzel\",\"description\":\"Energy in a box - The Electric Revolution\",\"publisher\":{\"@id\":\"https:\/\/www.xunzel.com\/store\/pt-pt\/#organization\"},\"potentialAction\":[{\"@type\":\"SearchAction\",\"target\":{\"@type\":\"EntryPoint\",\"urlTemplate\":\"https:\/\/www.xunzel.com\/store\/pt-pt\/?s={search_term_string}\"},\"query-input\":{\"@type\":\"PropertyValueSpecification\",\"valueRequired\":true,\"valueName\":\"search_term_string\"}}],\"inLanguage\":\"pt-PT\"},{\"@type\":\"Organization\",\"@id\":\"https:\/\/www.xunzel.com\/store\/pt-pt\/#organization\",\"name\":\"Xunzel\",\"url\":\"https:\/\/www.xunzel.com\/store\/pt-pt\/\",\"logo\":{\"@type\":\"ImageObject\",\"inLanguage\":\"pt-PT\",\"@id\":\"https:\/\/www.xunzel.com\/store\/pt-pt\/#\/schema\/logo\/image\/\",\"url\":\"https:\/\/www.xunzel.com\/store\/wp-content\/uploads\/2021\/01\/logo-xunzel-footer.png\",\"contentUrl\":\"https:\/\/www.xunzel.com\/store\/wp-content\/uploads\/2021\/01\/logo-xunzel-footer.png\",\"width\":280,\"height\":52,\"caption\":\"Xunzel\"},\"image\":{\"@id\":\"https:\/\/www.xunzel.com\/store\/pt-pt\/#\/schema\/logo\/image\/\"}}]}<\/script>\n<!-- \/ Yoast SEO plugin. -->","yoast_head_json":{"title":"SOLARLIFE S-LINE 120-32 &#8211; Xunzel","robots":{"index":"index","follow":"follow","max-snippet":"max-snippet:-1","max-image-preview":"max-image-preview:large","max-video-preview":"max-video-preview:-1"},"canonical":"https:\/\/www.xunzel.com\/store\/pt-pt\/producto\/solarlife-s-line-120-32\/","og_locale":"pt_PT","og_type":"article","og_title":"SOLARLIFE S-LINE 120-32 &#8211; Xunzel","og_description":"Sistema de Ilumina\u00e7\u00e3o Solar LED com liga\u00e7\u00e3o autom\u00e1tica de alta efici\u00eancia completo. Crie o seu pr\u00f3prio sistema de ilumina\u00e7\u00e3o em qualquer lugar. Fa\u00e7a a sua ilumina\u00e7\u00e3o solar. Utiliza\u00e7\u00e3o no interior ou no exterior. Ultra seguro 12Vdc. Com fun\u00e7\u00e3o de crep\u00fasculo program\u00e1vel (auto on\/off). Com sa\u00edda USB 5V-2.1A para carregar dispositivos electr\u00f3nicos. Grinalda resistente \u00e0 intemp\u00e9ries com 32 x LED NATURE 1W-12V de alto brilho e efici\u00eancia\u2502Safe e inquebr\u00e1vel: especial 12V de alta resist\u00eancia ao impacto. Grinalda 32 m de cabo. Com ganchos que oferecem uma grande versatilidade de coloca\u00e7\u00e3o. Fornece at\u00e9 12 horas x 3200 lm de luz (bateria 100% carregada).","og_url":"https:\/\/www.xunzel.com\/store\/pt-pt\/producto\/solarlife-s-line-120-32\/","og_site_name":"Xunzel","article_modified_time":"2025-06-23T08:49:12+00:00","og_image":[{"width":2250,"height":2250,"url":"https:\/\/www.xunzel.com\/store\/wp-content\/uploads\/2023\/12\/S-LINE-120-32caja.jpg","type":"image\/jpeg"}],"twitter_card":"summary_large_image","twitter_misc":{"Tempo estimado de leitura":"1 minuto"},"schema":{"@context":"https:\/\/schema.org","@graph":[{"@type":"WebPage","@id":"https:\/\/www.xunzel.com\/store\/pt-pt\/producto\/solarlife-s-line-120-32\/","url":"https:\/\/www.xunzel.com\/store\/pt-pt\/producto\/solarlife-s-line-120-32\/","name":"SOLARLIFE S-LINE 120-32 &#8211; Xunzel","isPartOf":{"@id":"https:\/\/www.xunzel.com\/store\/pt-pt\/#website"},"primaryImageOfPage":{"@id":"https:\/\/www.xunzel.com\/store\/pt-pt\/producto\/solarlife-s-line-120-32\/#primaryimage"},"image":{"@id":"https:\/\/www.xunzel.com\/store\/pt-pt\/producto\/solarlife-s-line-120-32\/#primaryimage"},"thumbnailUrl":"https:\/\/www.xunzel.com\/store\/wp-content\/uploads\/2023\/12\/S-LINE-120-32caja.jpg","datePublished":"2021-04-21T06:58:05+00:00","dateModified":"2025-06-23T08:49:12+00:00","breadcrumb":{"@id":"https:\/\/www.xunzel.com\/store\/pt-pt\/producto\/solarlife-s-line-120-32\/#breadcrumb"},"inLanguage":"pt-PT","potentialAction":[{"@type":"ReadAction","target":["https:\/\/www.xunzel.com\/store\/pt-pt\/producto\/solarlife-s-line-120-32\/"]}]},{"@type":"ImageObject","inLanguage":"pt-PT","@id":"https:\/\/www.xunzel.com\/store\/pt-pt\/producto\/solarlife-s-line-120-32\/#primaryimage","url":"https:\/\/www.xunzel.com\/store\/wp-content\/uploads\/2023\/12\/S-LINE-120-32caja.jpg","contentUrl":"https:\/\/www.xunzel.com\/store\/wp-content\/uploads\/2023\/12\/S-LINE-120-32caja.jpg","width":2250,"height":2250},{"@type":"BreadcrumbList","@id":"https:\/\/www.xunzel.com\/store\/pt-pt\/producto\/solarlife-s-line-120-32\/#breadcrumb","itemListElement":[{"@type":"ListItem","position":1,"name":"Portada","item":"https:\/\/www.xunzel.com\/store\/pt-pt\/"},{"@type":"ListItem","position":2,"name":"Loja","item":"https:\/\/www.xunzel.com\/store\/tienda\/"},{"@type":"ListItem","position":3,"name":"SOLARLIFE S-LINE 120-32"}]},{"@type":"WebSite","@id":"https:\/\/www.xunzel.com\/store\/pt-pt\/#website","url":"https:\/\/www.xunzel.com\/store\/pt-pt\/","name":"Xunzel","description":"Energy in a box - The Electric Revolution","publisher":{"@id":"https:\/\/www.xunzel.com\/store\/pt-pt\/#organization"},"potentialAction":[{"@type":"SearchAction","target":{"@type":"EntryPoint","urlTemplate":"https:\/\/www.xunzel.com\/store\/pt-pt\/?s={search_term_string}"},"query-input":{"@type":"PropertyValueSpecification","valueRequired":true,"valueName":"search_term_string"}}],"inLanguage":"pt-PT"},{"@type":"Organization","@id":"https:\/\/www.xunzel.com\/store\/pt-pt\/#organization","name":"Xunzel","url":"https:\/\/www.xunzel.com\/store\/pt-pt\/","logo":{"@type":"ImageObject","inLanguage":"pt-PT","@id":"https:\/\/www.xunzel.com\/store\/pt-pt\/#\/schema\/logo\/image\/","url":"https:\/\/www.xunzel.com\/store\/wp-content\/uploads\/2021\/01\/logo-xunzel-footer.png","contentUrl":"https:\/\/www.xunzel.com\/store\/wp-content\/uploads\/2021\/01\/logo-xunzel-footer.png","width":280,"height":52,"caption":"Xunzel"},"image":{"@id":"https:\/\/www.xunzel.com\/store\/pt-pt\/#\/schema\/logo\/image\/"}}]}},"_links":{"self":[{"href":"https:\/\/www.xunzel.com\/store\/pt-pt\/wp-json\/wp\/v2\/product\/12132","targetHints":{"allow":["GET"]}}],"collection":[{"href":"https:\/\/www.xunzel.com\/store\/pt-pt\/wp-json\/wp\/v2\/product"}],"about":[{"href":"https:\/\/www.xunzel.com\/store\/pt-pt\/wp-json\/wp\/v2\/types\/product"}],"wp:featuredmedia":[{"embeddable":true,"href":"https:\/\/www.xunzel.com\/store\/pt-pt\/wp-json\/wp\/v2\/media\/18722"}],"wp:attachment":[{"href":"https:\/\/www.xunzel.com\/store\/pt-pt\/wp-json\/wp\/v2\/media?parent=12132"}],"wp:term":[{"taxonomy":"product_brand","embeddable":true,"href":"https:\/\/www.xunzel.com\/store\/pt-pt\/wp-json\/wp\/v2\/product_brand?post=12132"},{"taxonomy":"product_cat","embeddable":true,"href":"https:\/\/www.xunzel.com\/store\/pt-pt\/wp-json\/wp\/v2\/product_cat?post=12132"},{"taxonomy":"product_tag","embeddable":true,"href":"https:\/\/www.xunzel.com\/store\/pt-pt\/wp-json\/wp\/v2\/product_tag?post=12132"}],"curies":[{"name":"wp","href":"https:\/\/api.w.org\/{rel}","templated":true}]}}